{"id":67142,"date":"2025-10-10T16:57:56","date_gmt":"2025-10-10T14:57:56","guid":{"rendered":"https:\/\/iguanasmoke.com\/?post_type=product&#038;p=67142"},"modified":"2026-03-19T13:51:34","modified_gmt":"2026-03-19T12:51:34","slug":"hashish-cbd-carte-dor","status":"publish","type":"product","link":"https:\/\/iguanasmoke.com\/it\/producto\/hash-cbd-carte-dor\/","title":{"rendered":"Hash CBD Carte D'or 43%"},"content":{"rendered":"<h1><span style=\"font-weight: 400;\">Hash CBD Carte D'Or 43%: capolavoro d'oro<\/span><\/h1>\n<p><span style=\"font-weight: 400;\">Benvenuti in una nuova esperienza di qualit\u00e0 superiore con il modello <strong>Hash CBD Carte D'Or<\/strong>. Questo hashish sta rivoluzionando il mercato perch\u00e9 contiene un <strong>43% di CBD <\/strong>ed \u00e8 un<strong> hashish senza THC<\/strong> e vi offre una combinazione unica di propriet\u00e0 rilassanti con un profumo avvolgente: ha una <strong>finitura a mano<\/strong> degno dei palati pi\u00f9 professionali.<\/span><\/p>\n<p>\u00c8 ideale per chi \u00e8 alla ricerca di autenticit\u00e0 e cerca quel tocco di sapore equilibrato che ricorda il caramello fuso e la vaniglia caratteristici dei gelati famosi; il tutto con una <strong>alta concentrazione di CBD<\/strong>. <span style=\"font-weight: 400;\">Inoltre ha meno di 0,3% di THC, quindi questo hashish \u00e8 <strong>legale in Spagna e in Europa<\/strong>.<\/span><\/p>\n<p>\u00c8 molto pi\u00f9 di un semplice hashish al CBD. \u00c8 un capolavoro che combina qualit\u00e0, purezza e un aroma ineguagliabile; una scelta eccezionale sul mercato. <span style=\"font-weight: 400;\"> Scoprite la sua consistenza e assaporate i suoi aromi speziati! Scoprite perch\u00e9 il <strong>CBD Carte D'Or hashish <\/strong>\u00e8 una delle resine pi\u00f9 autentiche e di migliore qualit\u00e0 che possiate trovare se desiderate <strong>hashish CBD a basso costo<\/strong> ma premium.<\/span><\/p>\n<p>&nbsp;<\/p>\n<h2>Caratteristiche di Hash CBD Carte D'Or:<\/h2>\n<ul>\n<li><b>Aspetto e consistenza: <span style=\"font-size: 16px; font-weight: 400;\">si distingue per la sua <strong>consistenza morbida e compatta, leggermente mielata<\/strong>. Di colore marrone dorato scuro, questo hashish ha una c<strong>onsistenza allo stampaggio <\/strong>facile da usare, che riflette la cura e la precisione della sua lavorazione.\u00a0<\/span><\/b><\/li>\n<li><span style=\"font-size: 16px; font-weight: 400;\"><strong>Aroma e gusto:<\/strong> <strong>spezie pregiate<\/strong>; Con tocchi olfattivi orientali.<\/span><\/li>\n<li><strong>Origine e purezza:<\/strong><span style=\"font-size: 16px; font-weight: 400;\"> \u00c8 realizzato con <strong>metodi tradizionali <\/strong>che consentono di preservare i cannabinoidi e i terpeni naturali della canapa.\u00a0<\/span><\/li>\n<\/ul>\n<p>&nbsp;<\/p>\n<h3><b>Perch\u00e9 acquistare l'hashish di CBD <\/b>Carta d'oro <b><\/b><b>nel fumo di iguana?<\/b><\/h3>\n<p><span style=\"font-weight: 400;\">Noi di Iguana Smoke ci impegniamo per la qualit\u00e0. I nostri prodotti a base di CBD sono 100% naturali e biologici, senza sostanze chimiche o pesticidi. Ci\u00f2 significa che quando acquistate da noi, state scegliendo <strong>resina e hashish CBD puro e sicuro<\/strong>. Come nel caso del nostro <strong>CBD Carte D'Or hashish<\/strong><strong>.<\/strong><\/span><\/p>\n<p><span style=\"font-weight: 400;\">Questo \u00e8 il luogo sicuro per <strong>acquistare hashish CBD online in Spagna.<\/strong> Tutti i nostri prodotti sono approvati dall'UE, a garanzia della loro legalit\u00e0 e sicurezza. Con meno di 0,3 % di THC, \u00e8 possibile godere dei numerosi benefici del CBD senza gli effetti psicoattivi. Il nostro <strong>CBD hashish senza THC con alto contenuto di CBD<\/strong> soddisfa gli standard di qualit\u00e0, la cui analisi \u00e8 disponibile all'indirizzo<\/span><span style=\"font-weight: 400;\">\u00a0<a href=\"https:\/\/iguanasmoke.com\/it\/analitica\/\">qui<\/a>.\u00a0<\/span><\/p>\n<p><em><span style=\"font-weight: 400;\">*Nota bene: il suo utilizzo \u00e8 destinato alla raccolta o all'aromaterapia secondo la legge spagnola.\u00a0<\/span><\/em><\/p>\n<p><span style=\"font-weight: 400;\">Inoltre, se amate le nostre resine CBD pi\u00f9 tradizionali come la <a href=\"https:\/\/iguanasmoke.com\/it\/prodotto\/crema-di-hashish-cbd-nepal-20\/\">hashish CBD Nepal<\/a> o il <a href=\"https:\/\/iguanasmoke.com\/it\/prodotto\/hashish-di-cbd-a-triplo-filtro\/\">hash CBD triplo filtrato<\/a>, tu, tu <\/span><span style=\"font-weight: 400;\">ci assicuriamo che il <strong>Hash CBD Carte D'Or<\/strong>\u00a0vi far\u00e0 divertire. Inoltre, non dimenticate di provare altri <strong>Prodotti TOP<\/strong> come il <a href=\"https:\/\/iguanasmoke.com\/it\/prodotto\/resina-live-cbd-84-terpeni-live\/\">estratto da Live Resin<\/a> o il <a href=\"https:\/\/iguanasmoke.com\/it\/prodotto\/vape-cbd-full-spectrum-iguana-pod-lemon-haze\/\">Vaper CBD a spettro completo<\/a>. <\/span><span style=\"font-weight: 400;\">In breve, esplorate la nostra variet\u00e0 e trovate subito i vostri preferiti.\u00a0<\/span><\/p>\n<p>&nbsp;<\/p>\n<h3><b>Iguana Smoke \u00e8 sinonimo di qualit\u00e0 e affidabilit\u00e0.<\/b><\/h3>\n<p><span style=\"font-weight: 400;\">Noi di Iguana Smoke crediamo che il consumo di CBD debba essere un'esperienza sicura e piacevole. Ecco perch\u00e9 abbiamo prodotti di alta qualit\u00e0 che si rivolgono alle nuove generazioni: persone che cercano un benessere senza complicazioni, con marchi autentici e affidabili. Ricordate che tutti i nostri prodotti sono <strong>Hashish di CBD senza THC<\/strong>, come il <strong>Hash CBD Carte D'Or 43% <\/strong>che proverete a fare.<\/span><\/p>\n<p>La nostra missione \u00e8 chiara: offrirvi il meglio del mondo dei cannabinoidi a un prezzo equo, con la tranquillit\u00e0 che deriva dalla consapevolezza di scegliere un prodotto certificato, efficace e legale. Siamo all'avanguardia nei prodotti a base di CBD.<\/p>\n<p>Ancora dubbi? Scriveteci e saremo lieti di aiutarvi a trovare il prodotto giusto per voi.<\/p>\n<p>&nbsp;<\/p>","protected":false},"excerpt":{"rendered":"<p>Provate Hash CBD Carte D'Or, una resina di CBD unica con un aroma speciale, ideale per i coltivatori pi\u00f9 esigenti.<\/p>\n<ul>\n<li>Consistenza densa e cremosa, con un'elegante tonalit\u00e0 dorata<\/li>\n<li>Aroma delicato: terroso, con sottili note floreali<\/li>\n<li>100% legale in Spagna: THC &lt;0,3% e CBD 43%<\/li>\n<\/ul>\n<p>Analisi della qualit\u00e0: clicca <a href=\"https:\/\/iguanasmoke.com\/it\/analitica\/\">qui<\/a><\/p>","protected":false},"featured_media":81721,"comment_status":"open","ping_status":"closed","template":"","meta":{"_acf_changed":false,"site-sidebar-layout":"default","site-content-layout":"","ast-site-content-layout":"default","site-content-style":"default","site-sidebar-style":"default","ast-global-header-display":"","ast-banner-title-visibility":"","ast-main-header-display":"","ast-hfb-above-header-display":"","ast-hfb-below-header-display":"","ast-hfb-mobile-header-display":"","site-post-title":"","ast-breadcrumbs-content":"","ast-featured-img":"","footer-sml-layout":"","theme-transparent-header-meta":"default","adv-header-id-meta":"","stick-header-meta":"","header-above-stick-meta":"","header-main-stick-meta":"","header-below-stick-meta":"","astra-migrate-meta-layouts":"set","ast-page-background-enabled":"default","ast-page-background-meta":{"desktop":{"background-color":"var(--ast-global-color-4)","background-image":"","background-repeat":"repeat","background-position":"center center","background-size":"auto","background-attachment":"scroll","background-type":"","background-media":"","overlay-type":"","overlay-color":"","overlay-opacity":"","overlay-gradient":""},"tablet":{"background-color":"","background-image":"","background-repeat":"repeat","background-position":"center center","background-size":"auto","background-attachment":"scroll","background-type":"","background-media":"","overlay-type":"","overlay-color":"","overlay-opacity":"","overlay-gradient":""},"mobile":{"background-color":"","background-image":"","background-repeat":"repeat","background-position":"center center","background-size":"auto","background-attachment":"scroll","background-type":"","background-media":"","overlay-type":"","overlay-color":"","overlay-opacity":"","overlay-gradient":""}},"ast-content-background-meta":{"desktop":{"background-color":"var(--ast-global-color-5)","background-image":"","background-repeat":"repeat","background-position":"center center","background-size":"auto","background-attachment":"scroll","background-type":"","background-media":"","overlay-type":"","overlay-color":"","overlay-opacity":"","overlay-gradient":""},"tablet":{"background-color":"var(--ast-global-color-5)","background-image":"","background-repeat":"repeat","background-position":"center center","background-size":"auto","background-attachment":"scroll","background-type":"","background-media":"","overlay-type":"","overlay-color":"","overlay-opacity":"","overlay-gradient":""},"mobile":{"background-color":"var(--ast-global-color-5)","background-image":"","background-repeat":"repeat","background-position":"center center","background-size":"auto","background-attachment":"scroll","background-type":"","background-media":"","overlay-type":"","overlay-color":"","overlay-opacity":"","overlay-gradient":""}}},"product_brand":[],"product_cat":[397],"product_tag":[],"class_list":{"0":"post-67142","1":"product","2":"type-product","3":"status-publish","4":"has-post-thumbnail","6":"product_cat-hash-cbd","7":"desktop-align-center","8":"tablet-align-center","9":"mobile-align-center","11":"first","12":"instock","13":"taxable","14":"shipping-taxable","15":"purchasable","16":"product-type-variable"},"acf":[],"yoast_head":"<!-- This site is optimized with the Yoast SEO Premium plugin v27.3 (Yoast SEO v27.3) - https:\/\/yoast.com\/product\/yoast-seo-premium-wordpress\/ -->\n<title>Hash CBD Carte D&#039;or 43% | Iguana Smoke<\/title>\n<meta name=\"description\" content=\"Prueba el nuevo hash CBD Carte D&#039;Or: irresistible y potente. Compra CBD online y empieza a disfrutar de la calidad del hach\u00eds CBD Carte d&#039;or.\" \/>\n<meta name=\"robots\" content=\"index, follow, max-snippet:-1, max-image-preview:large, max-video-preview:-1\" \/>\n<link rel=\"canonical\" href=\"https:\/\/iguanasmoke.com\/it\/prodotto\/hashish-cbd-carte-dor\/\" \/>\n<meta property=\"og:locale\" content=\"it_IT\" \/>\n<meta property=\"og:type\" content=\"article\" \/>\n<meta property=\"og:title\" content=\"Hash CBD Carte D&#039;or 43%\" \/>\n<meta property=\"og:description\" content=\"Prueba el Hash CBD Carte D&#039;Or, una resina CBD \u00fanica con un aroma especial, ideal para los m\u00e1s exigentes.   Textura densa y cremosa, con un elegante tono dorado  Aroma delicado: terroso, con sutiles notas florales  100% legal en Espa\u00f1a: THC &lt;0,3% y CBD 43%  An\u00e1lisis de calidad: pincha aqu\u00ed\" \/>\n<meta property=\"og:url\" content=\"https:\/\/iguanasmoke.com\/it\/prodotto\/hashish-cbd-carte-dor\/\" \/>\n<meta property=\"og:site_name\" content=\"Iguana Smoke\" \/>\n<meta property=\"article:publisher\" content=\"https:\/\/www.facebook.com\/iguanasmoke\" \/>\n<meta property=\"article:modified_time\" content=\"2026-03-19T12:51:34+00:00\" \/>\n<meta property=\"og:image\" content=\"https:\/\/iguanasmoke.com\/wp-content\/uploads\/2025\/10\/Carte-dor-2g-con-hash.webp\" \/>\n\t<meta property=\"og:image:width\" content=\"1000\" \/>\n\t<meta property=\"og:image:height\" content=\"1000\" \/>\n\t<meta property=\"og:image:type\" content=\"image\/webp\" \/>\n<meta name=\"twitter:card\" content=\"summary_large_image\" \/>\n<meta name=\"twitter:label1\" content=\"Disponibilit\u00e0\" \/>\n\t<meta name=\"twitter:data1\" content=\"In stock\" \/>\n<meta property=\"product:brand\" content=\"variable\" \/>\n<meta property=\"og:availability\" content=\"instock\" \/>\n<meta property=\"product:availability\" content=\"instock\" \/>\n<meta property=\"product:condition\" content=\"new\" \/>\n<!-- \/ Yoast SEO Premium plugin. -->","yoast_head_json":{"title":"Hash CBD Carte D'or 43% | Iguana Smoke","description":"Provate il nuovo hashish Carte D'Or CBD: irresistibile e potente. Acquistate CBD online e iniziate a godere della qualit\u00e0 dell'hashish Carte d'Or CBD.","robots":{"index":"index","follow":"follow","max-snippet":"max-snippet:-1","max-image-preview":"max-image-preview:large","max-video-preview":"max-video-preview:-1"},"canonical":"https:\/\/iguanasmoke.com\/it\/prodotto\/hashish-cbd-carte-dor\/","og_locale":"it_IT","og_type":"article","og_title":"Hash CBD Carte D'or 43%","og_description":"Prueba el Hash CBD Carte D'Or, una resina CBD \u00fanica con un aroma especial, ideal para los m\u00e1s exigentes.   Textura densa y cremosa, con un elegante tono dorado  Aroma delicado: terroso, con sutiles notas florales  100% legal en Espa\u00f1a: THC &lt;0,3% y CBD 43%  An\u00e1lisis de calidad: pincha aqu\u00ed","og_url":"https:\/\/iguanasmoke.com\/it\/prodotto\/hashish-cbd-carte-dor\/","og_site_name":"Iguana Smoke","article_publisher":"https:\/\/www.facebook.com\/iguanasmoke","article_modified_time":"2026-03-19T12:51:34+00:00","og_image":[{"width":1000,"height":1000,"url":"https:\/\/iguanasmoke.com\/wp-content\/uploads\/2025\/10\/Carte-dor-2g-con-hash.webp","type":"image\/webp"}],"twitter_card":"summary_large_image","twitter_misc":{"Disponibilit\u00e0":"In stock"},"schema":{"@context":"https:\/\/schema.org","@graph":[{"@type":"WebPage","@id":"https:\/\/iguanasmoke.com\/producto\/hash-cbd-carte-dor\/","url":"https:\/\/iguanasmoke.com\/producto\/hash-cbd-carte-dor\/","name":"Hash CBD Carte D'or 43% | Iguana Smoke","isPartOf":{"@id":"https:\/\/iguanasmoke.com\/#website"},"primaryImageOfPage":{"@id":"https:\/\/iguanasmoke.com\/producto\/hash-cbd-carte-dor\/#primaryimage"},"image":{"@id":"https:\/\/iguanasmoke.com\/producto\/hash-cbd-carte-dor\/#primaryimage"},"thumbnailUrl":"https:\/\/iguanasmoke.com\/wp-content\/uploads\/2025\/10\/Carte-dor-2g-con-hash.webp","datePublished":"2025-10-10T14:57:56+00:00","dateModified":"2026-03-19T12:51:34+00:00","description":"Provate il nuovo hashish Carte D'Or CBD: irresistibile e potente. Acquistate CBD online e iniziate a godere della qualit\u00e0 dell'hashish Carte d'Or CBD.","breadcrumb":{"@id":"https:\/\/iguanasmoke.com\/producto\/hash-cbd-carte-dor\/#breadcrumb"},"inLanguage":"it-IT","potentialAction":[{"@type":"ReadAction","target":["https:\/\/iguanasmoke.com\/producto\/hash-cbd-carte-dor\/"]}]},{"@type":"ImageObject","inLanguage":"it-IT","@id":"https:\/\/iguanasmoke.com\/producto\/hash-cbd-carte-dor\/#primaryimage","url":"https:\/\/iguanasmoke.com\/wp-content\/uploads\/2025\/10\/Carte-dor-2g-con-hash.webp","contentUrl":"https:\/\/iguanasmoke.com\/wp-content\/uploads\/2025\/10\/Carte-dor-2g-con-hash.webp","width":1000,"height":1000,"caption":"Hash CBD Carte D'or-2g"},{"@type":"BreadcrumbList","@id":"https:\/\/iguanasmoke.com\/producto\/hash-cbd-carte-dor\/#breadcrumb","itemListElement":[{"@type":"ListItem","position":1,"name":"home","item":"https:\/\/iguanasmoke.com\/"},{"@type":"ListItem","position":2,"name":"Tienda","item":"https:\/\/iguanasmoke.com\/tienda\/"},{"@type":"ListItem","position":3,"name":"Hash CBD","item":"https:\/\/iguanasmoke.com\/categoria\/hash-cbd\/"},{"@type":"ListItem","position":4,"name":"Hash CBD Carte D&#8217;or 43%"}]},{"@type":"WebSite","@id":"https:\/\/iguanasmoke.com\/#website","url":"https:\/\/iguanasmoke.com\/","name":"Fumo di iguana","description":"Acquistare CBD online al miglior prezzo","publisher":{"@id":"https:\/\/iguanasmoke.com\/#organization"},"potentialAction":[{"@type":"SearchAction","target":{"@type":"EntryPoint","urlTemplate":"https:\/\/iguanasmoke.com\/?s={search_term_string}"},"query-input":{"@type":"PropertyValueSpecification","valueRequired":true,"valueName":"search_term_string"}}],"inLanguage":"it-IT"},{"@type":"Organization","@id":"https:\/\/iguanasmoke.com\/#organization","name":"Fumo di iguana","url":"https:\/\/iguanasmoke.com\/","logo":{"@type":"ImageObject","inLanguage":"it-IT","@id":"https:\/\/iguanasmoke.com\/#\/schema\/logo\/image\/","url":"https:\/\/iguanasmoke.com\/wp-content\/uploads\/2025\/01\/logoiguana-favi-1.png","contentUrl":"https:\/\/iguanasmoke.com\/wp-content\/uploads\/2025\/01\/logoiguana-favi-1.png","width":512,"height":512,"caption":"Iguana Smoke"},"image":{"@id":"https:\/\/iguanasmoke.com\/#\/schema\/logo\/image\/"},"sameAs":["https:\/\/www.facebook.com\/iguanasmoke","https:\/\/www.instagram.com\/iguanasmoke\/"]}]},"product_brand":"variable","og_availability":"instock","product_availability":"instock","product_condition":"new"},"_links":{"self":[{"href":"https:\/\/iguanasmoke.com\/it\/wp-json\/wp\/v2\/product\/67142","targetHints":{"allow":["GET"]}}],"collection":[{"href":"https:\/\/iguanasmoke.com\/it\/wp-json\/wp\/v2\/product"}],"about":[{"href":"https:\/\/iguanasmoke.com\/it\/wp-json\/wp\/v2\/types\/product"}],"replies":[{"embeddable":true,"href":"https:\/\/iguanasmoke.com\/it\/wp-json\/wp\/v2\/comments?post=67142"}],"wp:featuredmedia":[{"embeddable":true,"href":"https:\/\/iguanasmoke.com\/it\/wp-json\/wp\/v2\/media\/81721"}],"wp:attachment":[{"href":"https:\/\/iguanasmoke.com\/it\/wp-json\/wp\/v2\/media?parent=67142"}],"wp:term":[{"taxonomy":"product_brand","embeddable":true,"href":"https:\/\/iguanasmoke.com\/it\/wp-json\/wp\/v2\/product_brand?post=67142"},{"taxonomy":"product_cat","embeddable":true,"href":"https:\/\/iguanasmoke.com\/it\/wp-json\/wp\/v2\/product_cat?post=67142"},{"taxonomy":"product_tag","embeddable":true,"href":"https:\/\/iguanasmoke.com\/it\/wp-json\/wp\/v2\/product_tag?post=67142"}],"curies":[{"name":"wp","href":"https:\/\/api.w.org\/{rel}","templated":true}]}}