{"id":69671,"date":"2025-11-13T15:54:45","date_gmt":"2025-11-13T14:54:45","guid":{"rendered":"https:\/\/iguanasmoke.com\/?post_type=product&#038;p=69671"},"modified":"2026-03-16T10:48:11","modified_gmt":"2026-03-16T09:48:11","slug":"spazio-hash-bubblegum-e8h","status":"publish","type":"product","link":"https:\/\/iguanasmoke.com\/it\/producto\/space-hash-bubblegum-e8h\/","title":{"rendered":"Spazio Hash Bubblegum E8H"},"content":{"rendered":"<h1><span style=\"font-weight: 400\">Space Hash Bubblegum E8H: la nuova molecola<\/span><\/h1>\n<p><span style=\"font-weight: 400\">Benvenuti nel futuro, vi presentiamo il nuovo arrivato in famiglia. <em>Spazio Hash<\/em>, L'hashish senza THC vi far\u00e0 vivere un'esperienza che non \u00e8 di questo pianeta (hashish senza THC). Il <strong>Spazio Hash Bubblegum E8H<\/strong> \u00e8 il gioiello della corona.<\/span><\/p>\n<ul>\n<li>\u00c8 un prodotto sicuro e conforme agli standard legali, con meno di 0,3% di THC.<\/li>\n<li>Inoltre, non contiene sostanze chimiche o additivi artificiali.<\/li>\n<li>Arricchito con la molecola E8H.<\/li>\n<li>Ideale per i consumatori esigenti e gli amanti dell'hashish di qualit\u00e0 superiore.<\/li>\n<li>Qualit\u00e0 testata da laboratori indipendenti <a href=\"https:\/\/iguanasmoke.com\/it\/analisi-2\/\">qui<\/a>.<\/li>\n<\/ul>\n<p>&nbsp;<\/p>\n<h2><strong>Che cos'\u00e8 la molecola E8H?<\/strong><\/h2>\n<p><span style=\"font-weight: 400\">\u00c8 stato progettato per offrire un <strong>esperienza<\/strong> <strong>solo<\/strong>, <strong>molto simile a quello dell'HHC<\/strong>. Tuttavia, a differenza di ci\u00f2 che gi\u00e0 conoscete, questa molecola all'avanguardia offre un'esperienza unica che cambier\u00e0 le vostre aspettative: \u00e8 il vostro hashish senza THC. <\/span><\/p>\n<p><span style=\"font-weight: 400\">\u00c8 unico, bisogna provarlo per sperimentarlo! Il suo recente sviluppo lo colloca in un quadro normativo in evoluzione, aprendo nuove possibilit\u00e0 nel mondo del vaping. <\/span><\/p>\n<p><span style=\"font-weight: 400\">Sebbene gli effetti possano variare da persona a persona, le esperienze spesso includono:<\/span><\/p>\n<ul>\n<li>Esperienze simili a quelle del THC, una sensazione piacevole.<\/li>\n<li>Rilassamento generale e riduzione dello stress<\/li>\n<li>Sensazione di calma o benessere.<\/li>\n<\/ul>\n<p>&nbsp;<\/p>\n<h2>Caratteristiche di Space Hash Bubblegum E8H:<\/h2>\n<ul>\n<li><span style=\"font-size: 16px;font-weight: 400\"><strong>Aroma e gusto:<\/strong> Emette un <strong>aroma e gusto sottili<\/strong> <strong>busta<\/strong> fin dall'inizio, che non \u00e8 stucchevole. Gustoso ed equilibrato nel suo effetto.<\/span><\/li>\n<li><strong>Origine e purezza:<\/strong> <span style=\"font-size: 16px;font-weight: 400\">Questa resina di elevata purezza cattura i tricomi dei migliori fiori freschi (da ghiaccio e acqua). Un'estrazione pulita che preserva tutti i terpeni della cannabis. A questa viene aggiunto l'E8H, un cannabinoide simile all'HHC, per creare un hashish unico.<\/span><\/li>\n<li><span style=\"font-size: 16px;font-weight: 400\"><strong>Aspetto e consistenza:<\/strong>\u00a0 Il suo colore marrone scuro e l'aspetto compatto ma modellabile lo rendono un hashish attraente per chi apprezza la qualit\u00e0 visiva. Con una consistenza facile da maneggiare, \u00e8 perfetto da gustare da solo o in compagnia.\u00a0<\/span><\/li>\n<\/ul>\n<p>&nbsp;<\/p>\n<h3><b>Perch\u00e9 acquistare hashish e resina E8H da Iguana Smoke?<\/b><\/h3>\n<p><span style=\"font-weight: 400\">Noi di Iguana Smoke ci impegniamo per la qualit\u00e0. I nostri prodotti E8H combinano il meglio dei due mondi: la canapa naturale 100% e i cannabinoidi pi\u00f9 innovativi, offrendo un'alternativa sicura e legale senza effetti psicoattivi. <\/span><strong>Space Hash Bubblegum E8H si distingue davvero nel mondo dei cannabinoidi ed \u00e8 un hashish senza THC.<\/strong><\/p>\n<p>Siate certi che ogni unit\u00e0 del nostro hashish E8H \u00e8 prodotta con materie prime ecologiche e viene sottoposta a test di laboratorio per garantire purezza e sicurezza.<span style=\"font-weight: 400\"> Ricordate che Iguana Smoke \u00e8 il vostro posto sicuro. <strong>dove acquistare CBD hashish e E8H in Spagna: <\/strong>Prodotti approvati dall'UE, con meno di 0,3 % THC, per un'esperienza autentica e legale.\u00a0<\/span><\/p>\n<p><span style=\"font-weight: 400\">\u00c8 possibile consultare l'analisi della qualit\u00e0 di questo hashish <a href=\"https:\/\/iguanasmoke.com\/it\/analitica\/\">qui<\/a>.\u00a0<\/span><\/p>\n<p><span style=\"font-weight: 400\">Inoltre, se amate le nostre resine CBD pi\u00f9 tradizionali come la <a href=\"https:\/\/iguanasmoke.com\/it\/prodotto\/hash-cbd-amnesia\/\">hashish amnesia cbd<\/a> voi <\/span><span style=\"font-weight: 400\">ci assicuriamo che il <strong>Spazio Hash Bubblegum E8H<\/strong> vi chiarir\u00e0 i sensi. Inoltre, non dimenticate di provare altri prodotti TOP come il <a href=\"https:\/\/iguanasmoke.com\/it\/prodotto\/flor-gelato-stv-20\/\">Fiori STV 20%<\/a> e il <a href=\"https:\/\/iguanasmoke.com\/it\/categoria\/nuove-molecole\/\">Spazio Vapes E8H<\/a>. <\/span><\/p>\n<p><span style=\"font-weight: 400\">In breve, esplorate la nostra variet\u00e0 e trovate subito i vostri preferiti.\u00a0<\/span><\/p>\n<p>&nbsp;<\/p>\n<h3><b>Iguana Smoke \u00e8 sinonimo di qualit\u00e0 e affidabilit\u00e0.<\/b><\/h3>\n<p><span style=\"font-weight: 400\">Noi di Iguana Smoke crediamo che l'E8H debba essere un'esperienza sicura e piacevole. Ecco perch\u00e9 abbiamo prodotti di alta qualit\u00e0 che si rivolgono alle nuove generazioni: persone che cercano il benessere senza complicazioni, con marchi autentici e affidabili. Ricordate che tutti i nostri prodotti sono hashish<strong>\u00a0Senza THC, HHC e THCP<\/strong>, come il <strong>Spazio Hash Bubblegum E8H <\/strong>che state per portare a casa.<\/span><\/p>\n<p>La nostra missione \u00e8 chiara: offrirvi il meglio del mondo dei cannabinoidi a un prezzo equo, con la tranquillit\u00e0 che deriva dalla consapevolezza di scegliere un prodotto certificato, efficace e legale. Siamo all'avanguardia nei prodotti a base di CBD.<\/p>\n<p>Ancora dubbi? Scriveteci e saremo lieti di aiutarvi a trovare il prodotto giusto per voi.<\/p>\n<p>&nbsp;<\/p>\n<p>*<em><span style=\"font-weight: 400\">Ricordate: il suo uso \u00e8 destinato al collezionismo o all'aromaterapia secondo la legge spagnola.\u00a0<\/span><\/em><\/p>","protected":false},"excerpt":{"rendered":"<p><span style=\"font-weight: 400\">Space Hash Bubblegum E8H \u00e8 aromatico e gustoso. Arricchita con la molecola E8H, vi far\u00e0 volare e divertire.\u00a0<\/span><\/p>\n<ul>\n<li><strong style=\"font-size: 16px;font-style: normal\">Colore marrone scuro e consistenza piacevole<\/strong><\/li>\n<li><strong>Meno di 0,3% THC - 100% legale in Europa<\/strong><\/li>\n<li><strong>Produzione naturale<\/strong>- Senza pesticidi o sostanze chimiche artificiali<\/li>\n<\/ul>\n<p>Analisi della qualit\u00e0: clicca\u00a0<a href=\"https:\/\/iguanasmoke.com\/it\/analitica\/\" target=\"_blank\" rel=\"noopener\">qui<\/a><\/p>","protected":false},"featured_media":69675,"comment_status":"open","ping_status":"closed","template":"","meta":{"_acf_changed":false,"site-sidebar-layout":"default","site-content-layout":"","ast-site-content-layout":"default","site-content-style":"default","site-sidebar-style":"default","ast-global-header-display":"","ast-banner-title-visibility":"","ast-main-header-display":"","ast-hfb-above-header-display":"","ast-hfb-below-header-display":"","ast-hfb-mobile-header-display":"","site-post-title":"","ast-breadcrumbs-content":"","ast-featured-img":"","footer-sml-layout":"","theme-transparent-header-meta":"default","adv-header-id-meta":"","stick-header-meta":"","header-above-stick-meta":"","header-main-stick-meta":"","header-below-stick-meta":"","astra-migrate-meta-layouts":"set","ast-page-background-enabled":"default","ast-page-background-meta":{"desktop":{"background-color":"var(--ast-global-color-4)","background-image":"","background-repeat":"repeat","background-position":"center center","background-size":"auto","background-attachment":"scroll","background-type":"","background-media":"","overlay-type":"","overlay-color":"","overlay-opacity":"","overlay-gradient":""},"tablet":{"background-color":"","background-image":"","background-repeat":"repeat","background-position":"center center","background-size":"auto","background-attachment":"scroll","background-type":"","background-media":"","overlay-type":"","overlay-color":"","overlay-opacity":"","overlay-gradient":""},"mobile":{"background-color":"","background-image":"","background-repeat":"repeat","background-position":"center center","background-size":"auto","background-attachment":"scroll","background-type":"","background-media":"","overlay-type":"","overlay-color":"","overlay-opacity":"","overlay-gradient":""}},"ast-content-background-meta":{"desktop":{"background-color":"var(--ast-global-color-5)","background-image":"","background-repeat":"repeat","background-position":"center center","background-size":"auto","background-attachment":"scroll","background-type":"","background-media":"","overlay-type":"","overlay-color":"","overlay-opacity":"","overlay-gradient":""},"tablet":{"background-color":"var(--ast-global-color-5)","background-image":"","background-repeat":"repeat","background-position":"center center","background-size":"auto","background-attachment":"scroll","background-type":"","background-media":"","overlay-type":"","overlay-color":"","overlay-opacity":"","overlay-gradient":""},"mobile":{"background-color":"var(--ast-global-color-5)","background-image":"","background-repeat":"repeat","background-position":"center center","background-size":"auto","background-attachment":"scroll","background-type":"","background-media":"","overlay-type":"","overlay-color":"","overlay-opacity":"","overlay-gradient":""}}},"product_brand":[],"product_cat":[627,397,628],"product_tag":[],"class_list":{"0":"post-69671","1":"product","2":"type-product","3":"status-publish","4":"has-post-thumbnail","6":"product_cat-e8h","7":"product_cat-hash-cbd","8":"product_cat-nuevas-moleculas","9":"desktop-align-center","10":"tablet-align-center","11":"mobile-align-center","13":"first","14":"instock","15":"taxable","16":"shipping-taxable","17":"purchasable","18":"product-type-variable"},"acf":[],"yoast_head":"<!-- This site is optimized with the Yoast SEO Premium plugin v27.3 (Yoast SEO v27.3) - https:\/\/yoast.com\/product\/yoast-seo-premium-wordpress\/ -->\n<title>Space Hash Bubblegum E8H: vive la experiencia similar al HHC<\/title>\n<meta name=\"description\" content=\"\u00a1Bienvenido al futuro con el Space Hash Bubblegum E8H! Un producto legal, seguro y lleno de sabor, es tu hach\u00eds sin THC. Prueba la alegr\u00eda sin aditivos.\" \/>\n<meta name=\"robots\" content=\"index, follow, max-snippet:-1, max-image-preview:large, max-video-preview:-1\" \/>\n<link rel=\"canonical\" href=\"https:\/\/iguanasmoke.com\/it\/prodotto\/spazio-hash-bubblegum-e8h\/\" \/>\n<meta property=\"og:locale\" content=\"it_IT\" \/>\n<meta property=\"og:type\" content=\"article\" \/>\n<meta property=\"og:title\" content=\"Space Hash Bubblegum E8H\" \/>\n<meta property=\"og:description\" content=\"El Space Hash Bubblegum E8H es arom\u00e1tico, sabroso. Enriquecido con la mol\u00e9cula E8H, que te har\u00e1 volar y disfrutar.\u00a0   Color marr\u00f3n oscuro y textura agradable  Menos de 0,3% de THC \u2013 100% legal en toda Europa  Producci\u00f3n natural\u2013 Sin pesticidas ni qu\u00edmicos artificiales  An\u00e1lisis de calidad: pincha\u00a0aqu\u00ed\" \/>\n<meta property=\"og:url\" content=\"https:\/\/iguanasmoke.com\/it\/prodotto\/spazio-hash-bubblegum-e8h\/\" \/>\n<meta property=\"og:site_name\" content=\"Iguana Smoke\" \/>\n<meta property=\"article:publisher\" content=\"https:\/\/www.facebook.com\/iguanasmoke\" \/>\n<meta property=\"article:modified_time\" content=\"2026-03-16T09:48:11+00:00\" \/>\n<meta property=\"og:image\" content=\"https:\/\/iguanasmoke.com\/wp-content\/uploads\/2025\/11\/Bubllegum-2g-con-resina.webp\" \/>\n\t<meta property=\"og:image:width\" content=\"1000\" \/>\n\t<meta property=\"og:image:height\" content=\"1000\" \/>\n\t<meta property=\"og:image:type\" content=\"image\/webp\" \/>\n<meta name=\"twitter:card\" content=\"summary_large_image\" \/>\n<meta name=\"twitter:label1\" content=\"Disponibilit\u00e0\" \/>\n\t<meta name=\"twitter:data1\" content=\"In stock\" \/>\n<meta property=\"product:brand\" content=\"variable\" \/>\n<meta property=\"og:availability\" content=\"instock\" \/>\n<meta property=\"product:availability\" content=\"instock\" \/>\n<meta property=\"product:condition\" content=\"new\" \/>\n<!-- \/ Yoast SEO Premium plugin. -->","yoast_head_json":{"title":"Space Hash Bubblegum E8H: vivere un'esperienza simile a quella di HHC","description":"Benvenuti nel futuro con Space Hash Bubblegum E8H! Prodotto legale, sicuro e saporito, \u00e8 il vostro hashish senza THC. Assaporate la gioia senza additivi.","robots":{"index":"index","follow":"follow","max-snippet":"max-snippet:-1","max-image-preview":"max-image-preview:large","max-video-preview":"max-video-preview:-1"},"canonical":"https:\/\/iguanasmoke.com\/it\/prodotto\/spazio-hash-bubblegum-e8h\/","og_locale":"it_IT","og_type":"article","og_title":"Space Hash Bubblegum E8H","og_description":"El Space Hash Bubblegum E8H es arom\u00e1tico, sabroso. Enriquecido con la mol\u00e9cula E8H, que te har\u00e1 volar y disfrutar.\u00a0   Color marr\u00f3n oscuro y textura agradable  Menos de 0,3% de THC \u2013 100% legal en toda Europa  Producci\u00f3n natural\u2013 Sin pesticidas ni qu\u00edmicos artificiales  An\u00e1lisis de calidad: pincha\u00a0aqu\u00ed","og_url":"https:\/\/iguanasmoke.com\/it\/prodotto\/spazio-hash-bubblegum-e8h\/","og_site_name":"Iguana Smoke","article_publisher":"https:\/\/www.facebook.com\/iguanasmoke","article_modified_time":"2026-03-16T09:48:11+00:00","og_image":[{"width":1000,"height":1000,"url":"https:\/\/iguanasmoke.com\/wp-content\/uploads\/2025\/11\/Bubllegum-2g-con-resina.webp","type":"image\/webp"}],"twitter_card":"summary_large_image","twitter_misc":{"Disponibilit\u00e0":"In stock"},"schema":{"@context":"https:\/\/schema.org","@graph":[{"@type":"WebPage","@id":"https:\/\/iguanasmoke.com\/producto\/space-hash-bubblegum-e8h\/","url":"https:\/\/iguanasmoke.com\/producto\/space-hash-bubblegum-e8h\/","name":"Space Hash Bubblegum E8H: vivere un'esperienza simile a quella di HHC","isPartOf":{"@id":"https:\/\/iguanasmoke.com\/#website"},"primaryImageOfPage":{"@id":"https:\/\/iguanasmoke.com\/producto\/space-hash-bubblegum-e8h\/#primaryimage"},"image":{"@id":"https:\/\/iguanasmoke.com\/producto\/space-hash-bubblegum-e8h\/#primaryimage"},"thumbnailUrl":"https:\/\/iguanasmoke.com\/wp-content\/uploads\/2025\/11\/Bubllegum-2g-con-resina.webp","datePublished":"2025-11-13T14:54:45+00:00","dateModified":"2026-03-16T09:48:11+00:00","description":"Benvenuti nel futuro con Space Hash Bubblegum E8H! Prodotto legale, sicuro e saporito, \u00e8 il vostro hashish senza THC. Assaporate la gioia senza additivi.","breadcrumb":{"@id":"https:\/\/iguanasmoke.com\/producto\/space-hash-bubblegum-e8h\/#breadcrumb"},"inLanguage":"it-IT","potentialAction":[{"@type":"ReadAction","target":["https:\/\/iguanasmoke.com\/producto\/space-hash-bubblegum-e8h\/"]}]},{"@type":"ImageObject","inLanguage":"it-IT","@id":"https:\/\/iguanasmoke.com\/producto\/space-hash-bubblegum-e8h\/#primaryimage","url":"https:\/\/iguanasmoke.com\/wp-content\/uploads\/2025\/11\/Bubllegum-2g-con-resina.webp","contentUrl":"https:\/\/iguanasmoke.com\/wp-content\/uploads\/2025\/11\/Bubllegum-2g-con-resina.webp","width":1000,"height":1000,"caption":"Space hash bubblegum E8H comprar hachis legal."},{"@type":"BreadcrumbList","@id":"https:\/\/iguanasmoke.com\/producto\/space-hash-bubblegum-e8h\/#breadcrumb","itemListElement":[{"@type":"ListItem","position":1,"name":"home","item":"https:\/\/iguanasmoke.com\/"},{"@type":"ListItem","position":2,"name":"Tienda","item":"https:\/\/iguanasmoke.com\/tienda\/"},{"@type":"ListItem","position":3,"name":"Nuevas Mol\u00e9culas","item":"https:\/\/iguanasmoke.com\/categoria\/nuevas-moleculas\/"},{"@type":"ListItem","position":4,"name":"E8H","item":"https:\/\/iguanasmoke.com\/categoria\/nuevas-moleculas\/e8h\/"},{"@type":"ListItem","position":5,"name":"Space Hash Bubblegum E8H"}]},{"@type":"WebSite","@id":"https:\/\/iguanasmoke.com\/#website","url":"https:\/\/iguanasmoke.com\/","name":"Fumo di iguana","description":"Acquistare CBD online al miglior prezzo","publisher":{"@id":"https:\/\/iguanasmoke.com\/#organization"},"potentialAction":[{"@type":"SearchAction","target":{"@type":"EntryPoint","urlTemplate":"https:\/\/iguanasmoke.com\/?s={search_term_string}"},"query-input":{"@type":"PropertyValueSpecification","valueRequired":true,"valueName":"search_term_string"}}],"inLanguage":"it-IT"},{"@type":"Organization","@id":"https:\/\/iguanasmoke.com\/#organization","name":"Fumo di iguana","url":"https:\/\/iguanasmoke.com\/","logo":{"@type":"ImageObject","inLanguage":"it-IT","@id":"https:\/\/iguanasmoke.com\/#\/schema\/logo\/image\/","url":"https:\/\/iguanasmoke.com\/wp-content\/uploads\/2025\/01\/logoiguana-favi-1.png","contentUrl":"https:\/\/iguanasmoke.com\/wp-content\/uploads\/2025\/01\/logoiguana-favi-1.png","width":512,"height":512,"caption":"Iguana Smoke"},"image":{"@id":"https:\/\/iguanasmoke.com\/#\/schema\/logo\/image\/"},"sameAs":["https:\/\/www.facebook.com\/iguanasmoke","https:\/\/www.instagram.com\/iguanasmoke\/"]}]},"product_brand":"variable","og_availability":"instock","product_availability":"instock","product_condition":"new"},"_links":{"self":[{"href":"https:\/\/iguanasmoke.com\/it\/wp-json\/wp\/v2\/product\/69671","targetHints":{"allow":["GET"]}}],"collection":[{"href":"https:\/\/iguanasmoke.com\/it\/wp-json\/wp\/v2\/product"}],"about":[{"href":"https:\/\/iguanasmoke.com\/it\/wp-json\/wp\/v2\/types\/product"}],"replies":[{"embeddable":true,"href":"https:\/\/iguanasmoke.com\/it\/wp-json\/wp\/v2\/comments?post=69671"}],"wp:featuredmedia":[{"embeddable":true,"href":"https:\/\/iguanasmoke.com\/it\/wp-json\/wp\/v2\/media\/69675"}],"wp:attachment":[{"href":"https:\/\/iguanasmoke.com\/it\/wp-json\/wp\/v2\/media?parent=69671"}],"wp:term":[{"taxonomy":"product_brand","embeddable":true,"href":"https:\/\/iguanasmoke.com\/it\/wp-json\/wp\/v2\/product_brand?post=69671"},{"taxonomy":"product_cat","embeddable":true,"href":"https:\/\/iguanasmoke.com\/it\/wp-json\/wp\/v2\/product_cat?post=69671"},{"taxonomy":"product_tag","embeddable":true,"href":"https:\/\/iguanasmoke.com\/it\/wp-json\/wp\/v2\/product_tag?post=69671"}],"curies":[{"name":"wp","href":"https:\/\/api.w.org\/{rel}","templated":true}]}}