{"id":73796,"date":"2026-01-08T19:29:32","date_gmt":"2026-01-08T18:29:32","guid":{"rendered":"https:\/\/iguanasmoke.com\/?post_type=product&#038;p=73796"},"modified":"2026-02-17T11:15:52","modified_gmt":"2026-02-17T10:15:52","slug":"cbd-vape-ipuff-pod-gelato-capsula-di-ricarica-1ml","status":"publish","type":"product","link":"https:\/\/iguanasmoke.com\/it\/producto\/cbd-vape-ipuff-pod-capsula-recambio-gelato-1ml\/","title":{"rendered":"Capsula di ricarica di CBD I-Puff Pod Vape - Gelato 1ml"},"content":{"rendered":"<h1 data-start=\"1609\" data-end=\"1642\"><span style=\"font-weight: 400\">Capsula di ricambio I-Puff Pod <\/span><span style=\"font-weight: 400\">Vape CBD <\/span><span style=\"font-weight: 400\">- Gelato 1ml<\/span><\/h1>\n<h3 data-start=\"335\" data-end=\"375\">CBD di qualit\u00e0 superiore con tecnologia CCELL<\/h3>\n<p><span style=\"font-weight: 400\">Godetevi un'esperienza fluida ed equilibrata con il <strong>I-Puff Pod Vape CBD Capsule di ricarica - Gelato 1ml.<\/strong>\u00a0Questo dispositivo \u00e8 stato progettato per gli utenti che sono alla ricerca di un sistema avanzato, duraturo, sostenibile e orientato a una <strong>esperienza di svapo superiore. <\/strong><\/span><\/p>\n<p><span style=\"font-weight: 400\">Grazie al formato ricaricabile, \u00e8 sufficiente sostituire l'I-puff Pod quando si esaurisce, mantenendo la stessa batteria riutilizzabile e ricaricabile. Di conseguenza, offre un <strong>un'alternativa pi\u00f9 intelligente, pulita e sostenibile<\/strong> contro i vapers usa e getta, posizionandosi come uno dei vapers pi\u00f9 popolari nel mondo. <strong>le migliori opzioni per acquistare CBD Vaper in Spagna<\/strong>.\u00a0<\/span><\/p>\n<p>&nbsp;<\/p>\n<h2><strong>Tecnologia avanzata di vaporizzazione del CBD con CCELL<\/strong><\/h2>\n<p><span style=\"font-weight: 400\">Il sistema<strong> I-Puff<\/strong> incorpora il riconosciuto <strong>Tecnologia di riscaldamento in ceramica CCELL<\/strong>, La nuova tecnologia, considerata lo standard premium nel settore del vaping. Questa tecnologia consente di ottenere una<strong> vaporizzazione uniforme e controllata<\/strong>, assicurando una produzione di vapore regolare e costante, con una <strong>temperatura stabile<\/strong> che preserva il profilo aromatico del CBD ad ogni boccata. <\/span><\/p>\n<p><span style=\"font-weight: 400\">A differenza dei tradizionali vapers monouso, questo vape al CBD \u00e8 stato progettato per fornire <strong>maggiore durata ed efficienza<\/strong>. Il tuo <strong>batteria ricaricabile<\/strong> \u00e8 combinato con <strong>capsule intercambiabili mediante un sistema a \u201cclick\u201d<\/strong>, La nuova esperienza, pulita e liscia, garantisce una vestibilit\u00e0 perfetta, senza bruciature o asperit\u00e0. <\/span><\/p>\n<p><span style=\"font-weight: 400\">Inoltre, il <strong>Tecnologia CCELL<\/strong> ottimizza il <strong>assorbimento dei cannabinoidi<\/strong>, <strong>massimizzare la resa del CBD a spettro completo<\/strong> e fornire un <strong>esperienza di svapo pi\u00f9 raffinata<\/strong>, equilibrato e coerente. Tutto questo rende il <strong>Capsula di ricarica di CBD I-Puff Pod Vape - Gelato <\/strong>in una scelta di alto livello per chi cerca qualit\u00e0, sapore e controllo in ogni boccata.\u00a0<\/span><\/p>\n<p>&nbsp;<\/p>\n<h2 data-start=\"2311\" data-end=\"2335\"><strong>Profilo terpenico del Gelato: <\/strong><\/h2>\n<p data-start=\"2311\" data-end=\"2335\"><span style=\"font-weight: 400\">Questo profilo terpenico offre un <strong>autentico sapore di cannabis<\/strong>, Ricco di CBD, senza additivi artificiali, \u00e8 ideale per chi cerca un'esperienza naturale quando acquista un vape CBD.\u00a0<\/span><\/p>\n<ul>\n<li data-start=\"2311\" data-end=\"2335\"><span style=\"font-weight: 400\">Note dolci e cremose<\/span><\/li>\n<li data-start=\"2311\" data-end=\"2335\"><span style=\"font-weight: 400\">Morbide sfumature terrose e sfondo erbaceo<\/span><\/li>\n<li data-start=\"2311\" data-end=\"2335\"><span style=\"font-weight: 400\">Aroma equilibrato<\/span><\/li>\n<\/ul>\n<h2 data-start=\"3033\" data-end=\"3049\"><strong>Perch\u00e9 scegliere il sistema I-Puff? <\/strong><\/h2>\n<p data-start=\"3033\" data-end=\"3049\"><span style=\"font-weight: 400\">Se siete alla ricerca di un <strong>Il vaper CBD \u00e8 superiore ai dispositivi monouso<\/strong>, il sistema I-Puff Pod fa la differenza:\u00a0<\/span><\/p>\n<ul>\n<li><span style=\"font-weight: 400\"><strong>Specifiche tecniche<\/strong>: <\/span>\n<ul>\n<li style=\"list-style-type: none\">\n<ul>\n<li><span style=\"font-weight: 400\">Contenuto di CBD: 700 mg <\/span><span style=\"font-weight: 400\">CBD a spettro completo 70%<\/span><\/li>\n<li><span style=\"font-weight: 400\">Senza nicotina<\/span><\/li>\n<li><span style=\"font-weight: 400\">Capacit\u00e0: 1ml (fino a 300 soffi)<\/span><\/li>\n<li><span style=\"font-weight: 400\">Batteria ricaricabile USB-C <\/span><\/li>\n<li><span style=\"font-weight: 400\">Tecnologia: Riscaldamento ceramico CCELL per un vapore di qualit\u00e0 superiore <\/span><\/li>\n<li><span style=\"font-weight: 400\">Sistema riutilizzabile: rispettoso dell'ambiente, nessun rifiuto monouso <\/span><\/li>\n<li><span style=\"font-weight: 400\">Profilo terpenico: Gelato (cremoso, dolce e fruttato)<\/span><\/li>\n<li><span style=\"font-weight: 400\">Non contiene VG, PG, PEG, MCT o altri agenti di taglio.<\/span><\/li>\n<\/ul>\n<\/li>\n<\/ul>\n<\/li>\n<\/ul>\n<p><span style=\"font-weight: 400\">Non \u00e8 solo un altro vaper. \u00c8 un <strong>soluzione di vape CBD a lungo termine<\/strong>, progettato per garantire qualit\u00e0, controllo e coerenza.\u00a0<\/span><\/p>\n<p>&nbsp;<\/p>\n<h2 data-start=\"3217\" data-end=\"3287\"><strong>Cosa comprende la capsula di ricarica di CBD I-Puff Pod Vape - Gelato?<\/strong><strong>?<\/strong><\/h2>\n<ul>\n<li data-start=\"3217\" data-end=\"3287\"><span style=\"font-weight: 400\">1 x <strong>Capsula I-Puff Pod <\/strong>ricarica Vape CBD Gelato 1ml, con 700mg di CBD a spettro completo al 70%<\/span>\n<ul>\n<li data-start=\"3217\" data-end=\"3287\"><em>Batteria non inclusa - compatibile con il sistema I-Puff Pod<\/em><\/li>\n<\/ul>\n<\/li>\n<\/ul>\n<p>Montate il vostro nuovo <strong>Capsula di ricambio I-Puff Pod<\/strong> nel <strong>Batteria del sistema I-Puff Pod<\/strong> che avete gi\u00e0 acquistato e godete sempre di una svapata fluida.<\/p>\n<p>&nbsp;<\/p>\n<h3><b>Dove acquistare il vostro <\/b><strong>Capsula sostitutiva di CBD I-Puff Pod Vape<\/strong><b>?<\/b><\/h3>\n<p><span style=\"font-weight: 400\">Se state cercando <strong>acquistare una capsula sostitutiva di CBD I-Puff Pod Vape<\/strong><strong>, <\/strong>questo \u00e8 il tuo posto sicuro per <strong>acquistare il vaper CBD a spettro completo in Spagna.<\/strong> Inoltre, il sistema I-Puff unisce un sistema di <strong>hardware premium con i migliori estratti di CBD<\/strong>, ideale per chi gi\u00e0 acquista <strong><a href=\"https:\/\/iguanasmoke.com\/it\/categoria\/fiori\/fiori-di-cbd-4\/\">Fiori di CBD<\/a><\/strong>, <a href=\"https:\/\/iguanasmoke.com\/it\/categoria\/olio-di-cbd\/\"><strong>Oli<\/strong> <\/a>o <a href=\"https:\/\/iguanasmoke.com\/it\/categoria\/hashish-cbd\/\"><strong>Resine<\/strong> <\/a>e vogliono passare al vaping. <\/span><\/p>\n<p><span style=\"font-weight: 400\">Tutti i nostri prodotti sono <strong>approvato dall'UE<\/strong>, garantendo la sua legalit\u00e0 e sicurezza. Inoltre, se volete potete consultare<\/span><strong> <a href=\"https:\/\/iguanasmoke.com\/it\/analitica\/\">analisi di laboratorio.<\/a><\/strong><\/p>\n<p><span style=\"font-weight: 400\">Non dimenticate di esplorare altri gusti di <strong>Capsula sostitutiva di CBD I-Puff Pod Vape <\/strong>come il <strong><a href=\"https:\/\/iguanasmoke.com\/it\/prodotto\/vape-cbd-i-puff-capsula-di-ricarica-amnesia-1ml\/\">Capsula di ricarica di CBD I-Puff Pod Vape - Amnesia<\/a>\u00a0<\/strong>y <\/span><span style=\"font-weight: 400\">altro <strong>Prodotti TOP<\/strong> con CBD Full Spectrum come <strong><a href=\"https:\/\/iguanasmoke.com\/it\/categoria\/cbd-vaper-2\/cartucce\/?filter_tipo-cartucho=cbd\">Cartucce di CBD a spettro completo<\/a><\/strong> o il <strong><a href=\"https:\/\/iguanasmoke.com\/it\/categoria\/cbd-full-spectrum-vaper\/\">Vaper CBD a spettro completo<\/a><\/strong>. <\/span><span style=\"font-weight: 400\">In breve, sfogliate la nostra selezione di prodotti CBD e trovate i vostri preferiti.<\/span><span style=\"font-weight: 400\">\u00a0<\/span><\/p>\n<p><strong data-start=\"303\" data-end=\"345\">Consegna rapida e discreta in tutta la Spagna<\/strong>, con <strong data-start=\"351\" data-end=\"387\">attenzione stretta e personalizzata<\/strong> per rispondere a qualsiasi domanda prima e dopo l'acquisto.<\/p>\n<p>&nbsp;<\/p>\n<h3><b>Iguana Smoke \u00e8 il vostro negozio online di CBD\u00a0<\/b><\/h3>\n<p><span style=\"font-weight: 400\">A<strong> Fumo di iguana<\/strong>, Crediamo che il consumo di CBD debba essere un'esperienza sicura. Ecco perch\u00e9 abbiamo prodotti come questo <strong>Capsula sostitutiva di CBD I-Puff Pod Vape<\/strong><strong> - Gelato 1ml<\/strong>, Il marchio si rivolge alle nuove generazioni: persone che cercano un benessere senza complicazioni, con marchi autentici e affidabili. <\/span><\/p>\n<p><span style=\"font-weight: 400\">La nostra missione \u00e8 chiara:<strong> Il meglio del mondo del CBD a un prezzo equo<\/strong>. Inoltre, vi garantiamo la tranquillit\u00e0 che deriva dalla consapevolezza di aver scelto un'azienda <strong>prodotto certificato, efficace e legale 100%<\/strong>. Fate il grande passo, acquistate oggi stesso il vostro CBD vaper e portate la vostra esperienza a un altro livello.\u00a0<\/span><\/p>\n<p>Ancora dubbi? Scriveteci e saremo lieti di aiutarvi a trovare il prodotto giusto per voi.<\/p>\n<p>&nbsp;<\/p>\n<h6>\u2139\ufe0f<strong> Informazioni legali<\/strong><\/h6>\n<p><em><span style=\"font-weight: 400\">*Prodotto destinato alla raccolta o all'aromaterapia, in conformit\u00e0 alla legislazione spagnola vigente. <\/span><\/em><\/p>\n<p><em><span style=\"font-weight: 400\">**Derivato da canapa industriale certificata. Contiene meno dello 0,3 di THC e non contiene cannabinoidi illegali come HHC, HHC-P, THCP, THCP-O, H4CBD o sostanze elencate nell'Allegato I del Regio Decreto 2829\/1977, n\u00e9 sostanze controllate da convenzioni internazionali.\u00a0\u00a0<\/span><\/em><\/p>\n<p>&nbsp;<\/p>\n<h2><strong>\ud83d\udcac FAQS I-Puff Pod Vape CBD Capsule di ricarica: <\/strong><\/h2>\n<h4><span style=\"font-weight: 400\">Cosa contiene la capsula di ricarica I-Puff Pod Vape CBD - Gelato? <\/span><\/h4>\n<p><span style=\"font-weight: 400\">Include un <strong>Capsula Pod Gelato da 1 ml con 700 mg di CBD a spettro completo<\/strong>.<\/span><\/p>\n<h4><span style=\"font-weight: 400\">Quanto dura una capsula Pod I-Puff?\u00a0<\/span><\/h4>\n<p><span style=\"font-weight: 400\">Ricordiamo che ogni persona \u00e8 unica e dipende dall'uso individuale e dalla frequenza di consumo, ma ogni capsula fornisce <strong>circa 300 soffi<\/strong>.<\/span><\/p>\n<h4><span style=\"font-weight: 400\">I-Puff CBD Vape \u00e8 legale in Spagna?\u00a0<\/span><\/h4>\n<p><span style=\"font-weight: 400\"><strong>S\u00ec<\/strong>, lo spettro completo del CBD<strong>\u00a0possono essere legalmente commercializzati in Spagna<\/strong> a condizione che sia conforme alle normative europee sulla canapa industriale e che disponga di analisi di laboratorio indipendenti e tracciabilit\u00e0. <\/span><\/p>\n<h4><span style=\"font-weight: 400\">\u00c8 possibile acquistare cialde di ricambio?\u00a0<\/span><\/h4>\n<p><span style=\"font-weight: 400\"><strong>Naturalmente<\/strong>, prima di tutto bisogna mettere le mani su un <a href=\"https:\/\/iguanasmoke.com\/it\/prodotto\/cbd-vape-ipuff-gelato-1ml-700mg\/\"><strong>Pacchetto iniziale<\/strong><\/a> (che \u00e8 dove si acquista il <strong>batteria per la prima volta + una capsula<\/strong>) e poi si possono acquistare tutti i <a href=\"https:\/\/iguanasmoke.com\/it\/prodotto\/vape-cbd-i-puff-capsula-di-ricarica-amnesia-1ml\/\">Capsule di ricarica in cialde<\/a> di cui avete bisogno. \u00c8 anche possibile acquistare un <a href=\"https:\/\/iguanasmoke.com\/it\/prodotto\/vape-cbd-i-puff-starter-pack-bacche-rosse-1ml\/\">Pacchetto iniziale<\/a> e un <a href=\"https:\/\/iguanasmoke.com\/it\/prodotto\/ipuff-lemon-haze-cbd-vape-capsula-di-ricarica-1ml\/\">capsula sostitutiva<\/a> e quindi godersi lo scambio di sapori.<\/span><\/p>","protected":false},"excerpt":{"rendered":"<ul>\n<li><span style=\"font-weight: 400\">Sistema di capsule CBD Pods di nuova generazione: tecnologia CCELL<\/span><\/li>\n<li data-start=\"541\" data-end=\"786\"><span style=\"font-weight: 400\">Terpeni naturali di alta qualit\u00e0: Gelato<\/span><\/li>\n<li data-start=\"541\" data-end=\"786\"><span style=\"font-weight: 400\">Nicotina: 0% e THC: 0%<\/span><\/li>\n<li data-start=\"541\" data-end=\"786\"><span style=\"font-weight: 400\">Il <em>Capsula I-Puff Pod<\/em> <em>Ricarica di CBD da svapo<\/em> comprende: <\/span>\n<ul>\n<li style=\"list-style-type: none\">\n<ul data-start=\"825\" data-end=\"887\">\n<li data-start=\"541\" data-end=\"786\"><strong>1 capsula Pod con 700 mg di CBD a spettro completo al 70% Gelato\u00a0<\/strong><em>(batteria non inclusa)<\/em><\/li>\n<\/ul>\n<\/li>\n<\/ul>\n<\/li>\n<\/ul>\n<p><span style=\"font-weight: 400\">Consultazione<strong> <a href=\"https:\/\/iguanasmoke.com\/it\/analitica\/\">analisi di laboratorio.<\/a><\/strong><\/span><\/p>","protected":false},"featured_media":73670,"comment_status":"open","ping_status":"closed","template":"","meta":{"_acf_changed":false,"site-sidebar-layout":"default","site-content-layout":"","ast-site-content-layout":"default","site-content-style":"default","site-sidebar-style":"default","ast-global-header-display":"","ast-banner-title-visibility":"","ast-main-header-display":"","ast-hfb-above-header-display":"","ast-hfb-below-header-display":"","ast-hfb-mobile-header-display":"","site-post-title":"","ast-breadcrumbs-content":"","ast-featured-img":"","footer-sml-layout":"","theme-transparent-header-meta":"default","adv-header-id-meta":"","stick-header-meta":"","header-above-stick-meta":"","header-main-stick-meta":"","header-below-stick-meta":"","astra-migrate-meta-layouts":"set","ast-page-background-enabled":"default","ast-page-background-meta":{"desktop":{"background-color":"var(--ast-global-color-4)","background-image":"","background-repeat":"repeat","background-position":"center center","background-size":"auto","background-attachment":"scroll","background-type":"","background-media":"","overlay-type":"","overlay-color":"","overlay-opacity":"","overlay-gradient":""},"tablet":{"background-color":"","background-image":"","background-repeat":"repeat","background-position":"center center","background-size":"auto","background-attachment":"scroll","background-type":"","background-media":"","overlay-type":"","overlay-color":"","overlay-opacity":"","overlay-gradient":""},"mobile":{"background-color":"","background-image":"","background-repeat":"repeat","background-position":"center center","background-size":"auto","background-attachment":"scroll","background-type":"","background-media":"","overlay-type":"","overlay-color":"","overlay-opacity":"","overlay-gradient":""}},"ast-content-background-meta":{"desktop":{"background-color":"var(--ast-global-color-5)","background-image":"","background-repeat":"repeat","background-position":"center center","background-size":"auto","background-attachment":"scroll","background-type":"","background-media":"","overlay-type":"","overlay-color":"","overlay-opacity":"","overlay-gradient":""},"tablet":{"background-color":"var(--ast-global-color-5)","background-image":"","background-repeat":"repeat","background-position":"center center","background-size":"auto","background-attachment":"scroll","background-type":"","background-media":"","overlay-type":"","overlay-color":"","overlay-opacity":"","overlay-gradient":""},"mobile":{"background-color":"var(--ast-global-color-5)","background-image":"","background-repeat":"repeat","background-position":"center center","background-size":"auto","background-attachment":"scroll","background-type":"","background-media":"","overlay-type":"","overlay-color":"","overlay-opacity":"","overlay-gradient":""}}},"product_brand":[],"product_cat":[922,419,981],"product_tag":[],"class_list":{"0":"post-73796","1":"product","2":"type-product","3":"status-publish","4":"has-post-thumbnail","6":"product_cat-capsula-cbd","7":"product_cat-cartuchos-cbd","8":"product_cat-cbd-full-spectrum","9":"desktop-align-center","10":"tablet-align-center","11":"mobile-align-center","13":"first","14":"instock","15":"taxable","16":"shipping-taxable","17":"purchasable","18":"product-type-simple"},"acf":[],"yoast_head":"<!-- This site is optimized with the Yoast SEO Premium plugin v27.3 (Yoast SEO v27.3) - https:\/\/yoast.com\/product\/yoast-seo-premium-wordpress\/ -->\n<title>I-Puff Pod C\u00e1psula de Recambio Gelato - Vape CBD | Iguana Smoke<\/title>\n<meta name=\"description\" content=\"Prueba el I-Puff Pod C\u00e1psula de Recambio Gelato - Vape CBD 1ml. Con tecnolog\u00eda CCELL, c\u00e1psulas intercambiables CBD Full Spectrum 700mg al 70%.\" \/>\n<meta name=\"robots\" content=\"index, follow, max-snippet:-1, max-image-preview:large, max-video-preview:-1\" \/>\n<link rel=\"canonical\" href=\"https:\/\/iguanasmoke.com\/it\/prodotto\/cbd-vape-ipuff-pod-gelato-capsula-di-ricarica-1ml\/\" \/>\n<meta property=\"og:locale\" content=\"it_IT\" \/>\n<meta property=\"og:type\" content=\"article\" \/>\n<meta property=\"og:title\" content=\"I-Puff Pod C\u00e1psula de recambio Vape CBD - Gelato 1ml\" \/>\n<meta property=\"og:description\" content=\"Sistema de c\u00e1psulas Pods CBD de nueva generaci\u00f3n: tecnolog\u00eda CCELL  Terpenos naturales de alta calidad: Gelato  Nicotina: 0% y THC: 0%  El I-Puff Pod C\u00e1psula de recambio Vape CBD incluye:       1 x C\u00e1psula Pod con 700mg CBD Full Spectrum al 70% Gelato\u00a0(bater\u00eda no inclu\u00edda)      Consulta el an\u00e1lisis de laboratorio.\" \/>\n<meta property=\"og:url\" content=\"https:\/\/iguanasmoke.com\/it\/prodotto\/cbd-vape-ipuff-pod-gelato-capsula-di-ricarica-1ml\/\" \/>\n<meta property=\"og:site_name\" content=\"Iguana Smoke\" \/>\n<meta property=\"article:publisher\" content=\"https:\/\/www.facebook.com\/iguanasmoke\" \/>\n<meta property=\"article:modified_time\" content=\"2026-02-17T10:15:52+00:00\" \/>\n<meta property=\"og:image\" content=\"https:\/\/iguanasmoke.com\/wp-content\/uploads\/2026\/01\/Bolsa-full-spectrum-Gelato-con-pod.webp\" \/>\n\t<meta property=\"og:image:width\" content=\"1000\" \/>\n\t<meta property=\"og:image:height\" content=\"1000\" \/>\n\t<meta property=\"og:image:type\" content=\"image\/webp\" \/>\n<meta name=\"twitter:card\" content=\"summary_large_image\" \/>\n<meta name=\"twitter:label1\" content=\"Prezzo\" \/>\n\t<meta name=\"twitter:data1\" content=\"12,90&nbsp;&euro;\" \/>\n\t<meta name=\"twitter:label2\" content=\"Disponibilit\u00e0\" \/>\n\t<meta name=\"twitter:data2\" content=\"In stock\" \/>\n<meta property=\"product:brand\" content=\"simple\" \/>\n<meta property=\"product:price:amount\" content=\"12.90\" \/>\n<meta property=\"product:price:currency\" content=\"EUR\" \/>\n<meta property=\"og:availability\" content=\"instock\" \/>\n<meta property=\"product:availability\" content=\"instock\" \/>\n<meta property=\"product:retailer_item_id\" content=\"IS-POD-GLT1ML\" \/>\n<meta property=\"product:condition\" content=\"new\" \/>\n<!-- \/ Yoast SEO Premium plugin. -->","yoast_head_json":{"title":"Capsula di ricarica I-Puff Pod Gelato - Vape CBD : Iguana Smoke","description":"Provate la capsula di ricarica I-Puff Pod Gelato - Vape CBD 1ml. Con tecnologia CCELL, capsule intercambiabili CBD Full Spectrum da 700mg a 70%.","robots":{"index":"index","follow":"follow","max-snippet":"max-snippet:-1","max-image-preview":"max-image-preview:large","max-video-preview":"max-video-preview:-1"},"canonical":"https:\/\/iguanasmoke.com\/it\/prodotto\/cbd-vape-ipuff-pod-gelato-capsula-di-ricarica-1ml\/","og_locale":"it_IT","og_type":"article","og_title":"I-Puff Pod C\u00e1psula de recambio Vape CBD - Gelato 1ml","og_description":"Sistema de c\u00e1psulas Pods CBD de nueva generaci\u00f3n: tecnolog\u00eda CCELL  Terpenos naturales de alta calidad: Gelato  Nicotina: 0% y THC: 0%  El I-Puff Pod C\u00e1psula de recambio Vape CBD incluye:       1 x C\u00e1psula Pod con 700mg CBD Full Spectrum al 70% Gelato\u00a0(bater\u00eda no inclu\u00edda)      Consulta el an\u00e1lisis de laboratorio.","og_url":"https:\/\/iguanasmoke.com\/it\/prodotto\/cbd-vape-ipuff-pod-gelato-capsula-di-ricarica-1ml\/","og_site_name":"Iguana Smoke","article_publisher":"https:\/\/www.facebook.com\/iguanasmoke","article_modified_time":"2026-02-17T10:15:52+00:00","og_image":[{"width":1000,"height":1000,"url":"https:\/\/iguanasmoke.com\/wp-content\/uploads\/2026\/01\/Bolsa-full-spectrum-Gelato-con-pod.webp","type":"image\/webp"}],"twitter_card":"summary_large_image","twitter_misc":{"Prezzo":"12,90&nbsp;&euro;","Disponibilit\u00e0":"In stock"},"schema":{"@context":"https:\/\/schema.org","@graph":[{"@type":"WebPage","@id":"https:\/\/iguanasmoke.com\/producto\/cbd-vape-ipuff-pod-capsula-recambio-gelato-1ml\/","url":"https:\/\/iguanasmoke.com\/producto\/cbd-vape-ipuff-pod-capsula-recambio-gelato-1ml\/","name":"Capsula di ricarica I-Puff Pod Gelato - Vape CBD : Iguana Smoke","isPartOf":{"@id":"https:\/\/iguanasmoke.com\/#website"},"primaryImageOfPage":{"@id":"https:\/\/iguanasmoke.com\/producto\/cbd-vape-ipuff-pod-capsula-recambio-gelato-1ml\/#primaryimage"},"image":{"@id":"https:\/\/iguanasmoke.com\/producto\/cbd-vape-ipuff-pod-capsula-recambio-gelato-1ml\/#primaryimage"},"thumbnailUrl":"https:\/\/iguanasmoke.com\/wp-content\/uploads\/2026\/01\/Bolsa-full-spectrum-Gelato-con-pod.webp","datePublished":"2026-01-08T18:29:32+00:00","dateModified":"2026-02-17T10:15:52+00:00","description":"Provate la capsula di ricarica I-Puff Pod Gelato - Vape CBD 1ml. Con tecnologia CCELL, capsule intercambiabili CBD Full Spectrum da 700mg a 70%.","breadcrumb":{"@id":"https:\/\/iguanasmoke.com\/producto\/cbd-vape-ipuff-pod-capsula-recambio-gelato-1ml\/#breadcrumb"},"inLanguage":"it-IT","potentialAction":[{"@type":"ReadAction","target":["https:\/\/iguanasmoke.com\/producto\/cbd-vape-ipuff-pod-capsula-recambio-gelato-1ml\/"]}]},{"@type":"ImageObject","inLanguage":"it-IT","@id":"https:\/\/iguanasmoke.com\/producto\/cbd-vape-ipuff-pod-capsula-recambio-gelato-1ml\/#primaryimage","url":"https:\/\/iguanasmoke.com\/wp-content\/uploads\/2026\/01\/Bolsa-full-spectrum-Gelato-con-pod.webp","contentUrl":"https:\/\/iguanasmoke.com\/wp-content\/uploads\/2026\/01\/Bolsa-full-spectrum-Gelato-con-pod.webp","width":1000,"height":1000,"caption":"C\u00e1psula de recambio CBD Vape I-Puff Gelato 1ml \u2013 sabor cremoso y CBD premium"},{"@type":"BreadcrumbList","@id":"https:\/\/iguanasmoke.com\/producto\/cbd-vape-ipuff-pod-capsula-recambio-gelato-1ml\/#breadcrumb","itemListElement":[{"@type":"ListItem","position":1,"name":"home","item":"https:\/\/iguanasmoke.com\/"},{"@type":"ListItem","position":2,"name":"Tienda","item":"https:\/\/iguanasmoke.com\/tienda\/"},{"@type":"ListItem","position":3,"name":"Vaper CBD","item":"https:\/\/iguanasmoke.com\/categoria\/vaper-cbd\/"},{"@type":"ListItem","position":4,"name":"C\u00e1psulas CBD I-Puff Vape","item":"https:\/\/iguanasmoke.com\/categoria\/vaper-cbd\/capsula-cbd\/"},{"@type":"ListItem","position":5,"name":"I-Puff Pod C\u00e1psula de recambio Vape CBD &#8211; Gelato 1ml"}]},{"@type":"WebSite","@id":"https:\/\/iguanasmoke.com\/#website","url":"https:\/\/iguanasmoke.com\/","name":"Fumo di iguana","description":"Acquistare CBD online al miglior prezzo","publisher":{"@id":"https:\/\/iguanasmoke.com\/#organization"},"potentialAction":[{"@type":"SearchAction","target":{"@type":"EntryPoint","urlTemplate":"https:\/\/iguanasmoke.com\/?s={search_term_string}"},"query-input":{"@type":"PropertyValueSpecification","valueRequired":true,"valueName":"search_term_string"}}],"inLanguage":"it-IT"},{"@type":"Organization","@id":"https:\/\/iguanasmoke.com\/#organization","name":"Fumo di iguana","url":"https:\/\/iguanasmoke.com\/","logo":{"@type":"ImageObject","inLanguage":"it-IT","@id":"https:\/\/iguanasmoke.com\/#\/schema\/logo\/image\/","url":"https:\/\/iguanasmoke.com\/wp-content\/uploads\/2025\/01\/logoiguana-favi-1.png","contentUrl":"https:\/\/iguanasmoke.com\/wp-content\/uploads\/2025\/01\/logoiguana-favi-1.png","width":512,"height":512,"caption":"Iguana Smoke"},"image":{"@id":"https:\/\/iguanasmoke.com\/#\/schema\/logo\/image\/"},"sameAs":["https:\/\/www.facebook.com\/iguanasmoke","https:\/\/www.instagram.com\/iguanasmoke\/"]}]},"product_brand":"simple","product_price_amount":"12.90","product_price_currency":"EUR","og_availability":"instock","product_availability":"instock","product_retailer_item_id":"IS-POD-GLT1ML","product_condition":"new"},"_links":{"self":[{"href":"https:\/\/iguanasmoke.com\/it\/wp-json\/wp\/v2\/product\/73796","targetHints":{"allow":["GET"]}}],"collection":[{"href":"https:\/\/iguanasmoke.com\/it\/wp-json\/wp\/v2\/product"}],"about":[{"href":"https:\/\/iguanasmoke.com\/it\/wp-json\/wp\/v2\/types\/product"}],"replies":[{"embeddable":true,"href":"https:\/\/iguanasmoke.com\/it\/wp-json\/wp\/v2\/comments?post=73796"}],"wp:featuredmedia":[{"embeddable":true,"href":"https:\/\/iguanasmoke.com\/it\/wp-json\/wp\/v2\/media\/73670"}],"wp:attachment":[{"href":"https:\/\/iguanasmoke.com\/it\/wp-json\/wp\/v2\/media?parent=73796"}],"wp:term":[{"taxonomy":"product_brand","embeddable":true,"href":"https:\/\/iguanasmoke.com\/it\/wp-json\/wp\/v2\/product_brand?post=73796"},{"taxonomy":"product_cat","embeddable":true,"href":"https:\/\/iguanasmoke.com\/it\/wp-json\/wp\/v2\/product_cat?post=73796"},{"taxonomy":"product_tag","embeddable":true,"href":"https:\/\/iguanasmoke.com\/it\/wp-json\/wp\/v2\/product_tag?post=73796"}],"curies":[{"name":"wp","href":"https:\/\/api.w.org\/{rel}","templated":true}]}}