{"id":73808,"date":"2026-02-04T12:49:53","date_gmt":"2026-02-04T11:49:53","guid":{"rendered":"https:\/\/iguanasmoke.com\/?post_type=product&#038;p=73808"},"modified":"2026-02-17T11:57:05","modified_gmt":"2026-02-17T10:57:05","slug":"batteria-i-puff-batteria-vape-cbd","status":"publish","type":"product","link":"https:\/\/iguanasmoke.com\/it\/producto\/bateria-i-puff-battery-vape-cbd\/","title":{"rendered":"Batteria I-Puff Vape CBD"},"content":{"rendered":"<h1><span style=\"font-weight: 400\">Batteria I-Puff Vape CBD - 280<em> mAh<\/em><\/span><\/h1>\n<p><span style=\"font-weight: 400\">Scoprite l'incredibile potenza e versatilit\u00e0 del <strong>Batteria I-Puff Batteria per vape CBD<\/strong> progettato appositamente per il <strong><em>Capsule di CBD I-Puff Vape<\/em><\/strong>. Il\u00a0 <em>Sistema I-Puff Pod<\/em> \u00e8 dotato di tecnologia CCELL e offre un'esperienza di vaping di CBD confortevole, pulita e senza problemi. <\/span><\/p>\n<p><span style=\"font-weight: 400\">Grazie alla sua tecnologia avanzata e al design compatto, \u00e8 la scelta ideale che soddisfer\u00e0 anche gli appassionati pi\u00f9 esigenti. <strong>vaping<\/strong>, questo <strong>dispositivo all'avanguardia<\/strong> offre prestazioni affidabili e un'esperienza senza pari. <\/span><\/p>\n<p><span style=\"font-weight: 400\">Le sue dimensioni compatte, ridotte ed ergonomiche lo rendono facile da trasportare, ideale per l'uso quotidiano. Il suo <strong>la potenza \u00e8 perfettamente calibrata<\/strong> per estrarre l'intero profilo aromatico dei vapori senza surriscaldare il liquido. Con il <strong>Batteria I-Puff Batteria per vape CBD<\/strong> acquista ora il tuo <a href=\"https:\/\/iguanasmoke.com\/it\/categoria\/cbd-vaper-2\/capsula-di-cbd\/\"><strong><em>Capsule di CBD I-Puff Vape <\/em><\/strong><\/a>e iniziare a svapare. <em>Ha una potenza di 280 mAh<\/em>.\u00a0<\/span><\/p>\n<p>&nbsp;<\/p>\n<h2><strong>Caratteristiche della batteria I-Puff Vape CBD:<\/strong><\/h2>\n<ul>\n<li><span style=\"font-weight: 400\"><strong>Compatibilit\u00e0 con il sistema I-Puff Pod:<\/strong> Il <strong>Batteria I-Puff Vape CBD<\/strong> \u00e8 compatibile con il nostro <a href=\"https:\/\/iguanasmoke.com\/it\/categoria\/cbd-vaper-2\/capsula-di-cbd\/\"><strong><em>Capsule di CBD I-Puff Vape<\/em><\/strong><\/a> che sono appena arrivati e stanno conquistando il mondo.\u00a0<\/span><\/li>\n<li>Finestra visibile per monitorare il livello del Pod.<\/li>\n<li><span style=\"font-weight: 400\"><strong>Portabilit\u00e0, durata e personalizzazione<\/strong>Il design compatto e resistente lo rende il compagno ideale per le vostre avventure quotidiane. Portatelo con voi con fiducia, sapendo che \u00e8 stato costruito per resistere a un uso costante. Grazie alla sua superficie opaca, potete decorarla con adesivi, per darle il vostro tocco personale. <\/span><\/li>\n<li><span style=\"font-weight: 400\"><strong>Modalit\u00e0 di attivazione automatica<\/strong>Senza pulsanti, la prima inalazione attiva il dispositivo. <\/span><\/li>\n<li><span style=\"font-weight: 400\">Design<strong> riutilizzabile e sostenibile<\/strong>, con carico <strong>USB-C<\/strong>. <\/span><\/li>\n<li><span style=\"font-weight: 400\">Dotato di un <strong>sistema anti-ostruzione<\/strong> che produce vapore pulito. <\/span><\/li>\n<li><span style=\"font-weight: 400\">Compatibile con capsule Pod da 0,5 e 1 ml. <\/span><\/li>\n<\/ul>\n<p>&nbsp;<\/p>\n<h2><strong>Tecnologia avanzata per un vaping senza ostacoli <\/strong><\/h2>\n<p><span style=\"font-weight: 400\">Il <strong>Batteria I-Puff Batteria per vape CBD <\/strong>incorpora un <strong>sistema a doppia entrata d'aria (<em>doppio sfiato d'aria<\/em>)<\/strong> che previene gli intasamenti e migliora il flusso di vapore a ogni boccata. Inoltre, il funzionamento automatico dell'inalazione elimina pulsanti e impostazioni, rendendo il CBD vaping semplice come l'inalazione. <\/span><\/p>\n<p><span style=\"font-weight: 400\">Inoltre, grazie alla compatibilit\u00e0 con le Pods CCELL, il vapore \u00e8 <strong>morbido<\/strong>, <strong>stabile<\/strong> y <strong>costante<\/strong>, anche in caso di uso prolungato.<\/span><\/p>\n<h2 data-start=\"3094\" data-end=\"3121\">Cosa \u00e8 incluso nel <strong>Batteria I-Puff Batteria per vape CBD<\/strong><\/h2>\n<ul data-start=\"3123\" data-end=\"3168\">\n<li data-start=\"3123\" data-end=\"3168\">\n<p data-start=\"3125\" data-end=\"3168\"><strong data-start=\"3125\" data-end=\"3166\">1 \u00d7 Batteria I-Puff Vape CBD (280 mAh)<\/strong><\/p>\n<\/li>\n<\/ul>\n<p data-start=\"3170\" data-end=\"3239\"><em data-start=\"3170\" data-end=\"3239\">*Capsule di CBD I-Puff Vape <span style=\"font-weight: 400\">c<\/span>ompatibili disponibili separatamente in vari gusti.<\/em><\/p>\n<div class=\"ewd-ufaq-faq-body\">\n<h3><b>Iguana Smoke \u00e8 il vostro negozio online di CBD di fiducia<\/b><\/h3>\n<p><span style=\"font-weight: 400\">Noi di Iguana Smoke crediamo che il consumo di CBD debba essere un'esperienza sicura e piacevole. Ecco perch\u00e9 abbiamo prodotti di alta qualit\u00e0 che si rivolgono alle nuove generazioni: persone che cercano un benessere senza complicazioni, con marchi autentici e affidabili. Ottenete il <strong>Batteria I-Puff Batteria per vape CBD<\/strong> ora.<\/span><\/p>\n<p>La nostra missione \u00e8 chiara: offrirvi il meglio del mondo dei cannabinoidi a un prezzo equo, con la tranquillit\u00e0 che deriva dalla consapevolezza di scegliere un prodotto certificato, efficace e legale. Siamo all'avanguardia nei prodotti a base di CBD.<\/p>\n<p>Ancora dubbi? Scriveteci e saremo lieti di aiutarvi a trovare il prodotto giusto per voi.<\/p>\n<\/div>\n<p>&nbsp;<\/p>\n<p><em><span style=\"font-weight: 400\">*Nota bene: il suo utilizzo \u00e8 destinato alla raccolta o all'aromaterapia secondo la legge spagnola.<\/span><\/em><\/p>\n<p><em><span style=\"font-weight: 400\">**Tutti i nostri prodotti sono derivati da canapa industriale certificata. Contengono meno dello 0,3 di THC e non contengono cannabinoidi illegali come HHC, HHC-P, THCP, THCP-O, H4CBD e quelli inclusi nell'Allegato I del Regio Decreto 2829\/1977, n\u00e9 sostanze controllate dalle convenzioni internazionali.\u00a0<\/span><\/em><\/p>","protected":false},"excerpt":{"rendered":"<ul>\n<li>Batteria ricaricabile USB-C per <em>Cialde I-Puff<\/em> 0,5 ml e 1 ml: <em>280 MaH<\/em><\/li>\n<li>Connessione compatibile con il sistema <em><a href=\"https:\/\/iguanasmoke.com\/it\/categoria\/cbd-vaper-2\/capsula-di-cbd\/\">Capsule del sistema Pods I-Puff<\/a> (non incluso in questo prodotto)<\/em><\/li>\n<li>Palo centrale in acciaio inossidabile per uso medico<\/li>\n<li>Sistema a doppia aspirazione<\/li>\n<li>Dimensioni: 108,9 x 23 x 11,3 mm<\/li>\n<\/ul>","protected":false},"featured_media":73666,"comment_status":"open","ping_status":"closed","template":"","meta":{"_acf_changed":false,"site-sidebar-layout":"default","site-content-layout":"","ast-site-content-layout":"default","site-content-style":"default","site-sidebar-style":"default","ast-global-header-display":"","ast-banner-title-visibility":"","ast-main-header-display":"","ast-hfb-above-header-display":"","ast-hfb-below-header-display":"","ast-hfb-mobile-header-display":"","site-post-title":"","ast-breadcrumbs-content":"","ast-featured-img":"","footer-sml-layout":"","theme-transparent-header-meta":"default","adv-header-id-meta":"","stick-header-meta":"","header-above-stick-meta":"","header-main-stick-meta":"","header-below-stick-meta":"","astra-migrate-meta-layouts":"set","ast-page-background-enabled":"default","ast-page-background-meta":{"desktop":{"background-color":"var(--ast-global-color-4)","background-image":"","background-repeat":"repeat","background-position":"center center","background-size":"auto","background-attachment":"scroll","background-type":"","background-media":"","overlay-type":"","overlay-color":"","overlay-opacity":"","overlay-gradient":""},"tablet":{"background-color":"","background-image":"","background-repeat":"repeat","background-position":"center center","background-size":"auto","background-attachment":"scroll","background-type":"","background-media":"","overlay-type":"","overlay-color":"","overlay-opacity":"","overlay-gradient":""},"mobile":{"background-color":"","background-image":"","background-repeat":"repeat","background-position":"center center","background-size":"auto","background-attachment":"scroll","background-type":"","background-media":"","overlay-type":"","overlay-color":"","overlay-opacity":"","overlay-gradient":""}},"ast-content-background-meta":{"desktop":{"background-color":"var(--ast-global-color-5)","background-image":"","background-repeat":"repeat","background-position":"center center","background-size":"auto","background-attachment":"scroll","background-type":"","background-media":"","overlay-type":"","overlay-color":"","overlay-opacity":"","overlay-gradient":""},"tablet":{"background-color":"var(--ast-global-color-5)","background-image":"","background-repeat":"repeat","background-position":"center center","background-size":"auto","background-attachment":"scroll","background-type":"","background-media":"","overlay-type":"","overlay-color":"","overlay-opacity":"","overlay-gradient":""},"mobile":{"background-color":"var(--ast-global-color-5)","background-image":"","background-repeat":"repeat","background-position":"center center","background-size":"auto","background-attachment":"scroll","background-type":"","background-media":"","overlay-type":"","overlay-color":"","overlay-opacity":"","overlay-gradient":""}}},"product_brand":[],"product_cat":[984,922,419,981],"product_tag":[],"class_list":{"0":"post-73808","1":"product","2":"type-product","3":"status-publish","4":"has-post-thumbnail","6":"product_cat-baterias-y-kits-de-vapeo","7":"product_cat-capsula-cbd","8":"product_cat-cartuchos-cbd","9":"product_cat-cbd-full-spectrum","10":"desktop-align-center","11":"tablet-align-center","12":"mobile-align-center","14":"first","15":"instock","16":"taxable","17":"shipping-taxable","18":"purchasable","19":"product-type-simple"},"acf":[],"yoast_head":"<!-- This site is optimized with the Yoast SEO Premium plugin v27.3 (Yoast SEO v27.3) - https:\/\/yoast.com\/product\/yoast-seo-premium-wordpress\/ -->\n<title>Bater\u00eda I-Puff Battery Vape CBD | Iguana Smoke<\/title>\n<meta name=\"description\" content=\"Compra la Bater\u00eda I-Puff Battery Vape CBD recargable con tecnolog\u00eda CCELL. Compatible con pods I-Puff de 0,5 ml y 1 ml. Vape CBD carga USB-C y uso sencillo.\" \/>\n<meta name=\"robots\" content=\"index, follow, max-snippet:-1, max-image-preview:large, max-video-preview:-1\" \/>\n<link rel=\"canonical\" href=\"https:\/\/iguanasmoke.com\/it\/prodotto\/batteria-i-puff-batteria-vape-cbd\/\" \/>\n<meta property=\"og:locale\" content=\"it_IT\" \/>\n<meta property=\"og:type\" content=\"article\" \/>\n<meta property=\"og:title\" content=\"I-Puff Battery Vape CBD\" \/>\n<meta property=\"og:description\" content=\"Bateria recargable USB-C para Pods I-Puff de 0,5ml y 1ml: 280 MaH  Conexi\u00f3n compatible con las C\u00e1psulas Pods I-Puff System (no incluidas en este producto)  Poste central de acero inoxidable de grado m\u00e9dico  Sistema de aire de doble entrada  Dimensiones: 108,9 x 23 x 11,3 mm\" \/>\n<meta property=\"og:url\" content=\"https:\/\/iguanasmoke.com\/it\/prodotto\/batteria-i-puff-batteria-vape-cbd\/\" \/>\n<meta property=\"og:site_name\" content=\"Iguana Smoke\" \/>\n<meta property=\"article:publisher\" content=\"https:\/\/www.facebook.com\/iguanasmoke\" \/>\n<meta property=\"article:modified_time\" content=\"2026-02-17T10:57:05+00:00\" \/>\n<meta property=\"og:image\" content=\"https:\/\/iguanasmoke.com\/wp-content\/uploads\/2026\/01\/Bolsa-i-Puff-battery-con-bateria-.webp\" \/>\n\t<meta property=\"og:image:width\" content=\"1000\" \/>\n\t<meta property=\"og:image:height\" content=\"1000\" \/>\n\t<meta property=\"og:image:type\" content=\"image\/webp\" \/>\n<meta name=\"twitter:card\" content=\"summary_large_image\" \/>\n<meta name=\"twitter:label1\" content=\"Prezzo\" \/>\n\t<meta name=\"twitter:data1\" content=\"9,90&nbsp;&euro;\" \/>\n\t<meta name=\"twitter:label2\" content=\"Disponibilit\u00e0\" \/>\n\t<meta name=\"twitter:data2\" content=\"In stock\" \/>\n<meta property=\"product:brand\" content=\"simple\" \/>\n<meta property=\"product:price:amount\" content=\"9.90\" \/>\n<meta property=\"product:price:currency\" content=\"EUR\" \/>\n<meta property=\"og:availability\" content=\"instock\" \/>\n<meta property=\"product:availability\" content=\"instock\" \/>\n<meta property=\"product:retailer_item_id\" content=\"IS-BATTERYPOD\" \/>\n<meta property=\"product:condition\" content=\"new\" \/>\n<!-- \/ Yoast SEO Premium plugin. -->","yoast_head_json":{"title":"Batteria I-Puff Vape CBD | Iguana Smoke","description":"Acquista la batteria ricaricabile I-Puff Battery Vape CBD con tecnologia CCELL. Compatibile con le cialde I-Puff da 0,5 ml e 1 ml. Ricarica Vape CBD USB-C e facile da usare.","robots":{"index":"index","follow":"follow","max-snippet":"max-snippet:-1","max-image-preview":"max-image-preview:large","max-video-preview":"max-video-preview:-1"},"canonical":"https:\/\/iguanasmoke.com\/it\/prodotto\/batteria-i-puff-batteria-vape-cbd\/","og_locale":"it_IT","og_type":"article","og_title":"I-Puff Battery Vape CBD","og_description":"Bateria recargable USB-C para Pods I-Puff de 0,5ml y 1ml: 280 MaH  Conexi\u00f3n compatible con las C\u00e1psulas Pods I-Puff System (no incluidas en este producto)  Poste central de acero inoxidable de grado m\u00e9dico  Sistema de aire de doble entrada  Dimensiones: 108,9 x 23 x 11,3 mm","og_url":"https:\/\/iguanasmoke.com\/it\/prodotto\/batteria-i-puff-batteria-vape-cbd\/","og_site_name":"Iguana Smoke","article_publisher":"https:\/\/www.facebook.com\/iguanasmoke","article_modified_time":"2026-02-17T10:57:05+00:00","og_image":[{"width":1000,"height":1000,"url":"https:\/\/iguanasmoke.com\/wp-content\/uploads\/2026\/01\/Bolsa-i-Puff-battery-con-bateria-.webp","type":"image\/webp"}],"twitter_card":"summary_large_image","twitter_misc":{"Prezzo":"9,90&nbsp;&euro;","Disponibilit\u00e0":"In stock"},"schema":{"@context":"https:\/\/schema.org","@graph":[{"@type":"WebPage","@id":"https:\/\/iguanasmoke.com\/producto\/bateria-i-puff-battery-vape-cbd\/","url":"https:\/\/iguanasmoke.com\/producto\/bateria-i-puff-battery-vape-cbd\/","name":"Batteria I-Puff Vape CBD | Iguana Smoke","isPartOf":{"@id":"https:\/\/iguanasmoke.com\/#website"},"primaryImageOfPage":{"@id":"https:\/\/iguanasmoke.com\/producto\/bateria-i-puff-battery-vape-cbd\/#primaryimage"},"image":{"@id":"https:\/\/iguanasmoke.com\/producto\/bateria-i-puff-battery-vape-cbd\/#primaryimage"},"thumbnailUrl":"https:\/\/iguanasmoke.com\/wp-content\/uploads\/2026\/01\/Bolsa-i-Puff-battery-con-bateria-.webp","datePublished":"2026-02-04T11:49:53+00:00","dateModified":"2026-02-17T10:57:05+00:00","description":"Acquista la batteria ricaricabile I-Puff Battery Vape CBD con tecnologia CCELL. Compatibile con le cialde I-Puff da 0,5 ml e 1 ml. Ricarica Vape CBD USB-C e facile da usare.","breadcrumb":{"@id":"https:\/\/iguanasmoke.com\/producto\/bateria-i-puff-battery-vape-cbd\/#breadcrumb"},"inLanguage":"it-IT","potentialAction":[{"@type":"ReadAction","target":["https:\/\/iguanasmoke.com\/producto\/bateria-i-puff-battery-vape-cbd\/"]}]},{"@type":"ImageObject","inLanguage":"it-IT","@id":"https:\/\/iguanasmoke.com\/producto\/bateria-i-puff-battery-vape-cbd\/#primaryimage","url":"https:\/\/iguanasmoke.com\/wp-content\/uploads\/2026\/01\/Bolsa-i-Puff-battery-con-bateria-.webp","contentUrl":"https:\/\/iguanasmoke.com\/wp-content\/uploads\/2026\/01\/Bolsa-i-Puff-battery-con-bateria-.webp","width":1000,"height":1000,"caption":"Bater\u00eda I-Puff Power de Iguana Smoke: el dispositivo ideal para usar c\u00e1psulas de CBD Vape de forma c\u00f3moda, segura y reutilizable."},{"@type":"BreadcrumbList","@id":"https:\/\/iguanasmoke.com\/producto\/bateria-i-puff-battery-vape-cbd\/#breadcrumb","itemListElement":[{"@type":"ListItem","position":1,"name":"home","item":"https:\/\/iguanasmoke.com\/"},{"@type":"ListItem","position":2,"name":"Tienda","item":"https:\/\/iguanasmoke.com\/tienda\/"},{"@type":"ListItem","position":3,"name":"Vaper CBD","item":"https:\/\/iguanasmoke.com\/categoria\/vaper-cbd\/"},{"@type":"ListItem","position":4,"name":"Cartuchos","item":"https:\/\/iguanasmoke.com\/categoria\/vaper-cbd\/cartuchos-cbd\/"},{"@type":"ListItem","position":5,"name":"Bater\u00edas y Kits de Vapeo","item":"https:\/\/iguanasmoke.com\/categoria\/vaper-cbd\/cartuchos-cbd\/baterias-y-kits-de-vapeo\/"},{"@type":"ListItem","position":6,"name":"I-Puff Battery Vape CBD"}]},{"@type":"WebSite","@id":"https:\/\/iguanasmoke.com\/#website","url":"https:\/\/iguanasmoke.com\/","name":"Fumo di iguana","description":"Acquistare CBD online al miglior prezzo","publisher":{"@id":"https:\/\/iguanasmoke.com\/#organization"},"potentialAction":[{"@type":"SearchAction","target":{"@type":"EntryPoint","urlTemplate":"https:\/\/iguanasmoke.com\/?s={search_term_string}"},"query-input":{"@type":"PropertyValueSpecification","valueRequired":true,"valueName":"search_term_string"}}],"inLanguage":"it-IT"},{"@type":"Organization","@id":"https:\/\/iguanasmoke.com\/#organization","name":"Fumo di iguana","url":"https:\/\/iguanasmoke.com\/","logo":{"@type":"ImageObject","inLanguage":"it-IT","@id":"https:\/\/iguanasmoke.com\/#\/schema\/logo\/image\/","url":"https:\/\/iguanasmoke.com\/wp-content\/uploads\/2025\/01\/logoiguana-favi-1.png","contentUrl":"https:\/\/iguanasmoke.com\/wp-content\/uploads\/2025\/01\/logoiguana-favi-1.png","width":512,"height":512,"caption":"Iguana Smoke"},"image":{"@id":"https:\/\/iguanasmoke.com\/#\/schema\/logo\/image\/"},"sameAs":["https:\/\/www.facebook.com\/iguanasmoke","https:\/\/www.instagram.com\/iguanasmoke\/"]}]},"product_brand":"simple","product_price_amount":"9.90","product_price_currency":"EUR","og_availability":"instock","product_availability":"instock","product_retailer_item_id":"IS-BATTERYPOD","product_condition":"new"},"_links":{"self":[{"href":"https:\/\/iguanasmoke.com\/it\/wp-json\/wp\/v2\/product\/73808","targetHints":{"allow":["GET"]}}],"collection":[{"href":"https:\/\/iguanasmoke.com\/it\/wp-json\/wp\/v2\/product"}],"about":[{"href":"https:\/\/iguanasmoke.com\/it\/wp-json\/wp\/v2\/types\/product"}],"replies":[{"embeddable":true,"href":"https:\/\/iguanasmoke.com\/it\/wp-json\/wp\/v2\/comments?post=73808"}],"wp:featuredmedia":[{"embeddable":true,"href":"https:\/\/iguanasmoke.com\/it\/wp-json\/wp\/v2\/media\/73666"}],"wp:attachment":[{"href":"https:\/\/iguanasmoke.com\/it\/wp-json\/wp\/v2\/media?parent=73808"}],"wp:term":[{"taxonomy":"product_brand","embeddable":true,"href":"https:\/\/iguanasmoke.com\/it\/wp-json\/wp\/v2\/product_brand?post=73808"},{"taxonomy":"product_cat","embeddable":true,"href":"https:\/\/iguanasmoke.com\/it\/wp-json\/wp\/v2\/product_cat?post=73808"},{"taxonomy":"product_tag","embeddable":true,"href":"https:\/\/iguanasmoke.com\/it\/wp-json\/wp\/v2\/product_tag?post=73808"}],"curies":[{"name":"wp","href":"https:\/\/api.w.org\/{rel}","templated":true}]}}