{"id":77106,"date":"2026-02-06T14:26:10","date_gmt":"2026-02-06T13:26:10","guid":{"rendered":"https:\/\/iguanasmoke.com\/?post_type=product&#038;p=77106"},"modified":"2026-03-26T09:05:42","modified_gmt":"2026-03-26T08:05:42","slug":"spazio-hash-piatella-stv-sativanol","status":"publish","type":"product","link":"https:\/\/iguanasmoke.com\/it\/producto\/space-hash-piatella-stv-sativanol\/","title":{"rendered":"Spazio Hash Piatella STV (Sativanol)"},"content":{"rendered":"<h1><span style=\"font-weight: 400\">Space Hash Piatella STV 30%: lo stesso vecchio hashish, solo pi\u00f9 buono<\/span><\/h1>\n<p><span style=\"font-weight: 400\">A Iguana Smoke piace offrirvi il meglio, e per questo motivo vi proponiamo il <strong>Spazio Hash Piatella STV 30%<\/strong>, che \u00e8 un gioiello per chi \u00e8 alla ricerca di una <strong>hashish senza THC. <\/strong><\/span><\/p>\n<p><span style=\"font-weight: 400\">Questo hashish, uno dei pi\u00f9 potenti e pregiati sul mercato, \u00e8 ora offerto da Sativanol. Il <strong>Super Sativa<\/strong> rende la consistenza morbida e la finitura artigianale, per chi cerca qualcosa di diverso senza perdere l'essenza dell'autentico hashish di prima qualit\u00e0:<\/span><\/p>\n<ul>\n<li>\u00c8 un prodotto sicuro e conforme agli standard legali, con meno di 0,3% di THC.<\/li>\n<li>Inoltre, non contiene sostanze chimiche o additivi artificiali.<\/li>\n<li>Ideale per i consumatori pi\u00f9 esigenti e gli amanti del cibo <a href=\"https:\/\/iguanasmoke.com\/it\/piatella-hashish-cbd-lhashish-di-qualita-superiore-alla-portata-di-tutti\/\"><strong>Premio Piatella CBD<\/strong><\/a>.<\/li>\n<li>Qualit\u00e0 testata da laboratori indipendenti.<\/li>\n<\/ul>\n<h2><\/h2>\n<h2><strong>Che cos'\u00e8 l'STV? <\/strong><\/h2>\n<p><span style=\"font-weight: 400\">La STV (Super Sativa - Sativanol) \u00e8 una <strong>cannabinoide semisintetico<\/strong> che deriva dalla canapa. \u00c8 stato progettato per offrire <strong>effetti stimolanti, sensazioni di euforia e momenti di lucidit\u00e0 mentale<\/strong>, tutti privi di THC, HHC, THCP e analoghi psicoattivi. <\/span><\/p>\n<p><span style=\"font-weight: 400\">L'aspetto positivo di questa molecola \u00e8 che non \u00e8 nota per la sua tolleranza, il che significa che si pu\u00f2 godere dei suoi effetti pi\u00f9 a lungo. Potete sperimentare lo Space Hash Piatella STV con un <strong>insorgenza moderata<\/strong> (10-30 minuti) e un <strong>durata 3-4 ore<\/strong>, che non provoca sonnolenza.\u00a0<\/span><\/p>\n<p><span style=\"font-weight: 400\">L'aspetto migliore \u00e8 che l'STV rappresenta una <strong>nuova era dei cannabinoidi funzionali<\/strong>, ideale per chi \u00e8 alla ricerca di esperienze <strong>Tipo Sativa senza subire gli effetti negativi<\/strong>. \u00c8 semplicemente perfetto.\u00a0\u00a0<\/span><\/p>\n<p>&nbsp;<\/p>\n<p><span style=\"font-weight: 400\">\u00a0<\/span><\/p>\n<h2>Caratteristiche di Space Hash Piatella STV 30%:<\/h2>\n<ul>\n<li><b>Aspetto e consistenza: <span style=\"font-weight: 400\">si distingue visivamente per la sua <strong>consistenza malleabile<\/strong> che si scioglie facilmente, invitando a un'esperienza tattile piacevole quanto il suo effetto. Questo hashish al CBD \u00e8 prodotto utilizzando <strong>maglie ad alta precisione<\/strong> per separare il<strong> ghiandole resinose di materiale vegetale<\/strong>, raggiungendo cos\u00ec la perfezione. Il suo c<strong>l'odore \u00e8 chiaro come il miele<\/strong>, entrer\u00e0 in voi attraverso gli occhi.\u00a0<\/span><\/b><\/li>\n<li><span style=\"font-size: 16px;font-weight: 400\"><strong>Aroma e gusto:<\/strong> intenso, con un ricco profilo di terpenoidi che combina <strong>Note terrose, dolci e speziate<\/strong>. \u00a0<\/span><\/li>\n<li><strong>Origine e purezza:<\/strong> <span style=\"font-size: 16px;font-weight: 400\">questa resina proviene da fonti affidabili che garantiscono la<strong> purezza e qualit\u00e0<\/strong>. A differenza di altri prodotti, questo hashish conserva tutte le sue propriet\u00e0. <strong>terpeni naturali<\/strong>, Questo garantisce un'esperienza olfattiva e gustativa eccezionale.<\/span><span style=\"font-size: 16px;font-weight: 400\">, cruciale per chi cerca <strong>CBD economico<\/strong> ma non si vuole compromettere la qualit\u00e0 della <strong>Piatella hashish STV 30%<\/strong>.<\/span><\/li>\n<\/ul>\n<p>&nbsp;<\/p>\n<h3><b>Perch\u00e9 acquistare Space Hash Piatella STV presso Iguana Smoke?<\/b><\/h3>\n<p><span style=\"font-weight: 400\">Noi di Iguana Smoke ci impegniamo per la qualit\u00e0. I nostri prodotti STV (Sativanol) combinano i due mondi: la canapa naturale 100% e i cannabinoidi pi\u00f9 innovativi, offrendo un'alternativa sicura e legale senza effetti psicoattivi. <\/span><strong>Spazio Piatella STV <\/strong>si distingue davvero nel mondo dei cannabinoidi.<\/p>\n<p><span style=\"font-weight: 400\">Come sapete, ogni unit\u00e0 del nostro hashish STV \u00e8 composta da<strong> materie prime biologiche<\/strong> ed \u00e8 sottoposto a <strong>controlli di laboratorio<\/strong>, dove sono garantite purezza e sicurezza<\/span>.<span style=\"font-weight: 400\"> Ricordate che Iguana Smoke \u00e8 il vostro posto sicuro. <strong>dove acquistare CBD hashish e STV in Spagna: <\/strong>Prodotti approvati dall'UE, con meno di 0,3 % THC, per un'esperienza autentica e legale.\u00a0<\/span><\/p>\n<p><span style=\"font-weight: 400\">\u00c8 possibile consultare l'analisi della qualit\u00e0 di questo hashish <a href=\"https:\/\/iguanasmoke.com\/it\/analitica\/\">qui<\/a>.\u00a0<\/span><\/p>\n<p><span style=\"font-weight: 400\">Inoltre, se amate le nostre resine CBD pi\u00f9 tradizionali come la <a href=\"https:\/\/iguanasmoke.com\/it\/prodotto\/spazio-hash-marocchino-stv-sativanol\/\"><strong>Spazio Hash marocchino STV<\/strong><\/a>\u00a0voi <\/span><span style=\"font-weight: 400\">ci assicuriamo che il <strong>Spazio Piatella STV<\/strong> vi chiarir\u00e0 i sensi. Inoltre, non dimenticate di provare altri prodotti TOP come il <a href=\"https:\/\/iguanasmoke.com\/it\/prodotto\/flor-gelato-stv-20\/\">Fiori STV 20%<\/a> e il <a href=\"https:\/\/iguanasmoke.com\/it\/space-vape-stv-un-vaper-rivoluzionario\/\">Spazio Vapes STV<\/a>. <\/span><\/p>\n<p><span style=\"font-weight: 400\">In breve, esplorate la nostra variet\u00e0 e trovate subito i vostri preferiti.\u00a0<\/span><\/p>\n<p>&nbsp;<\/p>\n<h3><b>Iguana Smoke \u00e8 sinonimo di qualit\u00e0 e affidabilit\u00e0.<\/b><\/h3>\n<p><span style=\"font-weight: 400\">Noi di Iguana Smoke crediamo che il consumo di STV debba essere un'esperienza sicura e piacevole. Ecco perch\u00e9 abbiamo prodotti di alta qualit\u00e0 che si rivolgono alle nuove generazioni: persone che cercano il benessere senza complicazioni, con marchi autentici e affidabili. Ricordate che tutti i nostri prodotti sono hashish<strong>\u00a0Senza THC, HHC e THCP<\/strong>, come il <strong>Spazio Piatella STV <\/strong>che state per portare a casa.<\/span><\/p>\n<p>La nostra missione \u00e8 chiara: offrirvi il meglio del mondo dei cannabinoidi a un prezzo equo, con la tranquillit\u00e0 che deriva dalla consapevolezza di scegliere un prodotto certificato, efficace e legale. Siamo all'avanguardia nei prodotti a base di CBD.<\/p>\n<p>Ancora dubbi? Scriveteci e saremo lieti di aiutarvi a trovare il prodotto giusto per voi.<\/p>\n<p>&nbsp;<\/p>\n<p>*<em><span style=\"font-weight: 400\">Ricordate: il suo uso \u00e8 destinato al collezionismo o all'aromaterapia secondo la legge spagnola.\u00a0<\/span><\/em><\/p>","protected":false},"excerpt":{"rendered":"<p><span style=\"font-weight: 400\">\u00a0Prova il <strong>Spazio Piatella STV<\/strong> 30%, arricchito con STV (Sativanol), fornisce chiarezza e leggera euforia:<\/span><\/p>\n<ul>\n<li><strong>STV<\/strong>30%, che garantisce un'elevata intensit\u00e0.<\/li>\n<li><strong style=\"font-size: 16px;font-style: normal\">Colore biondo chiaro<\/strong><\/li>\n<li><strong>Aroma <\/strong>con un tocco speziato che ricorda le resine tradizionali.<\/li>\n<li>100% legale in Europa - meno di 0,3% THC.<\/li>\n<\/ul>\n<p>Analisi della qualit\u00e0: clicca\u00a0<a href=\"https:\/\/iguanasmoke.com\/it\/analitica\/\" target=\"_blank\" rel=\"noopener\">qui<\/a><\/p>","protected":false},"featured_media":77110,"comment_status":"open","ping_status":"closed","template":"","meta":{"_acf_changed":false,"site-sidebar-layout":"default","site-content-layout":"","ast-site-content-layout":"default","site-content-style":"default","site-sidebar-style":"default","ast-global-header-display":"","ast-banner-title-visibility":"","ast-main-header-display":"","ast-hfb-above-header-display":"","ast-hfb-below-header-display":"","ast-hfb-mobile-header-display":"","site-post-title":"","ast-breadcrumbs-content":"","ast-featured-img":"","footer-sml-layout":"","theme-transparent-header-meta":"default","adv-header-id-meta":"","stick-header-meta":"","header-above-stick-meta":"","header-main-stick-meta":"","header-below-stick-meta":"","astra-migrate-meta-layouts":"set","ast-page-background-enabled":"default","ast-page-background-meta":{"desktop":{"background-color":"var(--ast-global-color-4)","background-image":"","background-repeat":"repeat","background-position":"center center","background-size":"auto","background-attachment":"scroll","background-type":"","background-media":"","overlay-type":"","overlay-color":"","overlay-opacity":"","overlay-gradient":""},"tablet":{"background-color":"","background-image":"","background-repeat":"repeat","background-position":"center center","background-size":"auto","background-attachment":"scroll","background-type":"","background-media":"","overlay-type":"","overlay-color":"","overlay-opacity":"","overlay-gradient":""},"mobile":{"background-color":"","background-image":"","background-repeat":"repeat","background-position":"center center","background-size":"auto","background-attachment":"scroll","background-type":"","background-media":"","overlay-type":"","overlay-color":"","overlay-opacity":"","overlay-gradient":""}},"ast-content-background-meta":{"desktop":{"background-color":"var(--ast-global-color-5)","background-image":"","background-repeat":"repeat","background-position":"center center","background-size":"auto","background-attachment":"scroll","background-type":"","background-media":"","overlay-type":"","overlay-color":"","overlay-opacity":"","overlay-gradient":""},"tablet":{"background-color":"var(--ast-global-color-5)","background-image":"","background-repeat":"repeat","background-position":"center center","background-size":"auto","background-attachment":"scroll","background-type":"","background-media":"","overlay-type":"","overlay-color":"","overlay-opacity":"","overlay-gradient":""},"mobile":{"background-color":"var(--ast-global-color-5)","background-image":"","background-repeat":"repeat","background-position":"center center","background-size":"auto","background-attachment":"scroll","background-type":"","background-media":"","overlay-type":"","overlay-color":"","overlay-opacity":"","overlay-gradient":""}}},"product_brand":[],"product_cat":[397,628,549],"product_tag":[],"class_list":{"0":"post-77106","1":"product","2":"type-product","3":"status-publish","4":"has-post-thumbnail","6":"product_cat-hash-cbd","7":"product_cat-nuevas-moleculas","8":"product_cat-sativanol","9":"desktop-align-center","10":"tablet-align-center","11":"mobile-align-center","13":"first","14":"instock","15":"taxable","16":"shipping-taxable","17":"purchasable","18":"product-type-variable"},"acf":[],"yoast_head":"<!-- This site is optimized with the Yoast SEO Premium plugin v27.3 (Yoast SEO v27.3) - https:\/\/yoast.com\/product\/yoast-seo-premium-wordpress\/ -->\n<title>Space Hash Piatella STV: hach\u00eds sin THC | Iguana Smoke<\/title>\n<meta name=\"description\" content=\"Experimenta la calidad del Space Hash Piatella STV de Iguana Smoke. Es un producto premium perfecto para quienes buscan lo mejor. \u00a1Adquiere el tuyo!\" \/>\n<meta name=\"robots\" content=\"index, follow, max-snippet:-1, max-image-preview:large, max-video-preview:-1\" \/>\n<link rel=\"canonical\" href=\"https:\/\/iguanasmoke.com\/it\/prodotto\/spazio-hash-piatella-stv-sativanol\/\" \/>\n<meta property=\"og:locale\" content=\"it_IT\" \/>\n<meta property=\"og:type\" content=\"article\" \/>\n<meta property=\"og:title\" content=\"Space Hash Piatella STV (Sativanol)\" \/>\n<meta property=\"og:description\" content=\"\u00a0Prueba el Space Hash Piatella STV 30%, enriquecido con STV(Sativanol), aporta claridad y euforia ligera:   STV: 30%, garantizando una alta intensidad.  Color rubio claro  Aroma con un toque especiado que recuerda a las resinas tradicionales.  100% legal en Europa - menos del 0,3% THC.  An\u00e1lisis de calidad: pincha\u00a0aqu\u00ed\" \/>\n<meta property=\"og:url\" content=\"https:\/\/iguanasmoke.com\/it\/prodotto\/spazio-hash-piatella-stv-sativanol\/\" \/>\n<meta property=\"og:site_name\" content=\"Iguana Smoke\" \/>\n<meta property=\"article:publisher\" content=\"https:\/\/www.facebook.com\/iguanasmoke\" \/>\n<meta property=\"article:modified_time\" content=\"2026-03-26T08:05:42+00:00\" \/>\n<meta property=\"og:image\" content=\"https:\/\/iguanasmoke.com\/wp-content\/uploads\/2026\/02\/Space-Hash-Piatella-2g-con-resina.webp\" \/>\n\t<meta property=\"og:image:width\" content=\"1000\" \/>\n\t<meta property=\"og:image:height\" content=\"1000\" \/>\n\t<meta property=\"og:image:type\" content=\"image\/webp\" \/>\n<meta name=\"twitter:card\" content=\"summary_large_image\" \/>\n<meta name=\"twitter:label1\" content=\"Disponibilit\u00e0\" \/>\n\t<meta name=\"twitter:data1\" content=\"In stock\" \/>\n<meta property=\"product:brand\" content=\"variable\" \/>\n<meta property=\"og:availability\" content=\"instock\" \/>\n<meta property=\"product:availability\" content=\"instock\" \/>\n<meta property=\"product:condition\" content=\"new\" \/>\n<!-- \/ Yoast SEO Premium plugin. -->","yoast_head_json":{"title":"Space Hash Piatella STV: hashish senza THC : Iguana Smoke","description":"Provate la qualit\u00e0 della Space Hash Piatella STV di Iguana Smoke. \u00c8 un prodotto di qualit\u00e0 superiore, perfetto per chi cerca il meglio: prendete il vostro!","robots":{"index":"index","follow":"follow","max-snippet":"max-snippet:-1","max-image-preview":"max-image-preview:large","max-video-preview":"max-video-preview:-1"},"canonical":"https:\/\/iguanasmoke.com\/it\/prodotto\/spazio-hash-piatella-stv-sativanol\/","og_locale":"it_IT","og_type":"article","og_title":"Space Hash Piatella STV (Sativanol)","og_description":"\u00a0Prueba el Space Hash Piatella STV 30%, enriquecido con STV(Sativanol), aporta claridad y euforia ligera:   STV: 30%, garantizando una alta intensidad.  Color rubio claro  Aroma con un toque especiado que recuerda a las resinas tradicionales.  100% legal en Europa - menos del 0,3% THC.  An\u00e1lisis de calidad: pincha\u00a0aqu\u00ed","og_url":"https:\/\/iguanasmoke.com\/it\/prodotto\/spazio-hash-piatella-stv-sativanol\/","og_site_name":"Iguana Smoke","article_publisher":"https:\/\/www.facebook.com\/iguanasmoke","article_modified_time":"2026-03-26T08:05:42+00:00","og_image":[{"width":1000,"height":1000,"url":"https:\/\/iguanasmoke.com\/wp-content\/uploads\/2026\/02\/Space-Hash-Piatella-2g-con-resina.webp","type":"image\/webp"}],"twitter_card":"summary_large_image","twitter_misc":{"Disponibilit\u00e0":"In stock"},"schema":{"@context":"https:\/\/schema.org","@graph":[{"@type":"WebPage","@id":"https:\/\/iguanasmoke.com\/producto\/space-hash-piatella-stv-sativanol\/","url":"https:\/\/iguanasmoke.com\/producto\/space-hash-piatella-stv-sativanol\/","name":"Space Hash Piatella STV: hashish senza THC : Iguana Smoke","isPartOf":{"@id":"https:\/\/iguanasmoke.com\/#website"},"primaryImageOfPage":{"@id":"https:\/\/iguanasmoke.com\/producto\/space-hash-piatella-stv-sativanol\/#primaryimage"},"image":{"@id":"https:\/\/iguanasmoke.com\/producto\/space-hash-piatella-stv-sativanol\/#primaryimage"},"thumbnailUrl":"https:\/\/iguanasmoke.com\/wp-content\/uploads\/2026\/02\/Space-Hash-Piatella-2g-con-resina.webp","datePublished":"2026-02-06T13:26:10+00:00","dateModified":"2026-03-26T08:05:42+00:00","description":"Provate la qualit\u00e0 della Space Hash Piatella STV di Iguana Smoke. \u00c8 un prodotto di qualit\u00e0 superiore, perfetto per chi cerca il meglio: prendete il vostro!","breadcrumb":{"@id":"https:\/\/iguanasmoke.com\/producto\/space-hash-piatella-stv-sativanol\/#breadcrumb"},"inLanguage":"it-IT","potentialAction":[{"@type":"ReadAction","target":["https:\/\/iguanasmoke.com\/producto\/space-hash-piatella-stv-sativanol\/"]}]},{"@type":"ImageObject","inLanguage":"it-IT","@id":"https:\/\/iguanasmoke.com\/producto\/space-hash-piatella-stv-sativanol\/#primaryimage","url":"https:\/\/iguanasmoke.com\/wp-content\/uploads\/2026\/02\/Space-Hash-Piatella-2g-con-resina.webp","contentUrl":"https:\/\/iguanasmoke.com\/wp-content\/uploads\/2026\/02\/Space-Hash-Piatella-2g-con-resina.webp","width":1000,"height":1000,"caption":"Space Hash Piatella STV 2 g con bote nueva pegatina"},{"@type":"BreadcrumbList","@id":"https:\/\/iguanasmoke.com\/producto\/space-hash-piatella-stv-sativanol\/#breadcrumb","itemListElement":[{"@type":"ListItem","position":1,"name":"home","item":"https:\/\/iguanasmoke.com\/"},{"@type":"ListItem","position":2,"name":"Tienda","item":"https:\/\/iguanasmoke.com\/tienda\/"},{"@type":"ListItem","position":3,"name":"Nuevas Mol\u00e9culas","item":"https:\/\/iguanasmoke.com\/categoria\/nuevas-moleculas\/"},{"@type":"ListItem","position":4,"name":"Space Hash Piatella STV (Sativanol)"}]},{"@type":"WebSite","@id":"https:\/\/iguanasmoke.com\/#website","url":"https:\/\/iguanasmoke.com\/","name":"Fumo di iguana","description":"Acquistare CBD online al miglior prezzo","publisher":{"@id":"https:\/\/iguanasmoke.com\/#organization"},"potentialAction":[{"@type":"SearchAction","target":{"@type":"EntryPoint","urlTemplate":"https:\/\/iguanasmoke.com\/?s={search_term_string}"},"query-input":{"@type":"PropertyValueSpecification","valueRequired":true,"valueName":"search_term_string"}}],"inLanguage":"it-IT"},{"@type":"Organization","@id":"https:\/\/iguanasmoke.com\/#organization","name":"Fumo di iguana","url":"https:\/\/iguanasmoke.com\/","logo":{"@type":"ImageObject","inLanguage":"it-IT","@id":"https:\/\/iguanasmoke.com\/#\/schema\/logo\/image\/","url":"https:\/\/iguanasmoke.com\/wp-content\/uploads\/2025\/01\/logoiguana-favi-1.png","contentUrl":"https:\/\/iguanasmoke.com\/wp-content\/uploads\/2025\/01\/logoiguana-favi-1.png","width":512,"height":512,"caption":"Iguana Smoke"},"image":{"@id":"https:\/\/iguanasmoke.com\/#\/schema\/logo\/image\/"},"sameAs":["https:\/\/www.facebook.com\/iguanasmoke","https:\/\/www.instagram.com\/iguanasmoke\/"]}]},"product_brand":"variable","og_availability":"instock","product_availability":"instock","product_condition":"new"},"_links":{"self":[{"href":"https:\/\/iguanasmoke.com\/it\/wp-json\/wp\/v2\/product\/77106","targetHints":{"allow":["GET"]}}],"collection":[{"href":"https:\/\/iguanasmoke.com\/it\/wp-json\/wp\/v2\/product"}],"about":[{"href":"https:\/\/iguanasmoke.com\/it\/wp-json\/wp\/v2\/types\/product"}],"replies":[{"embeddable":true,"href":"https:\/\/iguanasmoke.com\/it\/wp-json\/wp\/v2\/comments?post=77106"}],"wp:featuredmedia":[{"embeddable":true,"href":"https:\/\/iguanasmoke.com\/it\/wp-json\/wp\/v2\/media\/77110"}],"wp:attachment":[{"href":"https:\/\/iguanasmoke.com\/it\/wp-json\/wp\/v2\/media?parent=77106"}],"wp:term":[{"taxonomy":"product_brand","embeddable":true,"href":"https:\/\/iguanasmoke.com\/it\/wp-json\/wp\/v2\/product_brand?post=77106"},{"taxonomy":"product_cat","embeddable":true,"href":"https:\/\/iguanasmoke.com\/it\/wp-json\/wp\/v2\/product_cat?post=77106"},{"taxonomy":"product_tag","embeddable":true,"href":"https:\/\/iguanasmoke.com\/it\/wp-json\/wp\/v2\/product_tag?post=77106"}],"curies":[{"name":"wp","href":"https:\/\/api.w.org\/{rel}","templated":true}]}}