{"id":81764,"date":"2026-03-19T17:36:20","date_gmt":"2026-03-19T16:36:20","guid":{"rendered":"https:\/\/iguanasmoke.com\/?post_type=product&#038;p=81764"},"modified":"2026-04-14T10:25:47","modified_gmt":"2026-04-14T08:25:47","slug":"posacenere-vibes-iguana","status":"publish","type":"product","link":"https:\/\/iguanasmoke.com\/it\/producto\/cenicero-iguana-vibes\/","title":{"rendered":"Posacenere Iguana Vibes"},"content":{"rendered":"<div class=\"product-description\">\n<h2>Cenere Iguana Vibes \ud83e\udd8e\ud83d\udd25<\/h2>\n<p>Dai un tocco unico ai tuoi momenti con il posacenere <strong>Vibrazioni Iguana<\/strong>, un pezzo che unisce stile, personalit\u00e0 e funzionalit\u00e0. Progettato per chi cerca qualcosa di pi\u00f9 di un portacenere convenzionale, questo modello si distingue per la sua estetica accattivante e la sua atmosfera rilassata, perfetta per accompagnare qualsiasi ambiente.<\/p>\n<p>&nbsp;<\/p>\n<p>Realizzato con materiali resistenti e durevoli, offre una superficie facile da pulire e pronta per l'uso quotidiano. Il suo design pratico include spazi ben definiti per appoggiare comodamente le sigarette, mantenendo tutto in ordine senza perdere lo stile.<\/p>\n<p>Ideale sia per interni che per esterni, il <strong>Vibrazioni Iguana<\/strong> non solo svolge la sua funzione, ma funge anche da elemento decorativo che dona carattere al tuo spazio.<\/p>\n<p>&nbsp;<\/p>\n<h3>\u2728 Caratteristiche:<\/h3>\n<ul>\n<li>Design originale con personalit\u00e0<\/li>\n<li>Materiale resistente e di lunga durata<\/li>\n<li>Facile da pulire<\/li>\n<li>Perfetto per casa, terrazza o come regalo<\/li>\n<\/ul>\n<p>Fai in modo che ogni dettaglio conti con lo stile inconfondibile di Iguana Smoke.<\/p>\n<\/div>","protected":false},"excerpt":{"rendered":"<p>Scopri il nuovo posacenere Iguana Vibes, che sar\u00e0 il tuo accessorio CBD perfetto:<\/p>\n<ul>\n<li>Materiale metallico<\/li>\n<li>Vinile con design esclusivo<\/li>\n<\/ul>","protected":false},"featured_media":81766,"comment_status":"open","ping_status":"closed","template":"","meta":{"_acf_changed":false,"site-sidebar-layout":"default","site-content-layout":"","ast-site-content-layout":"default","site-content-style":"default","site-sidebar-style":"default","ast-global-header-display":"","ast-banner-title-visibility":"","ast-main-header-display":"","ast-hfb-above-header-display":"","ast-hfb-below-header-display":"","ast-hfb-mobile-header-display":"","site-post-title":"","ast-breadcrumbs-content":"","ast-featured-img":"","footer-sml-layout":"","theme-transparent-header-meta":"default","adv-header-id-meta":"","stick-header-meta":"","header-above-stick-meta":"","header-main-stick-meta":"","header-below-stick-meta":"","astra-migrate-meta-layouts":"set","ast-page-background-enabled":"default","ast-page-background-meta":{"desktop":{"background-color":"var(--ast-global-color-4)","background-image":"","background-repeat":"repeat","background-position":"center center","background-size":"auto","background-attachment":"scroll","background-type":"","background-media":"","overlay-type":"","overlay-color":"","overlay-opacity":"","overlay-gradient":""},"tablet":{"background-color":"","background-image":"","background-repeat":"repeat","background-position":"center center","background-size":"auto","background-attachment":"scroll","background-type":"","background-media":"","overlay-type":"","overlay-color":"","overlay-opacity":"","overlay-gradient":""},"mobile":{"background-color":"","background-image":"","background-repeat":"repeat","background-position":"center center","background-size":"auto","background-attachment":"scroll","background-type":"","background-media":"","overlay-type":"","overlay-color":"","overlay-opacity":"","overlay-gradient":""}},"ast-content-background-meta":{"desktop":{"background-color":"var(--ast-global-color-5)","background-image":"","background-repeat":"repeat","background-position":"center center","background-size":"auto","background-attachment":"scroll","background-type":"","background-media":"","overlay-type":"","overlay-color":"","overlay-opacity":"","overlay-gradient":""},"tablet":{"background-color":"var(--ast-global-color-5)","background-image":"","background-repeat":"repeat","background-position":"center center","background-size":"auto","background-attachment":"scroll","background-type":"","background-media":"","overlay-type":"","overlay-color":"","overlay-opacity":"","overlay-gradient":""},"mobile":{"background-color":"var(--ast-global-color-5)","background-image":"","background-repeat":"repeat","background-position":"center center","background-size":"auto","background-attachment":"scroll","background-type":"","background-media":"","overlay-type":"","overlay-color":"","overlay-opacity":"","overlay-gradient":""}}},"product_brand":[],"product_cat":[991],"product_tag":[],"class_list":{"0":"post-81764","1":"product","2":"type-product","3":"status-publish","4":"has-post-thumbnail","6":"product_cat-ceniceros","7":"desktop-align-center","8":"tablet-align-center","9":"mobile-align-center","11":"first","12":"instock","13":"taxable","14":"shipping-taxable","15":"purchasable","16":"product-type-simple"},"acf":[],"yoast_head":"<!-- This site is optimized with the Yoast SEO Premium plugin v27.5 (Yoast SEO v27.5) - https:\/\/yoast.com\/product\/yoast-seo-premium-wordpress\/ -->\n<title>Cenicero Iguana Vibes | Iguana Smoke<\/title>\n<meta name=\"description\" content=\"Transforma cualquier ambiente con el cenicero Iguana Vibes. Su est\u00e9tica \u00fanica y materiales duraderos lo hacen esencial para tu disfrute.\" \/>\n<meta name=\"robots\" content=\"index, follow, max-snippet:-1, max-image-preview:large, max-video-preview:-1\" \/>\n<link rel=\"canonical\" href=\"https:\/\/iguanasmoke.com\/it\/prodotto\/posacenere-vibes-iguana\/\" \/>\n<meta property=\"og:locale\" content=\"it_IT\" \/>\n<meta property=\"og:type\" content=\"article\" \/>\n<meta property=\"og:title\" content=\"Cenicero Iguana Vibes\" \/>\n<meta property=\"og:description\" content=\"Descubre el nuevo cenicero Iguana Vibes que ser\u00e1 tu complemento perfecto de CBD:   Material met\u00e1lico  Vinilo con dise\u00f1o exclusivo\" \/>\n<meta property=\"og:url\" content=\"https:\/\/iguanasmoke.com\/it\/prodotto\/posacenere-vibes-iguana\/\" \/>\n<meta property=\"og:site_name\" content=\"Iguana Smoke\" \/>\n<meta property=\"article:publisher\" content=\"https:\/\/www.facebook.com\/iguanasmoke\" \/>\n<meta property=\"article:modified_time\" content=\"2026-04-14T08:25:47+00:00\" \/>\n<meta property=\"og:image\" content=\"https:\/\/iguanasmoke.com\/wp-content\/uploads\/2026\/03\/CENICERO-PICAPIEDRA.webp\" \/>\n\t<meta property=\"og:image:width\" content=\"2048\" \/>\n\t<meta property=\"og:image:height\" content=\"2048\" \/>\n\t<meta property=\"og:image:type\" content=\"image\/webp\" \/>\n<meta name=\"twitter:card\" content=\"summary_large_image\" \/>\n<meta name=\"twitter:label1\" content=\"Prezzo\" \/>\n\t<meta name=\"twitter:data1\" content=\"3,00&nbsp;&euro;\" \/>\n\t<meta name=\"twitter:label2\" content=\"Disponibilit\u00e0\" \/>\n\t<meta name=\"twitter:data2\" content=\"In stock\" \/>\n<meta property=\"product:brand\" content=\"simple\" \/>\n<meta property=\"product:price:amount\" content=\"3.00\" \/>\n<meta property=\"product:price:currency\" content=\"EUR\" \/>\n<meta property=\"og:availability\" content=\"instock\" \/>\n<meta property=\"product:availability\" content=\"instock\" \/>\n<meta property=\"product:retailer_item_id\" content=\"IS-ASHTRAY-VIBE\" \/>\n<meta property=\"product:condition\" content=\"new\" \/>\n<!-- \/ Yoast SEO Premium plugin. -->","yoast_head_json":{"title":"Portacenere Iguana Vibes | Iguana Smoke","description":"Trasforma qualsiasi ambiente con il posacenere Iguana Vibes. La sua estetica unica e i materiali resistenti lo rendono essenziale per il tuo piacere.","robots":{"index":"index","follow":"follow","max-snippet":"max-snippet:-1","max-image-preview":"max-image-preview:large","max-video-preview":"max-video-preview:-1"},"canonical":"https:\/\/iguanasmoke.com\/it\/prodotto\/posacenere-vibes-iguana\/","og_locale":"it_IT","og_type":"article","og_title":"Cenicero Iguana Vibes","og_description":"Descubre el nuevo cenicero Iguana Vibes que ser\u00e1 tu complemento perfecto de CBD:   Material met\u00e1lico  Vinilo con dise\u00f1o exclusivo","og_url":"https:\/\/iguanasmoke.com\/it\/prodotto\/posacenere-vibes-iguana\/","og_site_name":"Iguana Smoke","article_publisher":"https:\/\/www.facebook.com\/iguanasmoke","article_modified_time":"2026-04-14T08:25:47+00:00","og_image":[{"width":2048,"height":2048,"url":"https:\/\/iguanasmoke.com\/wp-content\/uploads\/2026\/03\/CENICERO-PICAPIEDRA.webp","type":"image\/webp"}],"twitter_card":"summary_large_image","twitter_misc":{"Prezzo":"3,00&nbsp;&euro;","Disponibilit\u00e0":"In stock"},"schema":{"@context":"https:\/\/schema.org","@graph":[{"@type":"WebPage","@id":"https:\/\/iguanasmoke.com\/producto\/cenicero-iguana-vibes\/","url":"https:\/\/iguanasmoke.com\/producto\/cenicero-iguana-vibes\/","name":"Portacenere Iguana Vibes | Iguana Smoke","isPartOf":{"@id":"https:\/\/iguanasmoke.com\/#website"},"primaryImageOfPage":{"@id":"https:\/\/iguanasmoke.com\/producto\/cenicero-iguana-vibes\/#primaryimage"},"image":{"@id":"https:\/\/iguanasmoke.com\/producto\/cenicero-iguana-vibes\/#primaryimage"},"thumbnailUrl":"https:\/\/iguanasmoke.com\/wp-content\/uploads\/2026\/03\/CENICERO-PICAPIEDRA.webp","datePublished":"2026-03-19T16:36:20+00:00","dateModified":"2026-04-14T08:25:47+00:00","description":"Trasforma qualsiasi ambiente con il posacenere Iguana Vibes. La sua estetica unica e i materiali resistenti lo rendono essenziale per il tuo piacere.","breadcrumb":{"@id":"https:\/\/iguanasmoke.com\/producto\/cenicero-iguana-vibes\/#breadcrumb"},"inLanguage":"it-IT","potentialAction":[{"@type":"ReadAction","target":["https:\/\/iguanasmoke.com\/producto\/cenicero-iguana-vibes\/"]}]},{"@type":"ImageObject","inLanguage":"it-IT","@id":"https:\/\/iguanasmoke.com\/producto\/cenicero-iguana-vibes\/#primaryimage","url":"https:\/\/iguanasmoke.com\/wp-content\/uploads\/2026\/03\/CENICERO-PICAPIEDRA.webp","contentUrl":"https:\/\/iguanasmoke.com\/wp-content\/uploads\/2026\/03\/CENICERO-PICAPIEDRA.webp","width":2048,"height":2048},{"@type":"BreadcrumbList","@id":"https:\/\/iguanasmoke.com\/producto\/cenicero-iguana-vibes\/#breadcrumb","itemListElement":[{"@type":"ListItem","position":1,"name":"home","item":"https:\/\/iguanasmoke.com\/"},{"@type":"ListItem","position":2,"name":"Tienda","item":"https:\/\/iguanasmoke.com\/tienda\/"},{"@type":"ListItem","position":3,"name":"Ceniceros","item":"https:\/\/iguanasmoke.com\/categoria\/ceniceros\/"},{"@type":"ListItem","position":4,"name":"Cenicero Iguana Vibes"}]},{"@type":"WebSite","@id":"https:\/\/iguanasmoke.com\/#website","url":"https:\/\/iguanasmoke.com\/","name":"Fumo di iguana","description":"Acquistare CBD online al miglior prezzo","publisher":{"@id":"https:\/\/iguanasmoke.com\/#organization"},"potentialAction":[{"@type":"SearchAction","target":{"@type":"EntryPoint","urlTemplate":"https:\/\/iguanasmoke.com\/?s={search_term_string}"},"query-input":{"@type":"PropertyValueSpecification","valueRequired":true,"valueName":"search_term_string"}}],"inLanguage":"it-IT"},{"@type":"Organization","@id":"https:\/\/iguanasmoke.com\/#organization","name":"Fumo di iguana","url":"https:\/\/iguanasmoke.com\/","logo":{"@type":"ImageObject","inLanguage":"it-IT","@id":"https:\/\/iguanasmoke.com\/#\/schema\/logo\/image\/","url":"https:\/\/iguanasmoke.com\/wp-content\/uploads\/2025\/01\/logoiguana-favi-1.png","contentUrl":"https:\/\/iguanasmoke.com\/wp-content\/uploads\/2025\/01\/logoiguana-favi-1.png","width":512,"height":512,"caption":"Iguana Smoke"},"image":{"@id":"https:\/\/iguanasmoke.com\/#\/schema\/logo\/image\/"},"sameAs":["https:\/\/www.facebook.com\/iguanasmoke","https:\/\/www.instagram.com\/iguanasmoke\/"]}]},"product_brand":"simple","product_price_amount":"3.00","product_price_currency":"EUR","og_availability":"instock","product_availability":"instock","product_retailer_item_id":"IS-ASHTRAY-VIBE","product_condition":"new"},"_links":{"self":[{"href":"https:\/\/iguanasmoke.com\/it\/wp-json\/wp\/v2\/product\/81764","targetHints":{"allow":["GET"]}}],"collection":[{"href":"https:\/\/iguanasmoke.com\/it\/wp-json\/wp\/v2\/product"}],"about":[{"href":"https:\/\/iguanasmoke.com\/it\/wp-json\/wp\/v2\/types\/product"}],"replies":[{"embeddable":true,"href":"https:\/\/iguanasmoke.com\/it\/wp-json\/wp\/v2\/comments?post=81764"}],"wp:featuredmedia":[{"embeddable":true,"href":"https:\/\/iguanasmoke.com\/it\/wp-json\/wp\/v2\/media\/81766"}],"wp:attachment":[{"href":"https:\/\/iguanasmoke.com\/it\/wp-json\/wp\/v2\/media?parent=81764"}],"wp:term":[{"taxonomy":"product_brand","embeddable":true,"href":"https:\/\/iguanasmoke.com\/it\/wp-json\/wp\/v2\/product_brand?post=81764"},{"taxonomy":"product_cat","embeddable":true,"href":"https:\/\/iguanasmoke.com\/it\/wp-json\/wp\/v2\/product_cat?post=81764"},{"taxonomy":"product_tag","embeddable":true,"href":"https:\/\/iguanasmoke.com\/it\/wp-json\/wp\/v2\/product_tag?post=81764"}],"curies":[{"name":"wp","href":"https:\/\/api.w.org\/{rel}","templated":true}]}}