{"id":82203,"date":"2026-03-24T11:50:15","date_gmt":"2026-03-24T10:50:15","guid":{"rendered":"https:\/\/iguanasmoke.com\/?post_type=product&#038;p=82203"},"modified":"2026-03-24T13:51:54","modified_gmt":"2026-03-24T12:51:54","slug":"coni-king-size-space-pre-roll-e8h","status":"publish","type":"product","link":"https:\/\/iguanasmoke.com\/it\/producto\/space-pre-roll-e8h-cono-king-size\/","title":{"rendered":"Space Pre Roll E8H - Cono King Size"},"content":{"rendered":"<h1><span style=\"font-weight: 400;\">Space Pre Roll E8H \u2013 Cono King Size<\/span><\/h1>\n<p data-start=\"277\" data-end=\"346\"><span style=\"font-weight: 400;\">Scopri ora il nuovo <strong>Spazio<\/strong> <strong>Pre Roll E8H: <\/strong>\u00c8 potente e con la qualit\u00e0 perfetta di un fiore premium. Il <strong>Cono King Size di E8H <\/strong>da <strong>Fumo di iguana<\/strong> \u00e8 la versione arricchita con la molecola E8H che \u00e8 appena arrivata. Perfettamente arrotolata, macinata e filtrata per godersela senza complicazioni: apri, accendi e rilassati. <\/span><\/p>\n<p data-start=\"277\" data-end=\"346\"><span style=\"font-weight: 400;\">Questo cono in licenza contiene <strong>1,5 g di fiori di CBD<\/strong>\u00a0coltivati biologicamente e <strong>niente avanzi, ritagli o miscele<\/strong>. Solo <strong>fiore premium pronto<\/strong> per offrirvi un <strong>un'esperienza morbida, naturale e molto rilassante<\/strong>.<\/span><\/p>\n<p data-start=\"277\" data-end=\"346\">In breve: Un \u201cporro E8H\u201d pulito, stabile e con una sua personalit\u00e0, per chi desidera qualcosa di pi\u00f9 intenso del CBD convenzionale. <span style=\"font-weight: 400;\">Scoprite altri formati per <a href=\"https:\/\/iguanasmoke.com\/it\/categoria\/fiori\/fiori-di-cbd-4\/\"><strong>acquistare fiori di CBD<\/strong><\/a>, dove potrete scoprire la nostra ampia selezione di fiori CBD di prima qualit\u00e0.<\/span><\/p>\n<p data-start=\"277\" data-end=\"346\">\n<p data-start=\"277\" data-end=\"346\">\n<p data-start=\"277\" data-end=\"346\">\n<h2><strong>Space Pre Rolls E8H di qualit\u00e0\u00a0<\/strong><\/h2>\n<p><span style=\"font-weight: 400;\">Il nostro <strong>Cono King Size E8H <\/strong>\u00e8 coinvolto con <strong>carta grezza biologica<\/strong>, senza sostanze chimiche, additivi o coloranti. All'interno troverete fiori selezionati con <strong>15% CBD<\/strong> e meno di <strong>0,3% THC<\/strong>. Pertanto, le 100% sono legali in Spagna e in Europa.<\/span><\/p>\n<p><span style=\"font-weight: 400;\">Questo formato XL \u00e8 ideale per coloro che desiderano <strong>acquistare fiori di CBD<\/strong> gi\u00e0 pre-rollata senza sacrificare l'aroma, la potenza e la qualit\u00e0 di un buon fiore. Questo non \u00e8 un Pre-Roll qualsiasi, \u00e8 <strong>qualit\u00e0 premium<\/strong>, progettato per chi cerca il comfort senza perdere l'intensit\u00e0.\u00a0<\/span><\/p>\n<p>&nbsp;<\/p>\n<h2><strong>Che cos'\u00e8 l'E8H?<\/strong><\/h2>\n<p><span style=\"font-weight: 400;\">Questa molecola \u00e8 stata progettata per offrire una <strong>esperienza<\/strong> <strong>solo<\/strong>, <strong>molto simile a quella dell'HHC, <\/strong>come fosse una versione del \u201clegal chill\u201d.<\/span><\/p>\n<p><span style=\"font-weight: 400;\">\u00c8 unica, devi provarla per sperimentarla! Il suo recente sviluppo la colloca in un quadro normativo in evoluzione, aprendo cos\u00ec nuove possibilit\u00e0 nel mondo dello svapo di nuovi cannabinoidi.<\/span><\/p>\n<p>&nbsp;<\/p>\n<h2 data-start=\"1495\" data-end=\"1540\">Caratteristiche del Cono King Size E8H:<\/h2>\n<ul>\n<li><span style=\"font-weight: 400;\"><strong>1,5g<\/strong>\u00a0di fiore vero <strong>di CBD<\/strong><\/span><\/li>\n<li>Miscela aromatica <strong>E8H<\/strong><\/li>\n<li><span style=\"font-weight: 400;\"><strong>CBD<\/strong> a <strong>15%<\/strong> y <strong>THC &lt;0,3%<\/strong> -Prodotto legale privo di effetti psicoattivi <\/span><\/li>\n<li><span style=\"font-weight: 400;\"><strong>Carte grezze<\/strong> biologico e privo di sostanze chimiche <\/span><\/li>\n<li><span style=\"font-weight: 400;\"><strong>A dominanza sativa<\/strong>, con un aroma dolce e intenso <\/span><\/li>\n<li><span style=\"font-weight: 400;\"><strong>Agricoltura biologica<\/strong>, senza pesticidi e OGM<\/span><\/li>\n<li><span style=\"font-weight: 400;\">Pronto all'uso con un <strong>combustione stabile<\/strong><\/span><\/li>\n<\/ul>\n<p>&nbsp;<\/p>\n<h2><b>Dove comprare online i tuoi Space Pre Roll E8H<\/b><b>?<\/b><\/h2>\n<p><span style=\"font-weight: 400;\">Naturalmente, in <strong>Fumo di iguana.<\/strong>\u00a0Il nostro Pre Roll \u00e8 fatto con autentiche <strong>fiori di canapa<\/strong>. Sono stati accuratamente selezionati e <strong>morsi<\/strong> per preservare tutti i suoi <strong>aroma, potenza e propriet\u00e0 naturali<\/strong>.\u00a0<\/span><\/p>\n<p><span style=\"font-weight: 400;\">Questo \u00e8 il vostro posto sicuro per <strong>comprare Pre Roll E8H online in Spagna.<\/strong> Tutti i nostri prodotti sono approvati dall'UE, a garanzia della loro legalit\u00e0 e sicurezza. Inoltre, se volete potete consultare<\/span><strong> <a href=\"https:\/\/iguanasmoke.com\/it\/analitica\/\">analisi di laboratorio.<\/a>\u00a0<\/strong><\/p>\n<p><span style=\"font-weight: 400;\">Non dimenticatevi di completare la vostra esperienza con il <a href=\"https:\/\/iguanasmoke.com\/it\/prodotto\/supporto-per-pre-rotolo\/\"><strong>Porta rotolo Iguana Smoke<\/strong><\/a> e testare il <strong><a href=\"https:\/\/iguanasmoke.com\/it\/prodotto\/acquistare-fiori-cbd-pack-pre-roll-cbd\/\">Pacchetto CBD pre-rotolo<\/a><\/strong>. Se i fiori CBD sono la vostra passione, scoprite <\/span><span style=\"font-weight: 400;\">altro <strong>Prodotti TOP<\/strong> come il <a href=\"https:\/\/iguanasmoke.com\/it\/prodotto\/comprare-fiore-cbd-pop-corn-indoor-25gr-cbd-piccole-gemme\/\"><strong>Pop Corn Indoor 25g<\/strong><\/a> e<\/span><span style=\"font-weight: 400;\">esplora la nostra variet\u00e0 di <strong><a href=\"https:\/\/iguanasmoke.com\/it\/categoria\/estratti-di-cbd\/\">Estratti di CBD<\/a><\/strong> y <strong><a href=\"https:\/\/iguanasmoke.com\/it\/categoria\/hashish-cbd\/\">Resine di CBD<\/a><\/strong> e allucinazioni.\u00a0<\/span><\/p>\n<p>Consegna rapida, grande attenzione e un negozio con un imballaggio discreto e sicuro che va avanti, solo per farvelo gustare!<\/p>\n<p>&nbsp;<\/p>\n<h3><b>Iguana Smoke \u00e8 il vostro negozio online di CBD\u00a0<\/b><\/h3>\n<p><span style=\"font-weight: 400;\">A<strong> Fumo di iguana<\/strong>, Crediamo che il consumo di CBD debba essere un'esperienza sicura e piacevole. Ecco perch\u00e9 abbiamo prodotti come questo <em>Pre Roll E8H - Cono King Size<\/em> di alta qualit\u00e0, che si connette con le nuove generazioni: persone che cercano benessere senza complicazioni, con marchi autentici e affidabili. Questo \u00e8 il tuo Pre Roll E8H: non devi pi\u00f9 tritare, rollare o complicarti la vita.\u00a0<\/span><\/p>\n<p>La nostra missione \u00e8 chiara: offrirvi il meglio del mondo dei cannabinoidi a un prezzo equo. Inoltre, vi diamo la tranquillit\u00e0 di sapere che state scegliendo un prodotto certificato, efficace e 100% legale. Il vostro momento di relax inizia qui con noi.<\/p>\n<p>Ancora dubbi? Scriveteci e saremo lieti di aiutarvi a trovare il prodotto giusto per voi.<\/p>\n<p>&nbsp;<\/p>\n<p><em><span style=\"font-weight: 400;\">*Nota bene: il suo utilizzo \u00e8 destinato alla raccolta o all'aromaterapia secondo la legge spagnola. <\/span><\/em><\/p>\n<p><em><span style=\"font-weight: 400;\">**Tutti i nostri prodotti sono derivati da canapa industriale certificata. Contengono meno dello 0,3 di THC e non contengono cannabinoidi illegali come HHC, HHC-P, THCP, THCP-O, H4CBD e quelli inclusi nell'Allegato I del Regio Decreto 2829\/1977, n\u00e9 sostanze controllate dalle convenzioni internazionali.\u00a0\u00a0<\/span><\/em><\/p>","protected":false},"excerpt":{"rendered":"<p>Su formato XL combina el potente E8H legal y flores de CBD premium, pronto para su uso:<\/p>\n<ul>\n<li>Non usiamo finiture, ma solo fiori di alta qualit\u00e0.<\/li>\n<li>Condito con la molecola E8H<\/li>\n<li style=\"text-align: justify;\">Quantit\u00e0 approssimativa di fiori: 1,5 grammi<\/li>\n<li style=\"text-align: justify;\">CBD: 15% \/ THC: &lt;0,3%<\/li>\n<li style=\"text-align: justify;\">100% legale in Europa<\/li>\n<\/ul>\n<p>Analisi della qualit\u00e0 <a href=\"https:\/\/iguanasmoke.com\/it\/analitica\/\" target=\"_blank\" rel=\"noopener\">qui<\/a><\/p>","protected":false},"featured_media":82204,"comment_status":"open","ping_status":"closed","template":"","meta":{"_acf_changed":false,"site-sidebar-layout":"default","site-content-layout":"default","ast-site-content-layout":"default","site-content-style":"default","site-sidebar-style":"default","ast-global-header-display":"","ast-banner-title-visibility":"","ast-main-header-display":"","ast-hfb-above-header-display":"","ast-hfb-below-header-display":"","ast-hfb-mobile-header-display":"","site-post-title":"","ast-breadcrumbs-content":"","ast-featured-img":"","footer-sml-layout":"","theme-transparent-header-meta":"default","adv-header-id-meta":"","stick-header-meta":"","header-above-stick-meta":"","header-main-stick-meta":"","header-below-stick-meta":"","astra-migrate-meta-layouts":"set","ast-page-background-enabled":"default","ast-page-background-meta":{"desktop":{"background-color":"var(--ast-global-color-4)","background-image":"","background-repeat":"repeat","background-position":"center center","background-size":"auto","background-attachment":"scroll","background-type":"","background-media":"","overlay-type":"","overlay-color":"","overlay-opacity":"","overlay-gradient":""},"tablet":{"background-color":"","background-image":"","background-repeat":"repeat","background-position":"center center","background-size":"auto","background-attachment":"scroll","background-type":"","background-media":"","overlay-type":"","overlay-color":"","overlay-opacity":"","overlay-gradient":""},"mobile":{"background-color":"","background-image":"","background-repeat":"repeat","background-position":"center center","background-size":"auto","background-attachment":"scroll","background-type":"","background-media":"","overlay-type":"","overlay-color":"","overlay-opacity":"","overlay-gradient":""}},"ast-content-background-meta":{"desktop":{"background-color":"var(--ast-global-color-5)","background-image":"","background-repeat":"repeat","background-position":"center center","background-size":"auto","background-attachment":"scroll","background-type":"","background-media":"","overlay-type":"","overlay-color":"","overlay-opacity":"","overlay-gradient":""},"tablet":{"background-color":"var(--ast-global-color-5)","background-image":"","background-repeat":"repeat","background-position":"center center","background-size":"auto","background-attachment":"scroll","background-type":"","background-media":"","overlay-type":"","overlay-color":"","overlay-opacity":"","overlay-gradient":""},"mobile":{"background-color":"var(--ast-global-color-5)","background-image":"","background-repeat":"repeat","background-position":"center center","background-size":"auto","background-attachment":"scroll","background-type":"","background-media":"","overlay-type":"","overlay-color":"","overlay-opacity":"","overlay-gradient":""}}},"product_brand":[],"product_cat":[627,989,628,335],"product_tag":[],"class_list":{"0":"post-82203","1":"product","2":"type-product","3":"status-publish","4":"has-post-thumbnail","6":"product_cat-e8h","7":"product_cat-flores-e8h","8":"product_cat-nuevas-moleculas","9":"product_cat-pre-roll-porros-cbd","10":"desktop-align-center","11":"tablet-align-center","12":"mobile-align-center","14":"first","15":"instock","16":"taxable","17":"shipping-taxable","18":"purchasable","19":"product-type-simple"},"acf":[],"yoast_head":"<!-- This site is optimized with the Yoast SEO Premium plugin v27.3 (Yoast SEO v27.3) - https:\/\/yoast.com\/product\/yoast-seo-premium-wordpress\/ -->\n<title>Pre Roll E8H - Cono King Size 1,5g | Iguana Smoke<\/title>\n<meta name=\"description\" content=\"Space Pre-Roll E8H - Cono King Size de 1,5g. Aromas intensos, flores de CBD premium y cannabinoide E8H legal en Espa\u00f1a con &lt;0,3% THC.\" \/>\n<meta name=\"robots\" content=\"index, follow, max-snippet:-1, max-image-preview:large, max-video-preview:-1\" \/>\n<link rel=\"canonical\" href=\"https:\/\/iguanasmoke.com\/it\/prodotto\/coni-king-size-space-pre-roll-e8h\/\" \/>\n<meta property=\"og:locale\" content=\"it_IT\" \/>\n<meta property=\"og:type\" content=\"article\" \/>\n<meta property=\"og:title\" content=\"Space Pre Roll E8H- Cono King Size\" \/>\n<meta property=\"og:description\" content=\"Su formato XL combina el potente E8H legal y flores de CBD premium, listo para usar:   No usamos trim, solo flores de primera calidad  Aderezado con la mol\u00e9cula E8H  Cantidad de flores aproximada: 1,5 gramos  CBD: 15% \/ THC: &lt;0,3%  100% legal en Europa  An\u00e1lisis de calidad aqu\u00ed\" \/>\n<meta property=\"og:url\" content=\"https:\/\/iguanasmoke.com\/it\/prodotto\/coni-king-size-space-pre-roll-e8h\/\" \/>\n<meta property=\"og:site_name\" content=\"Iguana Smoke\" \/>\n<meta property=\"article:publisher\" content=\"https:\/\/www.facebook.com\/iguanasmoke\" \/>\n<meta property=\"article:modified_time\" content=\"2026-03-24T12:51:54+00:00\" \/>\n<meta property=\"og:image\" content=\"https:\/\/iguanasmoke.com\/wp-content\/uploads\/2026\/03\/mockup-pre-roll-e8h-con-cono-scaled.webp\" \/>\n\t<meta property=\"og:image:width\" content=\"2560\" \/>\n\t<meta property=\"og:image:height\" content=\"2560\" \/>\n\t<meta property=\"og:image:type\" content=\"image\/webp\" \/>\n<meta name=\"twitter:card\" content=\"summary_large_image\" \/>\n<meta name=\"twitter:label1\" content=\"Prezzo\" \/>\n\t<meta name=\"twitter:data1\" content=\"8,00&nbsp;&euro;\" \/>\n\t<meta name=\"twitter:label2\" content=\"Disponibilit\u00e0\" \/>\n\t<meta name=\"twitter:data2\" content=\"In stock\" \/>\n<meta property=\"product:brand\" content=\"simple\" \/>\n<meta property=\"product:price:amount\" content=\"8.00\" \/>\n<meta property=\"product:price:currency\" content=\"EUR\" \/>\n<meta property=\"og:availability\" content=\"instock\" \/>\n<meta property=\"product:availability\" content=\"instock\" \/>\n<meta property=\"product:retailer_item_id\" content=\"IS-CONOE8H\" \/>\n<meta property=\"product:condition\" content=\"new\" \/>\n<!-- \/ Yoast SEO Premium plugin. -->","yoast_head_json":{"title":"Pre Roll E8H - Cono King Size 1,5g | Iguana Smoke","description":"Space Pre-Roll E8H - Cono King Size da 1,5g. Aromi intensi, fiori di CBD premium e cannabinoide E8H legale in Spagna con &lt;0,3% THC.","robots":{"index":"index","follow":"follow","max-snippet":"max-snippet:-1","max-image-preview":"max-image-preview:large","max-video-preview":"max-video-preview:-1"},"canonical":"https:\/\/iguanasmoke.com\/it\/prodotto\/coni-king-size-space-pre-roll-e8h\/","og_locale":"it_IT","og_type":"article","og_title":"Space Pre Roll E8H- Cono King Size","og_description":"Su formato XL combina el potente E8H legal y flores de CBD premium, listo para usar:   No usamos trim, solo flores de primera calidad  Aderezado con la mol\u00e9cula E8H  Cantidad de flores aproximada: 1,5 gramos  CBD: 15% \/ THC: &lt;0,3%  100% legal en Europa  An\u00e1lisis de calidad aqu\u00ed","og_url":"https:\/\/iguanasmoke.com\/it\/prodotto\/coni-king-size-space-pre-roll-e8h\/","og_site_name":"Iguana Smoke","article_publisher":"https:\/\/www.facebook.com\/iguanasmoke","article_modified_time":"2026-03-24T12:51:54+00:00","og_image":[{"width":2560,"height":2560,"url":"https:\/\/iguanasmoke.com\/wp-content\/uploads\/2026\/03\/mockup-pre-roll-e8h-con-cono-scaled.webp","type":"image\/webp"}],"twitter_card":"summary_large_image","twitter_misc":{"Prezzo":"8,00&nbsp;&euro;","Disponibilit\u00e0":"In stock"},"schema":{"@context":"https:\/\/schema.org","@graph":[{"@type":"WebPage","@id":"https:\/\/iguanasmoke.com\/producto\/space-pre-roll-e8h-cono-king-size\/","url":"https:\/\/iguanasmoke.com\/producto\/space-pre-roll-e8h-cono-king-size\/","name":"Pre Roll E8H - Cono King Size 1,5g | Iguana Smoke","isPartOf":{"@id":"https:\/\/iguanasmoke.com\/#website"},"primaryImageOfPage":{"@id":"https:\/\/iguanasmoke.com\/producto\/space-pre-roll-e8h-cono-king-size\/#primaryimage"},"image":{"@id":"https:\/\/iguanasmoke.com\/producto\/space-pre-roll-e8h-cono-king-size\/#primaryimage"},"thumbnailUrl":"https:\/\/iguanasmoke.com\/wp-content\/uploads\/2026\/03\/mockup-pre-roll-e8h-con-cono-scaled.webp","datePublished":"2026-03-24T10:50:15+00:00","dateModified":"2026-03-24T12:51:54+00:00","description":"Space Pre-Roll E8H - Cono King Size da 1,5g. Aromi intensi, fiori di CBD premium e cannabinoide E8H legale in Spagna con &lt;0,3% THC.","breadcrumb":{"@id":"https:\/\/iguanasmoke.com\/producto\/space-pre-roll-e8h-cono-king-size\/#breadcrumb"},"inLanguage":"it-IT","potentialAction":[{"@type":"ReadAction","target":["https:\/\/iguanasmoke.com\/producto\/space-pre-roll-e8h-cono-king-size\/"]}]},{"@type":"ImageObject","inLanguage":"it-IT","@id":"https:\/\/iguanasmoke.com\/producto\/space-pre-roll-e8h-cono-king-size\/#primaryimage","url":"https:\/\/iguanasmoke.com\/wp-content\/uploads\/2026\/03\/mockup-pre-roll-e8h-con-cono-scaled.webp","contentUrl":"https:\/\/iguanasmoke.com\/wp-content\/uploads\/2026\/03\/mockup-pre-roll-e8h-con-cono-scaled.webp","width":2560,"height":2560,"caption":"porro E8H pre roll E8H de flor liada Cono king size"},{"@type":"BreadcrumbList","@id":"https:\/\/iguanasmoke.com\/producto\/space-pre-roll-e8h-cono-king-size\/#breadcrumb","itemListElement":[{"@type":"ListItem","position":1,"name":"home","item":"https:\/\/iguanasmoke.com\/"},{"@type":"ListItem","position":2,"name":"Tienda","item":"https:\/\/iguanasmoke.com\/tienda\/"},{"@type":"ListItem","position":3,"name":"Pre Rolls","item":"https:\/\/iguanasmoke.com\/categoria\/pre-roll-porros-cbd\/"},{"@type":"ListItem","position":4,"name":"Space Pre Roll E8H- Cono King Size"}]},{"@type":"WebSite","@id":"https:\/\/iguanasmoke.com\/#website","url":"https:\/\/iguanasmoke.com\/","name":"Fumo di iguana","description":"Acquistare CBD online al miglior prezzo","publisher":{"@id":"https:\/\/iguanasmoke.com\/#organization"},"potentialAction":[{"@type":"SearchAction","target":{"@type":"EntryPoint","urlTemplate":"https:\/\/iguanasmoke.com\/?s={search_term_string}"},"query-input":{"@type":"PropertyValueSpecification","valueRequired":true,"valueName":"search_term_string"}}],"inLanguage":"it-IT"},{"@type":"Organization","@id":"https:\/\/iguanasmoke.com\/#organization","name":"Fumo di iguana","url":"https:\/\/iguanasmoke.com\/","logo":{"@type":"ImageObject","inLanguage":"it-IT","@id":"https:\/\/iguanasmoke.com\/#\/schema\/logo\/image\/","url":"https:\/\/iguanasmoke.com\/wp-content\/uploads\/2025\/01\/logoiguana-favi-1.png","contentUrl":"https:\/\/iguanasmoke.com\/wp-content\/uploads\/2025\/01\/logoiguana-favi-1.png","width":512,"height":512,"caption":"Iguana Smoke"},"image":{"@id":"https:\/\/iguanasmoke.com\/#\/schema\/logo\/image\/"},"sameAs":["https:\/\/www.facebook.com\/iguanasmoke","https:\/\/www.instagram.com\/iguanasmoke\/"]}]},"product_brand":"simple","product_price_amount":"8.00","product_price_currency":"EUR","og_availability":"instock","product_availability":"instock","product_retailer_item_id":"IS-CONOE8H","product_condition":"new"},"_links":{"self":[{"href":"https:\/\/iguanasmoke.com\/it\/wp-json\/wp\/v2\/product\/82203","targetHints":{"allow":["GET"]}}],"collection":[{"href":"https:\/\/iguanasmoke.com\/it\/wp-json\/wp\/v2\/product"}],"about":[{"href":"https:\/\/iguanasmoke.com\/it\/wp-json\/wp\/v2\/types\/product"}],"replies":[{"embeddable":true,"href":"https:\/\/iguanasmoke.com\/it\/wp-json\/wp\/v2\/comments?post=82203"}],"wp:featuredmedia":[{"embeddable":true,"href":"https:\/\/iguanasmoke.com\/it\/wp-json\/wp\/v2\/media\/82204"}],"wp:attachment":[{"href":"https:\/\/iguanasmoke.com\/it\/wp-json\/wp\/v2\/media?parent=82203"}],"wp:term":[{"taxonomy":"product_brand","embeddable":true,"href":"https:\/\/iguanasmoke.com\/it\/wp-json\/wp\/v2\/product_brand?post=82203"},{"taxonomy":"product_cat","embeddable":true,"href":"https:\/\/iguanasmoke.com\/it\/wp-json\/wp\/v2\/product_cat?post=82203"},{"taxonomy":"product_tag","embeddable":true,"href":"https:\/\/iguanasmoke.com\/it\/wp-json\/wp\/v2\/product_tag?post=82203"}],"curies":[{"name":"wp","href":"https:\/\/api.w.org\/{rel}","templated":true}]}}