{"id":83905,"date":"2026-04-10T12:48:49","date_gmt":"2026-04-10T10:48:49","guid":{"rendered":"https:\/\/iguanasmoke.com\/?post_type=product&#038;p=83905"},"modified":"2026-04-10T15:29:53","modified_gmt":"2026-04-10T13:29:53","slug":"space-pop-corn-cogollos-pequenos-10-oh-10g","status":"publish","type":"product","link":"https:\/\/iguanasmoke.com\/it\/producto\/space-pop-corn-cogollos-pequenos-10-oh-10g\/","title":{"rendered":"Space Pop Corn &#8211; Cogollos peque\u00f1os 10-OH 10g"},"content":{"rendered":"<h1><b>Space Pop Corn &#8211; Cogollos peque\u00f1os 10-OH 10g (Mini buds)<\/b><\/h1>\n<p><span style=\"font-weight: 400;\">Llega la nueva versi\u00f3n mini de <strong>Space Pop Corn 10-OH<\/strong> para aquellos interesados en comprar flores con nuevas mol\u00e9culas. Descubre ahora tus <strong>cogollos peque\u00f1os 10-OH 10g<\/strong> en formato econ\u00f3mico y de gran calidad, con hasta un 12% de CBD y enriquecido con 10-OH. Este formato <strong>Space Pop Corn<\/strong>, conosciuto anche come <strong>Mini buds<\/strong>, offre un perfetto equilibrio tra prezzo, qualit\u00e0 e convenienza per i consumatori abituali di CBD.<\/span><\/p>\n<p>&nbsp;<\/p>\n<h2>\u00bfQu\u00e9 son los cogollos peque\u00f1os 10-OH 10g?<\/h2>\n<p><span style=\"font-weight: 400;\">Il<strong> cogollos peque\u00f1os 10-OH 10g son flores de tama\u00f1o reducido<\/strong>, in <strong>Fumo di iguana<\/strong> li chiamiamo <strong>Pop Corn o Mini Buds<\/strong>. Hanno la stessa potenza aromatica e la stessa qualit\u00e0 delle gemme premium, ma con una <strong>dimensioni compatte<\/strong> che consente di offrire <strong>pi\u00f9 quantit\u00e0 a un prezzo migliore<\/strong>, senza compromettere il sapore o il profilo dei cannabinoidi.<\/span><\/p>\n<p>&nbsp;<\/p>\n<h2><b>Caracter\u00edsticas de los mini buds:\u00a0<\/b><\/h2>\n<p><span style=\"font-weight: 400;\">Il nostro<strong> Space Pop Corn<\/strong> destacan por su estructura densa y bien compactada: son <strong>gemme dense e compatte<\/strong>. Sus tonos verdes intensos llenos de <strong>pistilli<\/strong> <strong>arancione<\/strong> hacen que sea un espect\u00e1culo mirarlos, destacando tambi\u00e9n por sus tricomas brillantes. En cada bolsa, encontrar\u00e1s <strong>cogollos peque\u00f1os 10-OH 10g<\/strong> escogidos entre una selecci\u00f3n homog\u00e9nea de flores peque\u00f1as cuidadosamente curadas para garantizar un aroma intenso y una <strong>un'esperienza incredibile<\/strong>.<\/span><\/p>\n<p>&nbsp;<\/p>\n<h2><b>Aroma e profilo terpenico<\/b><\/h2>\n<p><span style=\"font-weight: 400;\">Il <strong>Mini buds 10-OH de Iguana Smoke<\/strong> offrono un profilo olfattivo complesso e profondamente attraente. Troverete una miscela equilibrata di:<\/span><\/p>\n<ul>\n<li><em><span style=\"font-weight: 400;\">notas dulces frutales<\/span><\/em><\/li>\n<li><em><span style=\"font-weight: 400;\">un toque distintivo herbal<\/span><\/em><\/li>\n<li><em><span style=\"font-weight: 400;\">sfumature di agrumi<\/span><\/em><\/li>\n<li><em><span style=\"font-weight: 400;\">uno sfondo morbido e terroso<\/span><\/em><\/li>\n<\/ul>\n<p>Un aroma profondo e avvolgente, ideale per chi cerca fiori con personalit\u00e0.<\/p>\n<p>&nbsp;<\/p>\n<h2><b>Valoraci\u00f3n general del Space Pop Corn 10-OH<\/b><\/h2>\n<p><span style=\"font-weight: 400;\">Il<strong> cogollos peque\u00f1os 10-OH 10g <\/strong>da <strong>Fumo di iguana<\/strong>, Rappresentano il meglio del mondo CBD. Sono un'alternativa perfetta per coloro che desiderano <strong>acquistare fiori di CBD online<\/strong> con un eccellente rapporto qualit\u00e0-prezzo. Sono fiori<strong> legale, sicuro e ricco di terpeni<\/strong>, I nuovi prodotti sono ideali sia per l'uso occasionale che per i consumatori abituali.\u00a0<\/span><\/p>\n<p>&nbsp;<\/p>\n<h2><b>Comprar flores CBD y cogollos peque\u00f1os 10-OH 10g en Iguana Smoke<\/b><\/h2>\n<p><span style=\"font-weight: 400;\">Lavoriamo con agricoltori che coltivano cannabis industriale in modo biologico, <strong>senza pesticidi o sostanze chimiche OGM<\/strong>. Tutti i nostri fiori provengono da variet\u00e0 di <strong><em>Cannabis Sativa<\/em><\/strong> approvato dall'UE e contenente <strong>meno di 0,3% di THC<\/strong>, e quindi sono totalmente <strong>legale<\/strong> e non producono effetti psicoattivi. <\/span><span style=\"font-weight: 400;\">Inoltre, se si desidera, \u00e8 possibile consultare<strong> <a href=\"https:\/\/iguanasmoke.com\/it\/analitica\/\">analisi di laboratorio.<\/a>\u00a0<\/strong><\/span><\/p>\n<p><span style=\"font-weight: 400;\">Si te gusta esta flor, te animamos a que descubras otras flores de 10-OH como la <a href=\"https:\/\/iguanasmoke.com\/wp-admin\/post.php?post=81155&amp;action=edit\"><strong>Fiore 10-OH Amnesia Fiori Spaziali<\/strong><\/a>. E s<\/span><span style=\"font-weight: 400;\">Se desiderate esplorare altri prodotti, date un'occhiata al nostro sito web <a href=\"https:\/\/iguanasmoke.com\/it\/categoria\/hashish-cbd\/\"><span style=\"text-decoration: underline;\"><strong>Resine di CBD<\/strong><\/span><\/a> o <strong><a href=\"https:\/\/iguanasmoke.com\/it\/categoria\/nuove-molecole\/10oh\/\">Vapers 10-OH<\/a><\/strong>. <\/span><span style=\"font-weight: 400;\">Explora nuestra variedad y encuentra tus favoritos.<\/span><span style=\"font-weight: 400;\">\u00a0<\/span><\/p>\n<p>Consegna rapida, grande attenzione e un negozio con un imballaggio discreto e sicuro che va avanti, solo per farvelo gustare!<\/p>\n<h2><span style=\"color: #ffffff;\">acquistare flore<\/span><\/h2>\n<h3><b>Iguana Smoke \u00e8 il tuo negozio online di cannabinoidi legali\u00a0<\/b><\/h3>\n<p><span style=\"font-weight: 400;\">A<strong> Fumo di iguana<\/strong>, Crediamo che il consumo di CBD debba essere un'esperienza sicura. Ecco perch\u00e9 abbiamo prodotti come questo <strong>Space Pop Corn Cogollos peque\u00f1os 10-OH 10g<\/strong>, Il marchio si rivolge alle nuove generazioni: persone che cercano un benessere senza complicazioni, con marchi autentici e affidabili. <\/span><\/p>\n<p><span style=\"font-weight: 400;\">La nostra missione \u00e8 chiara:<strong> Il meglio del mondo del CBD a un prezzo equo<\/strong>. Inoltre, vi garantiamo la tranquillit\u00e0 che deriva dalla consapevolezza di aver scelto un'azienda <strong>prodotto certificato, efficace e legale 100%<\/strong>. Fate il grande passo, acquistate oggi il vostro fiore di CBD e portate la vostra esperienza a un altro livello.\u00a0<\/span><\/p>\n<p>Ancora dubbi? Scriveteci e saremo lieti di aiutarvi a trovare il prodotto giusto per voi.<\/p>\n<p>&nbsp;<\/p>\n<h6>\u2139\ufe0f<strong> Informazioni legali<\/strong><\/h6>\n<p><em><span style=\"font-weight: 400;\">*Prodotto destinato alla raccolta o all'aromaterapia, in conformit\u00e0 alla legislazione spagnola vigente. <\/span><\/em><\/p>\n<p><em><span style=\"font-weight: 400;\">**Derivato da canapa industriale certificata. Contiene meno dello 0,3 di THC e non contiene cannabinoidi illegali come HHC, HHC-P, THCP, THCP-O, H4CBD o sostanze elencate nell'Allegato I del Regio Decreto 2829\/1977, n\u00e9 sostanze controllate da convenzioni internazionali.\u00a0\u00a0<\/span><\/em><\/p>","protected":false},"excerpt":{"rendered":"<p><span style=\"font-weight: 400;\">Seleccionados cuidadosamente para satisfacer las necesidades arom\u00e1ticas de los consumidores de Flores 10-OH:<\/span><\/p>\n<ul>\n<li style=\"list-style-type: none;\">\n<ul>\n<li>Fiore di CBD di prima qualit\u00e0 arricchito con la molecola 10-OH<\/li>\n<li>CBD: 12% \/ THC: &lt;0,3%<\/li>\n<li>Cogollos peque\u00f1os (Mini Buds) &#8211; 10g<\/li>\n<li>Aroma c\u00edtrico, con tonos dulces y herbales<\/li>\n<li>100% legale in Spagna e in Europa<\/li>\n<\/ul>\n<\/li>\n<\/ul>\n<p><span style=\"font-weight: 400;\">Consultazione<strong> <a href=\"https:\/\/iguanasmoke.com\/it\/analitica\/\">analisi di laboratorio.<\/a><\/strong><\/span><\/p>","protected":false},"featured_media":83907,"comment_status":"open","ping_status":"closed","template":"","meta":{"_acf_changed":false,"site-sidebar-layout":"default","site-content-layout":"","ast-site-content-layout":"default","site-content-style":"default","site-sidebar-style":"default","ast-global-header-display":"","ast-banner-title-visibility":"","ast-main-header-display":"","ast-hfb-above-header-display":"","ast-hfb-below-header-display":"","ast-hfb-mobile-header-display":"","site-post-title":"","ast-breadcrumbs-content":"","ast-featured-img":"","footer-sml-layout":"","theme-transparent-header-meta":"default","adv-header-id-meta":"","stick-header-meta":"","header-above-stick-meta":"","header-main-stick-meta":"","header-below-stick-meta":"","astra-migrate-meta-layouts":"set","ast-page-background-enabled":"default","ast-page-background-meta":{"desktop":{"background-color":"var(--ast-global-color-4)","background-image":"","background-repeat":"repeat","background-position":"center center","background-size":"auto","background-attachment":"scroll","background-type":"","background-media":"","overlay-type":"","overlay-color":"","overlay-opacity":"","overlay-gradient":""},"tablet":{"background-color":"","background-image":"","background-repeat":"repeat","background-position":"center center","background-size":"auto","background-attachment":"scroll","background-type":"","background-media":"","overlay-type":"","overlay-color":"","overlay-opacity":"","overlay-gradient":""},"mobile":{"background-color":"","background-image":"","background-repeat":"repeat","background-position":"center center","background-size":"auto","background-attachment":"scroll","background-type":"","background-media":"","overlay-type":"","overlay-color":"","overlay-opacity":"","overlay-gradient":""}},"ast-content-background-meta":{"desktop":{"background-color":"var(--ast-global-color-5)","background-image":"","background-repeat":"repeat","background-position":"center center","background-size":"auto","background-attachment":"scroll","background-type":"","background-media":"","overlay-type":"","overlay-color":"","overlay-opacity":"","overlay-gradient":""},"tablet":{"background-color":"var(--ast-global-color-5)","background-image":"","background-repeat":"repeat","background-position":"center center","background-size":"auto","background-attachment":"scroll","background-type":"","background-media":"","overlay-type":"","overlay-color":"","overlay-opacity":"","overlay-gradient":""},"mobile":{"background-color":"var(--ast-global-color-5)","background-image":"","background-repeat":"repeat","background-position":"center center","background-size":"auto","background-attachment":"scroll","background-type":"","background-media":"","overlay-type":"","overlay-color":"","overlay-opacity":"","overlay-gradient":""}}},"product_brand":[],"product_cat":[992],"product_tag":[],"class_list":{"0":"post-83905","1":"product","2":"type-product","3":"status-publish","4":"has-post-thumbnail","6":"product_cat-pop-corn-molecula-10-oh","7":"desktop-align-center","8":"tablet-align-center","9":"mobile-align-center","11":"first","12":"instock","13":"taxable","14":"shipping-taxable","15":"product-type-simple"},"acf":[],"yoast_head":"<!-- This site is optimized with the Yoast SEO Premium plugin v27.3 (Yoast SEO v27.3) - https:\/\/yoast.com\/product\/yoast-seo-premium-wordpress\/ -->\n<title>Cogollos peque\u00f1os 10-OH 10g: Space Pop Corn | Iguana Smoke<\/title>\n<meta name=\"description\" content=\"Descubre los Space Pop Corn: tus cogollos peque\u00f1os 10-OH 10g, con un 12% de CBD y calidad premium. Perfectos para quienes buscan comodidad y buen precio.\" \/>\n<meta name=\"robots\" content=\"index, follow, max-snippet:-1, max-image-preview:large, max-video-preview:-1\" \/>\n<link rel=\"canonical\" href=\"https:\/\/iguanasmoke.com\/it\/prodotto\/space-pop-corn-cogollos-pequenos-10-oh-10g\/\" \/>\n<meta property=\"og:locale\" content=\"it_IT\" \/>\n<meta property=\"og:type\" content=\"article\" \/>\n<meta property=\"og:title\" content=\"Space Pop Corn - Cogollos peque\u00f1os 10-OH 10g\" \/>\n<meta property=\"og:description\" content=\"Seleccionados cuidadosamente para satisfacer las necesidades arom\u00e1ticas de los consumidores de Flores 10-OH:      Flor CBD premium enriquecida con la mol\u00e9cula 10-OH  CBD: 12% \/ THC: &lt;0,3%  Cogollos peque\u00f1os (Mini Buds) - 10g  Aroma c\u00edtrico, con tonos dulces y herbales  100% legal en Espa\u00f1a y Europa    Consulta el an\u00e1lisis de laboratorio.\" \/>\n<meta property=\"og:url\" content=\"https:\/\/iguanasmoke.com\/it\/prodotto\/space-pop-corn-cogollos-pequenos-10-oh-10g\/\" \/>\n<meta property=\"og:site_name\" content=\"Iguana Smoke\" \/>\n<meta property=\"article:publisher\" content=\"https:\/\/www.facebook.com\/iguanasmoke\" \/>\n<meta property=\"article:modified_time\" content=\"2026-04-10T13:29:53+00:00\" \/>\n<meta property=\"og:image\" content=\"https:\/\/iguanasmoke.com\/wp-content\/uploads\/2026\/04\/Space-pop-corn.webp\" \/>\n\t<meta property=\"og:image:width\" content=\"1000\" \/>\n\t<meta property=\"og:image:height\" content=\"1000\" \/>\n\t<meta property=\"og:image:type\" content=\"image\/webp\" \/>\n<meta name=\"twitter:card\" content=\"summary_large_image\" \/>\n<meta name=\"twitter:label1\" content=\"Prezzo\" \/>\n\t<meta name=\"twitter:data1\" content=\"\" \/>\n\t<meta name=\"twitter:label2\" content=\"Disponibilit\u00e0\" \/>\n\t<meta name=\"twitter:data2\" content=\"In stock\" \/>\n<meta property=\"product:brand\" content=\"simple\" \/>\n<meta property=\"product:price:currency\" content=\"EUR\" \/>\n<meta property=\"og:availability\" content=\"instock\" \/>\n<meta property=\"product:availability\" content=\"instock\" \/>\n<meta property=\"product:condition\" content=\"new\" \/>\n<!-- \/ Yoast SEO Premium plugin. -->","yoast_head_json":{"title":"Cogollos peque\u00f1os 10-OH 10g: Space Pop Corn | Iguana Smoke","description":"Descubre los Space Pop Corn: tus cogollos peque\u00f1os 10-OH 10g, con un 12% de CBD y calidad premium. Perfectos para quienes buscan comodidad y buen precio.","robots":{"index":"index","follow":"follow","max-snippet":"max-snippet:-1","max-image-preview":"max-image-preview:large","max-video-preview":"max-video-preview:-1"},"canonical":"https:\/\/iguanasmoke.com\/it\/prodotto\/space-pop-corn-cogollos-pequenos-10-oh-10g\/","og_locale":"it_IT","og_type":"article","og_title":"Space Pop Corn - Cogollos peque\u00f1os 10-OH 10g","og_description":"Seleccionados cuidadosamente para satisfacer las necesidades arom\u00e1ticas de los consumidores de Flores 10-OH:      Flor CBD premium enriquecida con la mol\u00e9cula 10-OH  CBD: 12% \/ THC: &lt;0,3%  Cogollos peque\u00f1os (Mini Buds) - 10g  Aroma c\u00edtrico, con tonos dulces y herbales  100% legal en Espa\u00f1a y Europa    Consulta el an\u00e1lisis de laboratorio.","og_url":"https:\/\/iguanasmoke.com\/it\/prodotto\/space-pop-corn-cogollos-pequenos-10-oh-10g\/","og_site_name":"Iguana Smoke","article_publisher":"https:\/\/www.facebook.com\/iguanasmoke","article_modified_time":"2026-04-10T13:29:53+00:00","og_image":[{"width":1000,"height":1000,"url":"https:\/\/iguanasmoke.com\/wp-content\/uploads\/2026\/04\/Space-pop-corn.webp","type":"image\/webp"}],"twitter_card":"summary_large_image","twitter_misc":{"Prezzo":"","Disponibilit\u00e0":"In stock"},"schema":{"@context":"https:\/\/schema.org","@graph":[{"@type":"WebPage","@id":"https:\/\/iguanasmoke.com\/producto\/space-pop-corn-cogollos-pequenos-10-oh-10g\/","url":"https:\/\/iguanasmoke.com\/producto\/space-pop-corn-cogollos-pequenos-10-oh-10g\/","name":"Cogollos peque\u00f1os 10-OH 10g: Space Pop Corn | Iguana Smoke","isPartOf":{"@id":"https:\/\/iguanasmoke.com\/#website"},"primaryImageOfPage":{"@id":"https:\/\/iguanasmoke.com\/producto\/space-pop-corn-cogollos-pequenos-10-oh-10g\/#primaryimage"},"image":{"@id":"https:\/\/iguanasmoke.com\/producto\/space-pop-corn-cogollos-pequenos-10-oh-10g\/#primaryimage"},"thumbnailUrl":"https:\/\/iguanasmoke.com\/wp-content\/uploads\/2026\/04\/Space-pop-corn.webp","datePublished":"2026-04-10T10:48:49+00:00","dateModified":"2026-04-10T13:29:53+00:00","description":"Descubre los Space Pop Corn: tus cogollos peque\u00f1os 10-OH 10g, con un 12% de CBD y calidad premium. Perfectos para quienes buscan comodidad y buen precio.","breadcrumb":{"@id":"https:\/\/iguanasmoke.com\/producto\/space-pop-corn-cogollos-pequenos-10-oh-10g\/#breadcrumb"},"inLanguage":"it-IT","potentialAction":[{"@type":"ReadAction","target":["https:\/\/iguanasmoke.com\/producto\/space-pop-corn-cogollos-pequenos-10-oh-10g\/"]}]},{"@type":"ImageObject","inLanguage":"it-IT","@id":"https:\/\/iguanasmoke.com\/producto\/space-pop-corn-cogollos-pequenos-10-oh-10g\/#primaryimage","url":"https:\/\/iguanasmoke.com\/wp-content\/uploads\/2026\/04\/Space-pop-corn.webp","contentUrl":"https:\/\/iguanasmoke.com\/wp-content\/uploads\/2026\/04\/Space-pop-corn.webp","width":1000,"height":1000,"caption":"Bolsa Space Pop Corn cogollos peque\u00f1os 10-OH"},{"@type":"BreadcrumbList","@id":"https:\/\/iguanasmoke.com\/producto\/space-pop-corn-cogollos-pequenos-10-oh-10g\/#breadcrumb","itemListElement":[{"@type":"ListItem","position":1,"name":"home","item":"https:\/\/iguanasmoke.com\/"},{"@type":"ListItem","position":2,"name":"Tienda","item":"https:\/\/iguanasmoke.com\/tienda\/"},{"@type":"ListItem","position":3,"name":"Pop Corn Mol\u00e9cula 10-OH","item":"https:\/\/iguanasmoke.com\/categoria\/pop-corn-molecula-10-oh\/"},{"@type":"ListItem","position":4,"name":"Space Pop Corn &#8211; Cogollos peque\u00f1os 10-OH 10g"}]},{"@type":"WebSite","@id":"https:\/\/iguanasmoke.com\/#website","url":"https:\/\/iguanasmoke.com\/","name":"Fumo di iguana","description":"Acquistare CBD online al miglior prezzo","publisher":{"@id":"https:\/\/iguanasmoke.com\/#organization"},"potentialAction":[{"@type":"SearchAction","target":{"@type":"EntryPoint","urlTemplate":"https:\/\/iguanasmoke.com\/?s={search_term_string}"},"query-input":{"@type":"PropertyValueSpecification","valueRequired":true,"valueName":"search_term_string"}}],"inLanguage":"it-IT"},{"@type":"Organization","@id":"https:\/\/iguanasmoke.com\/#organization","name":"Fumo di iguana","url":"https:\/\/iguanasmoke.com\/","logo":{"@type":"ImageObject","inLanguage":"it-IT","@id":"https:\/\/iguanasmoke.com\/#\/schema\/logo\/image\/","url":"https:\/\/iguanasmoke.com\/wp-content\/uploads\/2025\/01\/logoiguana-favi-1.png","contentUrl":"https:\/\/iguanasmoke.com\/wp-content\/uploads\/2025\/01\/logoiguana-favi-1.png","width":512,"height":512,"caption":"Iguana Smoke"},"image":{"@id":"https:\/\/iguanasmoke.com\/#\/schema\/logo\/image\/"},"sameAs":["https:\/\/www.facebook.com\/iguanasmoke","https:\/\/www.instagram.com\/iguanasmoke\/"]}]},"product_brand":"simple","product_price_currency":"EUR","og_availability":"instock","product_availability":"instock","product_condition":"new"},"_links":{"self":[{"href":"https:\/\/iguanasmoke.com\/it\/wp-json\/wp\/v2\/product\/83905","targetHints":{"allow":["GET"]}}],"collection":[{"href":"https:\/\/iguanasmoke.com\/it\/wp-json\/wp\/v2\/product"}],"about":[{"href":"https:\/\/iguanasmoke.com\/it\/wp-json\/wp\/v2\/types\/product"}],"replies":[{"embeddable":true,"href":"https:\/\/iguanasmoke.com\/it\/wp-json\/wp\/v2\/comments?post=83905"}],"wp:featuredmedia":[{"embeddable":true,"href":"https:\/\/iguanasmoke.com\/it\/wp-json\/wp\/v2\/media\/83907"}],"wp:attachment":[{"href":"https:\/\/iguanasmoke.com\/it\/wp-json\/wp\/v2\/media?parent=83905"}],"wp:term":[{"taxonomy":"product_brand","embeddable":true,"href":"https:\/\/iguanasmoke.com\/it\/wp-json\/wp\/v2\/product_brand?post=83905"},{"taxonomy":"product_cat","embeddable":true,"href":"https:\/\/iguanasmoke.com\/it\/wp-json\/wp\/v2\/product_cat?post=83905"},{"taxonomy":"product_tag","embeddable":true,"href":"https:\/\/iguanasmoke.com\/it\/wp-json\/wp\/v2\/product_tag?post=83905"}],"curies":[{"name":"wp","href":"https:\/\/api.w.org\/{rel}","templated":true}]}}