{"id":87211,"date":"2026-05-12T13:54:12","date_gmt":"2026-05-12T11:54:12","guid":{"rendered":"https:\/\/iguanasmoke.com\/?post_type=product&#038;p=87211"},"modified":"2026-05-12T15:13:53","modified_gmt":"2026-05-12T13:13:53","slug":"fiori-cbd-indoor-idroponici-amnesia","status":"publish","type":"product","link":"https:\/\/iguanasmoke.com\/it\/producto\/flor-cbd-indoor-hidroponica-amnesia\/","title":{"rendered":"Flor CBD Indoor Idroponica Amnesia"},"content":{"rendered":"<h1 data-start=\"1609\" data-end=\"1642\"><span style=\"font-weight: 400;\">Fiori CBD Indoor Idroponica <\/span><span style=\"font-weight: 400;\">Amnesia <\/span><span style=\"font-weight: 400;\">\u2013 Intensit\u00e0 agrumata e purezza premium<\/span><\/h1>\n<h2 data-start=\"368\" data-end=\"432\">Una Amnesia CBD coltivata in idroponica per la massima espressione aromatica<\/h2>\n<p data-start=\"549\" data-end=\"976\"><span style=\"font-weight: 400;\">Se cerchi un fiore di CBD Indoor diverso, pi\u00f9 pulito e con un'intensit\u00e0 aromatica superiore, il <strong>Fiori CBD indoor<\/strong> <strong>Amnesia Idroponica <\/strong>rappresenta un nuovo livello nel CBD premium. Questa genetica iconica si distingue per il suo potente profilo agrumato con note dolci e incenso, con <strong>cime compatte, brillanti e cariche di resina<\/strong>. <\/span><\/p>\n<p data-start=\"549\" data-end=\"976\"><span style=\"font-weight: 400;\">La gran diferencia est\u00e1 en su <strong>coltivazione idroponica indoor<\/strong>, a <strong>metodo avanzato che permette di controllare con massima precisione acqua e nutrienti<\/strong> che riceve ogni pianta. Grazie a ci\u00f2, si ottiene un fiore pi\u00f9 omogeneo, con terpeni meglio conservati e una produzione di resina particolarmente importante.\u00a0<\/span><\/p>\n<p data-start=\"549\" data-end=\"976\"><span style=\"font-weight: 400;\"> A <strong>Fumo di iguana<\/strong>, selezioniamo attentamente ogni raccolto per offrirti una <strong>Amnesia Idroponica Indoor CBD premium<\/strong>, pensata per chi apprezza la vera qualit\u00e0 fin dal primo profumo.\u00a0<\/span><\/p>\n<h2 data-start=\"549\" data-end=\"976\"><strong>Cosa significa che un fiore di CBD sia idroponico?<\/strong><\/h2>\n<p data-start=\"549\" data-end=\"976\"><span style=\"font-weight: 400;\">Il cultivo idroponico consiste nello sviluppare le <strong>piante senza terra<\/strong>, utilizzando <strong>acqua arricchita con nutrienti minerali<\/strong> cura-\nmente bilanciato. Combinato con una coltivazione Indoor completamente controllata, questo sistema permette di ottimizzare ogni fase della crescita della pianta. <\/span><\/p>\n<p data-start=\"549\" data-end=\"976\"><span style=\"font-weight: 400;\">Grazie all'idroponica: <\/span><\/p>\n<ul>\n<li data-start=\"549\" data-end=\"976\"><span style=\"font-weight: 400;\">I nutrienti vengono assorbiti in modo pi\u00f9 efficiente ed equilibrato. <\/span><\/li>\n<li data-start=\"549\" data-end=\"976\"><span style=\"font-weight: 400;\">Le cime sviluppano una maggiore densit\u00e0 e uniformit\u00e0. <\/span><\/li>\n<li data-start=\"549\" data-end=\"976\"><span style=\"font-weight: 400;\">I terpeni conservano meglio la loro intensit\u00e0 aromatica e freschezza. <\/span><\/li>\n<li data-start=\"549\" data-end=\"976\"><span style=\"font-weight: 400;\">La produzione di resina aumenta, migliorando l'aspetto e la consistenza della gemma. <\/span><\/li>\n<li data-start=\"549\" data-end=\"976\"><span style=\"font-weight: 400;\">Si ottiene un fiore pi\u00f9 pulito e curato visivamente. <\/span><\/li>\n<\/ul>\n<p><span style=\"font-weight: 400;\">Per questo motivo, le <strong>fiori CBD idroponici<\/strong> sono considerate una delle <strong>gamma pi\u00f9 premium<\/strong> all'interno del mercato del cannabidiolo.\u00a0<\/span><\/p>\n<p>&nbsp;<\/p>\n<h2><strong>Amnesia CBD Indoor Idroponica: aroma intenso e coltivazione di precisione<\/strong><\/h2>\n<p><span style=\"font-weight: 400;\">Il <strong>Fiori CBD indoor<\/strong> <strong>Amnesia Idroponica<\/strong> \u00e8 ideale per chi \u00e8 alla ricerca di un <strong>Esperienza aromatica potente e raffinata<\/strong>. Il suo profilo terpenico combina note agrumate e dolci, leggermente speziate, creando una fragranza intensa e persistente.<\/span><\/p>\n<p><span style=\"font-weight: 400;\">Visivamente, si distingue per la sua <strong>boccioli<\/strong> <strong>compatti<\/strong> <strong>verdes<\/strong> con sfumature<strong> arancione<\/strong> y una abundante capa de <strong>tricomas cristalinos<\/strong>, reflejo directo de su cultivo hidrop\u00f3nico de precisi\u00f3n. Adem\u00e1s, su alto contenido en CBD y su nivel de THC inferior a 0,3% permiten disfrutar de una experiencia relajante y equilibrada, <strong>sin efectos psicoactivos<\/strong>.\u00a0 \u00a0<\/span><\/p>\n<p><strong>Ventajas de elegir Amnesia Hidrop\u00f3nica Indoor: <\/strong><\/p>\n<ol>\n<li style=\"list-style-type: none;\">\n<ol>\n<li><span style=\"font-weight: 400;\">Cultivo hidrop\u00f3nico indoor de m\u00e1xima precisi\u00f3n<\/span><\/li>\n<li><span style=\"font-weight: 400;\">THC &lt;0,3%, secondo la legislazione europea <\/span><\/li>\n<li><span style=\"font-weight: 400;\">Alto contenuto di CBD <\/span><\/li>\n<li><span style=\"font-weight: 400;\">Aroma intenso y limpio<\/span><\/li>\n<\/ol>\n<\/li>\n<\/ol>\n<p>&nbsp;<\/p>\n<h2><b>Dove comprare il tuo <span style=\"font-weight: 400;\"><strong>Fiori CBD indoor<\/strong> <strong>Idroponica<\/strong><\/span><\/b><b>?<\/b><\/h2>\n<p><span style=\"font-weight: 400;\">Se state cercando <strong>acquistare Fiori di CBD<\/strong><strong>, <\/strong>questo \u00e8 il tuo posto sicuro per <strong>Acquista fiori CBD Indoor in Spagna.<\/strong>\u00a0<\/span><span style=\"font-weight: 400;\">Tutti i nostri prodotti sono <strong>approvato dall'UE<\/strong>, garantendo la sua legalit\u00e0 e sicurezza. Inoltre, se volete potete consultare<\/span><strong> <a href=\"https:\/\/iguanasmoke.com\/it\/analitica\/\">analisi di laboratorio.<\/a><\/strong><\/p>\n<p><span style=\"font-weight: 400;\">Non dimenticate di esplorare altri gusti di <strong><a href=\"https:\/\/iguanasmoke.com\/it\/categoria\/fiori-di-cbd-4\/fiori-di-cbd-da-interno\/\">Fiori per interni CBD<\/a><\/strong><\/span><span style=\"font-weight: 400;\">.\u00a0<\/span><span style=\"font-weight: 400;\">Esplora la nostra selezione di prodotti CBD e trova i tuoi preferiti.<\/span><span style=\"font-weight: 400;\">\u00a0<\/span><\/p>\n<p><strong data-start=\"303\" data-end=\"345\">Consegna rapida e discreta in tutta la Spagna<\/strong>, con <strong data-start=\"351\" data-end=\"387\">attenzione stretta e personalizzata<\/strong> per rispondere a qualsiasi domanda prima e dopo l'acquisto.<\/p>\n<p>&nbsp;<\/p>\n<p>&nbsp;<\/p>\n<h2><b>Iguana Smoke \u00e8 il vostro negozio online di CBD\u00a0<\/b><\/h2>\n<p><span style=\"font-weight: 400;\">A<strong> Fumo di iguana<\/strong>, Crediamo che il consumo di CBD debba essere un'esperienza sicura. Ecco perch\u00e9 abbiamo prodotti come questo <strong>Fiori CBD indoor<\/strong> <strong>Amnesia Idroponica<\/strong>, Il marchio si rivolge alle nuove generazioni: persone che cercano un benessere senza complicazioni, con marchi autentici e affidabili. <\/span><\/p>\n<p><span style=\"font-weight: 400;\">La nostra missione \u00e8 chiara:<strong> Il meglio del mondo del CBD a un prezzo equo<\/strong>. Inoltre, vi garantiamo la tranquillit\u00e0 che deriva dalla consapevolezza di aver scelto un'azienda <strong>prodotto certificato, efficace e legale 100%<\/strong>. Fate il grande passo, acquistate oggi stesso il vostro CBD vaper e portate la vostra esperienza a un altro livello.\u00a0<\/span><\/p>\n<p>Ancora dubbi? Scriveteci e saremo lieti di aiutarvi a trovare il prodotto giusto per voi.<\/p>\n<p>&nbsp;<\/p>\n<p>&nbsp;<\/p>\n<h6>\u2139\ufe0f<strong> Informazioni legali<\/strong><\/h6>\n<p><em><span style=\"font-weight: 400;\">*Prodotto destinato alla raccolta o all'aromaterapia, in conformit\u00e0 alla legislazione spagnola vigente. <\/span><\/em><\/p>\n<p><em><span style=\"font-weight: 400;\">**Derivato da canapa industriale certificata. Contiene meno dello 0,3 di THC e non contiene cannabinoidi illegali come HHC, HHC-P, THCP, THCP-O, H4CBD o sostanze elencate nell'Allegato I del Regio Decreto 2829\/1977, n\u00e9 sostanze controllate da convenzioni internazionali.\u00a0\u00a0<\/span><\/em><\/p>","protected":false},"excerpt":{"rendered":"<p><span style=\"font-weight: 400;\">Distinguendosi per potenza e aroma, questa variet\u00e0 idroponica ha: <\/span><\/p>\n<ul>\n<li><span style=\"font-weight: 400;\">Coltivazione indoor premium Indoor<\/span><\/li>\n<li><span style=\"font-weight: 400;\">Coltivazione idroponica in acqua<\/span><\/li>\n<li><span style=\"font-weight: 400;\">CBD: tra 12-14% <\/span><\/li>\n<li><span style=\"font-weight: 400;\">THC: &lt;0,3% <\/span><\/li>\n<li><span style=\"font-weight: 400;\">100% legale in Europa <\/span><\/li>\n<li><span style=\"font-weight: 400;\">Assenza di additivi e pesticidi; agricoltura biologica <\/span><\/li>\n<li><span style=\"font-weight: 400;\">Aroma potente e agrumato con note terrose<\/span><\/li>\n<\/ul>\n<p><span style=\"font-weight: 400;\">Consultazione<strong> <a href=\"https:\/\/iguanasmoke.com\/it\/analitica\/\">analisi di laboratorio.<\/a><\/strong><\/span><\/p>","protected":false},"featured_media":87218,"comment_status":"open","ping_status":"closed","template":"","meta":{"_acf_changed":false,"site-sidebar-layout":"default","site-content-layout":"","ast-site-content-layout":"default","site-content-style":"default","site-sidebar-style":"default","ast-global-header-display":"","ast-banner-title-visibility":"","ast-main-header-display":"","ast-hfb-above-header-display":"","ast-hfb-below-header-display":"","ast-hfb-mobile-header-display":"","site-post-title":"","ast-breadcrumbs-content":"","ast-featured-img":"","footer-sml-layout":"","theme-transparent-header-meta":"default","adv-header-id-meta":"","stick-header-meta":"","header-above-stick-meta":"","header-main-stick-meta":"","header-below-stick-meta":"","astra-migrate-meta-layouts":"set","ast-page-background-enabled":"default","ast-page-background-meta":{"desktop":{"background-color":"var(--ast-global-color-4)","background-image":"","background-repeat":"repeat","background-position":"center center","background-size":"auto","background-attachment":"scroll","background-type":"","background-media":"","overlay-type":"","overlay-color":"","overlay-opacity":"","overlay-gradient":""},"tablet":{"background-color":"","background-image":"","background-repeat":"repeat","background-position":"center center","background-size":"auto","background-attachment":"scroll","background-type":"","background-media":"","overlay-type":"","overlay-color":"","overlay-opacity":"","overlay-gradient":""},"mobile":{"background-color":"","background-image":"","background-repeat":"repeat","background-position":"center center","background-size":"auto","background-attachment":"scroll","background-type":"","background-media":"","overlay-type":"","overlay-color":"","overlay-opacity":"","overlay-gradient":""}},"ast-content-background-meta":{"desktop":{"background-color":"var(--ast-global-color-5)","background-image":"","background-repeat":"repeat","background-position":"center center","background-size":"auto","background-attachment":"scroll","background-type":"","background-media":"","overlay-type":"","overlay-color":"","overlay-opacity":"","overlay-gradient":""},"tablet":{"background-color":"var(--ast-global-color-5)","background-image":"","background-repeat":"repeat","background-position":"center center","background-size":"auto","background-attachment":"scroll","background-type":"","background-media":"","overlay-type":"","overlay-color":"","overlay-opacity":"","overlay-gradient":""},"mobile":{"background-color":"var(--ast-global-color-5)","background-image":"","background-repeat":"repeat","background-position":"center center","background-size":"auto","background-attachment":"scroll","background-type":"","background-media":"","overlay-type":"","overlay-color":"","overlay-opacity":"","overlay-gradient":""}}},"product_brand":[],"product_cat":[593,328],"product_tag":[],"class_list":{"0":"post-87211","1":"product","2":"type-product","3":"status-publish","4":"has-post-thumbnail","6":"product_cat-flores-cbd-indoor","7":"product_cat-comprar-flores-de-cbd-cogollos","8":"desktop-align-center","9":"tablet-align-center","10":"mobile-align-center","12":"first","13":"instock","14":"taxable","15":"shipping-taxable","16":"product-type-simple"},"acf":[],"yoast_head":"<!-- This site is optimized with the Yoast SEO Premium plugin v27.5 (Yoast SEO v27.5) - https:\/\/yoast.com\/product\/yoast-seo-premium-wordpress\/ -->\n<title>Flor CBD Indoor Hidrop\u00f3nica Amnesia | Iguana Smoke<\/title>\n<meta name=\"description\" content=\"Vive una experiencia \u00fanica con la Flor CBD Indoor Hidrop\u00f3nica Amnesia. Sus cogollos brillantes y resinosos crecidos en el agua la hace impresionante.\" \/>\n<meta name=\"robots\" content=\"index, follow, max-snippet:-1, max-image-preview:large, max-video-preview:-1\" \/>\n<link rel=\"canonical\" href=\"https:\/\/iguanasmoke.com\/it\/prodotto\/fiori-cbd-indoor-idroponici-amnesia\/\" \/>\n<meta property=\"og:locale\" content=\"it_IT\" \/>\n<meta property=\"og:type\" content=\"article\" \/>\n<meta property=\"og:title\" content=\"Flor CBD Indoor Hidrop\u00f3nica Amnesia\" \/>\n<meta property=\"og:description\" content=\"Destacando por su potencia y aroma, esta variedad Hidrop\u00f3nica tiene:    Cultivo interior premium Indoor  Cultivo Hidrop\u00f3nico en agua  CBD: entre 12-14%   THC: &lt;0,3%   100% legal en Europa   Sin aditivos ni pesticidas; cultivo ecol\u00f3gico   Aroma potente, c\u00edtrico con notas terrosas  Consulta el an\u00e1lisis de laboratorio.\" \/>\n<meta property=\"og:url\" content=\"https:\/\/iguanasmoke.com\/it\/prodotto\/fiori-cbd-indoor-idroponici-amnesia\/\" \/>\n<meta property=\"og:site_name\" content=\"Iguana Smoke\" \/>\n<meta property=\"article:publisher\" content=\"https:\/\/www.facebook.com\/iguanasmoke\" \/>\n<meta property=\"article:modified_time\" content=\"2026-05-12T13:13:53+00:00\" \/>\n<meta property=\"og:image\" content=\"https:\/\/iguanasmoke.com\/wp-content\/uploads\/2026\/05\/Amnesia-hidroponica.webp\" \/>\n\t<meta property=\"og:image:width\" content=\"1000\" \/>\n\t<meta property=\"og:image:height\" content=\"1000\" \/>\n\t<meta property=\"og:image:type\" content=\"image\/webp\" \/>\n<meta name=\"twitter:card\" content=\"summary_large_image\" \/>\n<meta name=\"twitter:label1\" content=\"Prezzo\" \/>\n\t<meta name=\"twitter:data1\" content=\"\" \/>\n\t<meta name=\"twitter:label2\" content=\"Disponibilit\u00e0\" \/>\n\t<meta name=\"twitter:data2\" content=\"In stock\" \/>\n<meta property=\"product:brand\" content=\"simple\" \/>\n<meta property=\"product:price:currency\" content=\"EUR\" \/>\n<meta property=\"og:availability\" content=\"instock\" \/>\n<meta property=\"product:availability\" content=\"instock\" \/>\n<meta property=\"product:condition\" content=\"new\" \/>\n<!-- \/ Yoast SEO Premium plugin. -->","yoast_head_json":{"title":"Flor CBD Indoor Idroponica Amnesia | Iguana Smoke","description":"Vive una experiencia \u00fanica con la Flor CBD Indoor Hidrop\u00f3nica Amnesia. Sus cogollos brillantes y resinosos crecidos en el agua la hace impresionante.","robots":{"index":"index","follow":"follow","max-snippet":"max-snippet:-1","max-image-preview":"max-image-preview:large","max-video-preview":"max-video-preview:-1"},"canonical":"https:\/\/iguanasmoke.com\/it\/prodotto\/fiori-cbd-indoor-idroponici-amnesia\/","og_locale":"it_IT","og_type":"article","og_title":"Flor CBD Indoor Hidrop\u00f3nica Amnesia","og_description":"Destacando por su potencia y aroma, esta variedad Hidrop\u00f3nica tiene:    Cultivo interior premium Indoor  Cultivo Hidrop\u00f3nico en agua  CBD: entre 12-14%   THC: &lt;0,3%   100% legal en Europa   Sin aditivos ni pesticidas; cultivo ecol\u00f3gico   Aroma potente, c\u00edtrico con notas terrosas  Consulta el an\u00e1lisis de laboratorio.","og_url":"https:\/\/iguanasmoke.com\/it\/prodotto\/fiori-cbd-indoor-idroponici-amnesia\/","og_site_name":"Iguana Smoke","article_publisher":"https:\/\/www.facebook.com\/iguanasmoke","article_modified_time":"2026-05-12T13:13:53+00:00","og_image":[{"width":1000,"height":1000,"url":"https:\/\/iguanasmoke.com\/wp-content\/uploads\/2026\/05\/Amnesia-hidroponica.webp","type":"image\/webp"}],"twitter_card":"summary_large_image","twitter_misc":{"Prezzo":"","Disponibilit\u00e0":"In stock"},"schema":{"@context":"https:\/\/schema.org","@graph":[{"@type":"WebPage","@id":"https:\/\/iguanasmoke.com\/producto\/flor-cbd-indoor-hidroponica-amnesia\/","url":"https:\/\/iguanasmoke.com\/producto\/flor-cbd-indoor-hidroponica-amnesia\/","name":"Flor CBD Indoor Idroponica Amnesia | Iguana Smoke","isPartOf":{"@id":"https:\/\/iguanasmoke.com\/#website"},"primaryImageOfPage":{"@id":"https:\/\/iguanasmoke.com\/producto\/flor-cbd-indoor-hidroponica-amnesia\/#primaryimage"},"image":{"@id":"https:\/\/iguanasmoke.com\/producto\/flor-cbd-indoor-hidroponica-amnesia\/#primaryimage"},"thumbnailUrl":"https:\/\/iguanasmoke.com\/wp-content\/uploads\/2026\/05\/Amnesia-hidroponica.webp","datePublished":"2026-05-12T11:54:12+00:00","dateModified":"2026-05-12T13:13:53+00:00","description":"Vive una experiencia \u00fanica con la Flor CBD Indoor Hidrop\u00f3nica Amnesia. Sus cogollos brillantes y resinosos crecidos en el agua la hace impresionante.","breadcrumb":{"@id":"https:\/\/iguanasmoke.com\/producto\/flor-cbd-indoor-hidroponica-amnesia\/#breadcrumb"},"inLanguage":"it-IT","potentialAction":[{"@type":"ReadAction","target":["https:\/\/iguanasmoke.com\/producto\/flor-cbd-indoor-hidroponica-amnesia\/"]}]},{"@type":"ImageObject","inLanguage":"it-IT","@id":"https:\/\/iguanasmoke.com\/producto\/flor-cbd-indoor-hidroponica-amnesia\/#primaryimage","url":"https:\/\/iguanasmoke.com\/wp-content\/uploads\/2026\/05\/Amnesia-hidroponica.webp","contentUrl":"https:\/\/iguanasmoke.com\/wp-content\/uploads\/2026\/05\/Amnesia-hidroponica.webp","width":1000,"height":1000,"caption":"Flor CBD Indoor Amnesia hidroponica bolsa moneda y cogollo"},{"@type":"BreadcrumbList","@id":"https:\/\/iguanasmoke.com\/producto\/flor-cbd-indoor-hidroponica-amnesia\/#breadcrumb","itemListElement":[{"@type":"ListItem","position":1,"name":"home","item":"https:\/\/iguanasmoke.com\/"},{"@type":"ListItem","position":2,"name":"Tienda","item":"https:\/\/iguanasmoke.com\/tienda\/"},{"@type":"ListItem","position":3,"name":"Flores de CBD","item":"https:\/\/iguanasmoke.com\/categoria\/comprar-flores-de-cbd-cogollos\/"},{"@type":"ListItem","position":4,"name":"Flores CBD Indoor","item":"https:\/\/iguanasmoke.com\/categoria\/comprar-flores-de-cbd-cogollos\/flores-cbd-indoor\/"},{"@type":"ListItem","position":5,"name":"Flor CBD Indoor Hidrop\u00f3nica Amnesia"}]},{"@type":"WebSite","@id":"https:\/\/iguanasmoke.com\/#website","url":"https:\/\/iguanasmoke.com\/","name":"Fumo di iguana","description":"Acquistare CBD online al miglior prezzo","publisher":{"@id":"https:\/\/iguanasmoke.com\/#organization"},"potentialAction":[{"@type":"SearchAction","target":{"@type":"EntryPoint","urlTemplate":"https:\/\/iguanasmoke.com\/?s={search_term_string}"},"query-input":{"@type":"PropertyValueSpecification","valueRequired":true,"valueName":"search_term_string"}}],"inLanguage":"it-IT"},{"@type":"Organization","@id":"https:\/\/iguanasmoke.com\/#organization","name":"Fumo di iguana","url":"https:\/\/iguanasmoke.com\/","logo":{"@type":"ImageObject","inLanguage":"it-IT","@id":"https:\/\/iguanasmoke.com\/#\/schema\/logo\/image\/","url":"https:\/\/iguanasmoke.com\/wp-content\/uploads\/2025\/01\/logoiguana-favi-1.png","contentUrl":"https:\/\/iguanasmoke.com\/wp-content\/uploads\/2025\/01\/logoiguana-favi-1.png","width":512,"height":512,"caption":"Iguana Smoke"},"image":{"@id":"https:\/\/iguanasmoke.com\/#\/schema\/logo\/image\/"},"sameAs":["https:\/\/www.facebook.com\/iguanasmoke","https:\/\/www.instagram.com\/iguanasmoke\/"]}]},"product_brand":"simple","product_price_currency":"EUR","og_availability":"instock","product_availability":"instock","product_condition":"new"},"_links":{"self":[{"href":"https:\/\/iguanasmoke.com\/it\/wp-json\/wp\/v2\/product\/87211","targetHints":{"allow":["GET"]}}],"collection":[{"href":"https:\/\/iguanasmoke.com\/it\/wp-json\/wp\/v2\/product"}],"about":[{"href":"https:\/\/iguanasmoke.com\/it\/wp-json\/wp\/v2\/types\/product"}],"replies":[{"embeddable":true,"href":"https:\/\/iguanasmoke.com\/it\/wp-json\/wp\/v2\/comments?post=87211"}],"wp:featuredmedia":[{"embeddable":true,"href":"https:\/\/iguanasmoke.com\/it\/wp-json\/wp\/v2\/media\/87218"}],"wp:attachment":[{"href":"https:\/\/iguanasmoke.com\/it\/wp-json\/wp\/v2\/media?parent=87211"}],"wp:term":[{"taxonomy":"product_brand","embeddable":true,"href":"https:\/\/iguanasmoke.com\/it\/wp-json\/wp\/v2\/product_brand?post=87211"},{"taxonomy":"product_cat","embeddable":true,"href":"https:\/\/iguanasmoke.com\/it\/wp-json\/wp\/v2\/product_cat?post=87211"},{"taxonomy":"product_tag","embeddable":true,"href":"https:\/\/iguanasmoke.com\/it\/wp-json\/wp\/v2\/product_tag?post=87211"}],"curies":[{"name":"wp","href":"https:\/\/api.w.org\/{rel}","templated":true}]}}