{"id":9467,"date":"2021-07-06T18:54:27","date_gmt":"2021-07-06T16:54:27","guid":{"rendered":"http:\/\/iguanasmoke.com\/?post_type=product&#038;p=9467"},"modified":"2025-10-30T13:08:22","modified_gmt":"2025-10-30T12:08:22","slug":"isolare-cbd-99","status":"publish","type":"product","link":"https:\/\/iguanasmoke.com\/it\/producto\/isolate-cbd-99\/","title":{"rendered":"Isolare CBD 99%"},"content":{"rendered":"<h1><span style=\"font-weight: 400\">Isolate CBD 99%: Descubre la m\u00e1xima calidad del CBD<\/span><\/h1>\n<p><span style=\"font-weight: 400\">Bienvenido a la pureza absoluta: El <strong>Isolate CBD 99% <\/strong>es uno de los <strong>extractos de CBD <\/strong>m\u00e1s concentrados y puros de cannabidiol disponible, destaca con un 99% de pureza. <\/span><span style=\"font-weight: 400\">Si buscas <strong>comprar extractos CBD<\/strong> <strong>online<\/strong> de alta calidad o un <strong>Isolate CBD premium<\/strong>, Iguana Smoke es tu tienda ideal para compra CBD online.\u00a0<\/span><\/p>\n<p><span style=\"font-size: 16px;font-weight: 400\">Su f\u00f3rmula concentrada te permite disfrutar de todo el <\/span><strong style=\"font-size: 16px\">poder del cannabidiol (CBD)<\/strong><span style=\"font-size: 16px;font-weight: 400\"> con la m\u00e1xima pureza,\u00a0una <strong style=\"font-size: 16px\">experiencia 100% natural<\/strong>, sin qu\u00edmicos ni disolventes. Elaborado tras un proceso meticuloso de purificaci\u00f3n que elimina todas las impurezas, terpenos, flavonoides y , lo m\u00e1s importante, el THC. <\/span><\/p>\n<p><span style=\"font-size: 16px;font-weight: 400\">Por eso cada gramo de nuestro <strong>Isolate CBD 99% est\u00e1 completamente libre de THC<\/strong>, para que puedas disfrutar de los beneficios terap\u00e9uticos del CBD sin ning\u00fan componnete psicoactivo.<\/span><\/p>\n<p>&nbsp;<\/p>\n<h2><strong>Versatilidad Total para tu Bienestar con el Isolate CBD 99%:<\/strong><\/h2>\n<p><span style=\"font-size: 16px;font-weight: 400\">Destaca por su versatilidad y pureza. Este extracto concentrado de CBD te permite aprovechar todos los beneficios del cannabidiol de forma sencilla y personalizada.<\/span><\/p>\n<p><span style=\"font-size: 16px;font-weight: 400\">Puedes <strong>crear tus propios aceites, e-liquids o comestibles con CBD<\/strong> f\u00e1cilmente, gracias a su <strong>textura cristalina<\/strong> que facilita la dosificaci\u00f3n y la mezcla. Adem\u00e1s, puedes <strong>a\u00f1adirlo a comidas o bebidas<\/strong>, ya que no tiene sabor ni olor, integr\u00e1ndose perfectamente en cualquier receta. <\/span><\/p>\n<p><span style=\"font-size: 16px;font-weight: 400\">Con el <strong>Isolate CBD 99% de Iguana Smoke<\/strong> tienes el control total sobre tu dosis y tu experiencia de bienestar. Ideal para quienes buscan CBD puro de m\u00e1xima calidad y desean <strong>comprar extractos CBD online<\/strong> con total confianza.\u00a0<\/span><\/p>\n<p><span style=\"font-weight: 400\">Consejo IGUANA: Empieza siempre con peque\u00f1as cantidades, especialmente si es tu primera vez usando. Ajusta la dosis y disfruta de una experiencia segura y personalizada.<\/span><\/p>\n<p>&nbsp;<\/p>\n<h2 data-start=\"2719\" data-end=\"2758\">\u00bfC\u00f3mo conservar tu Isolate CBD 99%?<\/h2>\n<div class=\"flex w-full flex-col gap-1 empty:hidden first:pt-[3px]\">\n<div class=\"markdown prose w-full break-words dark:prose-invert dark\">\n<p><span style=\"font-weight: 400\">Para mantener intacta la <strong>pureza, frescura y potencia del Isolate CBD<\/strong>, tienes que almacenarlo correctamente. <\/span><\/p>\n<p><span style=\"font-weight: 400\">En primer lugar, usa <strong>envases herm\u00e9ticos<\/strong> &#8211; mejor si son vidrio o silicona &#8211; para evitar la exposici\u00f3n al aire. Cons\u00e9rvalo en un <strong>lugar fresco y estable<\/strong>, podr\u00eda usarse la <strong>nevera <\/strong>(s\u00f3lo en ambientes muy c\u00e1lidos y aseg\u00farate de que est\u00e9 bien sellado) , pero <strong>nunca en el congelador<\/strong>. A su vez, prot\u00e9gelo<strong> de la luz directa y la humedad <\/strong> ya que es un producto cristalino.<\/span><\/p>\n<p><span style=\"font-weight: 400\">Consejo IGUANA extra: si conservas bien tu Isolate CBD 99%, puede mantener su calidad durante m\u00e1s de 12 meses sin perder eficacia.<\/span><\/p>\n<p><span style=\"font-weight: 400\">Siguiendo estos consejos podr\u00e1s disfrutar de los beneficios de tu extracto CBD durante m\u00e1s tiempo.<\/span><\/p>\n<p>&nbsp;<\/p>\n<\/div>\n<\/div>\n<h3><b>\u00bfPor qu\u00e9 comprar extractos CBD en Iguana Smoke?<\/b><\/h3>\n<p><span style=\"font-weight: 400\">En <strong>Iguana Smoke<\/strong>, nos comprometemos con la calidad y seguridad. Todos nuestros <strong>extractos CBD son 100% naturales, ecol\u00f3gicos y analizados en laboratorio. <\/strong>Puedes consultar el an\u00e1lisis de calidad de este extracto <a href=\"https:\/\/iguanasmoke.com\/analiticas\/\">aqu\u00ed<\/a>.\u00a0<\/span><\/p>\n<p><span style=\"font-weight: 400\">Contamos con una selecci\u00f3n exclusiva de <strong>extractos CBD premium<\/strong> y opciones de <strong>Isolate CBD 99%<\/strong> para todos los gustos<\/span><span style=\"font-weight: 400\">. Iguana Smoke es tu lugar seguro <strong>d\u00f3nde comprar Isolate CBD online en Espa\u00f1a: <\/strong>productos aprobados por la Uni\u00f3n Europea, con <strong>menos del 0,3 % de THC<\/strong>, para disfrutar de una experiencia aut\u00e9ntica y dentro del marco legal. <\/span><\/p>\n<p><span style=\"font-weight: 400\">Es m\u00e1s,\u00a0te animamos a que pruebes otros de nuestros extractos CBD como la <a href=\"https:\/\/iguanasmoke.com\/producto\/sugar-wax-cbd-88-con-live-terpenes\/\">Sugar Wax 88%<\/a> o el <a href=\"https:\/\/iguanasmoke.com\/producto\/diamonds-cbd-98-live-terpenes\/\">Diamonds CBD 98%<\/a> y no te olvides de explorar otros productos populares, como el <a href=\"https:\/\/iguanasmoke.com\/categoria\/hash-cbd\/\">hach\u00eds CBD<\/a> y las <a href=\"https:\/\/iguanasmoke.com\/categoria\/comprar-flor-cbd-cogollos-online\/\">flores de CBD.<\/a><\/span><\/p>\n<p><span style=\"font-weight: 400\">Y si es tu primera vez con los extractos&#8230; este es un muy buen punto de partida. \u00a1No dudes en <strong>comprar extractos CBD online<\/strong> con Iguana Smoke!<\/span><\/p>\n<p><em><span style=\"font-weight: 400\">Recuerda: su uso est\u00e1 destinado a coleccionismo o aromaterapia seg\u00fan la legislaci\u00f3n espa\u00f1ola.\u00a0<\/span><\/em><\/p>\n<p>&nbsp;<\/p>\n<h3><b>Iguana Smoke es calidad y confianza, es CBD f\u00e1cil<\/b><\/h3>\n<p><span style=\"font-weight: 400\">En Iguana Smoke, creemos que <strong>disfrutar del CBD<\/strong> debe ser una experiencia segura, accesible y placentera. Por eso te ofrecemos CBD de alta calidad para quienes buscan <strong>bienestar sin complicaciones. <\/strong>El <strong>Isolate CBD 99%<\/strong>\u00a0refleja nuestra misi\u00f3n: productos certificados, efectivos y 100% legales al mejor precio con la mejor calidad. \u00a1Descubre el poder del CBD y lleva tu experiencia al siguiente nivel!<\/span><\/p>\n<p>\u00bfTienes dudas? Escr\u00edbenos y con gusto te ayudamos a encontrar el producto ideal para ti.<\/p>\n","protected":false},"excerpt":{"rendered":"<p class=\"p1\" style=\"text-align: justify\">Isolate CBD 99% Iguana Smoke ha una concentrazione di CBD puro ed \u00e8 completamente privo di THC. Sviluppato da laboratori certificati ISO e GMP, a riprova della sua alta qualit\u00e0 e purezza.<\/p>\n<ul>\n<li>CBD: 99% \/ THC: 0%<\/li>\n<li>CBD isolato puro<\/li>\n<\/ul>\n<p>Analisi della qualit\u00e0: clicca <a href=\"https:\/\/iguanasmoke.com\/it\/analitica\/\" target=\"_blank\" rel=\"noopener\">qui<\/a><\/p>","protected":false},"featured_media":45994,"comment_status":"open","ping_status":"closed","template":"","meta":{"_acf_changed":false,"site-sidebar-layout":"default","site-content-layout":"","ast-site-content-layout":"default","site-content-style":"default","site-sidebar-style":"default","ast-global-header-display":"","ast-banner-title-visibility":"","ast-main-header-display":"","ast-hfb-above-header-display":"","ast-hfb-below-header-display":"","ast-hfb-mobile-header-display":"","site-post-title":"","ast-breadcrumbs-content":"","ast-featured-img":"","footer-sml-layout":"","theme-transparent-header-meta":"default","adv-header-id-meta":"","stick-header-meta":"","header-above-stick-meta":"","header-main-stick-meta":"","header-below-stick-meta":"","astra-migrate-meta-layouts":"set","ast-page-background-enabled":"default","ast-page-background-meta":{"desktop":{"background-color":"var(--ast-global-color-4)","background-image":"","background-repeat":"repeat","background-position":"center center","background-size":"auto","background-attachment":"scroll","background-type":"","background-media":"","overlay-type":"","overlay-color":"","overlay-opacity":"","overlay-gradient":""},"tablet":{"background-color":"","background-image":"","background-repeat":"repeat","background-position":"center center","background-size":"auto","background-attachment":"scroll","background-type":"","background-media":"","overlay-type":"","overlay-color":"","overlay-opacity":"","overlay-gradient":""},"mobile":{"background-color":"","background-image":"","background-repeat":"repeat","background-position":"center center","background-size":"auto","background-attachment":"scroll","background-type":"","background-media":"","overlay-type":"","overlay-color":"","overlay-opacity":"","overlay-gradient":""}},"ast-content-background-meta":{"desktop":{"background-color":"var(--ast-global-color-5)","background-image":"","background-repeat":"repeat","background-position":"center center","background-size":"auto","background-attachment":"scroll","background-type":"","background-media":"","overlay-type":"","overlay-color":"","overlay-opacity":"","overlay-gradient":""},"tablet":{"background-color":"var(--ast-global-color-5)","background-image":"","background-repeat":"repeat","background-position":"center center","background-size":"auto","background-attachment":"scroll","background-type":"","background-media":"","overlay-type":"","overlay-color":"","overlay-opacity":"","overlay-gradient":""},"mobile":{"background-color":"var(--ast-global-color-5)","background-image":"","background-repeat":"repeat","background-position":"center center","background-size":"auto","background-attachment":"scroll","background-type":"","background-media":"","overlay-type":"","overlay-color":"","overlay-opacity":"","overlay-gradient":""}}},"product_brand":[],"product_cat":[462],"product_tag":[],"class_list":{"0":"post-9467","1":"product","2":"type-product","3":"status-publish","4":"has-post-thumbnail","6":"product_cat-extractos-cbd","7":"desktop-align-center","8":"tablet-align-center","9":"mobile-align-center","11":"first","12":"instock","13":"taxable","14":"shipping-taxable","15":"purchasable","16":"product-type-variable"},"acf":[],"yoast_head":"<!-- This site is optimized with the Yoast SEO Premium plugin v27.3 (Yoast SEO v27.3) - https:\/\/yoast.com\/product\/yoast-seo-premium-wordpress\/ -->\n<title>Isolate CBD 99% | Iguana Smoke<\/title>\n<meta name=\"description\" content=\"El Isolate CBD 99% est\u00e1 libre de THC y certificado de pureza. Ideal para mezclar en tus aceites. \u00a1Comprar extractos CBD online nunca fue tan f\u00e1cil!\" \/>\n<meta name=\"robots\" content=\"index, follow, max-snippet:-1, max-image-preview:large, max-video-preview:-1\" \/>\n<link rel=\"canonical\" href=\"https:\/\/iguanasmoke.com\/it\/prodotto\/isolare-cbd-99\/\" \/>\n<meta property=\"og:locale\" content=\"it_IT\" \/>\n<meta property=\"og:type\" content=\"article\" \/>\n<meta property=\"og:title\" content=\"Isolate CBD 99%\" \/>\n<meta property=\"og:description\" content=\"El Isolate CBD 99% Iguana Smoke tiene una concentraci\u00f3n pura CBD y se encuentra totalmente libre de THC. Desarrollado por laboratorios con certificaciones ISO y GMP, demostrando su alta calidad y pureza.    CBD: 99% \/ THC: 0%  Aislado de CBD puro  An\u00e1lisis de calidad: pincha aqu\u00ed\" \/>\n<meta property=\"og:url\" content=\"https:\/\/iguanasmoke.com\/it\/prodotto\/isolare-cbd-99\/\" \/>\n<meta property=\"og:site_name\" content=\"Iguana Smoke\" \/>\n<meta property=\"article:publisher\" content=\"https:\/\/www.facebook.com\/iguanasmoke\" \/>\n<meta property=\"article:modified_time\" content=\"2025-10-30T12:08:22+00:00\" \/>\n<meta property=\"og:image\" content=\"https:\/\/iguanasmoke.com\/wp-content\/uploads\/2021\/07\/rosin-cbd-isolate.webp\" \/>\n\t<meta property=\"og:image:width\" content=\"1000\" \/>\n\t<meta property=\"og:image:height\" content=\"1000\" \/>\n\t<meta property=\"og:image:type\" content=\"image\/webp\" \/>\n<meta name=\"twitter:card\" content=\"summary_large_image\" \/>\n<meta name=\"twitter:label1\" content=\"Disponibilit\u00e0\" \/>\n\t<meta name=\"twitter:data1\" content=\"In stock\" \/>\n<meta property=\"product:brand\" content=\"variable\" \/>\n<meta property=\"og:availability\" content=\"instock\" \/>\n<meta property=\"product:availability\" content=\"instock\" \/>\n<meta property=\"product:condition\" content=\"new\" \/>\n<!-- \/ Yoast SEO Premium plugin. -->","yoast_head_json":{"title":"Isolare CBD 99% - Fumo di iguana","description":"Il CBD Isolate 99% \u00e8 privo di THC e certificato puro. Ideale da mescolare ai vostri oli, acquistare estratti di CBD online non \u00e8 mai stato cos\u00ec facile!","robots":{"index":"index","follow":"follow","max-snippet":"max-snippet:-1","max-image-preview":"max-image-preview:large","max-video-preview":"max-video-preview:-1"},"canonical":"https:\/\/iguanasmoke.com\/it\/prodotto\/isolare-cbd-99\/","og_locale":"it_IT","og_type":"article","og_title":"Isolate CBD 99%","og_description":"El Isolate CBD 99% Iguana Smoke tiene una concentraci\u00f3n pura CBD y se encuentra totalmente libre de THC. Desarrollado por laboratorios con certificaciones ISO y GMP, demostrando su alta calidad y pureza.    CBD: 99% \/ THC: 0%  Aislado de CBD puro  An\u00e1lisis de calidad: pincha aqu\u00ed","og_url":"https:\/\/iguanasmoke.com\/it\/prodotto\/isolare-cbd-99\/","og_site_name":"Iguana Smoke","article_publisher":"https:\/\/www.facebook.com\/iguanasmoke","article_modified_time":"2025-10-30T12:08:22+00:00","og_image":[{"width":1000,"height":1000,"url":"https:\/\/iguanasmoke.com\/wp-content\/uploads\/2021\/07\/rosin-cbd-isolate.webp","type":"image\/webp"}],"twitter_card":"summary_large_image","twitter_misc":{"Disponibilit\u00e0":"In stock"},"schema":{"@context":"https:\/\/schema.org","@graph":[{"@type":"WebPage","@id":"https:\/\/iguanasmoke.com\/producto\/isolate-cbd-99\/","url":"https:\/\/iguanasmoke.com\/producto\/isolate-cbd-99\/","name":"Isolare CBD 99% - Fumo di iguana","isPartOf":{"@id":"https:\/\/iguanasmoke.com\/#website"},"primaryImageOfPage":{"@id":"https:\/\/iguanasmoke.com\/producto\/isolate-cbd-99\/#primaryimage"},"image":{"@id":"https:\/\/iguanasmoke.com\/producto\/isolate-cbd-99\/#primaryimage"},"thumbnailUrl":"https:\/\/iguanasmoke.com\/wp-content\/uploads\/2021\/07\/rosin-cbd-isolate.webp","datePublished":"2021-07-06T16:54:27+00:00","dateModified":"2025-10-30T12:08:22+00:00","description":"Il CBD Isolate 99% \u00e8 privo di THC e certificato puro. Ideale da mescolare ai vostri oli, acquistare estratti di CBD online non \u00e8 mai stato cos\u00ec facile!","breadcrumb":{"@id":"https:\/\/iguanasmoke.com\/producto\/isolate-cbd-99\/#breadcrumb"},"inLanguage":"it-IT","potentialAction":[{"@type":"ReadAction","target":["https:\/\/iguanasmoke.com\/producto\/isolate-cbd-99\/"]}]},{"@type":"ImageObject","inLanguage":"it-IT","@id":"https:\/\/iguanasmoke.com\/producto\/isolate-cbd-99\/#primaryimage","url":"https:\/\/iguanasmoke.com\/wp-content\/uploads\/2021\/07\/rosin-cbd-isolate.webp","contentUrl":"https:\/\/iguanasmoke.com\/wp-content\/uploads\/2021\/07\/rosin-cbd-isolate.webp","width":1000,"height":1000,"caption":"cbd isolate"},{"@type":"BreadcrumbList","@id":"https:\/\/iguanasmoke.com\/producto\/isolate-cbd-99\/#breadcrumb","itemListElement":[{"@type":"ListItem","position":1,"name":"home","item":"https:\/\/iguanasmoke.com\/"},{"@type":"ListItem","position":2,"name":"Tienda","item":"https:\/\/iguanasmoke.com\/tienda\/"},{"@type":"ListItem","position":3,"name":"Extractos de CBD","item":"https:\/\/iguanasmoke.com\/categoria\/extractos-cbd\/"},{"@type":"ListItem","position":4,"name":"Isolate CBD 99%"}]},{"@type":"WebSite","@id":"https:\/\/iguanasmoke.com\/#website","url":"https:\/\/iguanasmoke.com\/","name":"Fumo di iguana","description":"Acquistare CBD online al miglior prezzo","publisher":{"@id":"https:\/\/iguanasmoke.com\/#organization"},"potentialAction":[{"@type":"SearchAction","target":{"@type":"EntryPoint","urlTemplate":"https:\/\/iguanasmoke.com\/?s={search_term_string}"},"query-input":{"@type":"PropertyValueSpecification","valueRequired":true,"valueName":"search_term_string"}}],"inLanguage":"it-IT"},{"@type":"Organization","@id":"https:\/\/iguanasmoke.com\/#organization","name":"Fumo di iguana","url":"https:\/\/iguanasmoke.com\/","logo":{"@type":"ImageObject","inLanguage":"it-IT","@id":"https:\/\/iguanasmoke.com\/#\/schema\/logo\/image\/","url":"https:\/\/iguanasmoke.com\/wp-content\/uploads\/2025\/01\/logoiguana-favi-1.png","contentUrl":"https:\/\/iguanasmoke.com\/wp-content\/uploads\/2025\/01\/logoiguana-favi-1.png","width":512,"height":512,"caption":"Iguana Smoke"},"image":{"@id":"https:\/\/iguanasmoke.com\/#\/schema\/logo\/image\/"},"sameAs":["https:\/\/www.facebook.com\/iguanasmoke","https:\/\/www.instagram.com\/iguanasmoke\/"]}]},"product_brand":"variable","og_availability":"instock","product_availability":"instock","product_condition":"new"},"_links":{"self":[{"href":"https:\/\/iguanasmoke.com\/it\/wp-json\/wp\/v2\/product\/9467","targetHints":{"allow":["GET"]}}],"collection":[{"href":"https:\/\/iguanasmoke.com\/it\/wp-json\/wp\/v2\/product"}],"about":[{"href":"https:\/\/iguanasmoke.com\/it\/wp-json\/wp\/v2\/types\/product"}],"replies":[{"embeddable":true,"href":"https:\/\/iguanasmoke.com\/it\/wp-json\/wp\/v2\/comments?post=9467"}],"wp:featuredmedia":[{"embeddable":true,"href":"https:\/\/iguanasmoke.com\/it\/wp-json\/wp\/v2\/media\/45994"}],"wp:attachment":[{"href":"https:\/\/iguanasmoke.com\/it\/wp-json\/wp\/v2\/media?parent=9467"}],"wp:term":[{"taxonomy":"product_brand","embeddable":true,"href":"https:\/\/iguanasmoke.com\/it\/wp-json\/wp\/v2\/product_brand?post=9467"},{"taxonomy":"product_cat","embeddable":true,"href":"https:\/\/iguanasmoke.com\/it\/wp-json\/wp\/v2\/product_cat?post=9467"},{"taxonomy":"product_tag","embeddable":true,"href":"https:\/\/iguanasmoke.com\/it\/wp-json\/wp\/v2\/product_tag?post=9467"}],"curies":[{"name":"wp","href":"https:\/\/api.w.org\/{rel}","templated":true}]}}