{"id":9479,"date":"2021-07-08T19:11:58","date_gmt":"2021-07-08T17:11:58","guid":{"rendered":"http:\/\/iguanasmoke.com\/?post_type=product&#038;p=9479"},"modified":"2026-03-24T13:19:25","modified_gmt":"2026-03-24T12:19:25","slug":"acquistare-fiori-di-cbd-pre-rotolo-cono-king-size-cbd-1gr","status":"publish","type":"product","link":"https:\/\/iguanasmoke.com\/it\/producto\/comprar-cbd-flores-pre-roll-cono-king-size-cbd-1gr\/","title":{"rendered":"CBD pre roll - Cono CBD king size"},"content":{"rendered":"<h1><span style=\"font-weight: 400;\">CBD pre-roll - Cono king size\u00a0<\/span><\/h1>\n<p data-start=\"277\" data-end=\"346\"><span style=\"font-weight: 400;\">Siete alla ricerca di un <strong>CBD pre-rotolo<\/strong> potente e con la qualit\u00e0 perfetta di un fiore premium? Il <strong>Cono Iguana Smoke CBD King Size<\/strong> \u00e8 la scelta perfetta per chi vuole godersi il cannabidiolo senza problemi: aperta, leggera e rilassante. <\/span><\/p>\n<p data-start=\"277\" data-end=\"346\"><span style=\"font-weight: 400;\">Questo cono in licenza contiene <strong>1 g di fiore CBD Sour Tsunami<\/strong>, coltivati biologicamente e <strong>niente avanzi, ritagli o miscele<\/strong>. Solo <strong>fiore premium pronto<\/strong> per offrirvi un <strong>un'esperienza morbida, naturale e molto rilassante<\/strong>. <\/span><\/p>\n<p data-start=\"277\" data-end=\"346\"><span style=\"font-weight: 400;\">Scoprite altri formati per <a href=\"https:\/\/iguanasmoke.com\/it\/categoria\/fiori\/fiori-di-cbd-4\/\"><strong>acquistare fiori di CBD<\/strong><\/a>, dove potrete scoprire la nostra ampia selezione di fiori CBD di prima qualit\u00e0.<\/span><\/p>\n<p data-start=\"277\" data-end=\"346\"><span style=\"color: #ffffff;\">-<\/span><\/p>\n<h2><strong>Pre-rotoli di CBD di qualit\u00e0 - Veloci, puliti e diretti<\/strong><\/h2>\n<p><span style=\"font-weight: 400;\">Il nostro <strong>Cono King Size CBD<\/strong> \u00e8 coinvolto con <strong>carta grezza biologica<\/strong>, senza sostanze chimiche, additivi o coloranti. All'interno troverete fiori selezionati con <strong>15% CBD<\/strong> e meno di <strong>0,3% THC<\/strong>. Pertanto, le 100% sono legali in Spagna e in Europa.<\/span><\/p>\n<p><span style=\"font-weight: 400;\">Questo formato XL \u00e8 ideale per coloro che desiderano <strong>acquistare fiori di CBD<\/strong> gi\u00e0 pre-rollata senza sacrificare l'aroma, la potenza e la qualit\u00e0 di un buon fiore. Questo non \u00e8 un Pre-Roll qualsiasi, \u00e8 <strong>qualit\u00e0 premium<\/strong>, progettato per chi cerca il comfort senza perdere l'intensit\u00e0.\u00a0<\/span><\/p>\n<p>&nbsp;<\/p>\n<h2 data-start=\"1495\" data-end=\"1540\">Caratteristiche del cono CBD King Size:<\/h2>\n<ul>\n<li><span style=\"font-weight: 400;\"><strong>1 grammo<\/strong> di fiore vero <strong>Tsunami acido <\/strong><\/span><\/li>\n<li><span style=\"font-weight: 400;\"><strong>CBD<\/strong> a <strong>15%<\/strong> y <strong>THC &lt;0,3%<\/strong> -Prodotto legale privo di effetti psicoattivi <\/span><\/li>\n<li><span style=\"font-weight: 400;\"><strong>Carte grezze<\/strong> biologico e privo di sostanze chimiche <\/span><\/li>\n<li><span style=\"font-weight: 400;\"><strong>A dominanza sativa<\/strong>, con un aroma dolce e intenso <\/span><\/li>\n<li><span style=\"font-weight: 400;\"><strong>Agricoltura biologica<\/strong>, senza pesticidi e OGM<\/span><\/li>\n<li><span style=\"font-weight: 400;\">Pronto all'uso, <strong>non mescolato e non arrotolato<\/strong><\/span><\/li>\n<\/ul>\n<p>&nbsp;<\/p>\n<h2><b>Dove acquistare il CBD Pre Roll online<\/b><b>?<\/b><\/h2>\n<p><span style=\"font-weight: 400;\">Naturalmente, in <strong>Fumo di iguana. <\/strong>Qui diamo priorit\u00e0 alla qualit\u00e0 e alla trasparenza di ogni prodotto. Il nostro Pre Roll \u00e8 realizzato con prodotti autentici <strong>fiori di canapa<\/strong>. Sono stati accuratamente selezionati e <strong>morsi<\/strong> per preservare tutto il suo aroma, la sua potenza e le sue propriet\u00e0 naturali. <\/span><span style=\"font-weight: 400;\">Come nel caso del nostro <strong>Cono CBD<\/strong>, Il nuovo design, comodo e pratico, \u00e8 un vero e proprio colpo d'occhio.<\/span><\/p>\n<p><span style=\"font-weight: 400;\">Questo \u00e8 il vostro posto sicuro per <strong>acquistare CBD Pre Roll online in Spagna.<\/strong> Tutti i nostri prodotti sono approvati dall'UE, a garanzia della loro legalit\u00e0 e sicurezza. Inoltre, se volete potete consultare<\/span><strong> <a href=\"https:\/\/iguanasmoke.com\/it\/analitica\/\">analisi di laboratorio.<\/a>\u00a0<\/strong><\/p>\n<p><span style=\"font-weight: 400;\">Non dimenticatevi di completare la vostra esperienza con il <a href=\"https:\/\/iguanasmoke.com\/it\/prodotto\/supporto-per-pre-rotolo\/\"><strong>Porta rotolo Iguana Smoke<\/strong><\/a> e testare il <strong>nuovo Pre Roll<\/strong> pieno della nostra molecola alla moda: <strong><a href=\"https:\/\/iguanasmoke.com\/it\/prodotto\/pre-roll-10-oh-king-size-1-5g\/\">Pre-rotolo 10-OH - Cono king size<\/a><\/strong>. Se i fiori CBD sono la vostra passione, scoprite <\/span><span style=\"font-weight: 400;\">altro <strong>Prodotti TOP<\/strong> come il <a href=\"https:\/\/iguanasmoke.com\/it\/prodotto\/comprar-flor-cbd-pop-corn-sour-tsunami-25gr-cogollos-online\/\"><strong>Pop Corn 25g<\/strong><\/a> o il <strong><a href=\"https:\/\/iguanasmoke.com\/it\/categoria\/cbd\/pronto-a-partire\/\">Pronti a partire<\/a><\/strong>. <\/span><span style=\"font-weight: 400;\">Esplora la nostra gamma di <strong><a href=\"https:\/\/iguanasmoke.com\/it\/categoria\/estratti-di-cbd\/\">Estratti di CBD<\/a><\/strong> y <strong><a href=\"https:\/\/iguanasmoke.com\/it\/categoria\/hashish-cbd\/\">Resine di CBD<\/a><\/strong> e allucinazioni.\u00a0<\/span><\/p>\n<p>Consegna rapida, grande attenzione e un negozio con un imballaggio discreto e sicuro che va avanti, solo per farvelo gustare!<\/p>\n<p>&nbsp;<\/p>\n<h3><b>Iguana Smoke \u00e8 il vostro negozio online di CBD\u00a0<\/b><\/h3>\n<p><span style=\"font-weight: 400;\">A<strong> Fumo di iguana<\/strong>, Crediamo che il consumo di CBD debba essere un'esperienza sicura e piacevole. Ecco perch\u00e9 abbiamo prodotti come questo <em>Pre-rotolo - Cono CBD King Size<\/em> di alta qualit\u00e0, che si connette con le nuove generazioni: persone che cercano un benessere senza complicazioni, con marchi autentici e affidabili. Questo \u00e8 il vostro Pre Roll CBD: niente pi\u00f9 macinatura, niente pi\u00f9 rotolamento, niente pi\u00f9 seccature.\u00a0<\/span><\/p>\n<p>La nostra missione \u00e8 chiara: offrirvi il meglio del mondo dei cannabinoidi a un prezzo equo. Inoltre, vi diamo la tranquillit\u00e0 di sapere che state scegliendo un prodotto certificato, efficace e 100% legale. Il vostro momento di relax inizia qui con noi.<\/p>\n<p>Ancora dubbi? Scriveteci e saremo lieti di aiutarvi a trovare il prodotto giusto per voi*.<\/p>\n<p>&nbsp;<\/p>\n<p style=\"padding-left: 40px; text-align: center;\"><em><span style=\"font-weight: 400;\">\u26a0\ufe0fRecuerda: il suo uso \u00e8 destinato al collezionismo o all'aromaterapia secondo la legislazione spagnola. <\/span><\/em><\/p>\n<p><em><span style=\"font-weight: 400;\">*Tutti i nostri prodotti sono derivati da canapa industriale certificata. Contengono meno dello 0,3 di THC e non contengono cannabinoidi illegali come HHC, HHC-P, THCP, THCP-O, H4CBD e quelli inclusi nell'Allegato I del Regio Decreto 2829\/1977, n\u00e9 sostanze controllate dalle convenzioni internazionali.\u00a0\u00a0<\/span><\/em><\/p>","protected":false},"excerpt":{"rendered":"<p>Il suo formato XL offre convenienza, aroma dolce e qualit\u00e0 premium:<\/p>\n<ul>\n<li>Non usiamo finiture, ma solo fiori di alta qualit\u00e0.<\/li>\n<li>A dominanza sativa<\/li>\n<li>Variet\u00e0 Tsunami acido<\/li>\n<li style=\"text-align: justify;\">Quantit\u00e0 approssimativa di fiori: 1 grammo<\/li>\n<li style=\"text-align: justify;\">CBD: 15% \/ THC: &lt; 0,3%<\/li>\n<li style=\"text-align: justify;\">100% legale in Europa<\/li>\n<\/ul>\n<p>Analisi della qualit\u00e0 <a href=\"https:\/\/iguanasmoke.com\/wp-content\/uploads\/2018\/02\/Pre-Rolls-de-CBD.pdf\" target=\"_blank\" rel=\"noopener\">qui<\/a><\/p>","protected":false},"featured_media":15081,"comment_status":"open","ping_status":"closed","template":"","meta":{"_acf_changed":false,"site-sidebar-layout":"default","site-content-layout":"default","ast-site-content-layout":"default","site-content-style":"default","site-sidebar-style":"default","ast-global-header-display":"","ast-banner-title-visibility":"","ast-main-header-display":"","ast-hfb-above-header-display":"","ast-hfb-below-header-display":"","ast-hfb-mobile-header-display":"","site-post-title":"","ast-breadcrumbs-content":"","ast-featured-img":"","footer-sml-layout":"","theme-transparent-header-meta":"default","adv-header-id-meta":"","stick-header-meta":"","header-above-stick-meta":"","header-main-stick-meta":"","header-below-stick-meta":"","astra-migrate-meta-layouts":"set","ast-page-background-enabled":"default","ast-page-background-meta":{"desktop":{"background-color":"var(--ast-global-color-4)","background-image":"","background-repeat":"repeat","background-position":"center center","background-size":"auto","background-attachment":"scroll","background-type":"","background-media":"","overlay-type":"","overlay-color":"","overlay-opacity":"","overlay-gradient":""},"tablet":{"background-color":"","background-image":"","background-repeat":"repeat","background-position":"center center","background-size":"auto","background-attachment":"scroll","background-type":"","background-media":"","overlay-type":"","overlay-color":"","overlay-opacity":"","overlay-gradient":""},"mobile":{"background-color":"","background-image":"","background-repeat":"repeat","background-position":"center center","background-size":"auto","background-attachment":"scroll","background-type":"","background-media":"","overlay-type":"","overlay-color":"","overlay-opacity":"","overlay-gradient":""}},"ast-content-background-meta":{"desktop":{"background-color":"var(--ast-global-color-5)","background-image":"","background-repeat":"repeat","background-position":"center center","background-size":"auto","background-attachment":"scroll","background-type":"","background-media":"","overlay-type":"","overlay-color":"","overlay-opacity":"","overlay-gradient":""},"tablet":{"background-color":"var(--ast-global-color-5)","background-image":"","background-repeat":"repeat","background-position":"center center","background-size":"auto","background-attachment":"scroll","background-type":"","background-media":"","overlay-type":"","overlay-color":"","overlay-opacity":"","overlay-gradient":""},"mobile":{"background-color":"var(--ast-global-color-5)","background-image":"","background-repeat":"repeat","background-position":"center center","background-size":"auto","background-attachment":"scroll","background-type":"","background-media":"","overlay-type":"","overlay-color":"","overlay-opacity":"","overlay-gradient":""}}},"product_brand":[],"product_cat":[328,335],"product_tag":[],"class_list":{"0":"post-9479","1":"product","2":"type-product","3":"status-publish","4":"has-post-thumbnail","6":"product_cat-comprar-flores-de-cbd-y-cogollos-de-cbd","7":"product_cat-pre-roll-porros-cbd","8":"desktop-align-center","9":"tablet-align-center","10":"mobile-align-center","12":"first","13":"instock","14":"taxable","15":"shipping-taxable","16":"purchasable","17":"product-type-simple"},"acf":[],"yoast_head":"<!-- This site is optimized with the Yoast SEO Premium plugin v27.3 (Yoast SEO v27.3) - https:\/\/yoast.com\/product\/yoast-seo-premium-wordpress\/ -->\n<title>Pre Roll CBD - Cono King Size | Iguana Smoke<\/title>\n<meta name=\"description\" content=\"Prueba el Pre Roll CBD de Iguana Smoke y siente la diferencia. Con flor ecol\u00f3gica y calidad excepcional, este Cono King Size CBD ser\u00e1 tu perdici\u00f3n.\" \/>\n<meta name=\"robots\" content=\"index, follow, max-snippet:-1, max-image-preview:large, max-video-preview:-1\" \/>\n<link rel=\"canonical\" href=\"https:\/\/iguanasmoke.com\/it\/prodotto\/acquistare-fiori-di-cbd-pre-rotolo-cono-king-size-cbd-1gr\/\" \/>\n<meta property=\"og:locale\" content=\"it_IT\" \/>\n<meta property=\"og:type\" content=\"article\" \/>\n<meta property=\"og:title\" content=\"Pre Roll CBD - Cono King Size de CBD\" \/>\n<meta property=\"og:description\" content=\"Su formato XL ofrece comodidad, aroma dulce y calidad premium:   No usamos trim, solo flores de primera calidad  Dominante Sativa  Variedad Sour Tsunami  Cantidad de flores aproximada: 1 gramo  CBD: 15% \/ THC: &lt; 0,3%  100% legal en Europa  An\u00e1lisis de calidad aqu\u00ed\" \/>\n<meta property=\"og:url\" content=\"https:\/\/iguanasmoke.com\/it\/prodotto\/acquistare-fiori-di-cbd-pre-rotolo-cono-king-size-cbd-1gr\/\" \/>\n<meta property=\"og:site_name\" content=\"Iguana Smoke\" \/>\n<meta property=\"article:publisher\" content=\"https:\/\/www.facebook.com\/iguanasmoke\" \/>\n<meta property=\"article:modified_time\" content=\"2026-03-24T12:19:25+00:00\" \/>\n<meta property=\"og:image\" content=\"https:\/\/iguanasmoke.com\/wp-content\/uploads\/2021\/07\/Pre-Roll-1G.webp\" \/>\n\t<meta property=\"og:image:width\" content=\"500\" \/>\n\t<meta property=\"og:image:height\" content=\"500\" \/>\n\t<meta property=\"og:image:type\" content=\"image\/webp\" \/>\n<meta name=\"twitter:card\" content=\"summary_large_image\" \/>\n<meta name=\"twitter:label1\" content=\"Prezzo\" \/>\n\t<meta name=\"twitter:data1\" content=\"5,00&nbsp;&euro;\" \/>\n\t<meta name=\"twitter:label2\" content=\"Disponibilit\u00e0\" \/>\n\t<meta name=\"twitter:data2\" content=\"In stock\" \/>\n<meta property=\"product:brand\" content=\"simple\" \/>\n<meta property=\"product:price:amount\" content=\"5.00\" \/>\n<meta property=\"product:price:currency\" content=\"EUR\" \/>\n<meta property=\"og:availability\" content=\"instock\" \/>\n<meta property=\"product:availability\" content=\"instock\" \/>\n<meta property=\"product:retailer_item_id\" content=\"IS-CONOCBD\" \/>\n<meta property=\"product:condition\" content=\"new\" \/>\n<!-- \/ Yoast SEO Premium plugin. -->","yoast_head_json":{"title":"Pre roll CBD - Cono King Size | Iguana Smoke","description":"Provate il CBD Pre Roll di Iguana Smoke e sentite la differenza. Con fiori organici e qualit\u00e0 eccezionale, questo cono di CBD King Size sar\u00e0 sicuramente il vostro preferito.","robots":{"index":"index","follow":"follow","max-snippet":"max-snippet:-1","max-image-preview":"max-image-preview:large","max-video-preview":"max-video-preview:-1"},"canonical":"https:\/\/iguanasmoke.com\/it\/prodotto\/acquistare-fiori-di-cbd-pre-rotolo-cono-king-size-cbd-1gr\/","og_locale":"it_IT","og_type":"article","og_title":"Pre Roll CBD - Cono King Size de CBD","og_description":"Su formato XL ofrece comodidad, aroma dulce y calidad premium:   No usamos trim, solo flores de primera calidad  Dominante Sativa  Variedad Sour Tsunami  Cantidad de flores aproximada: 1 gramo  CBD: 15% \/ THC: &lt; 0,3%  100% legal en Europa  An\u00e1lisis de calidad aqu\u00ed","og_url":"https:\/\/iguanasmoke.com\/it\/prodotto\/acquistare-fiori-di-cbd-pre-rotolo-cono-king-size-cbd-1gr\/","og_site_name":"Iguana Smoke","article_publisher":"https:\/\/www.facebook.com\/iguanasmoke","article_modified_time":"2026-03-24T12:19:25+00:00","og_image":[{"width":500,"height":500,"url":"https:\/\/iguanasmoke.com\/wp-content\/uploads\/2021\/07\/Pre-Roll-1G.webp","type":"image\/webp"}],"twitter_card":"summary_large_image","twitter_misc":{"Prezzo":"5,00&nbsp;&euro;","Disponibilit\u00e0":"In stock"},"schema":{"@context":"https:\/\/schema.org","@graph":[{"@type":"WebPage","@id":"https:\/\/iguanasmoke.com\/producto\/comprar-cbd-flores-pre-roll-cono-king-size-cbd-1gr\/","url":"https:\/\/iguanasmoke.com\/producto\/comprar-cbd-flores-pre-roll-cono-king-size-cbd-1gr\/","name":"Pre roll CBD - Cono King Size | Iguana Smoke","isPartOf":{"@id":"https:\/\/iguanasmoke.com\/#website"},"primaryImageOfPage":{"@id":"https:\/\/iguanasmoke.com\/producto\/comprar-cbd-flores-pre-roll-cono-king-size-cbd-1gr\/#primaryimage"},"image":{"@id":"https:\/\/iguanasmoke.com\/producto\/comprar-cbd-flores-pre-roll-cono-king-size-cbd-1gr\/#primaryimage"},"thumbnailUrl":"https:\/\/iguanasmoke.com\/wp-content\/uploads\/2021\/07\/Pre-Roll-1G.webp","datePublished":"2021-07-08T17:11:58+00:00","dateModified":"2026-03-24T12:19:25+00:00","description":"Provate il CBD Pre Roll di Iguana Smoke e sentite la differenza. Con fiori organici e qualit\u00e0 eccezionale, questo cono di CBD King Size sar\u00e0 sicuramente il vostro preferito.","breadcrumb":{"@id":"https:\/\/iguanasmoke.com\/producto\/comprar-cbd-flores-pre-roll-cono-king-size-cbd-1gr\/#breadcrumb"},"inLanguage":"it-IT","potentialAction":[{"@type":"ReadAction","target":["https:\/\/iguanasmoke.com\/producto\/comprar-cbd-flores-pre-roll-cono-king-size-cbd-1gr\/"]}]},{"@type":"ImageObject","inLanguage":"it-IT","@id":"https:\/\/iguanasmoke.com\/producto\/comprar-cbd-flores-pre-roll-cono-king-size-cbd-1gr\/#primaryimage","url":"https:\/\/iguanasmoke.com\/wp-content\/uploads\/2021\/07\/Pre-Roll-1G.webp","contentUrl":"https:\/\/iguanasmoke.com\/wp-content\/uploads\/2021\/07\/Pre-Roll-1G.webp","width":500,"height":500,"caption":"pre roll cbd. Cono King Size CBD"},{"@type":"BreadcrumbList","@id":"https:\/\/iguanasmoke.com\/producto\/comprar-cbd-flores-pre-roll-cono-king-size-cbd-1gr\/#breadcrumb","itemListElement":[{"@type":"ListItem","position":1,"name":"home","item":"https:\/\/iguanasmoke.com\/"},{"@type":"ListItem","position":2,"name":"Tienda","item":"https:\/\/iguanasmoke.com\/tienda\/"},{"@type":"ListItem","position":3,"name":"Pre Rolls","item":"https:\/\/iguanasmoke.com\/categoria\/pre-roll-porros-cbd\/"},{"@type":"ListItem","position":4,"name":"Pre Roll CBD &#8211; Cono King Size de CBD"}]},{"@type":"WebSite","@id":"https:\/\/iguanasmoke.com\/#website","url":"https:\/\/iguanasmoke.com\/","name":"Fumo di iguana","description":"Acquistare CBD online al miglior prezzo","publisher":{"@id":"https:\/\/iguanasmoke.com\/#organization"},"potentialAction":[{"@type":"SearchAction","target":{"@type":"EntryPoint","urlTemplate":"https:\/\/iguanasmoke.com\/?s={search_term_string}"},"query-input":{"@type":"PropertyValueSpecification","valueRequired":true,"valueName":"search_term_string"}}],"inLanguage":"it-IT"},{"@type":"Organization","@id":"https:\/\/iguanasmoke.com\/#organization","name":"Fumo di iguana","url":"https:\/\/iguanasmoke.com\/","logo":{"@type":"ImageObject","inLanguage":"it-IT","@id":"https:\/\/iguanasmoke.com\/#\/schema\/logo\/image\/","url":"https:\/\/iguanasmoke.com\/wp-content\/uploads\/2025\/01\/logoiguana-favi-1.png","contentUrl":"https:\/\/iguanasmoke.com\/wp-content\/uploads\/2025\/01\/logoiguana-favi-1.png","width":512,"height":512,"caption":"Iguana Smoke"},"image":{"@id":"https:\/\/iguanasmoke.com\/#\/schema\/logo\/image\/"},"sameAs":["https:\/\/www.facebook.com\/iguanasmoke","https:\/\/www.instagram.com\/iguanasmoke\/"]}]},"product_brand":"simple","product_price_amount":"5.00","product_price_currency":"EUR","og_availability":"instock","product_availability":"instock","product_retailer_item_id":"IS-CONOCBD","product_condition":"new"},"_links":{"self":[{"href":"https:\/\/iguanasmoke.com\/it\/wp-json\/wp\/v2\/product\/9479","targetHints":{"allow":["GET"]}}],"collection":[{"href":"https:\/\/iguanasmoke.com\/it\/wp-json\/wp\/v2\/product"}],"about":[{"href":"https:\/\/iguanasmoke.com\/it\/wp-json\/wp\/v2\/types\/product"}],"replies":[{"embeddable":true,"href":"https:\/\/iguanasmoke.com\/it\/wp-json\/wp\/v2\/comments?post=9479"}],"wp:featuredmedia":[{"embeddable":true,"href":"https:\/\/iguanasmoke.com\/it\/wp-json\/wp\/v2\/media\/15081"}],"wp:attachment":[{"href":"https:\/\/iguanasmoke.com\/it\/wp-json\/wp\/v2\/media?parent=9479"}],"wp:term":[{"taxonomy":"product_brand","embeddable":true,"href":"https:\/\/iguanasmoke.com\/it\/wp-json\/wp\/v2\/product_brand?post=9479"},{"taxonomy":"product_cat","embeddable":true,"href":"https:\/\/iguanasmoke.com\/it\/wp-json\/wp\/v2\/product_cat?post=9479"},{"taxonomy":"product_tag","embeddable":true,"href":"https:\/\/iguanasmoke.com\/it\/wp-json\/wp\/v2\/product_tag?post=9479"}],"curies":[{"name":"wp","href":"https:\/\/api.w.org\/{rel}","templated":true}]}}