{"id":7831,"date":"2021-04-25T05:09:12","date_gmt":"2021-04-25T03:09:12","guid":{"rendered":"http:\/\/iguanasmoke.com\/?page_id=7831"},"modified":"2024-11-03T22:06:58","modified_gmt":"2024-11-03T21:06:58","slug":"wylaczenie-odpowiedzialnosci","status":"publish","type":"page","link":"https:\/\/iguanasmoke.com\/pl\/descargo-de-responsabilidad\/","title":{"rendered":"Zastrze\u017cenie"},"content":{"rendered":"<div data-elementor-type=\"wp-page\" data-elementor-id=\"7831\" class=\"elementor elementor-7831\" data-elementor-post-type=\"page\">\n\t\t\t\t<div class=\"elementor-element elementor-element-a7c5dbd e-con-full e-flex e-con e-parent\" data-id=\"a7c5dbd\" data-element_type=\"container\" data-e-type=\"container\" data-settings=\"{&quot;background_background&quot;:&quot;classic&quot;}\">\n\t\t\t\t<div class=\"elementor-element elementor-element-3b6a4da elementor-widget elementor-widget-spacer\" data-id=\"3b6a4da\" data-element_type=\"widget\" data-e-type=\"widget\" data-widget_type=\"spacer.default\">\n\t\t\t\t<div class=\"elementor-widget-container\">\n\t\t\t\t\t\t\t<div class=\"elementor-spacer\">\n\t\t\t<div class=\"elementor-spacer-inner\"><\/div>\n\t\t<\/div>\n\t\t\t\t\t\t<\/div>\n\t\t\t\t<\/div>\n\t\t\t\t<div class=\"elementor-element elementor-element-b698188 elementor-widget elementor-widget-heading\" data-id=\"b698188\" data-element_type=\"widget\" data-e-type=\"widget\" data-widget_type=\"heading.default\">\n\t\t\t\t<div class=\"elementor-widget-container\">\n\t\t\t\t\t<h2 class=\"elementor-heading-title elementor-size-default\">Zastrze\u017cenie<\/h2>\t\t\t\t<\/div>\n\t\t\t\t<\/div>\n\t\t\t\t<div class=\"elementor-element elementor-element-c9ba817 elementor-widget elementor-widget-spacer\" data-id=\"c9ba817\" data-element_type=\"widget\" data-e-type=\"widget\" data-widget_type=\"spacer.default\">\n\t\t\t\t<div class=\"elementor-widget-container\">\n\t\t\t\t\t\t\t<div class=\"elementor-spacer\">\n\t\t\t<div class=\"elementor-spacer-inner\"><\/div>\n\t\t<\/div>\n\t\t\t\t\t\t<\/div>\n\t\t\t\t<\/div>\n\t\t\t\t<\/div>\n\t\t<div class=\"elementor-element elementor-element-2cfb599a e-flex e-con-boxed e-con e-parent\" data-id=\"2cfb599a\" data-element_type=\"container\" data-e-type=\"container\">\n\t\t\t\t\t<div class=\"e-con-inner\">\n\t\t\t\t<div class=\"elementor-element elementor-element-4e50094c elementor-widget elementor-widget-text-editor\" data-id=\"4e50094c\" data-element_type=\"widget\" data-e-type=\"widget\" data-widget_type=\"text-editor.default\">\n\t\t\t\t<div class=\"elementor-widget-container\">\n\t\t\t\t\t\t\t\t\t<p>\u00a0<\/p><p style=\"text-align: justify;\">IGUANA SMOKE nie ponosi odpowiedzialno\u015bci za niew\u0142a\u015bciwe u\u017cytkowanie produkt\u00f3w.<\/p><p style=\"text-align: justify;\">\u017baden z produkt\u00f3w nie jest przeznaczony do diagnozowania, leczenia lub wyleczenia jakiejkolwiek choroby. Przed rozpocz\u0119ciem nowego programu suplementacji diety zaleca si\u0119 konsultacj\u0119 z lekarzem.<\/p><p style=\"text-align: justify;\">Produkty sprzedawane w IGUANA SMOKE, zar\u00f3wno CBD, jak i konopie, nie s\u0105 przeznaczone ani nie powinny zast\u0119powa\u0107 \u017cadnego leczenia zalecanego przez upowa\u017cnionego specjalist\u0119. Za ka\u017cdym razem, gdy dostarczany jest jakikolwiek produkt, musi on by\u0107 pod nadzorem specjalisty i zawsze na odpowiedzialno\u015b\u0107 u\u017cytkownika.<\/p><p style=\"text-align: justify;\">Przedmiot kolekcjonerski.<\/p><p style=\"text-align: justify;\">Produkty przeznaczone do u\u017cytku dekoracyjnego. Niepsychoaktywny. Nie wdycha\u0107. THC ni\u017csze ni\u017c w dekrecie kr\u00f3lewskim 1729\/1999. Nie zaleca si\u0119 stosowania w przemy\u015ble spo\u017cywczym lub farmaceutycznym.<\/p><p style=\"text-align: justify;\">Nasze teksty w \u017caden spos\u00f3b nie zast\u0119puj\u0105 profesjonalnej porady lekarza lub farmaceuty i nie mog\u0105 by\u0107 wykorzystywane jako podstawa do niezale\u017cnej diagnozy oraz rozpocz\u0119cia, modyfikacji lub zako\u0144czenia leczenia chor\u00f3b. W przypadku pyta\u0144 lub skarg dotycz\u0105cych zdrowia nale\u017cy zawsze skonsultowa\u0107 si\u0119 z zaufanym lekarzem. Zawarto\u015b\u0107 tej strony zosta\u0142a stworzona z najwi\u0119ksz\u0105 mo\u017cliw\u0105 staranno\u015bci\u0105 i s\u0142u\u017cy wy\u0142\u0105cznie do cel\u00f3w informacyjnych i dalszej edukacji na ten temat. IGUANA SMOKE nie ponosi jednak \u017cadnej odpowiedzialno\u015bci za poprawno\u015b\u0107, aktualno\u015b\u0107 i kompletno\u015b\u0107 udost\u0119pnianych tekst\u00f3w i tre\u015bci.<\/p><p>\u00a0<\/p>\t\t\t\t\t\t\t\t<\/div>\n\t\t\t\t<\/div>\n\t\t\t\t\t<\/div>\n\t\t\t\t<\/div>\n\t\t\t\t<\/div>","protected":false},"excerpt":{"rendered":"<p>Descargo de Responsabilidad \u00a0 IGUANA SMOKE no se responsabiliza del uso indebido de los productos. Ninguno de los productos est\u00e1n destinados a diagnosticar, tratar o curar ninguna enfermedad. Se recomienda consultar con un m\u00e9dico antes de comenzar un nuevo programa de suplementos diet\u00e9ticos. Los productos que se venden en IGUANA SMOKE ya sean de CBD [&hellip;]<\/p>\n","protected":false},"author":1,"featured_media":0,"parent":0,"menu_order":0,"comment_status":"closed","ping_status":"closed","template":"elementor_header_footer","meta":{"_acf_changed":false,"site-sidebar-layout":"no-sidebar","site-content-layout":"plain-container","ast-site-content-layout":"default","site-content-style":"unboxed","site-sidebar-style":"unboxed","ast-global-header-display":"","ast-banner-title-visibility":"","ast-main-header-display":"","ast-hfb-above-header-display":"","ast-hfb-below-header-display":"","ast-hfb-mobile-header-display":"","site-post-title":"disabled","ast-breadcrumbs-content":"","ast-featured-img":"disabled","footer-sml-layout":"","theme-transparent-header-meta":"","adv-header-id-meta":"","stick-header-meta":"","header-above-stick-meta":"","header-main-stick-meta":"","header-below-stick-meta":"","astra-migrate-meta-layouts":"set","ast-page-background-enabled":"default","ast-page-background-meta":{"desktop":{"background-color":"var(--ast-global-color-4)","background-image":"","background-repeat":"repeat","background-position":"center center","background-size":"auto","background-attachment":"scroll","background-type":"","background-media":"","overlay-type":"","overlay-color":"","overlay-opacity":"","overlay-gradient":""},"tablet":{"background-color":"","background-image":"","background-repeat":"repeat","background-position":"center center","background-size":"auto","background-attachment":"scroll","background-type":"","background-media":"","overlay-type":"","overlay-color":"","overlay-opacity":"","overlay-gradient":""},"mobile":{"background-color":"","background-image":"","background-repeat":"repeat","background-position":"center center","background-size":"auto","background-attachment":"scroll","background-type":"","background-media":"","overlay-type":"","overlay-color":"","overlay-opacity":"","overlay-gradient":""}},"ast-content-background-meta":{"desktop":{"background-color":"var(--ast-global-color-5)","background-image":"","background-repeat":"repeat","background-position":"center center","background-size":"auto","background-attachment":"scroll","background-type":"","background-media":"","overlay-type":"","overlay-color":"","overlay-opacity":"","overlay-gradient":""},"tablet":{"background-color":"var(--ast-global-color-5)","background-image":"","background-repeat":"repeat","background-position":"center center","background-size":"auto","background-attachment":"scroll","background-type":"","background-media":"","overlay-type":"","overlay-color":"","overlay-opacity":"","overlay-gradient":""},"mobile":{"background-color":"var(--ast-global-color-5)","background-image":"","background-repeat":"repeat","background-position":"center center","background-size":"auto","background-attachment":"scroll","background-type":"","background-media":"","overlay-type":"","overlay-color":"","overlay-opacity":"","overlay-gradient":""}},"footnotes":""},"class_list":["post-7831","page","type-page","status-publish","hentry"],"acf":[],"yoast_head":"<!-- This site is optimized with the Yoast SEO Premium plugin v27.3 (Yoast SEO v27.3) - https:\/\/yoast.com\/product\/yoast-seo-premium-wordpress\/ -->\n<title>Descargo de Responsabilidad | Iguana Smoke<\/title>\n<meta name=\"robots\" content=\"index, follow, max-snippet:-1, max-image-preview:large, max-video-preview:-1\" \/>\n<link rel=\"canonical\" href=\"https:\/\/iguanasmoke.com\/pl\/wylaczenie-odpowiedzialnosci\/\" \/>\n<meta property=\"og:locale\" content=\"pl_PL\" \/>\n<meta property=\"og:type\" content=\"article\" \/>\n<meta property=\"og:title\" content=\"Descargo de Responsabilidad\" \/>\n<meta property=\"og:description\" content=\"Descargo de Responsabilidad \u00a0IGUANA SMOKE no se responsabiliza del uso indebido de los productos.Ninguno de los productos est\u00e1n destinados a diagnosticar,\" \/>\n<meta property=\"og:url\" content=\"https:\/\/iguanasmoke.com\/pl\/wylaczenie-odpowiedzialnosci\/\" \/>\n<meta property=\"og:site_name\" content=\"Iguana Smoke\" \/>\n<meta property=\"article:publisher\" content=\"https:\/\/www.facebook.com\/iguanasmoke\" \/>\n<meta property=\"article:modified_time\" content=\"2024-11-03T21:06:58+00:00\" \/>\n<meta property=\"og:image\" content=\"https:\/\/iguanasmoke.com\/wp-content\/uploads\/2025\/01\/logo-sauron-iguana-1.png\" \/>\n\t<meta property=\"og:image:width\" content=\"600\" \/>\n\t<meta property=\"og:image:height\" content=\"600\" \/>\n\t<meta property=\"og:image:type\" content=\"image\/png\" \/>\n<meta name=\"twitter:card\" content=\"summary_large_image\" \/>\n<meta name=\"twitter:label1\" content=\"Szacowany czas czytania\" \/>\n\t<meta name=\"twitter:data1\" content=\"1 minuta\" \/>\n<!-- \/ Yoast SEO Premium plugin. -->","yoast_head_json":{"title":"Disclaimer | Iguana Smoke","robots":{"index":"index","follow":"follow","max-snippet":"max-snippet:-1","max-image-preview":"max-image-preview:large","max-video-preview":"max-video-preview:-1"},"canonical":"https:\/\/iguanasmoke.com\/pl\/wylaczenie-odpowiedzialnosci\/","og_locale":"pl_PL","og_type":"article","og_title":"Descargo de Responsabilidad","og_description":"Descargo de Responsabilidad \u00a0IGUANA SMOKE no se responsabiliza del uso indebido de los productos.Ninguno de los productos est\u00e1n destinados a diagnosticar,","og_url":"https:\/\/iguanasmoke.com\/pl\/wylaczenie-odpowiedzialnosci\/","og_site_name":"Iguana Smoke","article_publisher":"https:\/\/www.facebook.com\/iguanasmoke","article_modified_time":"2024-11-03T21:06:58+00:00","og_image":[{"width":600,"height":600,"url":"https:\/\/iguanasmoke.com\/wp-content\/uploads\/2025\/01\/logo-sauron-iguana-1.png","type":"image\/png"}],"twitter_card":"summary_large_image","twitter_misc":{"Szacowany czas czytania":"1 minuta"},"schema":{"@context":"https:\/\/schema.org","@graph":[{"@type":"WebPage","@id":"https:\/\/iguanasmoke.com\/descargo-de-responsabilidad\/","url":"https:\/\/iguanasmoke.com\/descargo-de-responsabilidad\/","name":"Disclaimer | Iguana Smoke","isPartOf":{"@id":"https:\/\/iguanasmoke.com\/#website"},"datePublished":"2021-04-25T03:09:12+00:00","dateModified":"2024-11-03T21:06:58+00:00","breadcrumb":{"@id":"https:\/\/iguanasmoke.com\/descargo-de-responsabilidad\/#breadcrumb"},"inLanguage":"pl-PL","potentialAction":[{"@type":"ReadAction","target":["https:\/\/iguanasmoke.com\/descargo-de-responsabilidad\/"]}]},{"@type":"BreadcrumbList","@id":"https:\/\/iguanasmoke.com\/descargo-de-responsabilidad\/#breadcrumb","itemListElement":[{"@type":"ListItem","position":1,"name":"home","item":"https:\/\/iguanasmoke.com\/"},{"@type":"ListItem","position":2,"name":"Descargo de Responsabilidad"}]},{"@type":"WebSite","@id":"https:\/\/iguanasmoke.com\/#website","url":"https:\/\/iguanasmoke.com\/","name":"Iguana Smoke","description":"Kup CBD online w najlepszej cenie","publisher":{"@id":"https:\/\/iguanasmoke.com\/#organization"},"potentialAction":[{"@type":"SearchAction","target":{"@type":"EntryPoint","urlTemplate":"https:\/\/iguanasmoke.com\/?s={search_term_string}"},"query-input":{"@type":"PropertyValueSpecification","valueRequired":true,"valueName":"search_term_string"}}],"inLanguage":"pl-PL"},{"@type":"Organization","@id":"https:\/\/iguanasmoke.com\/#organization","name":"Iguana Smoke","url":"https:\/\/iguanasmoke.com\/","logo":{"@type":"ImageObject","inLanguage":"pl-PL","@id":"https:\/\/iguanasmoke.com\/#\/schema\/logo\/image\/","url":"https:\/\/iguanasmoke.com\/wp-content\/uploads\/2025\/01\/logoiguana-favi-1.png","contentUrl":"https:\/\/iguanasmoke.com\/wp-content\/uploads\/2025\/01\/logoiguana-favi-1.png","width":512,"height":512,"caption":"Iguana Smoke"},"image":{"@id":"https:\/\/iguanasmoke.com\/#\/schema\/logo\/image\/"},"sameAs":["https:\/\/www.facebook.com\/iguanasmoke","https:\/\/www.instagram.com\/iguanasmoke\/"]}]}},"_links":{"self":[{"href":"https:\/\/iguanasmoke.com\/pl\/wp-json\/wp\/v2\/pages\/7831","targetHints":{"allow":["GET"]}}],"collection":[{"href":"https:\/\/iguanasmoke.com\/pl\/wp-json\/wp\/v2\/pages"}],"about":[{"href":"https:\/\/iguanasmoke.com\/pl\/wp-json\/wp\/v2\/types\/page"}],"author":[{"embeddable":true,"href":"https:\/\/iguanasmoke.com\/pl\/wp-json\/wp\/v2\/users\/1"}],"replies":[{"embeddable":true,"href":"https:\/\/iguanasmoke.com\/pl\/wp-json\/wp\/v2\/comments?post=7831"}],"version-history":[{"count":25,"href":"https:\/\/iguanasmoke.com\/pl\/wp-json\/wp\/v2\/pages\/7831\/revisions"}],"predecessor-version":[{"id":42681,"href":"https:\/\/iguanasmoke.com\/pl\/wp-json\/wp\/v2\/pages\/7831\/revisions\/42681"}],"wp:attachment":[{"href":"https:\/\/iguanasmoke.com\/pl\/wp-json\/wp\/v2\/media?parent=7831"}],"curies":[{"name":"wp","href":"https:\/\/api.w.org\/{rel}","templated":true}]}}