{"id":7843,"date":"2021-04-25T05:32:26","date_gmt":"2021-04-25T03:32:26","guid":{"rendered":"http:\/\/iguanasmoke.com\/?page_id=7843"},"modified":"2026-03-25T09:23:09","modified_gmt":"2026-03-25T08:23:09","slug":"polityka-prywatnosci","status":"publish","type":"page","link":"https:\/\/iguanasmoke.com\/pl\/politicas-de-privacidad\/","title":{"rendered":"Polityka prywatno\u015bci"},"content":{"rendered":"<div data-elementor-type=\"wp-page\" data-elementor-id=\"7843\" class=\"elementor elementor-7843\" data-elementor-post-type=\"page\">\n\t\t\t\t<div class=\"elementor-element elementor-element-04e2814 e-con-full e-flex e-con e-parent\" data-id=\"04e2814\" data-element_type=\"container\" data-e-type=\"container\" data-settings=\"{&quot;background_background&quot;:&quot;classic&quot;}\">\n\t\t\t\t<div class=\"elementor-element elementor-element-4fd1711 elementor-widget elementor-widget-spacer\" data-id=\"4fd1711\" data-element_type=\"widget\" data-e-type=\"widget\" data-widget_type=\"spacer.default\">\n\t\t\t\t<div class=\"elementor-widget-container\">\n\t\t\t\t\t\t\t<div class=\"elementor-spacer\">\n\t\t\t<div class=\"elementor-spacer-inner\"><\/div>\n\t\t<\/div>\n\t\t\t\t\t\t<\/div>\n\t\t\t\t<\/div>\n\t\t\t\t<div class=\"elementor-element elementor-element-a117ddd elementor-widget elementor-widget-heading\" data-id=\"a117ddd\" data-element_type=\"widget\" data-e-type=\"widget\" data-widget_type=\"heading.default\">\n\t\t\t\t<div class=\"elementor-widget-container\">\n\t\t\t\t\t<h2 class=\"elementor-heading-title elementor-size-default\">Polityka prywatno\u015bci<\/h2>\t\t\t\t<\/div>\n\t\t\t\t<\/div>\n\t\t\t\t<div class=\"elementor-element elementor-element-3ab971a elementor-widget elementor-widget-spacer\" data-id=\"3ab971a\" data-element_type=\"widget\" data-e-type=\"widget\" data-widget_type=\"spacer.default\">\n\t\t\t\t<div class=\"elementor-widget-container\">\n\t\t\t\t\t\t\t<div class=\"elementor-spacer\">\n\t\t\t<div class=\"elementor-spacer-inner\"><\/div>\n\t\t<\/div>\n\t\t\t\t\t\t<\/div>\n\t\t\t\t<\/div>\n\t\t\t\t<\/div>\n\t\t<div class=\"elementor-element elementor-element-3c9588b8 e-flex e-con-boxed e-con e-parent\" data-id=\"3c9588b8\" data-element_type=\"container\" data-e-type=\"container\">\n\t\t\t\t\t<div class=\"e-con-inner\">\n\t\t\t\t<div class=\"elementor-element elementor-element-1fc26a20 elementor-widget elementor-widget-text-editor\" data-id=\"1fc26a20\" data-element_type=\"widget\" data-e-type=\"widget\" data-widget_type=\"text-editor.default\">\n\t\t\t\t<div class=\"elementor-widget-container\">\n\t\t\t\t\t\t\t\t\t<p><strong>PRAWA KLAUZULA PRYWATNO\u015aCI<\/strong><\/p>\n<p>Warunki prawne dotycz\u0105ce prywatno\u015bci s\u0105 cz\u0119\u015bci\u0105 og\u00f3lnych warunk\u00f3w prawnych (zwanych dalej \u00abWarunkami u\u017cytkowania\u00bb) reguluj\u0105cych mi\u0119dzy innymi dost\u0119p i korzystanie ze strony internetowej zawartej w domenie iguanasmoke.com (zwanej dalej \u00abstron\u0105 internetow\u0105\u00bb).<\/p>\n<p>Dost\u0119p i korzystanie z Witryny oznacza akceptacj\u0119, bez jakichkolwiek zastrze\u017ce\u0144, jako U\u017bYTKOWNIK Warunk\u00f3w u\u017cytkowania.<\/p>\n<hr \/>\n<p><strong>1. IDENTYFIKACJA OSOBY ODPOWIEDZIALNEJ<\/strong><\/p>\n<p>Aura Works s.r.o.<br \/>\u0160umavsk\u00e1 1094\/3<br \/>120 00 Praga 2, Republika Czeska<\/p>\n<p>NIP: 239 34 352<br \/>VAT: CZ23934352<\/p>\n<p>E-mail: <a href=\"mailto:contacto@iguanasmoke.com\">contacto@iguanasmoke.com<\/a><\/p>\n<hr \/>\n<p><strong>2. PRZECHOWYWANE I PRZETWARZANE PRZEZ NAS DANE OSOBOWE<\/strong><\/p>\n<p>Gromadzone przez nas informacje obejmuj\u0105 adres protoko\u0142u internetowego (IP) u\u017cywanego urz\u0105dzenia, oprogramowanie przegl\u0105darki, system operacyjny, dat\u0119 i godzin\u0119 dost\u0119pu, adres internetowy, za po\u015brednictwem kt\u00f3rego u\u017cytkownik uzyska\u0142 dost\u0119p do naszej witryny, a tak\u017ce informacje o sposobie korzystania z naszej witryny.<\/p>\n<p>Dane osobowe przekazywane nam przez U\u017bYTKOWNIKA i\/lub KLIENTA U\u017bYTKOWNIKA to zazwyczaj: imi\u0119 i nazwisko, adres, numer dokumentu to\u017csamo\u015bci, data urodzenia, adres e-mail, numer telefonu kontaktowego i szczeg\u00f3\u0142y p\u0142atno\u015bci.<\/p>\n<p>Nie zbieramy \u017cadnych danych osobowych od dzieci.<\/p>\n<p>Je\u015bli jeste\u015b osob\u0105 niepe\u0142noletni\u0105, nie pr\u00f3buj rejestrowa\u0107 si\u0119 jako U\u017bYTKOWNIK-KLIENT.<\/p>\n<p>Je\u015bli odkryjemy, \u017ce nieumy\u015blnie uzyskali\u015bmy dane osobowe dziecka, usuniemy je tak szybko, jak to mo\u017cliwe.<\/p>\n<hr \/>\n<p><strong>3. AKCEPTACJA I ZGODA OSOBY, KT\u00d3REJ DANE DOTYCZ\u0104<\/strong><\/p>\n<p>W przypadkach, w kt\u00f3rych konieczne jest wype\u0142nienie i wys\u0142anie formularza w celu z\u0142o\u017cenia wniosku, wype\u0142nienie formularza b\u0119dzie koniecznie oznacza\u0107, \u017ce u\u017cytkownik zosta\u0142 poinformowany i wyra\u017anie wyrazi\u0142 zgod\u0119 na tre\u015b\u0107 klauzuli do\u0142\u0105czonej do wspomnianego formularza lub akceptacj\u0119 Polityki prywatno\u015bci.<\/p>\n<p>Wszystkie nasze formularze maj\u0105 symbol * w polach obowi\u0105zkowych. Je\u015bli nie podasz tych p\u00f3l lub nie zaakceptujesz Polityki prywatno\u015bci, informacje nie b\u0119d\u0105 mog\u0142y zosta\u0107 wys\u0142ane.<\/p>\n<p>W szczeg\u00f3lno\u015bci U\u017bYTKOWNIK: \u00abMam uko\u0144czone 18 lat oraz przeczyta\u0142em i akceptuj\u0119 Polityk\u0119 prywatno\u015bci i plik\u00f3w cookie\u00bb.\u00bb<\/p>\n<hr \/>\n<p><strong>4. UZASADNIENIE PRZETWARZANIA DANYCH OSOBOWYCH<\/strong><\/p>\n<p>A. Zgoda U\u017bYTKOWNIKA i\/lub U\u017bYTKOWNIKA-KLIENTA.<\/p>\n<p>B. Zawarcie umowy.<\/p>\n<p>C. Spe\u0142nianie obowi\u0105zk\u00f3w prawnych.<\/p>\n<hr \/>\n<p><strong>5. ZGODNO\u015a\u0106 Z OBOWI\u0104ZKIEM PRAWNYM<\/strong><\/p>\n<p>Przetwarzanie danych osobowych mo\u017ce odbywa\u0107 si\u0119 w celu wype\u0142nienia obowi\u0105zuj\u0105cych przepis\u00f3w prawa zwi\u0105zanych z dzia\u0142alno\u015bci\u0105 IGUANA SMOKE.<\/p>\n<hr \/>\n<p><strong>6. U\u017bYTKOWNIK-KLIENT, CELE PRZETWARZANIA JEGO DANYCH<\/strong><\/p>\n<p>IGUANA SMOKE b\u0119dzie przetwarza\u0107 dane osobowe u\u017cytkownika w nast\u0119puj\u0105cych celach:<\/p>\n<p>A. Zarz\u0105dzanie stosunkiem umownym i \u015bwiadczenie us\u0142ug zam\u00f3wionych przez U\u017bYTKOWNIKA-KLIENTA.<\/p>\n<p>B. Przeprowadzanie wszelkich procedur administracyjnych, podatkowych i ksi\u0119gowych niezb\u0119dnych do wype\u0142nienia naszych zobowi\u0105za\u0144 i obowi\u0105zk\u00f3w prawnych.<\/p>\n<p>Zarz\u0105dzanie pobieraniem nale\u017cno\u015bci za zakupione produkty lub us\u0142ugi.<\/p>\n<p>D. Powiadamia\u0107 KLIENTA\/U\u017bYTKOWNIKA za wszelkie \u015brodki, w tym poprzez wysy\u0142anie komunikat\u00f3w handlowych na adres poczty elektronicznej udost\u0119pniony przez KLIENTA\/U\u017bYTKOWNIKA, o produktach i us\u0142ugach IGUANA SMOKE podobnych do zakupionych.<\/p>\n<p>E. Realizacja dzia\u0142a\u0144 promocyjnych dotycz\u0105cych innych produkt\u00f3w i us\u0142ug IGUANA SMOKE.<\/p>\n<hr \/>\n<p><strong>7. PRAWA U\u017bYTKOWNIKA<\/strong><\/p>\n<p>A. Aby wiedzie\u0107, czy przetwarzamy dane u\u017cytkownika.<\/p>\n<p>B. Dost\u0119p do danych osobowych.<\/p>\n<p>C. \u017b\u0105danie sprostowania danych, je\u015bli s\u0105 one nieprawid\u0142owe.<\/p>\n<p>D. \u017b\u0105danie usuni\u0119cia Twoich danych, gdy nie s\u0105 ju\u017c potrzebne.<\/p>\n<p>E. Wnioskowa\u0107 o ograniczenie leczenia w okre\u015blonych przypadkach.<\/p>\n<p>Przenoszalno\u015b\u0107 danych w formacie ustrukturyzowanym.<\/p>\n<p>G. Z\u0142o\u017cenie skargi do w\u0142a\u015bciwego organu nadzorczego (je\u015bli dotyczy, na przyk\u0142ad do Hiszpa\u0144skiej Agencji Ochrony Danych).<\/p>\n<p>H. Odwo\u0142anie zgody w dowolnym momencie.<\/p>\n<hr \/>\n<p><strong>8. FORMULARZ DOCHODZENIA PRAW U\u017bYTKOWNIKA<\/strong><\/p>\n<p>IGUANA SMOKE posiada formularze do wykonywania Pa\u0144stwa praw, o kt\u00f3re mo\u017cna poprosi\u0107 drog\u0105 mailow\u0105.<\/p>\n<p>Te formularze musz\u0105 by\u0107 podpisane elektronicznie lub wraz z kopi\u0105 dowodu osobistego lub innego wa\u017cnego dokumentu to\u017csamo\u015bci.<\/p>\n<hr \/>\n<p><strong>9. OKRES PRZECHOWYWANIA DANYCH OSOBOWYCH<\/strong><\/p>\n<p>Dane osobowe b\u0119d\u0105 przechowywane tak d\u0142ugo, jak utrzymywana jest relacja handlowa lub przez czas niezb\u0119dny do wype\u0142nienia obowi\u0105zk\u00f3w prawnych.<\/p>\n<hr \/>\n<p><strong>10. ODBIORCY DANYCH OSOBOWYCH<\/strong><\/p>\n<p>Gromadzone dane osobowe b\u0119d\u0105 przetwarzane wy\u0142\u0105cznie w celu prawid\u0142owego \u015bwiadczenia us\u0142ugi.<\/p>\n<p>Dane nie b\u0119d\u0105 udost\u0119pniane stronom trzecim, chyba \u017ce wymaga\u0107 tego b\u0119dzie prawo lub b\u0119dzie to konieczne do \u015bwiadczenia us\u0142ugi (na przyk\u0142ad instytucjom finansowym lub dostawcom technologicznym).<\/p>\n<hr \/>\n<p><strong>11. BLOG<\/strong><\/p>\n<p>W sieci WWW U\u017bYTKOWNIK mo\u017ce zapisa\u0107 si\u0119 na newsletter bloga nale\u017c\u0105cego do IGUANA SMOKE, podaj\u0105c sw\u00f3j adres e-mail.<\/p>\n<p>U\u017cytkownik mo\u017ce zrezygnowa\u0107 w dowolnym momencie.<\/p>\n<hr \/>\n<p><strong>12. MEDI\u00d3W SPO\u0141ECZNO\u015aCIOWYCH<\/strong><\/p>\n<p>Wszelkie modyfikacje danych powinny by\u0107 dokonywane za po\u015brednictwem ustawie\u0144 profilu w odpowiedniej sieci spo\u0142eczno\u015bciowej.<\/p>\n<p>Facebook<br \/><a href=\"https:\/\/www.facebook.com\/policy.php\">https:\/\/www.facebook.com\/policy.php<\/a><\/p>\n<p>Instagram<br \/><a href=\"https:\/\/help.instagram.com\/155833707900388\">https:\/\/help.instagram.com\/155833707900388<\/a><\/p>\n<p>LinkedIn<br \/><a href=\"https:\/\/www.linkedin.com\/legal\/privacy-policy\">https:\/\/www.linkedin.com\/legal\/privacy-policy<\/a><\/p>\n<p>Google<br \/><a href=\"https:\/\/www.google.com\/intl\/es\/policies\/privacy\/\">https:\/\/www.google.com\/intl\/es\/policies\/privacy\/<\/a><\/p>\n<hr \/>\n<p><strong>13. \u015aRODKI BEZPIECZE\u0143STWA<\/strong><\/p>\n<p>IGUANA SMOKE podj\u0119\u0142a niezb\u0119dne \u015brodki techniczne i organizacyjne, aby zapewni\u0107 bezpiecze\u0144stwo danych osobowych oraz chroni\u0107 je przed przypadkow\u0105 lub niezgodn\u0105 z prawem utrat\u0105, uszkodzeniem, modyfikacj\u0105, nieuprawnionym ujawnieniem, dost\u0119pem, wykorzystaniem lub przetwarzaniem, zgodnie z obowi\u0105zuj\u0105cymi przepisami.<\/p>\t\t\t\t\t\t\t\t<\/div>\n\t\t\t\t<\/div>\n\t\t\t\t\t<\/div>\n\t\t\t\t<\/div>\n\t\t\t\t<\/div>","protected":false},"excerpt":{"rendered":"<p>Pol\u00edticas de privacidad CONDICIONES LEGALES DE PRIVACIDAD Las Condiciones Legales de Privacidad forman parte de las Condiciones Legales Generales (en adelante, las \u00abCondiciones de Uso\u00bb) que rigen, entre otros, el acceso y uso al sitio web contenido en el dominio iguanasmoke.com (en adelante, la \u00abWeb\u00bb). El acceso y uso a la Web supone la aceptaci\u00f3n, [&hellip;]<\/p>\n","protected":false},"author":1,"featured_media":0,"parent":0,"menu_order":0,"comment_status":"closed","ping_status":"closed","template":"elementor_header_footer","meta":{"_acf_changed":false,"site-sidebar-layout":"no-sidebar","site-content-layout":"plain-container","ast-site-content-layout":"default","site-content-style":"unboxed","site-sidebar-style":"unboxed","ast-global-header-display":"","ast-banner-title-visibility":"","ast-main-header-display":"","ast-hfb-above-header-display":"","ast-hfb-below-header-display":"","ast-hfb-mobile-header-display":"","site-post-title":"disabled","ast-breadcrumbs-content":"","ast-featured-img":"disabled","footer-sml-layout":"","theme-transparent-header-meta":"","adv-header-id-meta":"","stick-header-meta":"","header-above-stick-meta":"","header-main-stick-meta":"","header-below-stick-meta":"","astra-migrate-meta-layouts":"set","ast-page-background-enabled":"default","ast-page-background-meta":{"desktop":{"background-color":"var(--ast-global-color-4)","background-image":"","background-repeat":"repeat","background-position":"center center","background-size":"auto","background-attachment":"scroll","background-type":"","background-media":"","overlay-type":"","overlay-color":"","overlay-opacity":"","overlay-gradient":""},"tablet":{"background-color":"","background-image":"","background-repeat":"repeat","background-position":"center center","background-size":"auto","background-attachment":"scroll","background-type":"","background-media":"","overlay-type":"","overlay-color":"","overlay-opacity":"","overlay-gradient":""},"mobile":{"background-color":"","background-image":"","background-repeat":"repeat","background-position":"center center","background-size":"auto","background-attachment":"scroll","background-type":"","background-media":"","overlay-type":"","overlay-color":"","overlay-opacity":"","overlay-gradient":""}},"ast-content-background-meta":{"desktop":{"background-color":"var(--ast-global-color-5)","background-image":"","background-repeat":"repeat","background-position":"center center","background-size":"auto","background-attachment":"scroll","background-type":"","background-media":"","overlay-type":"","overlay-color":"","overlay-opacity":"","overlay-gradient":""},"tablet":{"background-color":"var(--ast-global-color-5)","background-image":"","background-repeat":"repeat","background-position":"center center","background-size":"auto","background-attachment":"scroll","background-type":"","background-media":"","overlay-type":"","overlay-color":"","overlay-opacity":"","overlay-gradient":""},"mobile":{"background-color":"var(--ast-global-color-5)","background-image":"","background-repeat":"repeat","background-position":"center center","background-size":"auto","background-attachment":"scroll","background-type":"","background-media":"","overlay-type":"","overlay-color":"","overlay-opacity":"","overlay-gradient":""}},"footnotes":""},"class_list":["post-7843","page","type-page","status-publish","hentry"],"acf":[],"yoast_head":"<!-- This site is optimized with the Yoast SEO Premium plugin v27.3 (Yoast SEO v27.3) - https:\/\/yoast.com\/product\/yoast-seo-premium-wordpress\/ -->\n<title>Pol\u00edticas de privacidad | Iguana Smoke<\/title>\n<meta name=\"robots\" content=\"index, follow, max-snippet:-1, max-image-preview:large, max-video-preview:-1\" \/>\n<link rel=\"canonical\" href=\"https:\/\/iguanasmoke.com\/pl\/polityka-prywatnosci\/\" \/>\n<meta property=\"og:locale\" content=\"pl_PL\" \/>\n<meta property=\"og:type\" content=\"article\" \/>\n<meta property=\"og:title\" content=\"Pol\u00edticas de privacidad\" \/>\n<meta property=\"og:description\" content=\"Pol\u00edticas de privacidad CONDICIONES LEGALES DE PRIVACIDAD Las Condiciones Legales de Privacidad forman parte de las Condiciones Legales Generales (en\" \/>\n<meta property=\"og:url\" content=\"https:\/\/iguanasmoke.com\/pl\/polityka-prywatnosci\/\" \/>\n<meta property=\"og:site_name\" content=\"Iguana Smoke\" \/>\n<meta property=\"article:publisher\" content=\"https:\/\/www.facebook.com\/iguanasmoke\" \/>\n<meta property=\"article:modified_time\" content=\"2026-03-25T08:23:09+00:00\" \/>\n<meta property=\"og:image\" content=\"https:\/\/iguanasmoke.com\/wp-content\/uploads\/2025\/01\/logo-sauron-iguana-1.png\" \/>\n\t<meta property=\"og:image:width\" content=\"600\" \/>\n\t<meta property=\"og:image:height\" content=\"600\" \/>\n\t<meta property=\"og:image:type\" content=\"image\/png\" \/>\n<meta name=\"twitter:card\" content=\"summary_large_image\" \/>\n<meta name=\"twitter:label1\" content=\"Szacowany czas czytania\" \/>\n\t<meta name=\"twitter:data1\" content=\"4 minuty\" \/>\n<!-- \/ Yoast SEO Premium plugin. -->","yoast_head_json":{"title":"Polityka prywatno\u015bci | Iguana Smoke","robots":{"index":"index","follow":"follow","max-snippet":"max-snippet:-1","max-image-preview":"max-image-preview:large","max-video-preview":"max-video-preview:-1"},"canonical":"https:\/\/iguanasmoke.com\/pl\/polityka-prywatnosci\/","og_locale":"pl_PL","og_type":"article","og_title":"Pol\u00edticas de privacidad","og_description":"Pol\u00edticas de privacidad CONDICIONES LEGALES DE PRIVACIDAD Las Condiciones Legales de Privacidad forman parte de las Condiciones Legales Generales (en","og_url":"https:\/\/iguanasmoke.com\/pl\/polityka-prywatnosci\/","og_site_name":"Iguana Smoke","article_publisher":"https:\/\/www.facebook.com\/iguanasmoke","article_modified_time":"2026-03-25T08:23:09+00:00","og_image":[{"width":600,"height":600,"url":"https:\/\/iguanasmoke.com\/wp-content\/uploads\/2025\/01\/logo-sauron-iguana-1.png","type":"image\/png"}],"twitter_card":"summary_large_image","twitter_misc":{"Szacowany czas czytania":"4 minuty"},"schema":{"@context":"https:\/\/schema.org","@graph":[{"@type":"WebPage","@id":"https:\/\/iguanasmoke.com\/politicas-de-privacidad\/","url":"https:\/\/iguanasmoke.com\/politicas-de-privacidad\/","name":"Polityka prywatno\u015bci | Iguana Smoke","isPartOf":{"@id":"https:\/\/iguanasmoke.com\/#website"},"datePublished":"2021-04-25T03:32:26+00:00","dateModified":"2026-03-25T08:23:09+00:00","breadcrumb":{"@id":"https:\/\/iguanasmoke.com\/politicas-de-privacidad\/#breadcrumb"},"inLanguage":"pl-PL","potentialAction":[{"@type":"ReadAction","target":["https:\/\/iguanasmoke.com\/politicas-de-privacidad\/"]}]},{"@type":"BreadcrumbList","@id":"https:\/\/iguanasmoke.com\/politicas-de-privacidad\/#breadcrumb","itemListElement":[{"@type":"ListItem","position":1,"name":"home","item":"https:\/\/iguanasmoke.com\/"},{"@type":"ListItem","position":2,"name":"Pol\u00edticas de privacidad"}]},{"@type":"WebSite","@id":"https:\/\/iguanasmoke.com\/#website","url":"https:\/\/iguanasmoke.com\/","name":"Iguana Smoke","description":"Kup CBD online w najlepszej cenie","publisher":{"@id":"https:\/\/iguanasmoke.com\/#organization"},"potentialAction":[{"@type":"SearchAction","target":{"@type":"EntryPoint","urlTemplate":"https:\/\/iguanasmoke.com\/?s={search_term_string}"},"query-input":{"@type":"PropertyValueSpecification","valueRequired":true,"valueName":"search_term_string"}}],"inLanguage":"pl-PL"},{"@type":"Organization","@id":"https:\/\/iguanasmoke.com\/#organization","name":"Iguana Smoke","url":"https:\/\/iguanasmoke.com\/","logo":{"@type":"ImageObject","inLanguage":"pl-PL","@id":"https:\/\/iguanasmoke.com\/#\/schema\/logo\/image\/","url":"https:\/\/iguanasmoke.com\/wp-content\/uploads\/2025\/01\/logoiguana-favi-1.png","contentUrl":"https:\/\/iguanasmoke.com\/wp-content\/uploads\/2025\/01\/logoiguana-favi-1.png","width":512,"height":512,"caption":"Iguana Smoke"},"image":{"@id":"https:\/\/iguanasmoke.com\/#\/schema\/logo\/image\/"},"sameAs":["https:\/\/www.facebook.com\/iguanasmoke","https:\/\/www.instagram.com\/iguanasmoke\/"]}]}},"_links":{"self":[{"href":"https:\/\/iguanasmoke.com\/pl\/wp-json\/wp\/v2\/pages\/7843","targetHints":{"allow":["GET"]}}],"collection":[{"href":"https:\/\/iguanasmoke.com\/pl\/wp-json\/wp\/v2\/pages"}],"about":[{"href":"https:\/\/iguanasmoke.com\/pl\/wp-json\/wp\/v2\/types\/page"}],"author":[{"embeddable":true,"href":"https:\/\/iguanasmoke.com\/pl\/wp-json\/wp\/v2\/users\/1"}],"replies":[{"embeddable":true,"href":"https:\/\/iguanasmoke.com\/pl\/wp-json\/wp\/v2\/comments?post=7843"}],"version-history":[{"count":25,"href":"https:\/\/iguanasmoke.com\/pl\/wp-json\/wp\/v2\/pages\/7843\/revisions"}],"predecessor-version":[{"id":82334,"href":"https:\/\/iguanasmoke.com\/pl\/wp-json\/wp\/v2\/pages\/7843\/revisions\/82334"}],"wp:attachment":[{"href":"https:\/\/iguanasmoke.com\/pl\/wp-json\/wp\/v2\/media?parent=7843"}],"curies":[{"name":"wp","href":"https:\/\/api.w.org\/{rel}","templated":true}]}}