{"id":9173,"date":"2021-06-09T14:30:35","date_gmt":"2021-06-09T12:30:35","guid":{"rendered":"http:\/\/iguanasmoke.com\/?page_id=9173"},"modified":"2024-11-27T14:28:34","modified_gmt":"2024-11-27T13:28:34","slug":"zasady-wysylki-i-zwrotow","status":"publish","type":"page","link":"https:\/\/iguanasmoke.com\/pl\/politicas-de-envios-y-devoluciones\/","title":{"rendered":"Polityka wysy\u0142ek i zwrot\u00f3w"},"content":{"rendered":"<div data-elementor-type=\"wp-page\" data-elementor-id=\"9173\" class=\"elementor elementor-9173\" data-elementor-post-type=\"page\">\n\t\t\t\t<div class=\"elementor-element elementor-element-b71d9f5 e-con-full e-flex e-con e-parent\" data-id=\"b71d9f5\" data-element_type=\"container\" data-e-type=\"container\" data-settings=\"{&quot;background_background&quot;:&quot;classic&quot;}\">\n\t\t\t\t<div class=\"elementor-element elementor-element-eea7bfc elementor-widget elementor-widget-spacer\" data-id=\"eea7bfc\" data-element_type=\"widget\" data-e-type=\"widget\" data-widget_type=\"spacer.default\">\n\t\t\t\t<div class=\"elementor-widget-container\">\n\t\t\t\t\t\t\t<div class=\"elementor-spacer\">\n\t\t\t<div class=\"elementor-spacer-inner\"><\/div>\n\t\t<\/div>\n\t\t\t\t\t\t<\/div>\n\t\t\t\t<\/div>\n\t\t\t\t<div class=\"elementor-element elementor-element-efe1096 elementor-widget elementor-widget-heading\" data-id=\"efe1096\" data-element_type=\"widget\" data-e-type=\"widget\" data-widget_type=\"heading.default\">\n\t\t\t\t<div class=\"elementor-widget-container\">\n\t\t\t\t\t<h2 class=\"elementor-heading-title elementor-size-default\">Zasady wysy\u0142ki i zwrot\u00f3w<\/h2>\t\t\t\t<\/div>\n\t\t\t\t<\/div>\n\t\t\t\t<div class=\"elementor-element elementor-element-1132002 elementor-widget elementor-widget-spacer\" data-id=\"1132002\" data-element_type=\"widget\" data-e-type=\"widget\" data-widget_type=\"spacer.default\">\n\t\t\t\t<div class=\"elementor-widget-container\">\n\t\t\t\t\t\t\t<div class=\"elementor-spacer\">\n\t\t\t<div class=\"elementor-spacer-inner\"><\/div>\n\t\t<\/div>\n\t\t\t\t\t\t<\/div>\n\t\t\t\t<\/div>\n\t\t\t\t<\/div>\n\t\t<div class=\"elementor-element elementor-element-3602dee0 e-flex e-con-boxed e-con e-parent\" data-id=\"3602dee0\" data-element_type=\"container\" data-e-type=\"container\">\n\t\t\t\t\t<div class=\"e-con-inner\">\n\t\t\t\t<div class=\"elementor-element elementor-element-51ea11e5 elementor-widget elementor-widget-text-editor\" data-id=\"51ea11e5\" data-element_type=\"widget\" data-e-type=\"widget\" data-widget_type=\"text-editor.default\">\n\t\t\t\t<div class=\"elementor-widget-container\">\n\t\t\t\t\t\t\t\t\t<p><\/p>\n<p style=\"text-align: justify;\"><strong>Warunki prawne wysy\u0142ek i zwrot\u00f3w<\/strong><\/p>\n<p style=\"text-align: justify;\">Warunki prawne dotycz\u0105ce wysy\u0142ki i anulowania stanowi\u0105 cz\u0119\u015b\u0107 Warunk\u00f3w prawnych um\u00f3w (zwanych dalej \u00abWarunkami Sprzeda\u017cy\u00bb), kt\u00f3re reguluj\u0105 transakcje sprzeda\u017cy dokonywane w sklepie internetowym znajduj\u0105cym si\u0119 pod domen\u0105 iguanasmoke.com (zwanym dalej \u00abSklepem Internetowym\u00bb).<\/p>\n<p style=\"text-align: justify;\">Zakup kt\u00f3regokolwiek z produkt\u00f3w oferowanych w Sklepie Internetowym oznacza akceptacj\u0119, bez \u017cadnych zastrze\u017ce\u0144, przez U\u017bYTKOWNIKA-KLIENTA Warunk\u00f3w U\u017cytkowania i Sprzeda\u017cy.<\/p>\n<ol style=\"text-align: justify;\">\n<li><strong> METODY WYSY\u0141KI<\/strong><\/li>\n<\/ol>\n<p style=\"text-align: justify;\">WYSY\u0141KA DO DOMU, po potwierdzeniu p\u0142atno\u015bci za zam\u00f3wienie zostanie ono wys\u0142ane na adres pocztowy podany przez U\u017bYTKOWNIKA-KLIENTA. Wy\u015blemy Ci powiadomienia e-mailem informuj\u0105ce o statusie Twojego zam\u00f3wienia w terminie nieprzekraczaj\u0105cym 24 godzin.<\/p>\n<p style=\"text-align: justify;\">WYSY\u0141KA PACZKI<\/p>\n<p style=\"text-align: justify;\">Zam\u00f3wienia otrzymane przed godzin\u0105 15:00 zostan\u0105 wys\u0142ane w ci\u0105gu 24 godzin, po tej godzinie paczki s\u0105 wysy\u0142ane w ci\u0105gu najbli\u017cszych 24-48 godzin roboczych od otrzymania p\u0142atno\u015bci, za po\u015brednictwem prywatnej firmy kurierskiej z odpowiednim numerem przesy\u0142ki wysy\u0142anym automatycznie na tego samego maila, na kt\u00f3rego z\u0142o\u017cono zam\u00f3wienie.<\/p>\n<p style=\"text-align: justify;\">Paczka dotrze w ci\u0105gu 24\/48 godzin roboczych od wysy\u0142ki paczki.<\/p>\n<p style=\"text-align: justify;\">Generalnie rzecz bior\u0105c paczka zostanie dostarczona przed godzin\u0105 19:00 we wszystkich zam\u00f3wieniach z\u0142o\u017conych na terenie P\u00f3\u0142wyspu.<\/p>\n<p style=\"text-align: justify;\">Wysy\u0142ka kosztuje 7,50 \u20ac, a od kwoty 40 \u20ac w koszyku jest bezp\u0142atna (bez zastosowania kodu rabatowego).<\/p>\n<p>WYSpy BALEARSKIE<\/p>\n<p>Wysy\u0142ka na Baleary kosztuje 18 \u20ac, dla wszystkich zam\u00f3wie\u0144, a 10,89 \u20ac, je\u015bli zakup przekracza 40 \u20ac.<\/p>\n<p style=\"text-align: justify;\">Wyspy Kanaryjskie (48-72h)<\/p>\n<p style=\"text-align: justify;\">Wysy\u0142ki na Wyspy Kanaryjskie nie s\u0105 obecnie mo\u017cliwe.<\/p>\n<p style=\"text-align: justify;\">CEUTA\/MELILLA- (48-72h)<\/p>\n<p style=\"text-align: justify;\">Wysy\u0142ka do Ceuty\/Melilli nie jest obecnie mo\u017cliwa.<\/p>\n<ol style=\"text-align: justify;\" start=\"2\">\n<li><strong> KOSZTY I CZAS DOSTAWY<\/strong><\/li>\n<\/ol>\n<p style=\"text-align: justify;\">Koszty WYSY\u0141KI DO DOMU b\u0119d\u0105 si\u0119 r\u00f3\u017cni\u0107 w zale\u017cno\u015bci od lokalizacji i wagi, a kwoty i terminy dostawy s\u0105 okre\u015blone w ofercie sprzeda\u017cy ka\u017cdego produktu. W przypadku przesy\u0142ek na P\u00f3\u0142wysep Iberyjski termin wynosi 24-48 godzin. W przypadku przesy\u0142ek do pozosta\u0142ych kraj\u00f3w Europy termin wynosi 5-7 dni.<\/p>\n<p style=\"text-align: justify;\">Wysy\u0142ki b\u0119d\u0105 realizowane wy\u0142\u0105cznie za po\u015brednictwem Poczty Polskiej lub prywatnej firmy kurierskiej, a KONSUMENT-KLIENT poniesie ca\u0142kowite koszty przesy\u0142ki, z wyj\u0105tkiem sytuacji, gdy przekroczy kwot\u0119 ustalon\u0105 dla przesy\u0142ek bezp\u0142atnych lub gdy istnieje korzystniejsza oferta promocyjna dla KONSUMENTA-KLIENTA.<\/p>\n<ol style=\"text-align: justify;\" start=\"3\">\n<li><strong> ANULOWANIA<\/strong><\/li>\n<\/ol>\n<p style=\"text-align: justify;\">IGUANA SMOKE mo\u017ce przyj\u0105\u0107 anulowanie dowolnego zam\u00f3wienia pod warunkiem, \u017ce nie zosta\u0142o ono jeszcze wys\u0142ane i w zale\u017cno\u015bci od stanu jego przygotowania, nale\u017cy w tym celu skontaktowa\u0107 si\u0119 pod nast\u0119puj\u0105cym adresem e-mail: contacto@iguanasmoke.com<\/p>\n<p style=\"text-align: justify;\">IGUANA SMOKE mo\u017ce anulowa\u0107 zam\u00f3wienie, je\u015bli b\u0119dzie mia\u0142 podstawy przypuszcza\u0107, \u017ce metoda p\u0142atno\u015bci lub cel zakupu s\u0105 niewa\u017cne lub niezgodne z prawem.<\/p>\n<p style=\"text-align: justify;\">W takim przypadku IGUANA SMOKE skontaktuje si\u0119 z U\u017bYTKOWNIKIEM-KLIENTEM i zaproponuje alternatywny spos\u00f3b rozwi\u0105zania wykrytej nieprawid\u0142owo\u015bci.<\/p>\n<p style=\"text-align: justify;\"><strong>Warunki prawne dotycz\u0105ce zwrot\u00f3w i zwrotu pieni\u0119dzy<\/strong><\/p>\n<p style=\"text-align: justify;\">Warunki prawne dotycz\u0105ce zwrot\u00f3w i zwrotu pieni\u0119dzy stanowi\u0105 cz\u0119\u015b\u0107 Warunk\u00f3w prawnych umowy (dalej zwanych \u00abWarunkami Sprzeda\u017cy\u00bb), kt\u00f3re reguluj\u0105 transakcje sprzeda\u017cy dokonywane w sklepie internetowym znajduj\u0105cym si\u0119 pod domen\u0105 iguanasmoke.com (dalej zwanym \u00abSklepem Internetowym\u00bb).<\/p>\n<p style=\"text-align: justify;\">Zakup kt\u00f3regokolwiek z produkt\u00f3w oferowanych w Sklepie Internetowym oznacza akceptacj\u0119, bez \u017cadnych zastrze\u017ce\u0144, przez U\u017bYTKOWNIKA-KLIENTA Warunk\u00f3w U\u017cytkowania i Sprzeda\u017cy.<\/p>\n<ol style=\"text-align: justify;\">\n<li><strong> ZWROT<\/strong><\/li>\n<\/ol>\n<p style=\"text-align: justify;\">Zgodnie z obowi\u0105zuj\u0105cymi przepisami prawa, KONSUMENT-KLIENT ma prawo do zwrotu ka\u017cdego produktu w terminie czternastu (14) dni od daty otrzymania produktu.<\/p>\n<p style=\"text-align: justify;\">Produkt musi by\u0107 nieu\u017cywany i w idealnym stanie, wraz z akcesoriami, dokumentacj\u0105 i oryginalnym opakowaniem. W przeciwnym razie towar ulegnie deprecjacji.<\/p>\n<p style=\"text-align: justify;\">KLIENT ponosi wy\u0142\u0105czn\u0105 odpowiedzialno\u015b\u0107 za zmniejszenie warto\u015bci produkt\u00f3w wynikaj\u0105ce z obchodzenia si\u0119 z nimi w spos\u00f3b inny ni\u017c niezb\u0119dny do ustalenia charakteru, cech i funkcjonowania zakupionych towar\u00f3w.<\/p>\n<p>W \u017cadnym wypadku nie zwracamy pieni\u0119dzy za produkty z kwiatami, je\u015bli zosta\u0142y otwarte.<\/p>\n<p style=\"text-align: justify;\">KLIENT-U\u017bYTKOWNIK musi poinformowa\u0107 IGUANA SMOKE o swojej ch\u0119ci zwrotu produktu b\u0119d\u0105cego przedmiotem zakupu, w tym celu prosimy o kontakt mailowy na adres contacto@iguanasmoke.com lub za pomoc\u0105 przycisku czatu widocznego w prawym dolnym rogu ekranu.<\/p>\n<ol style=\"text-align: justify;\" start=\"2\">\n<li><strong> ZWROT<\/strong><\/li>\n<\/ol>\n<p style=\"text-align: justify;\">Zwrot p\u0142atno\u015bci nast\u0105pi na zasadach okre\u015blonych w RDL 1\/2007 i za po\u015brednictwem tego samego \u015brodka p\u0142atniczego, kt\u00f3rego U\u017bYTKOWNIK-KLIENT u\u017cy\u0142 do dokonania zakupu.<\/p>\n<p style=\"text-align: justify;\">W przypadku jakiejkolwiek formy zwrotu towar zostanie sprawdzony w siedzibie IGUANA SMOKE. Po potwierdzeniu jego prawid\u0142owego stanu, zostanie dokonany zwrot kwoty pomniejszony o koszty wysy\u0142ki, zgodnie z metod\u0105 p\u0142atno\u015bci wybran\u0105 przez U\u017bYTKOWNIKA-KLIENTA, w terminie nieprzekraczaj\u0105cym 14 dni kalendarzowych od daty otrzymania zwracanego towaru.<\/p>\n<p style=\"text-align: justify;\">IGUANA SMOKE pokryje bezpo\u015brednie koszty zwrotu w przypadku b\u0142\u0119du wysy\u0142ki lub wady produkcyjnej. W tym celu IGUANA SMKE przejmie koszty wysy\u0142ki, a po weryfikacji s\u0142uszno\u015bci b\u0142\u0119du lub wady produkcyjnej produktu, zwr\u00f3ci kwot\u0119 r\u00f3wnowa\u017cn\u0105 kosztom wysy\u0142ki zwi\u0105zanym ze zwrotem produktu na rachunek U\u017bYTKOWNIKA-KLIENTA.<\/p>\n<p style=\"text-align: justify;\">W przypadku braku wady produkcyjnej lub b\u0142\u0119du w dostawie, KLIENT-U\u017bYTKOWNIK ponosi koszty wysy\u0142ki zwi\u0105zane ze zwrotem lub wymian\u0105 zam\u00f3wienia w ramach wspomnianego terminu ustawowej gwarancji zwrotu towar\u00f3w, zgodnie z obowi\u0105zuj\u0105cymi przepisami.<\/p>\t\t\t\t\t\t\t\t<\/div>\n\t\t\t\t<\/div>\n\t\t\t\t\t<\/div>\n\t\t\t\t<\/div>\n\t\t\t\t<\/div>","protected":false},"excerpt":{"rendered":"<p>Pol\u00edtica de env\u00edo y devoluciones Condiciones Legales de Env\u00edos y Devoluciones Las Condiciones Legales de Env\u00edo y Anulaci\u00f3n forman parte de las Condiciones Legales de Contrataci\u00f3n (en adelante, las \u00abCondiciones de Venta\u00bb) que rigen las operaciones de venta realizadas en la tienda en l\u00ednea contenida en el dominio iguanasmoke.com (en adelante, la \u00abTienda Online\u00bb). La [&hellip;]<\/p>\n","protected":false},"author":1,"featured_media":0,"parent":0,"menu_order":0,"comment_status":"closed","ping_status":"closed","template":"","meta":{"_acf_changed":false,"site-sidebar-layout":"no-sidebar","site-content-layout":"plain-container","ast-site-content-layout":"default","site-content-style":"unboxed","site-sidebar-style":"unboxed","ast-global-header-display":"","ast-banner-title-visibility":"","ast-main-header-display":"","ast-hfb-above-header-display":"","ast-hfb-below-header-display":"","ast-hfb-mobile-header-display":"","site-post-title":"disabled","ast-breadcrumbs-content":"","ast-featured-img":"disabled","footer-sml-layout":"","theme-transparent-header-meta":"","adv-header-id-meta":"","stick-header-meta":"","header-above-stick-meta":"","header-main-stick-meta":"","header-below-stick-meta":"","astra-migrate-meta-layouts":"set","ast-page-background-enabled":"default","ast-page-background-meta":{"desktop":{"background-color":"var(--ast-global-color-4)","background-image":"","background-repeat":"repeat","background-position":"center center","background-size":"auto","background-attachment":"scroll","background-type":"","background-media":"","overlay-type":"","overlay-color":"","overlay-opacity":"","overlay-gradient":""},"tablet":{"background-color":"","background-image":"","background-repeat":"repeat","background-position":"center center","background-size":"auto","background-attachment":"scroll","background-type":"","background-media":"","overlay-type":"","overlay-color":"","overlay-opacity":"","overlay-gradient":""},"mobile":{"background-color":"","background-image":"","background-repeat":"repeat","background-position":"center center","background-size":"auto","background-attachment":"scroll","background-type":"","background-media":"","overlay-type":"","overlay-color":"","overlay-opacity":"","overlay-gradient":""}},"ast-content-background-meta":{"desktop":{"background-color":"var(--ast-global-color-5)","background-image":"","background-repeat":"repeat","background-position":"center center","background-size":"auto","background-attachment":"scroll","background-type":"","background-media":"","overlay-type":"","overlay-color":"","overlay-opacity":"","overlay-gradient":""},"tablet":{"background-color":"var(--ast-global-color-5)","background-image":"","background-repeat":"repeat","background-position":"center center","background-size":"auto","background-attachment":"scroll","background-type":"","background-media":"","overlay-type":"","overlay-color":"","overlay-opacity":"","overlay-gradient":""},"mobile":{"background-color":"var(--ast-global-color-5)","background-image":"","background-repeat":"repeat","background-position":"center center","background-size":"auto","background-attachment":"scroll","background-type":"","background-media":"","overlay-type":"","overlay-color":"","overlay-opacity":"","overlay-gradient":""}},"footnotes":""},"class_list":["post-9173","page","type-page","status-publish","hentry"],"acf":[],"yoast_head":"<!-- This site is optimized with the Yoast SEO Premium plugin v27.3 (Yoast SEO v27.3) - https:\/\/yoast.com\/product\/yoast-seo-premium-wordpress\/ -->\n<title>Pol\u00edticas de env\u00edos y devoluciones | Iguana Smoke<\/title>\n<meta name=\"robots\" content=\"index, follow, max-snippet:-1, max-image-preview:large, max-video-preview:-1\" \/>\n<link rel=\"canonical\" href=\"https:\/\/iguanasmoke.com\/pl\/zasady-wysylki-i-zwrotow\/\" \/>\n<meta property=\"og:locale\" content=\"pl_PL\" \/>\n<meta property=\"og:type\" content=\"article\" \/>\n<meta property=\"og:title\" content=\"Pol\u00edticas de env\u00edos y devoluciones\" \/>\n<meta property=\"og:description\" content=\"Pol\u00edtica de env\u00edo y devoluciones Condiciones Legales de Env\u00edos y Devoluciones Las Condiciones Legales de Env\u00edo y Anulaci\u00f3n forman parte de las Condiciones\" \/>\n<meta property=\"og:url\" content=\"https:\/\/iguanasmoke.com\/pl\/zasady-wysylki-i-zwrotow\/\" \/>\n<meta property=\"og:site_name\" content=\"Iguana Smoke\" \/>\n<meta property=\"article:publisher\" content=\"https:\/\/www.facebook.com\/iguanasmoke\" \/>\n<meta property=\"article:modified_time\" content=\"2024-11-27T13:28:34+00:00\" \/>\n<meta property=\"og:image\" content=\"https:\/\/iguanasmoke.com\/wp-content\/uploads\/2025\/01\/logo-sauron-iguana-1.png\" \/>\n\t<meta property=\"og:image:width\" content=\"600\" \/>\n\t<meta property=\"og:image:height\" content=\"600\" \/>\n\t<meta property=\"og:image:type\" content=\"image\/png\" \/>\n<meta name=\"twitter:card\" content=\"summary_large_image\" \/>\n<meta name=\"twitter:label1\" content=\"Szacowany czas czytania\" \/>\n\t<meta name=\"twitter:data1\" content=\"5 minut\" \/>\n<!-- \/ Yoast SEO Premium plugin. -->","yoast_head_json":{"title":"Polityka wysy\u0142ek i zwrot\u00f3w | Iguana Smoke","robots":{"index":"index","follow":"follow","max-snippet":"max-snippet:-1","max-image-preview":"max-image-preview:large","max-video-preview":"max-video-preview:-1"},"canonical":"https:\/\/iguanasmoke.com\/pl\/zasady-wysylki-i-zwrotow\/","og_locale":"pl_PL","og_type":"article","og_title":"Pol\u00edticas de env\u00edos y devoluciones","og_description":"Pol\u00edtica de env\u00edo y devoluciones Condiciones Legales de Env\u00edos y Devoluciones Las Condiciones Legales de Env\u00edo y Anulaci\u00f3n forman parte de las Condiciones","og_url":"https:\/\/iguanasmoke.com\/pl\/zasady-wysylki-i-zwrotow\/","og_site_name":"Iguana Smoke","article_publisher":"https:\/\/www.facebook.com\/iguanasmoke","article_modified_time":"2024-11-27T13:28:34+00:00","og_image":[{"width":600,"height":600,"url":"https:\/\/iguanasmoke.com\/wp-content\/uploads\/2025\/01\/logo-sauron-iguana-1.png","type":"image\/png"}],"twitter_card":"summary_large_image","twitter_misc":{"Szacowany czas czytania":"5 minut"},"schema":{"@context":"https:\/\/schema.org","@graph":[{"@type":"WebPage","@id":"https:\/\/iguanasmoke.com\/politicas-de-envios-y-devoluciones\/","url":"https:\/\/iguanasmoke.com\/politicas-de-envios-y-devoluciones\/","name":"Polityka wysy\u0142ek i zwrot\u00f3w | Iguana Smoke","isPartOf":{"@id":"https:\/\/iguanasmoke.com\/#website"},"datePublished":"2021-06-09T12:30:35+00:00","dateModified":"2024-11-27T13:28:34+00:00","breadcrumb":{"@id":"https:\/\/iguanasmoke.com\/politicas-de-envios-y-devoluciones\/#breadcrumb"},"inLanguage":"pl-PL","potentialAction":[{"@type":"ReadAction","target":["https:\/\/iguanasmoke.com\/politicas-de-envios-y-devoluciones\/"]}]},{"@type":"BreadcrumbList","@id":"https:\/\/iguanasmoke.com\/politicas-de-envios-y-devoluciones\/#breadcrumb","itemListElement":[{"@type":"ListItem","position":1,"name":"home","item":"https:\/\/iguanasmoke.com\/"},{"@type":"ListItem","position":2,"name":"Pol\u00edticas de env\u00edos y devoluciones"}]},{"@type":"WebSite","@id":"https:\/\/iguanasmoke.com\/#website","url":"https:\/\/iguanasmoke.com\/","name":"Iguana Smoke","description":"Kup CBD online w najlepszej cenie","publisher":{"@id":"https:\/\/iguanasmoke.com\/#organization"},"potentialAction":[{"@type":"SearchAction","target":{"@type":"EntryPoint","urlTemplate":"https:\/\/iguanasmoke.com\/?s={search_term_string}"},"query-input":{"@type":"PropertyValueSpecification","valueRequired":true,"valueName":"search_term_string"}}],"inLanguage":"pl-PL"},{"@type":"Organization","@id":"https:\/\/iguanasmoke.com\/#organization","name":"Iguana Smoke","url":"https:\/\/iguanasmoke.com\/","logo":{"@type":"ImageObject","inLanguage":"pl-PL","@id":"https:\/\/iguanasmoke.com\/#\/schema\/logo\/image\/","url":"https:\/\/iguanasmoke.com\/wp-content\/uploads\/2025\/01\/logoiguana-favi-1.png","contentUrl":"https:\/\/iguanasmoke.com\/wp-content\/uploads\/2025\/01\/logoiguana-favi-1.png","width":512,"height":512,"caption":"Iguana Smoke"},"image":{"@id":"https:\/\/iguanasmoke.com\/#\/schema\/logo\/image\/"},"sameAs":["https:\/\/www.facebook.com\/iguanasmoke","https:\/\/www.instagram.com\/iguanasmoke\/"]}]}},"_links":{"self":[{"href":"https:\/\/iguanasmoke.com\/pl\/wp-json\/wp\/v2\/pages\/9173","targetHints":{"allow":["GET"]}}],"collection":[{"href":"https:\/\/iguanasmoke.com\/pl\/wp-json\/wp\/v2\/pages"}],"about":[{"href":"https:\/\/iguanasmoke.com\/pl\/wp-json\/wp\/v2\/types\/page"}],"author":[{"embeddable":true,"href":"https:\/\/iguanasmoke.com\/pl\/wp-json\/wp\/v2\/users\/1"}],"replies":[{"embeddable":true,"href":"https:\/\/iguanasmoke.com\/pl\/wp-json\/wp\/v2\/comments?post=9173"}],"version-history":[{"count":18,"href":"https:\/\/iguanasmoke.com\/pl\/wp-json\/wp\/v2\/pages\/9173\/revisions"}],"predecessor-version":[{"id":44221,"href":"https:\/\/iguanasmoke.com\/pl\/wp-json\/wp\/v2\/pages\/9173\/revisions\/44221"}],"wp:attachment":[{"href":"https:\/\/iguanasmoke.com\/pl\/wp-json\/wp\/v2\/media?parent=9173"}],"curies":[{"name":"wp","href":"https:\/\/api.w.org\/{rel}","templated":true}]}}