{"id":9624,"date":"2021-08-14T18:47:40","date_gmt":"2021-08-14T16:47:40","guid":{"rendered":"http:\/\/iguanasmoke.com\/terminos-y-condiciones-2\/"},"modified":"2021-08-14T18:47:40","modified_gmt":"2021-08-14T16:47:40","slug":"terminy-i-warunki-2","status":"publish","type":"page","link":"https:\/\/iguanasmoke.com\/pl\/terminos-y-condiciones-2\/","title":{"rendered":"Zasady i warunki"},"content":{"rendered":"<!-- This legal document was generated by Complianz Terms &amp; Conditions https:\/\/wordpress.org\/plugins\/complianz-terms-conditions -->\n<div id=\"cmplz-document\" class=\"cmplz-document cmplz-terms-conditions\"><p><i>Warunki zosta\u0142y ostatnio zaktualizowane 18.09.2022<\/i><\/p><h2>1. Wprowadzenie<\/h2><p>Niniejszy Regulamin ma zastosowanie do niniejszej strony internetowej oraz do transakcji zwi\u0105zanych z naszymi produktami i us\u0142ugami. Mog\u0105 Pa\u0144stwo by\u0107 zwi\u0105zani dodatkowymi umowami zwi\u0105zanymi z Pa\u0144stwa relacjami z nami lub jakimikolwiek produktami lub us\u0142ugami, kt\u00f3re Pa\u0144stwo od nas otrzymuj\u0105. Je\u015bli jakiekolwiek postanowienia um\u00f3w dodatkowych stoj\u0105 w sprzeczno\u015bci z postanowieniami niniejszego Regulaminu, postanowienia um\u00f3w dodatkowych b\u0119d\u0105 mia\u0142y pierwsze\u0144stwo.<\/p><h2>2. Zakres obowi\u0105zywania<\/h2><p>Rejestruj\u0105c si\u0119, uzyskuj\u0105c dost\u0119p lub w inny spos\u00f3b korzystaj\u0105c z tej strony internetowej, niniejszym wyra\u017casz zgod\u0119 na przestrzeganie niniejszego Regulaminu i zasad przedstawionych poni\u017cej. Samo korzystanie z tej strony internetowej oznacza znajomo\u015b\u0107 i akceptacj\u0119 niniejszego Regulaminu. W niekt\u00f3rych szczeg\u00f3lnych przypadkach mo\u017cemy r\u00f3wnie\u017c poprosi\u0107 u\u017cytkownika o wyra\u017an\u0105 zgod\u0119.<\/p><h2>3. Komunikacja elektroniczna<\/h2><p>Korzystaj\u0105c z tej strony internetowej lub komunikuj\u0105c si\u0119 z nami drog\u0105 elektroniczn\u0105, u\u017cytkownik zgadza si\u0119 i przyjmuje do wiadomo\u015bci, \u017ce mo\u017cemy komunikowa\u0107 si\u0119 z u\u017cytkownikiem drog\u0105 elektroniczn\u0105 na naszej stronie internetowej lub wysy\u0142aj\u0105c do niego wiadomo\u015b\u0107 e-mail, a u\u017cytkownik zgadza si\u0119, \u017ce wszystkie umowy, powiadomienia, ujawnienia i inne komunikaty, kt\u00f3re dostarczamy u\u017cytkownikowi drog\u0105 elektroniczn\u0105 spe\u0142niaj\u0105 wszelkie wymogi prawne, w tym mi\u0119dzy innymi wym\u00f3g, \u017ce takie komunikaty powinny mie\u0107 form\u0119 pisemn\u0105.<\/p><h2>4. W\u0142asno\u015b\u0107 intelektualna<\/h2><p>My lub nasi licencjodawcy jeste\u015bmy w\u0142a\u015bcicielami i posiadamy wszelkie prawa autorskie i inne prawa w\u0142asno\u015bci intelektualnej do strony internetowej oraz danych, informacji i innych zasob\u00f3w wy\u015bwietlanych lub dost\u0119pnych na stronie internetowej.<\/p><p class=\"cmplz-subtitle\">4.1 Wszelkie prawa zastrze\u017cone<\/p><p>Je\u015bli okre\u015blona tre\u015b\u0107 nie stanowi inaczej, u\u017cytkownikowi nie udziela si\u0119 licencji ani \u017cadnych innych praw wynikaj\u0105cych z praw autorskich, znak\u00f3w towarowych, patent\u00f3w lub innych praw w\u0142asno\u015bci intelektualnej. Oznacza to, \u017ce nie wolno u\u017cywa\u0107, kopiowa\u0107, reprodukowa\u0107, wykonywa\u0107, wy\u015bwietla\u0107, rozpowszechnia\u0107, osadza\u0107 w dowolnym medium elektronicznym, modyfikowa\u0107, odtwarza\u0107, dekompilowa\u0107, przenosi\u0107, pobiera\u0107, transmitowa\u0107, czerpa\u0107 zysk\u00f3w, sprzedawa\u0107, wprowadza\u0107 na rynek lub komercjalizowa\u0107 \u017cadnych zasob\u00f3w na tej stronie w jakiejkolwiek formie bez naszej uprzedniej pisemnej zgody, z wyj\u0105tkiem i tylko w zakresie, w jakim jest to inaczej okre\u015blone w obowi\u0105zuj\u0105cych przepisach prawa (np. prawo do cytowania).<\/p><h2>5. Biuletyn<\/h2><p>Niezale\u017cnie od powy\u017cszego, mog\u0105 Pa\u0144stwo udost\u0119pnia\u0107 nasz newsletter w formie elektronicznej innym osobom, kt\u00f3re mog\u0105 by\u0107 zainteresowane odwiedzeniem naszej strony internetowej.<\/p><h2>6. W\u0142asno\u015b\u0107 os\u00f3b trzecich<\/h2><p>Nasza strona internetowa mo\u017ce zawiera\u0107 hiper\u0142\u0105cza lub inne odniesienia do stron internetowych podmiot\u00f3w trzecich. Nie monitorujemy ani nie weryfikujemy zawarto\u015bci stron internetowych podmiot\u00f3w trzecich, do kt\u00f3rych odsy\u0142aj\u0105 odno\u015bniki z niniejszej strony. Produkty lub us\u0142ugi oferowane przez inne strony internetowe podlegaj\u0105 obowi\u0105zuj\u0105cym Warunkom Handlowym tych stron trzecich. Opinii wyra\u017canych lub materia\u0142\u00f3w pojawiaj\u0105cych si\u0119 na tych stronach niekoniecznie podzielamy lub popieramy.<\/p><p>Nie ponosimy odpowiedzialno\u015bci za praktyki dotycz\u0105ce prywatno\u015bci ani zawarto\u015b\u0107 tych stron. U\u017cytkownik ponosi wszelkie ryzyko zwi\u0105zane z korzystaniem z tych stron internetowych i wszelkich powi\u0105zanych us\u0142ug os\u00f3b trzecich. Nie ponosimy \u017cadnej odpowiedzialno\u015bci za jakiekolwiek straty lub szkody, w jakikolwiek spos\u00f3b, niezale\u017cnie od przyczyny, wynikaj\u0105ce z ujawnienia przez Pa\u0144stwa danych osobowych osobom trzecim.<\/p><h2>7. Odpowiedzialne u\u017cytkowanie<\/h2><p>Odwiedzaj\u0105c nasz\u0105 stron\u0119 internetow\u0105, zgadzasz si\u0119 na korzystanie z niej wy\u0142\u0105cznie w celach zgodnych z jej przeznaczeniem i dozwolonych przez niniejsze Warunki, wszelkie dodatkowe umowy z nami, a tak\u017ce obowi\u0105zuj\u0105ce prawo, przepisy i og\u00f3lnie przyj\u0119te praktyki internetowe oraz wytyczne bran\u017cowe. Nie wolno wykorzystywa\u0107 naszej strony internetowej ani us\u0142ug do korzystania, publikowania lub rozpowszechniania jakichkolwiek materia\u0142\u00f3w, kt\u00f3re sk\u0142adaj\u0105 si\u0119 ze z\u0142o\u015bliwego oprogramowania komputerowego (lub s\u0105 z nim powi\u0105zane); wykorzystywa\u0107 danych zebranych z naszej strony internetowej do jakichkolwiek bezpo\u015brednich dzia\u0142a\u0144 marketingowych lub prowadzi\u0107 jakichkolwiek systematycznych lub zautomatyzowanych dzia\u0142a\u0144 zwi\u0105zanych z gromadzeniem danych na naszej stronie internetowej lub w zwi\u0105zku z ni\u0105.<\/p><p>Surowo zabrania si\u0119 anga\u017cowania si\u0119 w jakiekolwiek dzia\u0142ania, kt\u00f3re powoduj\u0105 lub mog\u0105 spowodowa\u0107 uszkodzenie strony internetowej lub zak\u0142\u00f3caj\u0105 jej dzia\u0142anie, dost\u0119pno\u015b\u0107 lub osi\u0105galno\u015b\u0107.<\/p><h2>8. Rejestracja<\/h2><p>Mo\u017cesz za\u0142o\u017cy\u0107 konto na naszej stronie internetowej. Podczas tego procesu mo\u017cesz zosta\u0107 poproszony o wybranie has\u0142a. U\u017cytkownik jest odpowiedzialny za zachowanie poufno\u015bci hase\u0142 i informacji o koncie oraz zobowi\u0105zuje si\u0119, \u017ce nie udost\u0119pni nikomu innym swoim hase\u0142, informacji o koncie ani zabezpieczonego dost\u0119pu do naszej strony internetowej lub us\u0142ug. Nie wolno Ci pozwoli\u0107 \u017cadnej innej osobie na korzystanie z Twojego konta w celu uzyskania dost\u0119pu do strony internetowej, poniewa\u017c jeste\u015b odpowiedzialny za wszystkie dzia\u0142ania, kt\u00f3re maj\u0105 miejsce przy u\u017cyciu Twoich hase\u0142 lub konta. Musisz nas natychmiast powiadomi\u0107, je\u015bli dowiesz si\u0119 o jakimkolwiek ujawnieniu Twojego has\u0142a.<\/p><p>Po zamkni\u0119ciu konta, nie b\u0119dziesz pr\u00f3bowa\u0142 zarejestrowa\u0107 nowego konta bez naszej zgody.<\/p><h2>9. Zg\u0142aszanie pomys\u0142\u00f3w<\/h2><p>Nie przesy\u0142aj \u017cadnych pomys\u0142\u00f3w, wynalazk\u00f3w, dzie\u0142 autorskich ani innych informacji, kt\u00f3re mog\u0105 by\u0107 uwa\u017cane za Twoj\u0105 w\u0142asno\u015b\u0107 intelektualn\u0105, chyba \u017ce najpierw podpiszemy umow\u0119 dotycz\u0105c\u0105 w\u0142asno\u015bci intelektualnej lub umow\u0119 o poufno\u015bci. Je\u015bli przeka\u017cesz nam je bez takiej pisemnej zgody, udzielasz nam og\u00f3lno\u015bwiatowej, nieodwo\u0142alnej, niewy\u0142\u0105cznej, wolnej od tantiem licencji na wykorzystywanie, reprodukcj\u0119, przechowywanie, adaptacj\u0119, publikacj\u0119, t\u0142umaczenie i rozpowszechnianie Twoich tre\u015bci za po\u015brednictwem wszelkich obecnych lub przysz\u0142ych medi\u00f3w.<\/p><h2>10. Zako\u0144czenie u\u017cytkowania<\/h2><p>Mo\u017cemy wedle w\u0142asnego uznania, w dowolnym czasie, tymczasowo lub na sta\u0142e, zmodyfikowa\u0107 lub przerwa\u0107 dost\u0119p do Strony Internetowej lub jakichkolwiek Us\u0142ug na niej. Zgadzasz si\u0119, \u017ce nie b\u0119dziemy ponosi\u0107 odpowiedzialno\u015bci wobec Ciebie ani \u017cadnej strony trzeciej za jakiekolwiek modyfikacje, zawieszenie lub przerwanie Twojego dost\u0119pu do Strony Internetowej lub korzystania z niej, ani za \u017cadne tre\u015bci, kt\u00f3re mog\u0142e\u015b udost\u0119pni\u0107 na Stronie Internetowej. U\u017cytkownik nie b\u0119dzie uprawniony do \u017cadnej rekompensaty ani innej p\u0142atno\u015bci, nawet je\u015bli pewne funkcje, ustawienia i\/lub Tre\u015bci wniesione lub na kt\u00f3rych polega\u0142 U\u017cytkownik, zostan\u0105 trwale utracone. Nie wolno Ci obchodzi\u0107 ani omija\u0107, lub pr\u00f3bowa\u0107 obchodzi\u0107 ani omija\u0107, \u017cadnych \u015brodk\u00f3w ograniczaj\u0105cych dost\u0119p na naszej Stronie Internetowej.<\/p><h2>11. Gwarancje i odpowiedzialno\u015b\u0107<\/h2><p>\u017badne z postanowie\u0144 niniejszej sekcji nie ogranicza ani nie wy\u0142\u0105cza gwarancji dorozumianych przez prawo, kt\u00f3rych ograniczenie lub wy\u0142\u0105czenie by\u0142oby niezgodne z prawem. Niniejsza strona internetowa i wszystkie jej tre\u015bci s\u0105 udost\u0119pniane na zasadzie \u201ctak jak jest\u201d i \u201ctak jak s\u0105 dost\u0119pne\u201d i mog\u0105 zawiera\u0107 nie\u015bcis\u0142o\u015bci lub b\u0142\u0119dy. Wyra\u017anie zrzekamy si\u0119 wszelkich gwarancji, zar\u00f3wno wyra\u017anych, jak i dorozumianych, dotycz\u0105cych dost\u0119pno\u015bci, dok\u0142adno\u015bci i kompletno\u015bci tre\u015bci. Nie gwarantujemy, \u017ce:<\/p><p><ul>\n\t\t\t\t<li>ta strona lub nasze produkty i us\u0142ugi b\u0119d\u0105 spe\u0142nia\u0142y Pa\u0144stwa wymagania;<\/li>\n\t\t\t\t<li>niniejsza witryna b\u0119dzie dost\u0119pna w spos\u00f3b nieprzerwany, terminowy, bezpieczny lub wolny od b\u0142\u0119d\u00f3w;<\/li>\n\t\t\t\t<li>jako\u015b\u0107 ka\u017cdego produktu lub us\u0142ugi, kt\u00f3re u\u017cytkownik zakupi lub uzyska za po\u015brednictwem tej strony, b\u0119dzie odpowiada\u0107 jego oczekiwaniom.<\/li>\n\t\t\t<\/ul><\/p><p>Nic na tej stronie nie stanowi ani nie ma stanowi\u0107 porady prawnej, finansowej lub medycznej jakiegokolwiek rodzaju. Je\u015bli potrzebujesz porady, powiniene\u015b skonsultowa\u0107 si\u0119 z odpowiednim specjalist\u0105.<\/p><p>Poni\u017csze postanowienia niniejszej sekcji b\u0119d\u0105 mia\u0142y zastosowanie w maksymalnym zakresie dozwolonym przez obowi\u0105zuj\u0105ce prawo i nie ogranicz\u0105 ani nie wy\u0142\u0105cz\u0105 naszej odpowiedzialno\u015bci w odniesieniu do wszelkich kwestii, kt\u00f3rych ograniczenie lub wy\u0142\u0105czenie by\u0142oby dla nas niezgodne z prawem lub nielegalne. W \u017cadnym wypadku nie ponosimy odpowiedzialno\u015bci za jakiekolwiek bezpo\u015brednie lub po\u015brednie szkody (w tym wszelkie szkody z tytu\u0142u utraty zysk\u00f3w lub przychod\u00f3w, utraty lub uszkodzenia danych, oprogramowania lub bazy danych, lub utraty lub uszkodzenia w\u0142asno\u015bci lub danych) poniesione przez Ciebie lub jak\u0105kolwiek osob\u0119 trzeci\u0105, wynikaj\u0105ce z dost\u0119pu do lub korzystania z naszej strony internetowej.<\/p><p>Z wyj\u0105tkiem sytuacji, gdy odr\u0119bna umowa wyra\u017anie stanowi inaczej, nasza maksymalna odpowiedzialno\u015b\u0107 wobec Ciebie za jakiekolwiek szkody wynikaj\u0105ce z Serwisu lub wszelkich produkt\u00f3w i us\u0142ug wprowadzanych na rynek lub sprzedawanych za po\u015brednictwem Serwisu, niezale\u017cnie od formy prawnej podstawy odpowiedzialno\u015bci (czy to w ramach umowy, s\u0142uszno\u015bci, zaniedbania, celowego dzia\u0142ania lub w inny spos\u00f3b), b\u0119dzie ograniczona do ca\u0142kowitej ceny, kt\u00f3r\u0105 zap\u0142aci\u0142e\u015b nam za zakup takich produkt\u00f3w lub us\u0142ug lub korzystanie z Serwisu. Takie ograniczenie b\u0119dzie mia\u0142o zastosowanie \u0142\u0105cznie do wszystkich Twoich roszcze\u0144, dzia\u0142a\u0144 i podstaw prawnych, niezale\u017cnie od ich rodzaju i charakteru.<\/p><h2>12. Prywatno\u015b\u0107<\/h2><p>Aby uzyska\u0107 dost\u0119p do naszej strony internetowej i\/lub us\u0142ug, mo\u017cesz by\u0107 zobowi\u0105zany do podania pewnych informacji o sobie w ramach procesu rejestracji. U\u017cytkownik zgadza si\u0119, \u017ce wszelkie podane przez niego informacje b\u0119d\u0105 zawsze dok\u0142adne, poprawne i aktualne.<\/p><p>Traktujemy Pa\u0144stwa dane osobowe powa\u017cnie i zobowi\u0105zujemy si\u0119 do ochrony Pa\u0144stwa prywatno\u015bci. Nie b\u0119dziemy u\u017cywa\u0107 Pa\u0144stwa adresu e-mail do wysy\u0142ania niechcianych wiadomo\u015bci. Wszelkie e-maile wysy\u0142ane przez nas do Pa\u0144stwa b\u0119d\u0105 mia\u0142y miejsce wy\u0142\u0105cznie w zwi\u0105zku z dostarczaniem uzgodnionych produkt\u00f3w lub us\u0142ug.<\/p><p>Opracowali\u015bmy zasady, aby odpowiedzie\u0107 na wszelkie obawy dotycz\u0105ce prywatno\u015bci, jakie mog\u0105 Pa\u0144stwo mie\u0107. Aby uzyska\u0107 wi\u0119cej informacji, prosimy zapozna\u0107 si\u0119 z naszymi <a href=\"http:\/\/iguanasmoke.com\/pl\/politica-de-privacidad\/\">O\u015bwiadczenie o prywatno\u015bci<\/a> i nasz <a href=\"http:\/\/iguanasmoke.com\/pl\/polityka-plikow-cookie-ue\/\">Polityka plik\u00f3w cookie<\/a>.<\/p><h2>13. Ograniczenia eksportowe \/ Zgodno\u015b\u0107 z przepisami<\/h2><p>Dost\u0119p do strony internetowej z terytori\u00f3w lub kraj\u00f3w, w kt\u00f3rych tre\u015b\u0107 lub zakup produkt\u00f3w lub Us\u0142ug sprzedawanych na stronie internetowej jest nielegalny, jest zabroniony. U\u017cytkownik nie mo\u017ce korzysta\u0107 z tej witryny z naruszeniem praw i przepis\u00f3w eksportowych obowi\u0105zuj\u0105cych w Hiszpanii.<\/p><h2>14. Marketing afiliacyjny<\/h2><p>Za po\u015brednictwem tej strony internetowej mo\u017cemy anga\u017cowa\u0107 si\u0119 w marketing afiliacyjny, w ramach kt\u00f3rego otrzymujemy procent lub prowizj\u0119 od sprzeda\u017cy us\u0142ug lub produkt\u00f3w na tej stronie lub za jej po\u015brednictwem. Mo\u017cemy r\u00f3wnie\u017c przyjmowa\u0107 sponsoring lub inne formy wynagrodzenia za reklam\u0119 od firm. Ujawnienie informacji ma na celu spe\u0142nienie wymog\u00f3w prawnych dotycz\u0105cych marketingu i reklamy, kt\u00f3re mog\u0105 mie\u0107 zastosowanie, takich jak przepisy Federalnej Komisji Handlu USA.<\/p><h2>15. Zadanie<\/h2><p>U\u017cytkownik nie mo\u017ce scedowa\u0107, przenie\u015b\u0107 ani podzleci\u0107 \u017cadnych swoich praw i\/lub obowi\u0105zk\u00f3w wynikaj\u0105cych z niniejszego Regulaminu, w ca\u0142o\u015bci ani w cz\u0119\u015bci, na rzecz strony trzeciej bez naszej uprzedniej pisemnej zgody. Ka\u017cda domniemana cesja z naruszeniem postanowie\u0144 niniejszego punktu b\u0119dzie niewa\u017cna.<\/p><h2>16. Naruszenia niniejszego Regulaminu<\/h2><p>Z zastrze\u017ceniem naszych innych praw wynikaj\u0105cych z niniejszego Regulaminu, je\u015bli naruszysz niniejszy Regulamin w jakikolwiek spos\u00f3b, mo\u017cemy podj\u0105\u0107 takie dzia\u0142ania, jakie uznamy za stosowne, aby zaradzi\u0107 naruszeniu, w tym czasowo lub na sta\u0142e zawiesi\u0107 dost\u0119p do strony internetowej, skontaktowa\u0107 si\u0119 z dostawc\u0105 us\u0142ug internetowych, aby poprosi\u0107 o zablokowanie dost\u0119pu do strony internetowej, i\/lub podj\u0105\u0107 dzia\u0142ania prawne przeciwko Tobie.<\/p><h2>17. Si\u0142a wy\u017csza<\/h2><p>Z wyj\u0105tkiem zobowi\u0105za\u0144 do zap\u0142aty pieni\u0119dzy na mocy niniejszego dokumentu, \u017cadne op\u00f3\u017anienie, niepowodzenie lub zaniechanie przez kt\u00f3r\u0105kolwiek ze stron w wykonaniu lub przestrzeganiu kt\u00f3regokolwiek z jej zobowi\u0105za\u0144 wynikaj\u0105cych z niniejszego dokumentu nie b\u0119dzie uwa\u017cane za naruszenie niniejszego Regulaminu, je\u017celi i tak d\u0142ugo, jak takie op\u00f3\u017anienie, niepowodzenie lub zaniechanie wynika z jakiejkolwiek przyczyny poza uzasadnion\u0105 kontrol\u0105 tej strony.<\/p><h2>18. Odszkodowanie<\/h2><p>U\u017cytkownik zgadza si\u0119 zabezpieczy\u0107, broni\u0107 i chroni\u0107 nas przed wszelkimi roszczeniami, zobowi\u0105zaniami, szkodami, stratami i wydatkami zwi\u0105zanymi z naruszeniem przez U\u017cytkownika niniejszego Regulaminu oraz obowi\u0105zuj\u0105cych przepis\u00f3w prawa, w tym prawa w\u0142asno\u015bci intelektualnej i prawa do prywatno\u015bci. U\u017cytkownik niezw\u0142ocznie pokryje nasze szkody, straty, koszty i wydatki zwi\u0105zane z takimi roszczeniami lub z nich wynikaj\u0105ce.<\/p><h2>19. Odst\u0105pienie<\/h2><p>Niewykonanie kt\u00f3regokolwiek z postanowie\u0144 okre\u015blonych w niniejszym Regulaminie i jakiejkolwiek Umowie lub niewykonanie opcji wypowiedzenia nie b\u0119dzie interpretowane jako zrzeczenie si\u0119 tych postanowie\u0144 i nie b\u0119dzie mia\u0142o wp\u0142ywu na wa\u017cno\u015b\u0107 niniejszego Regulaminu lub jakiejkolwiek Umowy lub jej cz\u0119\u015bci, ani na prawo do egzekwowania ka\u017cdego z tych postanowie\u0144 w p\u00f3\u017aniejszym czasie.<\/p><h2>20. J\u0119zyk<\/h2><p>Niniejszy Regulamin b\u0119dzie rozumiany i interpretowany wy\u0142\u0105cznie w j\u0119zyku Kastylijski.&nbsp;Wszelkie zawiadomienia i korespondencja b\u0119d\u0105 sporz\u0105dzane wy\u0142\u0105cznie w tym j\u0119zyku.<\/p><h2>21. Ca\u0142o\u015b\u0107 umowy<\/h2><p>Niniejszy Regulamin wraz z naszym <a href=\"http:\/\/iguanasmoke.com\/pl\/politica-de-privacidad\/\">O\u015bwiadczenie o ochronie prywatno\u015bci<\/a> i <a href=\"http:\/\/iguanasmoke.com\/pl\/polityka-plikow-cookie-ue\/\">polityka plik\u00f3w cookie<\/a>, stanowi\u0105 ca\u0142o\u015b\u0107 umowy mi\u0119dzy Tob\u0105 a Iguana Smoke w odniesieniu do korzystania z tej strony internetowej.<\/p><h2>22. Aktualizacja Regulaminu<\/h2><p>Mo\u017cemy od czasu do czasu aktualizowa\u0107 niniejszy Regulamin. Data podana na pocz\u0105tku niniejszego Regulaminu jest dat\u0105 ostatniej aktualizacji. Powiadomimy Ci\u0119 na pi\u015bmie o wszelkich zmianach lub aktualizacjach, a zmieniony Regulamin wejdzie w \u017cycie z dniem, w kt\u00f3rym przeka\u017cemy Ci takie powiadomienie. Dalsze korzystanie z tej witryny po opublikowaniu zmian lub aktualizacji b\u0119dzie uwa\u017cane za powiadomienie o akceptacji przestrzegania i zwi\u0105zania si\u0119 niniejszym Regulaminem. Aby poprosi\u0107 o wcze\u015bniejsz\u0105 wersj\u0119 niniejszego Regulaminu, skontaktuj si\u0119 z nami.<\/p><h2>23. Prawo w\u0142a\u015bciwe i jurysdykcja<\/h2><p>Niniejszy Regulamin podlega prawu obowi\u0105zuj\u0105cemu w Hiszpanii. Wszelkie spory zwi\u0105zane z niniejszym Regulaminem podlegaj\u0105 jurysdykcji s\u0105d\u00f3w w Hiszpanii. Je\u015bli jakakolwiek cz\u0119\u015b\u0107 lub postanowienie niniejszego Regulaminu zostanie uznane przez s\u0105d lub inny organ za niewa\u017cne i\/lub niewykonalne w \u015bwietle obowi\u0105zuj\u0105cego prawa, taka cz\u0119\u015b\u0107 lub postanowienie zostanie zmodyfikowane, usuni\u0119te i\/lub wykonane w maksymalnym dopuszczalnym zakresie, aby nada\u0107 moc prawn\u0105 intencjom niniejszego Regulaminu. Nie b\u0119dzie to mia\u0142o wp\u0142ywu na pozosta\u0142e postanowienia.<\/p><h2>24. Dane kontaktowe<\/h2><p>Ta strona internetowa jest w\u0142asno\u015bci\u0105 i jest zarz\u0105dzana przez Iguana Smoke.<\/p><p>Mog\u0105 Pa\u0144stwo skontaktowa\u0107 si\u0119 z nami w sprawie niniejszego Regulaminu, pisz\u0105c lub wysy\u0142aj\u0105c wiadomo\u015b\u0107 e-mail na nast\u0119puj\u0105cy adres: <br>C\/ Santa Virgilia 16  Madryt, Hiszpania. <\/p><h2>25. Pobierz<\/h2><p>Ty te\u017c mo\u017cesz <a href=\"https:\/\/iguanasmoke.com\/wp-content\/plugins\/complianz-terms-conditions\/download.php\">pobra\u0107<\/a> nasz Regulamin w formacie PDF.<\/p><\/div>","protected":false},"excerpt":{"rendered":"","protected":false},"author":1,"featured_media":0,"parent":0,"menu_order":0,"comment_status":"closed","ping_status":"closed","template":"","meta":{"_acf_changed":false,"site-sidebar-layout":"default","site-content-layout":"","ast-site-content-layout":"default","site-content-style":"default","site-sidebar-style":"default","ast-global-header-display":"","ast-banner-title-visibility":"","ast-main-header-display":"","ast-hfb-above-header-display":"","ast-hfb-below-header-display":"","ast-hfb-mobile-header-display":"","site-post-title":"","ast-breadcrumbs-content":"","ast-featured-img":"","footer-sml-layout":"","theme-transparent-header-meta":"","adv-header-id-meta":"","stick-header-meta":"","header-above-stick-meta":"","header-main-stick-meta":"","header-below-stick-meta":"","astra-migrate-meta-layouts":"default","ast-page-background-enabled":"default","ast-page-background-meta":{"desktop":{"background-color":"var(--ast-global-color-4)","background-image":"","background-repeat":"repeat","background-position":"center center","background-size":"auto","background-attachment":"scroll","background-type":"","background-media":"","overlay-type":"","overlay-color":"","overlay-opacity":"","overlay-gradient":""},"tablet":{"background-color":"","background-image":"","background-repeat":"repeat","background-position":"center center","background-size":"auto","background-attachment":"scroll","background-type":"","background-media":"","overlay-type":"","overlay-color":"","overlay-opacity":"","overlay-gradient":""},"mobile":{"background-color":"","background-image":"","background-repeat":"repeat","background-position":"center center","background-size":"auto","background-attachment":"scroll","background-type":"","background-media":"","overlay-type":"","overlay-color":"","overlay-opacity":"","overlay-gradient":""}},"ast-content-background-meta":{"desktop":{"background-color":"var(--ast-global-color-5)","background-image":"","background-repeat":"repeat","background-position":"center center","background-size":"auto","background-attachment":"scroll","background-type":"","background-media":"","overlay-type":"","overlay-color":"","overlay-opacity":"","overlay-gradient":""},"tablet":{"background-color":"var(--ast-global-color-5)","background-image":"","background-repeat":"repeat","background-position":"center center","background-size":"auto","background-attachment":"scroll","background-type":"","background-media":"","overlay-type":"","overlay-color":"","overlay-opacity":"","overlay-gradient":""},"mobile":{"background-color":"var(--ast-global-color-5)","background-image":"","background-repeat":"repeat","background-position":"center center","background-size":"auto","background-attachment":"scroll","background-type":"","background-media":"","overlay-type":"","overlay-color":"","overlay-opacity":"","overlay-gradient":""}},"footnotes":""},"class_list":["post-9624","page","type-page","status-publish","hentry"],"acf":[],"yoast_head":"<!-- This site is optimized with the Yoast SEO Premium plugin v27.3 (Yoast SEO v27.3) - https:\/\/yoast.com\/product\/yoast-seo-premium-wordpress\/ -->\n<title>T\u00e9rminos y condiciones | Iguana Smoke<\/title>\n<meta name=\"robots\" content=\"index, follow, max-snippet:-1, max-image-preview:large, max-video-preview:-1\" \/>\n<link rel=\"canonical\" href=\"https:\/\/iguanasmoke.com\/pl\/terminy-i-warunki-2\/\" \/>\n<meta property=\"og:locale\" content=\"pl_PL\" \/>\n<meta property=\"og:type\" content=\"article\" \/>\n<meta property=\"og:title\" content=\"T\u00e9rminos y condiciones\" \/>\n<meta property=\"og:url\" content=\"https:\/\/iguanasmoke.com\/pl\/terminy-i-warunki-2\/\" \/>\n<meta property=\"og:site_name\" content=\"Iguana Smoke\" \/>\n<meta property=\"article:publisher\" content=\"https:\/\/www.facebook.com\/iguanasmoke\" \/>\n<meta property=\"og:image\" content=\"https:\/\/iguanasmoke.com\/wp-content\/uploads\/2025\/01\/logo-sauron-iguana-1.png\" \/>\n\t<meta property=\"og:image:width\" content=\"600\" \/>\n\t<meta property=\"og:image:height\" content=\"600\" \/>\n\t<meta property=\"og:image:type\" content=\"image\/png\" \/>\n<meta name=\"twitter:card\" content=\"summary_large_image\" \/>\n<!-- \/ Yoast SEO Premium plugin. -->","yoast_head_json":{"title":"Regulamin : Iguana Smoke","robots":{"index":"index","follow":"follow","max-snippet":"max-snippet:-1","max-image-preview":"max-image-preview:large","max-video-preview":"max-video-preview:-1"},"canonical":"https:\/\/iguanasmoke.com\/pl\/terminy-i-warunki-2\/","og_locale":"pl_PL","og_type":"article","og_title":"T\u00e9rminos y condiciones","og_url":"https:\/\/iguanasmoke.com\/pl\/terminy-i-warunki-2\/","og_site_name":"Iguana Smoke","article_publisher":"https:\/\/www.facebook.com\/iguanasmoke","og_image":[{"width":600,"height":600,"url":"https:\/\/iguanasmoke.com\/wp-content\/uploads\/2025\/01\/logo-sauron-iguana-1.png","type":"image\/png"}],"twitter_card":"summary_large_image","schema":{"@context":"https:\/\/schema.org","@graph":[{"@type":"WebPage","@id":"https:\/\/iguanasmoke.com\/pt\/termos-e-condicoes-2\/","url":"https:\/\/iguanasmoke.com\/pt\/termos-e-condicoes-2\/","name":"Regulamin : Iguana Smoke","isPartOf":{"@id":"https:\/\/iguanasmoke.com\/#website"},"datePublished":"2021-08-14T16:47:40+00:00","breadcrumb":{"@id":"https:\/\/iguanasmoke.com\/pt\/termos-e-condicoes-2\/#breadcrumb"},"inLanguage":"pl-PL","potentialAction":[{"@type":"ReadAction","target":["https:\/\/iguanasmoke.com\/pt\/termos-e-condicoes-2\/"]}]},{"@type":"BreadcrumbList","@id":"https:\/\/iguanasmoke.com\/pt\/termos-e-condicoes-2\/#breadcrumb","itemListElement":[{"@type":"ListItem","position":1,"name":"home","item":"https:\/\/iguanasmoke.com\/"},{"@type":"ListItem","position":2,"name":"T\u00e9rminos y condiciones"}]},{"@type":"WebSite","@id":"https:\/\/iguanasmoke.com\/#website","url":"https:\/\/iguanasmoke.com\/","name":"Iguana Smoke","description":"Kup CBD online w najlepszej cenie","publisher":{"@id":"https:\/\/iguanasmoke.com\/#organization"},"potentialAction":[{"@type":"SearchAction","target":{"@type":"EntryPoint","urlTemplate":"https:\/\/iguanasmoke.com\/?s={search_term_string}"},"query-input":{"@type":"PropertyValueSpecification","valueRequired":true,"valueName":"search_term_string"}}],"inLanguage":"pl-PL"},{"@type":"Organization","@id":"https:\/\/iguanasmoke.com\/#organization","name":"Iguana Smoke","url":"https:\/\/iguanasmoke.com\/","logo":{"@type":"ImageObject","inLanguage":"pl-PL","@id":"https:\/\/iguanasmoke.com\/#\/schema\/logo\/image\/","url":"https:\/\/iguanasmoke.com\/wp-content\/uploads\/2025\/01\/logoiguana-favi-1.png","contentUrl":"https:\/\/iguanasmoke.com\/wp-content\/uploads\/2025\/01\/logoiguana-favi-1.png","width":512,"height":512,"caption":"Iguana Smoke"},"image":{"@id":"https:\/\/iguanasmoke.com\/#\/schema\/logo\/image\/"},"sameAs":["https:\/\/www.facebook.com\/iguanasmoke","https:\/\/www.instagram.com\/iguanasmoke\/"]}]}},"_links":{"self":[{"href":"https:\/\/iguanasmoke.com\/pl\/wp-json\/wp\/v2\/pages\/9624","targetHints":{"allow":["GET"]}}],"collection":[{"href":"https:\/\/iguanasmoke.com\/pl\/wp-json\/wp\/v2\/pages"}],"about":[{"href":"https:\/\/iguanasmoke.com\/pl\/wp-json\/wp\/v2\/types\/page"}],"author":[{"embeddable":true,"href":"https:\/\/iguanasmoke.com\/pl\/wp-json\/wp\/v2\/users\/1"}],"replies":[{"embeddable":true,"href":"https:\/\/iguanasmoke.com\/pl\/wp-json\/wp\/v2\/comments?post=9624"}],"version-history":[{"count":0,"href":"https:\/\/iguanasmoke.com\/pl\/wp-json\/wp\/v2\/pages\/9624\/revisions"}],"wp:attachment":[{"href":"https:\/\/iguanasmoke.com\/pl\/wp-json\/wp\/v2\/media?parent=9624"}],"curies":[{"name":"wp","href":"https:\/\/api.w.org\/{rel}","templated":true}]}}