{"id":10233,"date":"2022-03-31T09:31:05","date_gmt":"2022-03-31T07:31:05","guid":{"rendered":"https:\/\/iguanasmoke.com\/?post_type=product&#038;p=10233"},"modified":"2026-03-27T11:07:00","modified_gmt":"2026-03-27T10:07:00","slug":"e-liquid-cbd-mango","status":"publish","type":"product","link":"https:\/\/iguanasmoke.com\/pl\/producto\/e-liquid-cbd-mango\/","title":{"rendered":"E-Liquid CBD Mango Vaper Liquid"},"content":{"rendered":"<h1><span style=\"font-weight: 400\">E-Liquid CBD Mango<\/span><\/h1>\n<p><span style=\"font-weight: 400\">The <strong>E-liquid CBD Mango <\/strong>Iguana Smoke to doskona\u0142y wyb\u00f3r dla tych, kt\u00f3rzy szukaj\u0105 <strong>E-liquid CBD bez THC<\/strong> kt\u00f3ry \u0142\u0105czy w sobie jako\u015b\u0107, bezpiecze\u0144stwo i <strong>pyszny owocowy smak<\/strong>. Ten p\u0142yn do waporyzacji CBD zosta\u0142 zaprojektowany, aby oferowa\u0107 <strong>zr\u00f3wnowa\u017cone do\u015bwiadczenie<\/strong>, dzi\u0119ki czemu jest idealnym wyborem zar\u00f3wno dla regularnych u\u017cytkownik\u00f3w, jak i tych, kt\u00f3rzy dopiero zaczynaj\u0105 waporyzacj\u0119 CBD. <\/span><\/p>\n<p><span style=\"font-weight: 400\">To <strong>E-liquid z naturalnym CBD<\/strong> jest wykonany z <strong>starannie dobrane sk\u0142adniki<\/strong> i pod <strong>kontrolowany proces produkcji<\/strong>, Bogaty w CBD vape to niezawodny produkt, kt\u00f3ry nadaje si\u0119 do waporyzacji CBD w kompatybilnych papierosach elektronicznych.<\/span><\/p>\n<p>&nbsp;<\/p>\n<h2><strong>Wolny od THC i niepsychoaktywny e-liquid CBD <\/strong><\/h2>\n<p><span style=\"font-weight: 400\">Wszystkie p\u0142yny CBD Iguana Smoke s\u0105 <strong>niepsychoaktywne i zawieraj\u0105 0% THC<\/strong>, Nowy system jest zgodny z obowi\u0105zuj\u0105cymi przepisami. Ponadto wszystkie s\u0105 <strong>P\u0142yny CBD bez nikotyny<\/strong>, Zaprojektowany dla os\u00f3b poszukuj\u0105cych bardziej naturalnego, skoncentrowanego na zdrowiu do\u015bwiadczenia. <\/span><\/p>\n<p><span style=\"font-weight: 400\">Wszystkie te cechy sprawiaj\u0105, \u017ce nasze p\u0142yny do waporyzacji CBD <strong>E-liquid CBD legalny w Hiszpanii<\/strong>, idealny do bezpiecznego korzystania z <strong>relaksuj\u0105ce dzia\u0142anie CBD<\/strong> bez zak\u0142\u00f3cania jasno\u015bci umys\u0142u.<\/span><\/p>\n<p>&nbsp;<\/p>\n<h2><strong>Smak mango: owocowy i egzotyczny<\/strong><\/h2>\n<p><span style=\"font-weight: 400\">Smak Mango przeniesie Ci\u0119 do tropikalnej d\u017cungli, a jego s\u0142odki, ale \u015bwie\u017cy i soczysty akcent sprawi, \u017ce stanie si\u0119 Twoim ulubionym.\u00a0<\/span><\/p>\n<p>&nbsp;<\/p>\n<h3><strong>R\u00f3\u017cne st\u0119\u017cenia w p\u0142ynie do waporyzacji CBD<\/strong><\/h3>\n<p><span style=\"font-weight: 400\">The <strong>E-liquid CBD Mango <\/strong>jest dost\u0119pny w r\u00f3\u017cnych st\u0119\u017ceniach, aby zaspokoi\u0107 potrzeby ka\u017cdego u\u017cytkownika: <\/span><\/p>\n<ul>\n<li><span style=\"font-weight: 400\">100 mg CBD <\/span><\/li>\n<li><span style=\"font-weight: 400\">300 mg CBD <\/span><\/li>\n<li><span style=\"font-weight: 400\">600 mg CBD <\/span><\/li>\n<\/ul>\n<p><span style=\"font-weight: 400\">Opcje te pozwalaj\u0105 wybra\u0107 najbardziej odpowiedni p\u0142yn do waporyzacji CBD dla danego poziomu do\u015bwiadczenia i po\u017c\u0105danej intensywno\u015bci.\u00a0<\/span><\/p>\n<p>&nbsp;<\/p>\n<h2><b>Gdzie kupi\u0107 E-liquid CBD online<\/b><b>?<\/b><\/h2>\n<p><span style=\"font-weight: 400\">Je\u015bli szukasz <strong>Kup e-liquid CBD online<\/strong>, <strong>Iguana<\/strong> <strong>Dym<\/strong> to miejsce dla Ciebie. Oferuje prosty i przyst\u0119pny spos\u00f3b korzystania z CBD. Po prostu wybierz sw\u00f3j ulubiony smak, st\u0119\u017cenie, kt\u00f3re jest dla Ciebie odpowiednie i ciesz si\u0119. Stawiamy na jako\u015b\u0107 i przejrzysto\u015b\u0107 ka\u017cdego produktu.<\/span><\/p>\n<p><span style=\"font-weight: 400\">To jest bezpieczne miejsce do <strong>kupi\u0107 E-liquid CBD online w Hiszpanii.<\/strong> Wszystkie nasze produkty s\u0105 zatwierdzone przez UE, co gwarantuje ich legalno\u015b\u0107 i bezpiecze\u0144stwo. Ponadto, je\u015bli chcesz, mo\u017cesz skonsultowa\u0107 si\u0119 z<\/span><strong> <a href=\"https:\/\/iguanasmoke.com\/pl\/analityka\/\">analiza laboratoryjna.<\/a>\u00a0<\/strong><\/p>\n<p><span style=\"font-weight: 400\">Nie zapomnij spr\u00f3bowa\u0107 innych niesamowitych smak\u00f3w opr\u00f3cz naszego <strong>E-liquid CBD Mango<\/strong><strong>\u00a0<\/strong>jako <strong><a href=\"https:\/\/iguanasmoke.com\/pl\/product-2\/e-liquid-cbd-o-szerokim-spektrum-dzialania-ak47-vaper-liquid\/\">E-Liquid CBD AK-47 o szerokim spektrum dzia\u0142ania<\/a><\/strong>, <strong><a href=\"https:\/\/iguanasmoke.com\/pl\/product-2\/e-liquid-cbd-czerwone-jagody\/\">E-Liquid CBD Czerwone Jagody<\/a>\u00a0<\/strong>lub <strong><a href=\"https:\/\/iguanasmoke.com\/pl\/product-2\/e-liquid-cbd-jagodowy-lod\/\">E-Liquid CBD Berry Ice<\/a><\/strong>. Je\u015bli lubisz waporyzowa\u0107 CBD, odkryj <\/span><span style=\"font-weight: 400\">inne <strong>TOP produkty<\/strong> p\u0142yn\u00f3w vape CBD, takich jak <strong><a href=\"https:\/\/iguanasmoke.com\/pl\/kategoria\/cbd-vaper-2\/naboje\/\">Wk\u0142ady CBD, STV, E8H, 10-OH i CBD Full Spectrum<\/a><\/strong>. <\/span><span style=\"font-weight: 400\">Odkryj nasz\u0105 r\u00f3\u017cnorodno\u015b\u0107 i daj si\u0119 zaskoczy\u0107.\u00a0<\/span><\/p>\n<p>Szybka dostawa, dok\u0142adna uwaga i sklep z dyskretnym i bezpiecznym opakowaniem, kt\u00f3ry idzie naprz\u00f3d, tylko po to, aby\u015b m\u00f3g\u0142 si\u0119 cieszy\u0107!<\/p>\n<p>&nbsp;<\/p>\n<h3><b>Iguana Smoke to Tw\u00f3j internetowy sklep z CBD\u00a0<\/b><\/h3>\n<p><span style=\"font-weight: 400\">Przy<strong> Iguana Smoke<\/strong>, Wierzymy, \u017ce korzystanie z CBD powinno by\u0107 bezpiecznym i przyjemnym do\u015bwiadczeniem. W\u0142a\u015bnie dlatego oferujemy produkty takie jak ten <strong>E-liquid CBD Mango<\/strong>, Marka \u0142\u0105czy si\u0119 z nowymi pokoleniami: lud\u017ami, kt\u00f3rzy szukaj\u0105 nieskomplikowanego wellness, z autentycznymi i niezawodnymi markami.\u00a0<\/span><\/p>\n<p>Nasza misja jest jasna: dostarcza\u0107 najlepsze kannabinoidy w uczciwej cenie. Ponadto dajemy ci spok\u00f3j ducha, wiedz\u0105c, \u017ce wybierasz certyfikowany, skuteczny i legalny produkt 100%. Tw\u00f3j czas relaksu zaczyna si\u0119 z nami.<\/p>\n<p>Nadal masz w\u0105tpliwo\u015bci? Napisz do nas, a z przyjemno\u015bci\u0105 pomo\u017cemy Ci znale\u017a\u0107 odpowiedni produkt.<\/p>\n<p>&nbsp;<\/p>\n<p><em><span style=\"font-weight: 400\">*Uwaga: zgodnie z hiszpa\u0144skim prawem jest on przeznaczony do zbierania lub aromaterapii. <\/span><\/em><\/p>\n<p><em><span style=\"font-weight: 400\">**Wszystkie nasze produkty pochodz\u0105 z certyfikowanych konopi przemys\u0142owych. Zawieraj\u0105 mniej ni\u017c 0,3 THC i nie zawieraj\u0105 nielegalnych kannabinoid\u00f3w, takich jak HHC, HHC-P, THCP, THCP-O, H4CBD i tych zawartych w za\u0142\u0105czniku I do dekretu kr\u00f3lewskiego 2829\/1977, ani substancji kontrolowanych przez konwencje mi\u0119dzynarodowe.\u00a0\u00a0<\/span><\/em><\/p>","protected":false},"excerpt":{"rendered":"<p><span style=\"font-weight: 400\">Sk\u0142adniki E-liquidu CBD: <\/span><\/p>\n<ul>\n<li><strong>Glikol propylenowy 80%<\/strong><\/li>\n<li>Gliceryna ro\u015blinna 20%<\/li>\n<li>Aroma Authentic Mango<\/li>\n<li>Izolat CBD<\/li>\n<li>THC: 0%<\/li>\n<\/ul>\n<p>CBD Mango E-Liquid oferuje smak, kt\u00f3ry jest bardzo wierny oryginalnemu owocowi, z aromatem kush i nutami sosny.<\/p>","protected":false},"featured_media":19153,"comment_status":"open","ping_status":"closed","template":"","meta":{"_acf_changed":false,"site-sidebar-layout":"default","site-content-layout":"default","ast-site-content-layout":"default","site-content-style":"default","site-sidebar-style":"default","ast-global-header-display":"","ast-banner-title-visibility":"","ast-main-header-display":"","ast-hfb-above-header-display":"","ast-hfb-below-header-display":"","ast-hfb-mobile-header-display":"","site-post-title":"","ast-breadcrumbs-content":"","ast-featured-img":"","footer-sml-layout":"","theme-transparent-header-meta":"default","adv-header-id-meta":"","stick-header-meta":"","header-above-stick-meta":"","header-main-stick-meta":"","header-below-stick-meta":"","astra-migrate-meta-layouts":"set","ast-page-background-enabled":"default","ast-page-background-meta":{"desktop":{"background-color":"var(--ast-global-color-4)","background-image":"","background-repeat":"repeat","background-position":"center center","background-size":"auto","background-attachment":"scroll","background-type":"","background-media":"","overlay-type":"","overlay-color":"","overlay-opacity":"","overlay-gradient":""},"tablet":{"background-color":"","background-image":"","background-repeat":"repeat","background-position":"center center","background-size":"auto","background-attachment":"scroll","background-type":"","background-media":"","overlay-type":"","overlay-color":"","overlay-opacity":"","overlay-gradient":""},"mobile":{"background-color":"","background-image":"","background-repeat":"repeat","background-position":"center center","background-size":"auto","background-attachment":"scroll","background-type":"","background-media":"","overlay-type":"","overlay-color":"","overlay-opacity":"","overlay-gradient":""}},"ast-content-background-meta":{"desktop":{"background-color":"var(--ast-global-color-5)","background-image":"","background-repeat":"repeat","background-position":"center center","background-size":"auto","background-attachment":"scroll","background-type":"","background-media":"","overlay-type":"","overlay-color":"","overlay-opacity":"","overlay-gradient":""},"tablet":{"background-color":"var(--ast-global-color-5)","background-image":"","background-repeat":"repeat","background-position":"center center","background-size":"auto","background-attachment":"scroll","background-type":"","background-media":"","overlay-type":"","overlay-color":"","overlay-opacity":"","overlay-gradient":""},"mobile":{"background-color":"var(--ast-global-color-5)","background-image":"","background-repeat":"repeat","background-position":"center center","background-size":"auto","background-attachment":"scroll","background-type":"","background-media":"","overlay-type":"","overlay-color":"","overlay-opacity":"","overlay-gradient":""}}},"product_brand":[],"product_cat":[344,422],"product_tag":[],"class_list":{"0":"post-10233","1":"product","2":"type-product","3":"status-publish","4":"has-post-thumbnail","6":"product_cat-e-liquid-cbd","7":"product_cat-e-liquid-cbd-isolate","8":"desktop-align-center","9":"tablet-align-center","10":"mobile-align-center","12":"first","13":"instock","14":"taxable","15":"shipping-taxable","16":"purchasable","17":"product-type-variable"},"acf":[],"yoast_head":"<!-- This site is optimized with the Yoast SEO Premium plugin v27.3 (Yoast SEO v27.3) - https:\/\/yoast.com\/product\/yoast-seo-premium-wordpress\/ -->\n<title>E-Liquid CBD Mango | Iguana Smoke<\/title>\n<meta name=\"description\" content=\"Prueba el E-liquid CBD Mango, con concentraciones de 100mg, 300mg y 600mg. Si buscas un e-liquid CBD sin THC esto es lo que necesitas, solo en Iguana Smoke.\" \/>\n<meta name=\"robots\" content=\"index, follow, max-snippet:-1, max-image-preview:large, max-video-preview:-1\" \/>\n<link rel=\"canonical\" href=\"https:\/\/iguanasmoke.com\/pl\/product-2\/e-liquid-cbd-mango\/\" \/>\n<meta property=\"og:locale\" content=\"pl_PL\" \/>\n<meta property=\"og:type\" content=\"article\" \/>\n<meta property=\"og:title\" content=\"E-Liquid CBD Mango L\u00edquido Vaper\" \/>\n<meta property=\"og:description\" content=\"Ingredientes del E-liquid CBD:    Propilenglicol 80%  Glicerina Vegetal 20%  Aroma Aut\u00e9ntico Mango  CBD Isolate  THC: 0%  El E-Liquid CBD Mango te ofrece el un sabor muy fiel a la fruta original, adem\u00e1s puedes apreciar sabor a kush y toques de pino.\" \/>\n<meta property=\"og:url\" content=\"https:\/\/iguanasmoke.com\/pl\/product-2\/e-liquid-cbd-mango\/\" \/>\n<meta property=\"og:site_name\" content=\"Iguana Smoke\" \/>\n<meta property=\"article:publisher\" content=\"https:\/\/www.facebook.com\/iguanasmoke\" \/>\n<meta property=\"article:modified_time\" content=\"2026-03-27T10:07:00+00:00\" \/>\n<meta property=\"og:image\" content=\"https:\/\/iguanasmoke.com\/wp-content\/uploads\/2022\/03\/mango-600-webp.webp\" \/>\n\t<meta property=\"og:image:width\" content=\"500\" \/>\n\t<meta property=\"og:image:height\" content=\"500\" \/>\n\t<meta property=\"og:image:type\" content=\"image\/webp\" \/>\n<meta name=\"twitter:card\" content=\"summary_large_image\" \/>\n<meta name=\"twitter:label1\" content=\"Dost\u0119pno\u015b\u0107\" \/>\n\t<meta name=\"twitter:data1\" content=\"Dost\u0119pny\" \/>\n<meta property=\"product:brand\" content=\"variable\" \/>\n<meta property=\"og:availability\" content=\"instock\" \/>\n<meta property=\"product:availability\" content=\"instock\" \/>\n<meta property=\"product:condition\" content=\"new\" \/>\n<!-- \/ Yoast SEO Premium plugin. -->","yoast_head_json":{"title":"E-Liquid CBD Mango | Iguana Smoke","description":"Wypr\u00f3buj e-liquid CBD Mango o st\u0119\u017ceniach 100 mg, 300 mg i 600 mg. Je\u015bli szukasz e-liquidu CBD bez THC, to jest to, czego potrzebujesz, tylko w Iguana Smoke.","robots":{"index":"index","follow":"follow","max-snippet":"max-snippet:-1","max-image-preview":"max-image-preview:large","max-video-preview":"max-video-preview:-1"},"canonical":"https:\/\/iguanasmoke.com\/pl\/product-2\/e-liquid-cbd-mango\/","og_locale":"pl_PL","og_type":"article","og_title":"E-Liquid CBD Mango L\u00edquido Vaper","og_description":"Ingredientes del E-liquid CBD:    Propilenglicol 80%  Glicerina Vegetal 20%  Aroma Aut\u00e9ntico Mango  CBD Isolate  THC: 0%  El E-Liquid CBD Mango te ofrece el un sabor muy fiel a la fruta original, adem\u00e1s puedes apreciar sabor a kush y toques de pino.","og_url":"https:\/\/iguanasmoke.com\/pl\/product-2\/e-liquid-cbd-mango\/","og_site_name":"Iguana Smoke","article_publisher":"https:\/\/www.facebook.com\/iguanasmoke","article_modified_time":"2026-03-27T10:07:00+00:00","og_image":[{"width":500,"height":500,"url":"https:\/\/iguanasmoke.com\/wp-content\/uploads\/2022\/03\/mango-600-webp.webp","type":"image\/webp"}],"twitter_card":"summary_large_image","twitter_misc":{"Dost\u0119pno\u015b\u0107":"Dost\u0119pny"},"schema":{"@context":"https:\/\/schema.org","@graph":[{"@type":"WebPage","@id":"https:\/\/iguanasmoke.com\/producto\/e-liquid-cbd-mango\/","url":"https:\/\/iguanasmoke.com\/producto\/e-liquid-cbd-mango\/","name":"E-Liquid CBD Mango | Iguana Smoke","isPartOf":{"@id":"https:\/\/iguanasmoke.com\/#website"},"primaryImageOfPage":{"@id":"https:\/\/iguanasmoke.com\/producto\/e-liquid-cbd-mango\/#primaryimage"},"image":{"@id":"https:\/\/iguanasmoke.com\/producto\/e-liquid-cbd-mango\/#primaryimage"},"thumbnailUrl":"https:\/\/iguanasmoke.com\/wp-content\/uploads\/2022\/03\/mango-600-webp.webp","datePublished":"2022-03-31T07:31:05+00:00","dateModified":"2026-03-27T10:07:00+00:00","description":"Wypr\u00f3buj e-liquid CBD Mango o st\u0119\u017ceniach 100 mg, 300 mg i 600 mg. Je\u015bli szukasz e-liquidu CBD bez THC, to jest to, czego potrzebujesz, tylko w Iguana Smoke.","breadcrumb":{"@id":"https:\/\/iguanasmoke.com\/producto\/e-liquid-cbd-mango\/#breadcrumb"},"inLanguage":"pl-PL","potentialAction":[{"@type":"ReadAction","target":["https:\/\/iguanasmoke.com\/producto\/e-liquid-cbd-mango\/"]}]},{"@type":"ImageObject","inLanguage":"pl-PL","@id":"https:\/\/iguanasmoke.com\/producto\/e-liquid-cbd-mango\/#primaryimage","url":"https:\/\/iguanasmoke.com\/wp-content\/uploads\/2022\/03\/mango-600-webp.webp","contentUrl":"https:\/\/iguanasmoke.com\/wp-content\/uploads\/2022\/03\/mango-600-webp.webp","width":500,"height":500,"caption":"eliquid cbd barato para vapeador"},{"@type":"BreadcrumbList","@id":"https:\/\/iguanasmoke.com\/producto\/e-liquid-cbd-mango\/#breadcrumb","itemListElement":[{"@type":"ListItem","position":1,"name":"home","item":"https:\/\/iguanasmoke.com\/"},{"@type":"ListItem","position":2,"name":"Tienda","item":"https:\/\/iguanasmoke.com\/tienda\/"},{"@type":"ListItem","position":3,"name":"E-Liquid CBD","item":"https:\/\/iguanasmoke.com\/categoria\/e-liquid-cbd\/"},{"@type":"ListItem","position":4,"name":"E-Liquid CBD Mango L\u00edquido Vaper"}]},{"@type":"WebSite","@id":"https:\/\/iguanasmoke.com\/#website","url":"https:\/\/iguanasmoke.com\/","name":"Iguana Smoke","description":"Kup CBD online w najlepszej cenie","publisher":{"@id":"https:\/\/iguanasmoke.com\/#organization"},"potentialAction":[{"@type":"SearchAction","target":{"@type":"EntryPoint","urlTemplate":"https:\/\/iguanasmoke.com\/?s={search_term_string}"},"query-input":{"@type":"PropertyValueSpecification","valueRequired":true,"valueName":"search_term_string"}}],"inLanguage":"pl-PL"},{"@type":"Organization","@id":"https:\/\/iguanasmoke.com\/#organization","name":"Iguana Smoke","url":"https:\/\/iguanasmoke.com\/","logo":{"@type":"ImageObject","inLanguage":"pl-PL","@id":"https:\/\/iguanasmoke.com\/#\/schema\/logo\/image\/","url":"https:\/\/iguanasmoke.com\/wp-content\/uploads\/2025\/01\/logoiguana-favi-1.png","contentUrl":"https:\/\/iguanasmoke.com\/wp-content\/uploads\/2025\/01\/logoiguana-favi-1.png","width":512,"height":512,"caption":"Iguana Smoke"},"image":{"@id":"https:\/\/iguanasmoke.com\/#\/schema\/logo\/image\/"},"sameAs":["https:\/\/www.facebook.com\/iguanasmoke","https:\/\/www.instagram.com\/iguanasmoke\/"]}]},"product_brand":"variable","og_availability":"instock","product_availability":"instock","product_condition":"new"},"_links":{"self":[{"href":"https:\/\/iguanasmoke.com\/pl\/wp-json\/wp\/v2\/product\/10233","targetHints":{"allow":["GET"]}}],"collection":[{"href":"https:\/\/iguanasmoke.com\/pl\/wp-json\/wp\/v2\/product"}],"about":[{"href":"https:\/\/iguanasmoke.com\/pl\/wp-json\/wp\/v2\/types\/product"}],"replies":[{"embeddable":true,"href":"https:\/\/iguanasmoke.com\/pl\/wp-json\/wp\/v2\/comments?post=10233"}],"wp:featuredmedia":[{"embeddable":true,"href":"https:\/\/iguanasmoke.com\/pl\/wp-json\/wp\/v2\/media\/19153"}],"wp:attachment":[{"href":"https:\/\/iguanasmoke.com\/pl\/wp-json\/wp\/v2\/media?parent=10233"}],"wp:term":[{"taxonomy":"product_brand","embeddable":true,"href":"https:\/\/iguanasmoke.com\/pl\/wp-json\/wp\/v2\/product_brand?post=10233"},{"taxonomy":"product_cat","embeddable":true,"href":"https:\/\/iguanasmoke.com\/pl\/wp-json\/wp\/v2\/product_cat?post=10233"},{"taxonomy":"product_tag","embeddable":true,"href":"https:\/\/iguanasmoke.com\/pl\/wp-json\/wp\/v2\/product_tag?post=10233"}],"curies":[{"name":"wp","href":"https:\/\/api.w.org\/{rel}","templated":true}]}}