{"id":10398,"date":"2022-06-30T07:47:37","date_gmt":"2022-06-30T05:47:37","guid":{"rendered":"https:\/\/iguanasmoke.com\/?post_type=product&#038;p=10398"},"modified":"2026-03-26T15:59:29","modified_gmt":"2026-03-26T14:59:29","slug":"olejek-cbd-fullspektrum-10ml-dla-zwierzat","status":"publish","type":"product","link":"https:\/\/iguanasmoke.com\/pl\/producto\/aceite-de-cbd-fullspectrum-10ml-para-mascotas\/","title":{"rendered":"Olej CBD dla Zwierz\u0105t 10ml \u2013 \u0141oso\u015b"},"content":{"rendered":"<h1><span style=\"font-weight: 400;\">Olej CBD Full Spectrum 10 ml dla zwierz\u0105t o smaku \u0142ososia<\/span><\/h1>\n<p><span style=\"font-weight: 400;\">Je\u015bli szukasz naturalnego rozwi\u0105zania, aby poprawi\u0107 jako\u015b\u0107 \u017cycia swojego zwierzaka, <strong>Olej CBD dla zwierz\u0105t w formacie 10 ml o smaku \u0142ososia,<\/strong> jest w\u0142a\u015bnie tym, czego potrzebujesz. Zosta\u0142 specjalnie zaprojektowany dla ps\u00f3w i kot\u00f3w i skutecznie \u0142\u0105czy w sobie zalety kannabidiolu (CBD) z pysznym smakiem \u0142ososia, kt\u00f3ry pokochaj\u0105. <\/span><\/p>\n<p><span style=\"font-weight: 400;\">Odkryj teraz, jak ten produkt mo\u017ce znacz\u0105co wp\u0142yn\u0105\u0107 na dobre samopoczucie Twoich czworono\u017cnych towarzyszy.<\/span><\/p>\n<p>&nbsp;<\/p>\n<h2><strong>Czym jest olejek CBD dla zwierz\u0105t? <\/strong><\/h2>\n<p><span style=\"font-weight: 400;\">Olej CBD jest naturalnym suplementem. <strong>wykonany z ekstraktu kannabidiolu<\/strong>, zwi\u0105zek <strong>niepsychoaktywne<\/strong> wyst\u0119puj\u0105cy w konopiach indyjskich. Sk\u0142adnik ten zyska\u0142 popularno\u015b\u0107 ze wzgl\u0119du na jego<strong> w\u0142a\u015bciwo\u015bci lecznicze<\/strong> zar\u00f3wno u ludzi, jak i u zwierz\u0105t.<strong> Olej CBD o smaku \u0142ososia dla zwierz\u0105t domowych<\/strong>, zosta\u0142 opracowany z my\u015bl\u0105 o specyficznych potrzebach ps\u00f3w i kot\u00f3w, oferuj\u0105c skuteczn\u0105 i bezpieczn\u0105 ulg\u0119. <\/span><\/p>\n<p><span style=\"font-weight: 400;\">Oleje CBD od <em>Pe\u0142ne spektrum<\/em>, znany jako <strong>Pe\u0142ne spektrum<\/strong>, oferuj\u0105 dodatkowe korzy\u015bci dzi\u0119ki szerokiej gamie naturalnych zwi\u0105zk\u00f3w z ro\u015bliny konopi, takich jak kannabinoidy wt\u00f3rne, terpeny i flawonoidy. Te, dzia\u0142aj\u0105 synergistycznie jako tzw. \u201cefekt \u015bwity\u201d, wzmacniaj\u0105c terapeutyczne dzia\u0142anie CBD. Te oleje s\u0105 dost\u0119pne w dw\u00f3ch r\u00f3\u017cnych st\u0119\u017ceniach: 3%, je\u015bli chcesz co\u015b \u0142agodniejszego, i 7%, je\u015bli chcesz co\u015b mocniejszego.\u00a0<\/span><\/p>\n<p><span style=\"font-weight: 400;\">Przy wyborze<strong> Olej CBD o pe\u0142nym spektrum dzia\u0142ania<\/strong>, Tw\u00f3j zwierzak b\u0119dzie m\u00f3g\u0142 cieszy\u0107 si\u0119 <strong>skuteczniejsze \u0142agodzenie stresu, stan\u00f3w zapalnych i b\u00f3lu<\/strong>, jak r\u00f3wnie\u017c <strong>wzmocnione wsparcie uk\u0142adu odporno\u015bciowego<\/strong>. Ten rodzaj oleju jest idealny dla tych, kt\u00f3rzy szukaj\u0105 naturalnego i kompletnego rozwi\u0105zania poprawiaj\u0105cego jako\u015b\u0107 \u017cycia swoich futrzanych towarzyszy.<\/span><\/p>\n<p>&nbsp;<\/p>\n<h2><strong>Korzy\u015bci dla zwierz\u0105t domowych: <\/strong><\/h2>\n<ul>\n<li><span style=\"font-weight: 400;\"><strong>Zmniejszenie niepokoju i\/lub stresu:<\/strong> Zwierz\u0119ta mog\u0105 cierpie\u0107 z powodu niepokoju spowodowanego r\u00f3\u017cnymi czynnikami, takimi jak separacja, podr\u00f3\u017c, wizyty u weterynarza lub g\u0142o\u015bne d\u017awi\u0119ki (takie jak fajerwerki). CBD pomaga w tych momentach uspokoi\u0107 uk\u0142ad nerwowy, promuj\u0105c poczucie spokoju u zwierz\u0119cia. <\/span><\/li>\n<li><span style=\"font-weight: 400;\"><strong>\u0141agodzenie b\u00f3lu i stan\u00f3w zapalnych:<\/strong> Idealny dla zwierz\u0105t z problemami stawowymi lub przewlek\u0142ym b\u00f3lem, a tak\u017ce trudno\u015bciami w poruszaniu si\u0119, olej CBD jest znany ze swoich w\u0142a\u015bciwo\u015bci przeciwzapalnych i przeciwb\u00f3lowych. Pomaga poprawi\u0107 jako\u015b\u0107 \u017cycia zwierz\u0105t domowych, utrzymuj\u0105c je bardziej aktywne i szcz\u0119\u015bliwe. <\/span><\/li>\n<li><span style=\"font-weight: 400;\"><strong>Poprawa zdrowia i sier\u015bci\/sk\u00f3ry:<\/strong> Kwasy t\u0142uszczowe omega-3 obecne w oleju, wraz z CBD, wspieraj\u0105 zdrow\u0105 sk\u00f3r\u0119 i l\u015bni\u0105c\u0105 sier\u015b\u0107. Szczeg\u00f3lnie przydatny dla zwierz\u0105t z problemami dematologicznymi. <\/span><\/li>\n<li><span style=\"font-weight: 400;\"><strong>Wsparcie uk\u0142adu odporno\u015bciowego:<\/strong> CBD dzia\u0142a r\u00f3wnie\u017c jako wzmacniacz odporno\u015bci, pomagaj\u0105c utrzyma\u0107 zwierz\u0119 w zdrowiu przed powszechnymi chorobami. <\/span><\/li>\n<li><span style=\"font-weight: 400;\"><strong>Kontrola napad\u00f3w i zaburzenia neurologiczne:<\/strong> Badania wykaza\u0142y, \u017ce CBD mo\u017ce by\u0107 pomocne w kontrolowaniu epizod\u00f3w drgawek i innych zaburze\u0144 neurologicznych u zwierz\u0105t domowych, poprawiaj\u0105c ich jako\u015b\u0107 \u017cycia. <\/span><\/li>\n<\/ul>\n<p>&nbsp;<\/p>\n<h2><strong>Smak \u0142ososia: nieodparta dodatkowa przyjemno\u015b\u0107 w Twoim oleju CBD dla zwierz\u0105t\u00a0<\/strong><\/h2>\n<p><span style=\"font-weight: 400;\">Wiemy, \u017ce akceptacja jest kluczowa, je\u015bli chodzi o suplementy dla zwierz\u0105t. W\u0142a\u015bnie dlatego <strong>Olej CBD dla zwierz\u0105t domowych <\/strong>ma<strong> Pyszny smak \u0142ososia<\/strong>, zapewniaj\u0105c, \u017ce Tw\u00f3j zwierzak b\u0119dzie z niego zadowolony. Ponadto ten naturalny smak nie tylko u\u0142atwia podawanie oleju, ale tak\u017ce <strong>dostarcza korzystnych sk\u0142adnik\u00f3w od\u017cywczych, kt\u00f3re poprawiaj\u0105 og\u00f3lny stan zdrowia zwierz\u0119cia<\/strong>.<\/span><\/p>\n<p>&nbsp;<\/p>\n<h2><strong>Jak prawid\u0142owo podawa\u0107 olej CBD swojemu pupilowi?<\/strong><\/h2>\n<p><span style=\"font-weight: 400;\"> Zalecana dawka r\u00f3\u017cni si\u0119 w zale\u017cno\u015bci od<strong> rozmiar, wag\u0119 i szczeg\u00f3lne potrzeby Twojego pupila.<\/strong> Og\u00f3lnie rzecz bior\u0105c, zaleca si\u0119 rozpocz\u0119cie od niskich dawek i stopniowe ich zwi\u0119kszanie, a\u017c do znalezienia odpowiedniego poziomu. Podobnie jak w przypadku<strong> stosowanie miejscowe<\/strong>, Olejek mo\u017cna podawa\u0107 bezpo\u015brednio do pyska zwierz\u0119cia (w zestawie z zakraplaczem), miesza\u0107 z karm\u0105, a nawet dodawa\u0107 do ulubionych przek\u0105sek. <\/span><\/p>\n<p><span style=\"font-weight: 400;\">Oto sugerowane wytyczne dotycz\u0105ce dawkowania: <\/span><\/p>\n<ul>\n<li><span style=\"font-weight: 400;\"><strong>ma\u0142e zwierz\u0119ta domowe<\/strong> (&gt;10 kg): <strong>1-2 krople\/dzie\u0144 <\/strong><\/span><\/li>\n<li><span style=\"font-weight: 400;\"><strong>zwierz\u0119ta \u015bredniej wielko\u015bci<\/strong> (10-20 kg):<strong> 3-5 kropli\/dzie\u0144 <\/strong><\/span><\/li>\n<li><span style=\"font-weight: 400;\"><strong>du\u017ce zwierz\u0119ta domowe<\/strong> (&gt;20 kg): <strong>6-10 kropli\/dzie\u0144 <\/strong><\/span><\/li>\n<\/ul>\n<p><span style=\"font-weight: 400;\"><strong>Przed rozpocz\u0119ciem suplementacji nale\u017cy zawsze skonsultowa\u0107 si\u0119 z lekarzem weterynarii.<\/strong>, Gwarantuje to, \u017ce s\u0105 one dla nich odpowiednie.\u00a0 \u00a0<\/span><\/p>\n<p>&nbsp;<\/p>\n<h3><strong>Cz\u0119sto zadawane pytania dotycz\u0105ce oleju CBD dla zwierz\u0105t\u00a0<\/strong><\/h3>\n<ol>\n<li><span style=\"font-weight: 400;\"><strong>Czy CBD jest bezpieczne dla mojego zwierzaka?<\/strong> Tak, CBD jest bezpieczny dla zwierz\u0105t domowych, gdy jest podawany w zalecanych dawkach. Nasz olej nie zawiera THC, psychoaktywnego zwi\u0105zku zawartego w konopiach indyjskich, co gwarantuje, \u017ce zwierz\u0119 nie do\u015bwiadczy niepo\u017c\u0105danych skutk\u00f3w ubocznych. <\/span><\/li>\n<li><span style=\"font-weight: 400;\"><strong>Kiedy moje zwierz\u0119 zacznie odczuwa\u0107 rezultaty?<\/strong> Efekty mog\u0105 si\u0119 r\u00f3\u017cni\u0107 w zale\u017cno\u015bci od zwierz\u0119cia. U niekt\u00f3rych poprawa mo\u017ce nast\u0105pi\u0107 w ci\u0105gu kilku dni, podczas gdy inne zwierz\u0119ta mog\u0105 wymaga\u0107 kilku tygodni ci\u0105g\u0142ego stosowania. <\/span><\/li>\n<li><span style=\"font-weight: 400;\"><strong>Czy mog\u0119 u\u017cywa\u0107 oleju CBD do leczenia okre\u015blonych chor\u00f3b?<\/strong> CBD jest doskona\u0142ym suplementem do leczenia r\u00f3\u017cnych problem\u00f3w, ale zawsze nale\u017cy skonsultowa\u0107 si\u0119 z lekarzem weterynarii przed u\u017cyciem go jako cz\u0119\u015bci leczenia. <\/span><span style=\"font-weight: 400;\">\u00a0\u00a0<\/span><\/li>\n<\/ol>\n<h2><\/h2>\n<h2><b>Gdzie kupi\u0107 olejki CBD online?<\/b><b>?<\/b><\/h2>\n<p><span style=\"font-weight: 400;\">Oczywi\u015bcie w <strong>Iguana Smoke. <\/strong>Stawiamy na jako\u015b\u0107 i przejrzysto\u015b\u0107 ka\u017cdego produktu. Nasz <strong>Olej CBD dla zwierz\u0105t 10 ml <\/strong>\u00a0opiera si\u0119 na <strong>nasiona konopi.<\/strong><\/span><\/p>\n<p><span style=\"font-weight: 400;\">To jest bezpieczne miejsce do <strong>kupi\u0107 oleje CBD online w Hiszpanii.<\/strong> Wszystkie nasze produkty s\u0105 zatwierdzone przez UE, co gwarantuje ich legalno\u015b\u0107 i bezpiecze\u0144stwo. Ponadto, je\u015bli chcesz, mo\u017cesz skonsultowa\u0107 si\u0119 z<\/span><strong> <a href=\"https:\/\/iguanasmoke.com\/pl\/analityka\/\">analiza laboratoryjna.<\/a>\u00a0<\/strong><\/p>\n<h3><\/h3>\n<h3><b>Iguana Smoke to Tw\u00f3j internetowy sklep z CBD\u00a0<\/b><\/h3>\n<p><span style=\"font-weight: 400;\">Przy<strong> Iguana Smoke<\/strong>, Wierzymy, \u017ce korzystanie z CBD powinno by\u0107 bezpiecznym i przyjemnym do\u015bwiadczeniem. W\u0142a\u015bnie dlatego oferujemy produkty takie jak ten <strong>Olej CBD dla zwierz\u0105t 10 ml<\/strong> jako\u015b\u0107, kt\u00f3ra \u0142\u0105czy si\u0119 z nowymi pokoleniami: lud\u017ami, kt\u00f3rzy szukaj\u0105 nieskomplikowanego wellness, z autentycznymi i niezawodnymi markami.\u00a0<\/span><\/p>\n<p>Nasza misja jest jasna: dostarcza\u0107 najlepsze produkty CBD w uczciwej cenie. Ponadto zapewniamy spok\u00f3j ducha, kt\u00f3ry wynika ze \u015bwiadomo\u015bci, \u017ce wybierasz certyfikowany, skuteczny i legalny produkt 100%. Twoja chwila relaksu zaczyna si\u0119 u nas.<\/p>\n<p>Nadal masz w\u0105tpliwo\u015bci? Napisz do nas, a z przyjemno\u015bci\u0105 pomo\u017cemy Ci znale\u017a\u0107 odpowiedni produkt.<\/p>","protected":false},"excerpt":{"rendered":"<h3><span style=\"font-weight: 400;\">W\u0142a\u015bciwo\u015bci naszego oleju CBD:\u00a0<\/span><\/h3>\n<ul>\n<li><span style=\"font-weight: 400;\"><strong>Naturalne sk\u0142adniki:<\/strong> Olej z nasion konopi wzbogacony \u0142ososiem (bogatym w Omega3) i ekstraktem CBD Full Spectrum 300mg<\/span><\/li>\n<li>Bez dodatk\u00f3w, chemikali\u00f3w i konserwant\u00f3w<\/li>\n<li>Dost\u0119pny w dw\u00f3ch st\u0119\u017ceniach: 3% i 7%<\/li>\n<li>Zaprojektowany z my\u015bl\u0105 o potrzebach ps\u00f3w i kot\u00f3w<\/li>\n<li>Skonsultowa\u0107 si\u0119 z <a style=\"font-size: 16px; background-color: #ffffff;\" href=\"https:\/\/iguanasmoke.com\/wp-content\/uploads\/2018\/02\/Aceite-ISO-5.pdf\">analiza jako\u015bci<\/a><span style=\"font-size: 16px;\">.<\/span><\/li>\n<\/ul>","protected":false},"featured_media":45056,"comment_status":"open","ping_status":"closed","template":"","meta":{"_acf_changed":false,"site-sidebar-layout":"default","site-content-layout":"","ast-site-content-layout":"default","site-content-style":"default","site-sidebar-style":"default","ast-global-header-display":"","ast-banner-title-visibility":"","ast-main-header-display":"","ast-hfb-above-header-display":"","ast-hfb-below-header-display":"","ast-hfb-mobile-header-display":"","site-post-title":"","ast-breadcrumbs-content":"","ast-featured-img":"","footer-sml-layout":"","theme-transparent-header-meta":"default","adv-header-id-meta":"","stick-header-meta":"","header-above-stick-meta":"","header-main-stick-meta":"","header-below-stick-meta":"","astra-migrate-meta-layouts":"set","ast-page-background-enabled":"default","ast-page-background-meta":{"desktop":{"background-color":"var(--ast-global-color-4)","background-image":"","background-repeat":"repeat","background-position":"center center","background-size":"auto","background-attachment":"scroll","background-type":"","background-media":"","overlay-type":"","overlay-color":"","overlay-opacity":"","overlay-gradient":""},"tablet":{"background-color":"","background-image":"","background-repeat":"repeat","background-position":"center center","background-size":"auto","background-attachment":"scroll","background-type":"","background-media":"","overlay-type":"","overlay-color":"","overlay-opacity":"","overlay-gradient":""},"mobile":{"background-color":"","background-image":"","background-repeat":"repeat","background-position":"center center","background-size":"auto","background-attachment":"scroll","background-type":"","background-media":"","overlay-type":"","overlay-color":"","overlay-opacity":"","overlay-gradient":""}},"ast-content-background-meta":{"desktop":{"background-color":"var(--ast-global-color-5)","background-image":"","background-repeat":"repeat","background-position":"center center","background-size":"auto","background-attachment":"scroll","background-type":"","background-media":"","overlay-type":"","overlay-color":"","overlay-opacity":"","overlay-gradient":""},"tablet":{"background-color":"var(--ast-global-color-5)","background-image":"","background-repeat":"repeat","background-position":"center center","background-size":"auto","background-attachment":"scroll","background-type":"","background-media":"","overlay-type":"","overlay-color":"","overlay-opacity":"","overlay-gradient":""},"mobile":{"background-color":"var(--ast-global-color-5)","background-image":"","background-repeat":"repeat","background-position":"center center","background-size":"auto","background-attachment":"scroll","background-type":"","background-media":"","overlay-type":"","overlay-color":"","overlay-opacity":"","overlay-gradient":""}}},"product_brand":[],"product_cat":[309,350],"product_tag":[],"class_list":{"0":"post-10398","1":"product","2":"type-product","3":"status-publish","4":"has-post-thumbnail","6":"product_cat-aceite-de-cbd","7":"product_cat-mascotas","8":"desktop-align-center","9":"tablet-align-center","10":"mobile-align-center","12":"first","13":"instock","14":"taxable","15":"shipping-taxable","16":"purchasable","17":"product-type-variable"},"acf":[],"yoast_head":"<!-- This site is optimized with the Yoast SEO Premium plugin v27.3 (Yoast SEO v27.3) - https:\/\/yoast.com\/product\/yoast-seo-premium-wordpress\/ -->\n<title>Aceite de CBD para mascotas 10ml | Iguana Smoke<\/title>\n<meta name=\"description\" content=\"Este Aceite de CBD para mascotas 3% 10ml est\u00e1 compuesto por ingredientes naturales. El aceite Full Spectrum ayuda a combatir el estr\u00e9s de tus mascotas.\" \/>\n<meta name=\"robots\" content=\"index, follow, max-snippet:-1, max-image-preview:large, max-video-preview:-1\" \/>\n<link rel=\"canonical\" href=\"https:\/\/iguanasmoke.com\/pl\/product-2\/olejek-cbd-fullspektrum-10ml-dla-zwierzat\/\" \/>\n<meta property=\"og:locale\" content=\"pl_PL\" \/>\n<meta property=\"og:type\" content=\"article\" \/>\n<meta property=\"og:title\" content=\"Aceite CBD Mascotas 10ml - Salm\u00f3n\" \/>\n<meta property=\"og:description\" content=\"Caracter\u00edsticas de nuestro Aceite CBD:\u00a0   Ingredientes naturales: Aceite de semillas de c\u00e1\u00f1amo enriquecido con salm\u00f3n (rico en Omega3) y extracto CBD Full Spectrum 300mg  Sin aditivos, qu\u00edmicos ni conservantes  Disponible en dos concentraciones: 3% y 7%  Dise\u00f1ado para las necesidades de perros y gatos  Consulta el an\u00e1lisis de calidad.\" \/>\n<meta property=\"og:url\" content=\"https:\/\/iguanasmoke.com\/pl\/product-2\/olejek-cbd-fullspektrum-10ml-dla-zwierzat\/\" \/>\n<meta property=\"og:site_name\" content=\"Iguana Smoke\" \/>\n<meta property=\"article:publisher\" content=\"https:\/\/www.facebook.com\/iguanasmoke\" \/>\n<meta property=\"article:modified_time\" content=\"2026-03-26T14:59:29+00:00\" \/>\n<meta property=\"og:image\" content=\"https:\/\/iguanasmoke.com\/wp-content\/uploads\/2022\/06\/caja-y-botella-3-10-ml-der-1.png\" \/>\n\t<meta property=\"og:image:width\" content=\"1000\" \/>\n\t<meta property=\"og:image:height\" content=\"1000\" \/>\n\t<meta property=\"og:image:type\" content=\"image\/png\" \/>\n<meta name=\"twitter:card\" content=\"summary_large_image\" \/>\n<meta name=\"twitter:label1\" content=\"Dost\u0119pno\u015b\u0107\" \/>\n\t<meta name=\"twitter:data1\" content=\"Dost\u0119pny\" \/>\n<meta property=\"product:brand\" content=\"variable\" \/>\n<meta property=\"og:availability\" content=\"instock\" \/>\n<meta property=\"product:availability\" content=\"instock\" \/>\n<meta property=\"product:condition\" content=\"new\" \/>\n<!-- \/ Yoast SEO Premium plugin. -->","yoast_head_json":{"title":"Olej CBD dla zwierz\u0105t 10ml | Iguana Smoke","description":"Ten olej CBD dla zwierz\u0105t 3% 10ml sk\u0142ada si\u0119 z naturalnych sk\u0142adnik\u00f3w. Olej Full Spectrum pomaga zwalcza\u0107 stres u zwierz\u0105t domowych.","robots":{"index":"index","follow":"follow","max-snippet":"max-snippet:-1","max-image-preview":"max-image-preview:large","max-video-preview":"max-video-preview:-1"},"canonical":"https:\/\/iguanasmoke.com\/pl\/product-2\/olejek-cbd-fullspektrum-10ml-dla-zwierzat\/","og_locale":"pl_PL","og_type":"article","og_title":"Aceite CBD Mascotas 10ml - Salm\u00f3n","og_description":"Caracter\u00edsticas de nuestro Aceite CBD:\u00a0   Ingredientes naturales: Aceite de semillas de c\u00e1\u00f1amo enriquecido con salm\u00f3n (rico en Omega3) y extracto CBD Full Spectrum 300mg  Sin aditivos, qu\u00edmicos ni conservantes  Disponible en dos concentraciones: 3% y 7%  Dise\u00f1ado para las necesidades de perros y gatos  Consulta el an\u00e1lisis de calidad.","og_url":"https:\/\/iguanasmoke.com\/pl\/product-2\/olejek-cbd-fullspektrum-10ml-dla-zwierzat\/","og_site_name":"Iguana Smoke","article_publisher":"https:\/\/www.facebook.com\/iguanasmoke","article_modified_time":"2026-03-26T14:59:29+00:00","og_image":[{"width":1000,"height":1000,"url":"https:\/\/iguanasmoke.com\/wp-content\/uploads\/2022\/06\/caja-y-botella-3-10-ml-der-1.png","type":"image\/png"}],"twitter_card":"summary_large_image","twitter_misc":{"Dost\u0119pno\u015b\u0107":"Dost\u0119pny"},"schema":{"@context":"https:\/\/schema.org","@graph":[{"@type":"WebPage","@id":"https:\/\/iguanasmoke.com\/producto\/aceite-de-cbd-fullspectrum-10ml-para-mascotas\/","url":"https:\/\/iguanasmoke.com\/producto\/aceite-de-cbd-fullspectrum-10ml-para-mascotas\/","name":"Olej CBD dla zwierz\u0105t 10ml | Iguana Smoke","isPartOf":{"@id":"https:\/\/iguanasmoke.com\/#website"},"primaryImageOfPage":{"@id":"https:\/\/iguanasmoke.com\/producto\/aceite-de-cbd-fullspectrum-10ml-para-mascotas\/#primaryimage"},"image":{"@id":"https:\/\/iguanasmoke.com\/producto\/aceite-de-cbd-fullspectrum-10ml-para-mascotas\/#primaryimage"},"thumbnailUrl":"https:\/\/iguanasmoke.com\/wp-content\/uploads\/2022\/06\/caja-y-botella-3-10-ml-der-1.png","datePublished":"2022-06-30T05:47:37+00:00","dateModified":"2026-03-26T14:59:29+00:00","description":"Ten olej CBD dla zwierz\u0105t 3% 10ml sk\u0142ada si\u0119 z naturalnych sk\u0142adnik\u00f3w. Olej Full Spectrum pomaga zwalcza\u0107 stres u zwierz\u0105t domowych.","breadcrumb":{"@id":"https:\/\/iguanasmoke.com\/producto\/aceite-de-cbd-fullspectrum-10ml-para-mascotas\/#breadcrumb"},"inLanguage":"pl-PL","potentialAction":[{"@type":"ReadAction","target":["https:\/\/iguanasmoke.com\/producto\/aceite-de-cbd-fullspectrum-10ml-para-mascotas\/"]}]},{"@type":"ImageObject","inLanguage":"pl-PL","@id":"https:\/\/iguanasmoke.com\/producto\/aceite-de-cbd-fullspectrum-10ml-para-mascotas\/#primaryimage","url":"https:\/\/iguanasmoke.com\/wp-content\/uploads\/2022\/06\/caja-y-botella-3-10-ml-der-1.png","contentUrl":"https:\/\/iguanasmoke.com\/wp-content\/uploads\/2022\/06\/caja-y-botella-3-10-ml-der-1.png","width":1000,"height":1000,"caption":"aceite CBD full spectrum con salm\u00f3n para mascotas en gotas"},{"@type":"BreadcrumbList","@id":"https:\/\/iguanasmoke.com\/producto\/aceite-de-cbd-fullspectrum-10ml-para-mascotas\/#breadcrumb","itemListElement":[{"@type":"ListItem","position":1,"name":"home","item":"https:\/\/iguanasmoke.com\/"},{"@type":"ListItem","position":2,"name":"Tienda","item":"https:\/\/iguanasmoke.com\/tienda\/"},{"@type":"ListItem","position":3,"name":"Mascotas","item":"https:\/\/iguanasmoke.com\/categoria\/mascotas\/"},{"@type":"ListItem","position":4,"name":"Aceite CBD Mascotas 10ml &#8211; Salm\u00f3n"}]},{"@type":"WebSite","@id":"https:\/\/iguanasmoke.com\/#website","url":"https:\/\/iguanasmoke.com\/","name":"Iguana Smoke","description":"Kup CBD online w najlepszej cenie","publisher":{"@id":"https:\/\/iguanasmoke.com\/#organization"},"potentialAction":[{"@type":"SearchAction","target":{"@type":"EntryPoint","urlTemplate":"https:\/\/iguanasmoke.com\/?s={search_term_string}"},"query-input":{"@type":"PropertyValueSpecification","valueRequired":true,"valueName":"search_term_string"}}],"inLanguage":"pl-PL"},{"@type":"Organization","@id":"https:\/\/iguanasmoke.com\/#organization","name":"Iguana Smoke","url":"https:\/\/iguanasmoke.com\/","logo":{"@type":"ImageObject","inLanguage":"pl-PL","@id":"https:\/\/iguanasmoke.com\/#\/schema\/logo\/image\/","url":"https:\/\/iguanasmoke.com\/wp-content\/uploads\/2025\/01\/logoiguana-favi-1.png","contentUrl":"https:\/\/iguanasmoke.com\/wp-content\/uploads\/2025\/01\/logoiguana-favi-1.png","width":512,"height":512,"caption":"Iguana Smoke"},"image":{"@id":"https:\/\/iguanasmoke.com\/#\/schema\/logo\/image\/"},"sameAs":["https:\/\/www.facebook.com\/iguanasmoke","https:\/\/www.instagram.com\/iguanasmoke\/"]}]},"product_brand":"variable","og_availability":"instock","product_availability":"instock","product_condition":"new"},"_links":{"self":[{"href":"https:\/\/iguanasmoke.com\/pl\/wp-json\/wp\/v2\/product\/10398","targetHints":{"allow":["GET"]}}],"collection":[{"href":"https:\/\/iguanasmoke.com\/pl\/wp-json\/wp\/v2\/product"}],"about":[{"href":"https:\/\/iguanasmoke.com\/pl\/wp-json\/wp\/v2\/types\/product"}],"replies":[{"embeddable":true,"href":"https:\/\/iguanasmoke.com\/pl\/wp-json\/wp\/v2\/comments?post=10398"}],"wp:featuredmedia":[{"embeddable":true,"href":"https:\/\/iguanasmoke.com\/pl\/wp-json\/wp\/v2\/media\/45056"}],"wp:attachment":[{"href":"https:\/\/iguanasmoke.com\/pl\/wp-json\/wp\/v2\/media?parent=10398"}],"wp:term":[{"taxonomy":"product_brand","embeddable":true,"href":"https:\/\/iguanasmoke.com\/pl\/wp-json\/wp\/v2\/product_brand?post=10398"},{"taxonomy":"product_cat","embeddable":true,"href":"https:\/\/iguanasmoke.com\/pl\/wp-json\/wp\/v2\/product_cat?post=10398"},{"taxonomy":"product_tag","embeddable":true,"href":"https:\/\/iguanasmoke.com\/pl\/wp-json\/wp\/v2\/product_tag?post=10398"}],"curies":[{"name":"wp","href":"https:\/\/api.w.org\/{rel}","templated":true}]}}