{"id":11508,"date":"2022-10-02T20:47:14","date_gmt":"2022-10-02T18:47:14","guid":{"rendered":"https:\/\/iguanasmoke.com\/?post_type=product&#038;p=11508"},"modified":"2026-04-15T21:19:18","modified_gmt":"2026-04-15T19:19:18","slug":"iguana-box-degustacja-kwiatow-cbd","status":"publish","type":"product","link":"https:\/\/iguanasmoke.com\/pl\/producto\/iguana-box-cbd-degustacion-de-flores\/","title":{"rendered":"Degustacja kwiat\u00f3w CBD Iguana Box"},"content":{"rendered":"<h1 data-start=\"1609\" data-end=\"1642\"><span style=\"font-weight: 400\">Iguana Box CBD Desgustaci\u00f3n de Flores: <em>Najlepszy pakiet dla mi\u0142o\u015bnik\u00f3w kwiat\u00f3w CBD<\/em><\/span><\/h1>\n<p data-start=\"273\" data-end=\"578\"><span style=\"font-weight: 400\">Je\u015bli lubisz si\u0119 zmienia\u0107, odkrywa\u0107 nowe aromaty i cieszy\u0107 si\u0119 wysokiej jako\u015bci kwiatami CBD, to <strong>Degustacja kwiat\u00f3w CBD Iguana Box<\/strong> jest dla Ciebie. Stworzyli\u015bmy ten ekskluzywny pakiet, aby\u015b m\u00f3g\u0142 wypr\u00f3bowa\u0107 niekt\u00f3re z najpopularniejszych <strong>Najpopularniejsza i najbardziej po\u017c\u0105dana genetyka<\/strong>, Wszystkie starannie wyselekcjonowane i uprawiane zgodnie z europejskimi standardami.<\/span><\/p>\n<p data-start=\"273\" data-end=\"578\"><span style=\"font-weight: 400\">Ponadto, ten Box jest wyposa\u017cony w kwiaty CBD (<strong>10-15% CBD i mniej ni\u017c 0,3% THC<\/strong>), w pe\u0142ni<strong> legalne w Hiszpanii<\/strong>, idealny dla os\u00f3b poszukuj\u0105cych zr\u00f3wnowa\u017conych, aromatycznych dozna\u0144 bez efekt\u00f3w psychoaktywnych.<\/span><\/p>\n<h3 data-start=\"273\" data-end=\"578\"><\/h3>\n<h2 data-start=\"273\" data-end=\"578\"><strong>Co zawiera Iguana Box CBD Flower Tasting? <\/strong><\/h2>\n<p data-start=\"273\" data-end=\"578\"><span style=\"font-weight: 400\">Po pierwsze, to opakowanie zawiera 2 gramy kwiat\u00f3w CBD nast\u0119puj\u0105cych odmian: <\/span><\/p>\n<ul>\n<li style=\"list-style-type: none\">\n<ul>\n<li data-start=\"273\" data-end=\"578\"><span style=\"font-weight: 400\"><strong><a href=\"https:\/\/iguanasmoke.com\/pl\/product-2\/kup-paki-kwiatowe-cbd-flower-sour-tsunami-online\/\">Sour Tsunami<\/a>:<\/strong> \u015awie\u017cy, cytrusowy, idealny dla os\u00f3b poszukuj\u0105cych delikatnych, czystych dozna\u0144. <\/span><\/li>\n<li data-start=\"273\" data-end=\"578\"><span style=\"font-weight: 400\"><strong><a href=\"https:\/\/iguanasmoke.com\/pl\/product-2\/kupic-kwiat-gelato-cbd-online\/\">Gelato<\/a>:<\/strong> S\u0142odki i kremowy, ulubiony ze wzgl\u0119du na intensywny aromat. <\/span><\/li>\n<li data-start=\"273\" data-end=\"578\"><span style=\"font-weight: 400\"><strong><a href=\"https:\/\/iguanasmoke.com\/pl\/product-2\/kup-kwiat-ak-47-cbd-paki-online\/\">AK-47<\/a>:<\/strong> Mocny w niuansach, o klasycznym, pikantnym profilu.<\/span><\/li>\n<li data-start=\"273\" data-end=\"578\"><span style=\"font-weight: 400\"><a href=\"https:\/\/iguanasmoke.com\/pl\/product-2\/kup-paki-cbd-flower-shelby-online\/\"><strong>Shelby<\/strong><\/a>Elegancki i zr\u00f3wnowa\u017cony, idealny na ka\u017cd\u0105 por\u0119 dnia. <\/span><\/li>\n<li data-start=\"273\" data-end=\"578\"><span style=\"font-weight: 400\"><a href=\"https:\/\/iguanasmoke.com\/pl\/product-2\/kup-amnezje-kwiatowa-cbd-cbd-paki-online\/\"><strong>Amnezja<\/strong><\/a>Niepowtarzalny, z silnymi nutami cytrusowymi i zio\u0142owymi. <\/span><\/li>\n<li data-start=\"273\" data-end=\"578\"><span style=\"font-weight: 400\"><a href=\"https:\/\/iguanasmoke.com\/pl\/product-2\/kupic-kwiat-goryla-klej-cbd-cbd-paki-online\/\"><strong>Goryl<\/strong> <strong>Klej<\/strong><\/a>Ziemisty i g\u0142\u0119boki, z brutaln\u0105 aromatyczn\u0105 obecno\u015bci\u0105. <\/span><\/li>\n<li data-start=\"273\" data-end=\"578\"><span style=\"font-weight: 400\"><a href=\"https:\/\/iguanasmoke.com\/pl\/product-2\/kupic-kwiaty-sour-diesel-cbd-online\/\"><strong>Kwa\u015bny<\/strong> <strong>Diesel<\/strong><\/a>Kwa\u015bny i przenikliwy, mityczna genetyka, kt\u00f3ra nigdy nie zawodzi.<\/span><\/li>\n<\/ul>\n<\/li>\n<\/ul>\n<p><span style=\"font-weight: 400\">Co wi\u0119cej, sam wybierasz, jak chcesz si\u0119 nim cieszy\u0107, mo\u017cesz wybra\u0107 jedn\u0105 z tych dw\u00f3ch opcji:<\/span><\/p>\n<p style=\"padding-left: 40px\">\ud83d\udc49 <strong data-start=\"1506\" data-end=\"1542\">1 <a href=\"https:\/\/iguanasmoke.com\/pl\/product-2\/kup-kwiaty-cbd-pre-roll-stozek-king-size-stozek-cbd-1gr\/\">Pre Roll CBD w sto\u017cku King Size<\/a><\/strong><br data-start=\"1542\" data-end=\"1545\" \/><strong data-start=\"1545\" data-end=\"1550\">o<\/strong><br data-start=\"1550\" data-end=\"1553\" \/>\ud83d\udc49 <strong data-start=\"1556\" data-end=\"1603\">1 <a href=\"https:\/\/iguanasmoke.com\/pl\/product-2\/krolewskie-bibulki-konopne-z-filtrami\/\">Papier do rolowania z konopi Japan King Size<\/a><\/strong><\/p>\n<p data-start=\"273\" data-end=\"578\"><span style=\"font-weight: 400\">Wszystko zaprojektowane tak, aby wystarczy\u0142o otworzy\u0107 pude\u0142ko i cieszy\u0107 si\u0119 zabaw\u0105.<\/span><\/p>\n<p data-start=\"273\" data-end=\"578\">*Produkty mog\u0105 si\u0119 r\u00f3\u017cni\u0107 w zale\u017cno\u015bci od dost\u0119pno\u015bci w magazynie.<\/p>\n<h2 data-start=\"273\" data-end=\"578\"><strong> Dlaczego warto wybra\u0107 Iguana Box CBD Flower Tasting? <\/strong><\/h2>\n<ul>\n<li data-start=\"273\" data-end=\"578\"><span style=\"font-weight: 400\">R\u00f3\u017cnorodny wyb\u00f3r wysokiej jako\u015bci kwiat\u00f3w CBD <\/span><\/li>\n<li data-start=\"273\" data-end=\"578\"><span style=\"font-weight: 400\">Idealny do testowania kilku gen\u00f3w w jednym opakowaniu. <\/span><\/li>\n<li data-start=\"273\" data-end=\"578\"><span style=\"font-weight: 400\">CBD mi\u0119dzy 10 a 15% i THC poni\u017cej 0,3% <\/span><\/li>\n<li data-start=\"273\" data-end=\"578\"><span style=\"font-weight: 400\">Legalny, bezpieczny i przetestowany produkt <\/span><\/li>\n<li data-start=\"273\" data-end=\"578\"><span style=\"font-weight: 400\">Idealny na prezent... lub jako prezent dla siebie. <\/span><\/li>\n<\/ul>\n<p><span style=\"font-weight: 400\">The <strong>Degustacja kwiat\u00f3w CBD Iguana Box <\/strong>to nie tylko opakowanie, to kompletne do\u015bwiadczenie dla tych, kt\u00f3rzy ceni\u0105 sobie wysokiej jako\u015bci CBD. Odkryj, por\u00f3wnaj i znajd\u017a sw\u00f3j ulubiony.... .<\/span><\/p>\n<h4 data-start=\"1671\" data-end=\"1708\">Wysy\u0142ka wliczona w cen\u0119, bez niespodzianek<\/h4>\n<p data-start=\"1710\" data-end=\"1839\">Cena zestawu Iguana Box obejmuje <strong data-start=\"1745\" data-end=\"1764\">koszty wysy\u0142ki<\/strong>, Oferujemy mo\u017cliwo\u015b\u0107 wygodnego odbioru paczki w domu, szybko i dyskretnie.<\/p>\n<h3><b>Iguana Smoke to Tw\u00f3j internetowy sklep z CBD\u00a0<\/b><\/h3>\n<p><span style=\"font-weight: 400\">Przy<strong> Iguana Smoke<\/strong>, Wierzymy, \u017ce korzystanie z CBD powinno by\u0107 bezpiecznym do\u015bwiadczeniem. W\u0142a\u015bnie dlatego oferujemy produkty takie jak ten <strong>Degustacja kwiat\u00f3w CBD Iguana Box<\/strong>, Marka \u0142\u0105czy si\u0119 z nowymi pokoleniami: lud\u017ami, kt\u00f3rzy szukaj\u0105 nieskomplikowanego wellness, z autentycznymi i niezawodnymi markami.\u00a0<\/span><\/p>\n<p>Nasza misja jest jasna: dostarcza\u0107 najlepsze kannabinoidy w uczciwej cenie. Ponadto dajemy ci spok\u00f3j ducha, wiedz\u0105c, \u017ce wybierasz certyfikowany, skuteczny i legalny produkt 100%. Tw\u00f3j czas relaksu zaczyna si\u0119 z nami.<\/p>\n<p>Nadal masz w\u0105tpliwo\u015bci? Napisz do nas, a z przyjemno\u015bci\u0105 pomo\u017cemy Ci znale\u017a\u0107 odpowiedni produkt.<\/p>\n<p>&nbsp;<\/p>\n<h6>\u2139\ufe0f<strong> Informacje prawne<\/strong><\/h6>\n<p><em><span style=\"font-weight: 400\">*Produkt przeznaczony do kolekcjonowania lub aromaterapii, zgodnie z obowi\u0105zuj\u0105cymi w Hiszpanii przepisami. <\/span><\/em><\/p>\n<p><em><span style=\"font-weight: 400\">**Pochodzi z certyfikowanych konopi przemys\u0142owych. Zawiera mniej ni\u017c 0,3 THC i nie zawiera nielegalnych kannabinoid\u00f3w, takich jak HHC, HHC-P, THCP, THCP-O, H4CBD lub substancji wymienionych w za\u0142\u0105czniku I do dekretu kr\u00f3lewskiego 2829\/1977, ani substancji kontrolowanych przez konwencje mi\u0119dzynarodowe.\u00a0\u00a0<\/span><\/em><\/p>","protected":false},"excerpt":{"rendered":"<p><span style=\"font-weight: 400\">Prep\u00e1rate porque esta Iguana Box viene cargadita de flores (10-15%CBD y &lt;0,3%THC) de 2g:<\/span><\/p>\n<ul>\n<li style=\"list-style-type: none\">\n<ul>\n<li>Sour Tsunami<\/li>\n<li>Gelato<\/li>\n<li>Ak-47<\/li>\n<li>Shelby<\/li>\n<li>Amnesia \/ Iguana Kush \/Alien OG<\/li>\n<li>Gorilla Glue<\/li>\n<li>Sour Diesel<\/li>\n<li>A elegir entre 1 x <strong>Pre Roll CBD Cono King Size \u00f3 1 x Papel para liar de c\u00e1\u00f1amo Jap\u00f3n King Size<\/strong><\/li>\n<\/ul>\n<\/li>\n<\/ul>\n<p>[Gastos de env\u00edo inclu\u00eddos]<\/p>\n<p><em><span style=\"font-weight: 400\">Precio sin descuento: 78\u20ac | precio pack descuento: 45\u20ac =&gt; <strong>ahorro de 33\u20ac con un descuento del 42%<\/strong><\/span>\u00a0<\/em><\/p>\n<p><span style=\"font-weight: 400\">Consulta<strong>\u00a0<a href=\"https:\/\/iguanasmoke.com\/analiticas\/\">el an\u00e1lisis de laboratorio.<\/a><\/strong><\/span><\/p>\n","protected":false},"featured_media":54938,"comment_status":"open","ping_status":"closed","template":"","meta":{"_acf_changed":false,"site-sidebar-layout":"default","site-content-layout":"default","ast-site-content-layout":"default","site-content-style":"default","site-sidebar-style":"default","ast-global-header-display":"","ast-banner-title-visibility":"","ast-main-header-display":"","ast-hfb-above-header-display":"","ast-hfb-below-header-display":"","ast-hfb-mobile-header-display":"","site-post-title":"","ast-breadcrumbs-content":"","ast-featured-img":"","footer-sml-layout":"","theme-transparent-header-meta":"default","adv-header-id-meta":"","stick-header-meta":"","header-above-stick-meta":"","header-main-stick-meta":"","header-below-stick-meta":"","astra-migrate-meta-layouts":"set","ast-page-background-enabled":"default","ast-page-background-meta":{"desktop":{"background-color":"var(--ast-global-color-4)","background-image":"","background-repeat":"repeat","background-position":"center center","background-size":"auto","background-attachment":"scroll","background-type":"","background-media":"","overlay-type":"","overlay-color":"","overlay-opacity":"","overlay-gradient":""},"tablet":{"background-color":"","background-image":"","background-repeat":"repeat","background-position":"center center","background-size":"auto","background-attachment":"scroll","background-type":"","background-media":"","overlay-type":"","overlay-color":"","overlay-opacity":"","overlay-gradient":""},"mobile":{"background-color":"","background-image":"","background-repeat":"repeat","background-position":"center center","background-size":"auto","background-attachment":"scroll","background-type":"","background-media":"","overlay-type":"","overlay-color":"","overlay-opacity":"","overlay-gradient":""}},"ast-content-background-meta":{"desktop":{"background-color":"var(--ast-global-color-5)","background-image":"","background-repeat":"repeat","background-position":"center center","background-size":"auto","background-attachment":"scroll","background-type":"","background-media":"","overlay-type":"","overlay-color":"","overlay-opacity":"","overlay-gradient":""},"tablet":{"background-color":"var(--ast-global-color-5)","background-image":"","background-repeat":"repeat","background-position":"center center","background-size":"auto","background-attachment":"scroll","background-type":"","background-media":"","overlay-type":"","overlay-color":"","overlay-opacity":"","overlay-gradient":""},"mobile":{"background-color":"var(--ast-global-color-5)","background-image":"","background-repeat":"repeat","background-position":"center center","background-size":"auto","background-attachment":"scroll","background-type":"","background-media":"","overlay-type":"","overlay-color":"","overlay-opacity":"","overlay-gradient":""}}},"product_brand":[],"product_cat":[349],"product_tag":[],"class_list":{"0":"post-11508","1":"product","2":"type-product","3":"status-publish","4":"has-post-thumbnail","6":"product_cat-packs-y-ofertas-cbd","7":"desktop-align-center","8":"tablet-align-center","9":"mobile-align-center","11":"first","12":"instock","13":"sale","14":"taxable","15":"shipping-taxable","16":"purchasable","17":"product-type-composite"},"acf":[],"yoast_head":"<!-- This site is optimized with the Yoast SEO Premium plugin v27.5 (Yoast SEO v27.5) - https:\/\/yoast.com\/product\/yoast-seo-premium-wordpress\/ -->\n<title>Iguana Box CBD Degustaci\u00f3n de Flores | Iguana Smoke<\/title>\n<meta name=\"description\" content=\"Compra el mejor CBD al mejor precio con nuestra Iguana Box CBD Degustaci\u00f3n de Flores. Encuentra ofertas, descuentos y CBD barato en nuestra web.\" \/>\n<meta name=\"robots\" content=\"index, follow, max-snippet:-1, max-image-preview:large, max-video-preview:-1\" \/>\n<link rel=\"canonical\" href=\"https:\/\/iguanasmoke.com\/pl\/product-2\/iguana-box-degustacja-kwiatow-cbd\/\" \/>\n<meta property=\"og:locale\" content=\"pl_PL\" \/>\n<meta property=\"og:type\" content=\"article\" \/>\n<meta property=\"og:title\" content=\"Iguana Box CBD Degustaci\u00f3n de Flores\" \/>\n<meta property=\"og:description\" content=\"Prep\u00e1rate porque esta Iguana Box viene cargadita de flores (10-15%CBD y &lt;0,3%THC) de 2g:      Sour Tsunami  Gelato  Ak-47  Shelby  Amnesia \/ Iguana Kush \/Alien OG  Gorilla Glue  Sour Diesel  A elegir entre 1 x Pre Roll CBD Cono King Size \u00f3 1 x Papel para liar de c\u00e1\u00f1amo Jap\u00f3n King Size      Precio sin descuento: 78\u20ac | precio pack descuento: 45\u20ac =&gt; ahorro de 33\u20ac con un descuento del 42%\u00a0  Consulta\u00a0el an\u00e1lisis de laboratorio.\" \/>\n<meta property=\"og:url\" content=\"https:\/\/iguanasmoke.com\/pl\/product-2\/iguana-box-degustacja-kwiatow-cbd\/\" \/>\n<meta property=\"og:site_name\" content=\"Iguana Smoke\" \/>\n<meta property=\"article:publisher\" content=\"https:\/\/www.facebook.com\/iguanasmoke\" \/>\n<meta property=\"article:modified_time\" content=\"2026-04-15T19:19:18+00:00\" \/>\n<meta property=\"og:image\" content=\"https:\/\/iguanasmoke.com\/wp-content\/uploads\/2023\/12\/Iguana-Oferta-Pack-degustacion-copia.webp\" \/>\n\t<meta property=\"og:image:width\" content=\"1000\" \/>\n\t<meta property=\"og:image:height\" content=\"1000\" \/>\n\t<meta property=\"og:image:type\" content=\"image\/webp\" \/>\n<meta name=\"twitter:card\" content=\"summary_large_image\" \/>\n<meta name=\"twitter:label1\" content=\"Cena\" \/>\n\t<meta name=\"twitter:data1\" content=\"45,00&nbsp;&euro;\" \/>\n\t<meta name=\"twitter:label2\" content=\"Dost\u0119pno\u015b\u0107\" \/>\n\t<meta name=\"twitter:data2\" content=\"Dost\u0119pny\" \/>\n<meta property=\"product:brand\" content=\"composite\" \/>\n<meta property=\"product:price:amount\" content=\"45.00\" \/>\n<meta property=\"product:price:currency\" content=\"EUR\" \/>\n<meta property=\"og:availability\" content=\"instock\" \/>\n<meta property=\"product:availability\" content=\"instock\" \/>\n<meta property=\"product:retailer_item_id\" content=\"IS-PACKDEGUSFLORES\" \/>\n<meta property=\"product:condition\" content=\"new\" \/>\n<!-- \/ Yoast SEO Premium plugin. -->","yoast_head_json":{"title":"Iguana Box CBD Flower Tasting | Iguana Smoke","description":"Kup najlepsze CBD w najlepszej cenie dzi\u0119ki naszej degustacji kwiat\u00f3w Iguana Box CBD. Znajd\u017a oferty, rabaty i tanie CBD na naszej stronie internetowej.","robots":{"index":"index","follow":"follow","max-snippet":"max-snippet:-1","max-image-preview":"max-image-preview:large","max-video-preview":"max-video-preview:-1"},"canonical":"https:\/\/iguanasmoke.com\/pl\/product-2\/iguana-box-degustacja-kwiatow-cbd\/","og_locale":"pl_PL","og_type":"article","og_title":"Iguana Box CBD Degustaci\u00f3n de Flores","og_description":"Prep\u00e1rate porque esta Iguana Box viene cargadita de flores (10-15%CBD y &lt;0,3%THC) de 2g:      Sour Tsunami  Gelato  Ak-47  Shelby  Amnesia \/ Iguana Kush \/Alien OG  Gorilla Glue  Sour Diesel  A elegir entre 1 x Pre Roll CBD Cono King Size \u00f3 1 x Papel para liar de c\u00e1\u00f1amo Jap\u00f3n King Size      Precio sin descuento: 78\u20ac | precio pack descuento: 45\u20ac =&gt; ahorro de 33\u20ac con un descuento del 42%\u00a0  Consulta\u00a0el an\u00e1lisis de laboratorio.","og_url":"https:\/\/iguanasmoke.com\/pl\/product-2\/iguana-box-degustacja-kwiatow-cbd\/","og_site_name":"Iguana Smoke","article_publisher":"https:\/\/www.facebook.com\/iguanasmoke","article_modified_time":"2026-04-15T19:19:18+00:00","og_image":[{"width":1000,"height":1000,"url":"https:\/\/iguanasmoke.com\/wp-content\/uploads\/2023\/12\/Iguana-Oferta-Pack-degustacion-copia.webp","type":"image\/webp"}],"twitter_card":"summary_large_image","twitter_misc":{"Cena":"45,00&nbsp;&euro;","Dost\u0119pno\u015b\u0107":"Dost\u0119pny"},"schema":{"@context":"https:\/\/schema.org","@graph":[{"@type":"WebPage","@id":"https:\/\/iguanasmoke.com\/producto\/iguana-box-cbd-degustacion-de-flores\/","url":"https:\/\/iguanasmoke.com\/producto\/iguana-box-cbd-degustacion-de-flores\/","name":"Iguana Box CBD Flower Tasting | Iguana Smoke","isPartOf":{"@id":"https:\/\/iguanasmoke.com\/#website"},"primaryImageOfPage":{"@id":"https:\/\/iguanasmoke.com\/producto\/iguana-box-cbd-degustacion-de-flores\/#primaryimage"},"image":{"@id":"https:\/\/iguanasmoke.com\/producto\/iguana-box-cbd-degustacion-de-flores\/#primaryimage"},"thumbnailUrl":"https:\/\/iguanasmoke.com\/wp-content\/uploads\/2023\/12\/Iguana-Oferta-Pack-degustacion-copia.webp","datePublished":"2022-10-02T18:47:14+00:00","dateModified":"2026-04-15T19:19:18+00:00","description":"Kup najlepsze CBD w najlepszej cenie dzi\u0119ki naszej degustacji kwiat\u00f3w Iguana Box CBD. Znajd\u017a oferty, rabaty i tanie CBD na naszej stronie internetowej.","breadcrumb":{"@id":"https:\/\/iguanasmoke.com\/producto\/iguana-box-cbd-degustacion-de-flores\/#breadcrumb"},"inLanguage":"pl-PL","potentialAction":[{"@type":"ReadAction","target":["https:\/\/iguanasmoke.com\/producto\/iguana-box-cbd-degustacion-de-flores\/"]}]},{"@type":"ImageObject","inLanguage":"pl-PL","@id":"https:\/\/iguanasmoke.com\/producto\/iguana-box-cbd-degustacion-de-flores\/#primaryimage","url":"https:\/\/iguanasmoke.com\/wp-content\/uploads\/2023\/12\/Iguana-Oferta-Pack-degustacion-copia.webp","contentUrl":"https:\/\/iguanasmoke.com\/wp-content\/uploads\/2023\/12\/Iguana-Oferta-Pack-degustacion-copia.webp","width":1000,"height":1000,"caption":"oferta iguana box pack degustacion de flores CBD"},{"@type":"BreadcrumbList","@id":"https:\/\/iguanasmoke.com\/producto\/iguana-box-cbd-degustacion-de-flores\/#breadcrumb","itemListElement":[{"@type":"ListItem","position":1,"name":"home","item":"https:\/\/iguanasmoke.com\/"},{"@type":"ListItem","position":2,"name":"Tienda","item":"https:\/\/iguanasmoke.com\/tienda\/"},{"@type":"ListItem","position":3,"name":"Packs y Ofertas","item":"https:\/\/iguanasmoke.com\/categoria\/packs-y-ofertas-cbd\/"},{"@type":"ListItem","position":4,"name":"Iguana Box CBD Degustaci\u00f3n de Flores"}]},{"@type":"WebSite","@id":"https:\/\/iguanasmoke.com\/#website","url":"https:\/\/iguanasmoke.com\/","name":"Iguana Smoke","description":"Kup CBD online w najlepszej cenie","publisher":{"@id":"https:\/\/iguanasmoke.com\/#organization"},"potentialAction":[{"@type":"SearchAction","target":{"@type":"EntryPoint","urlTemplate":"https:\/\/iguanasmoke.com\/?s={search_term_string}"},"query-input":{"@type":"PropertyValueSpecification","valueRequired":true,"valueName":"search_term_string"}}],"inLanguage":"pl-PL"},{"@type":"Organization","@id":"https:\/\/iguanasmoke.com\/#organization","name":"Iguana Smoke","url":"https:\/\/iguanasmoke.com\/","logo":{"@type":"ImageObject","inLanguage":"pl-PL","@id":"https:\/\/iguanasmoke.com\/#\/schema\/logo\/image\/","url":"https:\/\/iguanasmoke.com\/wp-content\/uploads\/2025\/01\/logoiguana-favi-1.png","contentUrl":"https:\/\/iguanasmoke.com\/wp-content\/uploads\/2025\/01\/logoiguana-favi-1.png","width":512,"height":512,"caption":"Iguana Smoke"},"image":{"@id":"https:\/\/iguanasmoke.com\/#\/schema\/logo\/image\/"},"sameAs":["https:\/\/www.facebook.com\/iguanasmoke","https:\/\/www.instagram.com\/iguanasmoke\/"]}]},"product_brand":"composite","product_price_amount":"45.00","product_price_currency":"EUR","og_availability":"instock","product_availability":"instock","product_retailer_item_id":"IS-PACKDEGUSFLORES","product_condition":"new"},"_links":{"self":[{"href":"https:\/\/iguanasmoke.com\/pl\/wp-json\/wp\/v2\/product\/11508","targetHints":{"allow":["GET"]}}],"collection":[{"href":"https:\/\/iguanasmoke.com\/pl\/wp-json\/wp\/v2\/product"}],"about":[{"href":"https:\/\/iguanasmoke.com\/pl\/wp-json\/wp\/v2\/types\/product"}],"replies":[{"embeddable":true,"href":"https:\/\/iguanasmoke.com\/pl\/wp-json\/wp\/v2\/comments?post=11508"}],"wp:featuredmedia":[{"embeddable":true,"href":"https:\/\/iguanasmoke.com\/pl\/wp-json\/wp\/v2\/media\/54938"}],"wp:attachment":[{"href":"https:\/\/iguanasmoke.com\/pl\/wp-json\/wp\/v2\/media?parent=11508"}],"wp:term":[{"taxonomy":"product_brand","embeddable":true,"href":"https:\/\/iguanasmoke.com\/pl\/wp-json\/wp\/v2\/product_brand?post=11508"},{"taxonomy":"product_cat","embeddable":true,"href":"https:\/\/iguanasmoke.com\/pl\/wp-json\/wp\/v2\/product_cat?post=11508"},{"taxonomy":"product_tag","embeddable":true,"href":"https:\/\/iguanasmoke.com\/pl\/wp-json\/wp\/v2\/product_tag?post=11508"}],"curies":[{"name":"wp","href":"https:\/\/api.w.org\/{rel}","templated":true}]}}