{"id":11680,"date":"2022-10-21T13:08:41","date_gmt":"2022-10-21T11:08:41","guid":{"rendered":"https:\/\/iguanasmoke.com\/?post_type=product&#038;p=11680"},"modified":"2026-04-01T14:40:38","modified_gmt":"2026-04-01T12:40:38","slug":"kup-cbd-pop-corn-sour-tsunami-flower-25gr-cbd-male-paki","status":"publish","type":"product","link":"https:\/\/iguanasmoke.com\/pl\/producto\/comprar-flor-cbd-pop-corn-sour-tsunami-25gr-cogollos-pequenos-cbd\/","title":{"rendered":"Pop Corn - Ma\u0142e p\u0105ki CBD 25g"},"content":{"rendered":"<h1><b>Pop Corn CBD - Ma\u0142e p\u0105ki CBD 25g (Mini p\u0105ki CBD)<\/b><\/h1>\n<p><span style=\"font-weight: 400\">Dla tych, kt\u00f3rzy s\u0105 zainteresowani zakupem kwiat\u00f3w CBD w ekonomicznym i du\u017cym formacie, nasz<strong> Ma\u0142e p\u0105ki CBD 25g<\/strong> maj\u0105 15% CBD i s\u0105 jedn\u0105 z najlepszych opcji na rynku. Ten format <strong>Pop Corn CBD<\/strong>, znany r\u00f3wnie\u017c jako <strong>Mini p\u0105ki CBD<\/strong>, oferuje idealn\u0105 r\u00f3wnowag\u0119 mi\u0119dzy cen\u0105, jako\u015bci\u0105 i wygod\u0105 dla cz\u0119stych u\u017cytkownik\u00f3w CBD.<\/span><\/p>\n<p>&nbsp;<\/p>\n<h2>Czym s\u0105 ma\u0142e p\u0105ki CBD 25g?<\/h2>\n<p><span style=\"font-weight: 400\">The<strong> Ma\u0142e p\u0105ki CBD 25g to ma\u0142e kwiaty<\/strong>, w <strong>Iguana Smoke<\/strong> nazywamy je <strong>Pop Corn CBD lub Mini Buds CBD<\/strong>. Maj\u0105 tak\u0105 sam\u0105 aromatyczn\u0105 moc i jako\u015b\u0107 jak p\u0105ki premium, ale z <strong>kompaktowy rozmiar<\/strong> co umo\u017cliwia oferowanie <strong>Wi\u0119ksza ilo\u015b\u0107 w lepszej cenie<\/strong>, bez uszczerbku dla smaku i profilu kannabinoidowego.<\/span><\/p>\n<p>&nbsp;<\/p>\n<h2><b>Charakterystyka ma\u0142ych p\u0105k\u00f3w CBD 25g:\u00a0<\/b><\/h2>\n<p><span style=\"font-weight: 400\">Nasz<strong> Pop Corn<\/strong> <strong>CBD<\/strong> charakteryzuj\u0105 si\u0119 g\u0119st\u0105, dobrze zag\u0119szczon\u0105 struktur\u0105, s\u0105 <strong>g\u0119ste i zwarte p\u0105ki<\/strong>, w odcieniach od g\u0142\u0119bokiej zieleni po subtelny fiolet. W ka\u017cdej torbie znajdziesz <strong>Ma\u0142e p\u0105ki CBD 25g<\/strong>\u00a0Wybrany z jednorodnej selekcji ma\u0142ych kwiat\u00f3w starannie suszonych, aby zagwarantowa\u0107 intensywny aromat i <strong>niesamowite do\u015bwiadczenie<\/strong>.<\/span><\/p>\n<p>&nbsp;<\/p>\n<h2><b>Aromat i profil terpenowy<\/b><\/h2>\n<p><span style=\"font-weight: 400\">The <strong>Mini p\u0105ki CBD Iguana Smoke<\/strong> oferuj\u0105 z\u0142o\u017cony i g\u0142\u0119boko atrakcyjny profil zapachowy. Znajdziesz tu zr\u00f3wnowa\u017con\u0105 mieszank\u0119:<\/span><\/p>\n<ul>\n<li><em><span style=\"font-weight: 400\">s\u0142odkie nuty\u00a0<\/span><\/em><\/li>\n<li><em><span style=\"font-weight: 400\">charakterystyczny dotyk oleju nap\u0119dowego<\/span><\/em><\/li>\n<li><em><span style=\"font-weight: 400\">cytrusowe niuanse<\/span><\/em><\/li>\n<li><em><span style=\"font-weight: 400\">mi\u0119kkie, ziemiste t\u0142o<\/span><\/em><\/li>\n<\/ul>\n<p>G\u0142\u0119boki i otulaj\u0105cy aromat idealny dla os\u00f3b poszukuj\u0105cych kwiat\u00f3w z osobowo\u015bci\u0105.<\/p>\n<p>&nbsp;<\/p>\n<h2><b>Og\u00f3lna ocena Pop Corn CBD<\/b><\/h2>\n<p><span style=\"font-weight: 400\">The<strong> Ma\u0142e p\u0105ki CBD 25g <\/strong>z <strong>Iguana Smoke<\/strong>, Reprezentuj\u0105 one to, co najlepsze w \u015bwiecie CBD. S\u0105 doskona\u0142\u0105 alternatyw\u0105 dla tych, kt\u00f3rzy chc\u0105 <strong>kupi\u0107 kwiaty CBD online<\/strong> o doskona\u0142ym stosunku jako\u015bci do ceny. S\u0105 to kwiaty<strong> legalne, bezpieczne i pe\u0142ne terpen\u00f3w<\/strong>, Nowe produkty s\u0105 idealne zar\u00f3wno do okazjonalnego u\u017cytku, jak i dla regularnych konsument\u00f3w.\u00a0<\/span><\/p>\n<p>&nbsp;<\/p>\n<h2><b>Kup kwiaty CBD i ma\u0142e p\u0105ki CBD 25g w Iguana Smoke<\/b><\/h2>\n<p><span style=\"font-weight: 400\">Wsp\u00f3\u0142pracujemy z rolnikami, kt\u00f3rzy uprawiaj\u0105 konopie przemys\u0142owe w spos\u00f3b ekologiczny, <strong>wolne od pestycyd\u00f3w i chemikali\u00f3w modyfikowanych genetycznie<\/strong>. Wszystkie nasze kwiaty pochodz\u0105 z odmian <strong><em>Cannabis Sativa<\/em><\/strong> zatwierdzone przez UE i zawieraj\u0105ce <strong>mniej ni\u017c 0,3% THC<\/strong>, i tak s\u0105 ca\u0142kowicie <strong>legalny<\/strong> i nie wywo\u0142uj\u0105 efekt\u00f3w psychoaktywnych. <\/span><\/p>\n<p><span style=\"font-weight: 400\"> Wykorzystanie <strong>metody rolnictwa ekologicznego<\/strong> promuje zr\u00f3wnowa\u017cony rozw\u00f3j i odpowiedzialno\u015b\u0107 za \u015brodowisko, co czyni produkt atrakcyjnym dla \u015bwiadomych ekologicznie konsument\u00f3w. Ponadto, je\u015bli chcesz, mo\u017cesz skonsultowa\u0107 si\u0119 z<strong> <a href=\"https:\/\/iguanasmoke.com\/pl\/analityka\/\">analiza laboratoryjna.<\/a>\u00a0<\/strong><\/span><\/p>\n<p><span style=\"font-weight: 400\">Je\u015bli podoba Ci si\u0119 ten kwiat, zach\u0119camy do odkrycia innych kwiat\u00f3w CBD, takich jak <span style=\"text-decoration: underline\"><strong><a href=\"https:\/\/iguanasmoke.com\/pl\/product-2\/kupic-kwiat-goryla-klej-cbd-cbd-paki-online\/\">Gorilla Flower CBD<\/a><\/strong>,<\/span> w<span style=\"text-decoration: underline\"> <a href=\"https:\/\/iguanasmoke.com\/pl\/product-2\/flower-cbd-amnesia-indoor\/\"><strong>Amnesia Indoor CBD Flower<\/strong><\/a><\/span> lub <a href=\"https:\/\/iguanasmoke.com\/pl\/product-2\/comprar-flor-cbd-ak-47\/\"><strong><span style=\"text-decoration: underline\">Kwiat CBD AK-47<\/span><\/strong><\/a>. I s<\/span><span style=\"font-weight: 400\">Je\u015bli chcesz pozna\u0107 inne produkty, zapoznaj si\u0119 z nasz\u0105 ofert\u0105 <a href=\"https:\/\/iguanasmoke.com\/pl\/kategoria\/ekstrakty-cbd\/\"><span style=\"text-decoration: underline\"><strong>Ekstrakty CBD<\/strong><\/span><\/a> o <a href=\"https:\/\/iguanasmoke.com\/pl\/kategoria\/cbd-vaper-2\/naboje\/?filter_tipo-cartucho=cbd\"><span style=\"text-decoration: underline\"><strong>Wk\u0142ady CBD<\/strong>.<\/span><\/a> <\/span><span style=\"font-weight: 400\">Zapoznaj si\u0119 z nasz\u0105 ofert\u0105 i znajd\u017a swoje ulubione produkty ju\u017c teraz.<\/span><span style=\"font-weight: 400\">\u00a0<\/span><\/p>\n<p>Szybka dostawa, dok\u0142adna uwaga i sklep z dyskretnym i bezpiecznym opakowaniem, kt\u00f3ry idzie naprz\u00f3d, tylko po to, aby\u015b m\u00f3g\u0142 si\u0119 cieszy\u0107!<\/p>\n<h2><span style=\"color: #ffffff\">kupi\u0107 flore<\/span><\/h2>\n<h3><b>Iguana Smoke to zaufany internetowy sklep CBD<\/b><\/h3>\n<p><span style=\"font-weight: 400\">Przy<strong> Iguana Smoke<\/strong>, Wierzymy, \u017ce korzystanie z CBD powinno by\u0107 bezpiecznym i przyjemnym do\u015bwiadczeniem. W\u0142a\u015bnie dlatego mamy produkty takie jak wysokiej jako\u015bci ma\u0142e p\u0105ki CBD 25g, kt\u00f3re \u0142\u0105cz\u0105 si\u0119 z nowymi pokoleniami: lud\u017ami, kt\u00f3rzy szukaj\u0105 nieskomplikowanego wellness z autentycznymi i niezawodnymi markami.\u00a0<\/span><\/p>\n<p>Nasza misja jest jasna: dostarcza\u0107 najlepsze kannabinoidy w uczciwej cenie. Ponadto dajemy ci spok\u00f3j ducha, wiedz\u0105c, \u017ce wybierasz certyfikowany, skuteczny i legalny produkt 100%. Tw\u00f3j czas relaksu zaczyna si\u0119 z nami.<\/p>\n<p>Nadal masz w\u0105tpliwo\u015bci? Napisz do nas, a z przyjemno\u015bci\u0105 pomo\u017cemy Ci znale\u017a\u0107 odpowiedni produkt.<\/p>\n<p>&nbsp;<\/p>\n<p><em><span style=\"font-weight: 400\">*Uwaga: zgodnie z hiszpa\u0144skim prawem jest on przeznaczony do zbierania lub aromaterapii. <\/span><\/em><\/p>\n<p><em><span style=\"font-weight: 400\">**Wszystkie nasze produkty pochodz\u0105 z certyfikowanych konopi przemys\u0142owych. Zawieraj\u0105 mniej ni\u017c 0,3 THC i nie zawieraj\u0105 nielegalnych kannabinoid\u00f3w, takich jak HHC, HHC-P, THCP, THCP-O, H4CBD i tych zawartych w za\u0142\u0105czniku I do dekretu kr\u00f3lewskiego 2829\/1977, ani substancji kontrolowanych przez konwencje mi\u0119dzynarodowe.\u00a0\u00a0<\/span><\/em><\/p>","protected":false},"excerpt":{"rendered":"<p><span style=\"font-weight: 400\">Starannie dobrane, aby zaspokoi\u0107 aromatyczne potrzeby konsument\u00f3w Flores CBD.<\/span><\/p>\n<ul>\n<li>CBD: 15% \/ THC: &lt; 0,3%<\/li>\n<li>Ma\u0142e p\u0105ki (Mini Buds)<\/li>\n<li>Dominuj\u0105ca Sativa<\/li>\n<li>25g<\/li>\n<li>Silny aromat oleju nap\u0119dowego ze s\u0142odkimi nutami<\/li>\n<li>100% legalny w Europie<\/li>\n<li>Analiza jako\u015bci <a style=\"font-size: 16px;background-color: #ffffff\" href=\"https:\/\/iguanasmoke.com\/wp-content\/uploads\/2018\/02\/Flor-Sour-Tsunami.pdf\" target=\"_blank\" rel=\"noopener\">tutaj<\/a><\/li>\n<\/ul>","protected":false},"featured_media":36638,"comment_status":"open","ping_status":"closed","template":"","meta":{"_acf_changed":false,"site-sidebar-layout":"default","site-content-layout":"default","ast-site-content-layout":"default","site-content-style":"default","site-sidebar-style":"default","ast-global-header-display":"","ast-banner-title-visibility":"","ast-main-header-display":"","ast-hfb-above-header-display":"","ast-hfb-below-header-display":"","ast-hfb-mobile-header-display":"","site-post-title":"","ast-breadcrumbs-content":"","ast-featured-img":"","footer-sml-layout":"","theme-transparent-header-meta":"default","adv-header-id-meta":"","stick-header-meta":"","header-above-stick-meta":"","header-main-stick-meta":"","header-below-stick-meta":"","astra-migrate-meta-layouts":"set","ast-page-background-enabled":"default","ast-page-background-meta":{"desktop":{"background-color":"var(--ast-global-color-4)","background-image":"","background-repeat":"repeat","background-position":"center center","background-size":"auto","background-attachment":"scroll","background-type":"","background-media":"","overlay-type":"","overlay-color":"","overlay-opacity":"","overlay-gradient":""},"tablet":{"background-color":"","background-image":"","background-repeat":"repeat","background-position":"center center","background-size":"auto","background-attachment":"scroll","background-type":"","background-media":"","overlay-type":"","overlay-color":"","overlay-opacity":"","overlay-gradient":""},"mobile":{"background-color":"","background-image":"","background-repeat":"repeat","background-position":"center center","background-size":"auto","background-attachment":"scroll","background-type":"","background-media":"","overlay-type":"","overlay-color":"","overlay-opacity":"","overlay-gradient":""}},"ast-content-background-meta":{"desktop":{"background-color":"var(--ast-global-color-5)","background-image":"","background-repeat":"repeat","background-position":"center center","background-size":"auto","background-attachment":"scroll","background-type":"","background-media":"","overlay-type":"","overlay-color":"","overlay-opacity":"","overlay-gradient":""},"tablet":{"background-color":"var(--ast-global-color-5)","background-image":"","background-repeat":"repeat","background-position":"center center","background-size":"auto","background-attachment":"scroll","background-type":"","background-media":"","overlay-type":"","overlay-color":"","overlay-opacity":"","overlay-gradient":""},"mobile":{"background-color":"var(--ast-global-color-5)","background-image":"","background-repeat":"repeat","background-position":"center center","background-size":"auto","background-attachment":"scroll","background-type":"","background-media":"","overlay-type":"","overlay-color":"","overlay-opacity":"","overlay-gradient":""}}},"product_brand":[],"product_cat":[328,447],"product_tag":[],"class_list":{"0":"post-11680","1":"product","2":"type-product","3":"status-publish","4":"has-post-thumbnail","6":"product_cat-comprar-flores-de-cbd-y-cogollos-de-cbd","7":"product_cat-pop-corn-cbd-cogollos-pequenos-cbd-mini-buds-cbd","8":"desktop-align-center","9":"tablet-align-center","10":"mobile-align-center","12":"first","13":"instock","14":"taxable","15":"shipping-taxable","16":"purchasable","17":"product-type-simple"},"acf":[],"yoast_head":"<!-- This site is optimized with the Yoast SEO Premium plugin v27.3 (Yoast SEO v27.3) - https:\/\/yoast.com\/product\/yoast-seo-premium-wordpress\/ -->\n<title>Cogollos peque\u00f1os CBD 25g - Pop Corn CBD (Mini buds CBD) | Iguana Smoke<\/title>\n<meta name=\"description\" content=\"Lleva la experiencia CBD al siguiente nivel con los cogollos peque\u00f1os CBD 25g. Aprovecha esta oportunidad y compra ahora tu Pop Corn CBD (Mini Buds CBD)\" \/>\n<meta name=\"robots\" content=\"index, follow, max-snippet:-1, max-image-preview:large, max-video-preview:-1\" \/>\n<link rel=\"canonical\" href=\"https:\/\/iguanasmoke.com\/pl\/product-2\/kup-cbd-pop-corn-sour-tsunami-flower-25gr-cbd-male-paki\/\" \/>\n<meta property=\"og:locale\" content=\"pl_PL\" \/>\n<meta property=\"og:type\" content=\"article\" \/>\n<meta property=\"og:title\" content=\"Pop Corn - Cogollos peque\u00f1os CBD 25g\" \/>\n<meta property=\"og:description\" content=\"Seleccionados cuidadosamente para satisfacer las necesidades arom\u00e1ticas de los consumidores de Flores CBD.   CBD: 15% \/ THC: &lt; 0,3%  Cogollos peque\u00f1os (Mini Buds)  Dominante Sativa  25g  Aroma fuerte a combustible diesel, con tonos dulces  100% legal en Europa  An\u00e1lisis de calidad aqu\u00ed\" \/>\n<meta property=\"og:url\" content=\"https:\/\/iguanasmoke.com\/pl\/product-2\/kup-cbd-pop-corn-sour-tsunami-flower-25gr-cbd-male-paki\/\" \/>\n<meta property=\"og:site_name\" content=\"Iguana Smoke\" \/>\n<meta property=\"article:publisher\" content=\"https:\/\/www.facebook.com\/iguanasmoke\" \/>\n<meta property=\"article:modified_time\" content=\"2026-04-01T12:40:38+00:00\" \/>\n<meta property=\"og:image\" content=\"https:\/\/iguanasmoke.com\/wp-content\/uploads\/2022\/10\/Pop-Corn-25g-120x200-1.webp\" \/>\n\t<meta property=\"og:image:width\" content=\"1000\" \/>\n\t<meta property=\"og:image:height\" content=\"1000\" \/>\n\t<meta property=\"og:image:type\" content=\"image\/webp\" \/>\n<meta name=\"twitter:card\" content=\"summary_large_image\" \/>\n<meta name=\"twitter:label1\" content=\"Cena\" \/>\n\t<meta name=\"twitter:data1\" content=\"25,00&nbsp;&euro;\" \/>\n\t<meta name=\"twitter:label2\" content=\"Dost\u0119pno\u015b\u0107\" \/>\n\t<meta name=\"twitter:data2\" content=\"Dost\u0119pny\" \/>\n<meta property=\"product:brand\" content=\"simple\" \/>\n<meta property=\"product:price:amount\" content=\"25.00\" \/>\n<meta property=\"product:price:currency\" content=\"EUR\" \/>\n<meta property=\"og:availability\" content=\"instock\" \/>\n<meta property=\"product:availability\" content=\"instock\" \/>\n<meta property=\"product:retailer_item_id\" content=\"IS-POP-SOURT-25G\" \/>\n<meta property=\"product:condition\" content=\"new\" \/>\n<!-- \/ Yoast SEO Premium plugin. -->","yoast_head_json":{"title":"Ma\u0142e p\u0105ki CBD 25g - Pop Corn CBD (Mini p\u0105ki CBD) | Iguana Smoke","description":"Przenie\u015b do\u015bwiadczenie CBD na wy\u017cszy poziom dzi\u0119ki CBD Mini Buds 25g. Skorzystaj z okazji i kup sw\u00f3j Pop Corn CBD (Mini Buds CBD) ju\u017c teraz!","robots":{"index":"index","follow":"follow","max-snippet":"max-snippet:-1","max-image-preview":"max-image-preview:large","max-video-preview":"max-video-preview:-1"},"canonical":"https:\/\/iguanasmoke.com\/pl\/product-2\/kup-cbd-pop-corn-sour-tsunami-flower-25gr-cbd-male-paki\/","og_locale":"pl_PL","og_type":"article","og_title":"Pop Corn - Cogollos peque\u00f1os CBD 25g","og_description":"Seleccionados cuidadosamente para satisfacer las necesidades arom\u00e1ticas de los consumidores de Flores CBD.   CBD: 15% \/ THC: &lt; 0,3%  Cogollos peque\u00f1os (Mini Buds)  Dominante Sativa  25g  Aroma fuerte a combustible diesel, con tonos dulces  100% legal en Europa  An\u00e1lisis de calidad aqu\u00ed","og_url":"https:\/\/iguanasmoke.com\/pl\/product-2\/kup-cbd-pop-corn-sour-tsunami-flower-25gr-cbd-male-paki\/","og_site_name":"Iguana Smoke","article_publisher":"https:\/\/www.facebook.com\/iguanasmoke","article_modified_time":"2026-04-01T12:40:38+00:00","og_image":[{"width":1000,"height":1000,"url":"https:\/\/iguanasmoke.com\/wp-content\/uploads\/2022\/10\/Pop-Corn-25g-120x200-1.webp","type":"image\/webp"}],"twitter_card":"summary_large_image","twitter_misc":{"Cena":"25,00&nbsp;&euro;","Dost\u0119pno\u015b\u0107":"Dost\u0119pny"},"schema":{"@context":"https:\/\/schema.org","@graph":[{"@type":"WebPage","@id":"https:\/\/iguanasmoke.com\/producto\/comprar-flor-cbd-pop-corn-sour-tsunami-25gr-cogollos-pequenos-cbd\/","url":"https:\/\/iguanasmoke.com\/producto\/comprar-flor-cbd-pop-corn-sour-tsunami-25gr-cogollos-pequenos-cbd\/","name":"Ma\u0142e p\u0105ki CBD 25g - Pop Corn CBD (Mini p\u0105ki CBD) | Iguana Smoke","isPartOf":{"@id":"https:\/\/iguanasmoke.com\/#website"},"primaryImageOfPage":{"@id":"https:\/\/iguanasmoke.com\/producto\/comprar-flor-cbd-pop-corn-sour-tsunami-25gr-cogollos-pequenos-cbd\/#primaryimage"},"image":{"@id":"https:\/\/iguanasmoke.com\/producto\/comprar-flor-cbd-pop-corn-sour-tsunami-25gr-cogollos-pequenos-cbd\/#primaryimage"},"thumbnailUrl":"https:\/\/iguanasmoke.com\/wp-content\/uploads\/2022\/10\/Pop-Corn-25g-120x200-1.webp","datePublished":"2022-10-21T11:08:41+00:00","dateModified":"2026-04-01T12:40:38+00:00","description":"Przenie\u015b do\u015bwiadczenie CBD na wy\u017cszy poziom dzi\u0119ki CBD Mini Buds 25g. Skorzystaj z okazji i kup sw\u00f3j Pop Corn CBD (Mini Buds CBD) ju\u017c teraz!","breadcrumb":{"@id":"https:\/\/iguanasmoke.com\/producto\/comprar-flor-cbd-pop-corn-sour-tsunami-25gr-cogollos-pequenos-cbd\/#breadcrumb"},"inLanguage":"pl-PL","potentialAction":[{"@type":"ReadAction","target":["https:\/\/iguanasmoke.com\/producto\/comprar-flor-cbd-pop-corn-sour-tsunami-25gr-cogollos-pequenos-cbd\/"]}]},{"@type":"ImageObject","inLanguage":"pl-PL","@id":"https:\/\/iguanasmoke.com\/producto\/comprar-flor-cbd-pop-corn-sour-tsunami-25gr-cogollos-pequenos-cbd\/#primaryimage","url":"https:\/\/iguanasmoke.com\/wp-content\/uploads\/2022\/10\/Pop-Corn-25g-120x200-1.webp","contentUrl":"https:\/\/iguanasmoke.com\/wp-content\/uploads\/2022\/10\/Pop-Corn-25g-120x200-1.webp","width":1000,"height":1000,"caption":"Pop Corn CBD comprar floes cogollos maria legal online barato"},{"@type":"BreadcrumbList","@id":"https:\/\/iguanasmoke.com\/producto\/comprar-flor-cbd-pop-corn-sour-tsunami-25gr-cogollos-pequenos-cbd\/#breadcrumb","itemListElement":[{"@type":"ListItem","position":1,"name":"home","item":"https:\/\/iguanasmoke.com\/"},{"@type":"ListItem","position":2,"name":"Tienda","item":"https:\/\/iguanasmoke.com\/tienda\/"},{"@type":"ListItem","position":3,"name":"Flores de CBD","item":"https:\/\/iguanasmoke.com\/categoria\/comprar-flores-de-cbd-y-cogollos-de-cbd\/"},{"@type":"ListItem","position":4,"name":"Pop Corn &#8211; Cogollos peque\u00f1os CBD 25g"}]},{"@type":"WebSite","@id":"https:\/\/iguanasmoke.com\/#website","url":"https:\/\/iguanasmoke.com\/","name":"Iguana Smoke","description":"Kup CBD online w najlepszej cenie","publisher":{"@id":"https:\/\/iguanasmoke.com\/#organization"},"potentialAction":[{"@type":"SearchAction","target":{"@type":"EntryPoint","urlTemplate":"https:\/\/iguanasmoke.com\/?s={search_term_string}"},"query-input":{"@type":"PropertyValueSpecification","valueRequired":true,"valueName":"search_term_string"}}],"inLanguage":"pl-PL"},{"@type":"Organization","@id":"https:\/\/iguanasmoke.com\/#organization","name":"Iguana Smoke","url":"https:\/\/iguanasmoke.com\/","logo":{"@type":"ImageObject","inLanguage":"pl-PL","@id":"https:\/\/iguanasmoke.com\/#\/schema\/logo\/image\/","url":"https:\/\/iguanasmoke.com\/wp-content\/uploads\/2025\/01\/logoiguana-favi-1.png","contentUrl":"https:\/\/iguanasmoke.com\/wp-content\/uploads\/2025\/01\/logoiguana-favi-1.png","width":512,"height":512,"caption":"Iguana Smoke"},"image":{"@id":"https:\/\/iguanasmoke.com\/#\/schema\/logo\/image\/"},"sameAs":["https:\/\/www.facebook.com\/iguanasmoke","https:\/\/www.instagram.com\/iguanasmoke\/"]}]},"product_brand":"simple","product_price_amount":"25.00","product_price_currency":"EUR","og_availability":"instock","product_availability":"instock","product_retailer_item_id":"IS-POP-SOURT-25G","product_condition":"new"},"_links":{"self":[{"href":"https:\/\/iguanasmoke.com\/pl\/wp-json\/wp\/v2\/product\/11680","targetHints":{"allow":["GET"]}}],"collection":[{"href":"https:\/\/iguanasmoke.com\/pl\/wp-json\/wp\/v2\/product"}],"about":[{"href":"https:\/\/iguanasmoke.com\/pl\/wp-json\/wp\/v2\/types\/product"}],"replies":[{"embeddable":true,"href":"https:\/\/iguanasmoke.com\/pl\/wp-json\/wp\/v2\/comments?post=11680"}],"wp:featuredmedia":[{"embeddable":true,"href":"https:\/\/iguanasmoke.com\/pl\/wp-json\/wp\/v2\/media\/36638"}],"wp:attachment":[{"href":"https:\/\/iguanasmoke.com\/pl\/wp-json\/wp\/v2\/media?parent=11680"}],"wp:term":[{"taxonomy":"product_brand","embeddable":true,"href":"https:\/\/iguanasmoke.com\/pl\/wp-json\/wp\/v2\/product_brand?post=11680"},{"taxonomy":"product_cat","embeddable":true,"href":"https:\/\/iguanasmoke.com\/pl\/wp-json\/wp\/v2\/product_cat?post=11680"},{"taxonomy":"product_tag","embeddable":true,"href":"https:\/\/iguanasmoke.com\/pl\/wp-json\/wp\/v2\/product_tag?post=11680"}],"curies":[{"name":"wp","href":"https:\/\/api.w.org\/{rel}","templated":true}]}}