{"id":14036,"date":"2023-03-07T17:17:16","date_gmt":"2023-03-07T16:17:16","guid":{"rendered":"https:\/\/iguanasmoke.com\/?post_type=product&#038;p=14036"},"modified":"2026-03-15T22:37:34","modified_gmt":"2026-03-15T21:37:34","slug":"kup-kwiat-super-skunk-cbd-cbd-paki-online","status":"publish","type":"product","link":"https:\/\/iguanasmoke.com\/pl\/producto\/comprar-flor-super-skunk-cbd-cogollos-online\/","title":{"rendered":"Kwiat CBD Super Skunk"},"content":{"rendered":"<h1 data-start=\"1609\" data-end=\"1642\"><span style=\"font-weight: 400;\">Super Skunk CBD Flower: najbardziej \u015bmierdz\u0105cy w katalogu<\/span><\/h1>\n<p data-start=\"549\" data-end=\"976\"><span style=\"font-weight: 400;\">Je\u015bli chcesz kupi\u0107 kwiaty CBD online najwy\u017cszej jako\u015bci, to <strong>Flower CBD Super Skunk <\/strong>to wyj\u0105tkowy wyb\u00f3r w \u015bwiecie CBD. Ze wzgl\u0119du na sw\u00f3j profil aromatyczny i skuteczno\u015b\u0107, kwiat ten prezentuje si\u0119 jako bomba aromatyczna bez por\u00f3wnania: <strong>\u015bmierdz\u0105cy, lepki i absolutnie niezapomniany<\/strong>.\u00a0<\/span><\/p>\n<p data-start=\"549\" data-end=\"976\"><span style=\"font-weight: 400;\">Agresywny profil terpenowy i wyrafinowana genetyka sprawiaj\u0105, \u017ce jest to ulubiona odmiana dla tych, kt\u00f3rzy chc\u0105 kupi\u0107 kwiaty CBD online z prezencj\u0105, osobowo\u015bci\u0105 i legaln\u0105 moc\u0105.<\/span><\/p>\n<p data-start=\"549\" data-end=\"976\"><span style=\"font-weight: 400;\">Dzi\u0119ki jego <strong>Rolnictwo ekologiczne Szklarnia<\/strong>, Ten kwiat CBD oferuje <strong>wy\u017cszy poziom czysto\u015bci i zachowania terpen\u00f3w<\/strong>. W rezultacie ka\u017cdy p\u0105czek wyr\u00f3\u017cnia si\u0119 zar\u00f3wno wygl\u0105dem, jak i zapachem, idealnym dla tych, kt\u00f3rzy ceni\u0105 CBD w najlepszym wydaniu.<\/span><\/p>\n<p data-start=\"549\" data-end=\"976\"><span style=\"font-weight: 400;\"> Przy <strong>Iguana Smoke<\/strong>, starannie dobieramy ka\u017cd\u0105 parti\u0119, aby zaoferowa\u0107 Ci <strong>Skunk CBD <\/strong><\/span><span style=\"font-weight: 400;\"><b>niesamowity<\/b>, zaprojektowany dla prawdziwych koneser\u00f3w kwiat\u00f3w i kannabidiolu.<\/span><\/p>\n<h2 data-start=\"487\" data-end=\"557\"><\/h2>\n<p>&nbsp;<\/p>\n<h2><strong>Jak wygl\u0105da kwiat CBD Skunk?<\/strong><\/h2>\n<p><span style=\"font-weight: 400;\">Ten kwiat CBD jest idealny dla tych, kt\u00f3rzy chc\u0105 cieszy\u0107 si\u0119 CBD i chc\u0105 intensywnych dozna\u0144, bogatych w aromaty i o niesamowitej wizualnej prezencji.\u00a0<\/span><\/p>\n<ul>\n<li><span style=\"font-weight: 400;\"><strong>Typ i procent CBD:<\/strong> Kwiat ten jest hybryd\u0105 z dominacj\u0105 Indica i zawiera 15% CBD.<\/span><\/li>\n<li><span style=\"font-weight: 400;\"><strong>Wygl\u0105d<\/strong>p\u0105ki <strong>g\u0119sty<\/strong>, pokryte b\u0142yszcz\u0105c\u0105 \u017cywic\u0105 i z ciemnopomara\u0144czowymi s\u0142upkami.\u00a0<\/span><\/li>\n<li><span style=\"font-weight: 400;\"><strong>Aromat<\/strong>: intensywny i przenikliwy: wybuchowa mieszanka<strong> s\u0142odkie nuty<\/strong>, amoniak, <strong>ziemisty i cytrusowy<\/strong>, niemo\u017cliwe do zignorowania.<\/span><\/li>\n<li><span style=\"font-weight: 400;\"><strong>Pochodzenie<\/strong>Bogate w CBD fenotypy Skunk s\u0105 starannie selekcjonowane. Jego pochodzenie jest wynikiem starannego procesu uprawy, zapewniaj\u0105cego wysok\u0105 jako\u015b\u0107 dla tych, kt\u00f3rzy chc\u0105 kupi\u0107 kwiat CBD.\u00a0<\/span><\/li>\n<\/ul>\n<p><span style=\"font-weight: 400;\">Je\u015bli jednak jeste\u015b naprawd\u0119 zainteresowany i chcesz dowiedzie\u0107 si\u0119 wi\u0119cej na temat r\u00f3\u017cnic mi\u0119dzy kwiatami Indica i Sativa, odwied\u017a nasz ostatni wpis na blogu: <\/span><a href=\"https:\/\/iguanasmoke.com\/pl\/roznice-indica-sativa-kwiaty-cbd\/\"><strong>Indica vs Sativa: czego nikt nie m\u00f3wi o konopiach indyjskich i kwiatach CBD.<\/strong><\/a><\/p>\n<p>&nbsp;<\/p>\n<h2><strong>Kr\u00f3tki przewodnik po wyborze odpowiednich p\u0105k\u00f3w CBD <\/strong><\/h2>\n<ul>\n<li><span style=\"font-weight: 400;\">Sprawd\u017a zawarto\u015b\u0107 CBD i THC. <\/span><\/li>\n<li><span style=\"font-weight: 400;\">Wybieranie niezawodnych i przejrzystych marek <\/span><\/li>\n<li><span style=\"font-weight: 400;\">Sprawd\u017a certyfikaty i kontrole jako\u015bci <\/span><\/li>\n<li><span style=\"font-weight: 400;\">Zobacz prawdziwe opinie klient\u00f3w <\/span><\/li>\n<\/ul>\n<p><span style=\"font-weight: 400;\">Przy <strong>Iguana Smoke<\/strong>, Nasza spo\u0142eczno\u015b\u0107 jest najlepsz\u0105 gwarancj\u0105 zaufania.\u00a0<\/span><\/p>\n<p>&nbsp;<\/p>\n<h2 data-start=\"1548\" data-end=\"1601\">Dlaczego warto kupowa\u0107 kwiaty CBD od Iguana Smoke?<\/h2>\n<p data-start=\"2504\" data-end=\"2696\"><span style=\"font-weight: 400;\">Je\u015bli zastanawiasz si\u0119, gdzie kupi\u0107 kwiaty CBD online, w Iguana Smoke dajemy Ci kilka powod\u00f3w, aby zrobi\u0107 to z nami: <\/span><\/p>\n<ol>\n<li style=\"list-style-type: none;\">\n<ol>\n<li data-start=\"2504\" data-end=\"2696\"><span style=\"font-weight: 400;\">\u2705 <strong>Najwy\u017cszej jako\u015bci i ekonomiczne kwiaty CBD:<\/strong> Najwy\u017csza jako\u015b\u0107 w uczciwych cenach, od 2,20 \u20ac\/g<\/span><\/li>\n<li data-start=\"2504\" data-end=\"2696\"><span style=\"font-weight: 400;\">\u2705 <strong>Rolnictwo ekologiczne:<\/strong> bez pestycyd\u00f3w, bez chemikali\u00f3w, bez GMO<\/span><\/li>\n<li data-start=\"2504\" data-end=\"2696\"><span style=\"font-weight: 400;\">\u2705 <strong>Zawarto\u015b\u0107 THC &lt; 0,3%:<\/strong> legalny 100% w Hiszpanii i Europie<\/span><\/li>\n<li data-start=\"2504\" data-end=\"2696\"><span style=\"font-weight: 400;\">\u2705 <strong>Szybka i dyskretna dostawa:<\/strong> w ci\u0105gu 24\/48 godzin masz go w domu<\/span><\/li>\n<li data-start=\"2504\" data-end=\"2696\"><span style=\"font-weight: 400;\"> \u2705 <strong>Bezpieczna platforma p\u0142atno\u015bci<\/strong><\/span><\/li>\n<li data-start=\"2504\" data-end=\"2696\"><span style=\"font-weight: 400;\">\u2705 <strong>Eksperci w dziedzinie produkt\u00f3w CBD<\/strong>: <strong><a href=\"https:\/\/iguanasmoke.com\/pl\/kategoria\/hash-cbd\/\">\u017bywice<\/a><\/strong>, <a href=\"https:\/\/iguanasmoke.com\/pl\/kategoria\/olej-cbd\/\"><strong>Oleje<\/strong><\/a>, <a href=\"https:\/\/iguanasmoke.com\/pl\/kategoria\/pop-corn-cbd-cbd-male-paki-cbd-mini-paki-cbd\/\"><strong>Pop Corn<\/strong><\/a>, <a href=\"https:\/\/iguanasmoke.com\/pl\/kategoria\/ekstrakty-cbd\/\"><strong>Fragmenty<\/strong><\/a>, <a href=\"https:\/\/iguanasmoke.com\/pl\/kategoria\/cbd-vaper-2\/\"><strong>Vapers<\/strong> <\/a>i wiele wi\u0119cej<\/span><\/li>\n<\/ol>\n<\/li>\n<\/ol>\n<p><span style=\"font-weight: 400;\">Ponadto, wszystkie nasze kwiaty CBD s\u0105<strong> zatwierdzony przez UE<\/strong>, Gwarantujemy jego legalno\u015b\u0107 i bezpiecze\u0144stwo. Posiadamy<a href=\"https:\/\/iguanasmoke.com\/pl\/analityka\/\"><strong> raporty niezale\u017cnych laboratori\u00f3w<\/strong><\/a> w celu sprawdzenia ich jako\u015bci i identyfikowalno\u015bci. <\/span><\/p>\n<p><span style=\"font-weight: 400;\">Czy wypr\u00f3bowa\u0142e\u015b ju\u017c nasze <strong><a href=\"https:\/\/iguanasmoke.com\/pl\/product-2\/flower-cbd-amnesia-indoor\/\">Flower CBD Amnesia Indoor<\/a><\/strong>, <a style=\"font-weight: 400;\" href=\"https:\/\/iguanasmoke.com\/pl\/product-2\/kup-kwiat-ak-47-cbd-paki-online\/\"><strong>AK-47 <\/strong><\/a>y <a style=\"font-weight: 400;\" href=\"https:\/\/iguanasmoke.com\/pl\/product-2\/kupic-kwiat-goryla-klej-cbd-cbd-paki-online\/\"><strong>Klej Gorilla<\/strong><\/a>? Nie przegap <strong><a href=\"https:\/\/iguanasmoke.com\/pl\/kategoria\/kwiaty-cbd-2\/kwiaty-cbd-w-pomieszczeniach\/\">Kwiaty do wn\u0119trz bardziej premium<\/a> <\/strong>lub <a style=\"font-weight: 400;\" href=\"https:\/\/iguanasmoke.com\/pl\/kategoria\/pop-corn-cbd-cbd-male-paki-cbd-mini-paki-cbd\/\"><strong>Ma\u0142e p\u0105ki CBD - Pop Corn<\/strong><\/a> najbardziej znany na rynku.<\/span><\/p>\n<p>&nbsp;<\/p>\n<h3><b>Iguana Smoke to Tw\u00f3j internetowy sklep z CBD\u00a0<\/b><\/h3>\n<p><span style=\"font-weight: 400;\">Przy<strong> Iguana Smoke<\/strong>, Wierzymy, \u017ce korzystanie z CBD powinno by\u0107 bezpiecznym do\u015bwiadczeniem. W\u0142a\u015bnie dlatego oferujemy produkty takie jak ten <strong>Flower CBD Super Skunk<\/strong>, Marka \u0142\u0105czy si\u0119 z nowymi pokoleniami: lud\u017ami, kt\u00f3rzy szukaj\u0105 nieskomplikowanego wellness, z autentycznymi i niezawodnymi markami. <\/span><\/p>\n<p><span style=\"font-weight: 400;\">Nasza misja jest jasna:<strong> Dostarczamy to, co najlepsze w \u015bwiecie CBD w uczciwej cenie<\/strong>. Ponadto zapewniamy spok\u00f3j ducha, kt\u00f3ry wynika ze \u015bwiadomo\u015bci, \u017ce wybierasz <strong>certyfikowany, skuteczny i legalny produkt 100%<\/strong>. Zdecyduj si\u0119 na zakup CBD Flower ju\u017c dzi\u015b i przenie\u015b swoje doznania na inny poziom.\u00a0<\/span><\/p>\n<p>Nadal masz w\u0105tpliwo\u015bci? Napisz do nas, a z przyjemno\u015bci\u0105 pomo\u017cemy Ci znale\u017a\u0107 odpowiedni produkt.<\/p>\n<p>&nbsp;<\/p>\n<h6>\u2139\ufe0f<strong> Informacje prawne<\/strong><\/h6>\n<p><em><span style=\"font-weight: 400;\">*Produkt przeznaczony do kolekcjonowania lub aromaterapii, zgodnie z obowi\u0105zuj\u0105cymi w Hiszpanii przepisami. <\/span><\/em><\/p>\n<p><em><span style=\"font-weight: 400;\">**Pochodzi z certyfikowanych konopi przemys\u0142owych. Zawiera mniej ni\u017c 0,3 THC i nie zawiera nielegalnych kannabinoid\u00f3w, takich jak HHC, HHC-P, THCP, THCP-O, H4CBD lub substancji wymienionych w za\u0142\u0105czniku I do dekretu kr\u00f3lewskiego 2829\/1977, ani substancji kontrolowanych przez konwencje mi\u0119dzynarodowe.\u00a0\u00a0<\/span><\/em><\/p>\n<p>&nbsp;<\/p>\n<h3><strong>FAQS Super Skunk CBD Flower: <\/strong><\/h3>\n<h4><span style=\"font-weight: 400;\">Czy kwiat CBD wywo\u0142uje \u201chaj\u201d?\u00a0<\/span><\/h4>\n<p><span style=\"font-weight: 400;\"><strong>Nie<\/strong>, Kwiaty CBD nie wywo\u0142uj\u0105 efekt\u00f3w psychoaktywnych, wi\u0119c nie poczujesz tego, ale poczujesz efekty relaksuj\u0105ce.\u00a0<\/span><\/p>\n<h4><span style=\"font-weight: 400;\">Czy kupowanie CBD Flower w Hiszpanii jest legalne?\u00a0<\/span><\/h4>\n<p><span style=\"font-weight: 400;\"><strong>Tak<\/strong>, Kwiaty CBD<strong> mog\u0105 by\u0107 legalnie wprowadzane do obrotu w Hiszpanii<\/strong> pod warunkiem, \u017ce jest zgodny z przepisami europejskimi: zawiera mniej ni\u017c 0,3% THC oraz posiada niezale\u017cn\u0105 analiz\u0119 laboratoryjn\u0105 i identyfikowalno\u015b\u0107. <\/span><\/p>\n<h4><span style=\"font-weight: 400;\">Z jakiego rodzaju uprawy pochodzi ten kwiat CBD?\u00a0<\/span><\/h4>\n<p data-start=\"3103\" data-end=\"3345\"><span style=\"font-weight: 400;\">Ten kwiat CBD pochodzi z <strong>Uprawa szklarniowa<\/strong> (szklarnia) z certyfikatem ekologicznym. Jest r\u00f3wnie\u017c wolny od chemikali\u00f3w, a zatem przyjazny dla \u015brodowiska.<\/span><\/p>","protected":false},"excerpt":{"rendered":"<p><span style=\"font-size: 16px; font-weight: 400;\">Ten kwiat CBD wyr\u00f3\u017cnia si\u0119 intensywno\u015bci\u0105. Dzi\u0119ki genetyce odziedziczonej po legendarnej rodzinie Skunk:<\/span><\/p>\n<ul>\n<li><strong>CBD: 15%<\/strong><\/li>\n<li>THC: &lt;0,3%<\/li>\n<li>Hybryda z dominacj\u0105 Indica<\/li>\n<li>Mocny i lekko pikantny aromat z zio\u0142owymi i ziemistymi niuansami oraz odrobin\u0105 cytrus\u00f3w.<\/li>\n<li>100% legalny Hiszpania i Europa<\/li>\n<\/ul>\n<p><span style=\"font-weight: 400;\">Konsultacje<strong> <a href=\"https:\/\/iguanasmoke.com\/pl\/analityka\/\">analiza laboratoryjna.<\/a><\/strong><\/span><\/p>","protected":false},"featured_media":36657,"comment_status":"open","ping_status":"closed","template":"","meta":{"_acf_changed":false,"site-sidebar-layout":"default","site-content-layout":"default","ast-site-content-layout":"default","site-content-style":"default","site-sidebar-style":"default","ast-global-header-display":"","ast-banner-title-visibility":"","ast-main-header-display":"","ast-hfb-above-header-display":"","ast-hfb-below-header-display":"","ast-hfb-mobile-header-display":"","site-post-title":"","ast-breadcrumbs-content":"","ast-featured-img":"","footer-sml-layout":"","theme-transparent-header-meta":"default","adv-header-id-meta":"","stick-header-meta":"","header-above-stick-meta":"","header-main-stick-meta":"","header-below-stick-meta":"","astra-migrate-meta-layouts":"set","ast-page-background-enabled":"default","ast-page-background-meta":{"desktop":{"background-color":"var(--ast-global-color-4)","background-image":"","background-repeat":"repeat","background-position":"center center","background-size":"auto","background-attachment":"scroll","background-type":"","background-media":"","overlay-type":"","overlay-color":"","overlay-opacity":"","overlay-gradient":""},"tablet":{"background-color":"","background-image":"","background-repeat":"repeat","background-position":"center center","background-size":"auto","background-attachment":"scroll","background-type":"","background-media":"","overlay-type":"","overlay-color":"","overlay-opacity":"","overlay-gradient":""},"mobile":{"background-color":"","background-image":"","background-repeat":"repeat","background-position":"center center","background-size":"auto","background-attachment":"scroll","background-type":"","background-media":"","overlay-type":"","overlay-color":"","overlay-opacity":"","overlay-gradient":""}},"ast-content-background-meta":{"desktop":{"background-color":"var(--ast-global-color-5)","background-image":"","background-repeat":"repeat","background-position":"center center","background-size":"auto","background-attachment":"scroll","background-type":"","background-media":"","overlay-type":"","overlay-color":"","overlay-opacity":"","overlay-gradient":""},"tablet":{"background-color":"var(--ast-global-color-5)","background-image":"","background-repeat":"repeat","background-position":"center center","background-size":"auto","background-attachment":"scroll","background-type":"","background-media":"","overlay-type":"","overlay-color":"","overlay-opacity":"","overlay-gradient":""},"mobile":{"background-color":"var(--ast-global-color-5)","background-image":"","background-repeat":"repeat","background-position":"center center","background-size":"auto","background-attachment":"scroll","background-type":"","background-media":"","overlay-type":"","overlay-color":"","overlay-opacity":"","overlay-gradient":""}}},"product_brand":[],"product_cat":[598,328],"product_tag":[],"class_list":{"0":"post-14036","1":"product","2":"type-product","3":"status-publish","4":"has-post-thumbnail","6":"product_cat-flores-cbd-greenhouse","7":"product_cat-comprar-flores-de-cbd-y-cogollos-de-cbd","8":"desktop-align-center","9":"tablet-align-center","10":"mobile-align-center","12":"first","13":"instock","14":"featured","15":"taxable","16":"shipping-taxable","17":"purchasable","18":"product-type-variable"},"acf":[],"yoast_head":"<!-- This site is optimized with the Yoast SEO Premium plugin v27.3 (Yoast SEO v27.3) - https:\/\/yoast.com\/product\/yoast-seo-premium-wordpress\/ -->\n<title>Flor de CBD Super Skunk: Apestosamente deliciosa | Iguana Smoke<\/title>\n<meta name=\"description\" content=\"Descubre la Flor CBD Super Skunk en Iguana Smoke. Calidad premium y menos del 0,3% THC. Mejora tu bienestar al comprar flores CBD online.\" \/>\n<meta name=\"robots\" content=\"index, follow, max-snippet:-1, max-image-preview:large, max-video-preview:-1\" \/>\n<link rel=\"canonical\" href=\"https:\/\/iguanasmoke.com\/pl\/product-2\/kup-kwiat-super-skunk-cbd-cbd-paki-online\/\" \/>\n<meta property=\"og:locale\" content=\"pl_PL\" \/>\n<meta property=\"og:type\" content=\"article\" \/>\n<meta property=\"og:title\" content=\"Flor de CBD Super Skunk\" \/>\n<meta property=\"og:description\" content=\"Esta Flor CBD destaca por su intensidad. Con una gen\u00e9tica heredada de la m\u00edtica familia Skunk:   CBD: 15%  THC: &lt;0,3%  H\u00edbrida dominante \u00cdndica  Aroma fuerte y ligeramente picante, con matices herbales y terrosos con toque c\u00edtrico  100% legal Espa\u00f1a y Europa  Consulta el an\u00e1lisis de laboratorio.\" \/>\n<meta property=\"og:url\" content=\"https:\/\/iguanasmoke.com\/pl\/product-2\/kup-kwiat-super-skunk-cbd-cbd-paki-online\/\" \/>\n<meta property=\"og:site_name\" content=\"Iguana Smoke\" \/>\n<meta property=\"article:publisher\" content=\"https:\/\/www.facebook.com\/iguanasmoke\" \/>\n<meta property=\"article:modified_time\" content=\"2026-03-15T21:37:34+00:00\" \/>\n<meta property=\"og:image\" content=\"https:\/\/iguanasmoke.com\/wp-content\/uploads\/2023\/03\/Skunk-2.webp\" \/>\n\t<meta property=\"og:image:width\" content=\"1000\" \/>\n\t<meta property=\"og:image:height\" content=\"1000\" \/>\n\t<meta property=\"og:image:type\" content=\"image\/webp\" \/>\n<meta name=\"twitter:card\" content=\"summary_large_image\" \/>\n<meta name=\"twitter:label1\" content=\"Dost\u0119pno\u015b\u0107\" \/>\n\t<meta name=\"twitter:data1\" content=\"Dost\u0119pny\" \/>\n<meta property=\"product:brand\" content=\"variable\" \/>\n<meta property=\"og:availability\" content=\"instock\" \/>\n<meta property=\"product:availability\" content=\"instock\" \/>\n<meta property=\"product:condition\" content=\"new\" \/>\n<!-- \/ Yoast SEO Premium plugin. -->","yoast_head_json":{"title":"Kwiat Super Skunk CBD: \u015bmierdz\u0105co pyszny | Iguana Smoke","description":"Odkryj Super Skunk CBD Flower w Iguana Smoke. Jako\u015b\u0107 premium i mniej ni\u017c 0,3% THC. Popraw swoje samopoczucie, kupuj\u0105c kwiaty CBD online.","robots":{"index":"index","follow":"follow","max-snippet":"max-snippet:-1","max-image-preview":"max-image-preview:large","max-video-preview":"max-video-preview:-1"},"canonical":"https:\/\/iguanasmoke.com\/pl\/product-2\/kup-kwiat-super-skunk-cbd-cbd-paki-online\/","og_locale":"pl_PL","og_type":"article","og_title":"Flor de CBD Super Skunk","og_description":"Esta Flor CBD destaca por su intensidad. Con una gen\u00e9tica heredada de la m\u00edtica familia Skunk:   CBD: 15%  THC: &lt;0,3%  H\u00edbrida dominante \u00cdndica  Aroma fuerte y ligeramente picante, con matices herbales y terrosos con toque c\u00edtrico  100% legal Espa\u00f1a y Europa  Consulta el an\u00e1lisis de laboratorio.","og_url":"https:\/\/iguanasmoke.com\/pl\/product-2\/kup-kwiat-super-skunk-cbd-cbd-paki-online\/","og_site_name":"Iguana Smoke","article_publisher":"https:\/\/www.facebook.com\/iguanasmoke","article_modified_time":"2026-03-15T21:37:34+00:00","og_image":[{"width":1000,"height":1000,"url":"https:\/\/iguanasmoke.com\/wp-content\/uploads\/2023\/03\/Skunk-2.webp","type":"image\/webp"}],"twitter_card":"summary_large_image","twitter_misc":{"Dost\u0119pno\u015b\u0107":"Dost\u0119pny"},"schema":{"@context":"https:\/\/schema.org","@graph":[{"@type":"WebPage","@id":"https:\/\/iguanasmoke.com\/producto\/comprar-flor-super-skunk-cbd-cogollos-online\/","url":"https:\/\/iguanasmoke.com\/producto\/comprar-flor-super-skunk-cbd-cogollos-online\/","name":"Kwiat Super Skunk CBD: \u015bmierdz\u0105co pyszny | Iguana Smoke","isPartOf":{"@id":"https:\/\/iguanasmoke.com\/#website"},"primaryImageOfPage":{"@id":"https:\/\/iguanasmoke.com\/producto\/comprar-flor-super-skunk-cbd-cogollos-online\/#primaryimage"},"image":{"@id":"https:\/\/iguanasmoke.com\/producto\/comprar-flor-super-skunk-cbd-cogollos-online\/#primaryimage"},"thumbnailUrl":"https:\/\/iguanasmoke.com\/wp-content\/uploads\/2023\/03\/Skunk-2.webp","datePublished":"2023-03-07T16:17:16+00:00","dateModified":"2026-03-15T21:37:34+00:00","description":"Odkryj Super Skunk CBD Flower w Iguana Smoke. Jako\u015b\u0107 premium i mniej ni\u017c 0,3% THC. Popraw swoje samopoczucie, kupuj\u0105c kwiaty CBD online.","breadcrumb":{"@id":"https:\/\/iguanasmoke.com\/producto\/comprar-flor-super-skunk-cbd-cogollos-online\/#breadcrumb"},"inLanguage":"pl-PL","potentialAction":[{"@type":"ReadAction","target":["https:\/\/iguanasmoke.com\/producto\/comprar-flor-super-skunk-cbd-cogollos-online\/"]}]},{"@type":"ImageObject","inLanguage":"pl-PL","@id":"https:\/\/iguanasmoke.com\/producto\/comprar-flor-super-skunk-cbd-cogollos-online\/#primaryimage","url":"https:\/\/iguanasmoke.com\/wp-content\/uploads\/2023\/03\/Skunk-2.webp","contentUrl":"https:\/\/iguanasmoke.com\/wp-content\/uploads\/2023\/03\/Skunk-2.webp","width":1000,"height":1000,"caption":"flores cbd baratas iguana"},{"@type":"BreadcrumbList","@id":"https:\/\/iguanasmoke.com\/producto\/comprar-flor-super-skunk-cbd-cogollos-online\/#breadcrumb","itemListElement":[{"@type":"ListItem","position":1,"name":"home","item":"https:\/\/iguanasmoke.com\/"},{"@type":"ListItem","position":2,"name":"Tienda","item":"https:\/\/iguanasmoke.com\/tienda\/"},{"@type":"ListItem","position":3,"name":"Flores de CBD","item":"https:\/\/iguanasmoke.com\/categoria\/comprar-flores-de-cbd-y-cogollos-de-cbd\/"},{"@type":"ListItem","position":4,"name":"Flor de CBD Super Skunk"}]},{"@type":"WebSite","@id":"https:\/\/iguanasmoke.com\/#website","url":"https:\/\/iguanasmoke.com\/","name":"Iguana Smoke","description":"Kup CBD online w najlepszej cenie","publisher":{"@id":"https:\/\/iguanasmoke.com\/#organization"},"potentialAction":[{"@type":"SearchAction","target":{"@type":"EntryPoint","urlTemplate":"https:\/\/iguanasmoke.com\/?s={search_term_string}"},"query-input":{"@type":"PropertyValueSpecification","valueRequired":true,"valueName":"search_term_string"}}],"inLanguage":"pl-PL"},{"@type":"Organization","@id":"https:\/\/iguanasmoke.com\/#organization","name":"Iguana Smoke","url":"https:\/\/iguanasmoke.com\/","logo":{"@type":"ImageObject","inLanguage":"pl-PL","@id":"https:\/\/iguanasmoke.com\/#\/schema\/logo\/image\/","url":"https:\/\/iguanasmoke.com\/wp-content\/uploads\/2025\/01\/logoiguana-favi-1.png","contentUrl":"https:\/\/iguanasmoke.com\/wp-content\/uploads\/2025\/01\/logoiguana-favi-1.png","width":512,"height":512,"caption":"Iguana Smoke"},"image":{"@id":"https:\/\/iguanasmoke.com\/#\/schema\/logo\/image\/"},"sameAs":["https:\/\/www.facebook.com\/iguanasmoke","https:\/\/www.instagram.com\/iguanasmoke\/"]}]},"product_brand":"variable","og_availability":"instock","product_availability":"instock","product_condition":"new"},"_links":{"self":[{"href":"https:\/\/iguanasmoke.com\/pl\/wp-json\/wp\/v2\/product\/14036","targetHints":{"allow":["GET"]}}],"collection":[{"href":"https:\/\/iguanasmoke.com\/pl\/wp-json\/wp\/v2\/product"}],"about":[{"href":"https:\/\/iguanasmoke.com\/pl\/wp-json\/wp\/v2\/types\/product"}],"replies":[{"embeddable":true,"href":"https:\/\/iguanasmoke.com\/pl\/wp-json\/wp\/v2\/comments?post=14036"}],"wp:featuredmedia":[{"embeddable":true,"href":"https:\/\/iguanasmoke.com\/pl\/wp-json\/wp\/v2\/media\/36657"}],"wp:attachment":[{"href":"https:\/\/iguanasmoke.com\/pl\/wp-json\/wp\/v2\/media?parent=14036"}],"wp:term":[{"taxonomy":"product_brand","embeddable":true,"href":"https:\/\/iguanasmoke.com\/pl\/wp-json\/wp\/v2\/product_brand?post=14036"},{"taxonomy":"product_cat","embeddable":true,"href":"https:\/\/iguanasmoke.com\/pl\/wp-json\/wp\/v2\/product_cat?post=14036"},{"taxonomy":"product_tag","embeddable":true,"href":"https:\/\/iguanasmoke.com\/pl\/wp-json\/wp\/v2\/product_tag?post=14036"}],"curies":[{"name":"wp","href":"https:\/\/api.w.org\/{rel}","templated":true}]}}