{"id":15478,"date":"2023-04-15T13:18:45","date_gmt":"2023-04-15T11:18:45","guid":{"rendered":"https:\/\/iguanasmoke.com\/?post_type=product&#038;p=15478"},"modified":"2025-12-17T13:49:59","modified_gmt":"2025-12-17T12:49:59","slug":"popcorn-kwaskowa-fala-tsunami-cbd-3gr-prezent","status":"publish","type":"product","link":"https:\/\/iguanasmoke.com\/pl\/producto\/popcorn-sour-tsunami-cbd-3gr-regalo\/","title":{"rendered":"Popcorn Sour Tsunami CBD 3g Darmowy prezent"},"content":{"rendered":"<h3>Popcorn Sour Tsunami CBD<\/h3>\n<p>Popcorn Sour Tsunami CBD jest znany ze swojego charakterystycznego zapachu \u2013 s\u0142odkiego i paliwowo-dieslowego. Niekt\u00f3rzy mog\u0105 wyczu\u0107 nut\u0119 czekolady. Po wydechu mo\u017cna wyczu\u0107 gorzki lub kwa\u015bny zapach, st\u0105d jego nazwa. P\u0105ki s\u0105 zielone, niekt\u00f3re w ja\u015bniejszym odcieniu, inne w ciemniejszym, i zabarwione na fioletowo.<\/p>\n<p style=\"text-align: justify\">Kwiaty CBD Iguana Smoke s\u0105 zbierane w Hiszpanii w spos\u00f3b% w 100% organiczny, bez pestycyd\u00f3w i GMO.<\/p>\n<p style=\"text-align: justify\">Wszystkie kwiaty Iguana Smoke s\u0105 w 100% legalne, poniewa\u017c s\u0105 zbierane z ro\u015blin Cannabis Sativa zatwierdzonych przez Uni\u0119 Europejsk\u0105 i zawieraj\u0105 poni\u017cej 0,2% THC, dzi\u0119ki czemu nie maj\u0105 \u017cadnego dzia\u0142ania psychoaktywnego.<\/p>\n<h3>KUP KWIAITY CBD IGUANA SMOKE<\/h3>\n<p>Je\u015bli szukasz \u0142atwego i wygodnego sposobu na zakup kwiat\u00f3w CBD w Hiszpanii, nie ma lepszej opcji ni\u017c zakup online. Kupuj\u0105c kwiaty CBD online, masz dost\u0119p do szerokiej gamy wysokiej jako\u015bci produkt\u00f3w, nie wychodz\u0105c z domu.<\/p>\n<p>Rynek CBD znacz\u0105co rozr\u00f3s\u0142 si\u0119 w ostatnich latach, co oznacza, \u017ce konsumenci maj\u0105 wiele opcji do wyboru. Kupuj\u0105c kwiaty CBD online, mo\u017cesz \u0142atwo por\u00f3wna\u0107 r\u00f3\u017cne marki i produkty, aby znale\u017a\u0107 najlepsz\u0105 opcj\u0119 dla siebie.<\/p>\n<p>W Iguana Smoke staramy si\u0119 oferowa\u0107 najwy\u017csz\u0105 jako\u015b\u0107 wszystkich naszych produkt\u00f3w. Starannie wybieramy nasze kwiaty CBD, aby mie\u0107 pewno\u015b\u0107, \u017ce otrzymujesz tylko to, co najlepsze. Kup najlepsze kwiaty CBD w Hiszpanii w naszym sklepie internetowym i przekonaj si\u0119 sam o wspania\u0142ej jako\u015bci Iguana Smoke.<\/p>\n<h3>KONOPIE 100% EKOLOGICZNA, BEZ PESTYCYD\u00d3W I GMO<\/h3>\n<p>Las flores CBD de Iguana Smoke son cosechadas en Espa\u00f1a de manera sostenible, c\u00e1\u00f1amo 100% org\u00e1nico, sin pesticidas ni GMO. Todas las flores CBD de Iguana Smoke se extraen de plantas de Cannabis Sativa aprobadas por la Uni\u00f3n Europea. Contienen menos del 0,2% de THC por lo que no tienen ning\u00fan efecto psicoactivo y son 100% legales.<\/p>\n<h3>DLACZEGO IGUANA SMOKE?<\/h3>\n<p>Iguana Smoke to synonim jako\u015bci; atrakcyjna marka, kt\u00f3ra nawi\u0105zuje kontakt z nowymi pokoleniami konsument\u00f3w CBD poszukuj\u0105cych bezpiecznego, niezawodnego i przyst\u0119pnego cenowo produktu, posiadaj\u0105cego wszystkie cechy, aby z sukcesem pozycjonowa\u0107 si\u0119 na rozwijaj\u0105cym si\u0119 rynku CBD. W razie jakichkolwiek w\u0105tpliwo\u015bci skontaktuj si\u0119 z nami, a ch\u0119tnie Ci pomo\u017cemy.<\/p>\n<p>Kup kwiaty CBD w najlepszej cenie na naszej stronie i poznaj wszystkie nasze produkty pochodzenia konopnego, kt\u00f3re mamy dost\u0119pne dla Ciebie.<\/p>","protected":false},"excerpt":{"rendered":"<ul>\n<li>CBD: 15% \/ THC: &lt; 0,2%<\/li>\n<li>Ma\u0142e p\u0105ki<\/li>\n<li>Dominuj\u0105ca Sativa<\/li>\n<li>Silny aromat ze s\u0142odkimi nutami<\/li>\n<\/ul>\n<p>100% legalny w Europie<\/p>\n<p>Analiza jako\u015bci: kliknij <a href=\"https:\/\/iguanasmoke.com\/wp-content\/uploads\/2018\/02\/Flor-Sour-Tsunami.pdf\" target=\"_blank\" rel=\"noopener\">tutaj<\/a><\/p>\n<p>Popcorn Sour Tsunami CBD znana jest ze swojego charakterystycznego zapachu: s\u0142odkiego i przypominaj\u0105cego paliwo typu diesel. Niekt\u00f3rzy mog\u0105 wyczu\u0107 nuty czekolady.<\/p>","protected":false},"featured_media":15360,"comment_status":"open","ping_status":"closed","template":"","meta":{"_acf_changed":false,"site-sidebar-layout":"default","site-content-layout":"default","ast-site-content-layout":"default","site-content-style":"default","site-sidebar-style":"default","ast-global-header-display":"","ast-banner-title-visibility":"","ast-main-header-display":"","ast-hfb-above-header-display":"","ast-hfb-below-header-display":"","ast-hfb-mobile-header-display":"","site-post-title":"","ast-breadcrumbs-content":"","ast-featured-img":"","footer-sml-layout":"","theme-transparent-header-meta":"default","adv-header-id-meta":"","stick-header-meta":"","header-above-stick-meta":"","header-main-stick-meta":"","header-below-stick-meta":"","astra-migrate-meta-layouts":"set","ast-page-background-enabled":"default","ast-page-background-meta":{"desktop":{"background-color":"var(--ast-global-color-4)","background-image":"","background-repeat":"repeat","background-position":"center center","background-size":"auto","background-attachment":"scroll","background-type":"","background-media":"","overlay-type":"","overlay-color":"","overlay-opacity":"","overlay-gradient":""},"tablet":{"background-color":"","background-image":"","background-repeat":"repeat","background-position":"center center","background-size":"auto","background-attachment":"scroll","background-type":"","background-media":"","overlay-type":"","overlay-color":"","overlay-opacity":"","overlay-gradient":""},"mobile":{"background-color":"","background-image":"","background-repeat":"repeat","background-position":"center center","background-size":"auto","background-attachment":"scroll","background-type":"","background-media":"","overlay-type":"","overlay-color":"","overlay-opacity":"","overlay-gradient":""}},"ast-content-background-meta":{"desktop":{"background-color":"var(--ast-global-color-5)","background-image":"","background-repeat":"repeat","background-position":"center center","background-size":"auto","background-attachment":"scroll","background-type":"","background-media":"","overlay-type":"","overlay-color":"","overlay-opacity":"","overlay-gradient":""},"tablet":{"background-color":"var(--ast-global-color-5)","background-image":"","background-repeat":"repeat","background-position":"center center","background-size":"auto","background-attachment":"scroll","background-type":"","background-media":"","overlay-type":"","overlay-color":"","overlay-opacity":"","overlay-gradient":""},"mobile":{"background-color":"var(--ast-global-color-5)","background-image":"","background-repeat":"repeat","background-position":"center center","background-size":"auto","background-attachment":"scroll","background-type":"","background-media":"","overlay-type":"","overlay-color":"","overlay-opacity":"","overlay-gradient":""}}},"product_brand":[],"product_cat":[447,209],"product_tag":[],"class_list":{"0":"post-15478","1":"product","2":"type-product","3":"status-publish","4":"has-post-thumbnail","6":"product_cat-pop-corn-cbd-cogollos-pequenos-cbd-mini-buds-cbd","7":"product_cat-uncategorized","8":"desktop-align-center","9":"tablet-align-center","10":"mobile-align-center","12":"first","13":"outofstock","14":"taxable","15":"shipping-taxable","16":"purchasable","17":"product-type-simple"},"acf":[],"yoast_head":"<!-- This site is optimized with the Yoast SEO Premium plugin v27.3 (Yoast SEO v27.3) - https:\/\/yoast.com\/product\/yoast-seo-premium-wordpress\/ -->\n<title>Popcorn Sour Tsunami CBD 3gr Regalo | Iguana Smoke<\/title>\n<meta name=\"description\" content=\"Compra flores Popcorn Sour Tsunami CBD al mejor precio y con una calidad inigualable en Iguana Smoke. Env\u00edo gratuito en Espa\u00f1a y Portugal a partir de 30\u20ac.\" \/>\n<meta name=\"robots\" content=\"index, follow, max-snippet:-1, max-image-preview:large, max-video-preview:-1\" \/>\n<link rel=\"canonical\" href=\"https:\/\/iguanasmoke.com\/pl\/product-2\/popcorn-kwaskowa-fala-tsunami-cbd-3gr-prezent\/\" \/>\n<meta property=\"og:locale\" content=\"pl_PL\" \/>\n<meta property=\"og:type\" content=\"article\" \/>\n<meta property=\"og:title\" content=\"Popcorn Sour Tsunami CBD 3gr Regalo\" \/>\n<meta property=\"og:description\" content=\"CBD: 15% \/ THC: &lt; 0,2%  Cogollos peque\u00f1os  Dominante Sativa  Aroma fuerte con tonos dulces  100% legal en Europa  An\u00e1lisis de calidad: pincha aqu\u00ed  Popcorn Sour Tsunami CBD es conocida por su olor distintivo: dulce y a combustible diesel. Algunos pueden notar un aroma a chocolate.\" \/>\n<meta property=\"og:url\" content=\"https:\/\/iguanasmoke.com\/pl\/product-2\/popcorn-kwaskowa-fala-tsunami-cbd-3gr-prezent\/\" \/>\n<meta property=\"og:site_name\" content=\"Iguana Smoke\" \/>\n<meta property=\"article:publisher\" content=\"https:\/\/www.facebook.com\/iguanasmoke\" \/>\n<meta property=\"article:modified_time\" content=\"2025-12-17T12:49:59+00:00\" \/>\n<meta property=\"og:image\" content=\"https:\/\/i0.wp.com\/iguanasmoke.com\/wp-content\/uploads\/2022\/09\/Pop-con-mockup.webp?fit=500%2C500&ssl=1\" \/>\n\t<meta property=\"og:image:width\" content=\"500\" \/>\n\t<meta property=\"og:image:height\" content=\"500\" \/>\n\t<meta property=\"og:image:type\" content=\"image\/webp\" \/>\n<meta name=\"twitter:card\" content=\"summary_large_image\" \/>\n<meta name=\"twitter:label1\" content=\"Cena\" \/>\n\t<meta name=\"twitter:data1\" content=\"5,00&nbsp;&euro;\" \/>\n\t<meta name=\"twitter:label2\" content=\"Dost\u0119pno\u015b\u0107\" \/>\n\t<meta name=\"twitter:data2\" content=\"Brak w magazynie\" \/>\n<meta property=\"product:brand\" content=\"simple\" \/>\n<meta property=\"product:price:amount\" content=\"5.00\" \/>\n<meta property=\"product:price:currency\" content=\"EUR\" \/>\n<meta property=\"og:availability\" content=\"out of stock\" \/>\n<meta property=\"product:availability\" content=\"out of stock\" \/>\n<meta property=\"product:retailer_item_id\" content=\"IS-POP-SOURT-3G-1\" \/>\n<meta property=\"product:condition\" content=\"new\" \/>\n<!-- \/ Yoast SEO Premium plugin. -->","yoast_head_json":{"title":"Popcorn Sour Tsunami CBD 3gr Regalo | Iguana Smoke","description":"Kup kwiaty Popcorn Sour Tsunami CBD w najlepszej cenie i niezr\u00f3wnanej jako\u015bci w Iguana Smoke. Darmowa wysy\u0142ka do Hiszpanii i Portugalii powy\u017cej 30 \u20ac.","robots":{"index":"index","follow":"follow","max-snippet":"max-snippet:-1","max-image-preview":"max-image-preview:large","max-video-preview":"max-video-preview:-1"},"canonical":"https:\/\/iguanasmoke.com\/pl\/product-2\/popcorn-kwaskowa-fala-tsunami-cbd-3gr-prezent\/","og_locale":"pl_PL","og_type":"article","og_title":"Popcorn Sour Tsunami CBD 3gr Regalo","og_description":"CBD: 15% \/ THC: &lt; 0,2%  Cogollos peque\u00f1os  Dominante Sativa  Aroma fuerte con tonos dulces  100% legal en Europa  An\u00e1lisis de calidad: pincha aqu\u00ed  Popcorn Sour Tsunami CBD es conocida por su olor distintivo: dulce y a combustible diesel. Algunos pueden notar un aroma a chocolate.","og_url":"https:\/\/iguanasmoke.com\/pl\/product-2\/popcorn-kwaskowa-fala-tsunami-cbd-3gr-prezent\/","og_site_name":"Iguana Smoke","article_publisher":"https:\/\/www.facebook.com\/iguanasmoke","article_modified_time":"2025-12-17T12:49:59+00:00","og_image":[{"width":500,"height":500,"url":"https:\/\/i0.wp.com\/iguanasmoke.com\/wp-content\/uploads\/2022\/09\/Pop-con-mockup.webp?fit=500%2C500&ssl=1","type":"image\/webp"}],"twitter_card":"summary_large_image","twitter_misc":{"Cena":"5,00&nbsp;&euro;","Dost\u0119pno\u015b\u0107":"Brak w magazynie"},"schema":{"@context":"https:\/\/schema.org","@graph":[{"@type":"WebPage","@id":"https:\/\/iguanasmoke.com\/producto\/popcorn-sour-tsunami-cbd-3gr-regalo\/","url":"https:\/\/iguanasmoke.com\/producto\/popcorn-sour-tsunami-cbd-3gr-regalo\/","name":"Popcorn Sour Tsunami CBD 3gr Regalo | Iguana Smoke","isPartOf":{"@id":"https:\/\/iguanasmoke.com\/#website"},"primaryImageOfPage":{"@id":"https:\/\/iguanasmoke.com\/producto\/popcorn-sour-tsunami-cbd-3gr-regalo\/#primaryimage"},"image":{"@id":"https:\/\/iguanasmoke.com\/producto\/popcorn-sour-tsunami-cbd-3gr-regalo\/#primaryimage"},"thumbnailUrl":"https:\/\/iguanasmoke.com\/wp-content\/uploads\/2022\/09\/Pop-con-mockup.webp","datePublished":"2023-04-15T11:18:45+00:00","dateModified":"2025-12-17T12:49:59+00:00","description":"Kup kwiaty Popcorn Sour Tsunami CBD w najlepszej cenie i niezr\u00f3wnanej jako\u015bci w Iguana Smoke. Darmowa wysy\u0142ka do Hiszpanii i Portugalii powy\u017cej 30 \u20ac.","breadcrumb":{"@id":"https:\/\/iguanasmoke.com\/producto\/popcorn-sour-tsunami-cbd-3gr-regalo\/#breadcrumb"},"inLanguage":"pl-PL","potentialAction":[{"@type":"ReadAction","target":["https:\/\/iguanasmoke.com\/producto\/popcorn-sour-tsunami-cbd-3gr-regalo\/"]}]},{"@type":"ImageObject","inLanguage":"pl-PL","@id":"https:\/\/iguanasmoke.com\/producto\/popcorn-sour-tsunami-cbd-3gr-regalo\/#primaryimage","url":"https:\/\/iguanasmoke.com\/wp-content\/uploads\/2022\/09\/Pop-con-mockup.webp","contentUrl":"https:\/\/iguanasmoke.com\/wp-content\/uploads\/2022\/09\/Pop-con-mockup.webp","width":500,"height":500,"caption":"Pop Corn Sour Tsunami CBD comprar flores cogollos maria legal online barato"},{"@type":"BreadcrumbList","@id":"https:\/\/iguanasmoke.com\/producto\/popcorn-sour-tsunami-cbd-3gr-regalo\/#breadcrumb","itemListElement":[{"@type":"ListItem","position":1,"name":"home","item":"https:\/\/iguanasmoke.com\/"},{"@type":"ListItem","position":2,"name":"Tienda","item":"https:\/\/iguanasmoke.com\/tienda\/"},{"@type":"ListItem","position":3,"name":"Uncategorized","item":"https:\/\/iguanasmoke.com\/categoria\/uncategorized\/"},{"@type":"ListItem","position":4,"name":"Popcorn Sour Tsunami CBD 3gr Regalo"}]},{"@type":"WebSite","@id":"https:\/\/iguanasmoke.com\/#website","url":"https:\/\/iguanasmoke.com\/","name":"Iguana Smoke","description":"Kup CBD online w najlepszej cenie","publisher":{"@id":"https:\/\/iguanasmoke.com\/#organization"},"potentialAction":[{"@type":"SearchAction","target":{"@type":"EntryPoint","urlTemplate":"https:\/\/iguanasmoke.com\/?s={search_term_string}"},"query-input":{"@type":"PropertyValueSpecification","valueRequired":true,"valueName":"search_term_string"}}],"inLanguage":"pl-PL"},{"@type":"Organization","@id":"https:\/\/iguanasmoke.com\/#organization","name":"Iguana Smoke","url":"https:\/\/iguanasmoke.com\/","logo":{"@type":"ImageObject","inLanguage":"pl-PL","@id":"https:\/\/iguanasmoke.com\/#\/schema\/logo\/image\/","url":"https:\/\/iguanasmoke.com\/wp-content\/uploads\/2025\/01\/logoiguana-favi-1.png","contentUrl":"https:\/\/iguanasmoke.com\/wp-content\/uploads\/2025\/01\/logoiguana-favi-1.png","width":512,"height":512,"caption":"Iguana Smoke"},"image":{"@id":"https:\/\/iguanasmoke.com\/#\/schema\/logo\/image\/"},"sameAs":["https:\/\/www.facebook.com\/iguanasmoke","https:\/\/www.instagram.com\/iguanasmoke\/"]}]},"product_brand":"simple","product_price_amount":"5.00","product_price_currency":"EUR","og_availability":"out of stock","product_availability":"out of stock","product_retailer_item_id":"IS-POP-SOURT-3G-1","product_condition":"new"},"_links":{"self":[{"href":"https:\/\/iguanasmoke.com\/pl\/wp-json\/wp\/v2\/product\/15478","targetHints":{"allow":["GET"]}}],"collection":[{"href":"https:\/\/iguanasmoke.com\/pl\/wp-json\/wp\/v2\/product"}],"about":[{"href":"https:\/\/iguanasmoke.com\/pl\/wp-json\/wp\/v2\/types\/product"}],"replies":[{"embeddable":true,"href":"https:\/\/iguanasmoke.com\/pl\/wp-json\/wp\/v2\/comments?post=15478"}],"wp:featuredmedia":[{"embeddable":true,"href":"https:\/\/iguanasmoke.com\/pl\/wp-json\/wp\/v2\/media\/15360"}],"wp:attachment":[{"href":"https:\/\/iguanasmoke.com\/pl\/wp-json\/wp\/v2\/media?parent=15478"}],"wp:term":[{"taxonomy":"product_brand","embeddable":true,"href":"https:\/\/iguanasmoke.com\/pl\/wp-json\/wp\/v2\/product_brand?post=15478"},{"taxonomy":"product_cat","embeddable":true,"href":"https:\/\/iguanasmoke.com\/pl\/wp-json\/wp\/v2\/product_cat?post=15478"},{"taxonomy":"product_tag","embeddable":true,"href":"https:\/\/iguanasmoke.com\/pl\/wp-json\/wp\/v2\/product_tag?post=15478"}],"curies":[{"name":"wp","href":"https:\/\/api.w.org\/{rel}","templated":true}]}}