{"id":16976,"date":"2023-06-13T14:25:40","date_gmt":"2023-06-13T12:25:40","guid":{"rendered":"https:\/\/iguanasmoke.com\/?post_type=product&#038;p=16976"},"modified":"2026-03-26T11:49:54","modified_gmt":"2026-03-26T10:49:54","slug":"biodegradowalny-ekologiczny-mlynek-do-dymu-iguana","status":"publish","type":"product","link":"https:\/\/iguanasmoke.com\/pl\/producto\/grinder-biodegradable-ecologico-iguana-smoke\/","title":{"rendered":"Ekologiczny biodegradowalny m\u0142ynek Iguana Smoke"},"content":{"rendered":"<h1><span style=\"font-weight: 400\">Ekologiczny biodegradowalny m\u0142ynek Iguana Smoke\u00a0<\/span><\/h1>\n<p><span style=\"font-weight: 400\">Odkryj <strong>Ekologiczny biodegradowalny m\u0142ynek Iguana Smoke<\/strong>, Idealny wyb\u00f3r dla tych, kt\u00f3rzy szukaj\u0105 r\u00f3wnowagi mi\u0119dzy <strong>Wydajno\u015b\u0107, konstrukcja i przyjazno\u015b\u0107 dla \u015brodowiska<\/strong>. Ten m\u0142ynek zosta\u0142 opracowany z wysokiej jako\u015bci biodegradowalnych materia\u0142\u00f3w, zaprojektowanych w celu zmniejszenia wp\u0142ywu na \u015brodowisko bez po\u015bwi\u0119cania wydajnego i wygodnego mielenia. <\/span><\/p>\n<p><span style=\"font-weight: 400\">Jego lekka i wytrzyma\u0142a konstrukcja zapewnia <strong>szlifowanie jednorodne<\/strong>, M\u0142ynek jest \u0142atwy w u\u017cyciu ka\u017cdego dnia, zar\u00f3wno w domu, jak i w podr\u00f3\u017cy. Dzi\u0119ki dobrze zdefiniowanym z\u0105bkom m\u0142ynek pozwala szybko i r\u00f3wnomiernie rozdrobni\u0107 zawarto\u015b\u0107, zwi\u0119kszaj\u0105c doznania przy ka\u017cdym u\u017cyciu. Ten przyjazny dla \u015brodowiska m\u0142ynek Iguana Smoke jest niezb\u0119dnym akcesorium dla ka\u017cdego \u015bwiadomego palacza. <\/span><\/p>\n<p><span style=\"font-weight: 400\">M\u0142ynek Iguana Smoke wyr\u00f3\u017cnia si\u0119 nie tylko funkcjonalno\u015bci\u0105, ale tak\u017ce nowoczesn\u0105 i kolorow\u0105 estetyk\u0105. Jest dost\u0119pny w 6 r\u00f3\u017cnych kolorach - czarnym, czerwonym, niebieskim, pomara\u0144czowym, \u017c\u00f3\u0142tym i zielonym - dzi\u0119ki czemu mo\u017cesz wybra\u0107 ten, kt\u00f3ry najlepiej pasuje do Twojego osobistego stylu. <\/span><\/p>\n<p><span style=\"font-weight: 400\">Zak\u0142ady na to <strong>Ekologiczny biodegradowalny m\u0142ynek Iguana Smoke\u00a0<\/strong>to prosty spos\u00f3b na bardziej odpowiedzialn\u0105 konsumpcj\u0119, wspieranie zr\u00f3wnowa\u017conych praktyk i przyczynianie si\u0119 do dbania o planet\u0119, bez po\u015bwi\u0119cania jako\u015bci lub wzornictwa. <\/span><\/p>\n<p><strong>Wybierz sw\u00f3j ulubiony kolor i do\u0142\u0105cz do zielonej zmiany z Iguana Smoke.\u00a0<\/strong><\/p>\n<h2><b>Gdzie kupi\u0107 online <span style=\"font-weight: 400\"><strong>Ekologiczny m\u0142ynek biodegradowalny<\/strong><\/span><\/b><b>?<\/b><\/h2>\n<p><span style=\"font-weight: 400\">Przy <strong>Iguana Smoke<\/strong>, Naszym priorytetem jest jako\u015b\u0107 i przejrzysto\u015b\u0107 ka\u017cdego produktu.\u00a0<\/span><span style=\"font-weight: 400\">To jest bezpieczne miejsce do <strong>kupi\u0107<\/strong> <strong>biodegradowalny m\u0142ynek online <\/strong>w Hiszpanii<strong>.<\/strong> Wszystkie nasze produkty s\u0105 zatwierdzone przez UE, co gwarantuje ich legalno\u015b\u0107 i bezpiecze\u0144stwo.\u00a0<\/span><\/p>\n<p><span style=\"font-weight: 400\">Jest to praktyczne akcesorium, kt\u00f3rego nie mo\u017cna przegapi\u0107 wraz ze swoim <strong><a href=\"https:\/\/iguanasmoke.com\/pl\/kategoria\/tace-na-kolkach\/\">tace na k\u00f3\u0142kach<\/a><\/strong>, aby wszystko by\u0142o gotowe. Odkryj tak\u017ce <\/span><span style=\"font-weight: 400\">inne <strong>TOP produkty<\/strong> jako <a href=\"https:\/\/iguanasmoke.com\/pl\/product-2\/comprar-flor-cbd-pop-corn-sour-tsunami-25gr-cogollos-online\/\">Pop Corn 25g. <\/a>Skorzystaj ju\u017c teraz z zakupu ekologicznego m\u0142ynka Iguana Smoke i uzupe\u0142nij swoje narz\u0119dzia do w\u0119dzenia. <\/span><\/p>\n<p><span style=\"font-weight: 400\">Mo\u017cesz r\u00f3wnie\u017c uzupe\u0142ni\u0107 zestaw o nasze<strong><a href=\"https:\/\/iguanasmoke.com\/pl\/kategoria\/bibulka\/\"> bibu\u0142ki konopne<\/a><\/strong> a b\u0119dziesz gotowy, aby zacz\u0105\u0107 cieszy\u0107 si\u0119 \u015bwiatem CBD. Poznaj nasz\u0105 ofert\u0119 i znajd\u017a sw\u00f3j ulubiony m\u0142ynek ju\u017c teraz.<\/span><span style=\"font-weight: 400\">\u00a0<\/span><\/p>\n<p>Szybka dostawa, dok\u0142adna uwaga i sklep z dyskretnym i bezpiecznym opakowaniem, kt\u00f3ry idzie naprz\u00f3d, tylko po to, aby\u015b m\u00f3g\u0142 si\u0119 cieszy\u0107!<\/p>\n<p>&nbsp;<\/p>\n<h3><b>Iguana Smoke to synonim jako\u015bci i niezawodno\u015bci.<\/b><\/h3>\n<p><span style=\"font-weight: 400\">W Iguana Smoke wierzymy, \u017ce korzystanie z CBD powinno by\u0107 bezpiecznym, dost\u0119pnym i przyjemnym do\u015bwiadczeniem. W\u0142a\u015bnie dlatego oferujemy wysokiej jako\u015bci produkty, w tym nasze biodegradowalne m\u0142ynki, kt\u00f3re \u0142\u0105cz\u0105 si\u0119 z nowymi pokoleniami: lud\u017ami poszukuj\u0105cymi nieskomplikowanego wellness z autentycznymi i niezawodnymi markami.\u00a0<\/span><\/p>\n<p>Innymi s\u0142owy, nasza misja jest jasna: dostarcza\u0107 najlepsze CBD w uczciwej cenie, ze spokojem ducha, kt\u00f3ry wynika ze \u015bwiadomo\u015bci, \u017ce wybierasz certyfikowany, skuteczny, legalny produkt z konopi i 100%. Jeste\u015bmy liderem w dziedzinie produkt\u00f3w CBD, w tym ekologicznego m\u0142ynka Iguana Smoke Grinder.<\/p>\n<p>Masz jakie\u015b pytania? Napisz do nas, a z przyjemno\u015bci\u0105 pomo\u017cemy Ci znale\u017a\u0107 odpowiedni produkt.<\/p>","protected":false},"excerpt":{"rendered":"<ul>\n<li>Wykonany z biodegradowalnego w\u0142\u00f3kna ro\u015blinnego zapewnia wydajne i przyjazne dla \u015brodowiska mielenie.<\/li>\n<li>Lekki, praktyczny i wytrzyma\u0142y<\/li>\n<li>Dost\u0119pne w 6 kolorach: czarnym, czerwonym, niebieskim, pomara\u0144czowym, czerwonym, \u017c\u00f3\u0142tym i zielonym.<\/li>\n<\/ul>","protected":false},"featured_media":17008,"comment_status":"open","ping_status":"closed","template":"","meta":{"_acf_changed":false,"site-sidebar-layout":"default","site-content-layout":"default","ast-site-content-layout":"default","site-content-style":"default","site-sidebar-style":"default","ast-global-header-display":"","ast-banner-title-visibility":"","ast-main-header-display":"","ast-hfb-above-header-display":"","ast-hfb-below-header-display":"","ast-hfb-mobile-header-display":"","site-post-title":"","ast-breadcrumbs-content":"","ast-featured-img":"","footer-sml-layout":"","theme-transparent-header-meta":"default","adv-header-id-meta":"","stick-header-meta":"","header-above-stick-meta":"","header-main-stick-meta":"","header-below-stick-meta":"","astra-migrate-meta-layouts":"set","ast-page-background-enabled":"default","ast-page-background-meta":{"desktop":{"background-color":"var(--ast-global-color-4)","background-image":"","background-repeat":"repeat","background-position":"center center","background-size":"auto","background-attachment":"scroll","background-type":"","background-media":"","overlay-type":"","overlay-color":"","overlay-opacity":"","overlay-gradient":""},"tablet":{"background-color":"","background-image":"","background-repeat":"repeat","background-position":"center center","background-size":"auto","background-attachment":"scroll","background-type":"","background-media":"","overlay-type":"","overlay-color":"","overlay-opacity":"","overlay-gradient":""},"mobile":{"background-color":"","background-image":"","background-repeat":"repeat","background-position":"center center","background-size":"auto","background-attachment":"scroll","background-type":"","background-media":"","overlay-type":"","overlay-color":"","overlay-opacity":"","overlay-gradient":""}},"ast-content-background-meta":{"desktop":{"background-color":"var(--ast-global-color-5)","background-image":"","background-repeat":"repeat","background-position":"center center","background-size":"auto","background-attachment":"scroll","background-type":"","background-media":"","overlay-type":"","overlay-color":"","overlay-opacity":"","overlay-gradient":""},"tablet":{"background-color":"var(--ast-global-color-5)","background-image":"","background-repeat":"repeat","background-position":"center center","background-size":"auto","background-attachment":"scroll","background-type":"","background-media":"","overlay-type":"","overlay-color":"","overlay-opacity":"","overlay-gradient":""},"mobile":{"background-color":"var(--ast-global-color-5)","background-image":"","background-repeat":"repeat","background-position":"center center","background-size":"auto","background-attachment":"scroll","background-type":"","background-media":"","overlay-type":"","overlay-color":"","overlay-opacity":"","overlay-gradient":""}}},"product_brand":[],"product_cat":[439,436,405],"product_tag":[],"class_list":{"0":"post-16976","1":"product","2":"type-product","3":"status-publish","4":"has-post-thumbnail","6":"product_cat-grinders","7":"product_cat-merchandise-de-iguana-smoke","8":"product_cat-ropa-y-accesorios","9":"desktop-align-center","10":"tablet-align-center","11":"mobile-align-center","13":"first","14":"outofstock","15":"taxable","16":"shipping-taxable","17":"purchasable","18":"product-type-variable"},"acf":[],"yoast_head":"<!-- This site is optimized with the Yoast SEO Premium plugin v27.3 (Yoast SEO v27.3) - https:\/\/yoast.com\/product\/yoast-seo-premium-wordpress\/ -->\n<title>Grinder Biodegradable Ecol\u00f3gico Iguana Smoke | Iguana Smoke<\/title>\n<meta name=\"description\" content=\"Compra el Grinder Biodegradable Ecol\u00f3gico Iguana Smoke al mejor precio. Fibra ecol\u00f3gica de calidad inigualable para una molienda perfecta.\" \/>\n<meta name=\"robots\" content=\"index, follow, max-snippet:-1, max-image-preview:large, max-video-preview:-1\" \/>\n<link rel=\"canonical\" href=\"https:\/\/iguanasmoke.com\/pl\/product-2\/biodegradowalny-ekologiczny-mlynek-do-dymu-iguana\/\" \/>\n<meta property=\"og:locale\" content=\"pl_PL\" \/>\n<meta property=\"og:type\" content=\"article\" \/>\n<meta property=\"og:title\" content=\"Grinder Biodegradable Ecol\u00f3gico Iguana Smoke\" \/>\n<meta property=\"og:description\" content=\"Fabricado con fibra vegetal biodegradable para una molienda eficaz y respetuosa con el medio ambiente.  Ligero, pr\u00e1ctico y resistente  Disponible en 6 colores: Negro, Rojo, Azul, Naranja, Amarillo y Verde\" \/>\n<meta property=\"og:url\" content=\"https:\/\/iguanasmoke.com\/pl\/product-2\/biodegradowalny-ekologiczny-mlynek-do-dymu-iguana\/\" \/>\n<meta property=\"og:site_name\" content=\"Iguana Smoke\" \/>\n<meta property=\"article:publisher\" content=\"https:\/\/www.facebook.com\/iguanasmoke\" \/>\n<meta property=\"article:modified_time\" content=\"2026-03-26T10:49:54+00:00\" \/>\n<meta property=\"og:image\" content=\"https:\/\/iguanasmoke.com\/wp-content\/uploads\/2023\/06\/ALL2.png\" \/>\n\t<meta property=\"og:image:width\" content=\"1000\" \/>\n\t<meta property=\"og:image:height\" content=\"1000\" \/>\n\t<meta property=\"og:image:type\" content=\"image\/png\" \/>\n<meta name=\"twitter:card\" content=\"summary_large_image\" \/>\n<meta name=\"twitter:label1\" content=\"Dost\u0119pno\u015b\u0107\" \/>\n\t<meta name=\"twitter:data1\" content=\"Brak w magazynie\" \/>\n<meta property=\"product:brand\" content=\"variable\" \/>\n<meta property=\"og:availability\" content=\"out of stock\" \/>\n<meta property=\"product:availability\" content=\"out of stock\" \/>\n<meta property=\"product:condition\" content=\"new\" \/>\n<!-- \/ Yoast SEO Premium plugin. -->","yoast_head_json":{"title":"Ekologiczny biodegradowalny m\u0142ynek Iguana Smoke | Iguana Smoke","description":"Kup Iguana Smoke Ecological Biodegradable Grinder w najlepszej cenie. Ekologiczne w\u0142\u00f3kno o niezr\u00f3wnanej jako\u015bci zapewnia doskona\u0142e mielenie.","robots":{"index":"index","follow":"follow","max-snippet":"max-snippet:-1","max-image-preview":"max-image-preview:large","max-video-preview":"max-video-preview:-1"},"canonical":"https:\/\/iguanasmoke.com\/pl\/product-2\/biodegradowalny-ekologiczny-mlynek-do-dymu-iguana\/","og_locale":"pl_PL","og_type":"article","og_title":"Grinder Biodegradable Ecol\u00f3gico Iguana Smoke","og_description":"Fabricado con fibra vegetal biodegradable para una molienda eficaz y respetuosa con el medio ambiente.  Ligero, pr\u00e1ctico y resistente  Disponible en 6 colores: Negro, Rojo, Azul, Naranja, Amarillo y Verde","og_url":"https:\/\/iguanasmoke.com\/pl\/product-2\/biodegradowalny-ekologiczny-mlynek-do-dymu-iguana\/","og_site_name":"Iguana Smoke","article_publisher":"https:\/\/www.facebook.com\/iguanasmoke","article_modified_time":"2026-03-26T10:49:54+00:00","og_image":[{"width":1000,"height":1000,"url":"https:\/\/iguanasmoke.com\/wp-content\/uploads\/2023\/06\/ALL2.png","type":"image\/png"}],"twitter_card":"summary_large_image","twitter_misc":{"Dost\u0119pno\u015b\u0107":"Brak w magazynie"},"schema":{"@context":"https:\/\/schema.org","@graph":[{"@type":"WebPage","@id":"https:\/\/iguanasmoke.com\/producto\/grinder-biodegradable-ecologico-iguana-smoke\/","url":"https:\/\/iguanasmoke.com\/producto\/grinder-biodegradable-ecologico-iguana-smoke\/","name":"Ekologiczny biodegradowalny m\u0142ynek Iguana Smoke | Iguana Smoke","isPartOf":{"@id":"https:\/\/iguanasmoke.com\/#website"},"primaryImageOfPage":{"@id":"https:\/\/iguanasmoke.com\/producto\/grinder-biodegradable-ecologico-iguana-smoke\/#primaryimage"},"image":{"@id":"https:\/\/iguanasmoke.com\/producto\/grinder-biodegradable-ecologico-iguana-smoke\/#primaryimage"},"thumbnailUrl":"https:\/\/iguanasmoke.com\/wp-content\/uploads\/2023\/06\/ALL2.png","datePublished":"2023-06-13T12:25:40+00:00","dateModified":"2026-03-26T10:49:54+00:00","description":"Kup Iguana Smoke Ecological Biodegradable Grinder w najlepszej cenie. Ekologiczne w\u0142\u00f3kno o niezr\u00f3wnanej jako\u015bci zapewnia doskona\u0142e mielenie.","breadcrumb":{"@id":"https:\/\/iguanasmoke.com\/producto\/grinder-biodegradable-ecologico-iguana-smoke\/#breadcrumb"},"inLanguage":"pl-PL","potentialAction":[{"@type":"ReadAction","target":["https:\/\/iguanasmoke.com\/producto\/grinder-biodegradable-ecologico-iguana-smoke\/"]}]},{"@type":"ImageObject","inLanguage":"pl-PL","@id":"https:\/\/iguanasmoke.com\/producto\/grinder-biodegradable-ecologico-iguana-smoke\/#primaryimage","url":"https:\/\/iguanasmoke.com\/wp-content\/uploads\/2023\/06\/ALL2.png","contentUrl":"https:\/\/iguanasmoke.com\/wp-content\/uploads\/2023\/06\/ALL2.png","width":1000,"height":1000,"caption":"grinder bio"},{"@type":"BreadcrumbList","@id":"https:\/\/iguanasmoke.com\/producto\/grinder-biodegradable-ecologico-iguana-smoke\/#breadcrumb","itemListElement":[{"@type":"ListItem","position":1,"name":"home","item":"https:\/\/iguanasmoke.com\/"},{"@type":"ListItem","position":2,"name":"Tienda","item":"https:\/\/iguanasmoke.com\/tienda\/"},{"@type":"ListItem","position":3,"name":"Grinders","item":"https:\/\/iguanasmoke.com\/categoria\/grinders\/"},{"@type":"ListItem","position":4,"name":"Grinder Biodegradable Ecol\u00f3gico Iguana Smoke"}]},{"@type":"WebSite","@id":"https:\/\/iguanasmoke.com\/#website","url":"https:\/\/iguanasmoke.com\/","name":"Iguana Smoke","description":"Kup CBD online w najlepszej cenie","publisher":{"@id":"https:\/\/iguanasmoke.com\/#organization"},"potentialAction":[{"@type":"SearchAction","target":{"@type":"EntryPoint","urlTemplate":"https:\/\/iguanasmoke.com\/?s={search_term_string}"},"query-input":{"@type":"PropertyValueSpecification","valueRequired":true,"valueName":"search_term_string"}}],"inLanguage":"pl-PL"},{"@type":"Organization","@id":"https:\/\/iguanasmoke.com\/#organization","name":"Iguana Smoke","url":"https:\/\/iguanasmoke.com\/","logo":{"@type":"ImageObject","inLanguage":"pl-PL","@id":"https:\/\/iguanasmoke.com\/#\/schema\/logo\/image\/","url":"https:\/\/iguanasmoke.com\/wp-content\/uploads\/2025\/01\/logoiguana-favi-1.png","contentUrl":"https:\/\/iguanasmoke.com\/wp-content\/uploads\/2025\/01\/logoiguana-favi-1.png","width":512,"height":512,"caption":"Iguana Smoke"},"image":{"@id":"https:\/\/iguanasmoke.com\/#\/schema\/logo\/image\/"},"sameAs":["https:\/\/www.facebook.com\/iguanasmoke","https:\/\/www.instagram.com\/iguanasmoke\/"]}]},"product_brand":"variable","og_availability":"out of stock","product_availability":"out of stock","product_condition":"new"},"_links":{"self":[{"href":"https:\/\/iguanasmoke.com\/pl\/wp-json\/wp\/v2\/product\/16976","targetHints":{"allow":["GET"]}}],"collection":[{"href":"https:\/\/iguanasmoke.com\/pl\/wp-json\/wp\/v2\/product"}],"about":[{"href":"https:\/\/iguanasmoke.com\/pl\/wp-json\/wp\/v2\/types\/product"}],"replies":[{"embeddable":true,"href":"https:\/\/iguanasmoke.com\/pl\/wp-json\/wp\/v2\/comments?post=16976"}],"wp:featuredmedia":[{"embeddable":true,"href":"https:\/\/iguanasmoke.com\/pl\/wp-json\/wp\/v2\/media\/17008"}],"wp:attachment":[{"href":"https:\/\/iguanasmoke.com\/pl\/wp-json\/wp\/v2\/media?parent=16976"}],"wp:term":[{"taxonomy":"product_brand","embeddable":true,"href":"https:\/\/iguanasmoke.com\/pl\/wp-json\/wp\/v2\/product_brand?post=16976"},{"taxonomy":"product_cat","embeddable":true,"href":"https:\/\/iguanasmoke.com\/pl\/wp-json\/wp\/v2\/product_cat?post=16976"},{"taxonomy":"product_tag","embeddable":true,"href":"https:\/\/iguanasmoke.com\/pl\/wp-json\/wp\/v2\/product_tag?post=16976"}],"curies":[{"name":"wp","href":"https:\/\/api.w.org\/{rel}","templated":true}]}}