{"id":17351,"date":"2023-06-25T22:31:29","date_gmt":"2023-06-25T20:31:29","guid":{"rendered":"https:\/\/iguanasmoke.com\/?post_type=product&#038;p=17351"},"modified":"2026-02-09T11:56:23","modified_gmt":"2026-02-09T10:56:23","slug":"iguana-box-pack-cbd-iguana-smoke","status":"publish","type":"product","link":"https:\/\/iguanasmoke.com\/pl\/producto\/iguana-box-pack-cbd-iguana-smoke\/","title":{"rendered":"Iguana Box Pack CBD Iguana Smoke"},"content":{"rendered":"<h1 data-start=\"1609\" data-end=\"1642\"><span style=\"font-weight: 400;\">Iguana Box Pack CBD Iguana Smoke<\/span><\/h1>\n<p data-start=\"273\" data-end=\"578\"><span style=\"font-weight: 400;\">Je\u015bli lubisz si\u0119 zmienia\u0107, odkrywa\u0107 nowe aromaty i cieszy\u0107 si\u0119 wysokiej jako\u015bci kwiatami CBD, to <strong>Iguana Box Pack CBD Iguana Smoke <\/strong>jest dla Ciebie. Stworzyli\u015bmy ten ekskluzywny pakiet, aby\u015b m\u00f3g\u0142 wypr\u00f3bowa\u0107 niekt\u00f3re z najpopularniejszych <strong>Najpopularniejsza i najbardziej po\u017c\u0105dana genetyka<\/strong>, Wszystkie starannie wyselekcjonowane i uprawiane zgodnie z europejskimi standardami.<\/span><\/p>\n<p data-start=\"273\" data-end=\"578\"><span style=\"font-weight: 400;\">Adem\u00e1s, esta Box viene cargadita de flores de CBD de 3g (<strong>10-15% CBD i mniej ni\u017c 0,3% THC<\/strong>), w pe\u0142ni<strong> legalne w Hiszpanii<\/strong>, idealny dla os\u00f3b poszukuj\u0105cych zr\u00f3wnowa\u017conych, aromatycznych dozna\u0144 bez efekt\u00f3w psychoaktywnych.<\/span><\/p>\n<h2 data-start=\"273\" data-end=\"578\"><\/h2>\n<p>&nbsp;<\/p>\n<h2 data-start=\"273\" data-end=\"578\"><strong>\u00bfQu\u00e9 incluye la Iguana Box Pack CBD Iguana Smoke? <\/strong><\/h2>\n<p data-start=\"273\" data-end=\"578\"><span style=\"font-weight: 400;\">En primer lugar, en este pack incluye 3 bolsas de 3 gramos de flores CBD de las siguientes variedades:<\/span><\/p>\n<ul>\n<li data-start=\"273\" data-end=\"578\"><span style=\"font-weight: 400;\"><a href=\"https:\/\/iguanasmoke.com\/pl\/product-2\/kup-paki-cbd-flower-shelby-online\/\"><strong>Shelby<\/strong><\/a>Elegancki i zr\u00f3wnowa\u017cony, idealny na ka\u017cd\u0105 por\u0119 dnia. <\/span><\/li>\n<li data-start=\"273\" data-end=\"578\"><span style=\"font-weight: 400;\"><a href=\"https:\/\/iguanasmoke.com\/pl\/product-2\/kup-amnezje-kwiatowa-cbd-cbd-paki-online\/\"><strong>Amnezja<\/strong><\/a>Niepowtarzalny, z silnymi nutami cytrusowymi i zio\u0142owymi.<\/span><\/li>\n<li data-start=\"273\" data-end=\"578\"><span style=\"font-weight: 400;\"><strong><a href=\"https:\/\/iguanasmoke.com\/pl\/product-2\/kupic-flower-alien-og-cbd-buds-online\/\">Alien OG<\/a>:<\/strong> Intensywny, ziemisty i nieco \u015bmierdz\u0105cy serem.<\/span><\/li>\n<\/ul>\n<p><span style=\"font-weight: 400;\">Adem\u00e1s, viene tambi\u00e9n con <strong>1 x <a href=\"https:\/\/iguanasmoke.com\/pl\/product-2\/kup-cbd-flower-sting-cbd-ready-to-roll-15gr\/\">Picadura de Flores CBD | Ready to Roll de 15g<\/a><\/strong> y <strong>1 x<\/strong>\u00a0<a href=\"https:\/\/iguanasmoke.com\/pl\/kategoria\/bibulka\/\"><strong>papel de liar de c\u00e1\u00f1amo de 1.1\/4 con filtros<\/strong><\/a>. <\/span><\/p>\n<p><span style=\"font-weight: 400;\">Por \u00faltimo, tu eliges c\u00f3mo disfrutarla, completa tu <strong>Iguana Box Pack CBD Iguana Smoke<\/strong> eligiendo entre los diferentes colores de nuestros<strong> <a href=\"https:\/\/iguanasmoke.com\/pl\/product-2\/biodegradowalny-ekologiczny-mlynek-do-dymu-iguana\/\">Grinders Bio<\/a>.<\/strong><\/span><\/p>\n<p data-start=\"273\" data-end=\"578\"><span style=\"font-weight: 400;\">Wszystko zaprojektowane tak, aby wystarczy\u0142o otworzy\u0107 pude\u0142ko i cieszy\u0107 si\u0119 zabaw\u0105.<\/span><\/p>\n<h3 data-start=\"273\" data-end=\"578\"><\/h3>\n<p>&nbsp;<\/p>\n<h2 data-start=\"273\" data-end=\"578\"><strong>\u00bfPor qu\u00e9 elegir la <\/strong><strong>Iguana Box Pack CBD Iguana Smoke<\/strong><strong>? <\/strong><\/h2>\n<ul>\n<li data-start=\"273\" data-end=\"578\"><span style=\"font-weight: 400;\">R\u00f3\u017cnorodny wyb\u00f3r wysokiej jako\u015bci kwiat\u00f3w CBD <\/span><\/li>\n<li data-start=\"273\" data-end=\"578\"><span style=\"font-weight: 400;\">Idealny do testowania kilku gen\u00f3w w jednym opakowaniu. <\/span><\/li>\n<li data-start=\"273\" data-end=\"578\"><span style=\"font-weight: 400;\">CBD mi\u0119dzy 10 a 15% i THC poni\u017cej 0,3% <\/span><\/li>\n<li data-start=\"273\" data-end=\"578\"><span style=\"font-weight: 400;\">Legalny, bezpieczny i przetestowany produkt <\/span><\/li>\n<li data-start=\"273\" data-end=\"578\"><span style=\"font-weight: 400;\">Idealny na prezent... lub jako prezent dla siebie. <\/span><\/li>\n<\/ul>\n<p><span style=\"font-weight: 400;\">The <strong>Iguana Box Pack CBD Iguana Smoke<\/strong>\u00a0To nie tylko opakowanie, to kompletne do\u015bwiadczenie dla tych, kt\u00f3rzy ceni\u0105 sobie wysokiej jako\u015bci CBD. Odkryj, por\u00f3wnaj i znajd\u017a sw\u00f3j ulubiony.<\/span><\/p>\n<p>&nbsp;<\/p>\n<h4 data-start=\"1671\" data-end=\"1708\">Wysy\u0142ka wliczona w cen\u0119, bez niespodzianek<\/h4>\n<p data-start=\"1710\" data-end=\"1839\">Cena zestawu Iguana Box obejmuje <strong data-start=\"1745\" data-end=\"1764\">koszty wysy\u0142ki<\/strong>, Oferujemy mo\u017cliwo\u015b\u0107 wygodnego odbioru paczki w domu, szybko i dyskretnie.<\/p>\n<h2 data-start=\"1710\" data-end=\"1839\"><\/h2>\n<p>&nbsp;<\/p>\n<h3><b>Iguana Smoke to Tw\u00f3j internetowy sklep z CBD\u00a0<\/b><\/h3>\n<p><span style=\"font-weight: 400;\">Przy<strong> Iguana Smoke<\/strong>, Wierzymy, \u017ce korzystanie z CBD powinno by\u0107 bezpiecznym do\u015bwiadczeniem. W\u0142a\u015bnie dlatego oferujemy produkty takie jak ten <strong>Iguana Box Pack CBD Iguana Smoke<\/strong>, Marka \u0142\u0105czy si\u0119 z nowymi pokoleniami: lud\u017ami, kt\u00f3rzy szukaj\u0105 nieskomplikowanego wellness, z autentycznymi i niezawodnymi markami.\u00a0<\/span><\/p>\n<p>Nasza misja jest jasna: dostarcza\u0107 najlepsze kannabinoidy w uczciwej cenie. Ponadto zapewniamy spok\u00f3j ducha, kt\u00f3ry wynika ze \u015bwiadomo\u015bci, \u017ce wybierasz certyfikowany, skuteczny i legalny produkt 100%. Tw\u00f3j czas relaksu zaczyna si\u0119 tutaj z naszymi kwiatami CBD.<\/p>\n<p>Nadal masz w\u0105tpliwo\u015bci? Napisz do nas, a z przyjemno\u015bci\u0105 pomo\u017cemy Ci znale\u017a\u0107 odpowiedni produkt.<\/p>\n<p>&nbsp;<\/p>\n<h6>\u2139\ufe0f<strong> Informacje prawne<\/strong><\/h6>\n<p><em><span style=\"font-weight: 400;\">*Produkt przeznaczony do kolekcjonowania lub aromaterapii, zgodnie z obowi\u0105zuj\u0105cymi w Hiszpanii przepisami. <\/span><\/em><\/p>\n<p><em><span style=\"font-weight: 400;\">**Pochodzi z certyfikowanych konopi przemys\u0142owych. Zawiera mniej ni\u017c 0,3 THC i nie zawiera nielegalnych kannabinoid\u00f3w, takich jak HHC, HHC-P, THCP, THCP-O, H4CBD lub substancji wymienionych w za\u0142\u0105czniku I do dekretu kr\u00f3lewskiego 2829\/1977, ani substancji kontrolowanych przez konwencje mi\u0119dzynarodowe.\u00a0\u00a0<\/span><\/em><\/p>","protected":false},"excerpt":{"rendered":"<p><span style=\"font-weight: 400;\">Prep\u00e1rate porque esta Iguana Box viene cargadita de flores de CBD (10-15%CBD y &lt;0,3%THC) de 3g:<\/span><\/p>\n<ul>\n<li>3 x bolsas de flores CBD 3g (Amnesia, Alien y Shelby)<\/li>\n<li>1 x Grinder Iguana Biodegradable a tu elecci\u00f3n<\/li>\n<li>1 x Papel de Liar de c\u00e1\u00f1amo 1. 1\/4 con filtros a tu elecci\u00f3n<\/li>\n<li><strong>1 x Picadura de Flores CBD | Ready to Roll de 15g<\/strong><\/li>\n<\/ul>\n<p>[Gastos de env\u00edo inclu\u00eddos]<\/p>\n<p><em><span style=\"font-weight: 400;\">Precio sin descuento: 67,50\u20ac | precio pack descuento: 39,90\u20ac =&gt; <strong>ahorro de 27,60\u20ac con un descuento del 41%<\/strong><\/span>\u00a0<\/em><\/p>\n<p><span style=\"font-weight: 400;\">Consulta<strong>\u00a0<a href=\"https:\/\/iguanasmoke.com\/analiticas\/\">el an\u00e1lisis de laboratorio.<\/a><\/strong><\/span><\/p>\n","protected":false},"featured_media":77331,"comment_status":"open","ping_status":"closed","template":"","meta":{"_acf_changed":false,"site-sidebar-layout":"default","site-content-layout":"default","ast-site-content-layout":"default","site-content-style":"default","site-sidebar-style":"default","ast-global-header-display":"","ast-banner-title-visibility":"","ast-main-header-display":"","ast-hfb-above-header-display":"","ast-hfb-below-header-display":"","ast-hfb-mobile-header-display":"","site-post-title":"","ast-breadcrumbs-content":"","ast-featured-img":"","footer-sml-layout":"","theme-transparent-header-meta":"default","adv-header-id-meta":"","stick-header-meta":"","header-above-stick-meta":"","header-main-stick-meta":"","header-below-stick-meta":"","astra-migrate-meta-layouts":"set","ast-page-background-enabled":"default","ast-page-background-meta":{"desktop":{"background-color":"var(--ast-global-color-4)","background-image":"","background-repeat":"repeat","background-position":"center center","background-size":"auto","background-attachment":"scroll","background-type":"","background-media":"","overlay-type":"","overlay-color":"","overlay-opacity":"","overlay-gradient":""},"tablet":{"background-color":"","background-image":"","background-repeat":"repeat","background-position":"center center","background-size":"auto","background-attachment":"scroll","background-type":"","background-media":"","overlay-type":"","overlay-color":"","overlay-opacity":"","overlay-gradient":""},"mobile":{"background-color":"","background-image":"","background-repeat":"repeat","background-position":"center center","background-size":"auto","background-attachment":"scroll","background-type":"","background-media":"","overlay-type":"","overlay-color":"","overlay-opacity":"","overlay-gradient":""}},"ast-content-background-meta":{"desktop":{"background-color":"var(--ast-global-color-5)","background-image":"","background-repeat":"repeat","background-position":"center center","background-size":"auto","background-attachment":"scroll","background-type":"","background-media":"","overlay-type":"","overlay-color":"","overlay-opacity":"","overlay-gradient":""},"tablet":{"background-color":"var(--ast-global-color-5)","background-image":"","background-repeat":"repeat","background-position":"center center","background-size":"auto","background-attachment":"scroll","background-type":"","background-media":"","overlay-type":"","overlay-color":"","overlay-opacity":"","overlay-gradient":""},"mobile":{"background-color":"var(--ast-global-color-5)","background-image":"","background-repeat":"repeat","background-position":"center center","background-size":"auto","background-attachment":"scroll","background-type":"","background-media":"","overlay-type":"","overlay-color":"","overlay-opacity":"","overlay-gradient":""}}},"product_brand":[],"product_cat":[349],"product_tag":[],"class_list":{"0":"post-17351","1":"product","2":"type-product","3":"status-publish","4":"has-post-thumbnail","6":"product_cat-packs-y-ofertas-cbd","7":"desktop-align-center","8":"tablet-align-center","9":"mobile-align-center","11":"first","12":"outofstock","13":"sale","14":"taxable","15":"shipping-taxable","16":"purchasable","17":"product-type-composite"},"acf":[],"yoast_head":"<!-- This site is optimized with the Yoast SEO Premium plugin v27.3 (Yoast SEO v27.3) - https:\/\/yoast.com\/product\/yoast-seo-premium-wordpress\/ -->\n<title>Iguana Box Pack CBD Iguana Smoke | Iguana Smoke<\/title>\n<meta name=\"description\" content=\"Compra el mejor CBD al mejor precio con nuestroa Iguana Box Pack CBD Iguana Smoke. Encuentra ofertas, descuentos y CBD barato en nuestra web.\" \/>\n<meta name=\"robots\" content=\"index, follow, max-snippet:-1, max-image-preview:large, max-video-preview:-1\" \/>\n<link rel=\"canonical\" href=\"https:\/\/iguanasmoke.com\/pl\/product-2\/iguana-box-pack-cbd-iguana-smoke\/\" \/>\n<meta property=\"og:locale\" content=\"pl_PL\" \/>\n<meta property=\"og:type\" content=\"article\" \/>\n<meta property=\"og:title\" content=\"Iguana Box Pack CBD Iguana Smoke\" \/>\n<meta property=\"og:description\" content=\"Prep\u00e1rate porque esta Iguana Box viene cargadita de flores de CBD (10-15%CBD y &lt;0,3%THC) de 3g:   3 x bolsas de flores CBD 3g (Amnesia, Alien y Shelby)  1 x Grinder Iguana Biodegradable a tu elecci\u00f3n  1 x Papel de Liar de c\u00e1\u00f1amo 1. 1\/4 con filtros a tu elecci\u00f3n  1 x Picadura de Flores CBD | Ready to Roll de 15g    Precio sin descuento: 67,50\u20ac | precio pack descuento: 39,90\u20ac =&gt; ahorro de 27,60\u20ac con un descuento del 41%\u00a0  Consulta\u00a0el an\u00e1lisis de laboratorio.\" \/>\n<meta property=\"og:url\" content=\"https:\/\/iguanasmoke.com\/pl\/product-2\/iguana-box-pack-cbd-iguana-smoke\/\" \/>\n<meta property=\"og:site_name\" content=\"Iguana Smoke\" \/>\n<meta property=\"article:publisher\" content=\"https:\/\/www.facebook.com\/iguanasmoke\" \/>\n<meta property=\"article:modified_time\" content=\"2026-02-09T10:56:23+00:00\" \/>\n<meta property=\"og:image\" content=\"https:\/\/iguanasmoke.com\/wp-content\/uploads\/2023\/06\/Iguana-Oferta-Pack-1.webp\" \/>\n\t<meta property=\"og:image:width\" content=\"1000\" \/>\n\t<meta property=\"og:image:height\" content=\"1000\" \/>\n\t<meta property=\"og:image:type\" content=\"image\/webp\" \/>\n<meta name=\"twitter:card\" content=\"summary_large_image\" \/>\n<meta name=\"twitter:label1\" content=\"Cena\" \/>\n\t<meta name=\"twitter:data1\" content=\"39,90&nbsp;&euro;\" \/>\n\t<meta name=\"twitter:label2\" content=\"Dost\u0119pno\u015b\u0107\" \/>\n\t<meta name=\"twitter:data2\" content=\"Brak w magazynie\" \/>\n<meta property=\"product:brand\" content=\"composite\" \/>\n<meta property=\"product:price:amount\" content=\"39.90\" \/>\n<meta property=\"product:price:currency\" content=\"EUR\" \/>\n<meta property=\"og:availability\" content=\"out of stock\" \/>\n<meta property=\"product:availability\" content=\"out of stock\" \/>\n<meta property=\"product:retailer_item_id\" content=\"IS-PACKCBDIGUANA\" \/>\n<meta property=\"product:condition\" content=\"new\" \/>\n<!-- \/ Yoast SEO Premium plugin. -->","yoast_head_json":{"title":"Iguana Box Pack CBD Iguana Smoke | Iguana Smoke","description":"Compra el mejor CBD al mejor precio con nuestroa Iguana Box Pack CBD Iguana Smoke. Encuentra ofertas, descuentos y CBD barato en nuestra web.","robots":{"index":"index","follow":"follow","max-snippet":"max-snippet:-1","max-image-preview":"max-image-preview:large","max-video-preview":"max-video-preview:-1"},"canonical":"https:\/\/iguanasmoke.com\/pl\/product-2\/iguana-box-pack-cbd-iguana-smoke\/","og_locale":"pl_PL","og_type":"article","og_title":"Iguana Box Pack CBD Iguana Smoke","og_description":"Prep\u00e1rate porque esta Iguana Box viene cargadita de flores de CBD (10-15%CBD y &lt;0,3%THC) de 3g:   3 x bolsas de flores CBD 3g (Amnesia, Alien y Shelby)  1 x Grinder Iguana Biodegradable a tu elecci\u00f3n  1 x Papel de Liar de c\u00e1\u00f1amo 1. 1\/4 con filtros a tu elecci\u00f3n  1 x Picadura de Flores CBD | Ready to Roll de 15g    Precio sin descuento: 67,50\u20ac | precio pack descuento: 39,90\u20ac =&gt; ahorro de 27,60\u20ac con un descuento del 41%\u00a0  Consulta\u00a0el an\u00e1lisis de laboratorio.","og_url":"https:\/\/iguanasmoke.com\/pl\/product-2\/iguana-box-pack-cbd-iguana-smoke\/","og_site_name":"Iguana Smoke","article_publisher":"https:\/\/www.facebook.com\/iguanasmoke","article_modified_time":"2026-02-09T10:56:23+00:00","og_image":[{"width":1000,"height":1000,"url":"https:\/\/iguanasmoke.com\/wp-content\/uploads\/2023\/06\/Iguana-Oferta-Pack-1.webp","type":"image\/webp"}],"twitter_card":"summary_large_image","twitter_misc":{"Cena":"39,90&nbsp;&euro;","Dost\u0119pno\u015b\u0107":"Brak w magazynie"},"schema":{"@context":"https:\/\/schema.org","@graph":[{"@type":"WebPage","@id":"https:\/\/iguanasmoke.com\/producto\/iguana-box-pack-cbd-iguana-smoke\/","url":"https:\/\/iguanasmoke.com\/producto\/iguana-box-pack-cbd-iguana-smoke\/","name":"Iguana Box Pack CBD Iguana Smoke | Iguana Smoke","isPartOf":{"@id":"https:\/\/iguanasmoke.com\/#website"},"primaryImageOfPage":{"@id":"https:\/\/iguanasmoke.com\/producto\/iguana-box-pack-cbd-iguana-smoke\/#primaryimage"},"image":{"@id":"https:\/\/iguanasmoke.com\/producto\/iguana-box-pack-cbd-iguana-smoke\/#primaryimage"},"thumbnailUrl":"https:\/\/iguanasmoke.com\/wp-content\/uploads\/2023\/06\/Iguana-Oferta-Pack-1.webp","datePublished":"2023-06-25T20:31:29+00:00","dateModified":"2026-02-09T10:56:23+00:00","description":"Compra el mejor CBD al mejor precio con nuestroa Iguana Box Pack CBD Iguana Smoke. Encuentra ofertas, descuentos y CBD barato en nuestra web.","breadcrumb":{"@id":"https:\/\/iguanasmoke.com\/producto\/iguana-box-pack-cbd-iguana-smoke\/#breadcrumb"},"inLanguage":"pl-PL","potentialAction":[{"@type":"ReadAction","target":["https:\/\/iguanasmoke.com\/producto\/iguana-box-pack-cbd-iguana-smoke\/"]}]},{"@type":"ImageObject","inLanguage":"pl-PL","@id":"https:\/\/iguanasmoke.com\/producto\/iguana-box-pack-cbd-iguana-smoke\/#primaryimage","url":"https:\/\/iguanasmoke.com\/wp-content\/uploads\/2023\/06\/Iguana-Oferta-Pack-1.webp","contentUrl":"https:\/\/iguanasmoke.com\/wp-content\/uploads\/2023\/06\/Iguana-Oferta-Pack-1.webp","width":1000,"height":1000,"caption":"Iguana Box Pack CBD Iguana Smoke"},{"@type":"BreadcrumbList","@id":"https:\/\/iguanasmoke.com\/producto\/iguana-box-pack-cbd-iguana-smoke\/#breadcrumb","itemListElement":[{"@type":"ListItem","position":1,"name":"home","item":"https:\/\/iguanasmoke.com\/"},{"@type":"ListItem","position":2,"name":"Tienda","item":"https:\/\/iguanasmoke.com\/tienda\/"},{"@type":"ListItem","position":3,"name":"Packs y Ofertas","item":"https:\/\/iguanasmoke.com\/categoria\/packs-y-ofertas-cbd\/"},{"@type":"ListItem","position":4,"name":"Iguana Box Pack CBD Iguana Smoke"}]},{"@type":"WebSite","@id":"https:\/\/iguanasmoke.com\/#website","url":"https:\/\/iguanasmoke.com\/","name":"Iguana Smoke","description":"Kup CBD online w najlepszej cenie","publisher":{"@id":"https:\/\/iguanasmoke.com\/#organization"},"potentialAction":[{"@type":"SearchAction","target":{"@type":"EntryPoint","urlTemplate":"https:\/\/iguanasmoke.com\/?s={search_term_string}"},"query-input":{"@type":"PropertyValueSpecification","valueRequired":true,"valueName":"search_term_string"}}],"inLanguage":"pl-PL"},{"@type":"Organization","@id":"https:\/\/iguanasmoke.com\/#organization","name":"Iguana Smoke","url":"https:\/\/iguanasmoke.com\/","logo":{"@type":"ImageObject","inLanguage":"pl-PL","@id":"https:\/\/iguanasmoke.com\/#\/schema\/logo\/image\/","url":"https:\/\/iguanasmoke.com\/wp-content\/uploads\/2025\/01\/logoiguana-favi-1.png","contentUrl":"https:\/\/iguanasmoke.com\/wp-content\/uploads\/2025\/01\/logoiguana-favi-1.png","width":512,"height":512,"caption":"Iguana Smoke"},"image":{"@id":"https:\/\/iguanasmoke.com\/#\/schema\/logo\/image\/"},"sameAs":["https:\/\/www.facebook.com\/iguanasmoke","https:\/\/www.instagram.com\/iguanasmoke\/"]}]},"product_brand":"composite","product_price_amount":"39.90","product_price_currency":"EUR","og_availability":"out of stock","product_availability":"out of stock","product_retailer_item_id":"IS-PACKCBDIGUANA","product_condition":"new"},"_links":{"self":[{"href":"https:\/\/iguanasmoke.com\/pl\/wp-json\/wp\/v2\/product\/17351","targetHints":{"allow":["GET"]}}],"collection":[{"href":"https:\/\/iguanasmoke.com\/pl\/wp-json\/wp\/v2\/product"}],"about":[{"href":"https:\/\/iguanasmoke.com\/pl\/wp-json\/wp\/v2\/types\/product"}],"replies":[{"embeddable":true,"href":"https:\/\/iguanasmoke.com\/pl\/wp-json\/wp\/v2\/comments?post=17351"}],"wp:featuredmedia":[{"embeddable":true,"href":"https:\/\/iguanasmoke.com\/pl\/wp-json\/wp\/v2\/media\/77331"}],"wp:attachment":[{"href":"https:\/\/iguanasmoke.com\/pl\/wp-json\/wp\/v2\/media?parent=17351"}],"wp:term":[{"taxonomy":"product_brand","embeddable":true,"href":"https:\/\/iguanasmoke.com\/pl\/wp-json\/wp\/v2\/product_brand?post=17351"},{"taxonomy":"product_cat","embeddable":true,"href":"https:\/\/iguanasmoke.com\/pl\/wp-json\/wp\/v2\/product_cat?post=17351"},{"taxonomy":"product_tag","embeddable":true,"href":"https:\/\/iguanasmoke.com\/pl\/wp-json\/wp\/v2\/product_tag?post=17351"}],"curies":[{"name":"wp","href":"https:\/\/api.w.org\/{rel}","templated":true}]}}