{"id":19208,"date":"2023-08-17T05:21:08","date_gmt":"2023-08-17T03:21:08","guid":{"rendered":"https:\/\/iguanasmoke.com\/?post_type=product&#038;p=19208"},"modified":"2026-03-27T11:05:56","modified_gmt":"2026-03-27T10:05:56","slug":"e-liquid-cbd-szerokie-spektrum-gorilla-glue-liquid-vape-liquid","status":"publish","type":"product","link":"https:\/\/iguanasmoke.com\/pl\/producto\/e-liquid-cbd-broad-spectrum-gorilla-glue-liquido-vaper\/","title":{"rendered":"E-Liquid CBD o szerokim spektrum Gorilla Glue E-Liquid Vaper Liquid"},"content":{"rendered":"<h1><span style=\"font-weight: 400\">E-Liquid CBD Klej Gorilla o szerokim spektrum dzia\u0142ania<\/span><\/h1>\n<p><span style=\"font-weight: 400\">The <strong>E-liquid CBD Broad Spectrum Gorilla Glue <\/strong>Iguana Smoke to doskona\u0142y wyb\u00f3r dla tych, kt\u00f3rzy szukaj\u0105 <strong>E-liquid CBD bez THC<\/strong> Po\u0142\u0105czenie jako\u015bci i bezpiecze\u0144stwa<strong>. <\/strong>Ten p\u0142yn do waporyzacji CBD zosta\u0142 zaprojektowany, aby oferowa\u0107 <strong>zr\u00f3wnowa\u017cone do\u015bwiadczenie<\/strong>, dzi\u0119ki czemu jest idealnym wyborem zar\u00f3wno dla regularnych u\u017cytkownik\u00f3w, jak i tych, kt\u00f3rzy dopiero zaczynaj\u0105 waporyzacj\u0119 CBD.<\/span><\/p>\n<p>E-liquidy o szerokim spektrum dzia\u0142ania mog\u0105 zapewni\u0107 szerszy zakres korzy\u015bci ni\u017c izolowane CBD ze wzgl\u0119du na obecno\u015b\u0107 wielu aktywnych zwi\u0105zk\u00f3w, st\u0105d ten niesamowity efekt. <span style=\"font-weight: 400\"><strong>E-liquid CBD Broad Spectrum Gorilla Glue<\/strong><\/span><span style=\"font-weight: 400\"><strong>.<\/strong><\/span><\/p>\n<p><span style=\"font-weight: 400\">To <strong>E-liquid z naturalnym CBD<\/strong> jest wykonany z <strong>starannie dobrane sk\u0142adniki<\/strong> i pod <strong>kontrolowany proces produkcji<\/strong>, Bogaty w CBD vape to niezawodny produkt, kt\u00f3ry nadaje si\u0119 do waporyzacji CBD w kompatybilnych papierosach elektronicznych.<\/span><\/p>\n<p>&nbsp;<\/p>\n<h2><strong>Niepsychoaktywny e-liquid CBD o szerokim spektrum dzia\u0142ania, niezawieraj\u0105cy THC <\/strong><\/h2>\n<p><span style=\"font-weight: 400\">Wszystkie p\u0142yny CBD Iguana Smoke s\u0105 <strong>niepsychoaktywne i zawieraj\u0105 0% THC<\/strong>, Nowy system jest zgodny z obowi\u0105zuj\u0105cymi przepisami. Ponadto wszystkie s\u0105 <strong>P\u0142yny CBD bez nikotyny<\/strong>, Zaprojektowany dla os\u00f3b poszukuj\u0105cych bardziej naturalnego, skoncentrowanego na zdrowiu do\u015bwiadczenia. <\/span><\/p>\n<p><span style=\"font-weight: 400\">Wszystkie te cechy sprawiaj\u0105, \u017ce nasze p\u0142yny do waporyzacji CBD <strong>E-liquid CBD legalny w Hiszpanii<\/strong>, idealny do bezpiecznego korzystania z <strong>relaksuj\u0105ce dzia\u0142anie CBD<\/strong> bez zak\u0142\u00f3cania jasno\u015bci umys\u0142u.<\/span><\/p>\n<p>&nbsp;<\/p>\n<h2><strong>Smak e-liquidu CBD Broad Spectrum Gorilla Glue: natura\u00a0<\/strong><\/h2>\n<p><span style=\"font-weight: 400\">Aromat Gorilla Glue smakuje ziemi\u0105 i sosn\u0105. Smakuje jak natura. <strong>Ma le\u015bny zapach, kt\u00f3ry miesza si\u0119 z nutami cytrus\u00f3w i przypraw.<\/strong>. Niekt\u00f3rzy zauwa\u017caj\u0105 r\u00f3wnie\u017c subtelne nuty czekolady lub kawy, kt\u00f3re dodaj\u0105 s\u0142odyczy i g\u0142\u0119bi do profilu smakowego.\u00a0<\/span><\/p>\n<p>&nbsp;<\/p>\n<h3><strong>R\u00f3\u017cne st\u0119\u017cenia p\u0142ynu do waporyzacji CBD Broad Spectrum<\/strong><\/h3>\n<p><span style=\"font-weight: 400\">The\u00a0<\/span><span style=\"font-weight: 400\"><b> <\/b>jest dost\u0119pny w dw\u00f3ch rodzajach st\u0119\u017ce\u0144, aby zaspokoi\u0107 potrzeby ka\u017cdego u\u017cytkownika: <\/span><\/p>\n<ul>\n<li><span style=\"font-weight: 400\">1500 mg CBD <\/span><\/li>\n<li><span style=\"font-weight: 400\">2500 mg CBD <\/span><\/li>\n<\/ul>\n<p><span style=\"font-weight: 400\">Opcje te pozwalaj\u0105 wybra\u0107 najbardziej odpowiedni p\u0142yn do waporyzacji CBD dla danego poziomu do\u015bwiadczenia i po\u017c\u0105danej intensywno\u015bci.\u00a0<\/span><\/p>\n<p>&nbsp;<\/p>\n<h2><b>Gdzie kupi\u0107 E-liquid CBD online<\/b><b>?<\/b><\/h2>\n<p><span style=\"font-weight: 400\">Je\u015bli szukasz <strong>Kup e-liquid CBD online<\/strong>, <strong>Iguana<\/strong> <strong>Dym<\/strong> to miejsce dla Ciebie. Oferuje prosty i przyst\u0119pny spos\u00f3b na cieszenie si\u0119 CBD, a tak\u017ce s\u0105 one <strong>E-liquid CBD bez THC<\/strong>. Po prostu wybierz sw\u00f3j ulubiony smak, st\u0119\u017cenie, kt\u00f3re jest dla Ciebie odpowiednie i ciesz si\u0119. Stawiamy na jako\u015b\u0107 i przejrzysto\u015b\u0107 ka\u017cdego produktu.<\/span><\/p>\n<p><span style=\"font-weight: 400\">To jest bezpieczne miejsce do <strong>kupi\u0107 E-liquid CBD online w Hiszpanii.<\/strong> Wszystkie nasze produkty s\u0105 zatwierdzone przez UE, co gwarantuje ich legalno\u015b\u0107 i bezpiecze\u0144stwo. Ponadto, je\u015bli chcesz, mo\u017cesz skonsultowa\u0107 si\u0119 z<\/span><strong> <a href=\"https:\/\/iguanasmoke.com\/pl\/analityka\/\">analiza laboratoryjna.<\/a>\u00a0<\/strong><\/p>\n<p><span style=\"font-weight: 400\">Nie zapomnij spr\u00f3bowa\u0107 innych niesamowitych smak\u00f3w opr\u00f3cz naszego <strong>E-liquid CBD Broad Spectrum Gorilla Glue <\/strong>jako <a href=\"https:\/\/iguanasmoke.com\/pl\/product-2\/e-liquid-cbd-broad-spectrum-lemon-haze-1500-2500mg-liquido-vaper\/\"><strong>E-liquid CBD Lemon Haze<\/strong><\/a> lub <strong><a href=\"https:\/\/iguanasmoke.com\/pl\/product-2\/e-liquid-cbd-gorilla-glue\/\">E-Liquid CBD Gorilla Glue<\/a><\/strong>. Je\u015bli lubisz waporyzowa\u0107 CBD, odkryj <\/span><span style=\"font-weight: 400\">inne <strong>TOP produkty<\/strong> p\u0142yn\u00f3w vape CBD, takich jak <strong><a href=\"https:\/\/iguanasmoke.com\/pl\/kategoria\/cbd-vaper-2\/naboje\/\">Wk\u0142ady CBD, STV, E8H, 10-OH i CBD Full Spectrum<\/a><\/strong>. <\/span><span style=\"font-weight: 400\">Odkryj nasz\u0105 r\u00f3\u017cnorodno\u015b\u0107 i daj si\u0119 zaskoczy\u0107.\u00a0<\/span><\/p>\n<p>Szybka dostawa, dok\u0142adna uwaga i sklep z dyskretnym i bezpiecznym opakowaniem, kt\u00f3ry idzie naprz\u00f3d, tylko po to, aby\u015b m\u00f3g\u0142 si\u0119 cieszy\u0107!<\/p>\n<p>&nbsp;<\/p>\n<h3><b>Iguana Smoke to Tw\u00f3j internetowy sklep z CBD\u00a0<\/b><\/h3>\n<p><span style=\"font-weight: 400\">Przy<strong> Iguana Smoke<\/strong>, Wierzymy, \u017ce korzystanie z CBD powinno by\u0107 bezpiecznym i przyjemnym do\u015bwiadczeniem. W\u0142a\u015bnie dlatego oferujemy produkty takie jak ten <strong>E-liquid CBD Broad Spectrum Gorilla Glue<\/strong>, Marka \u0142\u0105czy si\u0119 z nowymi pokoleniami: lud\u017ami, kt\u00f3rzy szukaj\u0105 nieskomplikowanego wellness, z autentycznymi i niezawodnymi markami.\u00a0<\/span><\/p>\n<p>Nasza misja jest jasna: dostarcza\u0107 najlepsze kannabinoidy w uczciwej cenie. Ponadto dajemy ci spok\u00f3j ducha, wiedz\u0105c, \u017ce wybierasz certyfikowany, skuteczny i legalny produkt 100%. Tw\u00f3j czas relaksu zaczyna si\u0119 z nami.<\/p>\n<p>Nadal masz w\u0105tpliwo\u015bci? Napisz do nas, a z przyjemno\u015bci\u0105 pomo\u017cemy Ci znale\u017a\u0107 odpowiedni produkt.<\/p>\n<p>&nbsp;<\/p>\n<p><em><span style=\"font-weight: 400\">*Uwaga: zgodnie z hiszpa\u0144skim prawem jest on przeznaczony do zbierania lub aromaterapii. <\/span><\/em><\/p>\n<p><em><span style=\"font-weight: 400\">**Wszystkie nasze produkty pochodz\u0105 z certyfikowanych konopi przemys\u0142owych. Zawieraj\u0105 mniej ni\u017c 0,3 THC i nie zawieraj\u0105 nielegalnych kannabinoid\u00f3w, takich jak HHC, HHC-P, THCP, THCP-O, H4CBD i tych zawartych w za\u0142\u0105czniku I do dekretu kr\u00f3lewskiego 2829\/1977, ani substancji kontrolowanych przez konwencje mi\u0119dzynarodowe.\u00a0\u00a0<\/span><\/em><\/p>","protected":false},"excerpt":{"rendered":"<p><span style=\"font-weight: 400\">Sk\u0142adniki E-liquidu CBD: <\/span><\/p>\n<ul>\n<li><strong>Glikol propylenowy 80%<\/strong><\/li>\n<li>Gliceryna ro\u015blinna 20%<\/li>\n<li>CBD o szerokim spektrum dzia\u0142ania<\/li>\n<li>Klej Aroma Gorilla Glue<\/li>\n<li>THC: 0%<\/li>\n<\/ul>\n<p><strong>E-liquid CBD Gorilla Glue o szerokim spektrum dzia\u0142ania <\/strong><span style=\"font-size: 16px\">kombajny <span style=\"font-weight: 400\"><strong>ziemiste i sosnowe nuty... wszystko z s<\/strong><\/span><\/span><strong>u\u017cyteczne nuty czekolady lub kawy.<\/strong><\/p>","protected":false},"featured_media":19212,"comment_status":"open","ping_status":"closed","template":"","meta":{"_acf_changed":false,"site-sidebar-layout":"default","site-content-layout":"default","ast-site-content-layout":"default","site-content-style":"default","site-sidebar-style":"default","ast-global-header-display":"","ast-banner-title-visibility":"","ast-main-header-display":"","ast-hfb-above-header-display":"","ast-hfb-below-header-display":"","ast-hfb-mobile-header-display":"","site-post-title":"","ast-breadcrumbs-content":"","ast-featured-img":"","footer-sml-layout":"","theme-transparent-header-meta":"default","adv-header-id-meta":"","stick-header-meta":"","header-above-stick-meta":"","header-main-stick-meta":"","header-below-stick-meta":"","astra-migrate-meta-layouts":"set","ast-page-background-enabled":"default","ast-page-background-meta":{"desktop":{"background-color":"var(--ast-global-color-4)","background-image":"","background-repeat":"repeat","background-position":"center center","background-size":"auto","background-attachment":"scroll","background-type":"","background-media":"","overlay-type":"","overlay-color":"","overlay-opacity":"","overlay-gradient":""},"tablet":{"background-color":"","background-image":"","background-repeat":"repeat","background-position":"center center","background-size":"auto","background-attachment":"scroll","background-type":"","background-media":"","overlay-type":"","overlay-color":"","overlay-opacity":"","overlay-gradient":""},"mobile":{"background-color":"","background-image":"","background-repeat":"repeat","background-position":"center center","background-size":"auto","background-attachment":"scroll","background-type":"","background-media":"","overlay-type":"","overlay-color":"","overlay-opacity":"","overlay-gradient":""}},"ast-content-background-meta":{"desktop":{"background-color":"var(--ast-global-color-5)","background-image":"","background-repeat":"repeat","background-position":"center center","background-size":"auto","background-attachment":"scroll","background-type":"","background-media":"","overlay-type":"","overlay-color":"","overlay-opacity":"","overlay-gradient":""},"tablet":{"background-color":"var(--ast-global-color-5)","background-image":"","background-repeat":"repeat","background-position":"center center","background-size":"auto","background-attachment":"scroll","background-type":"","background-media":"","overlay-type":"","overlay-color":"","overlay-opacity":"","overlay-gradient":""},"mobile":{"background-color":"var(--ast-global-color-5)","background-image":"","background-repeat":"repeat","background-position":"center center","background-size":"auto","background-attachment":"scroll","background-type":"","background-media":"","overlay-type":"","overlay-color":"","overlay-opacity":"","overlay-gradient":""}}},"product_brand":[],"product_cat":[344,423],"product_tag":[358,416],"class_list":{"0":"post-19208","1":"product","2":"type-product","3":"status-publish","4":"has-post-thumbnail","6":"product_cat-e-liquid-cbd","7":"product_cat-e-liquid-cbd-broad-spectrum","8":"product_tag-cbd","9":"product_tag-e-liquid","10":"desktop-align-center","11":"tablet-align-center","12":"mobile-align-center","14":"first","15":"instock","16":"taxable","17":"shipping-taxable","18":"purchasable","19":"product-type-variable"},"acf":[],"yoast_head":"<!-- This site is optimized with the Yoast SEO Premium plugin v27.3 (Yoast SEO v27.3) - https:\/\/yoast.com\/product\/yoast-seo-premium-wordpress\/ -->\n<title>E-Liquid CBD Broad Spectrum Gorilla Glue | Iguana Smoke<\/title>\n<meta name=\"description\" content=\"Disfruta del E-liquid CBD Broad Spectrum Gorilla Glue al mejor precio y calidad. Si buscas un e-liquid CBD sin THC y de amplio espectro este es perfecto.\" \/>\n<meta name=\"robots\" content=\"index, follow, max-snippet:-1, max-image-preview:large, max-video-preview:-1\" \/>\n<link rel=\"canonical\" href=\"https:\/\/iguanasmoke.com\/pl\/product-2\/e-liquid-cbd-szerokie-spektrum-gorilla-glue-liquid-vape-liquid\/\" \/>\n<meta property=\"og:locale\" content=\"pl_PL\" \/>\n<meta property=\"og:type\" content=\"article\" \/>\n<meta property=\"og:title\" content=\"E-Liquid CBD Broad Spectrum Gorilla Glue L\u00edquido Vaper\" \/>\n<meta property=\"og:description\" content=\"Ingredientes del E-liquid CBD:    Propilenglicol 80%  Glicerina Vegetal 20%  CBD Broad Spectrum (Amplio espectro)  Aroma Gorilla Glue  THC: 0%  El E-liquid CBD Broad Spectrum Gorilla Glue combina notas terrosas y a pino... todo ello con sutiles toques de chocolate o caf\u00e9.\" \/>\n<meta property=\"og:url\" content=\"https:\/\/iguanasmoke.com\/pl\/product-2\/e-liquid-cbd-szerokie-spektrum-gorilla-glue-liquid-vape-liquid\/\" \/>\n<meta property=\"og:site_name\" content=\"Iguana Smoke\" \/>\n<meta property=\"article:publisher\" content=\"https:\/\/www.facebook.com\/iguanasmoke\" \/>\n<meta property=\"article:modified_time\" content=\"2026-03-27T10:05:56+00:00\" \/>\n<meta property=\"og:image\" content=\"https:\/\/iguanasmoke.com\/wp-content\/uploads\/2023\/08\/gorilla-glue-broad-spectrum-1500-webp-1.webp\" \/>\n\t<meta property=\"og:image:width\" content=\"500\" \/>\n\t<meta property=\"og:image:height\" content=\"500\" \/>\n\t<meta property=\"og:image:type\" content=\"image\/webp\" \/>\n<meta name=\"twitter:card\" content=\"summary_large_image\" \/>\n<meta name=\"twitter:label1\" content=\"Dost\u0119pno\u015b\u0107\" \/>\n\t<meta name=\"twitter:data1\" content=\"Dost\u0119pny\" \/>\n<meta property=\"product:brand\" content=\"variable\" \/>\n<meta property=\"og:availability\" content=\"instock\" \/>\n<meta property=\"product:availability\" content=\"instock\" \/>\n<meta property=\"product:condition\" content=\"new\" \/>\n<!-- \/ Yoast SEO Premium plugin. -->","yoast_head_json":{"title":"E-Liquid CBD Broad Spectrum Gorilla Glue | Iguana Smoke","description":"Ciesz si\u0119 E-liquidem CBD Broad Spectrum Gorilla Glue w najlepszej cenie i jako\u015bci. Je\u015bli szukasz e-liquidu CBD bez THC i o szerokim spektrum dzia\u0142ania, ten jest idealny.","robots":{"index":"index","follow":"follow","max-snippet":"max-snippet:-1","max-image-preview":"max-image-preview:large","max-video-preview":"max-video-preview:-1"},"canonical":"https:\/\/iguanasmoke.com\/pl\/product-2\/e-liquid-cbd-szerokie-spektrum-gorilla-glue-liquid-vape-liquid\/","og_locale":"pl_PL","og_type":"article","og_title":"E-Liquid CBD Broad Spectrum Gorilla Glue L\u00edquido Vaper","og_description":"Ingredientes del E-liquid CBD:    Propilenglicol 80%  Glicerina Vegetal 20%  CBD Broad Spectrum (Amplio espectro)  Aroma Gorilla Glue  THC: 0%  El E-liquid CBD Broad Spectrum Gorilla Glue combina notas terrosas y a pino... todo ello con sutiles toques de chocolate o caf\u00e9.","og_url":"https:\/\/iguanasmoke.com\/pl\/product-2\/e-liquid-cbd-szerokie-spektrum-gorilla-glue-liquid-vape-liquid\/","og_site_name":"Iguana Smoke","article_publisher":"https:\/\/www.facebook.com\/iguanasmoke","article_modified_time":"2026-03-27T10:05:56+00:00","og_image":[{"width":500,"height":500,"url":"https:\/\/iguanasmoke.com\/wp-content\/uploads\/2023\/08\/gorilla-glue-broad-spectrum-1500-webp-1.webp","type":"image\/webp"}],"twitter_card":"summary_large_image","twitter_misc":{"Dost\u0119pno\u015b\u0107":"Dost\u0119pny"},"schema":{"@context":"https:\/\/schema.org","@graph":[{"@type":"WebPage","@id":"https:\/\/iguanasmoke.com\/producto\/e-liquid-cbd-broad-spectrum-gorilla-glue-liquido-vaper\/","url":"https:\/\/iguanasmoke.com\/producto\/e-liquid-cbd-broad-spectrum-gorilla-glue-liquido-vaper\/","name":"E-Liquid CBD Broad Spectrum Gorilla Glue | Iguana Smoke","isPartOf":{"@id":"https:\/\/iguanasmoke.com\/#website"},"primaryImageOfPage":{"@id":"https:\/\/iguanasmoke.com\/producto\/e-liquid-cbd-broad-spectrum-gorilla-glue-liquido-vaper\/#primaryimage"},"image":{"@id":"https:\/\/iguanasmoke.com\/producto\/e-liquid-cbd-broad-spectrum-gorilla-glue-liquido-vaper\/#primaryimage"},"thumbnailUrl":"https:\/\/iguanasmoke.com\/wp-content\/uploads\/2023\/08\/gorilla-glue-broad-spectrum-1500-webp-1.webp","datePublished":"2023-08-17T03:21:08+00:00","dateModified":"2026-03-27T10:05:56+00:00","description":"Ciesz si\u0119 E-liquidem CBD Broad Spectrum Gorilla Glue w najlepszej cenie i jako\u015bci. Je\u015bli szukasz e-liquidu CBD bez THC i o szerokim spektrum dzia\u0142ania, ten jest idealny.","breadcrumb":{"@id":"https:\/\/iguanasmoke.com\/producto\/e-liquid-cbd-broad-spectrum-gorilla-glue-liquido-vaper\/#breadcrumb"},"inLanguage":"pl-PL","potentialAction":[{"@type":"ReadAction","target":["https:\/\/iguanasmoke.com\/producto\/e-liquid-cbd-broad-spectrum-gorilla-glue-liquido-vaper\/"]}]},{"@type":"ImageObject","inLanguage":"pl-PL","@id":"https:\/\/iguanasmoke.com\/producto\/e-liquid-cbd-broad-spectrum-gorilla-glue-liquido-vaper\/#primaryimage","url":"https:\/\/iguanasmoke.com\/wp-content\/uploads\/2023\/08\/gorilla-glue-broad-spectrum-1500-webp-1.webp","contentUrl":"https:\/\/iguanasmoke.com\/wp-content\/uploads\/2023\/08\/gorilla-glue-broad-spectrum-1500-webp-1.webp","width":500,"height":500,"caption":"eliquid cbd vape broad spectrum"},{"@type":"BreadcrumbList","@id":"https:\/\/iguanasmoke.com\/producto\/e-liquid-cbd-broad-spectrum-gorilla-glue-liquido-vaper\/#breadcrumb","itemListElement":[{"@type":"ListItem","position":1,"name":"home","item":"https:\/\/iguanasmoke.com\/"},{"@type":"ListItem","position":2,"name":"Tienda","item":"https:\/\/iguanasmoke.com\/tienda\/"},{"@type":"ListItem","position":3,"name":"E-Liquid CBD","item":"https:\/\/iguanasmoke.com\/categoria\/e-liquid-cbd\/"},{"@type":"ListItem","position":4,"name":"E-Liquid CBD Broad Spectrum Gorilla Glue L\u00edquido Vaper"}]},{"@type":"WebSite","@id":"https:\/\/iguanasmoke.com\/#website","url":"https:\/\/iguanasmoke.com\/","name":"Iguana Smoke","description":"Kup CBD online w najlepszej cenie","publisher":{"@id":"https:\/\/iguanasmoke.com\/#organization"},"potentialAction":[{"@type":"SearchAction","target":{"@type":"EntryPoint","urlTemplate":"https:\/\/iguanasmoke.com\/?s={search_term_string}"},"query-input":{"@type":"PropertyValueSpecification","valueRequired":true,"valueName":"search_term_string"}}],"inLanguage":"pl-PL"},{"@type":"Organization","@id":"https:\/\/iguanasmoke.com\/#organization","name":"Iguana Smoke","url":"https:\/\/iguanasmoke.com\/","logo":{"@type":"ImageObject","inLanguage":"pl-PL","@id":"https:\/\/iguanasmoke.com\/#\/schema\/logo\/image\/","url":"https:\/\/iguanasmoke.com\/wp-content\/uploads\/2025\/01\/logoiguana-favi-1.png","contentUrl":"https:\/\/iguanasmoke.com\/wp-content\/uploads\/2025\/01\/logoiguana-favi-1.png","width":512,"height":512,"caption":"Iguana Smoke"},"image":{"@id":"https:\/\/iguanasmoke.com\/#\/schema\/logo\/image\/"},"sameAs":["https:\/\/www.facebook.com\/iguanasmoke","https:\/\/www.instagram.com\/iguanasmoke\/"]}]},"product_brand":"variable","og_availability":"instock","product_availability":"instock","product_condition":"new"},"_links":{"self":[{"href":"https:\/\/iguanasmoke.com\/pl\/wp-json\/wp\/v2\/product\/19208","targetHints":{"allow":["GET"]}}],"collection":[{"href":"https:\/\/iguanasmoke.com\/pl\/wp-json\/wp\/v2\/product"}],"about":[{"href":"https:\/\/iguanasmoke.com\/pl\/wp-json\/wp\/v2\/types\/product"}],"replies":[{"embeddable":true,"href":"https:\/\/iguanasmoke.com\/pl\/wp-json\/wp\/v2\/comments?post=19208"}],"wp:featuredmedia":[{"embeddable":true,"href":"https:\/\/iguanasmoke.com\/pl\/wp-json\/wp\/v2\/media\/19212"}],"wp:attachment":[{"href":"https:\/\/iguanasmoke.com\/pl\/wp-json\/wp\/v2\/media?parent=19208"}],"wp:term":[{"taxonomy":"product_brand","embeddable":true,"href":"https:\/\/iguanasmoke.com\/pl\/wp-json\/wp\/v2\/product_brand?post=19208"},{"taxonomy":"product_cat","embeddable":true,"href":"https:\/\/iguanasmoke.com\/pl\/wp-json\/wp\/v2\/product_cat?post=19208"},{"taxonomy":"product_tag","embeddable":true,"href":"https:\/\/iguanasmoke.com\/pl\/wp-json\/wp\/v2\/product_tag?post=19208"}],"curies":[{"name":"wp","href":"https:\/\/api.w.org\/{rel}","templated":true}]}}