{"id":20650,"date":"2023-09-21T17:07:54","date_gmt":"2023-09-21T15:07:54","guid":{"rendered":"https:\/\/iguanasmoke.com\/?post_type=product&#038;p=20650"},"modified":"2026-03-15T18:51:50","modified_gmt":"2026-03-15T17:51:50","slug":"vape-cbd-full-spectrum-iguana-pod-gelato","status":"publish","type":"product","link":"https:\/\/iguanasmoke.com\/pl\/producto\/vape-cbd-full-spectrum-iguana-pod-gelato\/","title":{"rendered":"Vaper CBD Full Spectrum - Gelato"},"content":{"rendered":"<h1><span style=\"font-weight: 400;\">Vaper CBD Full Spectrum: Gelato<\/span><\/h1>\n<p><span style=\"font-weight: 400;\">Odkryj <strong>vaper CBD Full Spectrum Gelato<\/strong>, dost\u0119pny klejnot wellness <strong>wy\u0142\u0105cznie w Iguana Smoke<\/strong>. <\/span><span style=\"font-weight: 400;\">Zaprojektowany dla tych, kt\u00f3rzy szukaj\u0105 <strong>Pe\u0142ne do\u015bwiadczenie vape<\/strong>, <strong>naturalny i mocny<\/strong>, to <strong>Vaper CBD<\/strong> combina la fuerza terap\u00e9utica del cannabidiol con el inconfundible aroma cann\u00e1bico.<\/span><\/p>\n<p><span style=\"font-weight: 400;\">Zgadza si\u0119, nasz <strong>Vaper CBD<\/strong> jest wykonany z <strong>Organiczny ekstrakt z konopi Full Spectrum<\/strong>, Zawiera wszystkie kannabinoidy i terpeny ro\u015bliny. Zawiera r\u00f3wnie\u017c <strong>1400mg\/2ml CBD<\/strong> (70% koncentracji) i zapewnia oko\u0142o\u00a0<strong>600 zaci\u0105gni\u0119\u0107<\/strong>. <\/span><\/p>\n<p><span style=\"font-weight: 400;\">Ciesz si\u0119 <strong>Szybka i trwa\u0142a ulga<\/strong>, Idealny do towarzyszenia w chwilach stresu, niepokoju lub odpoczynku.\u00a0<\/span><\/p>\n<p>&nbsp;<\/p>\n<h2><strong>G\u0142\u00f3wne cechy Vaper CBD Full Spectrum:<\/strong><\/h2>\n<ul>\n<li><span style=\"font-weight: 400;\"><strong>Zawiera wysokiej jako\u015bci CBD o pe\u0142nym spektrum dzia\u0142ania<\/strong>, z naturalnym profilem kannabinoidowym.<\/span><\/li>\n<li><span style=\"font-weight: 400;\"><strong>Organiczny ekstrakt z konopi<\/strong>, wolne od dodatk\u00f3w i rozpuszczalnik\u00f3w.<\/span><\/li>\n<li><span style=\"font-weight: 400;\">Dost\u0119pne w<strong>\u00a02 ml<\/strong>. <\/span><\/li>\n<li>Idealny do codziennego u\u017cytku: <strong>brak spalania, brak zapachu, brak tolerancji<\/strong>.<\/li>\n<li><span style=\"font-weight: 400;\">Do <strong>600 zaci\u0105gni\u0119\u0107<\/strong>.<\/span><\/li>\n<li>Akumulator USB typu C.<\/li>\n<li><span style=\"font-weight: 400;\"><strong>Brak wykrywalnego THC<\/strong>. <\/span><\/li>\n<li><span style=\"font-weight: 400;\"><strong>Jako\u015b\u0107 gwarantowana przez Iguana Smoke<\/strong>.<\/span><\/li>\n<\/ul>\n<p><span style=\"font-weight: 400;\">The <strong>Vaper CBD o pe\u0142nym spektrum dzia\u0142ania <\/strong>to najwygodniejszy i najczystszy spos\u00f3b, aby cieszy\u0107 si\u0119 wszystkimi zaletami <strong>Korzy\u015bci z kannabidiolu<\/strong>, Bez konserwacji, bez zamieszania, bez k\u0142opot\u00f3w.\u00a0<\/span><\/p>\n<p>&nbsp;<\/p>\n<h2><strong>Czym jest waporyzator jednorazowy?<\/strong><\/h2>\n<p><span style=\"font-weight: 400;\">A <strong>jednorazowy vaper STV<\/strong> to urz\u0105dzenie typu pi\u00f3ro\u201c <strong>2 ml<\/strong> kt\u00f3ry jest wype\u0142niony <strong>CBD Full Spectrum<\/strong>. Du\u017ca r\u00f3\u017cnica w por\u00f3wnaniu z innymi rodzajami vaper\u00f3w polega na tym, \u017ce nie trzeba go uzupe\u0142nia\u0107 ani uzupe\u0142nia\u0107: <strong>gdy si\u0119 sko\u0144czy, jest po prostu wyrzucany<\/strong>.\u00a0<\/span><\/p>\n<p><span style=\"font-weight: 400;\">Istniej\u0105 r\u00f3wnie\u017c <strong><a href=\"https:\/\/iguanasmoke.com\/pl\/kategoria\/cbd-vaper-2\/naboje\/?filter_tipo-cartucho=cbd\">Jednorazowe wk\u0142ady CBD Full Spectrum<\/a><\/strong> kt\u00f3re s\u0105 mikrokapsu\u0142kami zawieraj\u0105cymi p\u0142yn, ale wymagaj\u0105 zewn\u0119trznej baterii do u\u017cycia.<\/span><\/p>\n<p>&nbsp;<\/p>\n<h3><b>Gdzie kupi\u0107 swoje pe\u0142ne spektrum CBD dla vaper\u00f3w?<\/b><b>?<\/b><\/h3>\n<p><span style=\"font-weight: 400;\">Je\u015bli szukasz <strong>kup vaper Full Spectrum CBD<\/strong><strong>, <\/strong>to jest twoje bezpieczne miejsce <strong>kupi\u0107 jednorazowy vaper CBD Full Spectrum w Hiszpanii.<\/strong> Wszystkie nasze produkty s\u0105 zatwierdzone przez UE, co gwarantuje ich legalno\u015b\u0107 i bezpiecze\u0144stwo. Ponadto, je\u015bli chcesz, mo\u017cesz skonsultowa\u0107 si\u0119 z<\/span><strong> <a href=\"https:\/\/iguanasmoke.com\/pl\/analityka\/\">analiza laboratoryjna.<\/a><\/strong><\/p>\n<p><span style=\"font-weight: 400;\">Nie zapomnij zapozna\u0107 si\u0119 z innymi <strong>Vaper CBD o pe\u0142nym spektrum dzia\u0142ania <\/strong>jako <strong><a href=\"https:\/\/iguanasmoke.com\/pl\/product-2\/vape-cbd-full-spectrum-iguana-pod-gorilla-glue\/\">Klej Vaper CBD Full Spectrum Gorilla Glue<\/a>\u00a0<\/strong>u <\/span><span style=\"font-weight: 400;\">inne <strong>TOP produkty<\/strong> jako <strong><a href=\"https:\/\/iguanasmoke.com\/pl\/product-2\/cartucho-cbd-full-spectrum-gelato\/\">Wk\u0142ad CBD Full Spectrum Gelato<\/a><\/strong> lub <a href=\"https:\/\/iguanasmoke.com\/pl\/kategoria\/ekstrakty-cbd\/\"><strong>Ekstrakty CBD<\/strong><\/a>. <\/span><span style=\"font-weight: 400;\">Kr\u00f3tko m\u00f3wi\u0105c, poznaj nasz\u0105 r\u00f3\u017cnorodno\u015b\u0107 i znajd\u017a swoje ulubione ju\u017c teraz.<\/span><span style=\"font-weight: 400;\">\u00a0<\/span><\/p>\n<p><strong data-start=\"303\" data-end=\"345\">Szybka i dyskretna dostawa na terenie ca\u0142ej Hiszpanii<\/strong>, z <strong data-start=\"351\" data-end=\"387\">Bliska i spersonalizowana uwaga<\/strong> aby odpowiedzie\u0107 na wszelkie pytania przed i po zakupie.<\/p>\n<p>&nbsp;<\/p>\n<h3><b>Iguana Smoke to Tw\u00f3j internetowy sklep z CBD\u00a0<\/b><\/h3>\n<p><span style=\"font-weight: 400;\">Przy<strong> Iguana Smoke<\/strong>, Wierzymy, \u017ce korzystanie z CBD powinno by\u0107 bezpiecznym do\u015bwiadczeniem. W\u0142a\u015bnie dlatego oferujemy produkty takie jak ten <strong>vaper CBD Full Spectrum Gelato<\/strong>, Marka \u0142\u0105czy si\u0119 z nowymi pokoleniami: lud\u017ami, kt\u00f3rzy szukaj\u0105 nieskomplikowanego wellness, z autentycznymi i niezawodnymi markami.\u00a0<\/span><\/p>\n<p>Nasza misja jest jasna: dostarcza\u0107 najlepsze kannabinoidy w uczciwej cenie. Ponadto dajemy ci spok\u00f3j ducha, wiedz\u0105c, \u017ce wybierasz certyfikowany, skuteczny i legalny produkt 100%. Tw\u00f3j czas relaksu zaczyna si\u0119 z nami.<\/p>\n<p>Nadal masz w\u0105tpliwo\u015bci? Napisz do nas, a z przyjemno\u015bci\u0105 pomo\u017cemy Ci znale\u017a\u0107 odpowiedni produkt.<\/p>\n<p>&nbsp;<\/p>\n<h6>\u2139\ufe0f<strong> Informacje prawne<\/strong><\/h6>\n<p><em><span style=\"font-weight: 400;\">*Produkt przeznaczony do kolekcjonowania lub aromaterapii, zgodnie z obowi\u0105zuj\u0105cymi w Hiszpanii przepisami. <\/span><\/em><\/p>\n<p><em><span style=\"font-weight: 400;\">**Pochodzi z certyfikowanych konopi przemys\u0142owych. Zawiera mniej ni\u017c 0,3 THC i nie zawiera nielegalnych kannabinoid\u00f3w, takich jak HHC, HHC-P, THCP, THCP-O, H4CBD lub substancji wymienionych w za\u0142\u0105czniku I do dekretu kr\u00f3lewskiego 2829\/1977, ani substancji kontrolowanych przez konwencje mi\u0119dzynarodowe.\u00a0\u00a0<\/span><\/em><\/p>","protected":false},"excerpt":{"rendered":"<h4>Cechy<\/h4>\n<ul>\n<li style=\"list-style-type: none;\">\n<ul>\n<li>Sabor a Gelato<\/li>\n<li>Pojemno\u015b\u0107: 2 ml<\/li>\n<li>Przeci\u0105gi: do 600<\/li>\n<li>Wysokiej jako\u015bci naturalne terpeny<\/li>\n<li>CBD Full Spectrum 70% 1400mg<\/li>\n<li>THC: 0%, HHC: 0%, THC-P: 0%, Nikotyna: 0%<\/li>\n<li>Nie zawiera VG, PG, PEG, MCT ani innych \u015brodk\u00f3w tn\u0105cych.<\/li>\n<\/ul>\n<\/li>\n<\/ul>\n<p><span style=\"font-weight: 400;\">Ponadto, je\u015bli chcesz, mo\u017cesz skonsultowa\u0107 si\u0119 z<strong> <a href=\"https:\/\/iguanasmoke.com\/pl\/analityka\/\">analiza laboratoryjna.<\/a><\/strong><\/span><\/p>","protected":false},"featured_media":61445,"comment_status":"open","ping_status":"closed","template":"","meta":{"_acf_changed":false,"site-sidebar-layout":"default","site-content-layout":"default","ast-site-content-layout":"default","site-content-style":"default","site-sidebar-style":"default","ast-global-header-display":"","ast-banner-title-visibility":"","ast-main-header-display":"","ast-hfb-above-header-display":"","ast-hfb-below-header-display":"","ast-hfb-mobile-header-display":"","site-post-title":"","ast-breadcrumbs-content":"","ast-featured-img":"","footer-sml-layout":"","theme-transparent-header-meta":"default","adv-header-id-meta":"","stick-header-meta":"","header-above-stick-meta":"","header-main-stick-meta":"","header-below-stick-meta":"","astra-migrate-meta-layouts":"set","ast-page-background-enabled":"default","ast-page-background-meta":{"desktop":{"background-color":"var(--ast-global-color-4)","background-image":"","background-repeat":"repeat","background-position":"center center","background-size":"auto","background-attachment":"scroll","background-type":"","background-media":"","overlay-type":"","overlay-color":"","overlay-opacity":"","overlay-gradient":""},"tablet":{"background-color":"","background-image":"","background-repeat":"repeat","background-position":"center center","background-size":"auto","background-attachment":"scroll","background-type":"","background-media":"","overlay-type":"","overlay-color":"","overlay-opacity":"","overlay-gradient":""},"mobile":{"background-color":"","background-image":"","background-repeat":"repeat","background-position":"center center","background-size":"auto","background-attachment":"scroll","background-type":"","background-media":"","overlay-type":"","overlay-color":"","overlay-opacity":"","overlay-gradient":""}},"ast-content-background-meta":{"desktop":{"background-color":"var(--ast-global-color-5)","background-image":"","background-repeat":"repeat","background-position":"center center","background-size":"auto","background-attachment":"scroll","background-type":"","background-media":"","overlay-type":"","overlay-color":"","overlay-opacity":"","overlay-gradient":""},"tablet":{"background-color":"var(--ast-global-color-5)","background-image":"","background-repeat":"repeat","background-position":"center center","background-size":"auto","background-attachment":"scroll","background-type":"","background-media":"","overlay-type":"","overlay-color":"","overlay-opacity":"","overlay-gradient":""},"mobile":{"background-color":"var(--ast-global-color-5)","background-image":"","background-repeat":"repeat","background-position":"center center","background-size":"auto","background-attachment":"scroll","background-type":"","background-media":"","overlay-type":"","overlay-color":"","overlay-opacity":"","overlay-gradient":""}}},"product_brand":[],"product_cat":[981,418,424,513],"product_tag":[343],"class_list":{"0":"post-20650","1":"product","2":"type-product","3":"status-publish","4":"has-post-thumbnail","6":"product_cat-cbd-full-spectrum","7":"product_cat-vaper-cbd","8":"product_cat-vaper-cbd-full-spectrum","9":"product_cat-cbd-vapes","10":"product_tag-destacado","11":"desktop-align-center","12":"tablet-align-center","13":"mobile-align-center","15":"first","16":"instock","17":"taxable","18":"shipping-taxable","19":"purchasable","20":"product-type-simple"},"acf":[],"yoast_head":"<!-- This site is optimized with the Yoast SEO Premium plugin v27.3 (Yoast SEO v27.3) - https:\/\/yoast.com\/product\/yoast-seo-premium-wordpress\/ -->\n<title>Vaper CBD Full Spectrum Gelato | Iguana Smoke<\/title>\n<meta name=\"description\" content=\"Vaper CBD Full Spectrum Gelato . El Iguana Pod contiene 600 caladas y una tasa de 1400mg de CBD. No contiene THC ni nicotina.\" \/>\n<meta name=\"robots\" content=\"index, follow, max-snippet:-1, max-image-preview:large, max-video-preview:-1\" \/>\n<link rel=\"canonical\" href=\"https:\/\/iguanasmoke.com\/pl\/product-2\/vape-cbd-full-spectrum-iguana-pod-gelato\/\" \/>\n<meta property=\"og:locale\" content=\"pl_PL\" \/>\n<meta property=\"og:type\" content=\"article\" \/>\n<meta property=\"og:title\" content=\"Vaper CBD Full Spectrum - Gelato\" \/>\n<meta property=\"og:description\" content=\"Caracter\u00edsticas      Sabor a Gelato  Capacidad: 2 ml  Caladas: hasta 600  Terpenos naturales de alta calidad  CBD Full Spectrum 70% 1400mg  THC: 0%, HHC: 0%, THC-P: 0%, Nicotina: 0%  No contiene VG, PG, PEG, MCT u otro agente de corte.    Adem\u00e1s, si quieres puedes consultar el an\u00e1lisis de laboratorio.\" \/>\n<meta property=\"og:url\" content=\"https:\/\/iguanasmoke.com\/pl\/product-2\/vape-cbd-full-spectrum-iguana-pod-gelato\/\" \/>\n<meta property=\"og:site_name\" content=\"Iguana Smoke\" \/>\n<meta property=\"article:publisher\" content=\"https:\/\/www.facebook.com\/iguanasmoke\" \/>\n<meta property=\"article:modified_time\" content=\"2026-03-15T17:51:50+00:00\" \/>\n<meta property=\"og:image\" content=\"https:\/\/iguanasmoke.com\/wp-content\/uploads\/2023\/09\/Mockup-caja-der.-gelato.webp\" \/>\n\t<meta property=\"og:image:width\" content=\"1000\" \/>\n\t<meta property=\"og:image:height\" content=\"1000\" \/>\n\t<meta property=\"og:image:type\" content=\"image\/webp\" \/>\n<meta name=\"twitter:card\" content=\"summary_large_image\" \/>\n<meta name=\"twitter:label1\" content=\"Cena\" \/>\n\t<meta name=\"twitter:data1\" content=\"24,90&nbsp;&euro;\" \/>\n\t<meta name=\"twitter:label2\" content=\"Dost\u0119pno\u015b\u0107\" \/>\n\t<meta name=\"twitter:data2\" content=\"Dost\u0119pny\" \/>\n<meta property=\"product:brand\" content=\"simple\" \/>\n<meta property=\"product:price:amount\" content=\"24.90\" \/>\n<meta property=\"product:price:currency\" content=\"EUR\" \/>\n<meta property=\"og:availability\" content=\"instock\" \/>\n<meta property=\"product:availability\" content=\"instock\" \/>\n<meta property=\"product:retailer_item_id\" content=\"IS-PODFSGEL-600\" \/>\n<meta property=\"product:condition\" content=\"new\" \/>\n<!-- \/ Yoast SEO Premium plugin. -->","yoast_head_json":{"title":"Vaper CBD Full Spectrum Gelato | Iguana Smoke","description":"Vaper CBD Full Spectrum Gelato . El Iguana Pod contiene 600 caladas y una tasa de 1400mg de CBD. No contiene THC ni nicotina.","robots":{"index":"index","follow":"follow","max-snippet":"max-snippet:-1","max-image-preview":"max-image-preview:large","max-video-preview":"max-video-preview:-1"},"canonical":"https:\/\/iguanasmoke.com\/pl\/product-2\/vape-cbd-full-spectrum-iguana-pod-gelato\/","og_locale":"pl_PL","og_type":"article","og_title":"Vaper CBD Full Spectrum - Gelato","og_description":"Caracter\u00edsticas      Sabor a Gelato  Capacidad: 2 ml  Caladas: hasta 600  Terpenos naturales de alta calidad  CBD Full Spectrum 70% 1400mg  THC: 0%, HHC: 0%, THC-P: 0%, Nicotina: 0%  No contiene VG, PG, PEG, MCT u otro agente de corte.    Adem\u00e1s, si quieres puedes consultar el an\u00e1lisis de laboratorio.","og_url":"https:\/\/iguanasmoke.com\/pl\/product-2\/vape-cbd-full-spectrum-iguana-pod-gelato\/","og_site_name":"Iguana Smoke","article_publisher":"https:\/\/www.facebook.com\/iguanasmoke","article_modified_time":"2026-03-15T17:51:50+00:00","og_image":[{"width":1000,"height":1000,"url":"https:\/\/iguanasmoke.com\/wp-content\/uploads\/2023\/09\/Mockup-caja-der.-gelato.webp","type":"image\/webp"}],"twitter_card":"summary_large_image","twitter_misc":{"Cena":"24,90&nbsp;&euro;","Dost\u0119pno\u015b\u0107":"Dost\u0119pny"},"schema":{"@context":"https:\/\/schema.org","@graph":[{"@type":"WebPage","@id":"https:\/\/iguanasmoke.com\/producto\/vape-cbd-full-spectrum-iguana-pod-gelato\/","url":"https:\/\/iguanasmoke.com\/producto\/vape-cbd-full-spectrum-iguana-pod-gelato\/","name":"Vaper CBD Full Spectrum Gelato | Iguana Smoke","isPartOf":{"@id":"https:\/\/iguanasmoke.com\/#website"},"primaryImageOfPage":{"@id":"https:\/\/iguanasmoke.com\/producto\/vape-cbd-full-spectrum-iguana-pod-gelato\/#primaryimage"},"image":{"@id":"https:\/\/iguanasmoke.com\/producto\/vape-cbd-full-spectrum-iguana-pod-gelato\/#primaryimage"},"thumbnailUrl":"https:\/\/iguanasmoke.com\/wp-content\/uploads\/2023\/09\/Mockup-caja-der.-gelato.webp","datePublished":"2023-09-21T15:07:54+00:00","dateModified":"2026-03-15T17:51:50+00:00","description":"Vaper CBD Full Spectrum Gelato . El Iguana Pod contiene 600 caladas y una tasa de 1400mg de CBD. No contiene THC ni nicotina.","breadcrumb":{"@id":"https:\/\/iguanasmoke.com\/producto\/vape-cbd-full-spectrum-iguana-pod-gelato\/#breadcrumb"},"inLanguage":"pl-PL","potentialAction":[{"@type":"ReadAction","target":["https:\/\/iguanasmoke.com\/producto\/vape-cbd-full-spectrum-iguana-pod-gelato\/"]}]},{"@type":"ImageObject","inLanguage":"pl-PL","@id":"https:\/\/iguanasmoke.com\/producto\/vape-cbd-full-spectrum-iguana-pod-gelato\/#primaryimage","url":"https:\/\/iguanasmoke.com\/wp-content\/uploads\/2023\/09\/Mockup-caja-der.-gelato.webp","contentUrl":"https:\/\/iguanasmoke.com\/wp-content\/uploads\/2023\/09\/Mockup-caja-der.-gelato.webp","width":1000,"height":1000,"caption":"vaper cbd full spectrum"},{"@type":"BreadcrumbList","@id":"https:\/\/iguanasmoke.com\/producto\/vape-cbd-full-spectrum-iguana-pod-gelato\/#breadcrumb","itemListElement":[{"@type":"ListItem","position":1,"name":"home","item":"https:\/\/iguanasmoke.com\/"},{"@type":"ListItem","position":2,"name":"Tienda","item":"https:\/\/iguanasmoke.com\/tienda\/"},{"@type":"ListItem","position":3,"name":"Vaper CBD","item":"https:\/\/iguanasmoke.com\/categoria\/vaper-cbd\/"},{"@type":"ListItem","position":4,"name":"Vaper CBD Full Spectrum","item":"https:\/\/iguanasmoke.com\/categoria\/vaper-cbd\/vaper-cbd-full-spectrum\/"},{"@type":"ListItem","position":5,"name":"Vaper CBD Full Spectrum &#8211; Gelato"}]},{"@type":"WebSite","@id":"https:\/\/iguanasmoke.com\/#website","url":"https:\/\/iguanasmoke.com\/","name":"Iguana Smoke","description":"Kup CBD online w najlepszej cenie","publisher":{"@id":"https:\/\/iguanasmoke.com\/#organization"},"potentialAction":[{"@type":"SearchAction","target":{"@type":"EntryPoint","urlTemplate":"https:\/\/iguanasmoke.com\/?s={search_term_string}"},"query-input":{"@type":"PropertyValueSpecification","valueRequired":true,"valueName":"search_term_string"}}],"inLanguage":"pl-PL"},{"@type":"Organization","@id":"https:\/\/iguanasmoke.com\/#organization","name":"Iguana Smoke","url":"https:\/\/iguanasmoke.com\/","logo":{"@type":"ImageObject","inLanguage":"pl-PL","@id":"https:\/\/iguanasmoke.com\/#\/schema\/logo\/image\/","url":"https:\/\/iguanasmoke.com\/wp-content\/uploads\/2025\/01\/logoiguana-favi-1.png","contentUrl":"https:\/\/iguanasmoke.com\/wp-content\/uploads\/2025\/01\/logoiguana-favi-1.png","width":512,"height":512,"caption":"Iguana Smoke"},"image":{"@id":"https:\/\/iguanasmoke.com\/#\/schema\/logo\/image\/"},"sameAs":["https:\/\/www.facebook.com\/iguanasmoke","https:\/\/www.instagram.com\/iguanasmoke\/"]}]},"product_brand":"simple","product_price_amount":"24.90","product_price_currency":"EUR","og_availability":"instock","product_availability":"instock","product_retailer_item_id":"IS-PODFSGEL-600","product_condition":"new"},"_links":{"self":[{"href":"https:\/\/iguanasmoke.com\/pl\/wp-json\/wp\/v2\/product\/20650","targetHints":{"allow":["GET"]}}],"collection":[{"href":"https:\/\/iguanasmoke.com\/pl\/wp-json\/wp\/v2\/product"}],"about":[{"href":"https:\/\/iguanasmoke.com\/pl\/wp-json\/wp\/v2\/types\/product"}],"replies":[{"embeddable":true,"href":"https:\/\/iguanasmoke.com\/pl\/wp-json\/wp\/v2\/comments?post=20650"}],"wp:featuredmedia":[{"embeddable":true,"href":"https:\/\/iguanasmoke.com\/pl\/wp-json\/wp\/v2\/media\/61445"}],"wp:attachment":[{"href":"https:\/\/iguanasmoke.com\/pl\/wp-json\/wp\/v2\/media?parent=20650"}],"wp:term":[{"taxonomy":"product_brand","embeddable":true,"href":"https:\/\/iguanasmoke.com\/pl\/wp-json\/wp\/v2\/product_brand?post=20650"},{"taxonomy":"product_cat","embeddable":true,"href":"https:\/\/iguanasmoke.com\/pl\/wp-json\/wp\/v2\/product_cat?post=20650"},{"taxonomy":"product_tag","embeddable":true,"href":"https:\/\/iguanasmoke.com\/pl\/wp-json\/wp\/v2\/product_tag?post=20650"}],"curies":[{"name":"wp","href":"https:\/\/api.w.org\/{rel}","templated":true}]}}