{"id":22029,"date":"2023-10-26T17:01:24","date_gmt":"2023-10-26T15:01:24","guid":{"rendered":"https:\/\/iguanasmoke.com\/?post_type=product&#038;p=22029"},"modified":"2026-03-16T10:54:40","modified_gmt":"2026-03-16T09:54:40","slug":"hash-cbd-nepal-cream-20","status":"publish","type":"product","link":"https:\/\/iguanasmoke.com\/pl\/producto\/hash-cbd-nepal-cream-20\/","title":{"rendered":"Hash CBD Nepal Cream 20%"},"content":{"rendered":"<h1><span style=\"font-weight: 400\">Nepal Cream Hash 20% CBD: Haszysz premium dla koneser\u00f3w<\/span><\/h1>\n<p><span style=\"font-size: 16px;font-weight: 400\">Dla tych, kt\u00f3rzy szukaj\u0105 wyj\u0105tkowych wra\u017ce\u0144, nasza <strong>Hash CBD Nepal Cream 20% <\/strong>\u00a0to doskona\u0142y wyb\u00f3r. Ten produkt oferuje nie tylko <strong>najwy\u017csza jako\u015b\u0107<\/strong>, ale tak\u017ce charakterystyczny profil aromatyczny i tekstur\u0119. Na przyk\u0142ad, jest to idealny wyb\u00f3r dla tych, kt\u00f3rzy chc\u0105 <strong>kupi\u0107 haszysz online<\/strong> wysoka jako\u015b\u0107. Jest to doskona\u0142y przyk\u0142ad tego, co Hash CBD Nepal ma do zaoferowania.<\/span><\/p>\n<p><span style=\"font-size: 16px;font-weight: 400\">\u0141\u0105cz\u0105c to, co najlepsze z obu \u015bwiat\u00f3w, ta \u017cywica CBD ma silne st\u0119\u017cenie <strong>20% CBD<\/strong>. Ciesz si\u0119 jej niezwyk\u0142ymi korzy\u015bciami relaksacyjnymi i terapeutycznymi bez psychoaktywnych efekt\u00f3w tradycyjnej marihuany.\u00a0\u00a0<\/span><\/p>\n<h2>Charakterystyka Nepal Cream Hash 20% CBD:<\/h2>\n<ul>\n<li><span style=\"font-size: 16px;font-weight: 400\"><strong>Wygl\u0105d i tekstura:<\/strong> Nasz haszysz ma kremow\u0105, plastyczn\u0105 konsystencj\u0119. Jego r\u0119cznie wykonany wygl\u0105d odzwierciedla skrupulatny proces produkcji, dzi\u0119ki czemu wyr\u00f3\u017cnia si\u0119 na rynku. <strong>\u017bywica CBD<\/strong>. Ci, kt\u00f3rzy uwielbiaj\u0105 Nepal Cream CBD Hash, uznaj\u0105 jego konsystencj\u0119 za szczeg\u00f3lnie atrakcyjn\u0105.<\/span><\/li>\n<li><span style=\"font-size: 16px;font-weight: 400\"><strong>Aromat i smak:<\/strong> Prawdziwy spektakl dla zmys\u0142\u00f3w. Ten haszysz zawiera <strong>ziemiste i kwiatowe aromaty<\/strong> z subtelnymi nutami<strong> sosna i cytrusy<\/strong>. G\u0142adki, s\u0142odki posmak z nut\u0105 kremu nadaje jej charakterystyczn\u0105 nazw\u0119.\u00a0<\/span><\/li>\n<li><span style=\"font-size: 16px;font-weight: 400\"><strong>Pochodzenie i czysto\u015b\u0107:<\/strong> Pochodzi ze starannej selekcji najlepszych surowc\u00f3w, gwarantuj\u0105c czysto\u015b\u0107 i wytrzyma\u0142o\u015b\u0107. Ta dba\u0142o\u015b\u0107 o szczeg\u00f3\u0142y zapewnia, \u017ce otrzymujesz produkt wysokiej jako\u015bci, kluczowy dla tych, kt\u00f3rzy szukaj\u0105 <strong>Tanie CBD<\/strong> ale nie chc\u0105 rezygnowa\u0107 z jako\u015bci Hash CBD Nepal Cream.<\/span><\/li>\n<\/ul>\n<p>&nbsp;<\/p>\n<h3><b>Dlaczego warto kupowa\u0107 haszysz i \u017cywic\u0119 CBD od Iguana Smoke?<\/b><\/h3>\n<p><span style=\"font-weight: 400\">W Iguana Smoke stawiamy na jako\u015b\u0107. Nasze produkty haszyszowe CBD s\u0105 100% naturalne i organiczne, bez chemikali\u00f3w i pestycyd\u00f3w. Oznacza to, \u017ce kupuj\u0105c u nas, wybierasz czysty i bezpieczny haszysz i \u017cywic\u0119 CBD. Podobnie jak w przypadku naszych <strong>Nepal Cream CBD Hash 20%<\/strong>.<\/span><\/p>\n<p><span style=\"font-weight: 400\">Mo\u017cesz mie\u0107 pewno\u015b\u0107, \u017ce wszystkie nasze \u017cywice CBD s\u0105 wytwarzane z wysokiej jako\u015bci surowc\u00f3w, kt\u00f3re przechodz\u0105 kontrole laboratoryjne, gwarantuj\u0105ce ich czysto\u015b\u0107 i bezpiecze\u0144stwo. Wiesz ju\u017c, \u017ce Iguana Smoke to twoje bezpieczne miejsce. <strong>gdzie kupi\u0107 CBD, STV i haszysz 10-OH w Hiszpanii: <\/strong>Produkty zatwierdzone przez UE, zawieraj\u0105ce mniej ni\u017c 0,3 % THC, zapewniaj\u0105ce autentyczne i legalne doznania. Mo\u017cesz sprawdzi\u0107 analiz\u0119 jako\u015bci tego haszyszu <a href=\"https:\/\/iguanasmoke.com\/pl\/analityka\/\">tutaj<\/a>.\u00a0<\/span><\/p>\n<p><em><span style=\"font-weight: 400\">Pami\u0119taj: zgodnie z hiszpa\u0144skim prawem jest on przeznaczony do cel\u00f3w kolekcjonerskich lub aromaterapeutycznych.\u00a0<\/span><\/em><\/p>\n<p><span style=\"font-weight: 400\">Co wi\u0119cej, je\u015bli lubisz nasze inne \u017cywice CBD, takie jak<a href=\"https:\/\/iguanasmoke.com\/pl\/product-2\/hash-cbd-50-caramel\/\"> Caramel Hash CBD<\/a> lub <a href=\"https:\/\/iguanasmoke.com\/pl\/product-2\/lemon-haze-hash-cbd-20\/\">Lemon Haze CBD<\/a>, zapewniamy, \u017ce <strong>Nepal Cream Hash<\/strong> zafascynuje Ci\u0119. Nie zapomnij r\u00f3wnie\u017c zapozna\u0107 si\u0119 z innymi popularnymi produktami, takimi jak<a href=\"https:\/\/iguanasmoke.com\/pl\/kategoria\/cbd-vaper-2\/\"> waporyzatory CBD<\/a> y <a href=\"https:\/\/iguanasmoke.com\/pl\/kategoria\/comprar-flor-cbd-cogollos-online\/\">Kwiaty CBD.<\/a> <\/span><span style=\"font-weight: 400\">Zapoznaj si\u0119 z nasz\u0105 ofert\u0105 ju\u017c dzi\u015b i znajd\u017a swoj\u0105 ulubion\u0105.\u00a0<\/span><\/p>\n<p>&nbsp;<\/p>\n<h3><b>Iguana Smoke to synonim jako\u015bci i niezawodno\u015bci.<\/b><\/h3>\n<p><span style=\"font-weight: 400\">W Iguana Smoke wierzymy, \u017ce korzystanie z CBD powinno by\u0107 bezpiecznym, dost\u0119pnym i przyjemnym do\u015bwiadczeniem. Dlatego oferujemy produkty wysokiej jako\u015bci, kt\u00f3re \u0142\u0105cz\u0105 si\u0119 z nowymi pokoleniami: lud\u017ami, kt\u00f3rzy szukaj\u0105 nieskomplikowanego wellness, z autentycznymi i niezawodnymi markami. Nepal Cream CBD Hash jest tego wyra\u017anym przyk\u0142adem.<\/span><\/p>\n<p>Innymi s\u0142owy, nasza misja jest jasna: dostarcza\u0107 najlepsze CBD w uczciwej cenie, ze spokojem wiedz\u0105c, \u017ce wybierasz certyfikowany, skuteczny i legalny produkt 100%. Jeste\u015bmy w czo\u0142\u00f3wce produkt\u00f3w CBD.<\/p>\n<p>Masz jakie\u015b pytania? Napisz do nas, a z przyjemno\u015bci\u0105 pomo\u017cemy Ci znale\u017a\u0107 odpowiedni produkt.<\/p>","protected":false},"excerpt":{"rendered":"<p><span style=\"font-weight: 400\">Nasz Nepal Cream Hash CBD 20% wyr\u00f3\u017cnia si\u0119 intensywnym aromatem ze s\u0142odkimi nutami. Idealny dla os\u00f3b poszukuj\u0105cych autentycznych dozna\u0144 przy zakupie taniego CBD online.<\/span><\/p>\n<ul>\n<li>CBD: 20% \/ THC: &lt;0,3%<\/li>\n<li>Kremowa i plastyczna konsystencja<\/li>\n<li>100% legalny w Europie<\/li>\n<\/ul>\n<p>Analiza jako\u015bci: kliknij\u00a0<a href=\"https:\/\/iguanasmoke.com\/pl\/analityka\/\" target=\"_blank\" rel=\"noopener\">tutaj<\/a><\/p>","protected":false},"featured_media":60799,"comment_status":"open","ping_status":"closed","template":"","meta":{"_acf_changed":false,"site-sidebar-layout":"default","site-content-layout":"default","ast-site-content-layout":"default","site-content-style":"default","site-sidebar-style":"default","ast-global-header-display":"","ast-banner-title-visibility":"","ast-main-header-display":"","ast-hfb-above-header-display":"","ast-hfb-below-header-display":"","ast-hfb-mobile-header-display":"","site-post-title":"","ast-breadcrumbs-content":"","ast-featured-img":"","footer-sml-layout":"","theme-transparent-header-meta":"default","adv-header-id-meta":"","stick-header-meta":"","header-above-stick-meta":"","header-main-stick-meta":"","header-below-stick-meta":"","astra-migrate-meta-layouts":"set","ast-page-background-enabled":"default","ast-page-background-meta":{"desktop":{"background-color":"var(--ast-global-color-4)","background-image":"","background-repeat":"repeat","background-position":"center center","background-size":"auto","background-attachment":"scroll","background-type":"","background-media":"","overlay-type":"","overlay-color":"","overlay-opacity":"","overlay-gradient":""},"tablet":{"background-color":"","background-image":"","background-repeat":"repeat","background-position":"center center","background-size":"auto","background-attachment":"scroll","background-type":"","background-media":"","overlay-type":"","overlay-color":"","overlay-opacity":"","overlay-gradient":""},"mobile":{"background-color":"","background-image":"","background-repeat":"repeat","background-position":"center center","background-size":"auto","background-attachment":"scroll","background-type":"","background-media":"","overlay-type":"","overlay-color":"","overlay-opacity":"","overlay-gradient":""}},"ast-content-background-meta":{"desktop":{"background-color":"var(--ast-global-color-5)","background-image":"","background-repeat":"repeat","background-position":"center center","background-size":"auto","background-attachment":"scroll","background-type":"","background-media":"","overlay-type":"","overlay-color":"","overlay-opacity":"","overlay-gradient":""},"tablet":{"background-color":"var(--ast-global-color-5)","background-image":"","background-repeat":"repeat","background-position":"center center","background-size":"auto","background-attachment":"scroll","background-type":"","background-media":"","overlay-type":"","overlay-color":"","overlay-opacity":"","overlay-gradient":""},"mobile":{"background-color":"var(--ast-global-color-5)","background-image":"","background-repeat":"repeat","background-position":"center center","background-size":"auto","background-attachment":"scroll","background-type":"","background-media":"","overlay-type":"","overlay-color":"","overlay-opacity":"","overlay-gradient":""}}},"product_brand":[],"product_cat":[397],"product_tag":[],"class_list":{"0":"post-22029","1":"product","2":"type-product","3":"status-publish","4":"has-post-thumbnail","6":"product_cat-hash-cbd","7":"desktop-align-center","8":"tablet-align-center","9":"mobile-align-center","11":"first","12":"instock","13":"taxable","14":"shipping-taxable","15":"purchasable","16":"product-type-variable"},"acf":[],"yoast_head":"<!-- This site is optimized with the Yoast SEO Premium plugin v27.3 (Yoast SEO v27.3) - https:\/\/yoast.com\/product\/yoast-seo-premium-wordpress\/ -->\n<title>Hash CBD Nepal Cream: Hach\u00eds Online Barato | Iguana Smoke<\/title>\n<meta name=\"description\" content=\"Disfruta de nuestro potente Hash CBD Nepal Cream 20%. Es la elecci\u00f3n ideal para quienes buscan calidad-precio al comprar hach\u00eds online. \u00a1Compra hash ahora!\" \/>\n<meta name=\"robots\" content=\"index, follow, max-snippet:-1, max-image-preview:large, max-video-preview:-1\" \/>\n<link rel=\"canonical\" href=\"https:\/\/iguanasmoke.com\/pl\/product-2\/hash-cbd-nepal-cream-20\/\" \/>\n<meta property=\"og:locale\" content=\"pl_PL\" \/>\n<meta property=\"og:type\" content=\"article\" \/>\n<meta property=\"og:title\" content=\"Hash CBD Nepal Cream 20%\" \/>\n<meta property=\"og:description\" content=\"Nuestro Nepal Cream Hash CBD 20% destaca por su intenso aroma con tonos dulces. Ideal para ti, si buscas una experiencia aut\u00e9ntica comprando CBD barato online.   CBD: 20% \/ THC: &lt;0,3%  Textura cremosa y maleable  100% legal en Europa  An\u00e1lisis de calidad: pincha\u00a0aqu\u00ed\" \/>\n<meta property=\"og:url\" content=\"https:\/\/iguanasmoke.com\/pl\/product-2\/hash-cbd-nepal-cream-20\/\" \/>\n<meta property=\"og:site_name\" content=\"Iguana Smoke\" \/>\n<meta property=\"article:publisher\" content=\"https:\/\/www.facebook.com\/iguanasmoke\" \/>\n<meta property=\"article:modified_time\" content=\"2026-03-16T09:54:40+00:00\" \/>\n<meta property=\"og:image\" content=\"https:\/\/iguanasmoke.com\/wp-content\/uploads\/2023\/08\/Hash-Nepal.webp\" \/>\n\t<meta property=\"og:image:width\" content=\"1000\" \/>\n\t<meta property=\"og:image:height\" content=\"1000\" \/>\n\t<meta property=\"og:image:type\" content=\"image\/webp\" \/>\n<meta name=\"twitter:card\" content=\"summary_large_image\" \/>\n<meta name=\"twitter:label1\" content=\"Dost\u0119pno\u015b\u0107\" \/>\n\t<meta name=\"twitter:data1\" content=\"Dost\u0119pny\" \/>\n<meta property=\"product:brand\" content=\"variable\" \/>\n<meta property=\"og:availability\" content=\"instock\" \/>\n<meta property=\"product:availability\" content=\"instock\" \/>\n<meta property=\"product:condition\" content=\"new\" \/>\n<!-- \/ Yoast SEO Premium plugin. -->","yoast_head_json":{"title":"Hash CBD Nepal Cream: tani haszysz online | Iguana Smoke","description":"Ciesz si\u0119 naszym silnym CBD Nepal Cream Hash 20%. Jest to idealny wyb\u00f3r dla tych, kt\u00f3rzy szukaj\u0105 dobrego stosunku jako\u015bci do ceny przy zakupie haszyszu online - kup haszysz ju\u017c teraz!","robots":{"index":"index","follow":"follow","max-snippet":"max-snippet:-1","max-image-preview":"max-image-preview:large","max-video-preview":"max-video-preview:-1"},"canonical":"https:\/\/iguanasmoke.com\/pl\/product-2\/hash-cbd-nepal-cream-20\/","og_locale":"pl_PL","og_type":"article","og_title":"Hash CBD Nepal Cream 20%","og_description":"Nuestro Nepal Cream Hash CBD 20% destaca por su intenso aroma con tonos dulces. Ideal para ti, si buscas una experiencia aut\u00e9ntica comprando CBD barato online.   CBD: 20% \/ THC: &lt;0,3%  Textura cremosa y maleable  100% legal en Europa  An\u00e1lisis de calidad: pincha\u00a0aqu\u00ed","og_url":"https:\/\/iguanasmoke.com\/pl\/product-2\/hash-cbd-nepal-cream-20\/","og_site_name":"Iguana Smoke","article_publisher":"https:\/\/www.facebook.com\/iguanasmoke","article_modified_time":"2026-03-16T09:54:40+00:00","og_image":[{"width":1000,"height":1000,"url":"https:\/\/iguanasmoke.com\/wp-content\/uploads\/2023\/08\/Hash-Nepal.webp","type":"image\/webp"}],"twitter_card":"summary_large_image","twitter_misc":{"Dost\u0119pno\u015b\u0107":"Dost\u0119pny"},"schema":{"@context":"https:\/\/schema.org","@graph":[{"@type":"WebPage","@id":"https:\/\/iguanasmoke.com\/producto\/hash-cbd-nepal-cream-20\/","url":"https:\/\/iguanasmoke.com\/producto\/hash-cbd-nepal-cream-20\/","name":"Hash CBD Nepal Cream: tani haszysz online | Iguana Smoke","isPartOf":{"@id":"https:\/\/iguanasmoke.com\/#website"},"primaryImageOfPage":{"@id":"https:\/\/iguanasmoke.com\/producto\/hash-cbd-nepal-cream-20\/#primaryimage"},"image":{"@id":"https:\/\/iguanasmoke.com\/producto\/hash-cbd-nepal-cream-20\/#primaryimage"},"thumbnailUrl":"https:\/\/iguanasmoke.com\/wp-content\/uploads\/2023\/08\/Hash-Nepal.webp","datePublished":"2023-10-26T15:01:24+00:00","dateModified":"2026-03-16T09:54:40+00:00","description":"Ciesz si\u0119 naszym silnym CBD Nepal Cream Hash 20%. Jest to idealny wyb\u00f3r dla tych, kt\u00f3rzy szukaj\u0105 dobrego stosunku jako\u015bci do ceny przy zakupie haszyszu online - kup haszysz ju\u017c teraz!","breadcrumb":{"@id":"https:\/\/iguanasmoke.com\/producto\/hash-cbd-nepal-cream-20\/#breadcrumb"},"inLanguage":"pl-PL","potentialAction":[{"@type":"ReadAction","target":["https:\/\/iguanasmoke.com\/producto\/hash-cbd-nepal-cream-20\/"]}]},{"@type":"ImageObject","inLanguage":"pl-PL","@id":"https:\/\/iguanasmoke.com\/producto\/hash-cbd-nepal-cream-20\/#primaryimage","url":"https:\/\/iguanasmoke.com\/wp-content\/uploads\/2023\/08\/Hash-Nepal.webp","contentUrl":"https:\/\/iguanasmoke.com\/wp-content\/uploads\/2023\/08\/Hash-Nepal.webp","width":1000,"height":1000,"caption":"hash cbd nepal"},{"@type":"BreadcrumbList","@id":"https:\/\/iguanasmoke.com\/producto\/hash-cbd-nepal-cream-20\/#breadcrumb","itemListElement":[{"@type":"ListItem","position":1,"name":"home","item":"https:\/\/iguanasmoke.com\/"},{"@type":"ListItem","position":2,"name":"Tienda","item":"https:\/\/iguanasmoke.com\/tienda\/"},{"@type":"ListItem","position":3,"name":"Hash CBD","item":"https:\/\/iguanasmoke.com\/categoria\/hash-cbd\/"},{"@type":"ListItem","position":4,"name":"Hash CBD Nepal Cream 20%"}]},{"@type":"WebSite","@id":"https:\/\/iguanasmoke.com\/#website","url":"https:\/\/iguanasmoke.com\/","name":"Iguana Smoke","description":"Kup CBD online w najlepszej cenie","publisher":{"@id":"https:\/\/iguanasmoke.com\/#organization"},"potentialAction":[{"@type":"SearchAction","target":{"@type":"EntryPoint","urlTemplate":"https:\/\/iguanasmoke.com\/?s={search_term_string}"},"query-input":{"@type":"PropertyValueSpecification","valueRequired":true,"valueName":"search_term_string"}}],"inLanguage":"pl-PL"},{"@type":"Organization","@id":"https:\/\/iguanasmoke.com\/#organization","name":"Iguana Smoke","url":"https:\/\/iguanasmoke.com\/","logo":{"@type":"ImageObject","inLanguage":"pl-PL","@id":"https:\/\/iguanasmoke.com\/#\/schema\/logo\/image\/","url":"https:\/\/iguanasmoke.com\/wp-content\/uploads\/2025\/01\/logoiguana-favi-1.png","contentUrl":"https:\/\/iguanasmoke.com\/wp-content\/uploads\/2025\/01\/logoiguana-favi-1.png","width":512,"height":512,"caption":"Iguana Smoke"},"image":{"@id":"https:\/\/iguanasmoke.com\/#\/schema\/logo\/image\/"},"sameAs":["https:\/\/www.facebook.com\/iguanasmoke","https:\/\/www.instagram.com\/iguanasmoke\/"]}]},"product_brand":"variable","og_availability":"instock","product_availability":"instock","product_condition":"new"},"_links":{"self":[{"href":"https:\/\/iguanasmoke.com\/pl\/wp-json\/wp\/v2\/product\/22029","targetHints":{"allow":["GET"]}}],"collection":[{"href":"https:\/\/iguanasmoke.com\/pl\/wp-json\/wp\/v2\/product"}],"about":[{"href":"https:\/\/iguanasmoke.com\/pl\/wp-json\/wp\/v2\/types\/product"}],"replies":[{"embeddable":true,"href":"https:\/\/iguanasmoke.com\/pl\/wp-json\/wp\/v2\/comments?post=22029"}],"wp:featuredmedia":[{"embeddable":true,"href":"https:\/\/iguanasmoke.com\/pl\/wp-json\/wp\/v2\/media\/60799"}],"wp:attachment":[{"href":"https:\/\/iguanasmoke.com\/pl\/wp-json\/wp\/v2\/media?parent=22029"}],"wp:term":[{"taxonomy":"product_brand","embeddable":true,"href":"https:\/\/iguanasmoke.com\/pl\/wp-json\/wp\/v2\/product_brand?post=22029"},{"taxonomy":"product_cat","embeddable":true,"href":"https:\/\/iguanasmoke.com\/pl\/wp-json\/wp\/v2\/product_cat?post=22029"},{"taxonomy":"product_tag","embeddable":true,"href":"https:\/\/iguanasmoke.com\/pl\/wp-json\/wp\/v2\/product_tag?post=22029"}],"curies":[{"name":"wp","href":"https:\/\/api.w.org\/{rel}","templated":true}]}}