{"id":22945,"date":"2023-11-16T08:49:20","date_gmt":"2023-11-16T07:49:20","guid":{"rendered":"https:\/\/iguanasmoke.com\/?post_type=product&#038;p=22945"},"modified":"2026-02-13T15:40:13","modified_gmt":"2026-02-13T14:40:13","slug":"smycz-mario-iguana-rocks","status":"publish","type":"product","link":"https:\/\/iguanasmoke.com\/pl\/producto\/lanyard-mario-iguana-rocks\/","title":{"rendered":"Smycz Mario Iguana Rocks"},"content":{"rendered":"<h1><span style=\"font-weight: 400;\">Smycz Mario Iguana Rocks<\/span><\/h1>\n<p data-start=\"106\" data-end=\"376\">Dodaj niepowtarzalny styl swoim przedmiotom dzi\u0119ki <strong data-start=\"163\" data-end=\"196\">Smycz Mario Iguana Rocks<\/strong>, dodatek zaprojektowany dla tych, kt\u00f3rzy dbaj\u0105 o ka\u017cdy szczeg\u00f3\u0142. Zainspirowana kolekcj\u0105 Iguana in Japan, \u0142\u0105czy ekskluzywny design z funkcjonalno\u015bci\u0105, kt\u00f3rej potrzebujesz na co dzie\u0144.<\/p>\n<p data-start=\"378\" data-end=\"649\">Wykonany z wytrzyma\u0142ych i wysokiej jako\u015bci materia\u0142\u00f3w, zapewnia trwa\u0142o\u015b\u0107 bez rezygnacji z komfortu. Jego lekki i g\u0142adki wyko\u0144czenie pozwala na noszenie go przez wiele godzin w pe\u0142nym komforcie, czy to na klucze, identyfikatory, dowody osobiste, czy inne niewielkie niezb\u0119dne akcesoria.<\/p>\n<p data-start=\"651\" data-end=\"919\" data-is-last-node=\"\" data-is-only-node=\"\">Wi\u0119cej ni\u017c tylko smycz, to element odzwierciedlaj\u0105cy postaw\u0119, kreatywno\u015b\u0107 i miejsk\u0105 to\u017csamo\u015b\u0107 Iguana Smoke. Idealny na festiwale, imprezy, do pracy lub do codziennego u\u017cytku, ten <strong data-start=\"823\" data-end=\"856\">Smycz Mario Iguana Rocks <\/strong>przekszta\u0142\u0107 podstaw\u0119 w dodatek z w\u0142asn\u0105 osobowo\u015bci\u0105.<\/p>\n<p>&nbsp;<\/p>","protected":false},"excerpt":{"rendered":"<p>Akcesoria Iguana Smoke<\/p>\n<ul>\n<li>Ekskluzywny projekt <strong data-start=\"163\" data-end=\"196\">Mario Iguana Rock<\/strong><\/li>\n<li>Smycz poliestrowa<\/li>\n<li>Rozk\u0142adany na 2 cz\u0119\u015bci<\/li>\n<li>Hak metalowy<\/li>\n<\/ul>","protected":false},"featured_media":22943,"comment_status":"open","ping_status":"closed","template":"","meta":{"_acf_changed":false,"site-sidebar-layout":"default","site-content-layout":"","ast-site-content-layout":"default","site-content-style":"default","site-sidebar-style":"default","ast-global-header-display":"","ast-banner-title-visibility":"","ast-main-header-display":"","ast-hfb-above-header-display":"","ast-hfb-below-header-display":"","ast-hfb-mobile-header-display":"","site-post-title":"","ast-breadcrumbs-content":"","ast-featured-img":"","footer-sml-layout":"","theme-transparent-header-meta":"default","adv-header-id-meta":"","stick-header-meta":"","header-above-stick-meta":"","header-main-stick-meta":"","header-below-stick-meta":"","astra-migrate-meta-layouts":"set","ast-page-background-enabled":"default","ast-page-background-meta":{"desktop":{"background-color":"var(--ast-global-color-4)","background-image":"","background-repeat":"repeat","background-position":"center center","background-size":"auto","background-attachment":"scroll","background-type":"","background-media":"","overlay-type":"","overlay-color":"","overlay-opacity":"","overlay-gradient":""},"tablet":{"background-color":"","background-image":"","background-repeat":"repeat","background-position":"center center","background-size":"auto","background-attachment":"scroll","background-type":"","background-media":"","overlay-type":"","overlay-color":"","overlay-opacity":"","overlay-gradient":""},"mobile":{"background-color":"","background-image":"","background-repeat":"repeat","background-position":"center center","background-size":"auto","background-attachment":"scroll","background-type":"","background-media":"","overlay-type":"","overlay-color":"","overlay-opacity":"","overlay-gradient":""}},"ast-content-background-meta":{"desktop":{"background-color":"var(--ast-global-color-5)","background-image":"","background-repeat":"repeat","background-position":"center center","background-size":"auto","background-attachment":"scroll","background-type":"","background-media":"","overlay-type":"","overlay-color":"","overlay-opacity":"","overlay-gradient":""},"tablet":{"background-color":"var(--ast-global-color-5)","background-image":"","background-repeat":"repeat","background-position":"center center","background-size":"auto","background-attachment":"scroll","background-type":"","background-media":"","overlay-type":"","overlay-color":"","overlay-opacity":"","overlay-gradient":""},"mobile":{"background-color":"var(--ast-global-color-5)","background-image":"","background-repeat":"repeat","background-position":"center center","background-size":"auto","background-attachment":"scroll","background-type":"","background-media":"","overlay-type":"","overlay-color":"","overlay-opacity":"","overlay-gradient":""}}},"product_brand":[],"product_cat":[438,436],"product_tag":[],"class_list":{"0":"post-22945","1":"product","2":"type-product","3":"status-publish","4":"has-post-thumbnail","6":"product_cat-lanyards","7":"product_cat-merchandise-de-iguana-smoke","8":"desktop-align-center","9":"tablet-align-center","10":"mobile-align-center","12":"first","13":"outofstock","14":"taxable","15":"shipping-taxable","16":"purchasable","17":"product-type-simple"},"acf":[],"yoast_head":"<!-- This site is optimized with the Yoast SEO Premium plugin v27.3 (Yoast SEO v27.3) - https:\/\/yoast.com\/product\/yoast-seo-premium-wordpress\/ -->\n<title>Lanyard Mario Iguana Rocks | Iguana Smoke<\/title>\n<meta name=\"description\" content=\"Haz que tus pertenencias se destaquen con el Lanyard Mario Iguana Rocks. Fabricado con materiales de alta calidad y resistencia, \u00a1compra el tuyo ahora!\" \/>\n<meta name=\"robots\" content=\"index, follow, max-snippet:-1, max-image-preview:large, max-video-preview:-1\" \/>\n<link rel=\"canonical\" href=\"https:\/\/iguanasmoke.com\/pl\/product-2\/smycz-mario-iguana-rocks\/\" \/>\n<meta property=\"og:locale\" content=\"pl_PL\" \/>\n<meta property=\"og:type\" content=\"article\" \/>\n<meta property=\"og:title\" content=\"Lanyard Mario Iguana Rocks\" \/>\n<meta property=\"og:description\" content=\"Accesorios Iguana Smoke   Dise\u00f1o exclusivo Mario Iguana Rocks  Lanyard de Polyester  Desmontable en 2 partes  Gancho de metal\" \/>\n<meta property=\"og:url\" content=\"https:\/\/iguanasmoke.com\/pl\/product-2\/smycz-mario-iguana-rocks\/\" \/>\n<meta property=\"og:site_name\" content=\"Iguana Smoke\" \/>\n<meta property=\"article:publisher\" content=\"https:\/\/www.facebook.com\/iguanasmoke\" \/>\n<meta property=\"article:modified_time\" content=\"2026-02-13T14:40:13+00:00\" \/>\n<meta property=\"og:image\" content=\"https:\/\/iguanasmoke.com\/wp-content\/uploads\/2023\/11\/Correa-Iguana-Rockera-webp.webp\" \/>\n\t<meta property=\"og:image:width\" content=\"500\" \/>\n\t<meta property=\"og:image:height\" content=\"500\" \/>\n\t<meta property=\"og:image:type\" content=\"image\/webp\" \/>\n<meta name=\"twitter:card\" content=\"summary_large_image\" \/>\n<meta name=\"twitter:label1\" content=\"Cena\" \/>\n\t<meta name=\"twitter:data1\" content=\"6,00&nbsp;&euro;\" \/>\n\t<meta name=\"twitter:label2\" content=\"Dost\u0119pno\u015b\u0107\" \/>\n\t<meta name=\"twitter:data2\" content=\"Brak w magazynie\" \/>\n<meta property=\"product:brand\" content=\"simple\" \/>\n<meta property=\"product:price:amount\" content=\"6.00\" \/>\n<meta property=\"product:price:currency\" content=\"EUR\" \/>\n<meta property=\"og:availability\" content=\"out of stock\" \/>\n<meta property=\"product:availability\" content=\"out of stock\" \/>\n<meta property=\"product:retailer_item_id\" content=\"IS-LAN-RCK\" \/>\n<meta property=\"product:condition\" content=\"new\" \/>\n<!-- \/ Yoast SEO Premium plugin. -->","yoast_head_json":{"title":"Smycz Mario Iguana Rocks | \u017b\u00f3\u0142w dymny","description":"Spraw, aby Twoje rzeczy wyr\u00f3\u017cnia\u0142y si\u0119 dzi\u0119ki smyczce Mario Iguana Rocks. Wykonana z wysokiej jako\u015bci i wytrzyma\u0142ych materia\u0142\u00f3w, kup teraz!","robots":{"index":"index","follow":"follow","max-snippet":"max-snippet:-1","max-image-preview":"max-image-preview:large","max-video-preview":"max-video-preview:-1"},"canonical":"https:\/\/iguanasmoke.com\/pl\/product-2\/smycz-mario-iguana-rocks\/","og_locale":"pl_PL","og_type":"article","og_title":"Lanyard Mario Iguana Rocks","og_description":"Accesorios Iguana Smoke   Dise\u00f1o exclusivo Mario Iguana Rocks  Lanyard de Polyester  Desmontable en 2 partes  Gancho de metal","og_url":"https:\/\/iguanasmoke.com\/pl\/product-2\/smycz-mario-iguana-rocks\/","og_site_name":"Iguana Smoke","article_publisher":"https:\/\/www.facebook.com\/iguanasmoke","article_modified_time":"2026-02-13T14:40:13+00:00","og_image":[{"width":500,"height":500,"url":"https:\/\/iguanasmoke.com\/wp-content\/uploads\/2023\/11\/Correa-Iguana-Rockera-webp.webp","type":"image\/webp"}],"twitter_card":"summary_large_image","twitter_misc":{"Cena":"6,00&nbsp;&euro;","Dost\u0119pno\u015b\u0107":"Brak w magazynie"},"schema":{"@context":"https:\/\/schema.org","@graph":[{"@type":"WebPage","@id":"https:\/\/iguanasmoke.com\/producto\/lanyard-mario-iguana-rocks\/","url":"https:\/\/iguanasmoke.com\/producto\/lanyard-mario-iguana-rocks\/","name":"Smycz Mario Iguana Rocks | \u017b\u00f3\u0142w dymny","isPartOf":{"@id":"https:\/\/iguanasmoke.com\/#website"},"primaryImageOfPage":{"@id":"https:\/\/iguanasmoke.com\/producto\/lanyard-mario-iguana-rocks\/#primaryimage"},"image":{"@id":"https:\/\/iguanasmoke.com\/producto\/lanyard-mario-iguana-rocks\/#primaryimage"},"thumbnailUrl":"https:\/\/iguanasmoke.com\/wp-content\/uploads\/2023\/11\/Correa-Iguana-Rockera-webp.webp","datePublished":"2023-11-16T07:49:20+00:00","dateModified":"2026-02-13T14:40:13+00:00","description":"Spraw, aby Twoje rzeczy wyr\u00f3\u017cnia\u0142y si\u0119 dzi\u0119ki smyczce Mario Iguana Rocks. Wykonana z wysokiej jako\u015bci i wytrzyma\u0142ych materia\u0142\u00f3w, kup teraz!","breadcrumb":{"@id":"https:\/\/iguanasmoke.com\/producto\/lanyard-mario-iguana-rocks\/#breadcrumb"},"inLanguage":"pl-PL","potentialAction":[{"@type":"ReadAction","target":["https:\/\/iguanasmoke.com\/producto\/lanyard-mario-iguana-rocks\/"]}]},{"@type":"ImageObject","inLanguage":"pl-PL","@id":"https:\/\/iguanasmoke.com\/producto\/lanyard-mario-iguana-rocks\/#primaryimage","url":"https:\/\/iguanasmoke.com\/wp-content\/uploads\/2023\/11\/Correa-Iguana-Rockera-webp.webp","contentUrl":"https:\/\/iguanasmoke.com\/wp-content\/uploads\/2023\/11\/Correa-Iguana-Rockera-webp.webp","width":500,"height":500,"caption":"lanyard mario rocks"},{"@type":"BreadcrumbList","@id":"https:\/\/iguanasmoke.com\/producto\/lanyard-mario-iguana-rocks\/#breadcrumb","itemListElement":[{"@type":"ListItem","position":1,"name":"home","item":"https:\/\/iguanasmoke.com\/"},{"@type":"ListItem","position":2,"name":"Tienda","item":"https:\/\/iguanasmoke.com\/tienda\/"},{"@type":"ListItem","position":3,"name":"Ropa y Accesorios","item":"https:\/\/iguanasmoke.com\/categoria\/ropa-y-accesorios\/"},{"@type":"ListItem","position":4,"name":"Lanyards","item":"https:\/\/iguanasmoke.com\/categoria\/ropa-y-accesorios\/lanyards\/"},{"@type":"ListItem","position":5,"name":"Lanyard Mario Iguana Rocks"}]},{"@type":"WebSite","@id":"https:\/\/iguanasmoke.com\/#website","url":"https:\/\/iguanasmoke.com\/","name":"Iguana Smoke","description":"Kup CBD online w najlepszej cenie","publisher":{"@id":"https:\/\/iguanasmoke.com\/#organization"},"potentialAction":[{"@type":"SearchAction","target":{"@type":"EntryPoint","urlTemplate":"https:\/\/iguanasmoke.com\/?s={search_term_string}"},"query-input":{"@type":"PropertyValueSpecification","valueRequired":true,"valueName":"search_term_string"}}],"inLanguage":"pl-PL"},{"@type":"Organization","@id":"https:\/\/iguanasmoke.com\/#organization","name":"Iguana Smoke","url":"https:\/\/iguanasmoke.com\/","logo":{"@type":"ImageObject","inLanguage":"pl-PL","@id":"https:\/\/iguanasmoke.com\/#\/schema\/logo\/image\/","url":"https:\/\/iguanasmoke.com\/wp-content\/uploads\/2025\/01\/logoiguana-favi-1.png","contentUrl":"https:\/\/iguanasmoke.com\/wp-content\/uploads\/2025\/01\/logoiguana-favi-1.png","width":512,"height":512,"caption":"Iguana Smoke"},"image":{"@id":"https:\/\/iguanasmoke.com\/#\/schema\/logo\/image\/"},"sameAs":["https:\/\/www.facebook.com\/iguanasmoke","https:\/\/www.instagram.com\/iguanasmoke\/"]}]},"product_brand":"simple","product_price_amount":"6.00","product_price_currency":"EUR","og_availability":"out of stock","product_availability":"out of stock","product_retailer_item_id":"IS-LAN-RCK","product_condition":"new"},"_links":{"self":[{"href":"https:\/\/iguanasmoke.com\/pl\/wp-json\/wp\/v2\/product\/22945","targetHints":{"allow":["GET"]}}],"collection":[{"href":"https:\/\/iguanasmoke.com\/pl\/wp-json\/wp\/v2\/product"}],"about":[{"href":"https:\/\/iguanasmoke.com\/pl\/wp-json\/wp\/v2\/types\/product"}],"replies":[{"embeddable":true,"href":"https:\/\/iguanasmoke.com\/pl\/wp-json\/wp\/v2\/comments?post=22945"}],"wp:featuredmedia":[{"embeddable":true,"href":"https:\/\/iguanasmoke.com\/pl\/wp-json\/wp\/v2\/media\/22943"}],"wp:attachment":[{"href":"https:\/\/iguanasmoke.com\/pl\/wp-json\/wp\/v2\/media?parent=22945"}],"wp:term":[{"taxonomy":"product_brand","embeddable":true,"href":"https:\/\/iguanasmoke.com\/pl\/wp-json\/wp\/v2\/product_brand?post=22945"},{"taxonomy":"product_cat","embeddable":true,"href":"https:\/\/iguanasmoke.com\/pl\/wp-json\/wp\/v2\/product_cat?post=22945"},{"taxonomy":"product_tag","embeddable":true,"href":"https:\/\/iguanasmoke.com\/pl\/wp-json\/wp\/v2\/product_tag?post=22945"}],"curies":[{"name":"wp","href":"https:\/\/api.w.org\/{rel}","templated":true}]}}