{"id":23011,"date":"2023-11-17T23:37:41","date_gmt":"2023-11-17T22:37:41","guid":{"rendered":"https:\/\/iguanasmoke.com\/?post_type=product&#038;p=23011"},"modified":"2026-03-15T18:49:37","modified_gmt":"2026-03-15T17:49:37","slug":"wklad-cbd-full-spectrum-mango","status":"publish","type":"product","link":"https:\/\/iguanasmoke.com\/pl\/producto\/cartucho-cbd-full-spectrum-mango\/","title":{"rendered":"Wk\u0142ad CBD Full Spectrum - Mango"},"content":{"rendered":"<h1><span style=\"font-weight: 400\">Wk\u0142ad CBD Full Spectrum: Mango<\/span><\/h1>\n<p><span style=\"font-weight: 400\">Odkryj <strong>Wk\u0142ad CBD Full Spectrum Mango<\/strong>, dost\u0119pny klejnot wellness <strong>wy\u0142\u0105cznie w Iguana Smoke<\/strong>. <\/span><span style=\"font-weight: 400\">Zaprojektowany dla tych, kt\u00f3rzy szukaj\u0105 <strong>Pe\u0142ne do\u015bwiadczenie vape<\/strong>, <strong>naturalny i mocny<\/strong>, to <strong>Vaper CBD<\/strong> \u0142\u0105czy terapeutyczn\u0105 moc kannabidiolu z niepowtarzalnym aromatem mango.\u00a0<\/span><\/p>\n<p><span style=\"font-weight: 400\">Zgadza si\u0119, nasz <strong>Wk\u0142ad CBD<\/strong> jest wykonany z <strong>Organiczny ekstrakt z konopi Full Spectrum<\/strong>, Zawiera wszystkie kannabinoidy i terpeny ro\u015bliny. Zawiera r\u00f3wnie\u017c <strong>700 mg CBD\/1400 mg CBD<\/strong> (70% st\u0119\u017cenia) i zapewnia mi\u0119dzy <strong>300(1ml)<\/strong> y <strong>600 (2 ml) zaci\u0105gni\u0119\u0107<\/strong>. <\/span><\/p>\n<p><span style=\"font-weight: 400\">Ciesz si\u0119 <strong>Szybka i trwa\u0142a ulga<\/strong>, Idealny do towarzyszenia w chwilach stresu, niepokoju lub odpoczynku.\u00a0<\/span><\/p>\n<p>&nbsp;<\/p>\n<h2><strong>G\u0142\u00f3wne cechy:<\/strong><\/h2>\n<ul>\n<li><span style=\"font-weight: 400\"><strong>Wysokiej jako\u015bci CBD pe\u0142ne spektrum<\/strong>, z naturalnym profilem kannabinoidowym.<\/span><\/li>\n<li><span style=\"font-weight: 400\"><strong>Organiczny ekstrakt z konopi<\/strong>, nie zawiera dodatk\u00f3w i rozpuszczalnik\u00f3w <\/span><\/li>\n<li><span style=\"font-weight: 400\">Dost\u0119pne w <strong>1 ml i 2 ml<\/strong>. <\/span><\/li>\n<li><span style=\"font-weight: 400\">Do <strong>300 zaci\u0105gni\u0119\u0107 (1 ml) i 600 zaci\u0105gni\u0119\u0107 (2 ml)<\/strong>. <\/span><\/li>\n<li><span style=\"font-weight: 400\"><strong>Brak wykrywalnego THC<\/strong>. <\/span><\/li>\n<li><span style=\"font-weight: 400\"><strong>Jako\u015b\u0107 gwarantowana przez Iguana Smoke<\/strong>.<\/span><\/li>\n<\/ul>\n<p>&nbsp;<\/p>\n<h2><strong>Korzy\u015bci:<\/strong><\/h2>\n<ul>\n<li><span style=\"font-weight: 400\"><strong>Szybka i skuteczna ulga<\/strong>, dzi\u0119ki biodost\u0119pno\u015bci waporyzacji.<\/span><\/li>\n<li><span style=\"font-weight: 400\">Promuje <strong>relaksacja<\/strong> i <strong>dobrobyt<\/strong> Og\u00f3lny.<\/span><\/li>\n<li><span style=\"font-weight: 400\"><strong>Bez niepo\u017c\u0105danych efekt\u00f3w psychoaktywnych<\/strong>.<\/span><\/li>\n<li><span style=\"font-weight: 400\">Idealny dla <strong>codzienne u\u017cytkowanie<\/strong>, w domu lub na zewn\u0105trz, <strong>bez zapachu i spalania<\/strong>.<\/span><\/li>\n<\/ul>\n<p><span style=\"font-weight: 400\">The <strong>Vaper CBD<\/strong> to najwygodniejszy i najczystszy spos\u00f3b, aby cieszy\u0107 si\u0119 wszystkimi zaletami <strong>korzy\u015bci z kannabidiolu<\/strong>, Bez konserwacji, bez zamieszania, bez k\u0142opot\u00f3w.\u00a0<\/span><\/p>\n<p>&nbsp;<\/p>\n<h2><strong>Czym jest jednorazowy kartrid\u017c CBD?<\/strong><\/h2>\n<p><span style=\"font-weight: 400\">A <strong>kartrid\u017c CBD jednorazowy<\/strong> jest ma\u0142ym cylindrem z <strong>510, z\u0142\u0105cze 1 ml lub 2 ml<\/strong> kt\u00f3ry jest \u0142adowany p\u0142ynem CBD Full Spectrum. D creazione r\u00f3\u017cnica w por\u00f3wnaniu z innymi rodzajami wk\u0142ad\u00f3w polega na tym, \u017ce nie wymaga on \u0142adowania ani uzupe\u0142niania: <strong>gdy si\u0119 sko\u0144czy, jest po prostu wyrzucany<\/strong>.\u00a0<\/span><\/p>\n<p><span style=\"font-weight: 400\">Istniej\u0105 r\u00f3wnie\u017c <a href=\"https:\/\/iguanasmoke.com\/pl\/kategoria\/cbd\/full-spectrum\/\">Jednorazowe waporyzatory CBD Full Spectrum<\/a> (wszystko w jednym) z wbudowan\u0105 bateri\u0105 i wk\u0142adem, gotowe do u\u017cycia zaraz po wyj\u0119ciu z pude\u0142ka.\u00a0<\/span><\/p>\n<p>&nbsp;<\/p>\n<h2><span style=\"font-weight: 400\"><strong>Baterie do wk\u0142adu CBD Full Spectrum Mango<\/strong>:<\/span><\/h2>\n<p><span style=\"font-weight: 400\">Nie zapomnij kupi\u0107 <strong>akumulator 510<\/strong> <strong>niezawodny<\/strong>, <strong>d\u0142ugotrwa\u0142y<\/strong> y <strong>dostosowana do Twojego stylu konsumpcji<\/strong>. Dlatego w <strong>Iguana Smoke<\/strong> oferujemy r\u00f3\u017cne modele zaprojektowane w celu zagwarantowania <strong>jednolita mgie\u0142ka<\/strong>, a <strong>czysty smak<\/strong> oraz <strong>Wygodne i bezpieczne do\u015bwiadczenie waporyzacji<\/strong>.<\/span><\/p>\n<ul>\n<li><span style=\"font-weight: 400\"><a href=\"https:\/\/iguanasmoke.com\/pl\/product-2\/iguana-power-bateria-510-para-cartuchos-de-1ml\/\"><strong>Bateria 510 z gwintem do kartrid\u017cy 1 ml<\/strong><\/a>Kompaktowy rozmiar sprawia, \u017ce s\u0105 dyskretne i \u0142atwe do przenoszenia, a ich moc jest idealnie skalibrowana, aby wydoby\u0107 pe\u0142ny profil aromatyczny Full Spectrum CBD bez przegrzewania p\u0142ynu. Je\u015bli szukasz wygody, to <a href=\"https:\/\/iguanasmoke.com\/pl\/product-2\/iguana-power-bateria-510-para-cartuchos-de-1ml\/\">bateria 1ml<\/a> To Twoja idealna opcja dla wk\u0142ad\u00f3w 1 ml. <em>Jego pojemno\u015b\u0107 wynosi 320 mAh.<\/em><\/span><\/li>\n<li><span style=\"font-weight: 400\"><a href=\"https:\/\/iguanasmoke.com\/pl\/product-2\/iguana-power-bateria-510-para-cartuchos-de-2ml\/\"><strong>Bateria 510 z gwintem do kartrid\u017cy 2 ml<\/strong><\/a>Je\u015bli wolisz wi\u0119ksz\u0105 pojemno\u015b\u0107 i d\u0142u\u017cszy czas dzia\u0142ania, jest to rozwi\u0105zanie dla Ciebie. Oferuj\u0105 doskona\u0142\u0105 autonomi\u0119, zaprojektowan\u0105 dla u\u017cytkownik\u00f3w, kt\u00f3rzy lubi\u0105 d\u0142u\u017csze sesje lub wol\u0105 rzadziej wymienia\u0107 wk\u0142ady CBD. Gwarantuj\u0105 <strong>Stabilna moc i sta\u0142a wydajno\u015b\u0107<\/strong>, zachowuj\u0105c czysto\u015b\u0107 i terpeny ekstraktu. Kup teraz sw\u00f3j <a href=\"https:\/\/iguanasmoke.com\/pl\/product-2\/iguana-power-bateria-510-para-cartuchos-de-2ml\/\">bateria 2ml<\/a> i zacz\u0105\u0107 wapowa\u0107. <em>Jego pojemno\u015b\u0107 wynosi 400 mAh<\/em>.\u00a0<\/span><\/li>\n<li><a href=\"https:\/\/iguanasmoke.com\/pl\/product-2\/iguana-power-cartbox-battery-bateria-510-para-cartuchos\/\">Kieszonkowy akumulator Cartbox z gwintem 510<\/a>; Kompatybilno\u015b\u0107 2 w 1: <strong><span style=\"font-weight: 400\">A je\u015bli szukasz wszechstronno\u015bci, nasze <a href=\"https:\/\/iguanasmoke.com\/pl\/product-2\/iguana-power-cartbox-battery-bateria-510-para-cartuchos\/\">Karton 510<\/a> jest tym, czego szukasz. Model ten jest kompatybilny zar\u00f3wno z wk\u0142adami o pojemno\u015bci 1 ml, jak i 2 ml, oferuj\u0105c solidn\u0105 i eleganck\u0105 konstrukcj\u0119, kt\u00f3ra \u0142\u0105czy w sobie autonomi\u0119, dyskrecj\u0119 i regulowan\u0105 moc. Idealny dla tych, kt\u00f3rzy u\u017cywaj\u0105 r\u00f3\u017cnych rodzaj\u00f3w wk\u0142ad\u00f3w i chc\u0105 jednego urz\u0105dzenia, kt\u00f3re pasuje do wszystkich. <em>Jego pojemno\u015b\u0107 wynosi 650 mAh<\/em>.\u00a0<\/span><\/strong><\/li>\n<\/ul>\n<div class=\"ewd-ufaq-faq-body\">\n<p>&nbsp;<\/p>\n<h3><b>Dlaczego kupowa\u0107 wk\u0142ady CBD <\/b>Pe\u0142ne spektrum <b>w Iguana Smoke?<\/b><\/h3>\n<p><span style=\"font-weight: 400\">Przy <strong>Iguana Smoke<\/strong>, zawsze stawiamy na jako\u015b\u0107 i przejrzysto\u015b\u0107. Nasz <strong>kartrid\u017ce CBD pe\u0142ne spektrum<\/strong> s\u0105 stworzone z naturalnych i ekologicznych ekstrakt\u00f3w. <\/span><\/p>\n<p><span style=\"font-weight: 400\">Kupuj\u0105c u nas, wybierasz <strong>bezpieczny, mocny i pe\u0142ne spektrum CBD wk\u0142ad<\/strong>, kt\u00f3ry zachowuje wszystkie niezb\u0119dne kannabinoidy i terpeny ro\u015bliny. Podobnie jak w przypadku naszego <strong>Wk\u0142ad CBD Mango Full Spectrum<\/strong>, kt\u00f3ra wyr\u00f3\u017cnia si\u0119 intensywnym smakiem i tropikalnym profilem aromatycznym.<\/span><\/p>\n<p><span style=\"font-weight: 400\">To jest bezpieczne miejsce do <strong>kupi\u0107 waporyzator CBD online w Hiszpanii.<\/strong> Wszystkie nasze produkty s\u0105 dopuszczone do obrotu przez UE, co gwarantuje ich legalno\u015b\u0107 i bezpiecze\u0144stwo. Nasze <strong>vaper CBD bez THC <\/strong>spe\u0142nia standardy jako\u015bci, kt\u00f3rych analiza laboratoryjna jest dost\u0119pna do wgl\u0105du<\/span><span style=\"font-weight: 400\"><a href=\"https:\/\/iguanasmoke.com\/pl\/analityka\/\">tutaj<\/a>. Poniewa\u017c nie zawiera THC, mo\u017cesz cieszy\u0107 si\u0119 wieloma korzy\u015bciami p\u0142yn\u0105cymi z CBD bez psychoaktywnych efekt\u00f3w konopi.<\/span><\/p>\n<p><span style=\"font-weight: 400\">Nie zapomnij o wypr\u00f3bowaniu innych waporyzator\u00f3w CBD, takich jak <a href=\"https:\/\/iguanasmoke.com\/pl\/product-2\/vaper-cbd-iguana-pod-pocket-melon-mint-3ml\/\">pocket CBD Melon Mint<\/a> lub <a href=\"https:\/\/iguanasmoke.com\/pl\/product-2\/cartucho-cbd-full-spectrum-amnesia\/\">Wk\u0142ad CBD Amnesia Full Spectrum CBD<\/a>, co tak ci <\/span><span style=\"font-weight: 400\">zapewniamy, \u017ce <strong>Kartrid\u017c CBD Full Spectrum<\/strong><strong>Uchwyt <\/strong>b\u0119dziesz zachwycony. Poza tym, nie zapomnij spr\u00f3bowa\u0107 innych <strong>TOP produkty<\/strong> jako <a href=\"https:\/\/iguanasmoke.com\/pl\/product-2\/zywica-cbd-84-terpeny-na-zywo\/\">Ekstrakt CBD Live Resin<\/a> lub <a href=\"https:\/\/iguanasmoke.com\/pl\/product-2\/vape-cbd-full-spectrum-iguana-pod-gelato\/\">Vaper CBD Full Spectrum Gelato<\/a>. <\/span><span style=\"font-weight: 400\">Kr\u00f3tko m\u00f3wi\u0105c, poznaj nasz\u0105 r\u00f3\u017cnorodno\u015b\u0107 i znajd\u017a swoje ulubione ju\u017c teraz.\u00a0<\/span><\/p>\n<p>&nbsp;<\/p>\n<h3><b>Iguana Smoke to zaufany internetowy sklep CBD<\/b><\/h3>\n<p><span style=\"font-weight: 400\">W Iguana Smoke wierzymy, \u017ce korzystanie z CBD powinno by\u0107 bezpiecznym i przyjemnym do\u015bwiadczeniem. Dlatego oferujemy wysokiej jako\u015bci produkty, kt\u00f3re \u0142\u0105cz\u0105 si\u0119 z nowymi pokoleniami: lud\u017ami, kt\u00f3rzy szukaj\u0105 nieskomplikowanego wellness, z autentycznymi i niezawodnymi markami.\u00a0<\/span><\/p>\n<p>Nasza misja jest jasna: dostarcza\u0107 najlepsze kannabinoidy w uczciwej cenie, ze spokojem wynikaj\u0105cym ze \u015bwiadomo\u015bci, \u017ce wybierasz certyfikowany, skuteczny i legalny produkt 100%. Jeste\u015bmy w czo\u0142\u00f3wce produkt\u00f3w CBD.<\/p>\n<p>Nadal masz w\u0105tpliwo\u015bci? Napisz do nas, a z przyjemno\u015bci\u0105 pomo\u017cemy Ci znale\u017a\u0107 odpowiedni produkt.<\/p>\n<\/div>\n<p>&nbsp;<\/p>\n<p><em><span style=\"font-weight: 400\">*Uwaga: zgodnie z hiszpa\u0144skim prawem jest on przeznaczony do zbierania lub aromaterapii.<\/span><\/em><\/p>\n<p><em><span style=\"font-weight: 400\">**Wszystkie nasze produkty pochodz\u0105 z certyfikowanych konopi przemys\u0142owych. Zawieraj\u0105 mniej ni\u017c 0,3 THC i nie zawieraj\u0105 nielegalnych kannabinoid\u00f3w, takich jak HHC, HHC-P, THCP, THCP-O, H4CBD i tych zawartych w za\u0142\u0105czniku I do dekretu kr\u00f3lewskiego 2829\/1977, ani substancji kontrolowanych przez konwencje mi\u0119dzynarodowe.\u00a0<\/span><\/em><\/p>","protected":false},"excerpt":{"rendered":"<ul>\n<li>Wysokiej jako\u015bci naturalne terpeny<\/li>\n<li>Pod\u0142\u0105czenie: typ 510<\/li>\n<li>Pojemno\u015b\u0107: <span style=\"font-size: 16px\">1 ml (300 zaci\u0105gni\u0119\u0107)\/ 2 ml (600 zaci\u0105gni\u0119\u0107)<\/span><\/li>\n<li>CBD: <span style=\"font-size: 16px\"> 70% \/ 700 mg \/ 1400 mg\u00a0<\/span><\/li>\n<li>THC i Nikotyna: 0%<\/li>\n<li>Nie zawiera VG, PG, PEG, MCT ani \u017cadnych innych \u015brodk\u00f3w tn\u0105cych.<\/li>\n<\/ul>\n<p><span style=\"font-weight: 400\">Ponadto, je\u015bli chcesz, mo\u017cesz skonsultowa\u0107 si\u0119 z<strong> <a href=\"https:\/\/iguanasmoke.com\/pl\/analityka\/\">analiza laboratoryjna.<\/a><\/strong><\/span><\/p>","protected":false},"featured_media":55752,"comment_status":"open","ping_status":"closed","template":"","meta":{"_acf_changed":false,"site-sidebar-layout":"default","site-content-layout":"default","ast-site-content-layout":"default","site-content-style":"default","site-sidebar-style":"default","ast-global-header-display":"","ast-banner-title-visibility":"","ast-main-header-display":"","ast-hfb-above-header-display":"","ast-hfb-below-header-display":"","ast-hfb-mobile-header-display":"","site-post-title":"","ast-breadcrumbs-content":"","ast-featured-img":"","footer-sml-layout":"","theme-transparent-header-meta":"default","adv-header-id-meta":"","stick-header-meta":"","header-above-stick-meta":"","header-main-stick-meta":"","header-below-stick-meta":"","astra-migrate-meta-layouts":"set","ast-page-background-enabled":"default","ast-page-background-meta":{"desktop":{"background-color":"var(--ast-global-color-4)","background-image":"","background-repeat":"repeat","background-position":"center center","background-size":"auto","background-attachment":"scroll","background-type":"","background-media":"","overlay-type":"","overlay-color":"","overlay-opacity":"","overlay-gradient":""},"tablet":{"background-color":"","background-image":"","background-repeat":"repeat","background-position":"center center","background-size":"auto","background-attachment":"scroll","background-type":"","background-media":"","overlay-type":"","overlay-color":"","overlay-opacity":"","overlay-gradient":""},"mobile":{"background-color":"","background-image":"","background-repeat":"repeat","background-position":"center center","background-size":"auto","background-attachment":"scroll","background-type":"","background-media":"","overlay-type":"","overlay-color":"","overlay-opacity":"","overlay-gradient":""}},"ast-content-background-meta":{"desktop":{"background-color":"var(--ast-global-color-5)","background-image":"","background-repeat":"repeat","background-position":"center center","background-size":"auto","background-attachment":"scroll","background-type":"","background-media":"","overlay-type":"","overlay-color":"","overlay-opacity":"","overlay-gradient":""},"tablet":{"background-color":"var(--ast-global-color-5)","background-image":"","background-repeat":"repeat","background-position":"center center","background-size":"auto","background-attachment":"scroll","background-type":"","background-media":"","overlay-type":"","overlay-color":"","overlay-opacity":"","overlay-gradient":""},"mobile":{"background-color":"var(--ast-global-color-5)","background-image":"","background-repeat":"repeat","background-position":"center center","background-size":"auto","background-attachment":"scroll","background-type":"","background-media":"","overlay-type":"","overlay-color":"","overlay-opacity":"","overlay-gradient":""}}},"product_brand":[],"product_cat":[419,981,418],"product_tag":[],"class_list":{"0":"post-23011","1":"product","2":"type-product","3":"status-publish","4":"has-post-thumbnail","6":"product_cat-cartuchos-cbd","7":"product_cat-cbd-full-spectrum","8":"product_cat-vaper-cbd","9":"desktop-align-center","10":"tablet-align-center","11":"mobile-align-center","13":"first","14":"instock","15":"taxable","16":"shipping-taxable","17":"purchasable","18":"product-type-variable"},"acf":[],"yoast_head":"<!-- This site is optimized with the Yoast SEO Premium plugin v27.3 (Yoast SEO v27.3) - https:\/\/yoast.com\/product\/yoast-seo-premium-wordpress\/ -->\n<title>Cartucho CBD Mango Full Spectrum | Iguana Smoke<\/title>\n<meta name=\"description\" content=\"Prueba ya nuestro vaper CBD en formato cartucho CBD Mango Full Spectrum. Disponible en 1ml y 2ml, 300\/600 caladas y con una concentraci\u00f3n del 70% de CBD.\" \/>\n<meta name=\"robots\" content=\"index, follow, max-snippet:-1, max-image-preview:large, max-video-preview:-1\" \/>\n<link rel=\"canonical\" href=\"https:\/\/iguanasmoke.com\/pl\/product-2\/wklad-cbd-full-spectrum-mango\/\" \/>\n<meta property=\"og:locale\" content=\"pl_PL\" \/>\n<meta property=\"og:type\" content=\"article\" \/>\n<meta property=\"og:title\" content=\"Cartucho CBD Full Spectrum - Mango\" \/>\n<meta property=\"og:description\" content=\"Terpenos naturales de alta calidad  Conexi\u00f3n: tipo 510  Capacidad: 1 ml (300 caladas)\/ 2 ml (600 caladas)  CBD: 70% \/ 700mg \/ 1400mg\u00a0  THC y Nicotina: 0%  No contiene VG, PG, PEG, MCT o cualquier otro agente de corte  Adem\u00e1s, si quieres puedes consultar el an\u00e1lisis de laboratorio.\" \/>\n<meta property=\"og:url\" content=\"https:\/\/iguanasmoke.com\/pl\/product-2\/wklad-cbd-full-spectrum-mango\/\" \/>\n<meta property=\"og:site_name\" content=\"Iguana Smoke\" \/>\n<meta property=\"article:publisher\" content=\"https:\/\/www.facebook.com\/iguanasmoke\" \/>\n<meta property=\"article:modified_time\" content=\"2026-03-15T17:49:37+00:00\" \/>\n<meta property=\"og:image\" content=\"https:\/\/iguanasmoke.com\/wp-content\/uploads\/2023\/11\/Bolsa-con-cartucho-Vape-Full-Spectrum-2ml-Mango-2025.webp\" \/>\n\t<meta property=\"og:image:width\" content=\"1000\" \/>\n\t<meta property=\"og:image:height\" content=\"1000\" \/>\n\t<meta property=\"og:image:type\" content=\"image\/webp\" \/>\n<meta name=\"twitter:card\" content=\"summary_large_image\" \/>\n<meta name=\"twitter:label1\" content=\"Dost\u0119pno\u015b\u0107\" \/>\n\t<meta name=\"twitter:data1\" content=\"Dost\u0119pny\" \/>\n<meta property=\"product:brand\" content=\"variable\" \/>\n<meta property=\"og:availability\" content=\"instock\" \/>\n<meta property=\"product:availability\" content=\"instock\" \/>\n<meta property=\"product:condition\" content=\"new\" \/>\n<!-- \/ Yoast SEO Premium plugin. -->","yoast_head_json":{"title":"CBD Mango Full Spectrum | Wk\u0142ad CBD Iguana Smoke","description":"Wypr\u00f3buj nasz waporyzator CBD w formacie wk\u0142adu CBD Mango Full Spectrum. Dost\u0119pny w pojemno\u015bciach 1 ml i 2 ml, 300\/600 zaci\u0105gni\u0119\u0107 i st\u0119\u017ceniu 70% CBD.","robots":{"index":"index","follow":"follow","max-snippet":"max-snippet:-1","max-image-preview":"max-image-preview:large","max-video-preview":"max-video-preview:-1"},"canonical":"https:\/\/iguanasmoke.com\/pl\/product-2\/wklad-cbd-full-spectrum-mango\/","og_locale":"pl_PL","og_type":"article","og_title":"Cartucho CBD Full Spectrum - Mango","og_description":"Terpenos naturales de alta calidad  Conexi\u00f3n: tipo 510  Capacidad: 1 ml (300 caladas)\/ 2 ml (600 caladas)  CBD: 70% \/ 700mg \/ 1400mg\u00a0  THC y Nicotina: 0%  No contiene VG, PG, PEG, MCT o cualquier otro agente de corte  Adem\u00e1s, si quieres puedes consultar el an\u00e1lisis de laboratorio.","og_url":"https:\/\/iguanasmoke.com\/pl\/product-2\/wklad-cbd-full-spectrum-mango\/","og_site_name":"Iguana Smoke","article_publisher":"https:\/\/www.facebook.com\/iguanasmoke","article_modified_time":"2026-03-15T17:49:37+00:00","og_image":[{"width":1000,"height":1000,"url":"https:\/\/iguanasmoke.com\/wp-content\/uploads\/2023\/11\/Bolsa-con-cartucho-Vape-Full-Spectrum-2ml-Mango-2025.webp","type":"image\/webp"}],"twitter_card":"summary_large_image","twitter_misc":{"Dost\u0119pno\u015b\u0107":"Dost\u0119pny"},"schema":{"@context":"https:\/\/schema.org","@graph":[{"@type":"WebPage","@id":"https:\/\/iguanasmoke.com\/producto\/cartucho-cbd-full-spectrum-mango\/","url":"https:\/\/iguanasmoke.com\/producto\/cartucho-cbd-full-spectrum-mango\/","name":"CBD Mango Full Spectrum | Wk\u0142ad CBD Iguana Smoke","isPartOf":{"@id":"https:\/\/iguanasmoke.com\/#website"},"primaryImageOfPage":{"@id":"https:\/\/iguanasmoke.com\/producto\/cartucho-cbd-full-spectrum-mango\/#primaryimage"},"image":{"@id":"https:\/\/iguanasmoke.com\/producto\/cartucho-cbd-full-spectrum-mango\/#primaryimage"},"thumbnailUrl":"https:\/\/iguanasmoke.com\/wp-content\/uploads\/2023\/11\/Bolsa-con-cartucho-Vape-Full-Spectrum-2ml-Mango-2025.webp","datePublished":"2023-11-17T22:37:41+00:00","dateModified":"2026-03-15T17:49:37+00:00","description":"Wypr\u00f3buj nasz waporyzator CBD w formacie wk\u0142adu CBD Mango Full Spectrum. Dost\u0119pny w pojemno\u015bciach 1 ml i 2 ml, 300\/600 zaci\u0105gni\u0119\u0107 i st\u0119\u017ceniu 70% CBD.","breadcrumb":{"@id":"https:\/\/iguanasmoke.com\/producto\/cartucho-cbd-full-spectrum-mango\/#breadcrumb"},"inLanguage":"pl-PL","potentialAction":[{"@type":"ReadAction","target":["https:\/\/iguanasmoke.com\/producto\/cartucho-cbd-full-spectrum-mango\/"]}]},{"@type":"ImageObject","inLanguage":"pl-PL","@id":"https:\/\/iguanasmoke.com\/producto\/cartucho-cbd-full-spectrum-mango\/#primaryimage","url":"https:\/\/iguanasmoke.com\/wp-content\/uploads\/2023\/11\/Bolsa-con-cartucho-Vape-Full-Spectrum-2ml-Mango-2025.webp","contentUrl":"https:\/\/iguanasmoke.com\/wp-content\/uploads\/2023\/11\/Bolsa-con-cartucho-Vape-Full-Spectrum-2ml-Mango-2025.webp","width":1000,"height":1000,"caption":"cartucho mango CBD full spectrum"},{"@type":"BreadcrumbList","@id":"https:\/\/iguanasmoke.com\/producto\/cartucho-cbd-full-spectrum-mango\/#breadcrumb","itemListElement":[{"@type":"ListItem","position":1,"name":"home","item":"https:\/\/iguanasmoke.com\/"},{"@type":"ListItem","position":2,"name":"Tienda","item":"https:\/\/iguanasmoke.com\/tienda\/"},{"@type":"ListItem","position":3,"name":"Vaper CBD","item":"https:\/\/iguanasmoke.com\/categoria\/vaper-cbd\/"},{"@type":"ListItem","position":4,"name":"Cartucho CBD Full Spectrum &#8211; Mango"}]},{"@type":"WebSite","@id":"https:\/\/iguanasmoke.com\/#website","url":"https:\/\/iguanasmoke.com\/","name":"Iguana Smoke","description":"Kup CBD online w najlepszej cenie","publisher":{"@id":"https:\/\/iguanasmoke.com\/#organization"},"potentialAction":[{"@type":"SearchAction","target":{"@type":"EntryPoint","urlTemplate":"https:\/\/iguanasmoke.com\/?s={search_term_string}"},"query-input":{"@type":"PropertyValueSpecification","valueRequired":true,"valueName":"search_term_string"}}],"inLanguage":"pl-PL"},{"@type":"Organization","@id":"https:\/\/iguanasmoke.com\/#organization","name":"Iguana Smoke","url":"https:\/\/iguanasmoke.com\/","logo":{"@type":"ImageObject","inLanguage":"pl-PL","@id":"https:\/\/iguanasmoke.com\/#\/schema\/logo\/image\/","url":"https:\/\/iguanasmoke.com\/wp-content\/uploads\/2025\/01\/logoiguana-favi-1.png","contentUrl":"https:\/\/iguanasmoke.com\/wp-content\/uploads\/2025\/01\/logoiguana-favi-1.png","width":512,"height":512,"caption":"Iguana Smoke"},"image":{"@id":"https:\/\/iguanasmoke.com\/#\/schema\/logo\/image\/"},"sameAs":["https:\/\/www.facebook.com\/iguanasmoke","https:\/\/www.instagram.com\/iguanasmoke\/"]}]},"product_brand":"variable","og_availability":"instock","product_availability":"instock","product_condition":"new"},"_links":{"self":[{"href":"https:\/\/iguanasmoke.com\/pl\/wp-json\/wp\/v2\/product\/23011","targetHints":{"allow":["GET"]}}],"collection":[{"href":"https:\/\/iguanasmoke.com\/pl\/wp-json\/wp\/v2\/product"}],"about":[{"href":"https:\/\/iguanasmoke.com\/pl\/wp-json\/wp\/v2\/types\/product"}],"replies":[{"embeddable":true,"href":"https:\/\/iguanasmoke.com\/pl\/wp-json\/wp\/v2\/comments?post=23011"}],"wp:featuredmedia":[{"embeddable":true,"href":"https:\/\/iguanasmoke.com\/pl\/wp-json\/wp\/v2\/media\/55752"}],"wp:attachment":[{"href":"https:\/\/iguanasmoke.com\/pl\/wp-json\/wp\/v2\/media?parent=23011"}],"wp:term":[{"taxonomy":"product_brand","embeddable":true,"href":"https:\/\/iguanasmoke.com\/pl\/wp-json\/wp\/v2\/product_brand?post=23011"},{"taxonomy":"product_cat","embeddable":true,"href":"https:\/\/iguanasmoke.com\/pl\/wp-json\/wp\/v2\/product_cat?post=23011"},{"taxonomy":"product_tag","embeddable":true,"href":"https:\/\/iguanasmoke.com\/pl\/wp-json\/wp\/v2\/product_tag?post=23011"}],"curies":[{"name":"wp","href":"https:\/\/api.w.org\/{rel}","templated":true}]}}