{"id":25687,"date":"2023-12-07T17:39:26","date_gmt":"2023-12-07T16:39:26","guid":{"rendered":"https:\/\/iguanasmoke.com\/?post_type=product&#038;p=25687"},"modified":"2026-03-20T14:00:56","modified_gmt":"2026-03-20T13:00:56","slug":"hash-cbd-blonde-20","status":"publish","type":"product","link":"https:\/\/iguanasmoke.com\/pl\/producto\/hash-cbd-blonde-20\/","title":{"rendered":"Hash CBD Blonde 20%"},"content":{"rendered":"<h1><span style=\"font-weight: 400;\">Blonde Hash 20% CBD: nasz blond haszysz<\/span><\/h1>\n<p><span style=\"font-weight: 400;\">Odkryj nasze <strong>Hash CBD Blonde 20%<\/strong>, Wysokiej jako\u015bci przezroczysta \u017cywica o doskona\u0142ej r\u00f3wnowadze mi\u0119dzy smakiem, aromatem i efektem. Ze wzgl\u0119du na swoj\u0105 g\u0142adko\u015b\u0107 i mniej agresywny aromat, sprawia, \u017ce jest to najlepszy hasz dla nowych u\u017cytkownik\u00f3w, kt\u00f3rzy szukaj\u0105 <strong>Haszysz CBD<\/strong> naturalny. Ponadto mo\u017ce by\u0107 dobrym wyborem do stosowania terapeutycznego ze wzgl\u0119du na jego <strong>Zawarto\u015b\u0107 CBD i niski poziom THC <\/strong>(&lt;0,2%).\u00a0<\/span><\/p>\n<p><span style=\"font-size: 16px; font-weight: 400;\">Dzi\u0119ki charakterystycznemu z\u0142otemu blond kolorowi i plastycznej konsystencji, ten blond haszysz CBD jest \u0142atwy w obs\u0142udze i idealny do spo\u017cywania samodzielnie lub z innymi. Po\u0142\u0105czenie lekkiego i \u0142agodnego smaku, niezbyt ostrego, sprawia, \u017ce jest to idealny wyb\u00f3r dla tych, kt\u00f3rzy chc\u0105 cieszy\u0107 si\u0119 smakiem i aromatem swojej marihuany.<\/span><strong style=\"font-size: 16px;\"> kupi\u0107 tani haszysz CBD online<\/strong><span style=\"font-size: 16px; font-weight: 400;\"> z gwarancj\u0105 otrzymania tego, co najlepsze. Nie wahaj si\u0119 kupi\u0107 <strong>Hash CBD Blonde 20% <\/strong>w Iguana Smoke.<\/span><\/p>\n<p>&nbsp;<\/p>\n<h2>Charakterystyka Hash CBD Blonde 20%:<\/h2>\n<ul>\n<li>Wygl\u0105d i tekstura: <span style=\"font-weight: 400;\">Jej wygl\u0105d zach\u0119ca do delektowania si\u0119 jej przyjemn\u0105 w dotyku, \u0142atw\u0105 do pokruszenia konsystencj\u0105. Wyr\u00f3\u017cnia si\u0119 mi\u0119kk\u0105, \u015brednio sprasowan\u0105 tekstur\u0105, kt\u00f3ra jest r\u00f3wnie przyjemna w dotyku, jak efekt jej dzia\u0142ania. <strong>Haszysz bez THC z wysok\u0105 zawarto\u015bci\u0105 CBD<\/strong>.\u00a0<\/span><\/li>\n<li><span style=\"font-size: 16px; font-weight: 400;\"><strong>Aromat i smak:<\/strong> Aromat jest <span style=\"font-weight: 400;\">co\u015b <strong>ziemisty i kwiatowy<\/strong>, podobnie jak inne hashe Iguana Smoke blonde.<\/span> Jego smak jest <strong>naturalne i pikantne niuanse<\/strong>.<\/span><\/li>\n<li><span style=\"font-size: 16px; font-weight: 400;\"><strong>Pochodzenie i czysto\u015b\u0107:<\/strong> Starannie wyselekcjonowana \u017cywica pochodzi z konopi przemys\u0142owych certyfikowanych przez UE, co gwarantuje czysto\u015b\u0107 i jako\u015b\u0107. Niezb\u0119dna dla os\u00f3b poszukuj\u0105cych <strong>Tanie CBD<\/strong> ale nie chc\u0105 nara\u017ca\u0107 na szwank jako\u015bci <strong>Haszysz CBD Blonde 20%<\/strong>.<\/span><\/li>\n<\/ul>\n<p>&nbsp;<\/p>\n<h3><b>Dlaczego warto kupowa\u0107 haszysz i \u017cywic\u0119 CBD od Iguana Smoke?<\/b><\/h3>\n<p><span style=\"font-weight: 400;\">W Iguana Smoke stawiamy na jako\u015b\u0107. Nasze produkty haszyszowe CBD s\u0105 100% naturalne i organiczne, bez chemikali\u00f3w i pestycyd\u00f3w. Oznacza to, \u017ce kupuj\u0105c u nas, wybierasz czysty i bezpieczny haszysz i \u017cywice CBD. Podobnie jak w przypadku naszych <span style=\"font-size: 16px; font-weight: 400;\"><strong>Haszysz CBD Blonde<\/strong><\/span> <strong>20%.<\/strong><\/span><\/p>\n<p><span style=\"font-weight: 400;\">Bez w\u0105tpienia jest to bezpieczne miejsce <strong>Gdzie kupi\u0107 tani haszysz CBD w Hiszpanii?<\/strong> poniewa\u017c wszystkie nasze produkty s\u0105 zatwierdzone przez Uni\u0119 Europejsk\u0105, co gwarantuje ich legalno\u015b\u0107 i bezpiecze\u0144stwo. Dzi\u0119ki zawarto\u015bci THC poni\u017cej 0,3 %, nasz haszysz i \u017cywica CBD pozwalaj\u0105 cieszy\u0107 si\u0119 wieloma korzy\u015bciami p\u0142yn\u0105cymi z CBD bez efekt\u00f3w psychoaktywnych. <\/span><span style=\"font-weight: 400;\">Mo\u017cesz zapozna\u0107 si\u0119 z analiz\u0105 jako\u015bci tego skr\u00f3tu <a href=\"https:\/\/iguanasmoke.com\/pl\/analityka\/\">tutaj<\/a>.\u00a0<\/span><\/p>\n<p><em><span style=\"font-weight: 400;\">Pami\u0119taj: zgodnie z hiszpa\u0144skim prawem jest on przeznaczony do cel\u00f3w kolekcjonerskich lub aromaterapeutycznych.\u00a0<\/span><\/em><\/p>\n<p><span style=\"font-weight: 400;\">Zach\u0119camy do wypr\u00f3bowania innych \u017cywic CBD, takich jak <a href=\"https:\/\/iguanasmoke.com\/pl\/product-2\/hash-cbd-frozen-golden-cider\/\">Frozen Golden<\/a> lub <a href=\"https:\/\/iguanasmoke.com\/pl\/product-2\/golden-hash-cbd-20\/\">Golden Hash CBD 20%<\/a>. Chocia\u017c jeste\u015bmy pewni, \u017ce <strong>Hash CBD Blonde 20%<\/strong> pokochasz. Nie zapomnij r\u00f3wnie\u017c zapozna\u0107 si\u0119 z innymi najlepszymi produktami, takimi jak <a href=\"https:\/\/iguanasmoke.com\/pl\/kategoria\/cbd\/szerokie-spektrum\/\">Vapes CBD o szerokim spektrum dzia\u0142ania<\/a> i <a href=\"https:\/\/iguanasmoke.com\/pl\/product-2\/comprar-cbd-flores-blunt-cbd-king-size\/\">T\u0119py CBD.\u00a0<\/a> \u00a1<\/span><span style=\"font-weight: 400;\">Przyjd\u017a i odkryj swoj\u0105 ulubion\u0105!<\/span><\/p>\n<p>&nbsp;<\/p>\n<h3><b>Iguana Smoke to synonim jako\u015bci i niezawodno\u015bci.<\/b><\/h3>\n<p><span style=\"font-weight: 400;\">W Iguana Smoke wierzymy, \u017ce korzystanie z CBD powinno by\u0107 bezpiecznym, dost\u0119pnym i przyjemnym do\u015bwiadczeniem. Dlatego oferujemy wysokiej jako\u015bci produkty, kt\u00f3re \u0142\u0105cz\u0105 si\u0119 z nowymi pokoleniami: lud\u017ami, kt\u00f3rzy szukaj\u0105 nieskomplikowanego wellness, z autentycznymi i niezawodnymi markami. Pami\u0119taj, \u017ce wszystkie nasze produkty s\u0105 <strong>Haszysz bez THC z wysok\u0105 zawarto\u015bci\u0105 CBD<\/strong>, takich jak <strong>\u017bywica CBD Blonde 20% <\/strong>kt\u00f3r\u0105 zamierzasz kupi\u0107.<\/span><\/p>\n<p>Innymi s\u0142owy, nasza misja jest jasna: dostarcza\u0107 najlepsze CBD w uczciwej cenie, ze spokojem wiedz\u0105c, \u017ce wybierasz certyfikowany, skuteczny i legalny produkt 100%. Jeste\u015bmy w czo\u0142\u00f3wce produkt\u00f3w CBD.<\/p>\n<p>Masz jakie\u015b pytania? Napisz do nas, a z przyjemno\u015bci\u0105 pomo\u017cemy Ci znale\u017a\u0107 odpowiedni produkt.<\/p>","protected":false},"excerpt":{"rendered":"<p><span style=\"font-weight: 400;\">Ta blond \u017cywica CBD jest wyj\u0105tkowa ze specjalnym aromatem: \u0142\u0105czy w sobie ziemiste i \u017cywiczne konopie. Jest idealna dla tych, kt\u00f3rzy chc\u0105 kupi\u0107 tani, ale wysokiej jako\u015bci haszysz online.<\/span><\/p>\n<ul>\n<li>CBD: 20% \/ THC: &lt;0,3%<\/li>\n<li>Silny aromat ze s\u0142odkimi nutami<\/li>\n<li>100% legalny w Europie<\/li>\n<\/ul>\n<p>Analiza jako\u015bci: kliknij\u00a0<a href=\"https:\/\/iguanasmoke.com\/pl\/analityka\/\" target=\"_blank\" rel=\"noopener\">tutaj<\/a><\/p>","protected":false},"featured_media":81876,"comment_status":"open","ping_status":"closed","template":"","meta":{"_acf_changed":false,"site-sidebar-layout":"default","site-content-layout":"default","ast-site-content-layout":"default","site-content-style":"default","site-sidebar-style":"default","ast-global-header-display":"","ast-banner-title-visibility":"","ast-main-header-display":"","ast-hfb-above-header-display":"","ast-hfb-below-header-display":"","ast-hfb-mobile-header-display":"","site-post-title":"","ast-breadcrumbs-content":"","ast-featured-img":"","footer-sml-layout":"","theme-transparent-header-meta":"default","adv-header-id-meta":"","stick-header-meta":"","header-above-stick-meta":"","header-main-stick-meta":"","header-below-stick-meta":"","astra-migrate-meta-layouts":"set","ast-page-background-enabled":"default","ast-page-background-meta":{"desktop":{"background-color":"var(--ast-global-color-4)","background-image":"","background-repeat":"repeat","background-position":"center center","background-size":"auto","background-attachment":"scroll","background-type":"","background-media":"","overlay-type":"","overlay-color":"","overlay-opacity":"","overlay-gradient":""},"tablet":{"background-color":"","background-image":"","background-repeat":"repeat","background-position":"center center","background-size":"auto","background-attachment":"scroll","background-type":"","background-media":"","overlay-type":"","overlay-color":"","overlay-opacity":"","overlay-gradient":""},"mobile":{"background-color":"","background-image":"","background-repeat":"repeat","background-position":"center center","background-size":"auto","background-attachment":"scroll","background-type":"","background-media":"","overlay-type":"","overlay-color":"","overlay-opacity":"","overlay-gradient":""}},"ast-content-background-meta":{"desktop":{"background-color":"var(--ast-global-color-5)","background-image":"","background-repeat":"repeat","background-position":"center center","background-size":"auto","background-attachment":"scroll","background-type":"","background-media":"","overlay-type":"","overlay-color":"","overlay-opacity":"","overlay-gradient":""},"tablet":{"background-color":"var(--ast-global-color-5)","background-image":"","background-repeat":"repeat","background-position":"center center","background-size":"auto","background-attachment":"scroll","background-type":"","background-media":"","overlay-type":"","overlay-color":"","overlay-opacity":"","overlay-gradient":""},"mobile":{"background-color":"var(--ast-global-color-5)","background-image":"","background-repeat":"repeat","background-position":"center center","background-size":"auto","background-attachment":"scroll","background-type":"","background-media":"","overlay-type":"","overlay-color":"","overlay-opacity":"","overlay-gradient":""}}},"product_brand":[],"product_cat":[397],"product_tag":[],"class_list":{"0":"post-25687","1":"product","2":"type-product","3":"status-publish","4":"has-post-thumbnail","6":"product_cat-hash-cbd","7":"desktop-align-center","8":"tablet-align-center","9":"mobile-align-center","11":"first","12":"instock","13":"taxable","14":"shipping-taxable","15":"purchasable","16":"product-type-variable"},"acf":[],"yoast_head":"<!-- This site is optimized with the Yoast SEO Premium plugin v27.3 (Yoast SEO v27.3) - https:\/\/yoast.com\/product\/yoast-seo-premium-wordpress\/ -->\n<title>Hash CBD Blonde 20%: compra resina y hach\u00eds legal online | Iguana Smoke<\/title>\n<meta name=\"description\" content=\"\u00a1Compra Hash CBD Blonde 20% ahora! A qu\u00e9 esperas para comprar hash CBD barato online al mejor precio con la mejor calidad.\" \/>\n<meta name=\"robots\" content=\"index, follow, max-snippet:-1, max-image-preview:large, max-video-preview:-1\" \/>\n<link rel=\"canonical\" href=\"https:\/\/iguanasmoke.com\/pl\/product-2\/hash-cbd-blonde-20\/\" \/>\n<meta property=\"og:locale\" content=\"pl_PL\" \/>\n<meta property=\"og:type\" content=\"article\" \/>\n<meta property=\"og:title\" content=\"Hash CBD Blonde 20%\" \/>\n<meta property=\"og:description\" content=\"Esta resina rubia de CBD es \u00fanica con un aroma especial: combinando lo terroso y lo resinoso del cannabis. Es perfecta para quienes quieren comprar hash online barato pero premium.   CBD: 20% \/ THC: &lt;0,3%  Aroma fuerte con tonos dulces  100% legal en Europa  An\u00e1lisis de calidad: pincha\u00a0aqu\u00ed\" \/>\n<meta property=\"og:url\" content=\"https:\/\/iguanasmoke.com\/pl\/product-2\/hash-cbd-blonde-20\/\" \/>\n<meta property=\"og:site_name\" content=\"Iguana Smoke\" \/>\n<meta property=\"article:publisher\" content=\"https:\/\/www.facebook.com\/iguanasmoke\" \/>\n<meta property=\"article:modified_time\" content=\"2026-03-20T13:00:56+00:00\" \/>\n<meta property=\"og:image\" content=\"https:\/\/iguanasmoke.com\/wp-content\/uploads\/2023\/12\/Blonde-2g-con-hash.webp\" \/>\n\t<meta property=\"og:image:width\" content=\"1000\" \/>\n\t<meta property=\"og:image:height\" content=\"1000\" \/>\n\t<meta property=\"og:image:type\" content=\"image\/webp\" \/>\n<meta name=\"twitter:card\" content=\"summary_large_image\" \/>\n<meta name=\"twitter:label1\" content=\"Dost\u0119pno\u015b\u0107\" \/>\n\t<meta name=\"twitter:data1\" content=\"Dost\u0119pny\" \/>\n<meta property=\"product:brand\" content=\"variable\" \/>\n<meta property=\"og:availability\" content=\"instock\" \/>\n<meta property=\"product:availability\" content=\"instock\" \/>\n<meta property=\"product:condition\" content=\"new\" \/>\n<!-- \/ Yoast SEO Premium plugin. -->","yoast_head_json":{"title":"Hash CBD Blonde 20%: kup \u017cywic\u0119 i legalny haszysz online: Iguana Smoke","description":"Kup Hash CBD Blonde 20% ju\u017c teraz! Na co czekasz, aby kupi\u0107 tani haszysz CBD online w najlepszej cenie i najlepszej jako\u015bci.","robots":{"index":"index","follow":"follow","max-snippet":"max-snippet:-1","max-image-preview":"max-image-preview:large","max-video-preview":"max-video-preview:-1"},"canonical":"https:\/\/iguanasmoke.com\/pl\/product-2\/hash-cbd-blonde-20\/","og_locale":"pl_PL","og_type":"article","og_title":"Hash CBD Blonde 20%","og_description":"Esta resina rubia de CBD es \u00fanica con un aroma especial: combinando lo terroso y lo resinoso del cannabis. Es perfecta para quienes quieren comprar hash online barato pero premium.   CBD: 20% \/ THC: &lt;0,3%  Aroma fuerte con tonos dulces  100% legal en Europa  An\u00e1lisis de calidad: pincha\u00a0aqu\u00ed","og_url":"https:\/\/iguanasmoke.com\/pl\/product-2\/hash-cbd-blonde-20\/","og_site_name":"Iguana Smoke","article_publisher":"https:\/\/www.facebook.com\/iguanasmoke","article_modified_time":"2026-03-20T13:00:56+00:00","og_image":[{"width":1000,"height":1000,"url":"https:\/\/iguanasmoke.com\/wp-content\/uploads\/2023\/12\/Blonde-2g-con-hash.webp","type":"image\/webp"}],"twitter_card":"summary_large_image","twitter_misc":{"Dost\u0119pno\u015b\u0107":"Dost\u0119pny"},"schema":{"@context":"https:\/\/schema.org","@graph":[{"@type":"WebPage","@id":"https:\/\/iguanasmoke.com\/producto\/hash-cbd-blonde-20\/","url":"https:\/\/iguanasmoke.com\/producto\/hash-cbd-blonde-20\/","name":"Hash CBD Blonde 20%: kup \u017cywic\u0119 i legalny haszysz online: Iguana Smoke","isPartOf":{"@id":"https:\/\/iguanasmoke.com\/#website"},"primaryImageOfPage":{"@id":"https:\/\/iguanasmoke.com\/producto\/hash-cbd-blonde-20\/#primaryimage"},"image":{"@id":"https:\/\/iguanasmoke.com\/producto\/hash-cbd-blonde-20\/#primaryimage"},"thumbnailUrl":"https:\/\/iguanasmoke.com\/wp-content\/uploads\/2023\/12\/Blonde-2g-con-hash.webp","datePublished":"2023-12-07T16:39:26+00:00","dateModified":"2026-03-20T13:00:56+00:00","description":"Kup Hash CBD Blonde 20% ju\u017c teraz! Na co czekasz, aby kupi\u0107 tani haszysz CBD online w najlepszej cenie i najlepszej jako\u015bci.","breadcrumb":{"@id":"https:\/\/iguanasmoke.com\/producto\/hash-cbd-blonde-20\/#breadcrumb"},"inLanguage":"pl-PL","potentialAction":[{"@type":"ReadAction","target":["https:\/\/iguanasmoke.com\/producto\/hash-cbd-blonde-20\/"]}]},{"@type":"ImageObject","inLanguage":"pl-PL","@id":"https:\/\/iguanasmoke.com\/producto\/hash-cbd-blonde-20\/#primaryimage","url":"https:\/\/iguanasmoke.com\/wp-content\/uploads\/2023\/12\/Blonde-2g-con-hash.webp","contentUrl":"https:\/\/iguanasmoke.com\/wp-content\/uploads\/2023\/12\/Blonde-2g-con-hash.webp","width":1000,"height":1000,"caption":"Hash CBD Blonde 2g"},{"@type":"BreadcrumbList","@id":"https:\/\/iguanasmoke.com\/producto\/hash-cbd-blonde-20\/#breadcrumb","itemListElement":[{"@type":"ListItem","position":1,"name":"home","item":"https:\/\/iguanasmoke.com\/"},{"@type":"ListItem","position":2,"name":"Tienda","item":"https:\/\/iguanasmoke.com\/tienda\/"},{"@type":"ListItem","position":3,"name":"Hash CBD","item":"https:\/\/iguanasmoke.com\/categoria\/hash-cbd\/"},{"@type":"ListItem","position":4,"name":"Hash CBD Blonde 20%"}]},{"@type":"WebSite","@id":"https:\/\/iguanasmoke.com\/#website","url":"https:\/\/iguanasmoke.com\/","name":"Iguana Smoke","description":"Kup CBD online w najlepszej cenie","publisher":{"@id":"https:\/\/iguanasmoke.com\/#organization"},"potentialAction":[{"@type":"SearchAction","target":{"@type":"EntryPoint","urlTemplate":"https:\/\/iguanasmoke.com\/?s={search_term_string}"},"query-input":{"@type":"PropertyValueSpecification","valueRequired":true,"valueName":"search_term_string"}}],"inLanguage":"pl-PL"},{"@type":"Organization","@id":"https:\/\/iguanasmoke.com\/#organization","name":"Iguana Smoke","url":"https:\/\/iguanasmoke.com\/","logo":{"@type":"ImageObject","inLanguage":"pl-PL","@id":"https:\/\/iguanasmoke.com\/#\/schema\/logo\/image\/","url":"https:\/\/iguanasmoke.com\/wp-content\/uploads\/2025\/01\/logoiguana-favi-1.png","contentUrl":"https:\/\/iguanasmoke.com\/wp-content\/uploads\/2025\/01\/logoiguana-favi-1.png","width":512,"height":512,"caption":"Iguana Smoke"},"image":{"@id":"https:\/\/iguanasmoke.com\/#\/schema\/logo\/image\/"},"sameAs":["https:\/\/www.facebook.com\/iguanasmoke","https:\/\/www.instagram.com\/iguanasmoke\/"]}]},"product_brand":"variable","og_availability":"instock","product_availability":"instock","product_condition":"new"},"_links":{"self":[{"href":"https:\/\/iguanasmoke.com\/pl\/wp-json\/wp\/v2\/product\/25687","targetHints":{"allow":["GET"]}}],"collection":[{"href":"https:\/\/iguanasmoke.com\/pl\/wp-json\/wp\/v2\/product"}],"about":[{"href":"https:\/\/iguanasmoke.com\/pl\/wp-json\/wp\/v2\/types\/product"}],"replies":[{"embeddable":true,"href":"https:\/\/iguanasmoke.com\/pl\/wp-json\/wp\/v2\/comments?post=25687"}],"wp:featuredmedia":[{"embeddable":true,"href":"https:\/\/iguanasmoke.com\/pl\/wp-json\/wp\/v2\/media\/81876"}],"wp:attachment":[{"href":"https:\/\/iguanasmoke.com\/pl\/wp-json\/wp\/v2\/media?parent=25687"}],"wp:term":[{"taxonomy":"product_brand","embeddable":true,"href":"https:\/\/iguanasmoke.com\/pl\/wp-json\/wp\/v2\/product_brand?post=25687"},{"taxonomy":"product_cat","embeddable":true,"href":"https:\/\/iguanasmoke.com\/pl\/wp-json\/wp\/v2\/product_cat?post=25687"},{"taxonomy":"product_tag","embeddable":true,"href":"https:\/\/iguanasmoke.com\/pl\/wp-json\/wp\/v2\/product_tag?post=25687"}],"curies":[{"name":"wp","href":"https:\/\/api.w.org\/{rel}","templated":true}]}}