{"id":25695,"date":"2023-12-07T17:39:25","date_gmt":"2023-12-07T16:39:25","guid":{"rendered":"https:\/\/iguanasmoke.com\/?post_type=product&#038;p=25695"},"modified":"2026-03-20T13:21:26","modified_gmt":"2026-03-20T12:21:26","slug":"hash-cbd-lemon-haze-20","status":"publish","type":"product","link":"https:\/\/iguanasmoke.com\/pl\/producto\/hash-cbd-lemon-haze-20\/","title":{"rendered":"Hash CBD Pollen Lemon Haze 20%"},"content":{"rendered":"<h1><span style=\"font-weight: 400;\">Polen Lemon Haze Hash 20% CBD: haszysz tych, kt\u00f3rzy si\u0119 na tym znaj\u0105<\/span><\/h1>\n<p><span style=\"font-weight: 400;\">Je\u015bli szukasz <strong>Haszysz bez THC z wysok\u0105 zawarto\u015bci\u0105 CBD<\/strong>, jeste\u015b we w\u0142a\u015bciwym miejscu. Nasz <strong>Hash CBD Lemon Haze 20% <\/strong>\u00a0jest <strong>\u017cywica<\/strong> <strong>premia<\/strong> kt\u00f3ra oferuje wyj\u0105tkowe wra\u017cenia zar\u00f3wno dla zwyk\u0142ych u\u017cytkownik\u00f3w, jak i tych, kt\u00f3rzy chc\u0105 <strong>Pr\u00f3bowanie haszyszu CBD po raz pierwszy<\/strong>. Intensywny aromat, doskona\u0142a konsystencja i relaksuj\u0105cy efekt: musisz wypr\u00f3bowa\u0107 ten py\u0142ek. <\/span><\/p>\n<p><span style=\"font-weight: 400;\">Zam\u00f3w ju\u017c dzi\u015b i ciesz si\u0119 najlepszymi <strong>haszysz CBD online<\/strong>!<\/span><\/p>\n<p>&nbsp;<\/p>\n<h2>Charakterystyka Hash CBD Lemon Haze 20%:<\/h2>\n<ul>\n<li><b>Wygl\u0105d i tekstura: <\/b>jest wizualnie uderzaj\u0105cy ze wzgl\u0119du na jego t<strong>mi\u0119kki i plastyczny materia\u0142<\/strong>, zapraszaj\u0105c do dozna\u0144 dotykowych r\u00f3wnie przyjemnych jak jego dzia\u0142anie. Jego kolorystyka i tekstura \u015bwiadcz\u0105 o wysokiej jako\u015bci.<\/li>\n<li><span style=\"font-size: 16px; font-weight: 400;\"><strong>Aromat i smak:<\/strong> Aromat subtelnie <strong>cytrus<\/strong> tej \u017cywicy jest prawdziwym <strong>przyjemno\u015b\u0107 w\u0119chowa<\/strong>. Ta cecha sprawia, \u017ce jest to wyj\u0105tkowy wyb\u00f3r dla tych, kt\u00f3rzy szukaj\u0105 \u017cywicy o charakterystycznym i otaczaj\u0105cym profilu aromatycznym.<\/span><\/li>\n<li><strong>Pochodzenie i czysto\u015b\u0107:<\/strong> Starannie wyselekcjonowana i przetworzona \u017cywica pochodzi z wiarygodnych \u017ar\u00f3de\u0142, kt\u00f3re gwarantuj\u0105 czysto\u015b\u0107 i jako\u015b\u0107. <span style=\"font-size: 16px; font-weight: 400;\">Ta dba\u0142o\u015b\u0107 o szczeg\u00f3\u0142y zapewnia, \u017ce otrzymujesz zr\u00f3wnowa\u017cony produkt, co jest kluczowe dla tych, kt\u00f3rzy chc\u0105 <strong>Tanie CBD<\/strong> ale nie chc\u0105 nara\u017ca\u0107 na szwank jako\u015bci <strong>Haszysz CBD Lemon Haze<\/strong>.<\/span><\/li>\n<\/ul>\n<p>&nbsp;<\/p>\n<h3><b>Dlaczego warto kupowa\u0107 haszysz i \u017cywic\u0119 CBD od Iguana Smoke?<\/b><\/h3>\n<p><span style=\"font-weight: 400;\">W Iguana Smoke stawiamy na jako\u015b\u0107. Nasze produkty haszyszowe CBD s\u0105 100% naturalne i organiczne, bez chemikali\u00f3w i pestycyd\u00f3w. Oznacza to, \u017ce kupuj\u0105c u nas, wybierasz czysty i bezpieczny haszysz i \u017cywic\u0119 CBD. Podobnie jak w przypadku naszych <span style=\"font-size: 16px; font-weight: 400;\"><strong>Haszysz CBD Lemon Haze<\/strong><\/span> <strong>20%.<\/strong><\/span><\/p>\n<p><span style=\"font-weight: 400;\">Bez w\u0105tpienia jest to bezpieczne miejsce <strong>Gdzie kupi\u0107 haszysz CBD w Hiszpanii<\/strong> poniewa\u017c wszystkie nasze produkty s\u0105 zatwierdzone przez UE, co gwarantuje ich legalno\u015b\u0107 i bezpiecze\u0144stwo. Z zawarto\u015bci\u0105 THC poni\u017cej 0,3 %, nasz haszysz i \u017cywica CBD pozwalaj\u0105 cieszy\u0107 si\u0119 wieloma korzy\u015bciami p\u0142yn\u0105cymi z CBD bez efekt\u00f3w psychoaktywnych. P<\/span><span style=\"font-weight: 400;\">Mo\u017cesz zapozna\u0107 si\u0119 z analiz\u0105 jako\u015bci dla tego skr\u00f3tu <a href=\"https:\/\/iguanasmoke.com\/pl\/analityka\/\">tutaj<\/a>.\u00a0<\/span><\/p>\n<p><em><span style=\"font-weight: 400;\">Pami\u0119taj: zgodnie z hiszpa\u0144skim prawem jest on przeznaczony do cel\u00f3w kolekcjonerskich lub aromaterapeutycznych.\u00a0<\/span><\/em><\/p>\n<p><span style=\"font-weight: 400;\">Co wi\u0119cej, je\u015bli lubisz nasze inne \u017cywice, takie jak<a href=\"https:\/\/iguanasmoke.com\/pl\/product-2\/space-hash-moroccan-stv-sativanol\/\">\u00a0Space Hash Moroccan STV <\/a> lub <a href=\"https:\/\/iguanasmoke.com\/pl\/product-2\/ice-hash-cbd-60\/\">ice90<\/a> CBD, zapewniamy, \u017ce <strong>Hash CBD Lemon Haze 20%<\/strong> rozbudzi Twoje zmys\u0142y. Ponadto nie zapomnij zapozna\u0107 si\u0119 z innymi popularnymi produktami, takimi jak <a href=\"https:\/\/iguanasmoke.com\/pl\/kategoria\/vaperzy\/vapes-pocket-cbd\/\">kieszonkowe waporyzatory CBD<\/a> i <a href=\"https:\/\/iguanasmoke.com\/pl\/kategoria\/kupic-kwiaty-cbd-online-2\/\">Kwiaty CBD.<\/a> <\/span><span style=\"font-weight: 400;\">Zapoznaj si\u0119 z nasz\u0105 ofert\u0105 ju\u017c dzi\u015b i znajd\u017a swoj\u0105 ulubion\u0105.\u00a0<\/span><\/p>\n<p>&nbsp;<\/p>\n<h3><b>Iguana Smoke to synonim jako\u015bci i niezawodno\u015bci.<\/b><\/h3>\n<p><span style=\"font-weight: 400;\">W Iguana Smoke wierzymy, \u017ce korzystanie z CBD powinno by\u0107 bezpiecznym, dost\u0119pnym i przyjemnym do\u015bwiadczeniem. Dlatego oferujemy wysokiej jako\u015bci produkty, kt\u00f3re \u0142\u0105cz\u0105 si\u0119 z nowymi pokoleniami: lud\u017ami, kt\u00f3rzy szukaj\u0105 nieskomplikowanego wellness, z autentycznymi i niezawodnymi markami. Pami\u0119taj, \u017ce wszystkie nasze produkty s\u0105 <strong>Haszysz bez THC z wysok\u0105 zawarto\u015bci\u0105 CBD<\/strong>, takich jak <strong>Haszysz CBD Lemon Haze <\/strong>kupujesz.<\/span><\/p>\n<p>Innymi s\u0142owy, nasza misja jest jasna: dostarcza\u0107 najlepsze CBD w uczciwej cenie, ze spokojem wiedz\u0105c, \u017ce wybierasz certyfikowany, skuteczny i legalny produkt 100%. Jeste\u015bmy w czo\u0142\u00f3wce produkt\u00f3w CBD.<\/p>\n<p>Masz jakie\u015b pytania? Napisz do nas, a z przyjemno\u015bci\u0105 pomo\u017cemy Ci znale\u017a\u0107 odpowiedni produkt.<\/p>","protected":false},"excerpt":{"rendered":"<p>Poznaj nasz\u0105 \u017cywic\u0119 CBD Lemon Haze Hash 20%, kt\u00f3ra wyr\u00f3\u017cnia si\u0119 g\u0142adkim i ziemistym aromatem. Jej cytrusowy, a jednocze\u015bnie \u0142agodny zapach sprawia, \u017ce jest niesamowita w \u015bwiecie haszyszu.<\/p>\n<ul>\n<li>CBD: 20% \/ THC: &lt;0,3%<\/li>\n<li>Silny aromat z nutami cytrusowymi<\/li>\n<li>100% legalny w Europie<\/li>\n<\/ul>\n<p>Analiza jako\u015bci: kliknij <a href=\"https:\/\/iguanasmoke.com\/pl\/analityka\/\">tutaj<\/a><\/p>","protected":false},"featured_media":81867,"comment_status":"open","ping_status":"closed","template":"","meta":{"_acf_changed":false,"site-sidebar-layout":"default","site-content-layout":"default","ast-site-content-layout":"default","site-content-style":"default","site-sidebar-style":"default","ast-global-header-display":"","ast-banner-title-visibility":"","ast-main-header-display":"","ast-hfb-above-header-display":"","ast-hfb-below-header-display":"","ast-hfb-mobile-header-display":"","site-post-title":"","ast-breadcrumbs-content":"","ast-featured-img":"","footer-sml-layout":"","theme-transparent-header-meta":"default","adv-header-id-meta":"","stick-header-meta":"","header-above-stick-meta":"","header-main-stick-meta":"","header-below-stick-meta":"","astra-migrate-meta-layouts":"set","ast-page-background-enabled":"default","ast-page-background-meta":{"desktop":{"background-color":"var(--ast-global-color-4)","background-image":"","background-repeat":"repeat","background-position":"center center","background-size":"auto","background-attachment":"scroll","background-type":"","background-media":"","overlay-type":"","overlay-color":"","overlay-opacity":"","overlay-gradient":""},"tablet":{"background-color":"","background-image":"","background-repeat":"repeat","background-position":"center center","background-size":"auto","background-attachment":"scroll","background-type":"","background-media":"","overlay-type":"","overlay-color":"","overlay-opacity":"","overlay-gradient":""},"mobile":{"background-color":"","background-image":"","background-repeat":"repeat","background-position":"center center","background-size":"auto","background-attachment":"scroll","background-type":"","background-media":"","overlay-type":"","overlay-color":"","overlay-opacity":"","overlay-gradient":""}},"ast-content-background-meta":{"desktop":{"background-color":"var(--ast-global-color-5)","background-image":"","background-repeat":"repeat","background-position":"center center","background-size":"auto","background-attachment":"scroll","background-type":"","background-media":"","overlay-type":"","overlay-color":"","overlay-opacity":"","overlay-gradient":""},"tablet":{"background-color":"var(--ast-global-color-5)","background-image":"","background-repeat":"repeat","background-position":"center center","background-size":"auto","background-attachment":"scroll","background-type":"","background-media":"","overlay-type":"","overlay-color":"","overlay-opacity":"","overlay-gradient":""},"mobile":{"background-color":"var(--ast-global-color-5)","background-image":"","background-repeat":"repeat","background-position":"center center","background-size":"auto","background-attachment":"scroll","background-type":"","background-media":"","overlay-type":"","overlay-color":"","overlay-opacity":"","overlay-gradient":""}}},"product_brand":[],"product_cat":[397],"product_tag":[],"class_list":{"0":"post-25695","1":"product","2":"type-product","3":"status-publish","4":"has-post-thumbnail","6":"product_cat-hash-cbd","7":"desktop-align-center","8":"tablet-align-center","9":"mobile-align-center","11":"first","12":"instock","13":"taxable","14":"shipping-taxable","15":"purchasable","16":"product-type-variable"},"acf":[],"yoast_head":"<!-- This site is optimized with the Yoast SEO Premium plugin v27.3 (Yoast SEO v27.3) - https:\/\/yoast.com\/product\/yoast-seo-premium-wordpress\/ -->\n<title>Hash CBD Lemon Haze: Comprar Hash CBD Espa\u00f1a | Iguana Smoke<\/title>\n<meta name=\"description\" content=\"Compra Lemon Haze Hash CBD 20% al mejor precio en Iguana Smoke. Tu lugar de confianza para comprar Hash sin THC con alto contenido en CBD en Espa\u00f1a.\" \/>\n<meta name=\"robots\" content=\"index, follow, max-snippet:-1, max-image-preview:large, max-video-preview:-1\" \/>\n<link rel=\"canonical\" href=\"https:\/\/iguanasmoke.com\/pl\/product-2\/hash-cbd-lemon-haze-20\/\" \/>\n<meta property=\"og:locale\" content=\"pl_PL\" \/>\n<meta property=\"og:type\" content=\"article\" \/>\n<meta property=\"og:title\" content=\"Hash CBD Polen Lemon Haze 20%\" \/>\n<meta property=\"og:description\" content=\"Explora nuestro Lemon Haze Hash 20% CBD, una resina CBD que destaca por su suavidad y aroma terroso. Su olor c\u00edtrico pero suave lo hace incre\u00edble en el mundo del hach\u00eds.   CBD: 20% \/ THC: &lt;0,3%  Aroma fuerte con tonos c\u00edtricos  100% legal en Europa  An\u00e1lisis de calidad: pincha aqu\u00ed\" \/>\n<meta property=\"og:url\" content=\"https:\/\/iguanasmoke.com\/pl\/product-2\/hash-cbd-lemon-haze-20\/\" \/>\n<meta property=\"og:site_name\" content=\"Iguana Smoke\" \/>\n<meta property=\"article:publisher\" content=\"https:\/\/www.facebook.com\/iguanasmoke\" \/>\n<meta property=\"article:modified_time\" content=\"2026-03-20T12:21:26+00:00\" \/>\n<meta property=\"og:image\" content=\"https:\/\/iguanasmoke.com\/wp-content\/uploads\/2023\/12\/Lemon-Haze-2g-con-hash.webp\" \/>\n\t<meta property=\"og:image:width\" content=\"1000\" \/>\n\t<meta property=\"og:image:height\" content=\"1000\" \/>\n\t<meta property=\"og:image:type\" content=\"image\/webp\" \/>\n<meta name=\"twitter:card\" content=\"summary_large_image\" \/>\n<meta name=\"twitter:label1\" content=\"Dost\u0119pno\u015b\u0107\" \/>\n\t<meta name=\"twitter:data1\" content=\"Dost\u0119pny\" \/>\n<meta property=\"product:brand\" content=\"variable\" \/>\n<meta property=\"og:availability\" content=\"instock\" \/>\n<meta property=\"product:availability\" content=\"instock\" \/>\n<meta property=\"product:condition\" content=\"new\" \/>\n<!-- \/ Yoast SEO Premium plugin. -->","yoast_head_json":{"title":"Hash CBD Lemon Haze: Kup Hash CBD UK: Iguana Smoke","description":"Kup Lemon Haze Hash CBD 20% w najlepszej cenie w Iguana Smoke. Twoje zaufane miejsce do zakupu wolnego od THC haszyszu z wysok\u0105 zawarto\u015bci\u0105 CBD w Hiszpanii.","robots":{"index":"index","follow":"follow","max-snippet":"max-snippet:-1","max-image-preview":"max-image-preview:large","max-video-preview":"max-video-preview:-1"},"canonical":"https:\/\/iguanasmoke.com\/pl\/product-2\/hash-cbd-lemon-haze-20\/","og_locale":"pl_PL","og_type":"article","og_title":"Hash CBD Polen Lemon Haze 20%","og_description":"Explora nuestro Lemon Haze Hash 20% CBD, una resina CBD que destaca por su suavidad y aroma terroso. Su olor c\u00edtrico pero suave lo hace incre\u00edble en el mundo del hach\u00eds.   CBD: 20% \/ THC: &lt;0,3%  Aroma fuerte con tonos c\u00edtricos  100% legal en Europa  An\u00e1lisis de calidad: pincha aqu\u00ed","og_url":"https:\/\/iguanasmoke.com\/pl\/product-2\/hash-cbd-lemon-haze-20\/","og_site_name":"Iguana Smoke","article_publisher":"https:\/\/www.facebook.com\/iguanasmoke","article_modified_time":"2026-03-20T12:21:26+00:00","og_image":[{"width":1000,"height":1000,"url":"https:\/\/iguanasmoke.com\/wp-content\/uploads\/2023\/12\/Lemon-Haze-2g-con-hash.webp","type":"image\/webp"}],"twitter_card":"summary_large_image","twitter_misc":{"Dost\u0119pno\u015b\u0107":"Dost\u0119pny"},"schema":{"@context":"https:\/\/schema.org","@graph":[{"@type":"WebPage","@id":"https:\/\/iguanasmoke.com\/producto\/hash-cbd-lemon-haze-20\/","url":"https:\/\/iguanasmoke.com\/producto\/hash-cbd-lemon-haze-20\/","name":"Hash CBD Lemon Haze: Kup Hash CBD UK: Iguana Smoke","isPartOf":{"@id":"https:\/\/iguanasmoke.com\/#website"},"primaryImageOfPage":{"@id":"https:\/\/iguanasmoke.com\/producto\/hash-cbd-lemon-haze-20\/#primaryimage"},"image":{"@id":"https:\/\/iguanasmoke.com\/producto\/hash-cbd-lemon-haze-20\/#primaryimage"},"thumbnailUrl":"https:\/\/iguanasmoke.com\/wp-content\/uploads\/2023\/12\/Lemon-Haze-2g-con-hash.webp","datePublished":"2023-12-07T16:39:25+00:00","dateModified":"2026-03-20T12:21:26+00:00","description":"Kup Lemon Haze Hash CBD 20% w najlepszej cenie w Iguana Smoke. Twoje zaufane miejsce do zakupu wolnego od THC haszyszu z wysok\u0105 zawarto\u015bci\u0105 CBD w Hiszpanii.","breadcrumb":{"@id":"https:\/\/iguanasmoke.com\/producto\/hash-cbd-lemon-haze-20\/#breadcrumb"},"inLanguage":"pl-PL","potentialAction":[{"@type":"ReadAction","target":["https:\/\/iguanasmoke.com\/producto\/hash-cbd-lemon-haze-20\/"]}]},{"@type":"ImageObject","inLanguage":"pl-PL","@id":"https:\/\/iguanasmoke.com\/producto\/hash-cbd-lemon-haze-20\/#primaryimage","url":"https:\/\/iguanasmoke.com\/wp-content\/uploads\/2023\/12\/Lemon-Haze-2g-con-hash.webp","contentUrl":"https:\/\/iguanasmoke.com\/wp-content\/uploads\/2023\/12\/Lemon-Haze-2g-con-hash.webp","width":1000,"height":1000,"caption":"Hash CBD Lemon Haze 2g"},{"@type":"BreadcrumbList","@id":"https:\/\/iguanasmoke.com\/producto\/hash-cbd-lemon-haze-20\/#breadcrumb","itemListElement":[{"@type":"ListItem","position":1,"name":"home","item":"https:\/\/iguanasmoke.com\/"},{"@type":"ListItem","position":2,"name":"Tienda","item":"https:\/\/iguanasmoke.com\/tienda\/"},{"@type":"ListItem","position":3,"name":"Hash CBD","item":"https:\/\/iguanasmoke.com\/categoria\/hash-cbd\/"},{"@type":"ListItem","position":4,"name":"Hash CBD Polen Lemon Haze 20%"}]},{"@type":"WebSite","@id":"https:\/\/iguanasmoke.com\/#website","url":"https:\/\/iguanasmoke.com\/","name":"Iguana Smoke","description":"Kup CBD online w najlepszej cenie","publisher":{"@id":"https:\/\/iguanasmoke.com\/#organization"},"potentialAction":[{"@type":"SearchAction","target":{"@type":"EntryPoint","urlTemplate":"https:\/\/iguanasmoke.com\/?s={search_term_string}"},"query-input":{"@type":"PropertyValueSpecification","valueRequired":true,"valueName":"search_term_string"}}],"inLanguage":"pl-PL"},{"@type":"Organization","@id":"https:\/\/iguanasmoke.com\/#organization","name":"Iguana Smoke","url":"https:\/\/iguanasmoke.com\/","logo":{"@type":"ImageObject","inLanguage":"pl-PL","@id":"https:\/\/iguanasmoke.com\/#\/schema\/logo\/image\/","url":"https:\/\/iguanasmoke.com\/wp-content\/uploads\/2025\/01\/logoiguana-favi-1.png","contentUrl":"https:\/\/iguanasmoke.com\/wp-content\/uploads\/2025\/01\/logoiguana-favi-1.png","width":512,"height":512,"caption":"Iguana Smoke"},"image":{"@id":"https:\/\/iguanasmoke.com\/#\/schema\/logo\/image\/"},"sameAs":["https:\/\/www.facebook.com\/iguanasmoke","https:\/\/www.instagram.com\/iguanasmoke\/"]}]},"product_brand":"variable","og_availability":"instock","product_availability":"instock","product_condition":"new"},"_links":{"self":[{"href":"https:\/\/iguanasmoke.com\/pl\/wp-json\/wp\/v2\/product\/25695","targetHints":{"allow":["GET"]}}],"collection":[{"href":"https:\/\/iguanasmoke.com\/pl\/wp-json\/wp\/v2\/product"}],"about":[{"href":"https:\/\/iguanasmoke.com\/pl\/wp-json\/wp\/v2\/types\/product"}],"replies":[{"embeddable":true,"href":"https:\/\/iguanasmoke.com\/pl\/wp-json\/wp\/v2\/comments?post=25695"}],"wp:featuredmedia":[{"embeddable":true,"href":"https:\/\/iguanasmoke.com\/pl\/wp-json\/wp\/v2\/media\/81867"}],"wp:attachment":[{"href":"https:\/\/iguanasmoke.com\/pl\/wp-json\/wp\/v2\/media?parent=25695"}],"wp:term":[{"taxonomy":"product_brand","embeddable":true,"href":"https:\/\/iguanasmoke.com\/pl\/wp-json\/wp\/v2\/product_brand?post=25695"},{"taxonomy":"product_cat","embeddable":true,"href":"https:\/\/iguanasmoke.com\/pl\/wp-json\/wp\/v2\/product_cat?post=25695"},{"taxonomy":"product_tag","embeddable":true,"href":"https:\/\/iguanasmoke.com\/pl\/wp-json\/wp\/v2\/product_tag?post=25695"}],"curies":[{"name":"wp","href":"https:\/\/api.w.org\/{rel}","templated":true}]}}