{"id":26057,"date":"2023-12-12T17:47:47","date_gmt":"2023-12-12T16:47:47","guid":{"rendered":"https:\/\/iguanasmoke.com\/?post_type=product&#038;p=26057"},"modified":"2026-04-06T12:34:16","modified_gmt":"2026-04-06T10:34:16","slug":"bateria-510-iguana-power-do-wkladow-1ml","status":"publish","type":"product","link":"https:\/\/iguanasmoke.com\/pl\/producto\/iguana-power-bateria-510-para-cartuchos-de-1ml\/","title":{"rendered":"Iguana Power Slim 510 Battery 1ml"},"content":{"rendered":"<h1><span style=\"font-weight: 400\">Bateria 510 Iguana Power Slim 1ml \u2013 320<em> mAh<\/em><\/span><\/h1>\n<p><span style=\"font-weight: 400\">Odkryj niesamowit\u0105 moc i wszechstronno\u015b\u0107 <strong>Bateria 510 Iguana Power Slim od Iguana Smoke<\/strong> specjalny dla <strong>naboje<\/strong> z <strong>1ml<\/strong>. Zaprojektowany, aby zadowoli\u0107 najbardziej entuzjastycznych <strong>vaping<\/strong>, to <strong>najnowocze\u015bniejsze urz\u0105dzenie<\/strong> oferuje niezawodn\u0105 wydajno\u015b\u0107 i niezr\u00f3wnane wra\u017cenia. <\/span><\/p>\n<p><span style=\"font-weight: 400\">Jego kompaktowy, dyskretny i \u0142atwy w transporcie rozmiar sprawia, \u017ce jest idealny do codziennego u\u017cytku. Jego <strong>moc jest doskonale skalibrowana<\/strong> aby w pe\u0142ni wydoby\u0107 aromat z waporyzatora, nie przegrzewaj\u0105c liquidu. Z bateri\u0105 510 Iguana Power Slim kup teraz swoje <a href=\"https:\/\/iguanasmoke.com\/pl\/kategoria\/cbd-vaper-2\/cartuchos-de-vapeo\/\">naboje\u00a0<\/a> i zacz\u0105\u0107 wapowa\u0107. <em>Ma moc 320 mAh<\/em>.\u00a0<\/span><\/p>\n<p>&nbsp;<\/p>\n<h2><strong>Cechy Baterii 510 Iguana Power Slim:<\/strong><\/h2>\n<ul>\n<li><span style=\"font-weight: 400\"><strong>Uniwersalna kompatybilno\u015b\u0107:<\/strong> Iguana Power Slim jest kompatybilna z szerok\u0105 gam\u0105 kartrid\u017cy i atomizer\u00f3w, daj\u0105c Ci swobod\u0119 wyboru ulubionych akcesori\u00f3w. Mo\u017cesz u\u017cywa\u0107 <a href=\"https:\/\/iguanasmoke.com\/pl\/kategoria\/cbd-vaper-2\/cartuchos-de-vapeo\/\">Wk\u0142ady 1 ml i 2 ml<\/a> z <strong>Iguana Smoke<\/strong> z t\u0105 bateri\u0105.<\/span><\/li>\n<li>Ekran z wska\u017anikiem ilo\u015bci baterii.<\/li>\n<li><span style=\"font-weight: 400\"><strong>Przeno\u015bno\u015b\u0107 i trwa\u0142o\u015b\u0107<\/strong>: Jego kompaktowa i wytrzyma\u0142a konstrukcja sprawia, \u017ce jest idealnym towarzyszem codziennych przyg\u00f3d. No\u015b go ze sob\u0105 z pewno\u015bci\u0105, wiedz\u0105c, \u017ce jest stworzony, aby wytrzyma\u0107 ci\u0105g\u0142e u\u017cytkowanie. Idealny dla tych, kt\u00f3rzy ceni\u0105 sobie Bateri\u0119 510 Iguana Power Slim.<\/span><\/li>\n<li>Przycisk aktywacji: Przycisk zasilania oferuje 3 r\u00f3\u017cne funkcje w zale\u017cno\u015bci od liczby naci\u015bni\u0119\u0107:\n<ul>\n<li style=\"list-style-type: none\">\n<ul>\n<li>5 razy: w\u0142\u0105cza si\u0119.<\/li>\n<li>3 razy: zmieniasz napi\u0119cie i moc.<\/li>\n<li>2 razy: podgrzej (15 sekund).<\/li>\n<\/ul>\n<\/li>\n<\/ul>\n<\/li>\n<\/ul>\n<p>&nbsp;<\/p>\n<h2><strong>Co to jest wk\u0142ad jednorazowy?<\/strong><\/h2>\n<p><span style=\"font-weight: 400\">A <strong>wk\u0142ad jednorazowy<\/strong> jest ma\u0142ym cylindrem z <strong>510, z\u0142\u0105cze 1 ml lub 2 ml<\/strong> kt\u00f3ry jest wype\u0142niony p\u0142ynem. Du\u017c\u0105 r\u00f3\u017cnic\u0105 w por\u00f3wnaniu z innymi rodzajami wk\u0142ad\u00f3w jest to, \u017ce nie trzeba go uzupe\u0142nia\u0107 ani uzupe\u0142nia\u0107: <strong>gdy si\u0119 sko\u0144czy, jest po prostu wyrzucany<\/strong>. Bateria 510 Iguana Power Slim jest kompatybilna z nimi, oferuj\u0105c du\u017c\u0105 wszechstronno\u015b\u0107.<\/span><\/p>\n<p><span style=\"font-weight: 400\">Istniej\u0105 r\u00f3wnie\u017c <a href=\"https:\/\/iguanasmoke.com\/pl\/kategoria\/cbd-vaper-2\/\">Jednorazowe vapery<\/a> (wszystko w jednym) z wbudowan\u0105 bateri\u0105 i wk\u0142adem, gotowe do u\u017cycia zaraz po wyj\u0119ciu z pude\u0142ka.\u00a0<\/span><\/p>\n<p>&nbsp;<\/p>\n<div class=\"ewd-ufaq-faq-body\">\n<h3><b>Iguana Smoke to zaufany internetowy sklep CBD<\/b><\/h3>\n<p><span style=\"font-weight: 400\">W Iguana Smoke wierzymy, \u017ce korzystanie z CBD powinno by\u0107 bezpieczne i przyjemne. Dlatego oferujemy wysokiej jako\u015bci produkty, kt\u00f3re trafiaj\u0105 do nowych pokole\u0144: os\u00f3b szukaj\u0105cych prostego dobrostanu, z autentycznymi i godnymi zaufania markami. Kup teraz bateri\u0119 510 Iguana Power Slim.<\/span><\/p>\n<p>Nasza misja jest jasna: dostarcza\u0107 najlepsze kannabinoidy w uczciwej cenie, ze spokojem wynikaj\u0105cym ze \u015bwiadomo\u015bci, \u017ce wybierasz certyfikowany, skuteczny i legalny produkt 100%. Jeste\u015bmy w czo\u0142\u00f3wce produkt\u00f3w CBD.<\/p>\n<p>Nadal masz w\u0105tpliwo\u015bci? Napisz do nas, a z przyjemno\u015bci\u0105 pomo\u017cemy Ci znale\u017a\u0107 odpowiedni produkt.<\/p>\n<\/div>\n<p>&nbsp;<\/p>\n<p><em><span style=\"font-weight: 400\">*Uwaga: zgodnie z hiszpa\u0144skim prawem jest on przeznaczony do zbierania lub aromaterapii.<\/span><\/em><\/p>\n<p><em><span style=\"font-weight: 400\">**Wszystkie nasze produkty pochodz\u0105 z certyfikowanych konopi przemys\u0142owych. Zawieraj\u0105 mniej ni\u017c 0,3 THC i nie zawieraj\u0105 nielegalnych kannabinoid\u00f3w, takich jak HHC, HHC-P, THCP, THCP-O, H4CBD i tych zawartych w za\u0142\u0105czniku I do dekretu kr\u00f3lewskiego 2829\/1977, ani substancji kontrolowanych przez konwencje mi\u0119dzynarodowe.\u00a0<\/span><\/em><\/p>","protected":false},"excerpt":{"rendered":"<ul>\n<li>Bateria 510 do kartrid\u017cy o pojemno\u015bci 1 ml, 2 ml lub wi\u0119kszej: <em>320 mAh<\/em><\/li>\n<li>Napi\u0119cie: 2,7 V - 3,1 V - 3,6 V<\/li>\n<li>15-sekundowa funkcja nagrzewania<\/li>\n<li>Standardowe z\u0142\u0105cze kompatybilne ze wszystkimi kartrid\u017cami 510<\/li>\n<li>Po\u0142\u0105czenie: USB-C<\/li>\n<\/ul>","protected":false},"featured_media":53875,"comment_status":"open","ping_status":"closed","template":"","meta":{"_acf_changed":false,"site-sidebar-layout":"default","site-content-layout":"default","ast-site-content-layout":"default","site-content-style":"default","site-sidebar-style":"default","ast-global-header-display":"","ast-banner-title-visibility":"","ast-main-header-display":"","ast-hfb-above-header-display":"","ast-hfb-below-header-display":"","ast-hfb-mobile-header-display":"","site-post-title":"","ast-breadcrumbs-content":"","ast-featured-img":"","footer-sml-layout":"","theme-transparent-header-meta":"default","adv-header-id-meta":"","stick-header-meta":"","header-above-stick-meta":"","header-main-stick-meta":"","header-below-stick-meta":"","astra-migrate-meta-layouts":"set","ast-page-background-enabled":"default","ast-page-background-meta":{"desktop":{"background-color":"var(--ast-global-color-4)","background-image":"","background-repeat":"repeat","background-position":"center center","background-size":"auto","background-attachment":"scroll","background-type":"","background-media":"","overlay-type":"","overlay-color":"","overlay-opacity":"","overlay-gradient":""},"tablet":{"background-color":"","background-image":"","background-repeat":"repeat","background-position":"center center","background-size":"auto","background-attachment":"scroll","background-type":"","background-media":"","overlay-type":"","overlay-color":"","overlay-opacity":"","overlay-gradient":""},"mobile":{"background-color":"","background-image":"","background-repeat":"repeat","background-position":"center center","background-size":"auto","background-attachment":"scroll","background-type":"","background-media":"","overlay-type":"","overlay-color":"","overlay-opacity":"","overlay-gradient":""}},"ast-content-background-meta":{"desktop":{"background-color":"var(--ast-global-color-5)","background-image":"","background-repeat":"repeat","background-position":"center center","background-size":"auto","background-attachment":"scroll","background-type":"","background-media":"","overlay-type":"","overlay-color":"","overlay-opacity":"","overlay-gradient":""},"tablet":{"background-color":"var(--ast-global-color-5)","background-image":"","background-repeat":"repeat","background-position":"center center","background-size":"auto","background-attachment":"scroll","background-type":"","background-media":"","overlay-type":"","overlay-color":"","overlay-opacity":"","overlay-gradient":""},"mobile":{"background-color":"var(--ast-global-color-5)","background-image":"","background-repeat":"repeat","background-position":"center center","background-size":"auto","background-attachment":"scroll","background-type":"","background-media":"","overlay-type":"","overlay-color":"","overlay-opacity":"","overlay-gradient":""}}},"product_brand":[],"product_cat":[984,419,981,418],"product_tag":[],"class_list":{"0":"post-26057","1":"product","2":"type-product","3":"status-publish","4":"has-post-thumbnail","6":"product_cat-baterias-y-kits-de-vapeo","7":"product_cat-cartuchos-cbd","8":"product_cat-cbd-full-spectrum","9":"product_cat-vaper-cbd","10":"desktop-align-center","11":"tablet-align-center","12":"mobile-align-center","14":"first","15":"instock","16":"taxable","17":"shipping-taxable","18":"purchasable","19":"product-type-simple"},"acf":[],"yoast_head":"<!-- This site is optimized with the Yoast SEO Premium plugin v27.3 (Yoast SEO v27.3) - https:\/\/yoast.com\/product\/yoast-seo-premium-wordpress\/ -->\n<title>Bateria 510 Iguana Power Slim | Iguana Smoke<\/title>\n<meta name=\"description\" content=\"La Bateria 510 Iguana Power Slim combina rendimiento y facilidad de transporte. Ideal para los entusiastas del vapeo que desean un dispositivo discreto.\" \/>\n<meta name=\"robots\" content=\"index, follow, max-snippet:-1, max-image-preview:large, max-video-preview:-1\" \/>\n<link rel=\"canonical\" href=\"https:\/\/iguanasmoke.com\/pl\/product-2\/bateria-510-iguana-power-do-wkladow-1ml\/\" \/>\n<meta property=\"og:locale\" content=\"pl_PL\" \/>\n<meta property=\"og:type\" content=\"article\" \/>\n<meta property=\"og:title\" content=\"Bateria 510 Iguana Power Slim 1ml\" \/>\n<meta property=\"og:description\" content=\"Bateria 510 para cartuchos anchos de 1ml, 2ml o m\u00e1s: 320 MaH  Voltaje: 2,7v - 3,1v - 3,6v  Funci\u00f3n precalentamiento de 15 segundos  Conexi\u00f3n standard compatible con todos los cartuchos 510  Conexi\u00f3n: USB-C\" \/>\n<meta property=\"og:url\" content=\"https:\/\/iguanasmoke.com\/pl\/product-2\/bateria-510-iguana-power-do-wkladow-1ml\/\" \/>\n<meta property=\"og:site_name\" content=\"Iguana Smoke\" \/>\n<meta property=\"article:publisher\" content=\"https:\/\/www.facebook.com\/iguanasmoke\" \/>\n<meta property=\"article:modified_time\" content=\"2026-04-06T10:34:16+00:00\" \/>\n<meta property=\"og:image\" content=\"https:\/\/iguanasmoke.com\/wp-content\/uploads\/2023\/12\/Pen-Battery-Slim.webp\" \/>\n\t<meta property=\"og:image:width\" content=\"1000\" \/>\n\t<meta property=\"og:image:height\" content=\"1000\" \/>\n\t<meta property=\"og:image:type\" content=\"image\/webp\" \/>\n<meta name=\"twitter:card\" content=\"summary_large_image\" \/>\n<meta name=\"twitter:label1\" content=\"Cena\" \/>\n\t<meta name=\"twitter:data1\" content=\"12,90&nbsp;&euro;\" \/>\n\t<meta name=\"twitter:label2\" content=\"Dost\u0119pno\u015b\u0107\" \/>\n\t<meta name=\"twitter:data2\" content=\"Dost\u0119pny\" \/>\n<meta property=\"product:brand\" content=\"simple\" \/>\n<meta property=\"product:price:amount\" content=\"12.90\" \/>\n<meta property=\"product:price:currency\" content=\"EUR\" \/>\n<meta property=\"og:availability\" content=\"instock\" \/>\n<meta property=\"product:availability\" content=\"instock\" \/>\n<meta property=\"product:retailer_item_id\" content=\"IS-BAT510-PENBLACK\" \/>\n<meta property=\"product:condition\" content=\"new\" \/>\n<!-- \/ Yoast SEO Premium plugin. -->","yoast_head_json":{"title":"Bateria 510 Iguana Power Slim | Iguana Smoke","description":"Bateria 510 Iguana Power Slim \u0142\u0105czy wydajno\u015b\u0107 z \u0142atwo\u015bci\u0105 transportu. Idealna dla entuzjast\u00f3w waporyzacji, kt\u00f3rzy szukaj\u0105 dyskretnego urz\u0105dzenia.","robots":{"index":"index","follow":"follow","max-snippet":"max-snippet:-1","max-image-preview":"max-image-preview:large","max-video-preview":"max-video-preview:-1"},"canonical":"https:\/\/iguanasmoke.com\/pl\/product-2\/bateria-510-iguana-power-do-wkladow-1ml\/","og_locale":"pl_PL","og_type":"article","og_title":"Bateria 510 Iguana Power Slim 1ml","og_description":"Bateria 510 para cartuchos anchos de 1ml, 2ml o m\u00e1s: 320 MaH  Voltaje: 2,7v - 3,1v - 3,6v  Funci\u00f3n precalentamiento de 15 segundos  Conexi\u00f3n standard compatible con todos los cartuchos 510  Conexi\u00f3n: USB-C","og_url":"https:\/\/iguanasmoke.com\/pl\/product-2\/bateria-510-iguana-power-do-wkladow-1ml\/","og_site_name":"Iguana Smoke","article_publisher":"https:\/\/www.facebook.com\/iguanasmoke","article_modified_time":"2026-04-06T10:34:16+00:00","og_image":[{"width":1000,"height":1000,"url":"https:\/\/iguanasmoke.com\/wp-content\/uploads\/2023\/12\/Pen-Battery-Slim.webp","type":"image\/webp"}],"twitter_card":"summary_large_image","twitter_misc":{"Cena":"12,90&nbsp;&euro;","Dost\u0119pno\u015b\u0107":"Dost\u0119pny"},"schema":{"@context":"https:\/\/schema.org","@graph":[{"@type":"WebPage","@id":"https:\/\/iguanasmoke.com\/producto\/iguana-power-bateria-510-para-cartuchos-de-1ml\/","url":"https:\/\/iguanasmoke.com\/producto\/iguana-power-bateria-510-para-cartuchos-de-1ml\/","name":"Bateria 510 Iguana Power Slim | Iguana Smoke","isPartOf":{"@id":"https:\/\/iguanasmoke.com\/#website"},"primaryImageOfPage":{"@id":"https:\/\/iguanasmoke.com\/producto\/iguana-power-bateria-510-para-cartuchos-de-1ml\/#primaryimage"},"image":{"@id":"https:\/\/iguanasmoke.com\/producto\/iguana-power-bateria-510-para-cartuchos-de-1ml\/#primaryimage"},"thumbnailUrl":"https:\/\/iguanasmoke.com\/wp-content\/uploads\/2023\/12\/Pen-Battery-Slim.webp","datePublished":"2023-12-12T16:47:47+00:00","dateModified":"2026-04-06T10:34:16+00:00","description":"Bateria 510 Iguana Power Slim \u0142\u0105czy wydajno\u015b\u0107 z \u0142atwo\u015bci\u0105 transportu. Idealna dla entuzjast\u00f3w waporyzacji, kt\u00f3rzy szukaj\u0105 dyskretnego urz\u0105dzenia.","breadcrumb":{"@id":"https:\/\/iguanasmoke.com\/producto\/iguana-power-bateria-510-para-cartuchos-de-1ml\/#breadcrumb"},"inLanguage":"pl-PL","potentialAction":[{"@type":"ReadAction","target":["https:\/\/iguanasmoke.com\/producto\/iguana-power-bateria-510-para-cartuchos-de-1ml\/"]}]},{"@type":"ImageObject","inLanguage":"pl-PL","@id":"https:\/\/iguanasmoke.com\/producto\/iguana-power-bateria-510-para-cartuchos-de-1ml\/#primaryimage","url":"https:\/\/iguanasmoke.com\/wp-content\/uploads\/2023\/12\/Pen-Battery-Slim.webp","contentUrl":"https:\/\/iguanasmoke.com\/wp-content\/uploads\/2023\/12\/Pen-Battery-Slim.webp","width":1000,"height":1000,"caption":"bateria 510 iguana power slim vaper cartucho"},{"@type":"BreadcrumbList","@id":"https:\/\/iguanasmoke.com\/producto\/iguana-power-bateria-510-para-cartuchos-de-1ml\/#breadcrumb","itemListElement":[{"@type":"ListItem","position":1,"name":"home","item":"https:\/\/iguanasmoke.com\/"},{"@type":"ListItem","position":2,"name":"Tienda","item":"https:\/\/iguanasmoke.com\/tienda\/"},{"@type":"ListItem","position":3,"name":"Vaper CBD","item":"https:\/\/iguanasmoke.com\/categoria\/vaper-cbd\/"},{"@type":"ListItem","position":4,"name":"Cartuchos","item":"https:\/\/iguanasmoke.com\/categoria\/vaper-cbd\/cartuchos-cbd\/"},{"@type":"ListItem","position":5,"name":"Bater\u00edas y Kits de Vapeo","item":"https:\/\/iguanasmoke.com\/categoria\/vaper-cbd\/cartuchos-cbd\/baterias-y-kits-de-vapeo\/"},{"@type":"ListItem","position":6,"name":"Bateria 510 Iguana Power Slim 1ml"}]},{"@type":"WebSite","@id":"https:\/\/iguanasmoke.com\/#website","url":"https:\/\/iguanasmoke.com\/","name":"Iguana Smoke","description":"Kup CBD online w najlepszej cenie","publisher":{"@id":"https:\/\/iguanasmoke.com\/#organization"},"potentialAction":[{"@type":"SearchAction","target":{"@type":"EntryPoint","urlTemplate":"https:\/\/iguanasmoke.com\/?s={search_term_string}"},"query-input":{"@type":"PropertyValueSpecification","valueRequired":true,"valueName":"search_term_string"}}],"inLanguage":"pl-PL"},{"@type":"Organization","@id":"https:\/\/iguanasmoke.com\/#organization","name":"Iguana Smoke","url":"https:\/\/iguanasmoke.com\/","logo":{"@type":"ImageObject","inLanguage":"pl-PL","@id":"https:\/\/iguanasmoke.com\/#\/schema\/logo\/image\/","url":"https:\/\/iguanasmoke.com\/wp-content\/uploads\/2025\/01\/logoiguana-favi-1.png","contentUrl":"https:\/\/iguanasmoke.com\/wp-content\/uploads\/2025\/01\/logoiguana-favi-1.png","width":512,"height":512,"caption":"Iguana Smoke"},"image":{"@id":"https:\/\/iguanasmoke.com\/#\/schema\/logo\/image\/"},"sameAs":["https:\/\/www.facebook.com\/iguanasmoke","https:\/\/www.instagram.com\/iguanasmoke\/"]}]},"product_brand":"simple","product_price_amount":"12.90","product_price_currency":"EUR","og_availability":"instock","product_availability":"instock","product_retailer_item_id":"IS-BAT510-PENBLACK","product_condition":"new"},"_links":{"self":[{"href":"https:\/\/iguanasmoke.com\/pl\/wp-json\/wp\/v2\/product\/26057","targetHints":{"allow":["GET"]}}],"collection":[{"href":"https:\/\/iguanasmoke.com\/pl\/wp-json\/wp\/v2\/product"}],"about":[{"href":"https:\/\/iguanasmoke.com\/pl\/wp-json\/wp\/v2\/types\/product"}],"replies":[{"embeddable":true,"href":"https:\/\/iguanasmoke.com\/pl\/wp-json\/wp\/v2\/comments?post=26057"}],"wp:featuredmedia":[{"embeddable":true,"href":"https:\/\/iguanasmoke.com\/pl\/wp-json\/wp\/v2\/media\/53875"}],"wp:attachment":[{"href":"https:\/\/iguanasmoke.com\/pl\/wp-json\/wp\/v2\/media?parent=26057"}],"wp:term":[{"taxonomy":"product_brand","embeddable":true,"href":"https:\/\/iguanasmoke.com\/pl\/wp-json\/wp\/v2\/product_brand?post=26057"},{"taxonomy":"product_cat","embeddable":true,"href":"https:\/\/iguanasmoke.com\/pl\/wp-json\/wp\/v2\/product_cat?post=26057"},{"taxonomy":"product_tag","embeddable":true,"href":"https:\/\/iguanasmoke.com\/pl\/wp-json\/wp\/v2\/product_tag?post=26057"}],"curies":[{"name":"wp","href":"https:\/\/api.w.org\/{rel}","templated":true}]}}