{"id":26261,"date":"2023-12-15T18:55:45","date_gmt":"2023-12-15T17:55:45","guid":{"rendered":"https:\/\/iguanasmoke.com\/?post_type=product&#038;p=26261"},"modified":"2026-03-15T18:53:24","modified_gmt":"2026-03-15T17:53:24","slug":"iguana-power-cartridge-cbd-full-spectrum-kit","status":"publish","type":"product","link":"https:\/\/iguanasmoke.com\/pl\/producto\/kit-iguana-power-cartucho-cbd-full-spectrum\/","title":{"rendered":"Zestaw Iguana Power + wk\u0142ad CBD Full Spectrum 70%"},"content":{"rendered":"<h1 data-start=\"1609\" data-end=\"1642\"><span style=\"font-weight: 400;\">Zestaw wk\u0142ad\u00f3w Iguana Power + Full Spectrum CBD<\/span><\/h1>\n<p>Ten kompletny zestaw Iguana Power + Full Spectrum CBD Cartridge 1ml oferuje idealne po\u0142\u0105czenie mocy i szerokiej gamy kannabinoid\u00f3w. Na pocz\u0105tek, \u0142\u0105czy w sobie wszechstronne <a href=\"https:\/\/iguanasmoke.com\/pl\/product-2\/iguana-power-bateria-510-para-cartuchos-de-1ml\/\">510 Slim Battery<\/a> z wk\u0142adami CBD Full Spectrum 70% 1 ml, aby uzyska\u0107 wysokiej jako\u015bci doznania podczas waporyzacji.<\/p>\n<p>&nbsp;<\/p>\n<h2><strong>Charakterystyka:<\/strong><\/h2>\n<ul>\n<li><span style=\"font-weight: 400;\"><strong>Uniwersalna kompatybilno\u015b\u0107:<\/strong> Iguana Power Battery 510 wsp\u00f3\u0142pracuje ze wszystkimi kartrid\u017cami i atomizerami dost\u0119pnymi na rynku, w tym z kartrid\u017cem CBD Full Spectrum o pojemno\u015bci 1 ml.<\/span><\/li>\n<li><span style=\"font-weight: 400;\"><strong>Kompaktowa i wytrzyma\u0142a konstrukcja:<\/strong> Jego rozmiar sprawia, \u017ce idealnie nadaje si\u0119 do codziennego u\u017cytku, jest zbudowany z my\u015bl\u0105 o trwa\u0142o\u015bci. <\/span><\/li>\n<li><span style=\"font-weight: 400;\"><strong>R\u00f3\u017cne smaki.<\/strong>\u00a0<\/span><\/li>\n<li>Wysokiej jako\u015bci wk\u0142ady CBD o pe\u0142nym spektrum dzia\u0142ania: <span style=\"font-weight: 400;\"><span style=\"font-weight: 400;\">Zanurz si\u0119 w bogactwie kannabinoid\u00f3w, kt\u00f3re wychwytuj\u0105 pe\u0142n\u0105 gam\u0119 naturalnych zwi\u0105zk\u00f3w konopi. <\/span><\/span><span style=\"font-weight: 400;\">Zgadza si\u0119, nasz <strong>Wk\u0142ad CBD<\/strong> jest wykonany z <strong>Organiczny ekstrakt z konopi Full Spectrum<\/strong>, zachowuj\u0105c wszystkie kannabinoidy i terpeny ro\u015bliny. <\/span><\/li>\n<li><span style=\"font-weight: 400;\">Zawiera <strong>700 mg CBD<\/strong> (70% koncentracji) i zapewnia u\u017cytkownikowi <strong>300<\/strong><strong>\u00a0zaci\u0105gni\u0119cia<\/strong>. <\/span><span style=\"font-weight: 400;\">Ciesz si\u0119 <strong>Szybka i trwa\u0142a ulga<\/strong>, Idealny do towarzyszenia w chwilach stresu, niepokoju lub odpoczynku.\u00a0<\/span><\/li>\n<li><span style=\"font-weight: 400;\"><strong>Kompletny i gotowy do u\u017cycia zestaw:<\/strong> zawiera 1 bateri\u0119 Iguana Power Slim + 1 wk\u0142ad CBD Full Spectrum 1 ml w wybranym smaku. Ciesz si\u0119 wygod\u0105 zestawu all-in-one, kt\u00f3ry pozwala w pe\u0142ni si\u0119 zrelaksowa\u0107.<\/span><\/li>\n<li>Tryb u\u017cytkowania akumulatora:\n<ul>\n<li>Przycisk aktywacji z r\u00f3\u017cnymi funkcjami: <span style=\"font-weight: 400;\">Przycisk zasilania ma 3 r\u00f3\u017cne zastosowania: <strong>naci\u015bnij 5 razy<\/strong> dla <strong>w\u0142\u0105cz go<\/strong>; <strong>3 razy<\/strong> zmieni\u0107 <strong>napi\u0119cie<\/strong> y <strong>2 razy<\/strong> dla <strong>podgrzewanie<\/strong>.\u00a0<\/span><\/li>\n<li>Regulowane pokr\u0119t\u0142o umo\u017cliwia dostosowanie pary: <span style=\"font-weight: 400;\">Mo\u017cesz dostosowa\u0107 moc do swoich upodoba\u0144, aby cieszy\u0107 si\u0119 du\u017cymi chmurami i intensywnym smakiem za pomoc\u0105 zaledwie kilku klikni\u0119\u0107.\u00a0<\/span><\/li>\n<\/ul>\n<\/li>\n<\/ul>\n<p>&nbsp;<\/p>\n<h2><strong>Co to jest wk\u0142ad jednorazowy?<\/strong><\/h2>\n<p><span style=\"font-weight: 400;\">A <strong>wk\u0142ad jednorazowy<\/strong>, znany r\u00f3wnie\u017c jako kapsu\u0142a lub \u201cw\u00f3zek\u201d, jest ma\u0142ym cylindrem z <strong>510, z\u0142\u0105cze 1 ml lub 2 ml<\/strong> kt\u00f3ry jest wst\u0119pnie nape\u0142niony p\u0142ynem vape. Du\u017ca r\u00f3\u017cnica w por\u00f3wnaniu z innymi rodzajami wk\u0142ad\u00f3w polega na tym, \u017ce nie trzeba ich uzupe\u0142nia\u0107 ani uzupe\u0142nia\u0107: <strong>gdy si\u0119 sko\u0144czy, jest po prostu wyrzucany<\/strong>.<\/span><\/p>\n<p>&nbsp;<\/p>\n<h2>Wy\u015bmienite smaki w zestawie Iguana Power + Full Spectrum CBD Cartridge Kit:<\/h2>\n<p><span style=\"font-weight: 400;\">Aby zapewni\u0107 najwy\u017cszej jako\u015bci doznania podczas waporyzacji, oferujemy r\u00f3\u017cnorodne, starannie wyselekcjonowane smaki:<\/span><\/p>\n<ul>\n<li>Autentyczne profile konopi: Amnesia (ziemisty i pikantny), Gelato (g\u0142adki, s\u0142odki i zio\u0142owy) oraz Gorilla Glue (mocny, sosnowy i ziemisty).<\/li>\n<li>Owocowe i orze\u017awiaj\u0105ce opcje: Mango (egzotyczny), Lemon Haze (orze\u017awiaj\u0105cy i cytrusowy), Red Berries (s\u0142odkie czerwone jagody) i Strawberry (delikatny i naturalny).<\/li>\n<\/ul>\n<p>&nbsp;<\/p>\n<h3><b>Iguana Smoke to zaufany internetowy sklep CBD<\/b><\/h3>\n<p><span style=\"font-weight: 400;\">W Iguana Smoke wierzymy, \u017ce korzystanie z CBD powinno by\u0107 bezpiecznym i przyjemnym do\u015bwiadczeniem. Dlatego oferujemy wysokiej jako\u015bci produkty, kt\u00f3re \u0142\u0105cz\u0105 si\u0119 z nowymi pokoleniami: lud\u017ami, kt\u00f3rzy szukaj\u0105 nieskomplikowanego wellness, z autentycznymi i niezawodnymi markami.\u00a0<\/span><\/p>\n<p>Nasza misja jest jasna: dostarcza\u0107 ci to, co najlepsze w \u015bwiecie kannabinoid\u00f3w w uczciwej cenie, ze spokojem wynikaj\u0105cym ze \u015bwiadomo\u015bci, \u017ce wybierasz certyfikowany, skuteczny i legalny produkt 100%.<\/p>\n<p>Nadal masz w\u0105tpliwo\u015bci? Napisz do nas, a z przyjemno\u015bci\u0105 pomo\u017cemy Ci znale\u017a\u0107 odpowiedni produkt, taki jak nasz renomowany zestaw Iguana Power + Full Spectrum CBD Cartridge 1ml Kit.<\/p>\n<p>&nbsp;<\/p>\n<p><em><span style=\"font-weight: 400;\">*Pami\u0119taj: Tw\u00f3j <strong>s\u0142u\u017cy do cel\u00f3w kolekcjonerskich lub aromaterapeutycznych<\/strong> zgodnie z prawem hiszpa\u0144skim.<\/span><\/em><\/p>\n<p><em><span style=\"font-weight: 400;\">**Wszystkie nasze produkty pochodz\u0105 z certyfikowanych konopi przemys\u0142owych. Zawieraj\u0105 mniej ni\u017c 0,3 THC i nie zawieraj\u0105 nielegalnych kannabinoid\u00f3w, takich jak HHC, HHC-P, THCP, THCP-O, H4CBD i tych zawartych w za\u0142\u0105czniku I do dekretu kr\u00f3lewskiego 2829\/1977, ani substancji kontrolowanych przez konwencje mi\u0119dzynarodowe.\u00a0\u00a0<\/span><\/em><\/p>","protected":false},"excerpt":{"rendered":"<ul>\n<li>Smuk\u0142a bateria: 320 <em>MaH<\/em> dla wk\u0142ad\u00f3w 1 ml<\/li>\n<li>CBD Full Spectrum 70% 1ml wk\u0142ad CBD w zestawie (300 zaci\u0105gni\u0119\u0107)<\/li>\n<li>Napi\u0119cie: 2,7 V - 3,1 V - 3,6 V<\/li>\n<li>15-sekundowa funkcja nagrzewania<\/li>\n<li>Po\u0142\u0105czenie: USB-C<\/li>\n<\/ul>","protected":false},"featured_media":61442,"comment_status":"open","ping_status":"closed","template":"","meta":{"_acf_changed":false,"site-sidebar-layout":"default","site-content-layout":"default","ast-site-content-layout":"default","site-content-style":"default","site-sidebar-style":"default","ast-global-header-display":"","ast-banner-title-visibility":"","ast-main-header-display":"","ast-hfb-above-header-display":"","ast-hfb-below-header-display":"","ast-hfb-mobile-header-display":"","site-post-title":"","ast-breadcrumbs-content":"","ast-featured-img":"","footer-sml-layout":"","theme-transparent-header-meta":"default","adv-header-id-meta":"","stick-header-meta":"","header-above-stick-meta":"","header-main-stick-meta":"","header-below-stick-meta":"","astra-migrate-meta-layouts":"set","ast-page-background-enabled":"default","ast-page-background-meta":{"desktop":{"background-color":"var(--ast-global-color-4)","background-image":"","background-repeat":"repeat","background-position":"center center","background-size":"auto","background-attachment":"scroll","background-type":"","background-media":"","overlay-type":"","overlay-color":"","overlay-opacity":"","overlay-gradient":""},"tablet":{"background-color":"","background-image":"","background-repeat":"repeat","background-position":"center center","background-size":"auto","background-attachment":"scroll","background-type":"","background-media":"","overlay-type":"","overlay-color":"","overlay-opacity":"","overlay-gradient":""},"mobile":{"background-color":"","background-image":"","background-repeat":"repeat","background-position":"center center","background-size":"auto","background-attachment":"scroll","background-type":"","background-media":"","overlay-type":"","overlay-color":"","overlay-opacity":"","overlay-gradient":""}},"ast-content-background-meta":{"desktop":{"background-color":"var(--ast-global-color-5)","background-image":"","background-repeat":"repeat","background-position":"center center","background-size":"auto","background-attachment":"scroll","background-type":"","background-media":"","overlay-type":"","overlay-color":"","overlay-opacity":"","overlay-gradient":""},"tablet":{"background-color":"var(--ast-global-color-5)","background-image":"","background-repeat":"repeat","background-position":"center center","background-size":"auto","background-attachment":"scroll","background-type":"","background-media":"","overlay-type":"","overlay-color":"","overlay-opacity":"","overlay-gradient":""},"mobile":{"background-color":"var(--ast-global-color-5)","background-image":"","background-repeat":"repeat","background-position":"center center","background-size":"auto","background-attachment":"scroll","background-type":"","background-media":"","overlay-type":"","overlay-color":"","overlay-opacity":"","overlay-gradient":""}}},"product_brand":[],"product_cat":[984,419,981,418],"product_tag":[],"class_list":{"0":"post-26261","1":"product","2":"type-product","3":"status-publish","4":"has-post-thumbnail","6":"product_cat-baterias-y-kits-de-vapeo","7":"product_cat-cartuchos-cbd","8":"product_cat-cbd-full-spectrum","9":"product_cat-vaper-cbd","10":"desktop-align-center","11":"tablet-align-center","12":"mobile-align-center","14":"first","15":"instock","16":"taxable","17":"shipping-taxable","18":"purchasable","19":"product-type-composite"},"acf":[],"yoast_head":"<!-- This site is optimized with the Yoast SEO Premium plugin v27.3 (Yoast SEO v27.3) - https:\/\/yoast.com\/product\/yoast-seo-premium-wordpress\/ -->\n<title>Kit Iguana Power + Cartucho CBD Full | Iguana Smoke<\/title>\n<meta name=\"description\" content=\"Optimiza tu experiencia de vapeo con el Kit Iguana Power + Cartucho CBD Full Spectrum 70%. Perfecto para los amantes del cannabis. \u00a1Pru\u00e9balo ahora!\" \/>\n<meta name=\"robots\" content=\"index, follow, max-snippet:-1, max-image-preview:large, max-video-preview:-1\" \/>\n<link rel=\"canonical\" href=\"https:\/\/iguanasmoke.com\/pl\/product-2\/iguana-power-cartridge-cbd-full-spectrum-kit\/\" \/>\n<meta property=\"og:locale\" content=\"pl_PL\" \/>\n<meta property=\"og:type\" content=\"article\" \/>\n<meta property=\"og:title\" content=\"Kit Iguana Power + Cartucho de CBD Full Spectrum 70%\" \/>\n<meta property=\"og:description\" content=\"Bateria Slim: 320 MaH para cartuchos de 1ml  Cartucho de CBD Full Spectrum 70% de 1ml incluido (300 caladas)  Voltaje: 2,7v - 3,1v - 3,6v  Funci\u00f3n precalentamiento de 15 segundos  Conexi\u00f3n: USB-C\" \/>\n<meta property=\"og:url\" content=\"https:\/\/iguanasmoke.com\/pl\/product-2\/iguana-power-cartridge-cbd-full-spectrum-kit\/\" \/>\n<meta property=\"og:site_name\" content=\"Iguana Smoke\" \/>\n<meta property=\"article:publisher\" content=\"https:\/\/www.facebook.com\/iguanasmoke\" \/>\n<meta property=\"article:modified_time\" content=\"2026-03-15T17:53:24+00:00\" \/>\n<meta property=\"og:image\" content=\"https:\/\/iguanasmoke.com\/wp-content\/uploads\/2023\/12\/Bateria-slim-Cartucho-CBD-1ml.webp\" \/>\n\t<meta property=\"og:image:width\" content=\"1000\" \/>\n\t<meta property=\"og:image:height\" content=\"1000\" \/>\n\t<meta property=\"og:image:type\" content=\"image\/webp\" \/>\n<meta name=\"twitter:card\" content=\"summary_large_image\" \/>\n<meta name=\"twitter:label1\" content=\"Cena\" \/>\n\t<meta name=\"twitter:data1\" content=\"21,90&nbsp;&euro;\" \/>\n\t<meta name=\"twitter:label2\" content=\"Dost\u0119pno\u015b\u0107\" \/>\n\t<meta name=\"twitter:data2\" content=\"Dost\u0119pny\" \/>\n<meta property=\"product:brand\" content=\"composite\" \/>\n<meta property=\"product:price:amount\" content=\"21.90\" \/>\n<meta property=\"product:price:currency\" content=\"EUR\" \/>\n<meta property=\"og:availability\" content=\"instock\" \/>\n<meta property=\"product:availability\" content=\"instock\" \/>\n<meta property=\"product:retailer_item_id\" content=\"IS-BAT510-PENKITFS\" \/>\n<meta property=\"product:condition\" content=\"new\" \/>\n<!-- \/ Yoast SEO Premium plugin. -->","yoast_head_json":{"title":"Zestaw Iguana Power + CBD Full Cartridge | Iguana Smoke","description":"Zoptymalizuj swoje doznania z waporyzacji dzi\u0119ki zestawowi wk\u0142ad\u00f3w CBD Iguana Power + Full Spectrum 70%. Idealny dla mi\u0142o\u015bnik\u00f3w konopi, wypr\u00f3buj ju\u017c teraz!","robots":{"index":"index","follow":"follow","max-snippet":"max-snippet:-1","max-image-preview":"max-image-preview:large","max-video-preview":"max-video-preview:-1"},"canonical":"https:\/\/iguanasmoke.com\/pl\/product-2\/iguana-power-cartridge-cbd-full-spectrum-kit\/","og_locale":"pl_PL","og_type":"article","og_title":"Kit Iguana Power + Cartucho de CBD Full Spectrum 70%","og_description":"Bateria Slim: 320 MaH para cartuchos de 1ml  Cartucho de CBD Full Spectrum 70% de 1ml incluido (300 caladas)  Voltaje: 2,7v - 3,1v - 3,6v  Funci\u00f3n precalentamiento de 15 segundos  Conexi\u00f3n: USB-C","og_url":"https:\/\/iguanasmoke.com\/pl\/product-2\/iguana-power-cartridge-cbd-full-spectrum-kit\/","og_site_name":"Iguana Smoke","article_publisher":"https:\/\/www.facebook.com\/iguanasmoke","article_modified_time":"2026-03-15T17:53:24+00:00","og_image":[{"width":1000,"height":1000,"url":"https:\/\/iguanasmoke.com\/wp-content\/uploads\/2023\/12\/Bateria-slim-Cartucho-CBD-1ml.webp","type":"image\/webp"}],"twitter_card":"summary_large_image","twitter_misc":{"Cena":"21,90&nbsp;&euro;","Dost\u0119pno\u015b\u0107":"Dost\u0119pny"},"schema":{"@context":"https:\/\/schema.org","@graph":[{"@type":"WebPage","@id":"https:\/\/iguanasmoke.com\/producto\/kit-iguana-power-cartucho-cbd-full-spectrum\/","url":"https:\/\/iguanasmoke.com\/producto\/kit-iguana-power-cartucho-cbd-full-spectrum\/","name":"Zestaw Iguana Power + CBD Full Cartridge | Iguana Smoke","isPartOf":{"@id":"https:\/\/iguanasmoke.com\/#website"},"primaryImageOfPage":{"@id":"https:\/\/iguanasmoke.com\/producto\/kit-iguana-power-cartucho-cbd-full-spectrum\/#primaryimage"},"image":{"@id":"https:\/\/iguanasmoke.com\/producto\/kit-iguana-power-cartucho-cbd-full-spectrum\/#primaryimage"},"thumbnailUrl":"https:\/\/iguanasmoke.com\/wp-content\/uploads\/2023\/12\/Bateria-slim-Cartucho-CBD-1ml.webp","datePublished":"2023-12-15T17:55:45+00:00","dateModified":"2026-03-15T17:53:24+00:00","description":"Zoptymalizuj swoje doznania z waporyzacji dzi\u0119ki zestawowi wk\u0142ad\u00f3w CBD Iguana Power + Full Spectrum 70%. Idealny dla mi\u0142o\u015bnik\u00f3w konopi, wypr\u00f3buj ju\u017c teraz!","breadcrumb":{"@id":"https:\/\/iguanasmoke.com\/producto\/kit-iguana-power-cartucho-cbd-full-spectrum\/#breadcrumb"},"inLanguage":"pl-PL","potentialAction":[{"@type":"ReadAction","target":["https:\/\/iguanasmoke.com\/producto\/kit-iguana-power-cartucho-cbd-full-spectrum\/"]}]},{"@type":"ImageObject","inLanguage":"pl-PL","@id":"https:\/\/iguanasmoke.com\/producto\/kit-iguana-power-cartucho-cbd-full-spectrum\/#primaryimage","url":"https:\/\/iguanasmoke.com\/wp-content\/uploads\/2023\/12\/Bateria-slim-Cartucho-CBD-1ml.webp","contentUrl":"https:\/\/iguanasmoke.com\/wp-content\/uploads\/2023\/12\/Bateria-slim-Cartucho-CBD-1ml.webp","width":1000,"height":1000,"caption":"kit cartucho 1ml CBD Full + iguana power bateria slim"},{"@type":"BreadcrumbList","@id":"https:\/\/iguanasmoke.com\/producto\/kit-iguana-power-cartucho-cbd-full-spectrum\/#breadcrumb","itemListElement":[{"@type":"ListItem","position":1,"name":"home","item":"https:\/\/iguanasmoke.com\/"},{"@type":"ListItem","position":2,"name":"Tienda","item":"https:\/\/iguanasmoke.com\/tienda\/"},{"@type":"ListItem","position":3,"name":"Vaper CBD","item":"https:\/\/iguanasmoke.com\/categoria\/vaper-cbd\/"},{"@type":"ListItem","position":4,"name":"Cartuchos","item":"https:\/\/iguanasmoke.com\/categoria\/vaper-cbd\/cartuchos-cbd\/"},{"@type":"ListItem","position":5,"name":"Bater\u00edas y Kits de Vapeo","item":"https:\/\/iguanasmoke.com\/categoria\/vaper-cbd\/cartuchos-cbd\/baterias-y-kits-de-vapeo\/"},{"@type":"ListItem","position":6,"name":"Kit Iguana Power + Cartucho de CBD Full Spectrum 70%"}]},{"@type":"WebSite","@id":"https:\/\/iguanasmoke.com\/#website","url":"https:\/\/iguanasmoke.com\/","name":"Iguana Smoke","description":"Kup CBD online w najlepszej cenie","publisher":{"@id":"https:\/\/iguanasmoke.com\/#organization"},"potentialAction":[{"@type":"SearchAction","target":{"@type":"EntryPoint","urlTemplate":"https:\/\/iguanasmoke.com\/?s={search_term_string}"},"query-input":{"@type":"PropertyValueSpecification","valueRequired":true,"valueName":"search_term_string"}}],"inLanguage":"pl-PL"},{"@type":"Organization","@id":"https:\/\/iguanasmoke.com\/#organization","name":"Iguana Smoke","url":"https:\/\/iguanasmoke.com\/","logo":{"@type":"ImageObject","inLanguage":"pl-PL","@id":"https:\/\/iguanasmoke.com\/#\/schema\/logo\/image\/","url":"https:\/\/iguanasmoke.com\/wp-content\/uploads\/2025\/01\/logoiguana-favi-1.png","contentUrl":"https:\/\/iguanasmoke.com\/wp-content\/uploads\/2025\/01\/logoiguana-favi-1.png","width":512,"height":512,"caption":"Iguana Smoke"},"image":{"@id":"https:\/\/iguanasmoke.com\/#\/schema\/logo\/image\/"},"sameAs":["https:\/\/www.facebook.com\/iguanasmoke","https:\/\/www.instagram.com\/iguanasmoke\/"]}]},"product_brand":"composite","product_price_amount":"21.90","product_price_currency":"EUR","og_availability":"instock","product_availability":"instock","product_retailer_item_id":"IS-BAT510-PENKITFS","product_condition":"new"},"_links":{"self":[{"href":"https:\/\/iguanasmoke.com\/pl\/wp-json\/wp\/v2\/product\/26261","targetHints":{"allow":["GET"]}}],"collection":[{"href":"https:\/\/iguanasmoke.com\/pl\/wp-json\/wp\/v2\/product"}],"about":[{"href":"https:\/\/iguanasmoke.com\/pl\/wp-json\/wp\/v2\/types\/product"}],"replies":[{"embeddable":true,"href":"https:\/\/iguanasmoke.com\/pl\/wp-json\/wp\/v2\/comments?post=26261"}],"wp:featuredmedia":[{"embeddable":true,"href":"https:\/\/iguanasmoke.com\/pl\/wp-json\/wp\/v2\/media\/61442"}],"wp:attachment":[{"href":"https:\/\/iguanasmoke.com\/pl\/wp-json\/wp\/v2\/media?parent=26261"}],"wp:term":[{"taxonomy":"product_brand","embeddable":true,"href":"https:\/\/iguanasmoke.com\/pl\/wp-json\/wp\/v2\/product_brand?post=26261"},{"taxonomy":"product_cat","embeddable":true,"href":"https:\/\/iguanasmoke.com\/pl\/wp-json\/wp\/v2\/product_cat?post=26261"},{"taxonomy":"product_tag","embeddable":true,"href":"https:\/\/iguanasmoke.com\/pl\/wp-json\/wp\/v2\/product_tag?post=26261"}],"curies":[{"name":"wp","href":"https:\/\/api.w.org\/{rel}","templated":true}]}}