{"id":26342,"date":"2023-12-17T01:09:08","date_gmt":"2023-12-17T00:09:08","guid":{"rendered":"https:\/\/iguanasmoke.com\/?post_type=product&#038;p=26342"},"modified":"2026-03-15T17:51:08","modified_gmt":"2026-03-15T16:51:08","slug":"iguana-box-spersonalizowane-cbd-vapeo","status":"publish","type":"product","link":"https:\/\/iguanasmoke.com\/pl\/producto\/iguana-box-vapeo-cbd-personalizado\/","title":{"rendered":"Iguana Box Custom CBD vape"},"content":{"rendered":"<h1 data-start=\"1609\" data-end=\"1642\"><span style=\"font-weight: 400;\">Iguana Box Custom CBD Vape:<i> najlepsze z CBD<\/i><\/span><\/h1>\n<p><span style=\"font-weight: 400;\">Je\u015bli lubisz CBD i vaper\u00f3w, to jest to najlepsza promocja! Skorzystaj z tej szansy <strong>Iguana Box Custom CBD vape<\/strong> gdzie mo\u017cna wypr\u00f3bowa\u0107 CBD w r\u00f3\u017cnych st\u0119\u017ceniach: Full Spectrum, Broad Spectrum i Isolate. stuff\u00a0<\/span><\/p>\n<p>&nbsp;<\/p>\n<h2 data-start=\"273\" data-end=\"578\"><strong>Co zawiera Iguana Box Custom CBD Vape?<\/strong><strong>? <\/strong><\/h2>\n<p data-start=\"273\" data-end=\"578\"><span style=\"font-weight: 400;\">W tym pakiecie mo\u017cna wybiera\u0107 mi\u0119dzy<\/span><\/p>\n<p data-start=\"273\" data-end=\"578\"><span style=\"font-weight: 400;\">1 x Vaper CBD Full Spectrum w wybranym smaku (<strong><a href=\"https:\/\/iguanasmoke.com\/pl\/product-2\/vape-cbd-full-spectrum-iguana-pod-lemon-haze\/\">Lemon Haze<\/a>, <a href=\"https:\/\/iguanasmoke.com\/pl\/product-2\/vape-cbd-pelne-spektrum-iguana-pod-amnezja\/\">Amnezja<\/a>, <a href=\"https:\/\/iguanasmoke.com\/pl\/product-2\/vape-cbd-full-spectrum-iguana-pod-gelato\/\">Gelato<\/a>, <a href=\"https:\/\/iguanasmoke.com\/pl\/product-2\/cbd-vape-iguana-pod-mango\/\">Uchwyt <\/a>o <a href=\"https:\/\/iguanasmoke.com\/pl\/product-2\/vape-cbd-full-spectrum-iguana-pod-gorilla-glue\/\">Klej Gorilla<\/a><\/strong>)<\/span><\/p>\n<p data-start=\"273\" data-end=\"578\"><span style=\"font-weight: 400;\">1 x Vaper CBD - Iguana Pocket Broad Spectrum w wybranym smaku (<a href=\"https:\/\/iguanasmoke.com\/pl\/product-2\/iguana-jednorazowa-kapsulka-cbd-pocket-pod-lemon-haze-szerokie-spektrum-750mg\/\"><strong>Lemon Haze<\/strong><\/a>, <a href=\"https:\/\/iguanasmoke.com\/pl\/product-2\/iguana-jednorazowa-kapsulka-cbd-iguana-kapsulka-pocket-amnesia-szerokie-spektrum-750mg\/\"><strong>Amnezja<\/strong> <\/a>o <strong><a href=\"https:\/\/iguanasmoke.com\/pl\/product-2\/vape-cbd-iguana-pod-pocket-ak-47-szerokie-spektrum-750mg\/\">AK-47<\/a><\/strong>)<\/span><\/p>\n<p data-start=\"273\" data-end=\"578\"><span style=\"font-weight: 400;\">1 x Vaper CBD - Iguana Pod Pocket Isolate w wybranym smaku (<a href=\"https:\/\/iguanasmoke.com\/pl\/product-2\/vaper-cbd-iguana-pod-pocket-gelato-3ml\/\"><strong>Gelato<\/strong><\/a>, <a href=\"https:\/\/iguanasmoke.com\/pl\/product-2\/pod-desechable-de-cbd-iguana-pod-pocket-mango-3ml\/\"><strong>Uchwyt<\/strong><\/a>, <a href=\"https:\/\/iguanasmoke.com\/pl\/product-2\/pod-desechable-de-cbd-iguana-pod-pocket-gorilla-glue-3ml\/\"><strong>Klej Gorilla<\/strong><\/a>, <a href=\"https:\/\/iguanasmoke.com\/pl\/product-2\/pod-desechable-de-cbd-iguana-pod-pocket-berry-ice-3ml\/\"><strong>Berry Ice<\/strong><\/a>, <a href=\"https:\/\/iguanasmoke.com\/pl\/product-2\/pod-desechable-de-cbd-iguana-pod-pocket-red-berries-3ml\/\"><strong>Czerwone jagody<\/strong><\/a>, <a href=\"https:\/\/iguanasmoke.com\/pl\/product-2\/vaper-cbd-iguana-pod-pocket-watermelon-3ml\/\"><strong>Arbuz<\/strong><\/a>, <a href=\"https:\/\/iguanasmoke.com\/pl\/product-2\/vaper-cbd-iguana-pod-pocket-grape-3ml\/\"><strong>Winogrono<\/strong> <\/a>o <a href=\"https:\/\/iguanasmoke.com\/pl\/product-2\/vaper-cbd-iguana-pod-pocket-melon-mint-3ml\/\"><strong>Melon Mint<\/strong><\/a>)<\/span><\/p>\n<p>&nbsp;<\/p>\n<h2><strong>Czym jest jednorazowy waporyzator CBD?<\/strong><\/h2>\n<p><span style=\"font-weight: 400;\">A <strong>jednorazowy waporyzator CBD<\/strong> to urz\u0105dzenie typu \u201cpen\u201d lub \u201cPod Pocket\u201d, kt\u00f3re jest dostarczane z p\u0142ynem CBD. Du\u017ca r\u00f3\u017cnica w por\u00f3wnaniu z innymi typami vaper\u00f3w polega na tym, \u017ce nie trzeba go uzupe\u0142nia\u0107 ani uzupe\u0142nia\u0107: <strong>gdy si\u0119 sko\u0144czy, jest po prostu wyrzucany<\/strong>.\u00a0<\/span><\/p>\n<h3><\/h3>\n<p>&nbsp;<\/p>\n<h3><b>Iguana Smoke to Tw\u00f3j internetowy sklep z CBD\u00a0<\/b><\/h3>\n<p><span style=\"font-weight: 400;\">Przy<strong> Iguana Smoke<\/strong>, Wierzymy, \u017ce korzystanie z CBD powinno by\u0107 bezpiecznym do\u015bwiadczeniem. W\u0142a\u015bnie dlatego oferujemy produkty takie jak ten <strong>Pakiet 2 vaper degustuj\u0105cy STV i 10-OH<\/strong>, Marka \u0142\u0105czy si\u0119 z nowymi pokoleniami: lud\u017ami, kt\u00f3rzy szukaj\u0105 nieskomplikowanego wellness, z autentycznymi i niezawodnymi markami.\u00a0<\/span><\/p>\n<p>Nasza misja jest jasna: dostarcza\u0107 najlepsze kannabinoidy w uczciwej cenie. Ponadto dajemy ci spok\u00f3j ducha, wiedz\u0105c, \u017ce wybierasz certyfikowany, skuteczny i legalny produkt 100%. Tw\u00f3j czas relaksu zaczyna si\u0119 z nami.<\/p>\n<p>Nadal masz w\u0105tpliwo\u015bci? Napisz do nas, a z przyjemno\u015bci\u0105 pomo\u017cemy Ci znale\u017a\u0107 odpowiedni produkt.<\/p>\n<p>&nbsp;<\/p>\n<h6>\u2139\ufe0f<strong> Informacje prawne<\/strong><\/h6>\n<p><em><span style=\"font-weight: 400;\">*Produkt przeznaczony do kolekcjonowania lub aromaterapii, zgodnie z obowi\u0105zuj\u0105cymi w Hiszpanii przepisami. <\/span><\/em><\/p>\n<p><em><span style=\"font-weight: 400;\">**Pochodzi z certyfikowanych konopi przemys\u0142owych. Zawiera mniej ni\u017c 0,3 THC i nie zawiera nielegalnych kannabinoid\u00f3w, takich jak HHC, HHC-P, THCP, THCP-O, H4CBD lub substancji wymienionych w za\u0142\u0105czniku I do dekretu kr\u00f3lewskiego 2829\/1977, ani substancji kontrolowanych przez konwencje mi\u0119dzynarodowe.\u00a0\u00a0<\/span><\/em><\/p>","protected":false},"excerpt":{"rendered":"<p><span style=\"font-weight: 400;\">Przygotuj si\u0119, poniewa\u017c ten spersonalizowany zestaw Vape zawiera:<\/span><\/p>\n<ul>\n<li>1 x Vaper CBD Full Spectrum w wybranym smaku<\/li>\n<li>1 x Vaper CBD Iguana Pocket Broad Spectrum CBD Vaper o wybranym smaku<\/li>\n<li>1 x Vaper CBD Iguana Pod Pocket Isolate w wybranym smaku<\/li>\n<\/ul>\n<h6>Cechy<\/h6>\n<ul>\n<li>Wysokiej jako\u015bci naturalne terpeny<\/li>\n<li>THC: 0%, HHC: 0%, THC-P: 0%, Nikotyna: 0%<\/li>\n<li>Nie zawiera VG, PG, PEG, MCT ani \u017cadnych innych \u015brodk\u00f3w tn\u0105cych.<\/li>\n<\/ul>\n<p><em><span style=\"font-weight: 400;\">Cena bez zni\u017cki: 59,70 \u20ac | cena pakietu zni\u017ckowego: 40 \u20ac =&gt; <strong>19,70 oszcz\u0119dno\u015bci z rabatem 33%<\/strong><\/span>\u00a0<\/em><\/p>\n<p><span style=\"font-weight: 400;\">Konsultacje<strong>\u00a0<a href=\"https:\/\/iguanasmoke.com\/pl\/analityka\/\">analiza laboratoryjna.<\/a><\/strong><\/span><\/p>","protected":false},"featured_media":79026,"comment_status":"open","ping_status":"closed","template":"","meta":{"_acf_changed":false,"site-sidebar-layout":"default","site-content-layout":"","ast-site-content-layout":"default","site-content-style":"default","site-sidebar-style":"default","ast-global-header-display":"","ast-banner-title-visibility":"","ast-main-header-display":"","ast-hfb-above-header-display":"","ast-hfb-below-header-display":"","ast-hfb-mobile-header-display":"","site-post-title":"","ast-breadcrumbs-content":"","ast-featured-img":"","footer-sml-layout":"","theme-transparent-header-meta":"default","adv-header-id-meta":"","stick-header-meta":"","header-above-stick-meta":"","header-main-stick-meta":"","header-below-stick-meta":"","astra-migrate-meta-layouts":"set","ast-page-background-enabled":"default","ast-page-background-meta":{"desktop":{"background-color":"var(--ast-global-color-4)","background-image":"","background-repeat":"repeat","background-position":"center center","background-size":"auto","background-attachment":"scroll","background-type":"","background-media":"","overlay-type":"","overlay-color":"","overlay-opacity":"","overlay-gradient":""},"tablet":{"background-color":"","background-image":"","background-repeat":"repeat","background-position":"center center","background-size":"auto","background-attachment":"scroll","background-type":"","background-media":"","overlay-type":"","overlay-color":"","overlay-opacity":"","overlay-gradient":""},"mobile":{"background-color":"","background-image":"","background-repeat":"repeat","background-position":"center center","background-size":"auto","background-attachment":"scroll","background-type":"","background-media":"","overlay-type":"","overlay-color":"","overlay-opacity":"","overlay-gradient":""}},"ast-content-background-meta":{"desktop":{"background-color":"var(--ast-global-color-5)","background-image":"","background-repeat":"repeat","background-position":"center center","background-size":"auto","background-attachment":"scroll","background-type":"","background-media":"","overlay-type":"","overlay-color":"","overlay-opacity":"","overlay-gradient":""},"tablet":{"background-color":"var(--ast-global-color-5)","background-image":"","background-repeat":"repeat","background-position":"center center","background-size":"auto","background-attachment":"scroll","background-type":"","background-media":"","overlay-type":"","overlay-color":"","overlay-opacity":"","overlay-gradient":""},"mobile":{"background-color":"var(--ast-global-color-5)","background-image":"","background-repeat":"repeat","background-position":"center center","background-size":"auto","background-attachment":"scroll","background-type":"","background-media":"","overlay-type":"","overlay-color":"","overlay-opacity":"","overlay-gradient":""}}},"product_brand":[],"product_cat":[349],"product_tag":[],"class_list":{"0":"post-26342","1":"product","2":"type-product","3":"status-publish","4":"has-post-thumbnail","6":"product_cat-packs-y-ofertas-cbd","7":"desktop-align-center","8":"tablet-align-center","9":"mobile-align-center","11":"first","12":"instock","13":"sale","14":"taxable","15":"shipping-taxable","16":"purchasable","17":"product-type-composite"},"acf":[],"yoast_head":"<!-- This site is optimized with the Yoast SEO Premium plugin v27.3 (Yoast SEO v27.3) - https:\/\/yoast.com\/product\/yoast-seo-premium-wordpress\/ -->\n<title>Iguana Box Vapeo CBD Personalizado | Iguana Smoke<\/title>\n<meta name=\"description\" content=\"Disfruta de un vapeo \u00fanico con el Iguana Box Vapeo CBD Personalizado, que incluye sabores a tu elecci\u00f3n. \u00a1Crea tu experiencia de CBD hoy!\" \/>\n<meta name=\"robots\" content=\"index, follow, max-snippet:-1, max-image-preview:large, max-video-preview:-1\" \/>\n<link rel=\"canonical\" href=\"https:\/\/iguanasmoke.com\/pl\/product-2\/iguana-box-spersonalizowane-cbd-vapeo\/\" \/>\n<meta property=\"og:locale\" content=\"pl_PL\" \/>\n<meta property=\"og:type\" content=\"article\" \/>\n<meta property=\"og:title\" content=\"Iguana Box Vapeo CBD Personalizado\" \/>\n<meta property=\"og:description\" content=\"Prep\u00e1rate porque este Pack de Vapeo personalizado incluye:   1 x Vaper CBD Full Spectrum del sabor que elijas  1 x Vaper CBD Iguana Pod Pocket Broad Spectrum del sabor que elijas  1 x Vaper CBD Iguana Pod Pocket Isolate del sabor que elijas  Caracter\u00edsticas   Terpenos naturales de alta calidad  THC: 0%,\u00a0HHC: 0%, THC-P: 0%, Nicotina: 0%  No contiene VG, PG, PEG, MCT o cualquier otro agente de corte  Precio sin descuento: 59,70\u20ac | precio pack descuento: 40\u20ac =&gt; ahorro de 19,70\u20ac con un descuento del 33%\u00a0  Consulta\u00a0el an\u00e1lisis de laboratorio.\" \/>\n<meta property=\"og:url\" content=\"https:\/\/iguanasmoke.com\/pl\/product-2\/iguana-box-spersonalizowane-cbd-vapeo\/\" \/>\n<meta property=\"og:site_name\" content=\"Iguana Smoke\" \/>\n<meta property=\"article:publisher\" content=\"https:\/\/www.facebook.com\/iguanasmoke\" \/>\n<meta property=\"article:modified_time\" content=\"2026-03-15T16:51:08+00:00\" \/>\n<meta property=\"og:image\" content=\"https:\/\/iguanasmoke.com\/wp-content\/uploads\/2023\/12\/Iuana-Oferta-Pack-2.webp\" \/>\n\t<meta property=\"og:image:width\" content=\"1002\" \/>\n\t<meta property=\"og:image:height\" content=\"1000\" \/>\n\t<meta property=\"og:image:type\" content=\"image\/webp\" \/>\n<meta name=\"twitter:card\" content=\"summary_large_image\" \/>\n<meta name=\"twitter:label1\" content=\"Cena\" \/>\n\t<meta name=\"twitter:data1\" content=\"40,00&nbsp;&euro;\" \/>\n\t<meta name=\"twitter:label2\" content=\"Dost\u0119pno\u015b\u0107\" \/>\n\t<meta name=\"twitter:data2\" content=\"Dost\u0119pny\" \/>\n<meta property=\"product:brand\" content=\"composite\" \/>\n<meta property=\"product:price:amount\" content=\"40.00\" \/>\n<meta property=\"product:price:currency\" content=\"EUR\" \/>\n<meta property=\"og:availability\" content=\"instock\" \/>\n<meta property=\"product:availability\" content=\"instock\" \/>\n<meta property=\"product:retailer_item_id\" content=\"IS-PACKVAPEO\" \/>\n<meta property=\"product:condition\" content=\"new\" \/>\n<!-- \/ Yoast SEO Premium plugin. -->","yoast_head_json":{"title":"Iguana Box Vapeo CBD Custom CBD | Iguana Smoke","description":"Ciesz si\u0119 wyj\u0105tkowym vape z Iguana Box Custom CBD Vape, kt\u00f3ry zawiera wybrane przez Ciebie smaki. Stw\u00f3rz swoje do\u015bwiadczenie CBD ju\u017c dzi\u015b!","robots":{"index":"index","follow":"follow","max-snippet":"max-snippet:-1","max-image-preview":"max-image-preview:large","max-video-preview":"max-video-preview:-1"},"canonical":"https:\/\/iguanasmoke.com\/pl\/product-2\/iguana-box-spersonalizowane-cbd-vapeo\/","og_locale":"pl_PL","og_type":"article","og_title":"Iguana Box Vapeo CBD Personalizado","og_description":"Prep\u00e1rate porque este Pack de Vapeo personalizado incluye:   1 x Vaper CBD Full Spectrum del sabor que elijas  1 x Vaper CBD Iguana Pod Pocket Broad Spectrum del sabor que elijas  1 x Vaper CBD Iguana Pod Pocket Isolate del sabor que elijas  Caracter\u00edsticas   Terpenos naturales de alta calidad  THC: 0%,\u00a0HHC: 0%, THC-P: 0%, Nicotina: 0%  No contiene VG, PG, PEG, MCT o cualquier otro agente de corte  Precio sin descuento: 59,70\u20ac | precio pack descuento: 40\u20ac =&gt; ahorro de 19,70\u20ac con un descuento del 33%\u00a0  Consulta\u00a0el an\u00e1lisis de laboratorio.","og_url":"https:\/\/iguanasmoke.com\/pl\/product-2\/iguana-box-spersonalizowane-cbd-vapeo\/","og_site_name":"Iguana Smoke","article_publisher":"https:\/\/www.facebook.com\/iguanasmoke","article_modified_time":"2026-03-15T16:51:08+00:00","og_image":[{"width":1002,"height":1000,"url":"https:\/\/iguanasmoke.com\/wp-content\/uploads\/2023\/12\/Iuana-Oferta-Pack-2.webp","type":"image\/webp"}],"twitter_card":"summary_large_image","twitter_misc":{"Cena":"40,00&nbsp;&euro;","Dost\u0119pno\u015b\u0107":"Dost\u0119pny"},"schema":{"@context":"https:\/\/schema.org","@graph":[{"@type":"WebPage","@id":"https:\/\/iguanasmoke.com\/producto\/iguana-box-vapeo-cbd-personalizado\/","url":"https:\/\/iguanasmoke.com\/producto\/iguana-box-vapeo-cbd-personalizado\/","name":"Iguana Box Vapeo CBD Custom CBD | Iguana Smoke","isPartOf":{"@id":"https:\/\/iguanasmoke.com\/#website"},"primaryImageOfPage":{"@id":"https:\/\/iguanasmoke.com\/producto\/iguana-box-vapeo-cbd-personalizado\/#primaryimage"},"image":{"@id":"https:\/\/iguanasmoke.com\/producto\/iguana-box-vapeo-cbd-personalizado\/#primaryimage"},"thumbnailUrl":"https:\/\/iguanasmoke.com\/wp-content\/uploads\/2023\/12\/Iuana-Oferta-Pack-2.webp","datePublished":"2023-12-17T00:09:08+00:00","dateModified":"2026-03-15T16:51:08+00:00","description":"Ciesz si\u0119 wyj\u0105tkowym vape z Iguana Box Custom CBD Vape, kt\u00f3ry zawiera wybrane przez Ciebie smaki. Stw\u00f3rz swoje do\u015bwiadczenie CBD ju\u017c dzi\u015b!","breadcrumb":{"@id":"https:\/\/iguanasmoke.com\/producto\/iguana-box-vapeo-cbd-personalizado\/#breadcrumb"},"inLanguage":"pl-PL","potentialAction":[{"@type":"ReadAction","target":["https:\/\/iguanasmoke.com\/producto\/iguana-box-vapeo-cbd-personalizado\/"]}]},{"@type":"ImageObject","inLanguage":"pl-PL","@id":"https:\/\/iguanasmoke.com\/producto\/iguana-box-vapeo-cbd-personalizado\/#primaryimage","url":"https:\/\/iguanasmoke.com\/wp-content\/uploads\/2023\/12\/Iuana-Oferta-Pack-2.webp","contentUrl":"https:\/\/iguanasmoke.com\/wp-content\/uploads\/2023\/12\/Iuana-Oferta-Pack-2.webp","width":1002,"height":1000,"caption":"iguana box vapeo cbd full spectrum isolate y broad"},{"@type":"BreadcrumbList","@id":"https:\/\/iguanasmoke.com\/producto\/iguana-box-vapeo-cbd-personalizado\/#breadcrumb","itemListElement":[{"@type":"ListItem","position":1,"name":"home","item":"https:\/\/iguanasmoke.com\/"},{"@type":"ListItem","position":2,"name":"Tienda","item":"https:\/\/iguanasmoke.com\/tienda\/"},{"@type":"ListItem","position":3,"name":"Packs y Ofertas","item":"https:\/\/iguanasmoke.com\/categoria\/packs-y-ofertas-cbd\/"},{"@type":"ListItem","position":4,"name":"Iguana Box Vapeo CBD Personalizado"}]},{"@type":"WebSite","@id":"https:\/\/iguanasmoke.com\/#website","url":"https:\/\/iguanasmoke.com\/","name":"Iguana Smoke","description":"Kup CBD online w najlepszej cenie","publisher":{"@id":"https:\/\/iguanasmoke.com\/#organization"},"potentialAction":[{"@type":"SearchAction","target":{"@type":"EntryPoint","urlTemplate":"https:\/\/iguanasmoke.com\/?s={search_term_string}"},"query-input":{"@type":"PropertyValueSpecification","valueRequired":true,"valueName":"search_term_string"}}],"inLanguage":"pl-PL"},{"@type":"Organization","@id":"https:\/\/iguanasmoke.com\/#organization","name":"Iguana Smoke","url":"https:\/\/iguanasmoke.com\/","logo":{"@type":"ImageObject","inLanguage":"pl-PL","@id":"https:\/\/iguanasmoke.com\/#\/schema\/logo\/image\/","url":"https:\/\/iguanasmoke.com\/wp-content\/uploads\/2025\/01\/logoiguana-favi-1.png","contentUrl":"https:\/\/iguanasmoke.com\/wp-content\/uploads\/2025\/01\/logoiguana-favi-1.png","width":512,"height":512,"caption":"Iguana Smoke"},"image":{"@id":"https:\/\/iguanasmoke.com\/#\/schema\/logo\/image\/"},"sameAs":["https:\/\/www.facebook.com\/iguanasmoke","https:\/\/www.instagram.com\/iguanasmoke\/"]}]},"product_brand":"composite","product_price_amount":"40.00","product_price_currency":"EUR","og_availability":"instock","product_availability":"instock","product_retailer_item_id":"IS-PACKVAPEO","product_condition":"new"},"_links":{"self":[{"href":"https:\/\/iguanasmoke.com\/pl\/wp-json\/wp\/v2\/product\/26342","targetHints":{"allow":["GET"]}}],"collection":[{"href":"https:\/\/iguanasmoke.com\/pl\/wp-json\/wp\/v2\/product"}],"about":[{"href":"https:\/\/iguanasmoke.com\/pl\/wp-json\/wp\/v2\/types\/product"}],"replies":[{"embeddable":true,"href":"https:\/\/iguanasmoke.com\/pl\/wp-json\/wp\/v2\/comments?post=26342"}],"wp:featuredmedia":[{"embeddable":true,"href":"https:\/\/iguanasmoke.com\/pl\/wp-json\/wp\/v2\/media\/79026"}],"wp:attachment":[{"href":"https:\/\/iguanasmoke.com\/pl\/wp-json\/wp\/v2\/media?parent=26342"}],"wp:term":[{"taxonomy":"product_brand","embeddable":true,"href":"https:\/\/iguanasmoke.com\/pl\/wp-json\/wp\/v2\/product_brand?post=26342"},{"taxonomy":"product_cat","embeddable":true,"href":"https:\/\/iguanasmoke.com\/pl\/wp-json\/wp\/v2\/product_cat?post=26342"},{"taxonomy":"product_tag","embeddable":true,"href":"https:\/\/iguanasmoke.com\/pl\/wp-json\/wp\/v2\/product_tag?post=26342"}],"curies":[{"name":"wp","href":"https:\/\/api.w.org\/{rel}","templated":true}]}}