{"id":26506,"date":"2023-12-19T17:08:42","date_gmt":"2023-12-19T16:08:42","guid":{"rendered":"https:\/\/iguanasmoke.com\/?post_type=product&#038;p=26506"},"modified":"2025-12-23T16:11:43","modified_gmt":"2025-12-23T15:11:43","slug":"taca-skalna-dla-iguany","status":"publish","type":"product","link":"https:\/\/iguanasmoke.com\/pl\/producto\/bandeja-iguana-rock\/","title":{"rendered":"Taca do toczenia Iguana Rock"},"content":{"rendered":"<h1><span style=\"font-weight: 400;\">Rolling Tray - Iguana Rock<\/span><\/h1>\n<p><span style=\"font-weight: 400;\">Odkryj<strong> Taca do toczenia Iguana Rock<\/strong>, Zaprojektowany dla tych, kt\u00f3rzy ceni\u0105 precyzj\u0119, design i jako\u015b\u0107 w ka\u017cdej sesji. Zaprojektowana dla tych, kt\u00f3rzy kochaj\u0105 sztuk\u0119 zwijania, ta taca \u0142\u0105czy w sobie funkcjonalno\u015b\u0107 i styl w formacie premium, kt\u00f3ry robi r\u00f3\u017cnic\u0119.\u00a0<\/span><\/p>\n<p><span style=\"font-weight: 400;\">Dost\u0119pne w <strong>cztery ekskluzywne wzory,<\/strong> Ka\u017cda taca wyr\u00f3\u017cnia si\u0119 w\u0142asn\u0105 to\u017csamo\u015bci\u0105, wnosz\u0105c osobowo\u015b\u0107 i charakter do Twojej przestrzeni.<\/span><\/p>\n<p>&nbsp;<\/p>\n<h3><strong>Jaka b\u0119dzie Twoja ulubiona tacka do rolowania?<\/strong><\/h3>\n<ol>\n<li style=\"list-style-type: none;\">\n<ol>\n<li><a href=\"https:\/\/iguanasmoke.com\/pl\/product-2\/taca-skalna-dla-iguany\/\">Taca do toczenia Iguana Rock<\/a><\/li>\n<li><a href=\"https:\/\/iguanasmoke.com\/pl\/product-2\/bandeja-iguana-amnesia\/\">Taca na k\u00f3\u0142kach Iguana Amnesia<\/a><\/li>\n<li><a href=\"https:\/\/iguanasmoke.com\/pl\/product-2\/taca-iguana-japonia\/\">Taca na k\u00f3\u0142kach Iguana Japan<\/a><\/li>\n<li><a href=\"https:\/\/iguanasmoke.com\/pl\/product-2\/taca-plazowa-iguana\/\">Iguana Beach Rolling Tray<\/a><\/li>\n<\/ol>\n<\/li>\n<\/ol>\n<p>&nbsp;<\/p>\n<p><span style=\"font-weight: 400;\">Tw\u00f3j<strong> starannie dobrane ilustracje<\/strong>, Pocz\u0105wszy od nowoczesnych styl\u00f3w po bardziej wyszukane detale, sprawiaj\u0105, \u017ce ka\u017cdy model jest atrakcyjny wizualnie i inspiruj\u0105cy.<\/span><\/p>\n<p><span style=\"font-weight: 400;\">Wykonane z <strong>odporne i trwa\u0142e materia\u0142y,<\/strong> Tacka na k\u00f3\u0142kach Iguana Rock zosta\u0142a zaprojektowana do codziennego u\u017cytku. Jej <strong>\u0141atwa do czyszczenia powierzchnia i optymalny rozmiar<\/strong> oferuj\u0105 idealn\u0105 przestrze\u0144 do uporz\u0105dkowania poci\u0119tych kwiat\u00f3w lub p\u0105k\u00f3w, bibu\u0142ek i akcesori\u00f3w, takich jak m\u0142ynki. Wszystko to przy jednoczesnym zagwarantowaniu<strong> Wygodny, uporz\u0105dkowany proces \u0142\u0105czenia<\/strong> i bez rozpraszania uwagi.<\/span><\/p>\n<p>&nbsp;<\/p>\n<h2><b>Gdzie kupi\u0107 online tac\u0119 Iguana Rock Rolling Tray?<\/b><b>?<\/b><\/h2>\n<p><span style=\"font-weight: 400;\">Przy <strong>Iguana Smoke<\/strong>, Naszym priorytetem jest jako\u015b\u0107 i przejrzysto\u015b\u0107 ka\u017cdego produktu.\u00a0<\/span><span style=\"font-weight: 400;\">To jest bezpieczne miejsce do <strong>Kup online tac\u0119 do toczenia Iguana Rock <\/strong>w Hiszpanii<strong>.<\/strong> Wszystkie nasze produkty s\u0105 zatwierdzone przez UE, co gwarantuje ich legalno\u015b\u0107 i bezpiecze\u0144stwo.\u00a0<\/span><\/p>\n<p><span style=\"font-weight: 400;\">Jest to praktyczne, niezb\u0119dne akcesorium do utrzymywania wszystkiego w czysto\u015bci i na miejscu oraz maksymalnego wykorzystania produkt\u00f3w takich jak nasz nowy <strong>Ready To Roll<\/strong>:<strong> <a href=\"https:\/\/iguanasmoke.com\/pl\/product-2\/flores-de-cbd-ready-to-roll-super-skunk-15gr\/\">Super Skunk<\/a>, <a href=\"https:\/\/iguanasmoke.com\/pl\/product-2\/flores-de-cbd-ready-to-roll-zkittlez-15gr\/\">Zkittlez<\/a>, <a href=\"https:\/\/iguanasmoke.com\/pl\/product-2\/flores-de-cbd-ready-to-roll-lemon-haze-15gr\/\">Lemon Haze<\/a>, <a href=\"https:\/\/iguanasmoke.com\/pl\/product-2\/kwiaty-cbd-gotowe-do-skrecania-amnesia-15gr\/\">Amnezja<\/a><\/strong>. Odkryj r\u00f3wnie\u017c <\/span><span style=\"font-weight: 400;\">inne <strong>TOP produkty<\/strong> jako <a href=\"https:\/\/iguanasmoke.com\/pl\/product-2\/comprar-flor-cbd-pop-corn-sour-tsunami-25gr-cogollos-online\/\"><strong>Pop Corn 25g<\/strong><\/a>. <\/span><\/p>\n<p><span style=\"font-weight: 400;\">Zestaw mo\u017cna uzupe\u0142ni\u0107 o nasze<strong><a href=\"https:\/\/iguanasmoke.com\/pl\/kategoria\/bibulka\/\"> bibu\u0142ki konopne<\/a><\/strong> oraz<strong> <a href=\"https:\/\/iguanasmoke.com\/pl\/kategoria\/szlifierki\/\">praktyczny m\u0142ynek<\/a>,<\/strong> i mo\u017cesz zacz\u0105\u0107 cieszy\u0107 si\u0119 \u015bwiatem CBD. Zapoznaj si\u0119 z nasz\u0105 ofert\u0105 i znajd\u017a swoj\u0105 ulubion\u0105 tac\u0119 Iguana Rock w swoim ulubionym wzorze.<\/span><span style=\"font-weight: 400;\">\u00a0<\/span><\/p>\n<p>Szybka dostawa, dok\u0142adna uwaga i sklep z dyskretnym i bezpiecznym opakowaniem, kt\u00f3ry idzie naprz\u00f3d, tylko po to, aby\u015b m\u00f3g\u0142 si\u0119 cieszy\u0107!<\/p>\n<p>&nbsp;<\/p>\n<h3><b>Iguana Smoke to synonim jako\u015bci i niezawodno\u015bci.<\/b><\/h3>\n<p><span style=\"font-weight: 400;\">W Iguana Smoke wierzymy, \u017ce korzystanie z CBD powinno by\u0107 bezpiecznym, dost\u0119pnym i przyjemnym do\u015bwiadczeniem. W\u0142a\u015bnie dlatego oferujemy wysokiej jako\u015bci produkty, w tym nasze tacki do walcowania, kt\u00f3re \u0142\u0105cz\u0105 si\u0119 z nowymi pokoleniami: lud\u017ami, kt\u00f3rzy szukaj\u0105 nieskomplikowanego wellness, z autentycznymi i niezawodnymi markami.\u00a0<\/span><\/p>\n<p>Innymi s\u0142owy, nasza misja jest jasna: dostarcza\u0107 najlepsze CBD w uczciwej cenie, ze spokojem wiedz\u0105c, \u017ce wybierasz certyfikowany, skuteczny, legalny produkt z konopi i 100%. Jeste\u015bmy w czo\u0142\u00f3wce produkt\u00f3w CBD.<\/p>\n<p>Masz jakie\u015b pytania? Napisz do nas, a z przyjemno\u015bci\u0105 pomo\u017cemy Ci znale\u017a\u0107 odpowiedni produkt.<\/p>","protected":false},"excerpt":{"rendered":"<p><strong data-start=\"60\" data-end=\"84\">Iguana Rock Tray:<\/strong><\/p>\n<ul>\n<li><strong data-start=\"88\" data-end=\"111\">Odporne aluminium<\/strong>,<\/li>\n<li>Ze \u015brodkami <strong data-start=\"125\" data-end=\"139\">14 x 18 cm<\/strong>.<\/li>\n<li>Idealny rozmiar do porz\u0105dkowania papieru, kwiat\u00f3w i akcesori\u00f3w.<\/li>\n<li>Lekka, trwa\u0142a i \u0142atwa w czyszczeniu, idealna do wygodnego toczenia.<\/li>\n<\/ul>","protected":false},"featured_media":26500,"comment_status":"open","ping_status":"closed","template":"","meta":{"_acf_changed":false,"site-sidebar-layout":"default","site-content-layout":"","ast-site-content-layout":"default","site-content-style":"default","site-sidebar-style":"default","ast-global-header-display":"","ast-banner-title-visibility":"","ast-main-header-display":"","ast-hfb-above-header-display":"","ast-hfb-below-header-display":"","ast-hfb-mobile-header-display":"","site-post-title":"","ast-breadcrumbs-content":"","ast-featured-img":"","footer-sml-layout":"","theme-transparent-header-meta":"default","adv-header-id-meta":"","stick-header-meta":"","header-above-stick-meta":"","header-main-stick-meta":"","header-below-stick-meta":"","astra-migrate-meta-layouts":"set","ast-page-background-enabled":"default","ast-page-background-meta":{"desktop":{"background-color":"var(--ast-global-color-4)","background-image":"","background-repeat":"repeat","background-position":"center center","background-size":"auto","background-attachment":"scroll","background-type":"","background-media":"","overlay-type":"","overlay-color":"","overlay-opacity":"","overlay-gradient":""},"tablet":{"background-color":"","background-image":"","background-repeat":"repeat","background-position":"center center","background-size":"auto","background-attachment":"scroll","background-type":"","background-media":"","overlay-type":"","overlay-color":"","overlay-opacity":"","overlay-gradient":""},"mobile":{"background-color":"","background-image":"","background-repeat":"repeat","background-position":"center center","background-size":"auto","background-attachment":"scroll","background-type":"","background-media":"","overlay-type":"","overlay-color":"","overlay-opacity":"","overlay-gradient":""}},"ast-content-background-meta":{"desktop":{"background-color":"var(--ast-global-color-5)","background-image":"","background-repeat":"repeat","background-position":"center center","background-size":"auto","background-attachment":"scroll","background-type":"","background-media":"","overlay-type":"","overlay-color":"","overlay-opacity":"","overlay-gradient":""},"tablet":{"background-color":"var(--ast-global-color-5)","background-image":"","background-repeat":"repeat","background-position":"center center","background-size":"auto","background-attachment":"scroll","background-type":"","background-media":"","overlay-type":"","overlay-color":"","overlay-opacity":"","overlay-gradient":""},"mobile":{"background-color":"var(--ast-global-color-5)","background-image":"","background-repeat":"repeat","background-position":"center center","background-size":"auto","background-attachment":"scroll","background-type":"","background-media":"","overlay-type":"","overlay-color":"","overlay-opacity":"","overlay-gradient":""}}},"product_brand":[],"product_cat":[437,436,405],"product_tag":[],"class_list":{"0":"post-26506","1":"product","2":"type-product","3":"status-publish","4":"has-post-thumbnail","6":"product_cat-bandejas-de-liar","7":"product_cat-merchandise-de-iguana-smoke","8":"product_cat-ropa-y-accesorios","9":"desktop-align-center","10":"tablet-align-center","11":"mobile-align-center","13":"first","14":"instock","15":"taxable","16":"shipping-taxable","17":"purchasable","18":"product-type-simple"},"acf":[],"yoast_head":"<!-- This site is optimized with the Yoast SEO Premium plugin v27.3 (Yoast SEO v27.3) - https:\/\/yoast.com\/product\/yoast-seo-premium-wordpress\/ -->\n<title>Bandeja de liar Iguana Rock | Iguana Smoke<\/title>\n<meta name=\"description\" content=\"Consigue tu Bandeja de liar Iguana Rock en Iguana Smoke. Fabricada con los mejores matierales en 4 dise\u00f1os distintos. Elige el que mas te guste!\" \/>\n<meta name=\"robots\" content=\"index, follow, max-snippet:-1, max-image-preview:large, max-video-preview:-1\" \/>\n<link rel=\"canonical\" href=\"https:\/\/iguanasmoke.com\/pl\/product-2\/taca-skalna-dla-iguany\/\" \/>\n<meta property=\"og:locale\" content=\"pl_PL\" \/>\n<meta property=\"og:type\" content=\"article\" \/>\n<meta property=\"og:title\" content=\"Bandeja de liar Iguana Rock\" \/>\n<meta property=\"og:description\" content=\"Bandeja Iguana Rock:   Aluminio resistente,  Con medidas 14 x 18 cm.  Tama\u00f1o perfecto para organizar papel, flores y accesorios.  Ligera, duradera y f\u00e1cil de limpiar, ideal para un liado c\u00f3modo.\" \/>\n<meta property=\"og:url\" content=\"https:\/\/iguanasmoke.com\/pl\/product-2\/taca-skalna-dla-iguany\/\" \/>\n<meta property=\"og:site_name\" content=\"Iguana Smoke\" \/>\n<meta property=\"article:publisher\" content=\"https:\/\/www.facebook.com\/iguanasmoke\" \/>\n<meta property=\"article:modified_time\" content=\"2025-12-23T15:11:43+00:00\" \/>\n<meta property=\"og:image\" content=\"https:\/\/iguanasmoke.com\/wp-content\/uploads\/2023\/12\/Bandeja-Iguana-Rock.webp\" \/>\n\t<meta property=\"og:image:width\" content=\"500\" \/>\n\t<meta property=\"og:image:height\" content=\"500\" \/>\n\t<meta property=\"og:image:type\" content=\"image\/webp\" \/>\n<meta name=\"twitter:card\" content=\"summary_large_image\" \/>\n<meta name=\"twitter:label1\" content=\"Cena\" \/>\n\t<meta name=\"twitter:data1\" content=\"6,00&nbsp;&euro;\" \/>\n\t<meta name=\"twitter:label2\" content=\"Dost\u0119pno\u015b\u0107\" \/>\n\t<meta name=\"twitter:data2\" content=\"Dost\u0119pny\" \/>\n<meta property=\"product:brand\" content=\"simple\" \/>\n<meta property=\"product:price:amount\" content=\"6.00\" \/>\n<meta property=\"product:price:currency\" content=\"EUR\" \/>\n<meta property=\"og:availability\" content=\"instock\" \/>\n<meta property=\"product:availability\" content=\"instock\" \/>\n<meta property=\"product:retailer_item_id\" content=\"IS-TRAY-ROCK\" \/>\n<meta property=\"product:condition\" content=\"new\" \/>\n<!-- \/ Yoast SEO Premium plugin. -->","yoast_head_json":{"title":"Tacka do rolowania Iguana Rock | Iguana Smoke","description":"Kup tack\u0119 do skr\u0119cania Iguana Rock w Iguana Smoke. Wykonane z najlepszych materia\u0142\u00f3w w 4 r\u00f3\u017cnych wzorach. Wybierz ten, kt\u00f3ry najbardziej Ci si\u0119 podoba!","robots":{"index":"index","follow":"follow","max-snippet":"max-snippet:-1","max-image-preview":"max-image-preview:large","max-video-preview":"max-video-preview:-1"},"canonical":"https:\/\/iguanasmoke.com\/pl\/product-2\/taca-skalna-dla-iguany\/","og_locale":"pl_PL","og_type":"article","og_title":"Bandeja de liar Iguana Rock","og_description":"Bandeja Iguana Rock:   Aluminio resistente,  Con medidas 14 x 18 cm.  Tama\u00f1o perfecto para organizar papel, flores y accesorios.  Ligera, duradera y f\u00e1cil de limpiar, ideal para un liado c\u00f3modo.","og_url":"https:\/\/iguanasmoke.com\/pl\/product-2\/taca-skalna-dla-iguany\/","og_site_name":"Iguana Smoke","article_publisher":"https:\/\/www.facebook.com\/iguanasmoke","article_modified_time":"2025-12-23T15:11:43+00:00","og_image":[{"width":500,"height":500,"url":"https:\/\/iguanasmoke.com\/wp-content\/uploads\/2023\/12\/Bandeja-Iguana-Rock.webp","type":"image\/webp"}],"twitter_card":"summary_large_image","twitter_misc":{"Cena":"6,00&nbsp;&euro;","Dost\u0119pno\u015b\u0107":"Dost\u0119pny"},"schema":{"@context":"https:\/\/schema.org","@graph":[{"@type":"WebPage","@id":"https:\/\/iguanasmoke.com\/producto\/bandeja-iguana-rock\/","url":"https:\/\/iguanasmoke.com\/producto\/bandeja-iguana-rock\/","name":"Tacka do rolowania Iguana Rock | Iguana Smoke","isPartOf":{"@id":"https:\/\/iguanasmoke.com\/#website"},"primaryImageOfPage":{"@id":"https:\/\/iguanasmoke.com\/producto\/bandeja-iguana-rock\/#primaryimage"},"image":{"@id":"https:\/\/iguanasmoke.com\/producto\/bandeja-iguana-rock\/#primaryimage"},"thumbnailUrl":"https:\/\/iguanasmoke.com\/wp-content\/uploads\/2023\/12\/Bandeja-Iguana-Rock.webp","datePublished":"2023-12-19T16:08:42+00:00","dateModified":"2025-12-23T15:11:43+00:00","description":"Kup tack\u0119 do skr\u0119cania Iguana Rock w Iguana Smoke. Wykonane z najlepszych materia\u0142\u00f3w w 4 r\u00f3\u017cnych wzorach. Wybierz ten, kt\u00f3ry najbardziej Ci si\u0119 podoba!","breadcrumb":{"@id":"https:\/\/iguanasmoke.com\/producto\/bandeja-iguana-rock\/#breadcrumb"},"inLanguage":"pl-PL","potentialAction":[{"@type":"ReadAction","target":["https:\/\/iguanasmoke.com\/producto\/bandeja-iguana-rock\/"]}]},{"@type":"ImageObject","inLanguage":"pl-PL","@id":"https:\/\/iguanasmoke.com\/producto\/bandeja-iguana-rock\/#primaryimage","url":"https:\/\/iguanasmoke.com\/wp-content\/uploads\/2023\/12\/Bandeja-Iguana-Rock.webp","contentUrl":"https:\/\/iguanasmoke.com\/wp-content\/uploads\/2023\/12\/Bandeja-Iguana-Rock.webp","width":500,"height":500,"caption":"bandeja para liar iguana y Iguana Box Pack Fumeta CBD"},{"@type":"BreadcrumbList","@id":"https:\/\/iguanasmoke.com\/producto\/bandeja-iguana-rock\/#breadcrumb","itemListElement":[{"@type":"ListItem","position":1,"name":"home","item":"https:\/\/iguanasmoke.com\/"},{"@type":"ListItem","position":2,"name":"Tienda","item":"https:\/\/iguanasmoke.com\/tienda\/"},{"@type":"ListItem","position":3,"name":"Bandejas de liar","item":"https:\/\/iguanasmoke.com\/categoria\/bandejas-de-liar\/"},{"@type":"ListItem","position":4,"name":"Bandeja de liar Iguana Rock"}]},{"@type":"WebSite","@id":"https:\/\/iguanasmoke.com\/#website","url":"https:\/\/iguanasmoke.com\/","name":"Iguana Smoke","description":"Kup CBD online w najlepszej cenie","publisher":{"@id":"https:\/\/iguanasmoke.com\/#organization"},"potentialAction":[{"@type":"SearchAction","target":{"@type":"EntryPoint","urlTemplate":"https:\/\/iguanasmoke.com\/?s={search_term_string}"},"query-input":{"@type":"PropertyValueSpecification","valueRequired":true,"valueName":"search_term_string"}}],"inLanguage":"pl-PL"},{"@type":"Organization","@id":"https:\/\/iguanasmoke.com\/#organization","name":"Iguana Smoke","url":"https:\/\/iguanasmoke.com\/","logo":{"@type":"ImageObject","inLanguage":"pl-PL","@id":"https:\/\/iguanasmoke.com\/#\/schema\/logo\/image\/","url":"https:\/\/iguanasmoke.com\/wp-content\/uploads\/2025\/01\/logoiguana-favi-1.png","contentUrl":"https:\/\/iguanasmoke.com\/wp-content\/uploads\/2025\/01\/logoiguana-favi-1.png","width":512,"height":512,"caption":"Iguana Smoke"},"image":{"@id":"https:\/\/iguanasmoke.com\/#\/schema\/logo\/image\/"},"sameAs":["https:\/\/www.facebook.com\/iguanasmoke","https:\/\/www.instagram.com\/iguanasmoke\/"]}]},"product_brand":"simple","product_price_amount":"6.00","product_price_currency":"EUR","og_availability":"instock","product_availability":"instock","product_retailer_item_id":"IS-TRAY-ROCK","product_condition":"new"},"_links":{"self":[{"href":"https:\/\/iguanasmoke.com\/pl\/wp-json\/wp\/v2\/product\/26506","targetHints":{"allow":["GET"]}}],"collection":[{"href":"https:\/\/iguanasmoke.com\/pl\/wp-json\/wp\/v2\/product"}],"about":[{"href":"https:\/\/iguanasmoke.com\/pl\/wp-json\/wp\/v2\/types\/product"}],"replies":[{"embeddable":true,"href":"https:\/\/iguanasmoke.com\/pl\/wp-json\/wp\/v2\/comments?post=26506"}],"wp:featuredmedia":[{"embeddable":true,"href":"https:\/\/iguanasmoke.com\/pl\/wp-json\/wp\/v2\/media\/26500"}],"wp:attachment":[{"href":"https:\/\/iguanasmoke.com\/pl\/wp-json\/wp\/v2\/media?parent=26506"}],"wp:term":[{"taxonomy":"product_brand","embeddable":true,"href":"https:\/\/iguanasmoke.com\/pl\/wp-json\/wp\/v2\/product_brand?post=26506"},{"taxonomy":"product_cat","embeddable":true,"href":"https:\/\/iguanasmoke.com\/pl\/wp-json\/wp\/v2\/product_cat?post=26506"},{"taxonomy":"product_tag","embeddable":true,"href":"https:\/\/iguanasmoke.com\/pl\/wp-json\/wp\/v2\/product_tag?post=26506"}],"curies":[{"name":"wp","href":"https:\/\/api.w.org\/{rel}","templated":true}]}}