{"id":26621,"date":"2023-12-21T14:19:20","date_gmt":"2023-12-21T13:19:20","guid":{"rendered":"https:\/\/iguanasmoke.com\/?post_type=product&#038;p=26621"},"modified":"2026-03-15T21:23:58","modified_gmt":"2026-03-15T20:23:58","slug":"mini-mlynek-do-dymu-iguana","status":"publish","type":"product","link":"https:\/\/iguanasmoke.com\/pl\/producto\/grinder-mini-iguana-smoke\/","title":{"rendered":"Grinder Mini Iguana Smoke"},"content":{"rendered":"<h1><span style=\"font-weight: 400;\">Grinder Mini Iguana Smoke\u00a0<\/span><\/h1>\n<p><span style=\"font-weight: 400;\">Odkryj <strong>Grinder Mini Iguana Smoke<\/strong>, Idealny wyb\u00f3r dla tych, kt\u00f3rzy szukaj\u0105 r\u00f3wnowagi mi\u0119dzy <strong>wydajno\u015b\u0107, design i funkcjonalno\u015b\u0107 w niewielkim rozmiarze<\/strong>.\u00a0<\/span><\/p>\n<p><span style=\"font-weight: 400;\">Jego kompaktowa i wytrzyma\u0142a konstrukcja zapewnia <strong>szlifowanie jednorodne<\/strong>, M\u0142ynek jest \u0142atwy w u\u017cyciu ka\u017cdego dnia, zar\u00f3wno w domu, jak i w podr\u00f3\u017cy. Dzi\u0119ki ostrym jak brzytwa z\u0105bkom m\u0142ynek umo\u017cliwia szybkie i r\u00f3wnomierne rozdrabnianie zawarto\u015bci, zwi\u0119kszaj\u0105c doznania przy ka\u017cdym u\u017cyciu.\u00a0<\/span><\/p>\n<p><span style=\"font-weight: 400;\">Wyr\u00f3\u017cnia si\u0119 nie tylko funkcjonalno\u015bci\u0105, ale tak\u017ce nowoczesn\u0105 i kolorow\u0105 estetyk\u0105. Jest dost\u0119pny w 6 r\u00f3\u017cnych \u017cywych kolorach - czarnym, czerwonym, niebieskim, pomara\u0144czowym, bia\u0142ym i zielonym - dzi\u0119ki czemu mo\u017cesz wybra\u0107 ten, kt\u00f3ry najlepiej pasuje do Twojego osobistego stylu. <\/span><\/p>\n<p><strong>Wybierz sw\u00f3j ulubiony kolor i podnie\u015b swoje wra\u017cenia z Iguana Smoke.\u00a0<\/strong><\/p>\n<h2><b>Gdzie kupi\u0107 online <span style=\"font-weight: 400;\"><strong>Grinder Mini Iguana Smoke<\/strong><\/span><\/b><b>?<\/b><\/h2>\n<p><span style=\"font-weight: 400;\">Przy <strong>Iguana Smoke<\/strong>, Naszym priorytetem jest jako\u015b\u0107 i przejrzysto\u015b\u0107 ka\u017cdego produktu.\u00a0<\/span><span style=\"font-weight: 400;\">To jest bezpieczne miejsce do <strong>kupi\u0107<\/strong> <strong>M\u0142ynek do dymu Mini Iguana Smoke online <\/strong>w Hiszpanii<strong>.<\/strong> Wszystkie nasze produkty s\u0105 zatwierdzone przez UE, co gwarantuje ich legalno\u015b\u0107 i bezpiecze\u0144stwo.\u00a0<\/span><\/p>\n<p><span style=\"font-weight: 400;\">Jest to praktyczne akcesorium, kt\u00f3rego nie mo\u017cna przegapi\u0107 wraz ze swoim <strong><a href=\"https:\/\/iguanasmoke.com\/pl\/kategoria\/tace-na-kolkach\/\">tace na k\u00f3\u0142kach<\/a><\/strong>, aby wszystko by\u0142o gotowe. Odkryj tak\u017ce <\/span><span style=\"font-weight: 400;\">inne <strong>TOP produkty<\/strong> jako <strong><a href=\"https:\/\/iguanasmoke.com\/pl\/product-2\/comprar-flor-cbd-pop-corn-sour-tsunami-25gr-cogollos-online\/\">Pop Corn 15g. <\/a><\/strong>Skorzystaj teraz z mo\u017cliwo\u015bci zakupu mini m\u0142ynka Iguana Smoke i uzupe\u0142nij swoje narz\u0119dzia do palenia. <\/span><\/p>\n<p><span style=\"font-weight: 400;\">Mo\u017cesz r\u00f3wnie\u017c uzupe\u0142ni\u0107 zestaw o nasze<strong><a href=\"https:\/\/iguanasmoke.com\/pl\/kategoria\/bibulka\/\"> bibu\u0142ki konopne<\/a><\/strong> a b\u0119dziesz gotowy, aby zacz\u0105\u0107 cieszy\u0107 si\u0119 \u015bwiatem CBD. Poznaj nasz\u0105 ofert\u0119 i znajd\u017a sw\u00f3j ulubiony m\u0142ynek ju\u017c teraz.<\/span><span style=\"font-weight: 400;\">\u00a0<\/span><\/p>\n<p>Szybka dostawa, dok\u0142adna uwaga i sklep z dyskretnym i bezpiecznym opakowaniem, kt\u00f3ry idzie naprz\u00f3d, tylko po to, aby\u015b m\u00f3g\u0142 si\u0119 cieszy\u0107!<\/p>\n<p>&nbsp;<\/p>\n<h3><b>Iguana Smoke to synonim jako\u015bci i niezawodno\u015bci.<\/b><\/h3>\n<p><span style=\"font-weight: 400;\">W Iguana Smoke wierzymy, \u017ce korzystanie z CBD powinno by\u0107 bezpiecznym, dost\u0119pnym i przyjemnym do\u015bwiadczeniem. Dlatego oferujemy wysokiej jako\u015bci produkty, w tym nasze m\u0142ynki, kt\u00f3re \u0142\u0105cz\u0105 si\u0119 z nowymi pokoleniami: lud\u017ami, kt\u00f3rzy szukaj\u0105 nieskomplikowanego wellness, z autentycznymi i niezawodnymi markami.\u00a0<\/span><\/p>\n<p>Innymi s\u0142owy, nasza misja jest jasna: dostarcza\u0107 najlepsze CBD w uczciwej cenie, ze spokojem, kt\u00f3ry towarzyszy \u015bwiadomo\u015bci, \u017ce wybierasz certyfikowany, skuteczny, legalny produkt z konopi i 100%. Jeste\u015bmy w czo\u0142\u00f3wce produkt\u00f3w CBD, w tym Mini Iguana Smoke Grinder.<\/p>\n<p>Masz jakie\u015b pytania? Napisz do nas, a z przyjemno\u015bci\u0105 pomo\u017cemy Ci znale\u017a\u0107 odpowiedni produkt.<\/p>","protected":false},"excerpt":{"rendered":"<p>Odkryj nowy Mini Iguana Smoke Grinder:<\/p>\n<ul>\n<li>Rozmiar: 42 mm<\/li>\n<li>Kompaktowy, praktyczny i wytrzyma\u0142y<\/li>\n<li>Ma\u0142y rozmiar<\/li>\n<li>Dost\u0119pny w 6 \u017cywych kolorach: czarnym, czerwonym, niebieskim, pomara\u0144czowym, bia\u0142ym i zielonym.<\/li>\n<\/ul>","protected":false},"featured_media":27068,"comment_status":"open","ping_status":"closed","template":"","meta":{"_acf_changed":false,"site-sidebar-layout":"default","site-content-layout":"","ast-site-content-layout":"default","site-content-style":"default","site-sidebar-style":"default","ast-global-header-display":"","ast-banner-title-visibility":"","ast-main-header-display":"","ast-hfb-above-header-display":"","ast-hfb-below-header-display":"","ast-hfb-mobile-header-display":"","site-post-title":"","ast-breadcrumbs-content":"","ast-featured-img":"","footer-sml-layout":"","theme-transparent-header-meta":"default","adv-header-id-meta":"","stick-header-meta":"","header-above-stick-meta":"","header-main-stick-meta":"","header-below-stick-meta":"","astra-migrate-meta-layouts":"set","ast-page-background-enabled":"default","ast-page-background-meta":{"desktop":{"background-color":"var(--ast-global-color-4)","background-image":"","background-repeat":"repeat","background-position":"center center","background-size":"auto","background-attachment":"scroll","background-type":"","background-media":"","overlay-type":"","overlay-color":"","overlay-opacity":"","overlay-gradient":""},"tablet":{"background-color":"","background-image":"","background-repeat":"repeat","background-position":"center center","background-size":"auto","background-attachment":"scroll","background-type":"","background-media":"","overlay-type":"","overlay-color":"","overlay-opacity":"","overlay-gradient":""},"mobile":{"background-color":"","background-image":"","background-repeat":"repeat","background-position":"center center","background-size":"auto","background-attachment":"scroll","background-type":"","background-media":"","overlay-type":"","overlay-color":"","overlay-opacity":"","overlay-gradient":""}},"ast-content-background-meta":{"desktop":{"background-color":"var(--ast-global-color-5)","background-image":"","background-repeat":"repeat","background-position":"center center","background-size":"auto","background-attachment":"scroll","background-type":"","background-media":"","overlay-type":"","overlay-color":"","overlay-opacity":"","overlay-gradient":""},"tablet":{"background-color":"var(--ast-global-color-5)","background-image":"","background-repeat":"repeat","background-position":"center center","background-size":"auto","background-attachment":"scroll","background-type":"","background-media":"","overlay-type":"","overlay-color":"","overlay-opacity":"","overlay-gradient":""},"mobile":{"background-color":"var(--ast-global-color-5)","background-image":"","background-repeat":"repeat","background-position":"center center","background-size":"auto","background-attachment":"scroll","background-type":"","background-media":"","overlay-type":"","overlay-color":"","overlay-opacity":"","overlay-gradient":""}}},"product_brand":[],"product_cat":[439,436,405],"product_tag":[],"class_list":{"0":"post-26621","1":"product","2":"type-product","3":"status-publish","4":"has-post-thumbnail","6":"product_cat-grinders","7":"product_cat-merchandise-de-iguana-smoke","8":"product_cat-ropa-y-accesorios","9":"desktop-align-center","10":"tablet-align-center","11":"mobile-align-center","13":"first","14":"instock","15":"taxable","16":"shipping-taxable","17":"purchasable","18":"product-type-variable"},"acf":[],"yoast_head":"<!-- This site is optimized with the Yoast SEO Premium plugin v27.3 (Yoast SEO v27.3) - https:\/\/yoast.com\/product\/yoast-seo-premium-wordpress\/ -->\n<title>Grinder Mini Iguana Smoke | Iguana Smoke<\/title>\n<meta name=\"description\" content=\"Compra el Grinder Mini Iguana Smoke al mejor precio y con una calidad inigualable en Iguana Smoke. Env\u00edo gratuito en Espa\u00f1a y Portugal a partir de 40\u20ac.\" \/>\n<meta name=\"robots\" content=\"index, follow, max-snippet:-1, max-image-preview:large, max-video-preview:-1\" \/>\n<link rel=\"canonical\" href=\"https:\/\/iguanasmoke.com\/pl\/product-2\/mini-mlynek-do-dymu-iguana\/\" \/>\n<meta property=\"og:locale\" content=\"pl_PL\" \/>\n<meta property=\"og:type\" content=\"article\" \/>\n<meta property=\"og:title\" content=\"Grinder Mini Iguana Smoke\" \/>\n<meta property=\"og:description\" content=\"Descubre este nuevo Grinder Mini Iguana Smoke:   Tama\u00f1o: 42mm  Compacto, pr\u00e1ctico y resistente  Tama\u00f1o peque\u00f1o  Disponible en 6 vibrantes colores: Negro, Rojo, Azul, Naranja, Blanco y Verde\" \/>\n<meta property=\"og:url\" content=\"https:\/\/iguanasmoke.com\/pl\/product-2\/mini-mlynek-do-dymu-iguana\/\" \/>\n<meta property=\"og:site_name\" content=\"Iguana Smoke\" \/>\n<meta property=\"article:publisher\" content=\"https:\/\/www.facebook.com\/iguanasmoke\" \/>\n<meta property=\"article:modified_time\" content=\"2026-03-15T20:23:58+00:00\" \/>\n<meta property=\"og:image\" content=\"https:\/\/iguanasmoke.com\/wp-content\/uploads\/2023\/12\/Grinders-peque-webp.webp\" \/>\n\t<meta property=\"og:image:width\" content=\"500\" \/>\n\t<meta property=\"og:image:height\" content=\"500\" \/>\n\t<meta property=\"og:image:type\" content=\"image\/webp\" \/>\n<meta name=\"twitter:card\" content=\"summary_large_image\" \/>\n<meta name=\"twitter:label1\" content=\"Dost\u0119pno\u015b\u0107\" \/>\n\t<meta name=\"twitter:data1\" content=\"Dost\u0119pny\" \/>\n<meta property=\"product:brand\" content=\"variable\" \/>\n<meta property=\"og:availability\" content=\"instock\" \/>\n<meta property=\"product:availability\" content=\"instock\" \/>\n<meta property=\"product:condition\" content=\"new\" \/>\n<!-- \/ Yoast SEO Premium plugin. -->","yoast_head_json":{"title":"Grinder Mini Iguana Smoke : Iguana Smoke","description":"Kup Iguana Smoke Mini Grinder w najlepszej cenie i bezkonkurencyjnej jako\u015bci w Iguana Smoke. Bezp\u0142atna wysy\u0142ka w Hiszpanii i Portugalii od 40 \u20ac.","robots":{"index":"index","follow":"follow","max-snippet":"max-snippet:-1","max-image-preview":"max-image-preview:large","max-video-preview":"max-video-preview:-1"},"canonical":"https:\/\/iguanasmoke.com\/pl\/product-2\/mini-mlynek-do-dymu-iguana\/","og_locale":"pl_PL","og_type":"article","og_title":"Grinder Mini Iguana Smoke","og_description":"Descubre este nuevo Grinder Mini Iguana Smoke:   Tama\u00f1o: 42mm  Compacto, pr\u00e1ctico y resistente  Tama\u00f1o peque\u00f1o  Disponible en 6 vibrantes colores: Negro, Rojo, Azul, Naranja, Blanco y Verde","og_url":"https:\/\/iguanasmoke.com\/pl\/product-2\/mini-mlynek-do-dymu-iguana\/","og_site_name":"Iguana Smoke","article_publisher":"https:\/\/www.facebook.com\/iguanasmoke","article_modified_time":"2026-03-15T20:23:58+00:00","og_image":[{"width":500,"height":500,"url":"https:\/\/iguanasmoke.com\/wp-content\/uploads\/2023\/12\/Grinders-peque-webp.webp","type":"image\/webp"}],"twitter_card":"summary_large_image","twitter_misc":{"Dost\u0119pno\u015b\u0107":"Dost\u0119pny"},"schema":{"@context":"https:\/\/schema.org","@graph":[{"@type":"WebPage","@id":"https:\/\/iguanasmoke.com\/producto\/grinder-mini-iguana-smoke\/","url":"https:\/\/iguanasmoke.com\/producto\/grinder-mini-iguana-smoke\/","name":"Grinder Mini Iguana Smoke : Iguana Smoke","isPartOf":{"@id":"https:\/\/iguanasmoke.com\/#website"},"primaryImageOfPage":{"@id":"https:\/\/iguanasmoke.com\/producto\/grinder-mini-iguana-smoke\/#primaryimage"},"image":{"@id":"https:\/\/iguanasmoke.com\/producto\/grinder-mini-iguana-smoke\/#primaryimage"},"thumbnailUrl":"https:\/\/iguanasmoke.com\/wp-content\/uploads\/2023\/12\/Grinders-peque-webp.webp","datePublished":"2023-12-21T13:19:20+00:00","dateModified":"2026-03-15T20:23:58+00:00","description":"Kup Iguana Smoke Mini Grinder w najlepszej cenie i bezkonkurencyjnej jako\u015bci w Iguana Smoke. Bezp\u0142atna wysy\u0142ka w Hiszpanii i Portugalii od 40 \u20ac.","breadcrumb":{"@id":"https:\/\/iguanasmoke.com\/producto\/grinder-mini-iguana-smoke\/#breadcrumb"},"inLanguage":"pl-PL","potentialAction":[{"@type":"ReadAction","target":["https:\/\/iguanasmoke.com\/producto\/grinder-mini-iguana-smoke\/"]}]},{"@type":"ImageObject","inLanguage":"pl-PL","@id":"https:\/\/iguanasmoke.com\/producto\/grinder-mini-iguana-smoke\/#primaryimage","url":"https:\/\/iguanasmoke.com\/wp-content\/uploads\/2023\/12\/Grinders-peque-webp.webp","contentUrl":"https:\/\/iguanasmoke.com\/wp-content\/uploads\/2023\/12\/Grinders-peque-webp.webp","width":500,"height":500,"caption":"grinders peque\u00f1o portable iguana"},{"@type":"BreadcrumbList","@id":"https:\/\/iguanasmoke.com\/producto\/grinder-mini-iguana-smoke\/#breadcrumb","itemListElement":[{"@type":"ListItem","position":1,"name":"home","item":"https:\/\/iguanasmoke.com\/"},{"@type":"ListItem","position":2,"name":"Tienda","item":"https:\/\/iguanasmoke.com\/tienda\/"},{"@type":"ListItem","position":3,"name":"Grinders","item":"https:\/\/iguanasmoke.com\/categoria\/grinders\/"},{"@type":"ListItem","position":4,"name":"Grinder Mini Iguana Smoke"}]},{"@type":"WebSite","@id":"https:\/\/iguanasmoke.com\/#website","url":"https:\/\/iguanasmoke.com\/","name":"Iguana Smoke","description":"Kup CBD online w najlepszej cenie","publisher":{"@id":"https:\/\/iguanasmoke.com\/#organization"},"potentialAction":[{"@type":"SearchAction","target":{"@type":"EntryPoint","urlTemplate":"https:\/\/iguanasmoke.com\/?s={search_term_string}"},"query-input":{"@type":"PropertyValueSpecification","valueRequired":true,"valueName":"search_term_string"}}],"inLanguage":"pl-PL"},{"@type":"Organization","@id":"https:\/\/iguanasmoke.com\/#organization","name":"Iguana Smoke","url":"https:\/\/iguanasmoke.com\/","logo":{"@type":"ImageObject","inLanguage":"pl-PL","@id":"https:\/\/iguanasmoke.com\/#\/schema\/logo\/image\/","url":"https:\/\/iguanasmoke.com\/wp-content\/uploads\/2025\/01\/logoiguana-favi-1.png","contentUrl":"https:\/\/iguanasmoke.com\/wp-content\/uploads\/2025\/01\/logoiguana-favi-1.png","width":512,"height":512,"caption":"Iguana Smoke"},"image":{"@id":"https:\/\/iguanasmoke.com\/#\/schema\/logo\/image\/"},"sameAs":["https:\/\/www.facebook.com\/iguanasmoke","https:\/\/www.instagram.com\/iguanasmoke\/"]}]},"product_brand":"variable","og_availability":"instock","product_availability":"instock","product_condition":"new"},"_links":{"self":[{"href":"https:\/\/iguanasmoke.com\/pl\/wp-json\/wp\/v2\/product\/26621","targetHints":{"allow":["GET"]}}],"collection":[{"href":"https:\/\/iguanasmoke.com\/pl\/wp-json\/wp\/v2\/product"}],"about":[{"href":"https:\/\/iguanasmoke.com\/pl\/wp-json\/wp\/v2\/types\/product"}],"replies":[{"embeddable":true,"href":"https:\/\/iguanasmoke.com\/pl\/wp-json\/wp\/v2\/comments?post=26621"}],"wp:featuredmedia":[{"embeddable":true,"href":"https:\/\/iguanasmoke.com\/pl\/wp-json\/wp\/v2\/media\/27068"}],"wp:attachment":[{"href":"https:\/\/iguanasmoke.com\/pl\/wp-json\/wp\/v2\/media?parent=26621"}],"wp:term":[{"taxonomy":"product_brand","embeddable":true,"href":"https:\/\/iguanasmoke.com\/pl\/wp-json\/wp\/v2\/product_brand?post=26621"},{"taxonomy":"product_cat","embeddable":true,"href":"https:\/\/iguanasmoke.com\/pl\/wp-json\/wp\/v2\/product_cat?post=26621"},{"taxonomy":"product_tag","embeddable":true,"href":"https:\/\/iguanasmoke.com\/pl\/wp-json\/wp\/v2\/product_tag?post=26621"}],"curies":[{"name":"wp","href":"https:\/\/api.w.org\/{rel}","templated":true}]}}