{"id":26639,"date":"2023-12-21T19:12:46","date_gmt":"2023-12-21T18:12:46","guid":{"rendered":"https:\/\/iguanasmoke.com\/?post_type=product&#038;p=26639"},"modified":"2026-01-07T10:29:41","modified_gmt":"2026-01-07T09:29:41","slug":"czarna-koszulka-mario-iguana-w-japonii","status":"publish","type":"product","link":"https:\/\/iguanasmoke.com\/pl\/producto\/camiseta-negra-mario-iguana-in-japan\/","title":{"rendered":"Czarna koszulka Mario Iguana in Japan"},"content":{"rendered":"<h3>Czarna koszulka Mario Iguana in Japan<\/h3>\n<p>Odkryj esencj\u0119 ponadczasowego stylu dzi\u0119ki czarnej koszulce Mario in Japan marki Iguana Smoke, kt\u00f3ra \u0142\u0105czy w sobie wygod\u0119 i mod\u0119. Ten czarny t-shirt jest dost\u0119pny wy\u0142\u0105cznie w Iguana Smoke.<\/p>\n<p>Wykonana z wysokiej jako\u015bci bawe\u0142ny koszulka zapewnia mi\u0119kko\u015b\u0107 i lekko\u015b\u0107, dzi\u0119ki czemu jest idealna na ka\u017cd\u0105 okazj\u0119. Jego wszechstronno\u015b\u0107 sprawia, \u017ce jest to idealny wyb\u00f3r zar\u00f3wno na co dzie\u0144, jak i na stylowe wieczorne wyj\u015bcie. Ponadto trwa\u0142a jako\u015b\u0107 materia\u0142u zapewnia d\u0142ugotrwa\u0142e noszenie bez utraty komfortu.<\/p>\n<p>Iguana Smoke szczyci si\u0119 oferowaniem wyj\u0105tkowych produkt\u00f3w, a ta koszulka nie jest wyj\u0105tkiem. Odwa\u017c si\u0119 by\u0107 autentycznym i poka\u017c sw\u00f3j styl dzi\u0119ki odzie\u017cy, kt\u00f3ra wykracza poza chwilowe trendy. Kup koszulk\u0119 Iguana Smoke ju\u017c dzi\u015b i do\u015bwiadcz po\u0142\u0105czenia wygody i mody, kt\u00f3re definiuje Tw\u00f3j w\u0142asny styl.<\/p>","protected":false},"excerpt":{"rendered":"<ul>\n<li>Materia\u0142: bawe\u0142na 100%<\/li>\n<li>Druk DTG<\/li>\n<li>Standardowa d\u0142ugo\u015b\u0107<\/li>\n<li>Dost\u0119pne w rozmiarach. S, M, L i XL<\/li>\n<\/ul>","protected":false},"featured_media":26644,"comment_status":"open","ping_status":"closed","template":"","meta":{"_acf_changed":false,"site-sidebar-layout":"default","site-content-layout":"","ast-site-content-layout":"default","site-content-style":"default","site-sidebar-style":"default","ast-global-header-display":"","ast-banner-title-visibility":"","ast-main-header-display":"","ast-hfb-above-header-display":"","ast-hfb-below-header-display":"","ast-hfb-mobile-header-display":"","site-post-title":"","ast-breadcrumbs-content":"","ast-featured-img":"","footer-sml-layout":"","theme-transparent-header-meta":"default","adv-header-id-meta":"","stick-header-meta":"","header-above-stick-meta":"","header-main-stick-meta":"","header-below-stick-meta":"","astra-migrate-meta-layouts":"set","ast-page-background-enabled":"default","ast-page-background-meta":{"desktop":{"background-color":"var(--ast-global-color-4)","background-image":"","background-repeat":"repeat","background-position":"center center","background-size":"auto","background-attachment":"scroll","background-type":"","background-media":"","overlay-type":"","overlay-color":"","overlay-opacity":"","overlay-gradient":""},"tablet":{"background-color":"","background-image":"","background-repeat":"repeat","background-position":"center center","background-size":"auto","background-attachment":"scroll","background-type":"","background-media":"","overlay-type":"","overlay-color":"","overlay-opacity":"","overlay-gradient":""},"mobile":{"background-color":"","background-image":"","background-repeat":"repeat","background-position":"center center","background-size":"auto","background-attachment":"scroll","background-type":"","background-media":"","overlay-type":"","overlay-color":"","overlay-opacity":"","overlay-gradient":""}},"ast-content-background-meta":{"desktop":{"background-color":"var(--ast-global-color-5)","background-image":"","background-repeat":"repeat","background-position":"center center","background-size":"auto","background-attachment":"scroll","background-type":"","background-media":"","overlay-type":"","overlay-color":"","overlay-opacity":"","overlay-gradient":""},"tablet":{"background-color":"var(--ast-global-color-5)","background-image":"","background-repeat":"repeat","background-position":"center center","background-size":"auto","background-attachment":"scroll","background-type":"","background-media":"","overlay-type":"","overlay-color":"","overlay-opacity":"","overlay-gradient":""},"mobile":{"background-color":"var(--ast-global-color-5)","background-image":"","background-repeat":"repeat","background-position":"center center","background-size":"auto","background-attachment":"scroll","background-type":"","background-media":"","overlay-type":"","overlay-color":"","overlay-opacity":"","overlay-gradient":""}}},"product_brand":[],"product_cat":[441,436],"product_tag":[],"class_list":{"0":"post-26639","1":"product","2":"type-product","3":"status-publish","4":"has-post-thumbnail","6":"product_cat-camisetas","7":"product_cat-merchandise-de-iguana-smoke","8":"desktop-align-center","9":"tablet-align-center","10":"mobile-align-center","12":"first","13":"instock","14":"taxable","15":"shipping-taxable","16":"purchasable","17":"product-type-variable"},"acf":[],"yoast_head":"<!-- This site is optimized with the Yoast SEO Premium plugin v27.3 (Yoast SEO v27.3) - https:\/\/yoast.com\/product\/yoast-seo-premium-wordpress\/ -->\n<title>Camiseta Negra Mario Iguana in Japan | Iguana Smoke<\/title>\n<meta name=\"description\" content=\"Compra la Camiseta Mario Iguana in Japan al mejor precio y con una calidad inigualable en Iguana Smoke. Env\u00edo gratuito en Espa\u00f1a y Portugal a partir de 35\u20ac.\" \/>\n<meta name=\"robots\" content=\"index, follow, max-snippet:-1, max-image-preview:large, max-video-preview:-1\" \/>\n<link rel=\"canonical\" href=\"https:\/\/iguanasmoke.com\/pl\/product-2\/czarna-koszulka-mario-iguana-w-japonii\/\" \/>\n<meta property=\"og:locale\" content=\"pl_PL\" \/>\n<meta property=\"og:type\" content=\"article\" \/>\n<meta property=\"og:title\" content=\"Camiseta Negra Mario Iguana in Japan\" \/>\n<meta property=\"og:description\" content=\"Material: 100% Algodon  Impresion DTG  Longitud estandar  Disponible en tama\u00f1o. S, M, L y XL\" \/>\n<meta property=\"og:url\" content=\"https:\/\/iguanasmoke.com\/pl\/product-2\/czarna-koszulka-mario-iguana-w-japonii\/\" \/>\n<meta property=\"og:site_name\" content=\"Iguana Smoke\" \/>\n<meta property=\"article:publisher\" content=\"https:\/\/www.facebook.com\/iguanasmoke\" \/>\n<meta property=\"article:modified_time\" content=\"2026-01-07T09:29:41+00:00\" \/>\n<meta property=\"og:image\" content=\"https:\/\/iguanasmoke.com\/wp-content\/uploads\/2023\/12\/Camiseta-Mario-Iguana-Japan-Negra-Back-webp.webp\" \/>\n\t<meta property=\"og:image:width\" content=\"500\" \/>\n\t<meta property=\"og:image:height\" content=\"500\" \/>\n\t<meta property=\"og:image:type\" content=\"image\/webp\" \/>\n<meta name=\"twitter:card\" content=\"summary_large_image\" \/>\n<meta name=\"twitter:label1\" content=\"Dost\u0119pno\u015b\u0107\" \/>\n\t<meta name=\"twitter:data1\" content=\"Dost\u0119pny\" \/>\n<meta property=\"product:brand\" content=\"variable\" \/>\n<meta property=\"og:availability\" content=\"instock\" \/>\n<meta property=\"product:availability\" content=\"instock\" \/>\n<meta property=\"product:condition\" content=\"new\" \/>\n<!-- \/ Yoast SEO Premium plugin. -->","yoast_head_json":{"title":"Czarna koszulka Mario Iguana in Japan | Iguana Smoke","description":"Kup koszulk\u0119 Mario Iguana in Japan w najlepszej cenie i bezkonkurencyjnej jako\u015bci w Iguana Smoke. Darmowa wysy\u0142ka w Hiszpanii i Portugalii od 35\u20ac.","robots":{"index":"index","follow":"follow","max-snippet":"max-snippet:-1","max-image-preview":"max-image-preview:large","max-video-preview":"max-video-preview:-1"},"canonical":"https:\/\/iguanasmoke.com\/pl\/product-2\/czarna-koszulka-mario-iguana-w-japonii\/","og_locale":"pl_PL","og_type":"article","og_title":"Camiseta Negra Mario Iguana in Japan","og_description":"Material: 100% Algodon  Impresion DTG  Longitud estandar  Disponible en tama\u00f1o. S, M, L y XL","og_url":"https:\/\/iguanasmoke.com\/pl\/product-2\/czarna-koszulka-mario-iguana-w-japonii\/","og_site_name":"Iguana Smoke","article_publisher":"https:\/\/www.facebook.com\/iguanasmoke","article_modified_time":"2026-01-07T09:29:41+00:00","og_image":[{"width":500,"height":500,"url":"https:\/\/iguanasmoke.com\/wp-content\/uploads\/2023\/12\/Camiseta-Mario-Iguana-Japan-Negra-Back-webp.webp","type":"image\/webp"}],"twitter_card":"summary_large_image","twitter_misc":{"Dost\u0119pno\u015b\u0107":"Dost\u0119pny"},"schema":{"@context":"https:\/\/schema.org","@graph":[{"@type":"WebPage","@id":"https:\/\/iguanasmoke.com\/producto\/camiseta-negra-mario-iguana-in-japan\/","url":"https:\/\/iguanasmoke.com\/producto\/camiseta-negra-mario-iguana-in-japan\/","name":"Czarna koszulka Mario Iguana in Japan | Iguana Smoke","isPartOf":{"@id":"https:\/\/iguanasmoke.com\/#website"},"primaryImageOfPage":{"@id":"https:\/\/iguanasmoke.com\/producto\/camiseta-negra-mario-iguana-in-japan\/#primaryimage"},"image":{"@id":"https:\/\/iguanasmoke.com\/producto\/camiseta-negra-mario-iguana-in-japan\/#primaryimage"},"thumbnailUrl":"https:\/\/iguanasmoke.com\/wp-content\/uploads\/2023\/12\/Camiseta-Mario-Iguana-Japan-Negra-Back-webp.webp","datePublished":"2023-12-21T18:12:46+00:00","dateModified":"2026-01-07T09:29:41+00:00","description":"Kup koszulk\u0119 Mario Iguana in Japan w najlepszej cenie i bezkonkurencyjnej jako\u015bci w Iguana Smoke. Darmowa wysy\u0142ka w Hiszpanii i Portugalii od 35\u20ac.","breadcrumb":{"@id":"https:\/\/iguanasmoke.com\/producto\/camiseta-negra-mario-iguana-in-japan\/#breadcrumb"},"inLanguage":"pl-PL","potentialAction":[{"@type":"ReadAction","target":["https:\/\/iguanasmoke.com\/producto\/camiseta-negra-mario-iguana-in-japan\/"]}]},{"@type":"ImageObject","inLanguage":"pl-PL","@id":"https:\/\/iguanasmoke.com\/producto\/camiseta-negra-mario-iguana-in-japan\/#primaryimage","url":"https:\/\/iguanasmoke.com\/wp-content\/uploads\/2023\/12\/Camiseta-Mario-Iguana-Japan-Negra-Back-webp.webp","contentUrl":"https:\/\/iguanasmoke.com\/wp-content\/uploads\/2023\/12\/Camiseta-Mario-Iguana-Japan-Negra-Back-webp.webp","width":500,"height":500,"caption":"camiseta negra iguana smoke japon"},{"@type":"BreadcrumbList","@id":"https:\/\/iguanasmoke.com\/producto\/camiseta-negra-mario-iguana-in-japan\/#breadcrumb","itemListElement":[{"@type":"ListItem","position":1,"name":"home","item":"https:\/\/iguanasmoke.com\/"},{"@type":"ListItem","position":2,"name":"Tienda","item":"https:\/\/iguanasmoke.com\/tienda\/"},{"@type":"ListItem","position":3,"name":"Ropa y Accesorios","item":"https:\/\/iguanasmoke.com\/categoria\/ropa-y-accesorios\/"},{"@type":"ListItem","position":4,"name":"Camisetas","item":"https:\/\/iguanasmoke.com\/categoria\/ropa-y-accesorios\/camisetas\/"},{"@type":"ListItem","position":5,"name":"Camiseta Negra Mario Iguana in Japan"}]},{"@type":"WebSite","@id":"https:\/\/iguanasmoke.com\/#website","url":"https:\/\/iguanasmoke.com\/","name":"Iguana Smoke","description":"Kup CBD online w najlepszej cenie","publisher":{"@id":"https:\/\/iguanasmoke.com\/#organization"},"potentialAction":[{"@type":"SearchAction","target":{"@type":"EntryPoint","urlTemplate":"https:\/\/iguanasmoke.com\/?s={search_term_string}"},"query-input":{"@type":"PropertyValueSpecification","valueRequired":true,"valueName":"search_term_string"}}],"inLanguage":"pl-PL"},{"@type":"Organization","@id":"https:\/\/iguanasmoke.com\/#organization","name":"Iguana Smoke","url":"https:\/\/iguanasmoke.com\/","logo":{"@type":"ImageObject","inLanguage":"pl-PL","@id":"https:\/\/iguanasmoke.com\/#\/schema\/logo\/image\/","url":"https:\/\/iguanasmoke.com\/wp-content\/uploads\/2025\/01\/logoiguana-favi-1.png","contentUrl":"https:\/\/iguanasmoke.com\/wp-content\/uploads\/2025\/01\/logoiguana-favi-1.png","width":512,"height":512,"caption":"Iguana Smoke"},"image":{"@id":"https:\/\/iguanasmoke.com\/#\/schema\/logo\/image\/"},"sameAs":["https:\/\/www.facebook.com\/iguanasmoke","https:\/\/www.instagram.com\/iguanasmoke\/"]}]},"product_brand":"variable","og_availability":"instock","product_availability":"instock","product_condition":"new"},"_links":{"self":[{"href":"https:\/\/iguanasmoke.com\/pl\/wp-json\/wp\/v2\/product\/26639","targetHints":{"allow":["GET"]}}],"collection":[{"href":"https:\/\/iguanasmoke.com\/pl\/wp-json\/wp\/v2\/product"}],"about":[{"href":"https:\/\/iguanasmoke.com\/pl\/wp-json\/wp\/v2\/types\/product"}],"replies":[{"embeddable":true,"href":"https:\/\/iguanasmoke.com\/pl\/wp-json\/wp\/v2\/comments?post=26639"}],"wp:featuredmedia":[{"embeddable":true,"href":"https:\/\/iguanasmoke.com\/pl\/wp-json\/wp\/v2\/media\/26644"}],"wp:attachment":[{"href":"https:\/\/iguanasmoke.com\/pl\/wp-json\/wp\/v2\/media?parent=26639"}],"wp:term":[{"taxonomy":"product_brand","embeddable":true,"href":"https:\/\/iguanasmoke.com\/pl\/wp-json\/wp\/v2\/product_brand?post=26639"},{"taxonomy":"product_cat","embeddable":true,"href":"https:\/\/iguanasmoke.com\/pl\/wp-json\/wp\/v2\/product_cat?post=26639"},{"taxonomy":"product_tag","embeddable":true,"href":"https:\/\/iguanasmoke.com\/pl\/wp-json\/wp\/v2\/product_tag?post=26639"}],"curies":[{"name":"wp","href":"https:\/\/api.w.org\/{rel}","templated":true}]}}