{"id":26724,"date":"2023-12-22T16:23:54","date_gmt":"2023-12-22T15:23:54","guid":{"rendered":"https:\/\/iguanasmoke.com\/?post_type=product&#038;p=26724"},"modified":"2025-05-05T21:22:59","modified_gmt":"2025-05-05T19:22:59","slug":"gorra-baseball-negra-iguana-japan","status":"publish","type":"product","link":"https:\/\/iguanasmoke.com\/pl\/producto\/gorra-baseball-negra-iguana-japan\/","title":{"rendered":"Czapka z daszkiem Black Iguana Japan"},"content":{"rendered":"<h3>Czapka z daszkiem Black Iguana Japan<\/h3>\n<p>Completa tu estilo con la Gorra de Baseball Negra Japan Iguana Smoke: un s\u00edmbolo de moda que refleja tu pasi\u00f3n por el vapeo. Esta gorra de alta calidad, con el distintivo dise\u00f1o japones de Iguana Smoke, no solo ofrece un toque de elegancia, tambi\u00e9n es el accesorio perfecto para destacar entre la multitud.<\/p>\n<p>Najwa\u017cniejsze cechy:<\/p>\n<ul>\n<li><strong>Klasyczny styl:<\/strong> La gorra de baseball es un cl\u00e1sico atemporal, y con el dise\u00f1o del logo de Iguana Smoke en su version japonesa es aun mas atrapante para la vista.<\/li>\n<li><strong style=\"font-size: 16px;\">Wytrzyma\u0142a konstrukcja:<\/strong><span style=\"font-size: 16px;\"> Wykonana z trwa\u0142ych materia\u0142\u00f3w czapka zosta\u0142a zaprojektowana z my\u015bl\u0105 o trwa\u0142o\u015bci. Wygodne dopasowanie i trwa\u0142o\u015b\u0107 sprawiaj\u0105, \u017ce jest idealna do codziennego u\u017cytku.<\/span><\/li>\n<li><strong>Zaufana marka:<\/strong> Nosz\u0105c czapk\u0119 z daszkiem Iguana Smoke Black, nosisz ze sob\u0105 zaufan\u0105 mark\u0119, kt\u00f3ra oznacza jako\u015b\u0107 i doskona\u0142o\u015b\u0107 w \u015bwiecie waporyzacji, wi\u0119c podkre\u015bl sw\u00f3j styl dzi\u0119ki czapce z daszkiem Iguana Smoke Black. Dodaj to wyj\u0105tkowe akcesorium do swojej kolekcji i poka\u017c swoj\u0105 wierno\u015b\u0107 kulturze vape na ka\u017cdym kroku!<\/li>\n<\/ul>","protected":false},"excerpt":{"rendered":"<ul>\n<li>Niski profil<\/li>\n<li>Zakrzywiony daszek<\/li>\n<li>6 paneli<\/li>\n<li>6 oczek<\/li>\n<li>Zapi\u0119cie na klamr\u0119<\/li>\n<\/ul>","protected":false},"featured_media":26727,"comment_status":"open","ping_status":"closed","template":"","meta":{"_acf_changed":false,"site-sidebar-layout":"default","site-content-layout":"","ast-site-content-layout":"default","site-content-style":"default","site-sidebar-style":"default","ast-global-header-display":"","ast-banner-title-visibility":"","ast-main-header-display":"","ast-hfb-above-header-display":"","ast-hfb-below-header-display":"","ast-hfb-mobile-header-display":"","site-post-title":"","ast-breadcrumbs-content":"","ast-featured-img":"","footer-sml-layout":"","theme-transparent-header-meta":"default","adv-header-id-meta":"","stick-header-meta":"","header-above-stick-meta":"","header-main-stick-meta":"","header-below-stick-meta":"","astra-migrate-meta-layouts":"set","ast-page-background-enabled":"default","ast-page-background-meta":{"desktop":{"background-color":"var(--ast-global-color-4)","background-image":"","background-repeat":"repeat","background-position":"center center","background-size":"auto","background-attachment":"scroll","background-type":"","background-media":"","overlay-type":"","overlay-color":"","overlay-opacity":"","overlay-gradient":""},"tablet":{"background-color":"","background-image":"","background-repeat":"repeat","background-position":"center center","background-size":"auto","background-attachment":"scroll","background-type":"","background-media":"","overlay-type":"","overlay-color":"","overlay-opacity":"","overlay-gradient":""},"mobile":{"background-color":"","background-image":"","background-repeat":"repeat","background-position":"center center","background-size":"auto","background-attachment":"scroll","background-type":"","background-media":"","overlay-type":"","overlay-color":"","overlay-opacity":"","overlay-gradient":""}},"ast-content-background-meta":{"desktop":{"background-color":"var(--ast-global-color-5)","background-image":"","background-repeat":"repeat","background-position":"center center","background-size":"auto","background-attachment":"scroll","background-type":"","background-media":"","overlay-type":"","overlay-color":"","overlay-opacity":"","overlay-gradient":""},"tablet":{"background-color":"var(--ast-global-color-5)","background-image":"","background-repeat":"repeat","background-position":"center center","background-size":"auto","background-attachment":"scroll","background-type":"","background-media":"","overlay-type":"","overlay-color":"","overlay-opacity":"","overlay-gradient":""},"mobile":{"background-color":"var(--ast-global-color-5)","background-image":"","background-repeat":"repeat","background-position":"center center","background-size":"auto","background-attachment":"scroll","background-type":"","background-media":"","overlay-type":"","overlay-color":"","overlay-opacity":"","overlay-gradient":""}}},"product_brand":[],"product_cat":[444,436],"product_tag":[],"class_list":{"0":"post-26724","1":"product","2":"type-product","3":"status-publish","4":"has-post-thumbnail","6":"product_cat-gorras","7":"product_cat-merchandise-de-iguana-smoke","8":"desktop-align-center","9":"tablet-align-center","10":"mobile-align-center","12":"first","13":"instock","14":"taxable","15":"shipping-taxable","16":"purchasable","17":"product-type-simple"},"acf":[],"yoast_head":"<!-- This site is optimized with the Yoast SEO Premium plugin v27.3 (Yoast SEO v27.3) - https:\/\/yoast.com\/product\/yoast-seo-premium-wordpress\/ -->\n<title>Gorra Baseball Negra Iguana Japan | Iguana Smoke<\/title>\n<meta name=\"description\" content=\"Compra la Gorra Baseball Negra Japan al mejor precio y con una calidad inigualable en Iguana Smoke. Env\u00edo gratuito en Espa\u00f1a y Portugal a partir de 35\u20ac.\" \/>\n<meta name=\"robots\" content=\"index, follow, max-snippet:-1, max-image-preview:large, max-video-preview:-1\" \/>\n<link rel=\"canonical\" href=\"https:\/\/iguanasmoke.com\/pl\/product-2\/gorra-baseball-negra-iguana-japan\/\" \/>\n<meta property=\"og:locale\" content=\"pl_PL\" \/>\n<meta property=\"og:type\" content=\"article\" \/>\n<meta property=\"og:title\" content=\"Gorra Baseball Negra Iguana Japan\" \/>\n<meta property=\"og:description\" content=\"Perfil Bajo  Visera Curvada  6 Paneles  6 Ojales  Cierre de hebilla\" \/>\n<meta property=\"og:url\" content=\"https:\/\/iguanasmoke.com\/pl\/product-2\/gorra-baseball-negra-iguana-japan\/\" \/>\n<meta property=\"og:site_name\" content=\"Iguana Smoke\" \/>\n<meta property=\"article:publisher\" content=\"https:\/\/www.facebook.com\/iguanasmoke\" \/>\n<meta property=\"article:modified_time\" content=\"2025-05-05T19:22:59+00:00\" \/>\n<meta property=\"og:image\" content=\"https:\/\/i0.wp.com\/iguanasmoke.com\/wp-content\/uploads\/2023\/12\/Gorro-negro-baseball-front-webp.webp?fit=500%2C500&ssl=1\" \/>\n\t<meta property=\"og:image:width\" content=\"500\" \/>\n\t<meta property=\"og:image:height\" content=\"500\" \/>\n\t<meta property=\"og:image:type\" content=\"image\/webp\" \/>\n<meta name=\"twitter:card\" content=\"summary_large_image\" \/>\n<meta name=\"twitter:label1\" content=\"Cena\" \/>\n\t<meta name=\"twitter:data1\" content=\"25,00&nbsp;&euro;\" \/>\n\t<meta name=\"twitter:label2\" content=\"Dost\u0119pno\u015b\u0107\" \/>\n\t<meta name=\"twitter:data2\" content=\"Dost\u0119pny\" \/>\n<meta property=\"product:brand\" content=\"simple\" \/>\n<meta property=\"product:price:amount\" content=\"25.00\" \/>\n<meta property=\"product:price:currency\" content=\"EUR\" \/>\n<meta property=\"og:availability\" content=\"instock\" \/>\n<meta property=\"product:availability\" content=\"instock\" \/>\n<meta property=\"product:condition\" content=\"new\" \/>\n<!-- \/ Yoast SEO Premium plugin. -->","yoast_head_json":{"title":"Gorra Baseball Negra Iguana Japan | Iguana Smoke","description":"Compra la Gorra Baseball Negra Japan al mejor precio y con una calidad inigualable en Iguana Smoke. Env\u00edo gratuito en Espa\u00f1a y Portugal a partir de 35\u20ac.","robots":{"index":"index","follow":"follow","max-snippet":"max-snippet:-1","max-image-preview":"max-image-preview:large","max-video-preview":"max-video-preview:-1"},"canonical":"https:\/\/iguanasmoke.com\/pl\/product-2\/gorra-baseball-negra-iguana-japan\/","og_locale":"pl_PL","og_type":"article","og_title":"Gorra Baseball Negra Iguana Japan","og_description":"Perfil Bajo  Visera Curvada  6 Paneles  6 Ojales  Cierre de hebilla","og_url":"https:\/\/iguanasmoke.com\/pl\/product-2\/gorra-baseball-negra-iguana-japan\/","og_site_name":"Iguana Smoke","article_publisher":"https:\/\/www.facebook.com\/iguanasmoke","article_modified_time":"2025-05-05T19:22:59+00:00","og_image":[{"width":500,"height":500,"url":"https:\/\/i0.wp.com\/iguanasmoke.com\/wp-content\/uploads\/2023\/12\/Gorro-negro-baseball-front-webp.webp?fit=500%2C500&ssl=1","type":"image\/webp"}],"twitter_card":"summary_large_image","twitter_misc":{"Cena":"25,00&nbsp;&euro;","Dost\u0119pno\u015b\u0107":"Dost\u0119pny"},"schema":{"@context":"https:\/\/schema.org","@graph":[{"@type":"WebPage","@id":"https:\/\/iguanasmoke.com\/producto\/gorra-baseball-negra-iguana-japan\/","url":"https:\/\/iguanasmoke.com\/producto\/gorra-baseball-negra-iguana-japan\/","name":"Gorra Baseball Negra Iguana Japan | Iguana Smoke","isPartOf":{"@id":"https:\/\/iguanasmoke.com\/#website"},"primaryImageOfPage":{"@id":"https:\/\/iguanasmoke.com\/producto\/gorra-baseball-negra-iguana-japan\/#primaryimage"},"image":{"@id":"https:\/\/iguanasmoke.com\/producto\/gorra-baseball-negra-iguana-japan\/#primaryimage"},"thumbnailUrl":"https:\/\/iguanasmoke.com\/wp-content\/uploads\/2023\/12\/Gorro-negro-baseball-front-webp.webp","datePublished":"2023-12-22T15:23:54+00:00","dateModified":"2025-05-05T19:22:59+00:00","description":"Compra la Gorra Baseball Negra Japan al mejor precio y con una calidad inigualable en Iguana Smoke. Env\u00edo gratuito en Espa\u00f1a y Portugal a partir de 35\u20ac.","breadcrumb":{"@id":"https:\/\/iguanasmoke.com\/producto\/gorra-baseball-negra-iguana-japan\/#breadcrumb"},"inLanguage":"pl-PL","potentialAction":[{"@type":"ReadAction","target":["https:\/\/iguanasmoke.com\/producto\/gorra-baseball-negra-iguana-japan\/"]}]},{"@type":"ImageObject","inLanguage":"pl-PL","@id":"https:\/\/iguanasmoke.com\/producto\/gorra-baseball-negra-iguana-japan\/#primaryimage","url":"https:\/\/iguanasmoke.com\/wp-content\/uploads\/2023\/12\/Gorro-negro-baseball-front-webp.webp","contentUrl":"https:\/\/iguanasmoke.com\/wp-content\/uploads\/2023\/12\/Gorro-negro-baseball-front-webp.webp","width":500,"height":500,"caption":"gorro baseball iguana japon"},{"@type":"BreadcrumbList","@id":"https:\/\/iguanasmoke.com\/producto\/gorra-baseball-negra-iguana-japan\/#breadcrumb","itemListElement":[{"@type":"ListItem","position":1,"name":"home","item":"https:\/\/iguanasmoke.com\/"},{"@type":"ListItem","position":2,"name":"Tienda","item":"https:\/\/iguanasmoke.com\/tienda\/"},{"@type":"ListItem","position":3,"name":"Ropa y Accesorios","item":"https:\/\/iguanasmoke.com\/categoria\/ropa-y-accesorios\/"},{"@type":"ListItem","position":4,"name":"Gorras","item":"https:\/\/iguanasmoke.com\/categoria\/ropa-y-accesorios\/gorras\/"},{"@type":"ListItem","position":5,"name":"Gorra Baseball Negra Iguana Japan"}]},{"@type":"WebSite","@id":"https:\/\/iguanasmoke.com\/#website","url":"https:\/\/iguanasmoke.com\/","name":"Iguana Smoke","description":"Kup CBD online w najlepszej cenie","publisher":{"@id":"https:\/\/iguanasmoke.com\/#organization"},"potentialAction":[{"@type":"SearchAction","target":{"@type":"EntryPoint","urlTemplate":"https:\/\/iguanasmoke.com\/?s={search_term_string}"},"query-input":{"@type":"PropertyValueSpecification","valueRequired":true,"valueName":"search_term_string"}}],"inLanguage":"pl-PL"},{"@type":"Organization","@id":"https:\/\/iguanasmoke.com\/#organization","name":"Iguana Smoke","url":"https:\/\/iguanasmoke.com\/","logo":{"@type":"ImageObject","inLanguage":"pl-PL","@id":"https:\/\/iguanasmoke.com\/#\/schema\/logo\/image\/","url":"https:\/\/iguanasmoke.com\/wp-content\/uploads\/2025\/01\/logoiguana-favi-1.png","contentUrl":"https:\/\/iguanasmoke.com\/wp-content\/uploads\/2025\/01\/logoiguana-favi-1.png","width":512,"height":512,"caption":"Iguana Smoke"},"image":{"@id":"https:\/\/iguanasmoke.com\/#\/schema\/logo\/image\/"},"sameAs":["https:\/\/www.facebook.com\/iguanasmoke","https:\/\/www.instagram.com\/iguanasmoke\/"]}]},"product_brand":"simple","product_price_amount":"25.00","product_price_currency":"EUR","og_availability":"instock","product_availability":"instock","product_condition":"new"},"_links":{"self":[{"href":"https:\/\/iguanasmoke.com\/pl\/wp-json\/wp\/v2\/product\/26724","targetHints":{"allow":["GET"]}}],"collection":[{"href":"https:\/\/iguanasmoke.com\/pl\/wp-json\/wp\/v2\/product"}],"about":[{"href":"https:\/\/iguanasmoke.com\/pl\/wp-json\/wp\/v2\/types\/product"}],"replies":[{"embeddable":true,"href":"https:\/\/iguanasmoke.com\/pl\/wp-json\/wp\/v2\/comments?post=26724"}],"wp:featuredmedia":[{"embeddable":true,"href":"https:\/\/iguanasmoke.com\/pl\/wp-json\/wp\/v2\/media\/26727"}],"wp:attachment":[{"href":"https:\/\/iguanasmoke.com\/pl\/wp-json\/wp\/v2\/media?parent=26724"}],"wp:term":[{"taxonomy":"product_brand","embeddable":true,"href":"https:\/\/iguanasmoke.com\/pl\/wp-json\/wp\/v2\/product_brand?post=26724"},{"taxonomy":"product_cat","embeddable":true,"href":"https:\/\/iguanasmoke.com\/pl\/wp-json\/wp\/v2\/product_cat?post=26724"},{"taxonomy":"product_tag","embeddable":true,"href":"https:\/\/iguanasmoke.com\/pl\/wp-json\/wp\/v2\/product_tag?post=26724"}],"curies":[{"name":"wp","href":"https:\/\/api.w.org\/{rel}","templated":true}]}}