{"id":26728,"date":"2023-12-22T16:26:23","date_gmt":"2023-12-22T15:26:23","guid":{"rendered":"https:\/\/iguanasmoke.com\/?post_type=product&#038;p=26728"},"modified":"2026-01-07T10:30:08","modified_gmt":"2026-01-07T09:30:08","slug":"czarna-czapka-zimowa-z-logo-iguana","status":"publish","type":"product","link":"https:\/\/iguanasmoke.com\/pl\/producto\/gorro-invierno-negro-iguana-logo\/","title":{"rendered":"Czapka zimowa Black Iguana Logo"},"content":{"rendered":"<h3>Czapka zimowa Black Iguana Logo<\/h3>\n<p>Staw czo\u0142a zimie w stylu i cieple dzi\u0119ki czapce zimowej Iguana Smoke Black. To niezb\u0119dne akcesorium \u0142\u0105czy w sobie niezr\u00f3wnany komfort z charakterystycznym modnym logo Iguana Smoke, zapewniaj\u0105c idealn\u0105 r\u00f3wnowag\u0119 mi\u0119dzy funkcjonalno\u015bci\u0105 a stylem.<\/p>\n<p>Najwa\u017cniejsze cechy:<\/p>\n<ul>\n<li><strong>Ciep\u0142o w dobrym stylu:<\/strong> Czarna czapka zimowa nie tylko zapewnia ciep\u0142o w ch\u0142odniejszych porach roku, ale tak\u017ce dodaje odrobin\u0119 elegancji do zimowego stroju. Dzi\u0119ki logo Iguana Smoke poka\u017cesz swoj\u0105 wierno\u015b\u0107 kulturze vape nawet w ch\u0142odniejsze dni.<\/li>\n<li><strong>Trwa\u0142a konstrukcja:<\/strong> Wykonana z wysokiej jako\u015bci materia\u0142\u00f3w czapka zosta\u0142a zaprojektowana tak, aby wytrzyma\u0107 zimno i przetrwa\u0107 sezon po sezonie. Dba\u0142o\u015b\u0107 o szczeg\u00f3\u0142y i kunszt wykonania zapewniaj\u0105 produkt, kt\u00f3ry jest nie tylko funkcjonalny, ale tak\u017ce estetyczny.<\/li>\n<li><strong>Ekskluzywna marka:<\/strong> No\u015b ze sob\u0105 zaufan\u0105 mark\u0119 Iguana Smoke dzi\u0119ki logo wyhaftowanemu na czapce. Wyr\u00f3\u017cnij si\u0119 z t\u0142umu dzi\u0119ki akcesorium, kt\u00f3re jest nie tylko praktyczne, ale tak\u017ce reprezentuje tw\u00f3j zwi\u0105zek ze spo\u0142eczno\u015bci\u0105 vape.<\/li>\n<\/ul>\n<p>Staw czo\u0142a zimie z czapk\u0105 Iguana Smoke Black Winter Beanie i stw\u00f3rz styl, kt\u00f3ry wykracza poza pogod\u0119 - dodaj t\u0119 czapk\u0119 do swojej kolekcji i staw czo\u0142a zimnu z autentyczno\u015bci\u0105 i elegancj\u0105!<\/p>","protected":false},"excerpt":{"rendered":"<ul>\n<li>Jeden rozmiar dla wszystkich<\/li>\n<\/ul>","protected":false},"featured_media":26729,"comment_status":"open","ping_status":"closed","template":"","meta":{"_acf_changed":false,"site-sidebar-layout":"default","site-content-layout":"","ast-site-content-layout":"default","site-content-style":"default","site-sidebar-style":"default","ast-global-header-display":"","ast-banner-title-visibility":"","ast-main-header-display":"","ast-hfb-above-header-display":"","ast-hfb-below-header-display":"","ast-hfb-mobile-header-display":"","site-post-title":"","ast-breadcrumbs-content":"","ast-featured-img":"","footer-sml-layout":"","theme-transparent-header-meta":"default","adv-header-id-meta":"","stick-header-meta":"","header-above-stick-meta":"","header-main-stick-meta":"","header-below-stick-meta":"","astra-migrate-meta-layouts":"set","ast-page-background-enabled":"default","ast-page-background-meta":{"desktop":{"background-color":"var(--ast-global-color-4)","background-image":"","background-repeat":"repeat","background-position":"center center","background-size":"auto","background-attachment":"scroll","background-type":"","background-media":"","overlay-type":"","overlay-color":"","overlay-opacity":"","overlay-gradient":""},"tablet":{"background-color":"","background-image":"","background-repeat":"repeat","background-position":"center center","background-size":"auto","background-attachment":"scroll","background-type":"","background-media":"","overlay-type":"","overlay-color":"","overlay-opacity":"","overlay-gradient":""},"mobile":{"background-color":"","background-image":"","background-repeat":"repeat","background-position":"center center","background-size":"auto","background-attachment":"scroll","background-type":"","background-media":"","overlay-type":"","overlay-color":"","overlay-opacity":"","overlay-gradient":""}},"ast-content-background-meta":{"desktop":{"background-color":"var(--ast-global-color-5)","background-image":"","background-repeat":"repeat","background-position":"center center","background-size":"auto","background-attachment":"scroll","background-type":"","background-media":"","overlay-type":"","overlay-color":"","overlay-opacity":"","overlay-gradient":""},"tablet":{"background-color":"var(--ast-global-color-5)","background-image":"","background-repeat":"repeat","background-position":"center center","background-size":"auto","background-attachment":"scroll","background-type":"","background-media":"","overlay-type":"","overlay-color":"","overlay-opacity":"","overlay-gradient":""},"mobile":{"background-color":"var(--ast-global-color-5)","background-image":"","background-repeat":"repeat","background-position":"center center","background-size":"auto","background-attachment":"scroll","background-type":"","background-media":"","overlay-type":"","overlay-color":"","overlay-opacity":"","overlay-gradient":""}}},"product_brand":[],"product_cat":[444,436],"product_tag":[],"class_list":{"0":"post-26728","1":"product","2":"type-product","3":"status-publish","4":"has-post-thumbnail","6":"product_cat-gorras","7":"product_cat-merchandise-de-iguana-smoke","8":"desktop-align-center","9":"tablet-align-center","10":"mobile-align-center","12":"first","13":"instock","14":"sold-individually","15":"taxable","16":"shipping-taxable","17":"purchasable","18":"product-type-simple"},"acf":[],"yoast_head":"<!-- This site is optimized with the Yoast SEO Premium plugin v27.3 (Yoast SEO v27.3) - https:\/\/yoast.com\/product\/yoast-seo-premium-wordpress\/ -->\n<title>Gorro Invierno Negro Iguana Logo | Iguana Smoke<\/title>\n<meta name=\"description\" content=\"Compra el Gorro Invierno Negro Iguana al mejor precio y con una calidad inigualable en Iguana Smoke. Env\u00edo gratuito en Espa\u00f1a y Portugal a partir de 40\u20ac.\" \/>\n<meta name=\"robots\" content=\"index, follow, max-snippet:-1, max-image-preview:large, max-video-preview:-1\" \/>\n<link rel=\"canonical\" href=\"https:\/\/iguanasmoke.com\/pl\/product-2\/czarna-czapka-zimowa-z-logo-iguana\/\" \/>\n<meta property=\"og:locale\" content=\"pl_PL\" \/>\n<meta property=\"og:type\" content=\"article\" \/>\n<meta property=\"og:title\" content=\"Gorro Invierno Negro Iguana Logo\" \/>\n<meta property=\"og:description\" content=\"Talle unico\" \/>\n<meta property=\"og:url\" content=\"https:\/\/iguanasmoke.com\/pl\/product-2\/czarna-czapka-zimowa-z-logo-iguana\/\" \/>\n<meta property=\"og:site_name\" content=\"Iguana Smoke\" \/>\n<meta property=\"article:publisher\" content=\"https:\/\/www.facebook.com\/iguanasmoke\" \/>\n<meta property=\"article:modified_time\" content=\"2026-01-07T09:30:08+00:00\" \/>\n<meta property=\"og:image\" content=\"https:\/\/iguanasmoke.com\/wp-content\/uploads\/2023\/12\/Gorro-invierno-iguana-smoke-webp.webp\" \/>\n\t<meta property=\"og:image:width\" content=\"500\" \/>\n\t<meta property=\"og:image:height\" content=\"500\" \/>\n\t<meta property=\"og:image:type\" content=\"image\/webp\" \/>\n<meta name=\"twitter:card\" content=\"summary_large_image\" \/>\n<meta name=\"twitter:label1\" content=\"Cena\" \/>\n\t<meta name=\"twitter:data1\" content=\"25,00&nbsp;&euro;\" \/>\n\t<meta name=\"twitter:label2\" content=\"Dost\u0119pno\u015b\u0107\" \/>\n\t<meta name=\"twitter:data2\" content=\"Dost\u0119pny\" \/>\n<meta property=\"product:brand\" content=\"simple\" \/>\n<meta property=\"product:price:amount\" content=\"25.00\" \/>\n<meta property=\"product:price:currency\" content=\"EUR\" \/>\n<meta property=\"og:availability\" content=\"instock\" \/>\n<meta property=\"product:availability\" content=\"instock\" \/>\n<meta property=\"product:condition\" content=\"new\" \/>\n<!-- \/ Yoast SEO Premium plugin. -->","yoast_head_json":{"title":"Czapka zimowa Black Iguana Logo | Iguana Smoke","description":"Kup zimow\u0105 czapk\u0119 Iguana Black w najlepszej cenie i bezkonkurencyjnej jako\u015bci w Iguana Smoke. Darmowa wysy\u0142ka w Hiszpanii i Portugalii od 40\u20ac.","robots":{"index":"index","follow":"follow","max-snippet":"max-snippet:-1","max-image-preview":"max-image-preview:large","max-video-preview":"max-video-preview:-1"},"canonical":"https:\/\/iguanasmoke.com\/pl\/product-2\/czarna-czapka-zimowa-z-logo-iguana\/","og_locale":"pl_PL","og_type":"article","og_title":"Gorro Invierno Negro Iguana Logo","og_description":"Talle unico","og_url":"https:\/\/iguanasmoke.com\/pl\/product-2\/czarna-czapka-zimowa-z-logo-iguana\/","og_site_name":"Iguana Smoke","article_publisher":"https:\/\/www.facebook.com\/iguanasmoke","article_modified_time":"2026-01-07T09:30:08+00:00","og_image":[{"width":500,"height":500,"url":"https:\/\/iguanasmoke.com\/wp-content\/uploads\/2023\/12\/Gorro-invierno-iguana-smoke-webp.webp","type":"image\/webp"}],"twitter_card":"summary_large_image","twitter_misc":{"Cena":"25,00&nbsp;&euro;","Dost\u0119pno\u015b\u0107":"Dost\u0119pny"},"schema":{"@context":"https:\/\/schema.org","@graph":[{"@type":"WebPage","@id":"https:\/\/iguanasmoke.com\/producto\/gorro-invierno-negro-iguana-logo\/","url":"https:\/\/iguanasmoke.com\/producto\/gorro-invierno-negro-iguana-logo\/","name":"Czapka zimowa Black Iguana Logo | Iguana Smoke","isPartOf":{"@id":"https:\/\/iguanasmoke.com\/#website"},"primaryImageOfPage":{"@id":"https:\/\/iguanasmoke.com\/producto\/gorro-invierno-negro-iguana-logo\/#primaryimage"},"image":{"@id":"https:\/\/iguanasmoke.com\/producto\/gorro-invierno-negro-iguana-logo\/#primaryimage"},"thumbnailUrl":"https:\/\/iguanasmoke.com\/wp-content\/uploads\/2023\/12\/Gorro-invierno-iguana-smoke-webp.webp","datePublished":"2023-12-22T15:26:23+00:00","dateModified":"2026-01-07T09:30:08+00:00","description":"Kup zimow\u0105 czapk\u0119 Iguana Black w najlepszej cenie i bezkonkurencyjnej jako\u015bci w Iguana Smoke. Darmowa wysy\u0142ka w Hiszpanii i Portugalii od 40\u20ac.","breadcrumb":{"@id":"https:\/\/iguanasmoke.com\/producto\/gorro-invierno-negro-iguana-logo\/#breadcrumb"},"inLanguage":"pl-PL","potentialAction":[{"@type":"ReadAction","target":["https:\/\/iguanasmoke.com\/producto\/gorro-invierno-negro-iguana-logo\/"]}]},{"@type":"ImageObject","inLanguage":"pl-PL","@id":"https:\/\/iguanasmoke.com\/producto\/gorro-invierno-negro-iguana-logo\/#primaryimage","url":"https:\/\/iguanasmoke.com\/wp-content\/uploads\/2023\/12\/Gorro-invierno-iguana-smoke-webp.webp","contentUrl":"https:\/\/iguanasmoke.com\/wp-content\/uploads\/2023\/12\/Gorro-invierno-iguana-smoke-webp.webp","width":500,"height":500,"caption":"Gorro invierno iguana Smoke"},{"@type":"BreadcrumbList","@id":"https:\/\/iguanasmoke.com\/producto\/gorro-invierno-negro-iguana-logo\/#breadcrumb","itemListElement":[{"@type":"ListItem","position":1,"name":"home","item":"https:\/\/iguanasmoke.com\/"},{"@type":"ListItem","position":2,"name":"Tienda","item":"https:\/\/iguanasmoke.com\/tienda\/"},{"@type":"ListItem","position":3,"name":"Ropa y Accesorios","item":"https:\/\/iguanasmoke.com\/categoria\/ropa-y-accesorios\/"},{"@type":"ListItem","position":4,"name":"Gorras","item":"https:\/\/iguanasmoke.com\/categoria\/ropa-y-accesorios\/gorras\/"},{"@type":"ListItem","position":5,"name":"Gorro Invierno Negro Iguana Logo"}]},{"@type":"WebSite","@id":"https:\/\/iguanasmoke.com\/#website","url":"https:\/\/iguanasmoke.com\/","name":"Iguana Smoke","description":"Kup CBD online w najlepszej cenie","publisher":{"@id":"https:\/\/iguanasmoke.com\/#organization"},"potentialAction":[{"@type":"SearchAction","target":{"@type":"EntryPoint","urlTemplate":"https:\/\/iguanasmoke.com\/?s={search_term_string}"},"query-input":{"@type":"PropertyValueSpecification","valueRequired":true,"valueName":"search_term_string"}}],"inLanguage":"pl-PL"},{"@type":"Organization","@id":"https:\/\/iguanasmoke.com\/#organization","name":"Iguana Smoke","url":"https:\/\/iguanasmoke.com\/","logo":{"@type":"ImageObject","inLanguage":"pl-PL","@id":"https:\/\/iguanasmoke.com\/#\/schema\/logo\/image\/","url":"https:\/\/iguanasmoke.com\/wp-content\/uploads\/2025\/01\/logoiguana-favi-1.png","contentUrl":"https:\/\/iguanasmoke.com\/wp-content\/uploads\/2025\/01\/logoiguana-favi-1.png","width":512,"height":512,"caption":"Iguana Smoke"},"image":{"@id":"https:\/\/iguanasmoke.com\/#\/schema\/logo\/image\/"},"sameAs":["https:\/\/www.facebook.com\/iguanasmoke","https:\/\/www.instagram.com\/iguanasmoke\/"]}]},"product_brand":"simple","product_price_amount":"25.00","product_price_currency":"EUR","og_availability":"instock","product_availability":"instock","product_condition":"new"},"_links":{"self":[{"href":"https:\/\/iguanasmoke.com\/pl\/wp-json\/wp\/v2\/product\/26728","targetHints":{"allow":["GET"]}}],"collection":[{"href":"https:\/\/iguanasmoke.com\/pl\/wp-json\/wp\/v2\/product"}],"about":[{"href":"https:\/\/iguanasmoke.com\/pl\/wp-json\/wp\/v2\/types\/product"}],"replies":[{"embeddable":true,"href":"https:\/\/iguanasmoke.com\/pl\/wp-json\/wp\/v2\/comments?post=26728"}],"wp:featuredmedia":[{"embeddable":true,"href":"https:\/\/iguanasmoke.com\/pl\/wp-json\/wp\/v2\/media\/26729"}],"wp:attachment":[{"href":"https:\/\/iguanasmoke.com\/pl\/wp-json\/wp\/v2\/media?parent=26728"}],"wp:term":[{"taxonomy":"product_brand","embeddable":true,"href":"https:\/\/iguanasmoke.com\/pl\/wp-json\/wp\/v2\/product_brand?post=26728"},{"taxonomy":"product_cat","embeddable":true,"href":"https:\/\/iguanasmoke.com\/pl\/wp-json\/wp\/v2\/product_cat?post=26728"},{"taxonomy":"product_tag","embeddable":true,"href":"https:\/\/iguanasmoke.com\/pl\/wp-json\/wp\/v2\/product_tag?post=26728"}],"curies":[{"name":"wp","href":"https:\/\/api.w.org\/{rel}","templated":true}]}}