{"id":27035,"date":"2023-12-26T15:26:13","date_gmt":"2023-12-26T14:26:13","guid":{"rendered":"https:\/\/iguanasmoke.com\/?post_type=product&#038;p=27035"},"modified":"2025-01-10T08:19:02","modified_gmt":"2025-01-10T07:19:02","slug":"rinonera-iguana-japonia","status":"publish","type":"product","link":"https:\/\/iguanasmoke.com\/pl\/producto\/rinonera-iguana-japan\/","title":{"rendered":"Torba na rami\u0119 Iguana Japan"},"content":{"rendered":"<h3>Torba na rami\u0119 Iguana Japan<\/h3>\n<p>Odkryj idealne po\u0142\u0105czenie stylu, funkcjonalno\u015bci i autentyczno\u015bci z nerk\u0105 Iguana Japan. Ta wyj\u0105tkowa nerka nie tylko nosi nazw\u0119 sklepu w japo\u0144skich znakach, ale tak\u017ce oferuje awangardowy design z dwukierunkowym zamkiem b\u0142yskawicznym u g\u00f3ry, wewn\u0119trznymi lamowanymi szwami i praktyczn\u0105 kieszeni\u0105 wewn\u0119trzn\u0105.<\/p>\n<p>Najwa\u017cniejsze cechy:<\/p>\n<ul>\n<li><strong>Styl z japo\u0144sk\u0105 to\u017csamo\u015bci\u0105:<\/strong> Nerka posiada charakterystyczn\u0105 nazw\u0119 Iguana Smoke napisan\u0105 po japo\u0144sku, dodaj\u0105c autentycznego i orientalnego stylu do Twojego stroju. Akcesorium, kt\u00f3re wykracza poza mod\u0119, reprezentuj\u0105c unikalne po\u0142\u0105czenie z kultur\u0105 wapowania.<\/li>\n<li><strong>Dwukierunkowy zamek b\u0142yskawiczny z g\u00f3rnym suwakiem<\/strong> Uzyskaj \u0142atwy dost\u0119p do swoich rzeczy dzi\u0119ki dwukierunkowemu, g\u00f3rnemu zamkowi b\u0142yskawicznemu, kt\u00f3ry zapewnia wszechstronno\u015b\u0107 i wygod\u0119. Bezpiecznie przechowuj niezb\u0119dne przedmioty w podr\u00f3\u017cy.<\/li>\n<li><strong>Trwa\u0142a i Funkcjonalna Konstrukcja<\/strong> Wyko\u0144czone szwy wewn\u0119trzne zwi\u0119kszaj\u0105 wytrzyma\u0142o\u015b\u0107, zapewniaj\u0105c, \u017ce ta saszetka biodrowa jest nie tylko estetyczna, ale tak\u017ce trwa\u0142a. Ponadto wewn\u0119trzna kiesze\u0144 zapewnia dodatkowe miejsce do organizacji Twoich rzeczy.<\/li>\n<\/ul>\n<p>Podnie\u015b sw\u00f3j styl i komfort dzi\u0119ki nerkowej torbie Iguana Smoke po japo\u0144sku. Zdob\u0105d\u017a swoj\u0105 ju\u017c teraz i zabierz ze sob\u0105 wyj\u0105tkow\u0105 esencj\u0119 Iguana Smoke na ka\u017cd\u0105 przygod\u0119!<\/p>","protected":false},"excerpt":{"rendered":"<ul>\n<li>Wymiary: 16 cm x 33 cm x 7 cm<\/li>\n<li>Materia\u0142: 100% Poliester<\/li>\n<\/ul>","protected":false},"featured_media":27038,"comment_status":"open","ping_status":"closed","template":"","meta":{"_acf_changed":false,"site-sidebar-layout":"default","site-content-layout":"","ast-site-content-layout":"default","site-content-style":"default","site-sidebar-style":"default","ast-global-header-display":"","ast-banner-title-visibility":"","ast-main-header-display":"","ast-hfb-above-header-display":"","ast-hfb-below-header-display":"","ast-hfb-mobile-header-display":"","site-post-title":"","ast-breadcrumbs-content":"","ast-featured-img":"","footer-sml-layout":"","theme-transparent-header-meta":"default","adv-header-id-meta":"","stick-header-meta":"","header-above-stick-meta":"","header-main-stick-meta":"","header-below-stick-meta":"","astra-migrate-meta-layouts":"set","ast-page-background-enabled":"default","ast-page-background-meta":{"desktop":{"background-color":"var(--ast-global-color-4)","background-image":"","background-repeat":"repeat","background-position":"center center","background-size":"auto","background-attachment":"scroll","background-type":"","background-media":"","overlay-type":"","overlay-color":"","overlay-opacity":"","overlay-gradient":""},"tablet":{"background-color":"","background-image":"","background-repeat":"repeat","background-position":"center center","background-size":"auto","background-attachment":"scroll","background-type":"","background-media":"","overlay-type":"","overlay-color":"","overlay-opacity":"","overlay-gradient":""},"mobile":{"background-color":"","background-image":"","background-repeat":"repeat","background-position":"center center","background-size":"auto","background-attachment":"scroll","background-type":"","background-media":"","overlay-type":"","overlay-color":"","overlay-opacity":"","overlay-gradient":""}},"ast-content-background-meta":{"desktop":{"background-color":"var(--ast-global-color-5)","background-image":"","background-repeat":"repeat","background-position":"center center","background-size":"auto","background-attachment":"scroll","background-type":"","background-media":"","overlay-type":"","overlay-color":"","overlay-opacity":"","overlay-gradient":""},"tablet":{"background-color":"var(--ast-global-color-5)","background-image":"","background-repeat":"repeat","background-position":"center center","background-size":"auto","background-attachment":"scroll","background-type":"","background-media":"","overlay-type":"","overlay-color":"","overlay-opacity":"","overlay-gradient":""},"mobile":{"background-color":"var(--ast-global-color-5)","background-image":"","background-repeat":"repeat","background-position":"center center","background-size":"auto","background-attachment":"scroll","background-type":"","background-media":"","overlay-type":"","overlay-color":"","overlay-opacity":"","overlay-gradient":""}}},"product_brand":[],"product_cat":[436,443],"product_tag":[],"class_list":{"0":"post-27035","1":"product","2":"type-product","3":"status-publish","4":"has-post-thumbnail","6":"product_cat-merchandise-de-iguana-smoke","7":"product_cat-rinoneras","8":"desktop-align-center","9":"tablet-align-center","10":"mobile-align-center","12":"first","13":"outofstock","14":"taxable","15":"shipping-taxable","16":"purchasable","17":"product-type-simple"},"acf":[],"yoast_head":"<!-- This site is optimized with the Yoast SEO Premium plugin v27.3 (Yoast SEO v27.3) - https:\/\/yoast.com\/product\/yoast-seo-premium-wordpress\/ -->\n<title>Ri\u00f1onera Iguana Japan | Iguana Smoke<\/title>\n<meta name=\"description\" content=\"Compra la Ri\u00f1onera Iguana Japan al mejor precio y con una calidad inigualable en Iguana Smoke. Env\u00edo gratuito en Espa\u00f1a y Portugal a partir de 35\u20ac.\" \/>\n<meta name=\"robots\" content=\"index, follow, max-snippet:-1, max-image-preview:large, max-video-preview:-1\" \/>\n<link rel=\"canonical\" href=\"https:\/\/iguanasmoke.com\/pl\/product-2\/rinonera-iguana-japonia\/\" \/>\n<meta property=\"og:locale\" content=\"pl_PL\" \/>\n<meta property=\"og:type\" content=\"article\" \/>\n<meta property=\"og:title\" content=\"Ri\u00f1onera Iguana Japan\" \/>\n<meta property=\"og:description\" content=\"Medidas: 16cm x 33cm x 7cm  Material: 100% Poliester\" \/>\n<meta property=\"og:url\" content=\"https:\/\/iguanasmoke.com\/pl\/product-2\/rinonera-iguana-japonia\/\" \/>\n<meta property=\"og:site_name\" content=\"Iguana Smoke\" \/>\n<meta property=\"article:publisher\" content=\"https:\/\/www.facebook.com\/iguanasmoke\" \/>\n<meta property=\"article:modified_time\" content=\"2025-01-10T07:19:02+00:00\" \/>\n<meta property=\"og:image\" content=\"https:\/\/i0.wp.com\/iguanasmoke.com\/wp-content\/uploads\/2023\/12\/Iguana-Rinonera-Japan-webp.webp?fit=500%2C500&ssl=1\" \/>\n\t<meta property=\"og:image:width\" content=\"500\" \/>\n\t<meta property=\"og:image:height\" content=\"500\" \/>\n\t<meta property=\"og:image:type\" content=\"image\/webp\" \/>\n<meta name=\"twitter:card\" content=\"summary_large_image\" \/>\n<meta name=\"twitter:label1\" content=\"Cena\" \/>\n\t<meta name=\"twitter:data1\" content=\"35,00&nbsp;&euro;\" \/>\n\t<meta name=\"twitter:label2\" content=\"Dost\u0119pno\u015b\u0107\" \/>\n\t<meta name=\"twitter:data2\" content=\"Brak w magazynie\" \/>\n<meta property=\"product:brand\" content=\"simple\" \/>\n<meta property=\"product:price:amount\" content=\"35.00\" \/>\n<meta property=\"product:price:currency\" content=\"EUR\" \/>\n<meta property=\"og:availability\" content=\"out of stock\" \/>\n<meta property=\"product:availability\" content=\"out of stock\" \/>\n<meta property=\"product:condition\" content=\"new\" \/>\n<!-- \/ Yoast SEO Premium plugin. -->","yoast_head_json":{"title":"Saszetka nerka Iguana Japan | Iguana Smoke","description":"Kup nerk\u0119 Iguana Japan w najlepszej cenie i o niezr\u00f3wnanej jako\u015bci w Iguana Smoke. Darmowa wysy\u0142ka na terenie Hiszpanii i Portugalii od 35\u20ac.","robots":{"index":"index","follow":"follow","max-snippet":"max-snippet:-1","max-image-preview":"max-image-preview:large","max-video-preview":"max-video-preview:-1"},"canonical":"https:\/\/iguanasmoke.com\/pl\/product-2\/rinonera-iguana-japonia\/","og_locale":"pl_PL","og_type":"article","og_title":"Ri\u00f1onera Iguana Japan","og_description":"Medidas: 16cm x 33cm x 7cm  Material: 100% Poliester","og_url":"https:\/\/iguanasmoke.com\/pl\/product-2\/rinonera-iguana-japonia\/","og_site_name":"Iguana Smoke","article_publisher":"https:\/\/www.facebook.com\/iguanasmoke","article_modified_time":"2025-01-10T07:19:02+00:00","og_image":[{"width":500,"height":500,"url":"https:\/\/i0.wp.com\/iguanasmoke.com\/wp-content\/uploads\/2023\/12\/Iguana-Rinonera-Japan-webp.webp?fit=500%2C500&ssl=1","type":"image\/webp"}],"twitter_card":"summary_large_image","twitter_misc":{"Cena":"35,00&nbsp;&euro;","Dost\u0119pno\u015b\u0107":"Brak w magazynie"},"schema":{"@context":"https:\/\/schema.org","@graph":[{"@type":"WebPage","@id":"https:\/\/iguanasmoke.com\/producto\/rinonera-iguana-japan\/","url":"https:\/\/iguanasmoke.com\/producto\/rinonera-iguana-japan\/","name":"Saszetka nerka Iguana Japan | Iguana Smoke","isPartOf":{"@id":"https:\/\/iguanasmoke.com\/#website"},"primaryImageOfPage":{"@id":"https:\/\/iguanasmoke.com\/producto\/rinonera-iguana-japan\/#primaryimage"},"image":{"@id":"https:\/\/iguanasmoke.com\/producto\/rinonera-iguana-japan\/#primaryimage"},"thumbnailUrl":"https:\/\/iguanasmoke.com\/wp-content\/uploads\/2023\/12\/Iguana-Rinonera-Japan-webp.webp","datePublished":"2023-12-26T14:26:13+00:00","dateModified":"2025-01-10T07:19:02+00:00","description":"Kup nerk\u0119 Iguana Japan w najlepszej cenie i o niezr\u00f3wnanej jako\u015bci w Iguana Smoke. Darmowa wysy\u0142ka na terenie Hiszpanii i Portugalii od 35\u20ac.","breadcrumb":{"@id":"https:\/\/iguanasmoke.com\/producto\/rinonera-iguana-japan\/#breadcrumb"},"inLanguage":"pl-PL","potentialAction":[{"@type":"ReadAction","target":["https:\/\/iguanasmoke.com\/producto\/rinonera-iguana-japan\/"]}]},{"@type":"ImageObject","inLanguage":"pl-PL","@id":"https:\/\/iguanasmoke.com\/producto\/rinonera-iguana-japan\/#primaryimage","url":"https:\/\/iguanasmoke.com\/wp-content\/uploads\/2023\/12\/Iguana-Rinonera-Japan-webp.webp","contentUrl":"https:\/\/iguanasmoke.com\/wp-content\/uploads\/2023\/12\/Iguana-Rinonera-Japan-webp.webp","width":500,"height":500,"caption":"ri\u00f1onera iguana japon"},{"@type":"BreadcrumbList","@id":"https:\/\/iguanasmoke.com\/producto\/rinonera-iguana-japan\/#breadcrumb","itemListElement":[{"@type":"ListItem","position":1,"name":"home","item":"https:\/\/iguanasmoke.com\/"},{"@type":"ListItem","position":2,"name":"Tienda","item":"https:\/\/iguanasmoke.com\/tienda\/"},{"@type":"ListItem","position":3,"name":"Merch","item":"https:\/\/iguanasmoke.com\/categoria\/merchandise-de-iguana-smoke\/"},{"@type":"ListItem","position":4,"name":"Ri\u00f1onera Iguana Japan"}]},{"@type":"WebSite","@id":"https:\/\/iguanasmoke.com\/#website","url":"https:\/\/iguanasmoke.com\/","name":"Iguana Smoke","description":"Kup CBD online w najlepszej cenie","publisher":{"@id":"https:\/\/iguanasmoke.com\/#organization"},"potentialAction":[{"@type":"SearchAction","target":{"@type":"EntryPoint","urlTemplate":"https:\/\/iguanasmoke.com\/?s={search_term_string}"},"query-input":{"@type":"PropertyValueSpecification","valueRequired":true,"valueName":"search_term_string"}}],"inLanguage":"pl-PL"},{"@type":"Organization","@id":"https:\/\/iguanasmoke.com\/#organization","name":"Iguana Smoke","url":"https:\/\/iguanasmoke.com\/","logo":{"@type":"ImageObject","inLanguage":"pl-PL","@id":"https:\/\/iguanasmoke.com\/#\/schema\/logo\/image\/","url":"https:\/\/iguanasmoke.com\/wp-content\/uploads\/2025\/01\/logoiguana-favi-1.png","contentUrl":"https:\/\/iguanasmoke.com\/wp-content\/uploads\/2025\/01\/logoiguana-favi-1.png","width":512,"height":512,"caption":"Iguana Smoke"},"image":{"@id":"https:\/\/iguanasmoke.com\/#\/schema\/logo\/image\/"},"sameAs":["https:\/\/www.facebook.com\/iguanasmoke","https:\/\/www.instagram.com\/iguanasmoke\/"]}]},"product_brand":"simple","product_price_amount":"35.00","product_price_currency":"EUR","og_availability":"out of stock","product_availability":"out of stock","product_condition":"new"},"_links":{"self":[{"href":"https:\/\/iguanasmoke.com\/pl\/wp-json\/wp\/v2\/product\/27035","targetHints":{"allow":["GET"]}}],"collection":[{"href":"https:\/\/iguanasmoke.com\/pl\/wp-json\/wp\/v2\/product"}],"about":[{"href":"https:\/\/iguanasmoke.com\/pl\/wp-json\/wp\/v2\/types\/product"}],"replies":[{"embeddable":true,"href":"https:\/\/iguanasmoke.com\/pl\/wp-json\/wp\/v2\/comments?post=27035"}],"wp:featuredmedia":[{"embeddable":true,"href":"https:\/\/iguanasmoke.com\/pl\/wp-json\/wp\/v2\/media\/27038"}],"wp:attachment":[{"href":"https:\/\/iguanasmoke.com\/pl\/wp-json\/wp\/v2\/media?parent=27035"}],"wp:term":[{"taxonomy":"product_brand","embeddable":true,"href":"https:\/\/iguanasmoke.com\/pl\/wp-json\/wp\/v2\/product_brand?post=27035"},{"taxonomy":"product_cat","embeddable":true,"href":"https:\/\/iguanasmoke.com\/pl\/wp-json\/wp\/v2\/product_cat?post=27035"},{"taxonomy":"product_tag","embeddable":true,"href":"https:\/\/iguanasmoke.com\/pl\/wp-json\/wp\/v2\/product_tag?post=27035"}],"curies":[{"name":"wp","href":"https:\/\/api.w.org\/{rel}","templated":true}]}}