{"id":27039,"date":"2023-12-26T16:19:20","date_gmt":"2023-12-26T15:19:20","guid":{"rendered":"https:\/\/iguanasmoke.com\/?post_type=product&#038;p=27039"},"modified":"2026-01-09T18:12:30","modified_gmt":"2026-01-09T17:12:30","slug":"biala-zimowa-bluza-iguana-japan","status":"publish","type":"product","link":"https:\/\/iguanasmoke.com\/pl\/producto\/sudadera-invierno-blanca-iguana-japan\/","title":{"rendered":"Bluza zimowa White Iguana Japan"},"content":{"rendered":"<h3>Bluza zimowa White Iguana Japan<\/h3>\n<p>Staw czo\u0142a zimie w stylu i cieple dzi\u0119ki bluzie Iguana Smoke White Winter Sweatshirt, ozdobionej charakterystycznym japo\u0144skim wzorem marki. Ta wysokiej jako\u015bci odzie\u017c nie tylko zapewnia ciep\u0142o, ale tak\u017ce zanurza ci\u0119 w kulturze vape z odrobin\u0105 orientalnej autentyczno\u015bci.<\/p>\n<p>Najwa\u017cniejsze cechy:<\/p>\n<ul>\n<li><strong>Ekskluzywny japo\u0144ski design:<\/strong> Japo\u0144ski wz\u00f3r Iguana Smoke nadrukowany na bluzie dodaje jej elegancji i oryginalno\u015bci. W ten spos\u00f3b ka\u017cdy szczeg\u00f3\u0142 odzwierciedla wyj\u0105tkowe po\u0142\u0105czenie marki z bogat\u0105 japo\u0144sk\u0105 tradycj\u0105.<\/li>\n<li><strong>Ciep\u0142o i komfort:<\/strong> Wykonana z wysokiej jako\u015bci materia\u0142\u00f3w bluza jest nie tylko stylowa, ale tak\u017ce ciep\u0142a i wygodna. Idealna do ogrzania si\u0119 w ch\u0142odne dni bez uszczerbku dla stylu.<\/li>\n<li><strong>Wszechstronno\u015b\u0107 stylu:<\/strong> Bia\u0142a bluza jest idealnym p\u0142\u00f3tnem do podkre\u015blenia japo\u0144skiego designu. Mo\u017cna j\u0105 \u0142atwo po\u0142\u0105czy\u0107 z codziennymi ubraniami, aby uzyska\u0107 swobodny wygl\u0105d, lub u\u017cy\u0107 jej jako dodatkowej warstwy, aby uzyska\u0107 bardziej wyrafinowany wygl\u0105d.<\/li>\n<\/ul>\n<p>Odkryj po\u0142\u0105czenie wsp\u00f3\u0142czesnej mody i japo\u0144skiej elegancji z bluz\u0105 zimow\u0105 Iguana Smoke White - zdob\u0105d\u017a j\u0105 ju\u017c teraz i stw\u00f3rz niepowtarzalny styl ka\u017cdego sezonu zimowego!<\/p>","protected":false},"excerpt":{"rendered":"<ul>\n<li>Materia\u0142: 50% Bawe\u0142na 50% Poliester<\/li>\n<li>Druk DTG<\/li>\n<li>Standardowa d\u0142ugo\u015b\u0107<\/li>\n<li>Dost\u0119pne w rozmiarach. S, M, L i XL<\/li>\n<\/ul>","protected":false},"featured_media":27076,"comment_status":"open","ping_status":"closed","template":"","meta":{"_acf_changed":false,"site-sidebar-layout":"default","site-content-layout":"","ast-site-content-layout":"default","site-content-style":"default","site-sidebar-style":"default","ast-global-header-display":"","ast-banner-title-visibility":"","ast-main-header-display":"","ast-hfb-above-header-display":"","ast-hfb-below-header-display":"","ast-hfb-mobile-header-display":"","site-post-title":"","ast-breadcrumbs-content":"","ast-featured-img":"","footer-sml-layout":"","theme-transparent-header-meta":"default","adv-header-id-meta":"","stick-header-meta":"","header-above-stick-meta":"","header-main-stick-meta":"","header-below-stick-meta":"","astra-migrate-meta-layouts":"set","ast-page-background-enabled":"default","ast-page-background-meta":{"desktop":{"background-color":"var(--ast-global-color-4)","background-image":"","background-repeat":"repeat","background-position":"center center","background-size":"auto","background-attachment":"scroll","background-type":"","background-media":"","overlay-type":"","overlay-color":"","overlay-opacity":"","overlay-gradient":""},"tablet":{"background-color":"","background-image":"","background-repeat":"repeat","background-position":"center center","background-size":"auto","background-attachment":"scroll","background-type":"","background-media":"","overlay-type":"","overlay-color":"","overlay-opacity":"","overlay-gradient":""},"mobile":{"background-color":"","background-image":"","background-repeat":"repeat","background-position":"center center","background-size":"auto","background-attachment":"scroll","background-type":"","background-media":"","overlay-type":"","overlay-color":"","overlay-opacity":"","overlay-gradient":""}},"ast-content-background-meta":{"desktop":{"background-color":"var(--ast-global-color-5)","background-image":"","background-repeat":"repeat","background-position":"center center","background-size":"auto","background-attachment":"scroll","background-type":"","background-media":"","overlay-type":"","overlay-color":"","overlay-opacity":"","overlay-gradient":""},"tablet":{"background-color":"var(--ast-global-color-5)","background-image":"","background-repeat":"repeat","background-position":"center center","background-size":"auto","background-attachment":"scroll","background-type":"","background-media":"","overlay-type":"","overlay-color":"","overlay-opacity":"","overlay-gradient":""},"mobile":{"background-color":"var(--ast-global-color-5)","background-image":"","background-repeat":"repeat","background-position":"center center","background-size":"auto","background-attachment":"scroll","background-type":"","background-media":"","overlay-type":"","overlay-color":"","overlay-opacity":"","overlay-gradient":""}}},"product_brand":[],"product_cat":[436,442],"product_tag":[],"class_list":{"0":"post-27039","1":"product","2":"type-product","3":"status-publish","4":"has-post-thumbnail","6":"product_cat-merchandise-de-iguana-smoke","7":"product_cat-sudaderas","8":"desktop-align-center","9":"tablet-align-center","10":"mobile-align-center","12":"first","13":"outofstock","14":"taxable","15":"shipping-taxable","16":"purchasable","17":"product-type-variable"},"acf":[],"yoast_head":"<!-- This site is optimized with the Yoast SEO Premium plugin v27.3 (Yoast SEO v27.3) - https:\/\/yoast.com\/product\/yoast-seo-premium-wordpress\/ -->\n<title>Sudadera Invierno Blanca Iguana Japan | Iguana Smoke<\/title>\n<meta name=\"description\" content=\"Compra la Camiseta Mario Iguana in Japan al mejor precio y con una calidad inigualable en Iguana Smoke. Env\u00edo gratuito en Espa\u00f1a y Portugal a partir de 35\u20ac.\" \/>\n<meta name=\"robots\" content=\"index, follow, max-snippet:-1, max-image-preview:large, max-video-preview:-1\" \/>\n<link rel=\"canonical\" href=\"https:\/\/iguanasmoke.com\/pl\/product-2\/biala-zimowa-bluza-iguana-japan\/\" \/>\n<meta property=\"og:locale\" content=\"pl_PL\" \/>\n<meta property=\"og:type\" content=\"article\" \/>\n<meta property=\"og:title\" content=\"Sudadera Invierno Blanca Iguana Japan\" \/>\n<meta property=\"og:description\" content=\"Material: 50% Algodon 50% Poliester  Impresion DTG  Longitud estandar  Disponible en tama\u00f1o. S, M, L y XL\" \/>\n<meta property=\"og:url\" content=\"https:\/\/iguanasmoke.com\/pl\/product-2\/biala-zimowa-bluza-iguana-japan\/\" \/>\n<meta property=\"og:site_name\" content=\"Iguana Smoke\" \/>\n<meta property=\"article:publisher\" content=\"https:\/\/www.facebook.com\/iguanasmoke\" \/>\n<meta property=\"article:modified_time\" content=\"2026-01-09T17:12:30+00:00\" \/>\n<meta property=\"og:image\" content=\"https:\/\/i0.wp.com\/iguanasmoke.com\/wp-content\/uploads\/2023\/12\/Sudadera-Blanca-Iguana-Japan-Front.webp?fit=500%2C500&ssl=1\" \/>\n\t<meta property=\"og:image:width\" content=\"500\" \/>\n\t<meta property=\"og:image:height\" content=\"500\" \/>\n\t<meta property=\"og:image:type\" content=\"image\/webp\" \/>\n<meta name=\"twitter:card\" content=\"summary_large_image\" \/>\n<meta name=\"twitter:label1\" content=\"Dost\u0119pno\u015b\u0107\" \/>\n\t<meta name=\"twitter:data1\" content=\"Brak w magazynie\" \/>\n<meta property=\"product:brand\" content=\"variable\" \/>\n<meta property=\"og:availability\" content=\"out of stock\" \/>\n<meta property=\"product:availability\" content=\"out of stock\" \/>\n<meta property=\"product:condition\" content=\"new\" \/>\n<!-- \/ Yoast SEO Premium plugin. -->","yoast_head_json":{"title":"Bluza zimowa White Iguana Japan | Iguana Smoke","description":"Kup koszulk\u0119 Mario Iguana in Japan w najlepszej cenie i bezkonkurencyjnej jako\u015bci w Iguana Smoke. Darmowa wysy\u0142ka w Hiszpanii i Portugalii od 35\u20ac.","robots":{"index":"index","follow":"follow","max-snippet":"max-snippet:-1","max-image-preview":"max-image-preview:large","max-video-preview":"max-video-preview:-1"},"canonical":"https:\/\/iguanasmoke.com\/pl\/product-2\/biala-zimowa-bluza-iguana-japan\/","og_locale":"pl_PL","og_type":"article","og_title":"Sudadera Invierno Blanca Iguana Japan","og_description":"Material: 50% Algodon 50% Poliester  Impresion DTG  Longitud estandar  Disponible en tama\u00f1o. S, M, L y XL","og_url":"https:\/\/iguanasmoke.com\/pl\/product-2\/biala-zimowa-bluza-iguana-japan\/","og_site_name":"Iguana Smoke","article_publisher":"https:\/\/www.facebook.com\/iguanasmoke","article_modified_time":"2026-01-09T17:12:30+00:00","og_image":[{"width":500,"height":500,"url":"https:\/\/i0.wp.com\/iguanasmoke.com\/wp-content\/uploads\/2023\/12\/Sudadera-Blanca-Iguana-Japan-Front.webp?fit=500%2C500&ssl=1","type":"image\/webp"}],"twitter_card":"summary_large_image","twitter_misc":{"Dost\u0119pno\u015b\u0107":"Brak w magazynie"},"schema":{"@context":"https:\/\/schema.org","@graph":[{"@type":"WebPage","@id":"https:\/\/iguanasmoke.com\/producto\/sudadera-invierno-blanca-iguana-japan\/","url":"https:\/\/iguanasmoke.com\/producto\/sudadera-invierno-blanca-iguana-japan\/","name":"Bluza zimowa White Iguana Japan | Iguana Smoke","isPartOf":{"@id":"https:\/\/iguanasmoke.com\/#website"},"primaryImageOfPage":{"@id":"https:\/\/iguanasmoke.com\/producto\/sudadera-invierno-blanca-iguana-japan\/#primaryimage"},"image":{"@id":"https:\/\/iguanasmoke.com\/producto\/sudadera-invierno-blanca-iguana-japan\/#primaryimage"},"thumbnailUrl":"https:\/\/iguanasmoke.com\/wp-content\/uploads\/2023\/12\/Sudadera-Blanca-Iguana-Japan-Front.webp","datePublished":"2023-12-26T15:19:20+00:00","dateModified":"2026-01-09T17:12:30+00:00","description":"Kup koszulk\u0119 Mario Iguana in Japan w najlepszej cenie i bezkonkurencyjnej jako\u015bci w Iguana Smoke. Darmowa wysy\u0142ka w Hiszpanii i Portugalii od 35\u20ac.","breadcrumb":{"@id":"https:\/\/iguanasmoke.com\/producto\/sudadera-invierno-blanca-iguana-japan\/#breadcrumb"},"inLanguage":"pl-PL","potentialAction":[{"@type":"ReadAction","target":["https:\/\/iguanasmoke.com\/producto\/sudadera-invierno-blanca-iguana-japan\/"]}]},{"@type":"ImageObject","inLanguage":"pl-PL","@id":"https:\/\/iguanasmoke.com\/producto\/sudadera-invierno-blanca-iguana-japan\/#primaryimage","url":"https:\/\/iguanasmoke.com\/wp-content\/uploads\/2023\/12\/Sudadera-Blanca-Iguana-Japan-Front.webp","contentUrl":"https:\/\/iguanasmoke.com\/wp-content\/uploads\/2023\/12\/Sudadera-Blanca-Iguana-Japan-Front.webp","width":500,"height":500,"caption":"sudadera iguana blanca japon"},{"@type":"BreadcrumbList","@id":"https:\/\/iguanasmoke.com\/producto\/sudadera-invierno-blanca-iguana-japan\/#breadcrumb","itemListElement":[{"@type":"ListItem","position":1,"name":"home","item":"https:\/\/iguanasmoke.com\/"},{"@type":"ListItem","position":2,"name":"Tienda","item":"https:\/\/iguanasmoke.com\/tienda\/"},{"@type":"ListItem","position":3,"name":"Merch","item":"https:\/\/iguanasmoke.com\/categoria\/merchandise-de-iguana-smoke\/"},{"@type":"ListItem","position":4,"name":"Sudadera Invierno Blanca Iguana Japan"}]},{"@type":"WebSite","@id":"https:\/\/iguanasmoke.com\/#website","url":"https:\/\/iguanasmoke.com\/","name":"Iguana Smoke","description":"Kup CBD online w najlepszej cenie","publisher":{"@id":"https:\/\/iguanasmoke.com\/#organization"},"potentialAction":[{"@type":"SearchAction","target":{"@type":"EntryPoint","urlTemplate":"https:\/\/iguanasmoke.com\/?s={search_term_string}"},"query-input":{"@type":"PropertyValueSpecification","valueRequired":true,"valueName":"search_term_string"}}],"inLanguage":"pl-PL"},{"@type":"Organization","@id":"https:\/\/iguanasmoke.com\/#organization","name":"Iguana Smoke","url":"https:\/\/iguanasmoke.com\/","logo":{"@type":"ImageObject","inLanguage":"pl-PL","@id":"https:\/\/iguanasmoke.com\/#\/schema\/logo\/image\/","url":"https:\/\/iguanasmoke.com\/wp-content\/uploads\/2025\/01\/logoiguana-favi-1.png","contentUrl":"https:\/\/iguanasmoke.com\/wp-content\/uploads\/2025\/01\/logoiguana-favi-1.png","width":512,"height":512,"caption":"Iguana Smoke"},"image":{"@id":"https:\/\/iguanasmoke.com\/#\/schema\/logo\/image\/"},"sameAs":["https:\/\/www.facebook.com\/iguanasmoke","https:\/\/www.instagram.com\/iguanasmoke\/"]}]},"product_brand":"variable","og_availability":"out of stock","product_availability":"out of stock","product_condition":"new"},"_links":{"self":[{"href":"https:\/\/iguanasmoke.com\/pl\/wp-json\/wp\/v2\/product\/27039","targetHints":{"allow":["GET"]}}],"collection":[{"href":"https:\/\/iguanasmoke.com\/pl\/wp-json\/wp\/v2\/product"}],"about":[{"href":"https:\/\/iguanasmoke.com\/pl\/wp-json\/wp\/v2\/types\/product"}],"replies":[{"embeddable":true,"href":"https:\/\/iguanasmoke.com\/pl\/wp-json\/wp\/v2\/comments?post=27039"}],"wp:featuredmedia":[{"embeddable":true,"href":"https:\/\/iguanasmoke.com\/pl\/wp-json\/wp\/v2\/media\/27076"}],"wp:attachment":[{"href":"https:\/\/iguanasmoke.com\/pl\/wp-json\/wp\/v2\/media?parent=27039"}],"wp:term":[{"taxonomy":"product_brand","embeddable":true,"href":"https:\/\/iguanasmoke.com\/pl\/wp-json\/wp\/v2\/product_brand?post=27039"},{"taxonomy":"product_cat","embeddable":true,"href":"https:\/\/iguanasmoke.com\/pl\/wp-json\/wp\/v2\/product_cat?post=27039"},{"taxonomy":"product_tag","embeddable":true,"href":"https:\/\/iguanasmoke.com\/pl\/wp-json\/wp\/v2\/product_tag?post=27039"}],"curies":[{"name":"wp","href":"https:\/\/api.w.org\/{rel}","templated":true}]}}