{"id":27091,"date":"2023-12-26T19:09:37","date_gmt":"2023-12-26T18:09:37","guid":{"rendered":"https:\/\/iguanasmoke.com\/?post_type=product&#038;p=27091"},"modified":"2026-02-13T13:39:53","modified_gmt":"2026-02-13T12:39:53","slug":"czarna-bluza-sportowa-iguana-japan","status":"publish","type":"product","link":"https:\/\/iguanasmoke.com\/pl\/producto\/sudadera-sport-negra-iguana-japan\/","title":{"rendered":"Bluza Sportowa Czarna Iguana Japan"},"content":{"rendered":"<h3>Bluza Sportowa Czarna Iguana Japan<\/h3>\n<p>Osi\u0105gnij nowe szczyty stylu i wydajno\u015bci dzi\u0119ki czarnej bluzie sportowej Iguana Japan, dost\u0119pnej wy\u0142\u0105cznie w Iguana Smoke. Ten dynamiczny element garderoby \u0142\u0105czy awangardowy design Iguana Rock z komfortem i funkcjonalno\u015bci\u0105 bluzy sportowej, tworz\u0105c niezb\u0119dny element dla tych, kt\u00f3rzy szukaj\u0105 aktywnego i nowoczesnego stylu.<\/p>\n<p>Najwa\u017cniejsze cechy:<\/p>\n<ul>\n<li><strong>Ekskluzywny japo\u0144ski design:<\/strong> Japo\u0144ski wz\u00f3r Iguana Smoke nadrukowany na bluzie dodaje jej elegancji i oryginalno\u015bci. W ten spos\u00f3b ka\u017cdy szczeg\u00f3\u0142 odzwierciedla wyj\u0105tkowe po\u0142\u0105czenie marki z bogat\u0105 japo\u0144sk\u0105 tradycj\u0105.<\/li>\n<li><strong>Wydajno\u015b\u0107 i komfort:<\/strong> Wykonana z wysokiej jako\u015bci materia\u0142\u00f3w bluza jest nie tylko stylowa, ale i funkcjonalna. Sportowa technologia \u0142\u0105czy si\u0119 z codziennym komfortem, zapewniaj\u0105c wszechstronno\u015b\u0107 potrzebn\u0105 do codziennych aktywno\u015bci lub sesji treningowych.<\/li>\n<li><strong>Wszechstronny styl:<\/strong> Wszechstronno\u015b\u0107 czarnej bluzy sportowej pozwala zabra\u0107 j\u0105 z si\u0142owni na ulic\u0119. Po\u0142\u0105cz j\u0105 z codziennym strojem lub no\u015b jako cz\u0119\u015b\u0107 odzie\u017cy treningowej, aby za ka\u017cdym razem wyr\u00f3\u017cnia\u0107 si\u0119 autentycznym stylem.<\/li>\n<\/ul>\n<p>Odkryj idealne po\u0142\u0105czenie mody i wydajno\u015bci z czarn\u0105 bluz\u0105 Iguana Japan Sport od Iguana Smoke. Wyra\u017a sw\u00f3j aktywny i nowoczesny styl. Zdob\u0105d\u017a swoj\u0105 ju\u017c dzi\u015b i poczuj \u017cywio\u0142ow\u0105 esencj\u0119 Iguana Rock!<\/p>","protected":false},"excerpt":{"rendered":"<ul>\n<li>65% bawe\u0142na, 35% poliester<\/li>\n<li>Druk DTG<\/li>\n<li>Standardowa d\u0142ugo\u015b\u0107<\/li>\n<\/ul>","protected":false},"featured_media":27097,"comment_status":"open","ping_status":"closed","template":"","meta":{"_acf_changed":false,"site-sidebar-layout":"default","site-content-layout":"","ast-site-content-layout":"default","site-content-style":"default","site-sidebar-style":"default","ast-global-header-display":"","ast-banner-title-visibility":"","ast-main-header-display":"","ast-hfb-above-header-display":"","ast-hfb-below-header-display":"","ast-hfb-mobile-header-display":"","site-post-title":"","ast-breadcrumbs-content":"","ast-featured-img":"","footer-sml-layout":"","theme-transparent-header-meta":"default","adv-header-id-meta":"","stick-header-meta":"","header-above-stick-meta":"","header-main-stick-meta":"","header-below-stick-meta":"","astra-migrate-meta-layouts":"set","ast-page-background-enabled":"default","ast-page-background-meta":{"desktop":{"background-color":"var(--ast-global-color-4)","background-image":"","background-repeat":"repeat","background-position":"center center","background-size":"auto","background-attachment":"scroll","background-type":"","background-media":"","overlay-type":"","overlay-color":"","overlay-opacity":"","overlay-gradient":""},"tablet":{"background-color":"","background-image":"","background-repeat":"repeat","background-position":"center center","background-size":"auto","background-attachment":"scroll","background-type":"","background-media":"","overlay-type":"","overlay-color":"","overlay-opacity":"","overlay-gradient":""},"mobile":{"background-color":"","background-image":"","background-repeat":"repeat","background-position":"center center","background-size":"auto","background-attachment":"scroll","background-type":"","background-media":"","overlay-type":"","overlay-color":"","overlay-opacity":"","overlay-gradient":""}},"ast-content-background-meta":{"desktop":{"background-color":"var(--ast-global-color-5)","background-image":"","background-repeat":"repeat","background-position":"center center","background-size":"auto","background-attachment":"scroll","background-type":"","background-media":"","overlay-type":"","overlay-color":"","overlay-opacity":"","overlay-gradient":""},"tablet":{"background-color":"var(--ast-global-color-5)","background-image":"","background-repeat":"repeat","background-position":"center center","background-size":"auto","background-attachment":"scroll","background-type":"","background-media":"","overlay-type":"","overlay-color":"","overlay-opacity":"","overlay-gradient":""},"mobile":{"background-color":"var(--ast-global-color-5)","background-image":"","background-repeat":"repeat","background-position":"center center","background-size":"auto","background-attachment":"scroll","background-type":"","background-media":"","overlay-type":"","overlay-color":"","overlay-opacity":"","overlay-gradient":""}}},"product_brand":[],"product_cat":[436,442],"product_tag":[],"class_list":{"0":"post-27091","1":"product","2":"type-product","3":"status-publish","4":"has-post-thumbnail","6":"product_cat-merchandise-de-iguana-smoke","7":"product_cat-sudaderas","8":"desktop-align-center","9":"tablet-align-center","10":"mobile-align-center","12":"first","13":"instock","14":"taxable","15":"shipping-taxable","16":"purchasable","17":"product-type-variable"},"acf":[],"yoast_head":"<!-- This site is optimized with the Yoast SEO Premium plugin v27.3 (Yoast SEO v27.3) - https:\/\/yoast.com\/product\/yoast-seo-premium-wordpress\/ -->\n<title>Sudadera Sport Negra Iguana Japan | Iguana Smoke<\/title>\n<meta name=\"description\" content=\"Compra la Sudadera Sport Negra Japan al mejor precio y con una calidad inigualable en Iguana Smoke. Env\u00edo gratuito en Espa\u00f1a y Portugal a partir de 35\u20ac.\" \/>\n<meta name=\"robots\" content=\"index, follow, max-snippet:-1, max-image-preview:large, max-video-preview:-1\" \/>\n<link rel=\"canonical\" href=\"https:\/\/iguanasmoke.com\/pl\/product-2\/czarna-bluza-sportowa-iguana-japan\/\" \/>\n<meta property=\"og:locale\" content=\"pl_PL\" \/>\n<meta property=\"og:type\" content=\"article\" \/>\n<meta property=\"og:title\" content=\"Sudadera Sport Negra Iguana Japan\" \/>\n<meta property=\"og:description\" content=\"65% algod\u00f3n, 35% poli\u00e9ster  Impresion DTG  Longitud estandar\" \/>\n<meta property=\"og:url\" content=\"https:\/\/iguanasmoke.com\/pl\/product-2\/czarna-bluza-sportowa-iguana-japan\/\" \/>\n<meta property=\"og:site_name\" content=\"Iguana Smoke\" \/>\n<meta property=\"article:publisher\" content=\"https:\/\/www.facebook.com\/iguanasmoke\" \/>\n<meta property=\"article:modified_time\" content=\"2026-02-13T12:39:53+00:00\" \/>\n<meta property=\"og:image\" content=\"https:\/\/iguanasmoke.com\/wp-content\/uploads\/2023\/12\/Sudadera-negra-Iguana-Japan-Back-webp.webp\" \/>\n\t<meta property=\"og:image:width\" content=\"500\" \/>\n\t<meta property=\"og:image:height\" content=\"500\" \/>\n\t<meta property=\"og:image:type\" content=\"image\/webp\" \/>\n<meta name=\"twitter:card\" content=\"summary_large_image\" \/>\n<meta name=\"twitter:label1\" content=\"Dost\u0119pno\u015b\u0107\" \/>\n\t<meta name=\"twitter:data1\" content=\"Dost\u0119pny\" \/>\n<meta property=\"product:brand\" content=\"variable\" \/>\n<meta property=\"og:availability\" content=\"instock\" \/>\n<meta property=\"product:availability\" content=\"instock\" \/>\n<meta property=\"product:condition\" content=\"new\" \/>\n<!-- \/ Yoast SEO Premium plugin. -->","yoast_head_json":{"title":"Bluza sportowa czarna Iguana Japan | Iguana Smoke","description":"Kup czarn\u0105 bluz\u0119 sportow\u0105 Japan w najlepszej cenie i o niezr\u00f3wnanej jako\u015bci w Iguana Smoke. Darmowa wysy\u0142ka na terenie Hiszpanii i Portugalii od 35\u20ac.","robots":{"index":"index","follow":"follow","max-snippet":"max-snippet:-1","max-image-preview":"max-image-preview:large","max-video-preview":"max-video-preview:-1"},"canonical":"https:\/\/iguanasmoke.com\/pl\/product-2\/czarna-bluza-sportowa-iguana-japan\/","og_locale":"pl_PL","og_type":"article","og_title":"Sudadera Sport Negra Iguana Japan","og_description":"65% algod\u00f3n, 35% poli\u00e9ster  Impresion DTG  Longitud estandar","og_url":"https:\/\/iguanasmoke.com\/pl\/product-2\/czarna-bluza-sportowa-iguana-japan\/","og_site_name":"Iguana Smoke","article_publisher":"https:\/\/www.facebook.com\/iguanasmoke","article_modified_time":"2026-02-13T12:39:53+00:00","og_image":[{"width":500,"height":500,"url":"https:\/\/iguanasmoke.com\/wp-content\/uploads\/2023\/12\/Sudadera-negra-Iguana-Japan-Back-webp.webp","type":"image\/webp"}],"twitter_card":"summary_large_image","twitter_misc":{"Dost\u0119pno\u015b\u0107":"Dost\u0119pny"},"schema":{"@context":"https:\/\/schema.org","@graph":[{"@type":"WebPage","@id":"https:\/\/iguanasmoke.com\/producto\/sudadera-sport-negra-iguana-japan\/","url":"https:\/\/iguanasmoke.com\/producto\/sudadera-sport-negra-iguana-japan\/","name":"Bluza sportowa czarna Iguana Japan | Iguana Smoke","isPartOf":{"@id":"https:\/\/iguanasmoke.com\/#website"},"primaryImageOfPage":{"@id":"https:\/\/iguanasmoke.com\/producto\/sudadera-sport-negra-iguana-japan\/#primaryimage"},"image":{"@id":"https:\/\/iguanasmoke.com\/producto\/sudadera-sport-negra-iguana-japan\/#primaryimage"},"thumbnailUrl":"https:\/\/iguanasmoke.com\/wp-content\/uploads\/2023\/12\/Sudadera-negra-Iguana-Japan-Back-webp.webp","datePublished":"2023-12-26T18:09:37+00:00","dateModified":"2026-02-13T12:39:53+00:00","description":"Kup czarn\u0105 bluz\u0119 sportow\u0105 Japan w najlepszej cenie i o niezr\u00f3wnanej jako\u015bci w Iguana Smoke. Darmowa wysy\u0142ka na terenie Hiszpanii i Portugalii od 35\u20ac.","breadcrumb":{"@id":"https:\/\/iguanasmoke.com\/producto\/sudadera-sport-negra-iguana-japan\/#breadcrumb"},"inLanguage":"pl-PL","potentialAction":[{"@type":"ReadAction","target":["https:\/\/iguanasmoke.com\/producto\/sudadera-sport-negra-iguana-japan\/"]}]},{"@type":"ImageObject","inLanguage":"pl-PL","@id":"https:\/\/iguanasmoke.com\/producto\/sudadera-sport-negra-iguana-japan\/#primaryimage","url":"https:\/\/iguanasmoke.com\/wp-content\/uploads\/2023\/12\/Sudadera-negra-Iguana-Japan-Back-webp.webp","contentUrl":"https:\/\/iguanasmoke.com\/wp-content\/uploads\/2023\/12\/Sudadera-negra-Iguana-Japan-Back-webp.webp","width":500,"height":500,"caption":"Sudadera negra iguana japon"},{"@type":"BreadcrumbList","@id":"https:\/\/iguanasmoke.com\/producto\/sudadera-sport-negra-iguana-japan\/#breadcrumb","itemListElement":[{"@type":"ListItem","position":1,"name":"home","item":"https:\/\/iguanasmoke.com\/"},{"@type":"ListItem","position":2,"name":"Tienda","item":"https:\/\/iguanasmoke.com\/tienda\/"},{"@type":"ListItem","position":3,"name":"Merch","item":"https:\/\/iguanasmoke.com\/categoria\/merchandise-de-iguana-smoke\/"},{"@type":"ListItem","position":4,"name":"Sudadera Sport Negra Iguana Japan"}]},{"@type":"WebSite","@id":"https:\/\/iguanasmoke.com\/#website","url":"https:\/\/iguanasmoke.com\/","name":"Iguana Smoke","description":"Kup CBD online w najlepszej cenie","publisher":{"@id":"https:\/\/iguanasmoke.com\/#organization"},"potentialAction":[{"@type":"SearchAction","target":{"@type":"EntryPoint","urlTemplate":"https:\/\/iguanasmoke.com\/?s={search_term_string}"},"query-input":{"@type":"PropertyValueSpecification","valueRequired":true,"valueName":"search_term_string"}}],"inLanguage":"pl-PL"},{"@type":"Organization","@id":"https:\/\/iguanasmoke.com\/#organization","name":"Iguana Smoke","url":"https:\/\/iguanasmoke.com\/","logo":{"@type":"ImageObject","inLanguage":"pl-PL","@id":"https:\/\/iguanasmoke.com\/#\/schema\/logo\/image\/","url":"https:\/\/iguanasmoke.com\/wp-content\/uploads\/2025\/01\/logoiguana-favi-1.png","contentUrl":"https:\/\/iguanasmoke.com\/wp-content\/uploads\/2025\/01\/logoiguana-favi-1.png","width":512,"height":512,"caption":"Iguana Smoke"},"image":{"@id":"https:\/\/iguanasmoke.com\/#\/schema\/logo\/image\/"},"sameAs":["https:\/\/www.facebook.com\/iguanasmoke","https:\/\/www.instagram.com\/iguanasmoke\/"]}]},"product_brand":"variable","og_availability":"instock","product_availability":"instock","product_condition":"new"},"_links":{"self":[{"href":"https:\/\/iguanasmoke.com\/pl\/wp-json\/wp\/v2\/product\/27091","targetHints":{"allow":["GET"]}}],"collection":[{"href":"https:\/\/iguanasmoke.com\/pl\/wp-json\/wp\/v2\/product"}],"about":[{"href":"https:\/\/iguanasmoke.com\/pl\/wp-json\/wp\/v2\/types\/product"}],"replies":[{"embeddable":true,"href":"https:\/\/iguanasmoke.com\/pl\/wp-json\/wp\/v2\/comments?post=27091"}],"wp:featuredmedia":[{"embeddable":true,"href":"https:\/\/iguanasmoke.com\/pl\/wp-json\/wp\/v2\/media\/27097"}],"wp:attachment":[{"href":"https:\/\/iguanasmoke.com\/pl\/wp-json\/wp\/v2\/media?parent=27091"}],"wp:term":[{"taxonomy":"product_brand","embeddable":true,"href":"https:\/\/iguanasmoke.com\/pl\/wp-json\/wp\/v2\/product_brand?post=27091"},{"taxonomy":"product_cat","embeddable":true,"href":"https:\/\/iguanasmoke.com\/pl\/wp-json\/wp\/v2\/product_cat?post=27091"},{"taxonomy":"product_tag","embeddable":true,"href":"https:\/\/iguanasmoke.com\/pl\/wp-json\/wp\/v2\/product_tag?post=27091"}],"curies":[{"name":"wp","href":"https:\/\/api.w.org\/{rel}","templated":true}]}}