{"id":27224,"date":"2023-12-28T16:47:28","date_gmt":"2023-12-28T15:47:28","guid":{"rendered":"https:\/\/iguanasmoke.com\/?post_type=product&#038;p=27224"},"modified":"2026-04-15T12:14:47","modified_gmt":"2026-04-15T10:14:47","slug":"naklejki-iguana-x3","status":"publish","type":"product","link":"https:\/\/iguanasmoke.com\/pl\/producto\/stickers-iguana-x3\/","title":{"rendered":"Naklejki dymne Iguana x3"},"content":{"rendered":"<h1><span style=\"font-weight: 400;\">Naklejki dymne Iguana x3<\/span><\/h1>\n<p><span style=\"font-weight: 400;\">Dodaj<strong> Wyj\u0105tkowy styl<\/strong> do swoich rzeczy za pomoc\u0105 <strong>Naklejki dymne Iguana x3<\/strong>. Ten ekskluzywny zestaw zawiera do <strong>5 r\u00f3\u017cnych wzor\u00f3w naklejek premium<\/strong>, Zaprojektowany dla tych, kt\u00f3rzy lubi\u0105 drobne szczeg\u00f3\u0142y i w\u0142asn\u0105 to\u017csamo\u015b\u0107. Ka\u017cde opakowanie zawiera <strong>losowo wybrany projekt<\/strong>, Nowy, zaskakuj\u0105cy akcent w ka\u017cdej jednostce. <\/span><\/p>\n<p><span style=\"font-weight: 400;\">Ponadto s\u0105 one wykonane z <strong>Wysokiej jako\u015bci i wytrzyma\u0142e materia\u0142y<\/strong> (niekt\u00f3re z nich to <strong>holograficzny<\/strong> e <strong>opalizuj\u0105cy<\/strong>), s\u0105 idealne do personalizacji otoczenia dzi\u0119ki niepowtarzalnemu stylowi i estetyce Iguana Smoke. <\/span><\/p>\n<p><span style=\"font-weight: 400;\">Z tych wszystkich powod\u00f3w s\u0105 one idealne dla tych, kt\u00f3rzy \u017cyj\u0105 <strong>Kultura wapowania i tw\u00f3rcza ekspresja<\/strong> jako cz\u0119\u015b\u0107 jego stylu. <\/span><\/p>\n<p><span style=\"font-weight: 400;\">Odkryj r\u00f3\u017cnorodno\u015b\u0107, podziel si\u0119 swoj\u0105 postaw\u0105 i no\u015b ze sob\u0105 \u017cyw\u0105 esencj\u0119 Iguana Smoke w ka\u017cdej sytuacji. <strong>Naklejki dymne Iguana x3<\/strong>. <\/span><\/p>\n<p>&nbsp;<\/p>\n<h3><b>Iguana Smoke to synonim jako\u015bci i niezawodno\u015bci.<\/b><\/h3>\n<p><span style=\"font-weight: 400;\">W Iguana Smoke wierzymy, \u017ce korzystanie z CBD powinno by\u0107 bezpiecznym, dost\u0119pnym i przyjemnym do\u015bwiadczeniem. W\u0142a\u015bnie dlatego oferujemy wysokiej jako\u015bci produkty, w tym <strong>Naklejki dymne Iguana x3<\/strong>, Nowe pokolenie poszukuje nieskomplikowanego wellness, z autentycznymi i niezawodnymi markami.\u00a0<\/span><\/p>\n<p>Innymi s\u0142owy, nasza misja jest jasna: dostarcza\u0107 najlepsze CBD w uczciwej cenie, ze spokojem wiedz\u0105c, \u017ce wybierasz certyfikowany, skuteczny, legalny produkt z konopi i 100%. Jeste\u015bmy w czo\u0142\u00f3wce produkt\u00f3w CBD.<\/p>\n<p>Masz jakie\u015b pytania? Napisz do nas, a z przyjemno\u015bci\u0105 pomo\u017cemy Ci znale\u017a\u0107 odpowiedni produkt.<\/p>","protected":false},"excerpt":{"rendered":"<ul>\n<li><strong data-start=\"364\" data-end=\"402\">Kolekcja 5 ekskluzywnych wzor\u00f3w.<\/strong><br data-start=\"402\" data-end=\"405\" \/>Otrzymany model jest wybierany losowo, dodaj\u0105c czynnik zaskoczenia do ka\u017cdego zam\u00f3wienia.<\/li>\n<\/ul>","protected":false},"featured_media":27225,"comment_status":"open","ping_status":"closed","template":"","meta":{"_acf_changed":false,"site-sidebar-layout":"default","site-content-layout":"","ast-site-content-layout":"default","site-content-style":"default","site-sidebar-style":"default","ast-global-header-display":"","ast-banner-title-visibility":"","ast-main-header-display":"","ast-hfb-above-header-display":"","ast-hfb-below-header-display":"","ast-hfb-mobile-header-display":"","site-post-title":"","ast-breadcrumbs-content":"","ast-featured-img":"","footer-sml-layout":"","theme-transparent-header-meta":"default","adv-header-id-meta":"","stick-header-meta":"","header-above-stick-meta":"","header-main-stick-meta":"","header-below-stick-meta":"","astra-migrate-meta-layouts":"set","ast-page-background-enabled":"default","ast-page-background-meta":{"desktop":{"background-color":"var(--ast-global-color-4)","background-image":"","background-repeat":"repeat","background-position":"center center","background-size":"auto","background-attachment":"scroll","background-type":"","background-media":"","overlay-type":"","overlay-color":"","overlay-opacity":"","overlay-gradient":""},"tablet":{"background-color":"","background-image":"","background-repeat":"repeat","background-position":"center center","background-size":"auto","background-attachment":"scroll","background-type":"","background-media":"","overlay-type":"","overlay-color":"","overlay-opacity":"","overlay-gradient":""},"mobile":{"background-color":"","background-image":"","background-repeat":"repeat","background-position":"center center","background-size":"auto","background-attachment":"scroll","background-type":"","background-media":"","overlay-type":"","overlay-color":"","overlay-opacity":"","overlay-gradient":""}},"ast-content-background-meta":{"desktop":{"background-color":"var(--ast-global-color-5)","background-image":"","background-repeat":"repeat","background-position":"center center","background-size":"auto","background-attachment":"scroll","background-type":"","background-media":"","overlay-type":"","overlay-color":"","overlay-opacity":"","overlay-gradient":""},"tablet":{"background-color":"var(--ast-global-color-5)","background-image":"","background-repeat":"repeat","background-position":"center center","background-size":"auto","background-attachment":"scroll","background-type":"","background-media":"","overlay-type":"","overlay-color":"","overlay-opacity":"","overlay-gradient":""},"mobile":{"background-color":"var(--ast-global-color-5)","background-image":"","background-repeat":"repeat","background-position":"center center","background-size":"auto","background-attachment":"scroll","background-type":"","background-media":"","overlay-type":"","overlay-color":"","overlay-opacity":"","overlay-gradient":""}}},"product_brand":[],"product_cat":[436,985],"product_tag":[],"class_list":{"0":"post-27224","1":"product","2":"type-product","3":"status-publish","4":"has-post-thumbnail","6":"product_cat-merchandise-de-iguana-smoke","7":"product_cat-parafernalia","8":"desktop-align-center","9":"tablet-align-center","10":"mobile-align-center","12":"first","13":"instock","14":"taxable","15":"shipping-taxable","16":"purchasable","17":"product-type-simple"},"acf":[],"yoast_head":"<!-- This site is optimized with the Yoast SEO Premium plugin v27.3 (Yoast SEO v27.3) - https:\/\/yoast.com\/product\/yoast-seo-premium-wordpress\/ -->\n<title>Stickers Iguana Smoke x3 | Iguana Smoke<\/title>\n<meta name=\"description\" content=\"Compra Stickers Iguana x3 al mejor precio y con una calidad inigualable en Iguana Smoke. Env\u00edo gratuito en Espa\u00f1a y Portugal a partir de 40\u20ac.\" \/>\n<meta name=\"robots\" content=\"index, follow, max-snippet:-1, max-image-preview:large, max-video-preview:-1\" \/>\n<link rel=\"canonical\" href=\"https:\/\/iguanasmoke.com\/pl\/product-2\/naklejki-iguana-x3\/\" \/>\n<meta property=\"og:locale\" content=\"pl_PL\" \/>\n<meta property=\"og:type\" content=\"article\" \/>\n<meta property=\"og:title\" content=\"Stickers Iguana Smoke x3\" \/>\n<meta property=\"og:description\" content=\"Colecci\u00f3n de 5 dise\u00f1os exclusivos.El modelo recibido se selecciona de manera aleatoria, a\u00f1adiendo un factor sorpresa a cada pedido.\" \/>\n<meta property=\"og:url\" content=\"https:\/\/iguanasmoke.com\/pl\/product-2\/naklejki-iguana-x3\/\" \/>\n<meta property=\"og:site_name\" content=\"Iguana Smoke\" \/>\n<meta property=\"article:publisher\" content=\"https:\/\/www.facebook.com\/iguanasmoke\" \/>\n<meta property=\"article:modified_time\" content=\"2026-04-15T10:14:47+00:00\" \/>\n<meta property=\"og:image\" content=\"https:\/\/iguanasmoke.com\/wp-content\/uploads\/2023\/12\/stickers-iguana-webp-1.webp\" \/>\n\t<meta property=\"og:image:width\" content=\"500\" \/>\n\t<meta property=\"og:image:height\" content=\"500\" \/>\n\t<meta property=\"og:image:type\" content=\"image\/webp\" \/>\n<meta name=\"twitter:card\" content=\"summary_large_image\" \/>\n<meta name=\"twitter:label1\" content=\"Cena\" \/>\n\t<meta name=\"twitter:data1\" content=\"1,00&nbsp;&euro;\" \/>\n\t<meta name=\"twitter:label2\" content=\"Dost\u0119pno\u015b\u0107\" \/>\n\t<meta name=\"twitter:data2\" content=\"Dost\u0119pny\" \/>\n<meta property=\"product:brand\" content=\"simple\" \/>\n<meta property=\"product:price:amount\" content=\"1.00\" \/>\n<meta property=\"product:price:currency\" content=\"EUR\" \/>\n<meta property=\"og:availability\" content=\"instock\" \/>\n<meta property=\"product:availability\" content=\"instock\" \/>\n<meta property=\"product:retailer_item_id\" content=\"IS-STCKRX3\" \/>\n<meta property=\"product:condition\" content=\"new\" \/>\n<!-- \/ Yoast SEO Premium plugin. -->","yoast_head_json":{"title":"Naklejki Iguana Smoke x3: Iguana Smoke","description":"Kup naklejki Iguana x3 w najlepszej cenie i bezkonkurencyjnej jako\u015bci w Iguana Smoke. Bezp\u0142atna wysy\u0142ka w Hiszpanii i Portugalii od 40 \u20ac.","robots":{"index":"index","follow":"follow","max-snippet":"max-snippet:-1","max-image-preview":"max-image-preview:large","max-video-preview":"max-video-preview:-1"},"canonical":"https:\/\/iguanasmoke.com\/pl\/product-2\/naklejki-iguana-x3\/","og_locale":"pl_PL","og_type":"article","og_title":"Stickers Iguana Smoke x3","og_description":"Colecci\u00f3n de 5 dise\u00f1os exclusivos.El modelo recibido se selecciona de manera aleatoria, a\u00f1adiendo un factor sorpresa a cada pedido.","og_url":"https:\/\/iguanasmoke.com\/pl\/product-2\/naklejki-iguana-x3\/","og_site_name":"Iguana Smoke","article_publisher":"https:\/\/www.facebook.com\/iguanasmoke","article_modified_time":"2026-04-15T10:14:47+00:00","og_image":[{"width":500,"height":500,"url":"https:\/\/iguanasmoke.com\/wp-content\/uploads\/2023\/12\/stickers-iguana-webp-1.webp","type":"image\/webp"}],"twitter_card":"summary_large_image","twitter_misc":{"Cena":"1,00&nbsp;&euro;","Dost\u0119pno\u015b\u0107":"Dost\u0119pny"},"schema":{"@context":"https:\/\/schema.org","@graph":[{"@type":"WebPage","@id":"https:\/\/iguanasmoke.com\/producto\/stickers-iguana-x3\/","url":"https:\/\/iguanasmoke.com\/producto\/stickers-iguana-x3\/","name":"Naklejki Iguana Smoke x3: Iguana Smoke","isPartOf":{"@id":"https:\/\/iguanasmoke.com\/#website"},"primaryImageOfPage":{"@id":"https:\/\/iguanasmoke.com\/producto\/stickers-iguana-x3\/#primaryimage"},"image":{"@id":"https:\/\/iguanasmoke.com\/producto\/stickers-iguana-x3\/#primaryimage"},"thumbnailUrl":"https:\/\/iguanasmoke.com\/wp-content\/uploads\/2023\/12\/stickers-iguana-webp-1.webp","datePublished":"2023-12-28T15:47:28+00:00","dateModified":"2026-04-15T10:14:47+00:00","description":"Kup naklejki Iguana x3 w najlepszej cenie i bezkonkurencyjnej jako\u015bci w Iguana Smoke. Bezp\u0142atna wysy\u0142ka w Hiszpanii i Portugalii od 40 \u20ac.","breadcrumb":{"@id":"https:\/\/iguanasmoke.com\/producto\/stickers-iguana-x3\/#breadcrumb"},"inLanguage":"pl-PL","potentialAction":[{"@type":"ReadAction","target":["https:\/\/iguanasmoke.com\/producto\/stickers-iguana-x3\/"]}]},{"@type":"ImageObject","inLanguage":"pl-PL","@id":"https:\/\/iguanasmoke.com\/producto\/stickers-iguana-x3\/#primaryimage","url":"https:\/\/iguanasmoke.com\/wp-content\/uploads\/2023\/12\/stickers-iguana-webp-1.webp","contentUrl":"https:\/\/iguanasmoke.com\/wp-content\/uploads\/2023\/12\/stickers-iguana-webp-1.webp","width":500,"height":500,"caption":"pack stickers iguana"},{"@type":"BreadcrumbList","@id":"https:\/\/iguanasmoke.com\/producto\/stickers-iguana-x3\/#breadcrumb","itemListElement":[{"@type":"ListItem","position":1,"name":"home","item":"https:\/\/iguanasmoke.com\/"},{"@type":"ListItem","position":2,"name":"Tienda","item":"https:\/\/iguanasmoke.com\/tienda\/"},{"@type":"ListItem","position":3,"name":"Merch","item":"https:\/\/iguanasmoke.com\/categoria\/merchandise-de-iguana-smoke\/"},{"@type":"ListItem","position":4,"name":"Parafernalia","item":"https:\/\/iguanasmoke.com\/categoria\/merchandise-de-iguana-smoke\/parafernalia\/"},{"@type":"ListItem","position":5,"name":"Stickers Iguana Smoke x3"}]},{"@type":"WebSite","@id":"https:\/\/iguanasmoke.com\/#website","url":"https:\/\/iguanasmoke.com\/","name":"Iguana Smoke","description":"Kup CBD online w najlepszej cenie","publisher":{"@id":"https:\/\/iguanasmoke.com\/#organization"},"potentialAction":[{"@type":"SearchAction","target":{"@type":"EntryPoint","urlTemplate":"https:\/\/iguanasmoke.com\/?s={search_term_string}"},"query-input":{"@type":"PropertyValueSpecification","valueRequired":true,"valueName":"search_term_string"}}],"inLanguage":"pl-PL"},{"@type":"Organization","@id":"https:\/\/iguanasmoke.com\/#organization","name":"Iguana Smoke","url":"https:\/\/iguanasmoke.com\/","logo":{"@type":"ImageObject","inLanguage":"pl-PL","@id":"https:\/\/iguanasmoke.com\/#\/schema\/logo\/image\/","url":"https:\/\/iguanasmoke.com\/wp-content\/uploads\/2025\/01\/logoiguana-favi-1.png","contentUrl":"https:\/\/iguanasmoke.com\/wp-content\/uploads\/2025\/01\/logoiguana-favi-1.png","width":512,"height":512,"caption":"Iguana Smoke"},"image":{"@id":"https:\/\/iguanasmoke.com\/#\/schema\/logo\/image\/"},"sameAs":["https:\/\/www.facebook.com\/iguanasmoke","https:\/\/www.instagram.com\/iguanasmoke\/"]}]},"product_brand":"simple","product_price_amount":"1.00","product_price_currency":"EUR","og_availability":"instock","product_availability":"instock","product_retailer_item_id":"IS-STCKRX3","product_condition":"new"},"_links":{"self":[{"href":"https:\/\/iguanasmoke.com\/pl\/wp-json\/wp\/v2\/product\/27224","targetHints":{"allow":["GET"]}}],"collection":[{"href":"https:\/\/iguanasmoke.com\/pl\/wp-json\/wp\/v2\/product"}],"about":[{"href":"https:\/\/iguanasmoke.com\/pl\/wp-json\/wp\/v2\/types\/product"}],"replies":[{"embeddable":true,"href":"https:\/\/iguanasmoke.com\/pl\/wp-json\/wp\/v2\/comments?post=27224"}],"wp:featuredmedia":[{"embeddable":true,"href":"https:\/\/iguanasmoke.com\/pl\/wp-json\/wp\/v2\/media\/27225"}],"wp:attachment":[{"href":"https:\/\/iguanasmoke.com\/pl\/wp-json\/wp\/v2\/media?parent=27224"}],"wp:term":[{"taxonomy":"product_brand","embeddable":true,"href":"https:\/\/iguanasmoke.com\/pl\/wp-json\/wp\/v2\/product_brand?post=27224"},{"taxonomy":"product_cat","embeddable":true,"href":"https:\/\/iguanasmoke.com\/pl\/wp-json\/wp\/v2\/product_cat?post=27224"},{"taxonomy":"product_tag","embeddable":true,"href":"https:\/\/iguanasmoke.com\/pl\/wp-json\/wp\/v2\/product_tag?post=27224"}],"curies":[{"name":"wp","href":"https:\/\/api.w.org\/{rel}","templated":true}]}}