{"id":29146,"date":"2024-01-29T16:53:35","date_gmt":"2024-01-29T15:53:35","guid":{"rendered":"https:\/\/iguanasmoke.com\/?post_type=product&#038;p=29146"},"modified":"2026-03-15T18:48:05","modified_gmt":"2026-03-15T17:48:05","slug":"uchwyt-rolki-wstepnej","status":"publish","type":"product","link":"https:\/\/iguanasmoke.com\/pl\/producto\/porta-pre-roll\/","title":{"rendered":"Uchwyt na rolk\u0119 Iguana Smoke"},"content":{"rendered":"<h1><span style=\"font-weight: 400;\">Uchwyt rolki wst\u0119pnej: <em>Przechowuj w dobrym stylu<\/em><\/span><\/h1>\n<p><span style=\"font-weight: 400;\">Odkryj <strong>po\u0142\u0105czenie<\/strong> <strong>doskona\u0142y<\/strong> pomi\u0119dzy elegancj\u0105, wytrzyma\u0142o\u015bci\u0105 i funkcjonalno\u015bci\u0105, nasze <strong>Uchwyt rolki wst\u0119pnej<\/strong> jest dla tych, kt\u00f3rzy chc\u0105 cieszy\u0107 si\u0119 wysokiej jako\u015bci kannabidiolem bez k\u0142opot\u00f3w: otw\u00f3rz go, a b\u0119dzie tak \u015bwie\u017cy i gotowy jak pierwszego dnia. To akcesorium od <strong>Wysoka jako\u015b\u0107 \u0142\u0105czy styl i funkcjonalno\u015b\u0107<\/strong> aby zaoferowa\u0107 niezr\u00f3wnane wra\u017cenia.<\/span><\/p>\n<p>&nbsp;<\/p>\n<h2><strong>Konstrukcja klasy premium i maksymalna trwa\u0142o\u015b\u0107 <\/strong><\/h2>\n<p><span style=\"font-weight: 400;\">The <strong>Uchwyt rolki wst\u0119pnej<\/strong> Iguana Smoke wyr\u00f3\u017cnia si\u0119 swoj\u0105 struktur\u0105 <strong>cylindryczny<\/strong> <strong>solidny<\/strong>, Zaprojektowany, aby skutecznie chroni\u0107 Pre Rolls przed <strong>hity<\/strong>, <strong>wilgotno\u015b\u0107<\/strong> y <strong>czynniki<\/strong> <strong>zewn\u0119trzny<\/strong>. Ponadto, dzi\u0119ki swojemu wyko\u0144czeniu <strong>metal<\/strong>, Nowy, elegancki i dyskretny styl jest zar\u00f3wno elegancki, jak i bezpieczny.<\/span><\/p>\n<p>&nbsp;<\/p>\n<h2><strong>Zachowanie \u015bwie\u017co\u015bci i kontrola zapachu <\/strong><\/h2>\n<p><span style=\"font-weight: 400;\">Dzi\u0119ki jego <strong>Hermetyczne uszczelnienie z zakr\u0119tk\u0105<\/strong>, to <strong>Uchwyt rolki wst\u0119pnej<\/strong> gwarantuje <strong>zachowanie aromatu<\/strong>, w <strong>smak<\/strong> i <strong>\u015bwie\u017co\u015b\u0107<\/strong> tre\u015bci. Z drugiej strony,<strong> zapobiega rozprzestrzenianiu si\u0119 zapach\u00f3w<\/strong>, Dzi\u0119ki temu jest to idealny wyb\u00f3r do transportu ulubionych rolek Pre Rolls, takich jak <a href=\"https:\/\/iguanasmoke.com\/pl\/product-2\/kup-kwiaty-cbd-pre-roll-stozek-king-size-stozek-cbd-1gr\/\"><strong>Pre Roll CBD - sto\u017cek CBD King Size<\/strong><\/a> lub <a href=\"https:\/\/iguanasmoke.com\/pl\/product-2\/pre-roll-10-oh-king-size-1-5g\/\"><strong>Pre Roll 10-OH - King Size Cone<\/strong><\/a>, a nawet Pre Roll z <a href=\"https:\/\/iguanasmoke.com\/pl\/product-2\/kup-cbd-flowers-pack-pre-roll-cbd\/\"><strong>Pre Roll CBD Pack - czopki 0,5g<\/strong><\/a>.\u00a0<\/span><\/p>\n<p>&nbsp;<\/p>\n<h3><b>Iguana Smoke to Tw\u00f3j internetowy sklep z CBD\u00a0<\/b><\/h3>\n<p><span style=\"font-weight: 400;\">Przy<strong> Iguana Smoke<\/strong>, Wierzymy, \u017ce korzystanie z CBD powinno by\u0107 bezpiecznym i przyjemnym do\u015bwiadczeniem. W\u0142a\u015bnie dlatego oferujemy produkty takie jak ten <strong>Uchwyt rolki wst\u0119pnej\u00a0<\/strong>jako\u015b\u0107, kt\u00f3ra \u0142\u0105czy si\u0119 z nowymi pokoleniami: lud\u017ami, kt\u00f3rzy szukaj\u0105 nieskomplikowanego wellness, z autentycznymi i niezawodnymi markami.<\/span><\/p>\n<p>Nasza misja jest jasna: dostarcza\u0107 najlepsze kannabinoidy w uczciwej cenie. Ponadto dajemy ci spok\u00f3j ducha, wiedz\u0105c, \u017ce wybierasz certyfikowany, skuteczny i legalny produkt 100%. Tw\u00f3j czas relaksu zaczyna si\u0119 z nami.<\/p>\n<p>Nadal masz w\u0105tpliwo\u015bci? Napisz do nas, a z przyjemno\u015bci\u0105 pomo\u017cemy Ci znale\u017a\u0107 odpowiedni produkt dla Ciebie*.<\/p>\n<p>&nbsp;<\/p>\n<p style=\"padding-left: 40px; text-align: center;\"><em><span style=\"font-weight: 400;\">\u26a0\ufe0fRecuerda: jego u\u017cycie jest przeznaczone do zbierania lub aromaterapii zgodnie z hiszpa\u0144skimi przepisami. <\/span><\/em><\/p>\n<p><em><span style=\"font-weight: 400;\">*Wszystkie nasze produkty pochodz\u0105 z certyfikowanych konopi przemys\u0142owych. Zawieraj\u0105 mniej ni\u017c 0,3 THC i nie zawieraj\u0105 nielegalnych kannabinoid\u00f3w, takich jak HHC, HHC-P, THCP, THCP-O, H4CBD i tych zawartych w za\u0142\u0105czniku I do dekretu kr\u00f3lewskiego 2829\/1977, ani substancji kontrolowanych przez konwencje mi\u0119dzynarodowe.\u00a0\u00a0<\/span><\/em><\/p>","protected":false},"excerpt":{"rendered":"<ul>\n<li>Metalowy uchwyt na rolk\u0119 100%<\/li>\n<li>Trwa\u0142e i wytrzyma\u0142e<\/li>\n<li>Zakr\u0119tka<\/li>\n<li>Hermetyczne uszczelnienie po obu stronach<\/li>\n<li>Idealne uzupe\u0142nienie <a href=\"https:\/\/iguanasmoke.com\/pl\/kategoria\/pre-roll-cbd-jointy\/\">Pre Rolls<\/a> faworyci<\/li>\n<\/ul>","protected":false},"featured_media":29257,"comment_status":"open","ping_status":"closed","template":"","meta":{"_acf_changed":false,"site-sidebar-layout":"default","site-content-layout":"","ast-site-content-layout":"default","site-content-style":"default","site-sidebar-style":"default","ast-global-header-display":"","ast-banner-title-visibility":"","ast-main-header-display":"","ast-hfb-above-header-display":"","ast-hfb-below-header-display":"","ast-hfb-mobile-header-display":"","site-post-title":"","ast-breadcrumbs-content":"","ast-featured-img":"","footer-sml-layout":"","theme-transparent-header-meta":"default","adv-header-id-meta":"","stick-header-meta":"","header-above-stick-meta":"","header-main-stick-meta":"","header-below-stick-meta":"","astra-migrate-meta-layouts":"set","ast-page-background-enabled":"default","ast-page-background-meta":{"desktop":{"background-color":"var(--ast-global-color-4)","background-image":"","background-repeat":"repeat","background-position":"center center","background-size":"auto","background-attachment":"scroll","background-type":"","background-media":"","overlay-type":"","overlay-color":"","overlay-opacity":"","overlay-gradient":""},"tablet":{"background-color":"","background-image":"","background-repeat":"repeat","background-position":"center center","background-size":"auto","background-attachment":"scroll","background-type":"","background-media":"","overlay-type":"","overlay-color":"","overlay-opacity":"","overlay-gradient":""},"mobile":{"background-color":"","background-image":"","background-repeat":"repeat","background-position":"center center","background-size":"auto","background-attachment":"scroll","background-type":"","background-media":"","overlay-type":"","overlay-color":"","overlay-opacity":"","overlay-gradient":""}},"ast-content-background-meta":{"desktop":{"background-color":"var(--ast-global-color-5)","background-image":"","background-repeat":"repeat","background-position":"center center","background-size":"auto","background-attachment":"scroll","background-type":"","background-media":"","overlay-type":"","overlay-color":"","overlay-opacity":"","overlay-gradient":""},"tablet":{"background-color":"var(--ast-global-color-5)","background-image":"","background-repeat":"repeat","background-position":"center center","background-size":"auto","background-attachment":"scroll","background-type":"","background-media":"","overlay-type":"","overlay-color":"","overlay-opacity":"","overlay-gradient":""},"mobile":{"background-color":"var(--ast-global-color-5)","background-image":"","background-repeat":"repeat","background-position":"center center","background-size":"auto","background-attachment":"scroll","background-type":"","background-media":"","overlay-type":"","overlay-color":"","overlay-opacity":"","overlay-gradient":""}}},"product_brand":[],"product_cat":[436,335],"product_tag":[],"class_list":{"0":"post-29146","1":"product","2":"type-product","3":"status-publish","4":"has-post-thumbnail","6":"product_cat-merchandise-de-iguana-smoke","7":"product_cat-pre-roll-porros-cbd","8":"desktop-align-center","9":"tablet-align-center","10":"mobile-align-center","12":"first","13":"instock","14":"taxable","15":"shipping-taxable","16":"purchasable","17":"product-type-simple"},"acf":[],"yoast_head":"<!-- This site is optimized with the Yoast SEO Premium plugin v27.3 (Yoast SEO v27.3) - https:\/\/yoast.com\/product\/yoast-seo-premium-wordpress\/ -->\n<title>Porta Pre Roll: calidad, comodidad y elegancia | Iguana Smoke<\/title>\n<meta name=\"description\" content=\"Disfruta de la frescura y calidad con nuestro Porta Pre Roll. Elegancia y durabilidad se encuentran en este accesorio imprescindible. \u00a1Cons\u00edguelo ya!\" \/>\n<meta name=\"robots\" content=\"index, follow, max-snippet:-1, max-image-preview:large, max-video-preview:-1\" \/>\n<link rel=\"canonical\" href=\"https:\/\/iguanasmoke.com\/pl\/product-2\/uchwyt-rolki-wstepnej\/\" \/>\n<meta property=\"og:locale\" content=\"pl_PL\" \/>\n<meta property=\"og:type\" content=\"article\" \/>\n<meta property=\"og:title\" content=\"Porta Pre Roll Iguana Smoke\" \/>\n<meta property=\"og:description\" content=\"Porta Pre Roll hecho de metal 100%  Duradero y resistente  Tapa con rosca  Cierre Herm\u00e9tico por ambos lados  Complemento perfecto para tus Pre Rolls favoritos\" \/>\n<meta property=\"og:url\" content=\"https:\/\/iguanasmoke.com\/pl\/product-2\/uchwyt-rolki-wstepnej\/\" \/>\n<meta property=\"og:site_name\" content=\"Iguana Smoke\" \/>\n<meta property=\"article:publisher\" content=\"https:\/\/www.facebook.com\/iguanasmoke\" \/>\n<meta property=\"article:modified_time\" content=\"2026-03-15T17:48:05+00:00\" \/>\n<meta property=\"og:image\" content=\"https:\/\/iguanasmoke.com\/wp-content\/uploads\/2024\/01\/Porta-Pre-Roll-webp-1.webp\" \/>\n\t<meta property=\"og:image:width\" content=\"500\" \/>\n\t<meta property=\"og:image:height\" content=\"500\" \/>\n\t<meta property=\"og:image:type\" content=\"image\/webp\" \/>\n<meta name=\"twitter:card\" content=\"summary_large_image\" \/>\n<meta name=\"twitter:label1\" content=\"Cena\" \/>\n\t<meta name=\"twitter:data1\" content=\"6,00&nbsp;&euro;\" \/>\n\t<meta name=\"twitter:label2\" content=\"Dost\u0119pno\u015b\u0107\" \/>\n\t<meta name=\"twitter:data2\" content=\"Dost\u0119pny\" \/>\n<meta property=\"product:brand\" content=\"simple\" \/>\n<meta property=\"product:price:amount\" content=\"6.00\" \/>\n<meta property=\"product:price:currency\" content=\"EUR\" \/>\n<meta property=\"og:availability\" content=\"instock\" \/>\n<meta property=\"product:availability\" content=\"instock\" \/>\n<meta property=\"product:retailer_item_id\" content=\"IS-PORTAROLL\" \/>\n<meta property=\"product:condition\" content=\"new\" \/>\n<!-- \/ Yoast SEO Premium plugin. -->","yoast_head_json":{"title":"Pre Roll Holder: jako\u015b\u0107, komfort i elegancja | Iguana Smoke","description":"Ciesz si\u0119 \u015bwie\u017co\u015bci\u0105 i jako\u015bci\u0105 dzi\u0119ki naszemu uchwytowi na rolki. Elegancja i trwa\u0142o\u015b\u0107 spotykaj\u0105 si\u0119 w tym niezb\u0119dnym akcesorium - kup je teraz!","robots":{"index":"index","follow":"follow","max-snippet":"max-snippet:-1","max-image-preview":"max-image-preview:large","max-video-preview":"max-video-preview:-1"},"canonical":"https:\/\/iguanasmoke.com\/pl\/product-2\/uchwyt-rolki-wstepnej\/","og_locale":"pl_PL","og_type":"article","og_title":"Porta Pre Roll Iguana Smoke","og_description":"Porta Pre Roll hecho de metal 100%  Duradero y resistente  Tapa con rosca  Cierre Herm\u00e9tico por ambos lados  Complemento perfecto para tus Pre Rolls favoritos","og_url":"https:\/\/iguanasmoke.com\/pl\/product-2\/uchwyt-rolki-wstepnej\/","og_site_name":"Iguana Smoke","article_publisher":"https:\/\/www.facebook.com\/iguanasmoke","article_modified_time":"2026-03-15T17:48:05+00:00","og_image":[{"width":500,"height":500,"url":"https:\/\/iguanasmoke.com\/wp-content\/uploads\/2024\/01\/Porta-Pre-Roll-webp-1.webp","type":"image\/webp"}],"twitter_card":"summary_large_image","twitter_misc":{"Cena":"6,00&nbsp;&euro;","Dost\u0119pno\u015b\u0107":"Dost\u0119pny"},"schema":{"@context":"https:\/\/schema.org","@graph":[{"@type":"WebPage","@id":"https:\/\/iguanasmoke.com\/producto\/porta-pre-roll\/","url":"https:\/\/iguanasmoke.com\/producto\/porta-pre-roll\/","name":"Pre Roll Holder: jako\u015b\u0107, komfort i elegancja | Iguana Smoke","isPartOf":{"@id":"https:\/\/iguanasmoke.com\/#website"},"primaryImageOfPage":{"@id":"https:\/\/iguanasmoke.com\/producto\/porta-pre-roll\/#primaryimage"},"image":{"@id":"https:\/\/iguanasmoke.com\/producto\/porta-pre-roll\/#primaryimage"},"thumbnailUrl":"https:\/\/iguanasmoke.com\/wp-content\/uploads\/2024\/01\/Porta-Pre-Roll-webp-1.webp","datePublished":"2024-01-29T15:53:35+00:00","dateModified":"2026-03-15T17:48:05+00:00","description":"Ciesz si\u0119 \u015bwie\u017co\u015bci\u0105 i jako\u015bci\u0105 dzi\u0119ki naszemu uchwytowi na rolki. Elegancja i trwa\u0142o\u015b\u0107 spotykaj\u0105 si\u0119 w tym niezb\u0119dnym akcesorium - kup je teraz!","breadcrumb":{"@id":"https:\/\/iguanasmoke.com\/producto\/porta-pre-roll\/#breadcrumb"},"inLanguage":"pl-PL","potentialAction":[{"@type":"ReadAction","target":["https:\/\/iguanasmoke.com\/producto\/porta-pre-roll\/"]}]},{"@type":"ImageObject","inLanguage":"pl-PL","@id":"https:\/\/iguanasmoke.com\/producto\/porta-pre-roll\/#primaryimage","url":"https:\/\/iguanasmoke.com\/wp-content\/uploads\/2024\/01\/Porta-Pre-Roll-webp-1.webp","contentUrl":"https:\/\/iguanasmoke.com\/wp-content\/uploads\/2024\/01\/Porta-Pre-Roll-webp-1.webp","width":500,"height":500,"caption":"Porta pre roll"},{"@type":"BreadcrumbList","@id":"https:\/\/iguanasmoke.com\/producto\/porta-pre-roll\/#breadcrumb","itemListElement":[{"@type":"ListItem","position":1,"name":"home","item":"https:\/\/iguanasmoke.com\/"},{"@type":"ListItem","position":2,"name":"Tienda","item":"https:\/\/iguanasmoke.com\/tienda\/"},{"@type":"ListItem","position":3,"name":"Merch","item":"https:\/\/iguanasmoke.com\/categoria\/merchandise-de-iguana-smoke\/"},{"@type":"ListItem","position":4,"name":"Porta Pre Roll Iguana Smoke"}]},{"@type":"WebSite","@id":"https:\/\/iguanasmoke.com\/#website","url":"https:\/\/iguanasmoke.com\/","name":"Iguana Smoke","description":"Kup CBD online w najlepszej cenie","publisher":{"@id":"https:\/\/iguanasmoke.com\/#organization"},"potentialAction":[{"@type":"SearchAction","target":{"@type":"EntryPoint","urlTemplate":"https:\/\/iguanasmoke.com\/?s={search_term_string}"},"query-input":{"@type":"PropertyValueSpecification","valueRequired":true,"valueName":"search_term_string"}}],"inLanguage":"pl-PL"},{"@type":"Organization","@id":"https:\/\/iguanasmoke.com\/#organization","name":"Iguana Smoke","url":"https:\/\/iguanasmoke.com\/","logo":{"@type":"ImageObject","inLanguage":"pl-PL","@id":"https:\/\/iguanasmoke.com\/#\/schema\/logo\/image\/","url":"https:\/\/iguanasmoke.com\/wp-content\/uploads\/2025\/01\/logoiguana-favi-1.png","contentUrl":"https:\/\/iguanasmoke.com\/wp-content\/uploads\/2025\/01\/logoiguana-favi-1.png","width":512,"height":512,"caption":"Iguana Smoke"},"image":{"@id":"https:\/\/iguanasmoke.com\/#\/schema\/logo\/image\/"},"sameAs":["https:\/\/www.facebook.com\/iguanasmoke","https:\/\/www.instagram.com\/iguanasmoke\/"]}]},"product_brand":"simple","product_price_amount":"6.00","product_price_currency":"EUR","og_availability":"instock","product_availability":"instock","product_retailer_item_id":"IS-PORTAROLL","product_condition":"new"},"_links":{"self":[{"href":"https:\/\/iguanasmoke.com\/pl\/wp-json\/wp\/v2\/product\/29146","targetHints":{"allow":["GET"]}}],"collection":[{"href":"https:\/\/iguanasmoke.com\/pl\/wp-json\/wp\/v2\/product"}],"about":[{"href":"https:\/\/iguanasmoke.com\/pl\/wp-json\/wp\/v2\/types\/product"}],"replies":[{"embeddable":true,"href":"https:\/\/iguanasmoke.com\/pl\/wp-json\/wp\/v2\/comments?post=29146"}],"wp:featuredmedia":[{"embeddable":true,"href":"https:\/\/iguanasmoke.com\/pl\/wp-json\/wp\/v2\/media\/29257"}],"wp:attachment":[{"href":"https:\/\/iguanasmoke.com\/pl\/wp-json\/wp\/v2\/media?parent=29146"}],"wp:term":[{"taxonomy":"product_brand","embeddable":true,"href":"https:\/\/iguanasmoke.com\/pl\/wp-json\/wp\/v2\/product_brand?post=29146"},{"taxonomy":"product_cat","embeddable":true,"href":"https:\/\/iguanasmoke.com\/pl\/wp-json\/wp\/v2\/product_cat?post=29146"},{"taxonomy":"product_tag","embeddable":true,"href":"https:\/\/iguanasmoke.com\/pl\/wp-json\/wp\/v2\/product_tag?post=29146"}],"curies":[{"name":"wp","href":"https:\/\/api.w.org\/{rel}","templated":true}]}}