{"id":31972,"date":"2024-03-27T19:09:04","date_gmt":"2024-03-27T18:09:04","guid":{"rendered":"https:\/\/iguanasmoke.com\/?post_type=product&#038;p=31972"},"modified":"2025-12-26T15:48:43","modified_gmt":"2025-12-26T14:48:43","slug":"zel-calmex-cbd-1500mg-100ml","status":"publish","type":"product","link":"https:\/\/iguanasmoke.com\/pl\/producto\/gel-calmex-cbd-1500mg-100ml\/","title":{"rendered":"Calmex CBD Gel 1500mg 100ml"},"content":{"rendered":"<h1><span style=\"font-weight: 400;\">\u017bel Calmex 1500 mg CBD <\/span><\/h1>\n<p data-start=\"438\" data-end=\"886\"><span style=\"font-weight: 400;\">The <strong>\u017bel Calmex CBD<\/strong> <strong>1500 mg<\/strong> to \u017cel z kannabidiolu, kt\u00f3ry ma na celu zapewnienie <strong>Szybka, miejscowa i skuteczna ulga<\/strong> dzi\u0119ki pot\u0119\u017cnemu <strong>efekt zimna<\/strong>. Zawiera r\u00f3wnie\u017c <strong>1500 mg czystego CBD w 100 ml<\/strong>, i dlatego jest idealnym wyborem dla tych, kt\u00f3rzy szukaj\u0105 profesjonalnego \u017celu CBD do piel\u0119gnacji cia\u0142a. <strong>regeneracja mi\u0119\u015bni<\/strong>, \u0142agodzenie b\u00f3lu i codzienne dobre samopoczucie fizyczne. <\/span><\/p>\n<p data-start=\"438\" data-end=\"886\"><span style=\"font-weight: 400;\">Zaprojektowany, aby \u0142agodzi\u0107 napi\u0119cie i wskazany dla os\u00f3b aktywnych oraz u\u017cytkownik\u00f3w, kt\u00f3rzy chc\u0105 <strong>Naturalna i skuteczna alternatywa<\/strong> do tradycyjnych lek\u00f3w przeciwb\u00f3lowych <strong>\u017bel Calmex CBD<\/strong> dzia\u0142a bezpo\u015brednio na aplikowany obszar, zapewniaj\u0105c natychmiastowe i d\u0142ugotrwa\u0142e uczucie \u015bwie\u017co\u015bci.<\/span><\/p>\n<h2 data-start=\"438\" data-end=\"886\"><strong>Do czego s\u0142u\u017cy? <\/strong><\/h2>\n<p data-start=\"438\" data-end=\"886\"><span style=\"font-weight: 400;\">The <strong>\u017bel Calmex CBD <\/strong>jest wskazany w \u0142agodzeniu dyskomfortu mi\u0119\u015bni i staw\u00f3w, szczeg\u00f3lnie w sytuacjach: <\/span><\/p>\n<ul>\n<li data-start=\"438\" data-end=\"886\"><span style=\"font-weight: 400;\">Przeci\u0105\u017cenie mi\u0119\u015bni <\/span><\/li>\n<li data-start=\"438\" data-end=\"886\"><span style=\"font-weight: 400;\">\u0141agodny stan zapalny <\/span><\/li>\n<li data-start=\"438\" data-end=\"886\"><span style=\"font-weight: 400;\">Napi\u0119cia po intensywnych treningach fizycznych <\/span><\/li>\n<\/ul>\n<h2 data-start=\"438\" data-end=\"886\"><strong>Spos\u00f3b u\u017cycia \u017celu Calmex CBD 1500 mg:<\/strong><\/h2>\n<p data-start=\"438\" data-end=\"886\"><span style=\"font-weight: 400;\">Nak\u0142ada\u0107 miejscowo na wybrany obszar. <\/span><\/p>\n<p data-start=\"438\" data-end=\"886\"><span style=\"font-weight: 400;\"><strong>Wskazania:<\/strong> <\/span><\/p>\n<ol>\n<li data-start=\"438\" data-end=\"886\"><span style=\"font-weight: 400;\">Na\u0142o\u017cy\u0107 niewielk\u0105 ilo\u015b\u0107 na czyst\u0105, such\u0105 sk\u00f3r\u0119. <\/span><\/li>\n<li data-start=\"438\" data-end=\"886\"><span style=\"font-weight: 400;\">Delikatnie wmasowa\u0107 a\u017c do ca\u0142kowitego wch\u0142oni\u0119cia <\/span><\/li>\n<li data-start=\"438\" data-end=\"886\"><span style=\"font-weight: 400;\">Stosowa\u0107 przed lub po treningu lub w razie potrzeby. <\/span><\/li>\n<\/ol>\n<p><span style=\"font-weight: 400;\"><strong>Zalecane obszary:<\/strong> plec\u00f3w, szyi, ramion, kolan, \u0142okci i n\u00f3g. <\/span><\/p>\n<p><span style=\"font-weight: 400;\">\u26a0\ufe0fConsejo: unika\u0107 kontaktu z oczami i b\u0142onami \u015bluzowymi. Tylko do u\u017cytku zewn\u0119trznego.<\/span><\/p>\n<p>Dla lepszej koncentracji i efektu ch\u0142odzenia, wypr\u00f3buj <strong><a href=\"https:\/\/iguanasmoke.com\/pl\/product-2\/calmex-pro-5000mg-zel-cbd-z-efektem-przeziebienia\/\">D\u017cel Calmex Pro 500 mg CBD<\/a>.<\/strong><\/p>\n<h2 data-start=\"4544\" data-end=\"4574\">Charakterystyka techniczna <span style=\"font-weight: 400;\"><strong>\u017bel Calmex CBD<\/strong> <strong>1500 mg<\/strong><\/span><\/h2>\n<ul>\n<li><strong>Format: 10ml<\/strong><\/li>\n<li>Zawarto\u015b\u0107 CBD: 1500 mg czysto\u015bci<\/li>\n<li>Efekt: Zimno<\/li>\n<li>Konsystencja: lekki, niet\u0142usty \u017cel<\/li>\n<li>Zastosowanie: Miejscowe<\/li>\n<li>Wch\u0142anianie: szybkie<\/li>\n<li>Odpowiedni dla: Wszystkie rodzaje sk\u00f3ry<\/li>\n<\/ul>\n<h3><b>Iguana Smoke to zaufany internetowy sklep CBD<\/b><\/h3>\n<p><span style=\"font-weight: 400;\">Przy<strong> Iguana Smoke<\/strong>, Wierzymy, \u017ce korzystanie z CBD powinno by\u0107 bezpiecznym i przyjemnym do\u015bwiadczeniem. W\u0142a\u015bnie dlatego mamy produkty, kt\u00f3re \u0142\u0105cz\u0105 si\u0119 z nowym pokoleniem: lud\u017ami, kt\u00f3rzy szukaj\u0105 nieskomplikowanego wellness, z autentycznymi i niezawodnymi markami.\u00a0<\/span><\/p>\n<p>Nasza misja jest jasna: dostarcza\u0107 najlepsze kannabinoidy w uczciwej cenie. Ponadto dajemy ci spok\u00f3j ducha, wiedz\u0105c, \u017ce wybierasz certyfikowany, skuteczny i legalny produkt 100%. Tw\u00f3j czas relaksu zaczyna si\u0119 z nami.<\/p>\n<p>Nadal masz w\u0105tpliwo\u015bci? Napisz do nas, a z przyjemno\u015bci\u0105 pomo\u017cemy Ci znale\u017a\u0107 odpowiedni produkt.<\/p>","protected":false},"excerpt":{"rendered":"<p><span style=\"font-weight: 400;\">The <strong data-start=\"5270\" data-end=\"5302\">\u017bel Calmex 1500 mg CBD <\/strong>Jest to \u017cel z kannabidiolem o dzia\u0142aniu ch\u0142odz\u0105cym, przeznaczony do szybkiego \u0142agodzenia b\u00f3lu mi\u0119\u015bni i staw\u00f3w. Jego szybko wch\u0142anialna, niet\u0142usta formu\u0142a dzia\u0142a miejscowo.\u00a0<\/span><\/p>","protected":false},"featured_media":31978,"comment_status":"open","ping_status":"closed","template":"","meta":{"_acf_changed":false,"site-sidebar-layout":"default","site-content-layout":"","ast-site-content-layout":"default","site-content-style":"default","site-sidebar-style":"default","ast-global-header-display":"","ast-banner-title-visibility":"","ast-main-header-display":"","ast-hfb-above-header-display":"","ast-hfb-below-header-display":"","ast-hfb-mobile-header-display":"","site-post-title":"","ast-breadcrumbs-content":"","ast-featured-img":"","footer-sml-layout":"","theme-transparent-header-meta":"default","adv-header-id-meta":"","stick-header-meta":"","header-above-stick-meta":"","header-main-stick-meta":"","header-below-stick-meta":"","astra-migrate-meta-layouts":"set","ast-page-background-enabled":"default","ast-page-background-meta":{"desktop":{"background-color":"var(--ast-global-color-4)","background-image":"","background-repeat":"repeat","background-position":"center center","background-size":"auto","background-attachment":"scroll","background-type":"","background-media":"","overlay-type":"","overlay-color":"","overlay-opacity":"","overlay-gradient":""},"tablet":{"background-color":"","background-image":"","background-repeat":"repeat","background-position":"center center","background-size":"auto","background-attachment":"scroll","background-type":"","background-media":"","overlay-type":"","overlay-color":"","overlay-opacity":"","overlay-gradient":""},"mobile":{"background-color":"","background-image":"","background-repeat":"repeat","background-position":"center center","background-size":"auto","background-attachment":"scroll","background-type":"","background-media":"","overlay-type":"","overlay-color":"","overlay-opacity":"","overlay-gradient":""}},"ast-content-background-meta":{"desktop":{"background-color":"var(--ast-global-color-5)","background-image":"","background-repeat":"repeat","background-position":"center center","background-size":"auto","background-attachment":"scroll","background-type":"","background-media":"","overlay-type":"","overlay-color":"","overlay-opacity":"","overlay-gradient":""},"tablet":{"background-color":"var(--ast-global-color-5)","background-image":"","background-repeat":"repeat","background-position":"center center","background-size":"auto","background-attachment":"scroll","background-type":"","background-media":"","overlay-type":"","overlay-color":"","overlay-opacity":"","overlay-gradient":""},"mobile":{"background-color":"var(--ast-global-color-5)","background-image":"","background-repeat":"repeat","background-position":"center center","background-size":"auto","background-attachment":"scroll","background-type":"","background-media":"","overlay-type":"","overlay-color":"","overlay-opacity":"","overlay-gradient":""}}},"product_brand":[],"product_cat":[455,456,458],"product_tag":[],"class_list":{"0":"post-31972","1":"product","2":"type-product","3":"status-publish","4":"has-post-thumbnail","6":"product_cat-cosmeticos-cbd","7":"product_cat-lyf","8":"product_cat-marios-market","9":"desktop-align-center","10":"tablet-align-center","11":"mobile-align-center","13":"first","14":"instock","15":"taxable","16":"shipping-taxable","17":"purchasable","18":"product-type-simple"},"acf":[],"yoast_head":"<!-- This site is optimized with the Yoast SEO Premium plugin v27.5 (Yoast SEO v27.5) - https:\/\/yoast.com\/product\/yoast-seo-premium-wordpress\/ -->\n<title>Gel Calmex CBD 1500mg -Alivio natural del dolor | Iguana Smoke<\/title>\n<meta name=\"description\" content=\"Consigue tu Gel Calmex CBD 1500mg en THE LYF LABS. Alivio natural con CBD para molestias musculares. Rutina de cuidado calmante con CBD\" \/>\n<meta name=\"robots\" content=\"index, follow, max-snippet:-1, max-image-preview:large, max-video-preview:-1\" \/>\n<link rel=\"canonical\" href=\"https:\/\/iguanasmoke.com\/pl\/product-2\/zel-calmex-cbd-1500mg-100ml\/\" \/>\n<meta property=\"og:locale\" content=\"pl_PL\" \/>\n<meta property=\"og:type\" content=\"article\" \/>\n<meta property=\"og:title\" content=\"Gel Calmex CBD 1500mg 100ml\" \/>\n<meta property=\"og:description\" content=\"El Gel Calmex 1500mg de CBD es un gel de cannabidiol con efecto fr\u00edo, dise\u00f1ado para el alivio r\u00e1pido del dolor muscular y articular. Su f\u00f3rmula de r\u00e1pida absorci\u00f3n, no grasa, act\u00faa de forma localizada.\u00a0\" \/>\n<meta property=\"og:url\" content=\"https:\/\/iguanasmoke.com\/pl\/product-2\/zel-calmex-cbd-1500mg-100ml\/\" \/>\n<meta property=\"og:site_name\" content=\"Iguana Smoke\" \/>\n<meta property=\"article:publisher\" content=\"https:\/\/www.facebook.com\/iguanasmoke\" \/>\n<meta property=\"article:modified_time\" content=\"2025-12-26T14:48:43+00:00\" \/>\n<meta property=\"og:image\" content=\"https:\/\/iguanasmoke.com\/wp-content\/uploads\/2024\/03\/Gel-Calmex-webp.webp\" \/>\n\t<meta property=\"og:image:width\" content=\"500\" \/>\n\t<meta property=\"og:image:height\" content=\"500\" \/>\n\t<meta property=\"og:image:type\" content=\"image\/webp\" \/>\n<meta name=\"twitter:card\" content=\"summary_large_image\" \/>\n<meta name=\"twitter:label1\" content=\"Cena\" \/>\n\t<meta name=\"twitter:data1\" content=\"25,90&nbsp;&euro;\" \/>\n\t<meta name=\"twitter:label2\" content=\"Dost\u0119pno\u015b\u0107\" \/>\n\t<meta name=\"twitter:data2\" content=\"Dost\u0119pny\" \/>\n<meta property=\"product:brand\" content=\"simple\" \/>\n<meta property=\"product:price:amount\" content=\"25.90\" \/>\n<meta property=\"product:price:currency\" content=\"EUR\" \/>\n<meta property=\"og:availability\" content=\"instock\" \/>\n<meta property=\"product:availability\" content=\"instock\" \/>\n<meta property=\"product:retailer_item_id\" content=\"LYF-CALMEX\" \/>\n<meta property=\"product:condition\" content=\"new\" \/>\n<!-- \/ Yoast SEO Premium plugin. -->","yoast_head_json":{"title":"\u017bel Calmex CBD 1500 mg - Naturalne \u0142agodzenie b\u00f3lu | Iguana Smoke","description":"Zdob\u0105d\u017a sw\u00f3j \u017cel Calmex CBD 1500 mg w THE LYF LABS. Naturalna ulga dzi\u0119ki CBD na b\u00f3le mi\u0119\u015bni. Ukojenie i piel\u0119gnacja z CBD.","robots":{"index":"index","follow":"follow","max-snippet":"max-snippet:-1","max-image-preview":"max-image-preview:large","max-video-preview":"max-video-preview:-1"},"canonical":"https:\/\/iguanasmoke.com\/pl\/product-2\/zel-calmex-cbd-1500mg-100ml\/","og_locale":"pl_PL","og_type":"article","og_title":"Gel Calmex CBD 1500mg 100ml","og_description":"El Gel Calmex 1500mg de CBD es un gel de cannabidiol con efecto fr\u00edo, dise\u00f1ado para el alivio r\u00e1pido del dolor muscular y articular. Su f\u00f3rmula de r\u00e1pida absorci\u00f3n, no grasa, act\u00faa de forma localizada.\u00a0","og_url":"https:\/\/iguanasmoke.com\/pl\/product-2\/zel-calmex-cbd-1500mg-100ml\/","og_site_name":"Iguana Smoke","article_publisher":"https:\/\/www.facebook.com\/iguanasmoke","article_modified_time":"2025-12-26T14:48:43+00:00","og_image":[{"width":500,"height":500,"url":"https:\/\/iguanasmoke.com\/wp-content\/uploads\/2024\/03\/Gel-Calmex-webp.webp","type":"image\/webp"}],"twitter_card":"summary_large_image","twitter_misc":{"Cena":"25,90&nbsp;&euro;","Dost\u0119pno\u015b\u0107":"Dost\u0119pny"},"schema":{"@context":"https:\/\/schema.org","@graph":[{"@type":"WebPage","@id":"https:\/\/iguanasmoke.com\/producto\/gel-calmex-cbd-1500mg-100ml\/","url":"https:\/\/iguanasmoke.com\/producto\/gel-calmex-cbd-1500mg-100ml\/","name":"\u017bel Calmex CBD 1500 mg - Naturalne \u0142agodzenie b\u00f3lu | Iguana Smoke","isPartOf":{"@id":"https:\/\/iguanasmoke.com\/#website"},"primaryImageOfPage":{"@id":"https:\/\/iguanasmoke.com\/producto\/gel-calmex-cbd-1500mg-100ml\/#primaryimage"},"image":{"@id":"https:\/\/iguanasmoke.com\/producto\/gel-calmex-cbd-1500mg-100ml\/#primaryimage"},"thumbnailUrl":"https:\/\/iguanasmoke.com\/wp-content\/uploads\/2024\/03\/Gel-Calmex-webp.webp","datePublished":"2024-03-27T18:09:04+00:00","dateModified":"2025-12-26T14:48:43+00:00","description":"Zdob\u0105d\u017a sw\u00f3j \u017cel Calmex CBD 1500 mg w THE LYF LABS. Naturalna ulga dzi\u0119ki CBD na b\u00f3le mi\u0119\u015bni. Ukojenie i piel\u0119gnacja z CBD.","breadcrumb":{"@id":"https:\/\/iguanasmoke.com\/producto\/gel-calmex-cbd-1500mg-100ml\/#breadcrumb"},"inLanguage":"pl-PL","potentialAction":[{"@type":"ReadAction","target":["https:\/\/iguanasmoke.com\/producto\/gel-calmex-cbd-1500mg-100ml\/"]}]},{"@type":"ImageObject","inLanguage":"pl-PL","@id":"https:\/\/iguanasmoke.com\/producto\/gel-calmex-cbd-1500mg-100ml\/#primaryimage","url":"https:\/\/iguanasmoke.com\/wp-content\/uploads\/2024\/03\/Gel-Calmex-webp.webp","contentUrl":"https:\/\/iguanasmoke.com\/wp-content\/uploads\/2024\/03\/Gel-Calmex-webp.webp","width":500,"height":500,"caption":"gel calmex 1500"},{"@type":"BreadcrumbList","@id":"https:\/\/iguanasmoke.com\/producto\/gel-calmex-cbd-1500mg-100ml\/#breadcrumb","itemListElement":[{"@type":"ListItem","position":1,"name":"home","item":"https:\/\/iguanasmoke.com\/"},{"@type":"ListItem","position":2,"name":"Tienda","item":"https:\/\/iguanasmoke.com\/tienda\/"},{"@type":"ListItem","position":3,"name":"Mario's Market","item":"https:\/\/iguanasmoke.com\/categoria\/marios-market\/"},{"@type":"ListItem","position":4,"name":"Gel Calmex CBD 1500mg 100ml"}]},{"@type":"WebSite","@id":"https:\/\/iguanasmoke.com\/#website","url":"https:\/\/iguanasmoke.com\/","name":"Iguana Smoke","description":"Kup CBD online w najlepszej cenie","publisher":{"@id":"https:\/\/iguanasmoke.com\/#organization"},"potentialAction":[{"@type":"SearchAction","target":{"@type":"EntryPoint","urlTemplate":"https:\/\/iguanasmoke.com\/?s={search_term_string}"},"query-input":{"@type":"PropertyValueSpecification","valueRequired":true,"valueName":"search_term_string"}}],"inLanguage":"pl-PL"},{"@type":"Organization","@id":"https:\/\/iguanasmoke.com\/#organization","name":"Iguana Smoke","url":"https:\/\/iguanasmoke.com\/","logo":{"@type":"ImageObject","inLanguage":"pl-PL","@id":"https:\/\/iguanasmoke.com\/#\/schema\/logo\/image\/","url":"https:\/\/iguanasmoke.com\/wp-content\/uploads\/2025\/01\/logoiguana-favi-1.png","contentUrl":"https:\/\/iguanasmoke.com\/wp-content\/uploads\/2025\/01\/logoiguana-favi-1.png","width":512,"height":512,"caption":"Iguana Smoke"},"image":{"@id":"https:\/\/iguanasmoke.com\/#\/schema\/logo\/image\/"},"sameAs":["https:\/\/www.facebook.com\/iguanasmoke","https:\/\/www.instagram.com\/iguanasmoke\/"]}]},"product_brand":"simple","product_price_amount":"25.90","product_price_currency":"EUR","og_availability":"instock","product_availability":"instock","product_retailer_item_id":"LYF-CALMEX","product_condition":"new"},"_links":{"self":[{"href":"https:\/\/iguanasmoke.com\/pl\/wp-json\/wp\/v2\/product\/31972","targetHints":{"allow":["GET"]}}],"collection":[{"href":"https:\/\/iguanasmoke.com\/pl\/wp-json\/wp\/v2\/product"}],"about":[{"href":"https:\/\/iguanasmoke.com\/pl\/wp-json\/wp\/v2\/types\/product"}],"replies":[{"embeddable":true,"href":"https:\/\/iguanasmoke.com\/pl\/wp-json\/wp\/v2\/comments?post=31972"}],"wp:featuredmedia":[{"embeddable":true,"href":"https:\/\/iguanasmoke.com\/pl\/wp-json\/wp\/v2\/media\/31978"}],"wp:attachment":[{"href":"https:\/\/iguanasmoke.com\/pl\/wp-json\/wp\/v2\/media?parent=31972"}],"wp:term":[{"taxonomy":"product_brand","embeddable":true,"href":"https:\/\/iguanasmoke.com\/pl\/wp-json\/wp\/v2\/product_brand?post=31972"},{"taxonomy":"product_cat","embeddable":true,"href":"https:\/\/iguanasmoke.com\/pl\/wp-json\/wp\/v2\/product_cat?post=31972"},{"taxonomy":"product_tag","embeddable":true,"href":"https:\/\/iguanasmoke.com\/pl\/wp-json\/wp\/v2\/product_tag?post=31972"}],"curies":[{"name":"wp","href":"https:\/\/api.w.org\/{rel}","templated":true}]}}