{"id":31973,"date":"2024-03-27T19:09:05","date_gmt":"2024-03-27T18:09:05","guid":{"rendered":"https:\/\/iguanasmoke.com\/?post_type=product&#038;p=31973"},"modified":"2025-12-26T15:55:53","modified_gmt":"2025-12-26T14:55:53","slug":"migradol-cbd-90mg-10ml","status":"publish","type":"product","link":"https:\/\/iguanasmoke.com\/pl\/producto\/migradol-cbd-90mg-10ml\/","title":{"rendered":"Migradol CBD 90mg 10ml"},"content":{"rendered":"<h1><span style=\"font-weight: 400;\">Migradol CBD 90mg<\/span><\/h1>\n<p data-start=\"292\" data-end=\"627\"><strong data-start=\"292\" data-end=\"308\">Migradol CBD<\/strong> z <strong data-start=\"312\" data-end=\"328\">THE LYF LABS<\/strong> es una soluci\u00f3n t\u00f3pica innovadora dise\u00f1ada para el <strong data-start=\"380\" data-end=\"446\">alivio natural de las migra\u00f1as y dolores de cabeza tensionales<\/strong>. Gracias a su f\u00f3rmula avanzada con <strong data-start=\"482\" data-end=\"498\">90 mg de CBD<\/strong> y una cuidada selecci\u00f3n de aceites esenciales, act\u00faa de forma r\u00e1pida y localizada para ayudarte a recuperar tu bienestar diario. De hecho, Migradol CBD 90mg es popular por su eficacia.<\/p>\n<p data-start=\"629\" data-end=\"909\">Adem\u00e1s, su pr\u00e1ctico <strong data-start=\"649\" data-end=\"677\">formato Roll-On de 10 ml<\/strong> permite una aplicaci\u00f3n precisa, c\u00f3moda y limpia en cualquier momento y lugar. De este modo, Migradol CBD se convierte en el aliado ideal para quienes buscan una alternativa natural, eficaz y sin f\u00e1rmacos para combatir las migra\u00f1as. Con Migradol CBD 90mg, la aplicaci\u00f3n es simple y efectiva.<\/p>\n<h2 data-start=\"629\" data-end=\"909\"><strong>\u00bfC\u00f3mo act\u00faa Migradol CBD contra la migra\u00f1a?<\/strong><\/h2>\n<p data-start=\"964\" data-end=\"1304\">La eficacia de <strong data-start=\"979\" data-end=\"995\">Migradol CBD<\/strong> se basa en la <strong data-start=\"1010\" data-end=\"1065\">sinergia entre el cannabidiol y extractos naturales<\/strong> cuidadosamente seleccionados. Por un lado, el <strong data-start=\"1112\" data-end=\"1119\">CBD<\/strong> ayuda a relajar y calmar la zona aplicada; por otro, ingredientes como la <strong data-start=\"1194\" data-end=\"1216\">menta y la lavanda<\/strong> aportan un efecto refrescante y calmante que favorece la sensaci\u00f3n de alivio inmediato. Esta combinaci\u00f3n hace que Migradol CBD 90mg sea una opci\u00f3n preferida por muchos.<\/p>\n<p data-start=\"1306\" data-end=\"1335\">Como resultado, Migradol CBD:<\/p>\n<ul>\n<li data-start=\"1338\" data-end=\"1385\">Ayuda a reducir la tensi\u00f3n en sienes y cabeza<\/li>\n<li data-start=\"1338\" data-end=\"1385\">Proporciona una sensaci\u00f3n de frescor y relajaci\u00f3n<\/li>\n<li data-start=\"1338\" data-end=\"1385\">Favorece el alivio progresivo de las molestias asociadas a la migra\u00f1a<\/li>\n<\/ul>\n<h2><strong>Beneficios de Migradol CBD 90mg<\/strong><\/h2>\n<p data-start=\"1551\" data-end=\"1644\">Gracias a su formulaci\u00f3n natural y equilibrada, <strong data-start=\"1599\" data-end=\"1615\">Migradol CBD<\/strong> ofrece m\u00faltiples beneficios:<\/p>\n<ul data-start=\"1646\" data-end=\"1945\">\n<li data-start=\"1646\" data-end=\"1704\">\n<p data-start=\"1648\" data-end=\"1704\">&#x2714;&#xfe0f; <strong data-start=\"1651\" data-end=\"1681\">Alivio localizado y r\u00e1pido<\/strong> de migra\u00f1as y cefaleas<\/p>\n<\/li>\n<li data-start=\"1705\" data-end=\"1760\">\n<p data-start=\"1707\" data-end=\"1760\">&#x2714;&#xfe0f; <strong data-start=\"1710\" data-end=\"1726\">90 mg de CBD<\/strong> para potenciar el efecto calmante<\/p>\n<\/li>\n<li data-start=\"1761\" data-end=\"1811\">\n<p data-start=\"1763\" data-end=\"1811\">&#x2714;&#xfe0f; <strong data-start=\"1766\" data-end=\"1785\">Formato Roll-On<\/strong>, pr\u00e1ctico y f\u00e1cil de usar<\/p>\n<\/li>\n<li data-start=\"1812\" data-end=\"1851\">\n<p data-start=\"1814\" data-end=\"1851\">&#x2714;&#xfe0f; <strong data-start=\"1817\" data-end=\"1851\">Efecto refrescante y relajante<\/strong><\/p>\n<\/li>\n<li data-start=\"1852\" data-end=\"1897\">\n<p data-start=\"1854\" data-end=\"1897\">&#x2714;&#xfe0f; Elaborado con <strong data-start=\"1871\" data-end=\"1897\">ingredientes naturales<\/strong><\/p>\n<\/li>\n<li data-start=\"1898\" data-end=\"1945\">\n<p data-start=\"1900\" data-end=\"1945\">&#x2714;&#xfe0f; Ideal para uso diario y en cualquier lugar<\/p>\n<\/li>\n<\/ul>\n<h2 data-start=\"1952\" data-end=\"1982\">Modo de uso de Migradol CBD 90mg<\/h2>\n<p data-start=\"1984\" data-end=\"2046\">Para obtener los mejores resultados, sigue estas indicaciones:<\/p>\n<ul data-start=\"2048\" data-end=\"2198\">\n<li data-start=\"2048\" data-end=\"2079\">\n<p data-start=\"2050\" data-end=\"2079\">Uso <strong data-start=\"2054\" data-end=\"2079\">t\u00f3pico exclusivamente<\/strong><\/p>\n<\/li>\n<li data-start=\"2080\" data-end=\"2145\">\n<p data-start=\"2082\" data-end=\"2145\">Aplicar <strong data-start=\"2090\" data-end=\"2117\">1\u20132 pasadas del roll-on<\/strong> a ambos lados de las sienes<\/p>\n<\/li>\n<li data-start=\"2146\" data-end=\"2198\">\n<p data-start=\"2148\" data-end=\"2198\">Masajear suavemente si se desea hasta su absorci\u00f3n<\/p>\n<\/li>\n<\/ul>\n<h2 data-start=\"2509\" data-end=\"2551\">\u00bfPara qui\u00e9n est\u00e1 indicado Migradol CBD 90mg?<\/h2>\n<p data-start=\"2553\" data-end=\"2584\"><strong data-start=\"2553\" data-end=\"2569\">Migradol CBD<\/strong> es ideal para:<\/p>\n<ul>\n<li data-start=\"2587\" data-end=\"2631\">Personas que sufren <strong data-start=\"2607\" data-end=\"2631\">migra\u00f1as recurrentes<\/strong><\/li>\n<li data-start=\"2587\" data-end=\"2631\">Usuarios que buscan una <strong data-start=\"2658\" data-end=\"2681\">alternativa natural<\/strong> al uso de analg\u00e9sicos<\/li>\n<li data-start=\"2587\" data-end=\"2631\">Personas con estr\u00e9s o tensi\u00f3n acumulada en la zona craneal<\/li>\n<li data-start=\"2587\" data-end=\"2631\">Quienes desean un producto <strong data-start=\"2794\" data-end=\"2823\">c\u00f3modo, discreto y eficaz<\/strong><\/li>\n<\/ul>\n<h2 data-start=\"2830\" data-end=\"2861\">Ingredientes de Migradol CBD<\/h2>\n<p data-start=\"2863\" data-end=\"2949\">La f\u00f3rmula de <strong data-start=\"2877\" data-end=\"2893\">Migradol CBD<\/strong> combina aceites vegetales y esenciales de alta calidad:<\/p>\n<p data-start=\"2951\" data-end=\"3260\">Caprylic\/Capric Triglyceride, Prunus Amygdalus Dulcis Oil, Mentha Piperita Oil, L-Menthol, <strong data-start=\"3042\" data-end=\"3063\">Cannabidiol (CBD)<\/strong> derivado de extracto, tintura o resina de cannabis, Melaleuca Leucadendron Cajaput Oil, Eugenia Caryophyllus Leaf Oil, Tocopherol, Helianthus Annuus Seed Oil, Limonene, Linalool, Citral y Eugenol. Con todos estos ingredientes, Migradol CBD 90mg ofrece m\u00faltiples beneficios.<\/p>\n<h3><b>Iguana Smoke to zaufany internetowy sklep CBD<\/b><\/h3>\n<p><span style=\"font-weight: 400;\">Przy<strong> Iguana Smoke<\/strong>, Wierzymy, \u017ce korzystanie z CBD powinno by\u0107 bezpiecznym i przyjemnym do\u015bwiadczeniem. W\u0142a\u015bnie dlatego mamy produkty, kt\u00f3re \u0142\u0105cz\u0105 si\u0119 z nowym pokoleniem: lud\u017ami, kt\u00f3rzy szukaj\u0105 nieskomplikowanego wellness, z autentycznymi i niezawodnymi markami.\u00a0<\/span><\/p>\n<p>Nasza misja jest jasna: dostarcza\u0107 najlepsze kannabinoidy w uczciwej cenie. Ponadto dajemy ci spok\u00f3j ducha, wiedz\u0105c, \u017ce wybierasz certyfikowany, skuteczny i legalny produkt 100%. Tw\u00f3j czas relaksu zaczyna si\u0119 z nami.<\/p>\n<p>Nadal masz w\u0105tpliwo\u015bci? Napisz do nas, a z przyjemno\u015bci\u0105 pomo\u017cemy Ci znale\u017a\u0107 odpowiedni produkt.<\/p>","protected":false},"excerpt":{"rendered":"<p><strong data-start=\"159\" data-end=\"175\">Migradol CBD<\/strong> es un roll-on t\u00f3pico con <strong data-start=\"201\" data-end=\"225\">90 mg de cannabidiol:<\/strong><\/p>\n<ul>\n<li><strong data-start=\"245\" data-end=\"307\" data-is-only-node=\"\">Para el alivio r\u00e1pido y localizado de migra\u00f1as y dolores de cabeza<\/strong><\/li>\n<li>Combinaci\u00f3n de <strong data-start=\"337\" data-end=\"365\">CBD y aceites esenciales<\/strong><\/li>\n<li>Sensaci\u00f3n refrescante y calmante<\/li>\n<li><span data-start=\"441\" data-end=\"470\">F<\/span><strong data-start=\"441\" data-end=\"470\">ormato compacto de 10 ml<\/strong><\/li>\n<\/ul>","protected":false},"featured_media":34049,"comment_status":"open","ping_status":"closed","template":"","meta":{"_acf_changed":false,"site-sidebar-layout":"default","site-content-layout":"","ast-site-content-layout":"default","site-content-style":"default","site-sidebar-style":"default","ast-global-header-display":"","ast-banner-title-visibility":"","ast-main-header-display":"","ast-hfb-above-header-display":"","ast-hfb-below-header-display":"","ast-hfb-mobile-header-display":"","site-post-title":"","ast-breadcrumbs-content":"","ast-featured-img":"","footer-sml-layout":"","theme-transparent-header-meta":"default","adv-header-id-meta":"","stick-header-meta":"","header-above-stick-meta":"","header-main-stick-meta":"","header-below-stick-meta":"","astra-migrate-meta-layouts":"set","ast-page-background-enabled":"default","ast-page-background-meta":{"desktop":{"background-color":"var(--ast-global-color-4)","background-image":"","background-repeat":"repeat","background-position":"center center","background-size":"auto","background-attachment":"scroll","background-type":"","background-media":"","overlay-type":"","overlay-color":"","overlay-opacity":"","overlay-gradient":""},"tablet":{"background-color":"","background-image":"","background-repeat":"repeat","background-position":"center center","background-size":"auto","background-attachment":"scroll","background-type":"","background-media":"","overlay-type":"","overlay-color":"","overlay-opacity":"","overlay-gradient":""},"mobile":{"background-color":"","background-image":"","background-repeat":"repeat","background-position":"center center","background-size":"auto","background-attachment":"scroll","background-type":"","background-media":"","overlay-type":"","overlay-color":"","overlay-opacity":"","overlay-gradient":""}},"ast-content-background-meta":{"desktop":{"background-color":"var(--ast-global-color-5)","background-image":"","background-repeat":"repeat","background-position":"center center","background-size":"auto","background-attachment":"scroll","background-type":"","background-media":"","overlay-type":"","overlay-color":"","overlay-opacity":"","overlay-gradient":""},"tablet":{"background-color":"var(--ast-global-color-5)","background-image":"","background-repeat":"repeat","background-position":"center center","background-size":"auto","background-attachment":"scroll","background-type":"","background-media":"","overlay-type":"","overlay-color":"","overlay-opacity":"","overlay-gradient":""},"mobile":{"background-color":"var(--ast-global-color-5)","background-image":"","background-repeat":"repeat","background-position":"center center","background-size":"auto","background-attachment":"scroll","background-type":"","background-media":"","overlay-type":"","overlay-color":"","overlay-opacity":"","overlay-gradient":""}}},"product_brand":[],"product_cat":[455,456,458],"product_tag":[],"class_list":{"0":"post-31973","1":"product","2":"type-product","3":"status-publish","4":"has-post-thumbnail","6":"product_cat-cosmeticos-cbd","7":"product_cat-lyf","8":"product_cat-marios-market","9":"desktop-align-center","10":"tablet-align-center","11":"mobile-align-center","13":"first","14":"outofstock","15":"taxable","16":"shipping-taxable","17":"purchasable","18":"product-type-simple"},"acf":[],"yoast_head":"<!-- This site is optimized with the Yoast SEO Premium plugin v27.3 (Yoast SEO v27.3) - https:\/\/yoast.com\/product\/yoast-seo-premium-wordpress\/ -->\n<title>Migradol CBD 90mg | Iguana Smoke<\/title>\n<meta name=\"description\" content=\"Consigue tu Migradol CBD 90mg en THE LYF LABS, un producto natural e innovador para el alivio de las migra\u00f1as en un pr\u00e1ctico formato Roll-On.\" \/>\n<meta name=\"robots\" content=\"index, follow, max-snippet:-1, max-image-preview:large, max-video-preview:-1\" \/>\n<link rel=\"canonical\" href=\"https:\/\/iguanasmoke.com\/pl\/product-2\/migradol-cbd-90mg-10ml\/\" \/>\n<meta property=\"og:locale\" content=\"pl_PL\" \/>\n<meta property=\"og:type\" content=\"article\" \/>\n<meta property=\"og:title\" content=\"Migradol CBD 90mg 10ml\" \/>\n<meta property=\"og:description\" content=\"Migradol CBD es un roll-on t\u00f3pico con 90 mg de cannabidiol:   Para el alivio r\u00e1pido y localizado de migra\u00f1as y dolores de cabeza  Combinaci\u00f3n de CBD y aceites esenciales  Sensaci\u00f3n refrescante y calmante  Formato compacto de 10 ml\" \/>\n<meta property=\"og:url\" content=\"https:\/\/iguanasmoke.com\/pl\/product-2\/migradol-cbd-90mg-10ml\/\" \/>\n<meta property=\"og:site_name\" content=\"Iguana Smoke\" \/>\n<meta property=\"article:publisher\" content=\"https:\/\/www.facebook.com\/iguanasmoke\" \/>\n<meta property=\"article:modified_time\" content=\"2025-12-26T14:55:53+00:00\" \/>\n<meta property=\"og:image\" content=\"https:\/\/iguanasmoke.com\/wp-content\/uploads\/2024\/03\/migradol.webp\" \/>\n\t<meta property=\"og:image:width\" content=\"500\" \/>\n\t<meta property=\"og:image:height\" content=\"500\" \/>\n\t<meta property=\"og:image:type\" content=\"image\/webp\" \/>\n<meta name=\"twitter:card\" content=\"summary_large_image\" \/>\n<meta name=\"twitter:label1\" content=\"Cena\" \/>\n\t<meta name=\"twitter:data1\" content=\"15,90&nbsp;&euro;\" \/>\n\t<meta name=\"twitter:label2\" content=\"Dost\u0119pno\u015b\u0107\" \/>\n\t<meta name=\"twitter:data2\" content=\"Brak w magazynie\" \/>\n<meta property=\"product:brand\" content=\"simple\" \/>\n<meta property=\"product:price:amount\" content=\"15.90\" \/>\n<meta property=\"product:price:currency\" content=\"EUR\" \/>\n<meta property=\"og:availability\" content=\"out of stock\" \/>\n<meta property=\"product:availability\" content=\"out of stock\" \/>\n<meta property=\"product:retailer_item_id\" content=\"LYF-MIGRADOL\" \/>\n<meta property=\"product:condition\" content=\"new\" \/>\n<!-- \/ Yoast SEO Premium plugin. -->","yoast_head_json":{"title":"Migradol CBD 90mg | Iguana Smoke","description":"Consigue tu Migradol CBD 90mg en THE LYF LABS, un producto natural e innovador para el alivio de las migra\u00f1as en un pr\u00e1ctico formato Roll-On.","robots":{"index":"index","follow":"follow","max-snippet":"max-snippet:-1","max-image-preview":"max-image-preview:large","max-video-preview":"max-video-preview:-1"},"canonical":"https:\/\/iguanasmoke.com\/pl\/product-2\/migradol-cbd-90mg-10ml\/","og_locale":"pl_PL","og_type":"article","og_title":"Migradol CBD 90mg 10ml","og_description":"Migradol CBD es un roll-on t\u00f3pico con 90 mg de cannabidiol:   Para el alivio r\u00e1pido y localizado de migra\u00f1as y dolores de cabeza  Combinaci\u00f3n de CBD y aceites esenciales  Sensaci\u00f3n refrescante y calmante  Formato compacto de 10 ml","og_url":"https:\/\/iguanasmoke.com\/pl\/product-2\/migradol-cbd-90mg-10ml\/","og_site_name":"Iguana Smoke","article_publisher":"https:\/\/www.facebook.com\/iguanasmoke","article_modified_time":"2025-12-26T14:55:53+00:00","og_image":[{"width":500,"height":500,"url":"https:\/\/iguanasmoke.com\/wp-content\/uploads\/2024\/03\/migradol.webp","type":"image\/webp"}],"twitter_card":"summary_large_image","twitter_misc":{"Cena":"15,90&nbsp;&euro;","Dost\u0119pno\u015b\u0107":"Brak w magazynie"},"schema":{"@context":"https:\/\/schema.org","@graph":[{"@type":"WebPage","@id":"https:\/\/iguanasmoke.com\/producto\/migradol-cbd-90mg-10ml\/","url":"https:\/\/iguanasmoke.com\/producto\/migradol-cbd-90mg-10ml\/","name":"Migradol CBD 90mg | Iguana Smoke","isPartOf":{"@id":"https:\/\/iguanasmoke.com\/#website"},"primaryImageOfPage":{"@id":"https:\/\/iguanasmoke.com\/producto\/migradol-cbd-90mg-10ml\/#primaryimage"},"image":{"@id":"https:\/\/iguanasmoke.com\/producto\/migradol-cbd-90mg-10ml\/#primaryimage"},"thumbnailUrl":"https:\/\/iguanasmoke.com\/wp-content\/uploads\/2024\/03\/migradol.webp","datePublished":"2024-03-27T18:09:05+00:00","dateModified":"2025-12-26T14:55:53+00:00","description":"Consigue tu Migradol CBD 90mg en THE LYF LABS, un producto natural e innovador para el alivio de las migra\u00f1as en un pr\u00e1ctico formato Roll-On.","breadcrumb":{"@id":"https:\/\/iguanasmoke.com\/producto\/migradol-cbd-90mg-10ml\/#breadcrumb"},"inLanguage":"pl-PL","potentialAction":[{"@type":"ReadAction","target":["https:\/\/iguanasmoke.com\/producto\/migradol-cbd-90mg-10ml\/"]}]},{"@type":"ImageObject","inLanguage":"pl-PL","@id":"https:\/\/iguanasmoke.com\/producto\/migradol-cbd-90mg-10ml\/#primaryimage","url":"https:\/\/iguanasmoke.com\/wp-content\/uploads\/2024\/03\/migradol.webp","contentUrl":"https:\/\/iguanasmoke.com\/wp-content\/uploads\/2024\/03\/migradol.webp","width":500,"height":500,"caption":"gel dolor lyf Migradol CBD 90mg"},{"@type":"BreadcrumbList","@id":"https:\/\/iguanasmoke.com\/producto\/migradol-cbd-90mg-10ml\/#breadcrumb","itemListElement":[{"@type":"ListItem","position":1,"name":"home","item":"https:\/\/iguanasmoke.com\/"},{"@type":"ListItem","position":2,"name":"Tienda","item":"https:\/\/iguanasmoke.com\/tienda\/"},{"@type":"ListItem","position":3,"name":"Mario's Market","item":"https:\/\/iguanasmoke.com\/categoria\/marios-market\/"},{"@type":"ListItem","position":4,"name":"Migradol CBD 90mg 10ml"}]},{"@type":"WebSite","@id":"https:\/\/iguanasmoke.com\/#website","url":"https:\/\/iguanasmoke.com\/","name":"Iguana Smoke","description":"Kup CBD online w najlepszej cenie","publisher":{"@id":"https:\/\/iguanasmoke.com\/#organization"},"potentialAction":[{"@type":"SearchAction","target":{"@type":"EntryPoint","urlTemplate":"https:\/\/iguanasmoke.com\/?s={search_term_string}"},"query-input":{"@type":"PropertyValueSpecification","valueRequired":true,"valueName":"search_term_string"}}],"inLanguage":"pl-PL"},{"@type":"Organization","@id":"https:\/\/iguanasmoke.com\/#organization","name":"Iguana Smoke","url":"https:\/\/iguanasmoke.com\/","logo":{"@type":"ImageObject","inLanguage":"pl-PL","@id":"https:\/\/iguanasmoke.com\/#\/schema\/logo\/image\/","url":"https:\/\/iguanasmoke.com\/wp-content\/uploads\/2025\/01\/logoiguana-favi-1.png","contentUrl":"https:\/\/iguanasmoke.com\/wp-content\/uploads\/2025\/01\/logoiguana-favi-1.png","width":512,"height":512,"caption":"Iguana Smoke"},"image":{"@id":"https:\/\/iguanasmoke.com\/#\/schema\/logo\/image\/"},"sameAs":["https:\/\/www.facebook.com\/iguanasmoke","https:\/\/www.instagram.com\/iguanasmoke\/"]}]},"product_brand":"simple","product_price_amount":"15.90","product_price_currency":"EUR","og_availability":"out of stock","product_availability":"out of stock","product_retailer_item_id":"LYF-MIGRADOL","product_condition":"new"},"_links":{"self":[{"href":"https:\/\/iguanasmoke.com\/pl\/wp-json\/wp\/v2\/product\/31973","targetHints":{"allow":["GET"]}}],"collection":[{"href":"https:\/\/iguanasmoke.com\/pl\/wp-json\/wp\/v2\/product"}],"about":[{"href":"https:\/\/iguanasmoke.com\/pl\/wp-json\/wp\/v2\/types\/product"}],"replies":[{"embeddable":true,"href":"https:\/\/iguanasmoke.com\/pl\/wp-json\/wp\/v2\/comments?post=31973"}],"wp:featuredmedia":[{"embeddable":true,"href":"https:\/\/iguanasmoke.com\/pl\/wp-json\/wp\/v2\/media\/34049"}],"wp:attachment":[{"href":"https:\/\/iguanasmoke.com\/pl\/wp-json\/wp\/v2\/media?parent=31973"}],"wp:term":[{"taxonomy":"product_brand","embeddable":true,"href":"https:\/\/iguanasmoke.com\/pl\/wp-json\/wp\/v2\/product_brand?post=31973"},{"taxonomy":"product_cat","embeddable":true,"href":"https:\/\/iguanasmoke.com\/pl\/wp-json\/wp\/v2\/product_cat?post=31973"},{"taxonomy":"product_tag","embeddable":true,"href":"https:\/\/iguanasmoke.com\/pl\/wp-json\/wp\/v2\/product_tag?post=31973"}],"curies":[{"name":"wp","href":"https:\/\/api.w.org\/{rel}","templated":true}]}}