{"id":31975,"date":"2024-03-27T19:09:05","date_gmt":"2024-03-27T18:09:05","guid":{"rendered":"https:\/\/iguanasmoke.com\/?post_type=product&#038;p=31975"},"modified":"2025-08-28T13:06:58","modified_gmt":"2025-08-28T11:06:58","slug":"serum-night-cbd-100mg-30ml","status":"publish","type":"product","link":"https:\/\/iguanasmoke.com\/pl\/producto\/serum-night-cbd-100mg-30ml\/","title":{"rendered":"Serum CBD na noc 100mg 30ml"},"content":{"rendered":"<h3>Serum CBD na noc<\/h3>\n<p>Zanurz si\u0119 w spokoju nocy dzi\u0119ki naszemu wyj\u0105tkowemu serum CBD na noc THE LYF LABS, nasyconemu 100 mg CBD. Prezentowane w 30 ml butelce serum na noc jest kluczem do rewitalizacji sk\u00f3ry podczas snu. Silne po\u0142\u0105czenie CBD i najwy\u017cszej jako\u015bci sk\u0142adnik\u00f3w dzia\u0142a harmonijnie, aby od\u017cywi\u0107, naprawi\u0107 i odm\u0142odzi\u0107 sk\u00f3r\u0119 po aktywnym dniu. Obud\u017a si\u0119 z odnowion\u0105, promienn\u0105 cer\u0105 ka\u017cdego ranka. Odkryj moc nocnej piel\u0119gnacji z THE LYF LABS Night Serum, Twoim sekretem promiennej, zdrowo wygl\u0105daj\u0105cej sk\u00f3ry. Wznie\u015b swoj\u0105 rutyn\u0119 piel\u0119gnacyjn\u0105 na nowy poziom, gdzie odpoczynek spotyka si\u0119 z pi\u0119knem. Dodatkowo, uzupe\u0142nij swoj\u0105 rutyn\u0119 o <a href=\"https:\/\/iguanasmoke.com\/pl\/product-2\/serum-na-dzien-cbd-100mg-30ml\/\">Serum CBD na dzie\u0144<\/a>.<\/p>\n<p><strong>Jak u\u017cywa\u0107<\/strong>Stosowanie miejscowe. 1-2 aplikacje z delikatnym masa\u017cem. Unika\u0107 kontaktu z oczami. W przypadku podra\u017cnienia przerwa\u0107 stosowanie. Nie po\u0142yka\u0107. Przechowywa\u0107 w miejscu niedost\u0119pnym dla dzieci. Przechowywa\u0107 w ch\u0142odnym, ciemnym miejscu.<\/p>\n<p><strong>Sk\u0142adniki<\/strong>Aqua, Glycerin, Sodium Hyaluronate, Potassium Sorbate, Sodium Benzoate, Caprylic\/capric Triglyceride, Lactic acid, Cannabidiol - derived from extract or tincture or resin of cannabis, Centella Asiatica Extract, Vanilla Planifolia Fruit Oil, Rosa Canina Fruit Oil, Helianthus Annus Seed Oil, Tocopherol, Sodium Lactate, Eugenol.<\/p>","protected":false},"excerpt":{"rendered":"<ul>\n<li>100 mg CBD<\/li>\n<li>Butelka 30 ml<\/li>\n<\/ul>","protected":false},"featured_media":34051,"comment_status":"open","ping_status":"closed","template":"","meta":{"_acf_changed":false,"site-sidebar-layout":"default","site-content-layout":"","ast-site-content-layout":"default","site-content-style":"default","site-sidebar-style":"default","ast-global-header-display":"","ast-banner-title-visibility":"","ast-main-header-display":"","ast-hfb-above-header-display":"","ast-hfb-below-header-display":"","ast-hfb-mobile-header-display":"","site-post-title":"","ast-breadcrumbs-content":"","ast-featured-img":"","footer-sml-layout":"","theme-transparent-header-meta":"default","adv-header-id-meta":"","stick-header-meta":"","header-above-stick-meta":"","header-main-stick-meta":"","header-below-stick-meta":"","astra-migrate-meta-layouts":"set","ast-page-background-enabled":"default","ast-page-background-meta":{"desktop":{"background-color":"var(--ast-global-color-4)","background-image":"","background-repeat":"repeat","background-position":"center center","background-size":"auto","background-attachment":"scroll","background-type":"","background-media":"","overlay-type":"","overlay-color":"","overlay-opacity":"","overlay-gradient":""},"tablet":{"background-color":"","background-image":"","background-repeat":"repeat","background-position":"center center","background-size":"auto","background-attachment":"scroll","background-type":"","background-media":"","overlay-type":"","overlay-color":"","overlay-opacity":"","overlay-gradient":""},"mobile":{"background-color":"","background-image":"","background-repeat":"repeat","background-position":"center center","background-size":"auto","background-attachment":"scroll","background-type":"","background-media":"","overlay-type":"","overlay-color":"","overlay-opacity":"","overlay-gradient":""}},"ast-content-background-meta":{"desktop":{"background-color":"var(--ast-global-color-5)","background-image":"","background-repeat":"repeat","background-position":"center center","background-size":"auto","background-attachment":"scroll","background-type":"","background-media":"","overlay-type":"","overlay-color":"","overlay-opacity":"","overlay-gradient":""},"tablet":{"background-color":"var(--ast-global-color-5)","background-image":"","background-repeat":"repeat","background-position":"center center","background-size":"auto","background-attachment":"scroll","background-type":"","background-media":"","overlay-type":"","overlay-color":"","overlay-opacity":"","overlay-gradient":""},"mobile":{"background-color":"var(--ast-global-color-5)","background-image":"","background-repeat":"repeat","background-position":"center center","background-size":"auto","background-attachment":"scroll","background-type":"","background-media":"","overlay-type":"","overlay-color":"","overlay-opacity":"","overlay-gradient":""}}},"product_brand":[],"product_cat":[455,456,458],"product_tag":[],"class_list":{"0":"post-31975","1":"product","2":"type-product","3":"status-publish","4":"has-post-thumbnail","6":"product_cat-cosmeticos-cbd","7":"product_cat-lyf","8":"product_cat-marios-market","9":"desktop-align-center","10":"tablet-align-center","11":"mobile-align-center","13":"first","14":"instock","15":"taxable","16":"shipping-taxable","17":"purchasable","18":"product-type-simple"},"acf":[],"yoast_head":"<!-- This site is optimized with the Yoast SEO Premium plugin v27.3 (Yoast SEO v27.3) - https:\/\/yoast.com\/product\/yoast-seo-premium-wordpress\/ -->\n<title>S\u00e9rum Night CBD 100mg 30ml | Productos CBD Cuidado Facial | Iguana Smoke<\/title>\n<meta name=\"description\" content=\"Consigue tu S\u00e9rum Night CBD 100 mg de THE LYF LABS. Fabricado con ingredientes naturales. Siente el poder antioxidante del CBD org\u00e1nico.\" \/>\n<meta name=\"robots\" content=\"index, follow, max-snippet:-1, max-image-preview:large, max-video-preview:-1\" \/>\n<link rel=\"canonical\" href=\"https:\/\/iguanasmoke.com\/pl\/product-2\/serum-night-cbd-100mg-30ml\/\" \/>\n<meta property=\"og:locale\" content=\"pl_PL\" \/>\n<meta property=\"og:type\" content=\"article\" \/>\n<meta property=\"og:title\" content=\"S\u00e9rum Night CBD 100mg 30ml\" \/>\n<meta property=\"og:description\" content=\"100 mg de CBD  Envase de 30ml\" \/>\n<meta property=\"og:url\" content=\"https:\/\/iguanasmoke.com\/pl\/product-2\/serum-night-cbd-100mg-30ml\/\" \/>\n<meta property=\"og:site_name\" content=\"Iguana Smoke\" \/>\n<meta property=\"article:publisher\" content=\"https:\/\/www.facebook.com\/iguanasmoke\" \/>\n<meta property=\"article:modified_time\" content=\"2025-08-28T11:06:58+00:00\" \/>\n<meta property=\"og:image\" content=\"https:\/\/i0.wp.com\/iguanasmoke.com\/wp-content\/uploads\/2024\/03\/Serum-night-webp-1.webp?fit=500%2C500&ssl=1\" \/>\n\t<meta property=\"og:image:width\" content=\"500\" \/>\n\t<meta property=\"og:image:height\" content=\"500\" \/>\n\t<meta property=\"og:image:type\" content=\"image\/webp\" \/>\n<meta name=\"twitter:card\" content=\"summary_large_image\" \/>\n<meta name=\"twitter:label1\" content=\"Cena\" \/>\n\t<meta name=\"twitter:data1\" content=\"24,90&nbsp;&euro;\" \/>\n\t<meta name=\"twitter:label2\" content=\"Dost\u0119pno\u015b\u0107\" \/>\n\t<meta name=\"twitter:data2\" content=\"Dost\u0119pny\" \/>\n<meta property=\"product:brand\" content=\"simple\" \/>\n<meta property=\"product:price:amount\" content=\"24.90\" \/>\n<meta property=\"product:price:currency\" content=\"EUR\" \/>\n<meta property=\"og:availability\" content=\"instock\" \/>\n<meta property=\"product:availability\" content=\"instock\" \/>\n<meta property=\"product:retailer_item_id\" content=\"LYF-SERUMNIGHT\" \/>\n<meta property=\"product:condition\" content=\"new\" \/>\n<!-- \/ Yoast SEO Premium plugin. -->","yoast_head_json":{"title":"Serum CBD na noc 100mg 30ml | Produkty do piel\u0119gnacji twarzy CBD | Iguana Smoke","description":"Zdob\u0105d\u017a serum CBD na noc 100 mg od THE LYF LABS. Wykonane z naturalnych sk\u0142adnik\u00f3w. Poczuj antyoksydacyjn\u0105 moc organicznego CBD.","robots":{"index":"index","follow":"follow","max-snippet":"max-snippet:-1","max-image-preview":"max-image-preview:large","max-video-preview":"max-video-preview:-1"},"canonical":"https:\/\/iguanasmoke.com\/pl\/product-2\/serum-night-cbd-100mg-30ml\/","og_locale":"pl_PL","og_type":"article","og_title":"S\u00e9rum Night CBD 100mg 30ml","og_description":"100 mg de CBD  Envase de 30ml","og_url":"https:\/\/iguanasmoke.com\/pl\/product-2\/serum-night-cbd-100mg-30ml\/","og_site_name":"Iguana Smoke","article_publisher":"https:\/\/www.facebook.com\/iguanasmoke","article_modified_time":"2025-08-28T11:06:58+00:00","og_image":[{"width":500,"height":500,"url":"https:\/\/i0.wp.com\/iguanasmoke.com\/wp-content\/uploads\/2024\/03\/Serum-night-webp-1.webp?fit=500%2C500&ssl=1","type":"image\/webp"}],"twitter_card":"summary_large_image","twitter_misc":{"Cena":"24,90&nbsp;&euro;","Dost\u0119pno\u015b\u0107":"Dost\u0119pny"},"schema":{"@context":"https:\/\/schema.org","@graph":[{"@type":"WebPage","@id":"https:\/\/iguanasmoke.com\/producto\/serum-night-cbd-100mg-30ml\/","url":"https:\/\/iguanasmoke.com\/producto\/serum-night-cbd-100mg-30ml\/","name":"Serum CBD na noc 100mg 30ml | Produkty do piel\u0119gnacji twarzy CBD | Iguana Smoke","isPartOf":{"@id":"https:\/\/iguanasmoke.com\/#website"},"primaryImageOfPage":{"@id":"https:\/\/iguanasmoke.com\/producto\/serum-night-cbd-100mg-30ml\/#primaryimage"},"image":{"@id":"https:\/\/iguanasmoke.com\/producto\/serum-night-cbd-100mg-30ml\/#primaryimage"},"thumbnailUrl":"https:\/\/iguanasmoke.com\/wp-content\/uploads\/2024\/03\/Serum-night-webp-1.webp","datePublished":"2024-03-27T18:09:05+00:00","dateModified":"2025-08-28T11:06:58+00:00","description":"Zdob\u0105d\u017a serum CBD na noc 100 mg od THE LYF LABS. Wykonane z naturalnych sk\u0142adnik\u00f3w. Poczuj antyoksydacyjn\u0105 moc organicznego CBD.","breadcrumb":{"@id":"https:\/\/iguanasmoke.com\/producto\/serum-night-cbd-100mg-30ml\/#breadcrumb"},"inLanguage":"pl-PL","potentialAction":[{"@type":"ReadAction","target":["https:\/\/iguanasmoke.com\/producto\/serum-night-cbd-100mg-30ml\/"]}]},{"@type":"ImageObject","inLanguage":"pl-PL","@id":"https:\/\/iguanasmoke.com\/producto\/serum-night-cbd-100mg-30ml\/#primaryimage","url":"https:\/\/iguanasmoke.com\/wp-content\/uploads\/2024\/03\/Serum-night-webp-1.webp","contentUrl":"https:\/\/iguanasmoke.com\/wp-content\/uploads\/2024\/03\/Serum-night-webp-1.webp","width":500,"height":500,"caption":"suero facial para la noche"},{"@type":"BreadcrumbList","@id":"https:\/\/iguanasmoke.com\/producto\/serum-night-cbd-100mg-30ml\/#breadcrumb","itemListElement":[{"@type":"ListItem","position":1,"name":"home","item":"https:\/\/iguanasmoke.com\/"},{"@type":"ListItem","position":2,"name":"Tienda","item":"https:\/\/iguanasmoke.com\/tienda\/"},{"@type":"ListItem","position":3,"name":"Mario's Market","item":"https:\/\/iguanasmoke.com\/categoria\/marios-market\/"},{"@type":"ListItem","position":4,"name":"S\u00e9rum Night CBD 100mg 30ml"}]},{"@type":"WebSite","@id":"https:\/\/iguanasmoke.com\/#website","url":"https:\/\/iguanasmoke.com\/","name":"Iguana Smoke","description":"Kup CBD online w najlepszej cenie","publisher":{"@id":"https:\/\/iguanasmoke.com\/#organization"},"potentialAction":[{"@type":"SearchAction","target":{"@type":"EntryPoint","urlTemplate":"https:\/\/iguanasmoke.com\/?s={search_term_string}"},"query-input":{"@type":"PropertyValueSpecification","valueRequired":true,"valueName":"search_term_string"}}],"inLanguage":"pl-PL"},{"@type":"Organization","@id":"https:\/\/iguanasmoke.com\/#organization","name":"Iguana Smoke","url":"https:\/\/iguanasmoke.com\/","logo":{"@type":"ImageObject","inLanguage":"pl-PL","@id":"https:\/\/iguanasmoke.com\/#\/schema\/logo\/image\/","url":"https:\/\/iguanasmoke.com\/wp-content\/uploads\/2025\/01\/logoiguana-favi-1.png","contentUrl":"https:\/\/iguanasmoke.com\/wp-content\/uploads\/2025\/01\/logoiguana-favi-1.png","width":512,"height":512,"caption":"Iguana Smoke"},"image":{"@id":"https:\/\/iguanasmoke.com\/#\/schema\/logo\/image\/"},"sameAs":["https:\/\/www.facebook.com\/iguanasmoke","https:\/\/www.instagram.com\/iguanasmoke\/"]}]},"product_brand":"simple","product_price_amount":"24.90","product_price_currency":"EUR","og_availability":"instock","product_availability":"instock","product_retailer_item_id":"LYF-SERUMNIGHT","product_condition":"new"},"_links":{"self":[{"href":"https:\/\/iguanasmoke.com\/pl\/wp-json\/wp\/v2\/product\/31975","targetHints":{"allow":["GET"]}}],"collection":[{"href":"https:\/\/iguanasmoke.com\/pl\/wp-json\/wp\/v2\/product"}],"about":[{"href":"https:\/\/iguanasmoke.com\/pl\/wp-json\/wp\/v2\/types\/product"}],"replies":[{"embeddable":true,"href":"https:\/\/iguanasmoke.com\/pl\/wp-json\/wp\/v2\/comments?post=31975"}],"wp:featuredmedia":[{"embeddable":true,"href":"https:\/\/iguanasmoke.com\/pl\/wp-json\/wp\/v2\/media\/34051"}],"wp:attachment":[{"href":"https:\/\/iguanasmoke.com\/pl\/wp-json\/wp\/v2\/media?parent=31975"}],"wp:term":[{"taxonomy":"product_brand","embeddable":true,"href":"https:\/\/iguanasmoke.com\/pl\/wp-json\/wp\/v2\/product_brand?post=31975"},{"taxonomy":"product_cat","embeddable":true,"href":"https:\/\/iguanasmoke.com\/pl\/wp-json\/wp\/v2\/product_cat?post=31975"},{"taxonomy":"product_tag","embeddable":true,"href":"https:\/\/iguanasmoke.com\/pl\/wp-json\/wp\/v2\/product_tag?post=31975"}],"curies":[{"name":"wp","href":"https:\/\/api.w.org\/{rel}","templated":true}]}}