{"id":32459,"date":"2024-04-08T20:51:13","date_gmt":"2024-04-08T18:51:13","guid":{"rendered":"https:\/\/iguanasmoke.com\/?post_type=product&#038;p=32459"},"modified":"2026-03-15T22:23:25","modified_gmt":"2026-03-15T21:23:25","slug":"kup-cbd-flower-sting-cbd-ready-to-roll-30gr","status":"publish","type":"product","link":"https:\/\/iguanasmoke.com\/pl\/producto\/comprar-cbd-picadura-flores-cbd-ready-to-roll-30gr\/","title":{"rendered":"CBD Flower Sting - Ready to Roll 30g"},"content":{"rendered":"<h1 data-start=\"2843\" data-end=\"2962\"><span style=\"font-size: 32px; font-weight: 400;\">CBD Flower Sting without Trim - gotowy do rolowania 30g\u00a0<\/span><\/h1>\n<p><span style=\"font-weight: 400;\">To <strong>Gotowy do akcji<\/strong> jest jednym z naszych TOP produkt\u00f3w: <strong>Picadura de Flores CBD<\/strong> <strong>30g<\/strong> gotowe do u\u017cycia. Nasze kwiaty CBD pochodz\u0105 z <strong>kwiaty konopi certyfikowane<\/strong> przez UE. S\u0105 idealnym wyborem dla tych, kt\u00f3rzy chc\u0105 kupi\u0107<strong> uk\u0105szenie konopi <\/strong>z<strong> wysokiej jako\u015bci kwiaty CBD<\/strong> w bardziej wygodnym i praktycznym formacie, bez Trim CBD.\u00a0<\/span><\/p>\n<p><span style=\"font-weight: 400;\">Ta <strong>Szczyt konopi CBD to nie tylko zwyk\u0142e przycinanie CBD<\/strong>chodzi o <strong>prawdziwe topki<\/strong>, wybrane r\u0119cznie i <strong>nadziewane<\/strong> starannie, aby zachowa\u0107 jego naturalny aromat i w\u0142a\u015bciwo\u015bci. Dzi\u0119ki temu <strong>Gotowy do u\u017cycia bez Trim CBD<\/strong>, cieszenie si\u0119 luksusowym do\u015bwiadczeniem nigdy nie by\u0142o tak proste.<\/span><\/p>\n<p><span style=\"font-weight: 400;\">Nie musisz ju\u017c kruszy\u0107 ani przygotowywa\u0107 topk\u00f3w, poniewa\u017c u\u0142atwiamy Ci to bardzo: wystarczy <strong>otw\u00f3rz saszetk\u0119 i ciesz si\u0119 chwil\u0105<\/strong>. Kupowanie kwiat\u00f3w CBD w tej formie to synonim efektywno\u015bci i natychmiastowej przyjemno\u015bci. <\/span><\/p>\n<p><span style=\"font-weight: 400;\">Ponadto nasze kwiaty s\u0105 uprawiane ekologicznie, bez pestycyd\u00f3w i GMO. Idealne dla \u015bwiadomych konsument\u00f3w i mi\u0142o\u015bnik\u00f3w dobrej zabawy.\u00a0<\/span><\/p>\n<p data-start=\"998\" data-end=\"1107\"><strong data-start=\"1001\" data-end=\"1106\">Odkryj wi\u0119cej odmian w naszej sekcji <a class=\"decorated-link cursor-pointer\" href=\"https:\/\/iguanasmoke.com\/pl\/kategoria\/flores\/kwiaty-cbd-2\/\" rel=\"noopener\" data-start=\"1049\" data-end=\"1104\">Kwiaty CBD<\/a><\/strong>.<\/p>\n<h2><\/h2>\n<p>&nbsp;<\/p>\n<h2><\/h2>\n<h2>Dlaczego warto wybra\u0107 Picadura de Flores CBD 30g- Ready To Roll, aby kupi\u0107 kwiaty CBD?<\/h2>\n<p data-start=\"1459\" data-end=\"1612\"><span style=\"font-weight: 400;\">Przy <strong>Iguana Smoke<\/strong>, rozumiemy, \u017ce szukaj\u0105c kwiat\u00f3w CBD, nie chcesz byle czego. Dlatego w\u0142a\u015bnie dostarczamy Ci <strong>Gotowy do akcji<\/strong>. Ten CBD flower sting 30g pochodzi z dominuj\u0105cych kwiat\u00f3w. <strong>Sativa,<\/strong> i zawiera <strong>15% CBD<\/strong> y <strong>mniej ni\u017c 0,3%<\/strong> <strong>THC,<\/strong> to, co sprawia, \u017ce s\u0105 legalne w Hiszpanii i Europie.\u00a0<\/span><\/p>\n<p data-start=\"1459\" data-end=\"1612\"><span style=\"font-weight: 400;\">Ta <strong>uk\u0105szenie<\/strong> przychodzi w<strong> woreczek antybakteryjny<\/strong> super praktyczny i unikalny, idealny do bezproblemowego transportowania. Jego <strong>silny aromat ze s\u0142odkimi nutami i nutami cytrusowymi lub mentolowymi<\/strong>, co czyni j\u0105 opcj\u0105 NAJWY\u017bSZEJ klasy dla mi\u0142o\u015bnik\u00f3w CBD i kwiat\u00f3w CBD.<\/span><\/p>\n<h2 data-start=\"2473\" data-end=\"2533\"><\/h2>\n<h2 data-start=\"2473\" data-end=\"2533\">Rady jak kupowa\u0107 Ready To Roll i inne kwiaty CBD<\/h2>\n<ul>\n<li><span style=\"font-weight: 400;\"><strong>Sprawd\u017a zawarto\u015b\u0107 CBD i THC<\/strong>Ten Ready To Roll zawiera 15D i mniej ni\u017c 0,3% THC, co zapewnia intensywne doznania bez efekt\u00f3w psychoaktywnych. <\/span><\/li>\n<li>Zawsze kupuj od zaufanego sprzedawcy: <span style=\"font-weight: 400;\">W Iguana Smoke oferujemy tanie i wysokiej jako\u015bci kwiaty CBD, z pe\u0142n\u0105 przejrzysto\u015bci\u0105 ich sk\u0142adu.\u00a0<\/span><\/li>\n<li>Sprawd\u017a opinie innych klient\u00f3w <span style=\"font-weight: 400;\">Nasza spo\u0142eczno\u015b\u0107 dzieli si\u0119 swoim do\u015bwiadczeniem, aby pom\u00f3c Ci wybra\u0107 to, co najlepsze.\u00a0<\/span><\/li>\n<\/ul>\n<p>&nbsp;<\/p>\n<h2><b>Gdzie kupi\u0107 online CBD Flower Sting 30g bez Trim CBD?<\/b><b>?<\/b><\/h2>\n<p><span style=\"font-weight: 400;\">Przy <strong>Iguana Smoke<\/strong>, priorytetem jest jako\u015b\u0107 i przejrzysto\u015b\u0107 ka\u017cdego produktu. Nasza <strong>CBD Flower Sting 30g bez Trim CBD<\/strong> jest wykonana z autentycznych <strong>kwiaty konopi<\/strong>. S\u0105 one starannie wyselekcjonowane i <strong>uk\u0105szenia<\/strong> aby zachowa\u0107 ca\u0142y aromat, moc i naturalne w\u0142a\u015bciwo\u015bci. <\/span><span style=\"font-weight: 400;\">Podobnie jak w przypadku naszych <strong>Ready To Roll<\/strong>, Nowy, wygodny i praktyczny design przyci\u0105ga wzrok.<\/span><\/p>\n<p><span style=\"font-weight: 400;\">To jest bezpieczne miejsce do <strong>kupi\u0107 Picadura de Flores CBD 30g bez Trim CBD online w Hiszpanii.<\/strong> Wszystkie nasze produkty s\u0105 zatwierdzone przez UE, co gwarantuje ich legalno\u015b\u0107 i bezpiecze\u0144stwo. Ponadto, je\u015bli chcesz, mo\u017cesz skonsultowa\u0107 si\u0119 z<\/span><strong> <a href=\"https:\/\/iguanasmoke.com\/pl\/analityka\/\">analiza laboratoryjna.<\/a>\u00a0<\/strong><\/p>\n<p><span style=\"font-weight: 400;\">Nie zapomnij spr\u00f3bowa\u0107 nowych smak\u00f3w z <strong>Ready To Roll<\/strong>:<strong> <a href=\"https:\/\/iguanasmoke.com\/pl\/product-2\/flores-de-cbd-ready-to-roll-super-skunk-15gr\/\">Super Skunk<\/a>, <a href=\"https:\/\/iguanasmoke.com\/pl\/product-2\/gotowe-do-palenia-kwiaty-cbd-zkittlez-15g\/\">Zkittlez<\/a>, <a href=\"https:\/\/iguanasmoke.com\/pl\/product-2\/flores-de-cbd-ready-to-roll-lemon-haze-15gr\/\">Lemon Haze<\/a>, <a href=\"https:\/\/iguanasmoke.com\/pl\/product-2\/kwiaty-cbd-gotowe-do-skrecania-amnesia-15gr\/\">Amnezja<\/a><\/strong>. Odkryj r\u00f3wnie\u017c <\/span><span style=\"font-weight: 400;\">inne <strong>TOP produkty<\/strong> jako <a href=\"https:\/\/iguanasmoke.com\/pl\/product-2\/comprar-flor-cbd-pop-corn-sour-tsunami-25gr-cogollos-online\/\"><strong>Pop Corn 25g<\/strong><\/a>. <\/span><span style=\"font-weight: 400;\">Zapoznaj si\u0119 z nasz\u0105 ofert\u0105 i znajd\u017a swoje ulubione produkty ju\u017c teraz.<\/span><span style=\"font-weight: 400;\">\u00a0<\/span><\/p>\n<p>Szybka dostawa, dok\u0142adna uwaga i sklep z dyskretnym i bezpiecznym opakowaniem, kt\u00f3ry idzie naprz\u00f3d, tylko po to, aby\u015b m\u00f3g\u0142 si\u0119 cieszy\u0107!<\/p>\n<p>&nbsp;<\/p>\n<h3><b>Iguana Smoke to zaufany internetowy sklep CBD<\/b><\/h3>\n<p><span style=\"font-weight: 400;\">Przy<strong> Iguana Smoke<\/strong>, Wierzymy, \u017ce korzystanie z CBD powinno by\u0107 bezpiecznym i przyjemnym do\u015bwiadczeniem. Dlatego mamy produkty takie jak to wysokiej jako\u015bci \u017c\u0105d\u0142o konopne, kt\u00f3re \u0142\u0105czy si\u0119 z nowymi pokoleniami: lud\u017ami, kt\u00f3rzy szukaj\u0105 nieskomplikowanego wellness, z autentycznymi i niezawodnymi markami. To jest tw\u00f3j Ready to Roll.<\/span><\/p>\n<p>Nasza misja jest jasna: dostarcza\u0107 najlepsze kannabinoidy w uczciwej cenie. Ponadto dajemy ci spok\u00f3j ducha, wiedz\u0105c, \u017ce wybierasz certyfikowany, skuteczny i legalny produkt 100%. Tw\u00f3j czas relaksu zaczyna si\u0119 z nami.<\/p>\n<p>Nadal masz w\u0105tpliwo\u015bci? Napisz do nas, a z przyjemno\u015bci\u0105 pomo\u017cemy Ci znale\u017a\u0107 odpowiedni produkt.<\/p>\n<p>&nbsp;<\/p>\n<p><em><span style=\"font-weight: 400;\">*Uwaga: zgodnie z hiszpa\u0144skim prawem jest on przeznaczony do zbierania lub aromaterapii. <\/span><\/em><\/p>\n<p><em><span style=\"font-weight: 400;\">**Wszystkie nasze produkty pochodz\u0105 z certyfikowanych konopi przemys\u0142owych. Zawieraj\u0105 mniej ni\u017c 0,3 THC i nie zawieraj\u0105 nielegalnych kannabinoid\u00f3w, takich jak HHC, HHC-P, THCP, THCP-O, H4CBD i tych zawartych w za\u0142\u0105czniku I do dekretu kr\u00f3lewskiego 2829\/1977, ani substancji kontrolowanych przez konwencje mi\u0119dzynarodowe.\u00a0\u00a0<\/span><\/em><\/p>","protected":false},"excerpt":{"rendered":"<ul>\n<li>Format Ready To Roll, 30 g.<\/li>\n<li>Kwiaty konopi organicznych CBD<\/li>\n<li>To nie jest przycinanie ani przesiewanie<\/li>\n<li>CBD: 15% \/ THC: &lt; 0,3%<\/li>\n<li>Saszetka przeno\u015bna, zapobiegaj\u0105ca zapachom, gotowa do u\u017cycia<\/li>\n<li>Dominuj\u0105ca Sativa: silny aromat - s\u0142odkie tony<\/li>\n<li><span style=\"font-size: 16px;\">100% prawnych w Hiszpanii i Europie<\/span><\/li>\n<li>Skonsultowa\u0107 si\u0119 z <a style=\"font-size: 16px; background-color: #ffffff;\" href=\"https:\/\/iguanasmoke.com\/wp-content\/uploads\/2018\/02\/Flor-Sour-Tsunami.pdf\" target=\"_blank\" rel=\"noopener\">analiza jako\u015bci<\/a><\/li>\n<\/ul>","protected":false},"featured_media":59477,"comment_status":"open","ping_status":"closed","template":"","meta":{"_acf_changed":false,"site-sidebar-layout":"default","site-content-layout":"default","ast-site-content-layout":"default","site-content-style":"default","site-sidebar-style":"default","ast-global-header-display":"","ast-banner-title-visibility":"","ast-main-header-display":"","ast-hfb-above-header-display":"","ast-hfb-below-header-display":"","ast-hfb-mobile-header-display":"","site-post-title":"","ast-breadcrumbs-content":"","ast-featured-img":"","footer-sml-layout":"","theme-transparent-header-meta":"default","adv-header-id-meta":"","stick-header-meta":"","header-above-stick-meta":"","header-main-stick-meta":"","header-below-stick-meta":"","astra-migrate-meta-layouts":"set","ast-page-background-enabled":"default","ast-page-background-meta":{"desktop":{"background-color":"var(--ast-global-color-4)","background-image":"","background-repeat":"repeat","background-position":"center center","background-size":"auto","background-attachment":"scroll","background-type":"","background-media":"","overlay-type":"","overlay-color":"","overlay-opacity":"","overlay-gradient":""},"tablet":{"background-color":"","background-image":"","background-repeat":"repeat","background-position":"center center","background-size":"auto","background-attachment":"scroll","background-type":"","background-media":"","overlay-type":"","overlay-color":"","overlay-opacity":"","overlay-gradient":""},"mobile":{"background-color":"","background-image":"","background-repeat":"repeat","background-position":"center center","background-size":"auto","background-attachment":"scroll","background-type":"","background-media":"","overlay-type":"","overlay-color":"","overlay-opacity":"","overlay-gradient":""}},"ast-content-background-meta":{"desktop":{"background-color":"var(--ast-global-color-5)","background-image":"","background-repeat":"repeat","background-position":"center center","background-size":"auto","background-attachment":"scroll","background-type":"","background-media":"","overlay-type":"","overlay-color":"","overlay-opacity":"","overlay-gradient":""},"tablet":{"background-color":"var(--ast-global-color-5)","background-image":"","background-repeat":"repeat","background-position":"center center","background-size":"auto","background-attachment":"scroll","background-type":"","background-media":"","overlay-type":"","overlay-color":"","overlay-opacity":"","overlay-gradient":""},"mobile":{"background-color":"var(--ast-global-color-5)","background-image":"","background-repeat":"repeat","background-position":"center center","background-size":"auto","background-attachment":"scroll","background-type":"","background-media":"","overlay-type":"","overlay-color":"","overlay-opacity":"","overlay-gradient":""}}},"product_brand":[],"product_cat":[328,457],"product_tag":[],"class_list":{"0":"post-32459","1":"product","2":"type-product","3":"status-publish","4":"has-post-thumbnail","6":"product_cat-comprar-flores-de-cbd-y-cogollos-de-cbd","7":"product_cat-ready-to-roll","8":"desktop-align-center","9":"tablet-align-center","10":"mobile-align-center","12":"first","13":"instock","14":"taxable","15":"shipping-taxable","16":"purchasable","17":"product-type-simple"},"acf":[],"yoast_head":"<!-- This site is optimized with the Yoast SEO Premium plugin v27.3 (Yoast SEO v27.3) - https:\/\/yoast.com\/product\/yoast-seo-premium-wordpress\/ -->\n<title>Picadura de Flores CBD 30g sin Trim | Iguana Smoke<\/title>\n<meta name=\"description\" content=\"Simplifica tu rutina con tu Ready to Roll: Picadura de Flores CBD 30g sin Trim CBD. Nuestra Picadura de c\u00e1\u00f1amo seleccionado listo para usarla.\" \/>\n<meta name=\"robots\" content=\"index, follow, max-snippet:-1, max-image-preview:large, max-video-preview:-1\" \/>\n<link rel=\"canonical\" href=\"https:\/\/iguanasmoke.com\/pl\/product-2\/kup-cbd-flower-sting-cbd-ready-to-roll-30gr\/\" \/>\n<meta property=\"og:locale\" content=\"pl_PL\" \/>\n<meta property=\"og:type\" content=\"article\" \/>\n<meta property=\"og:title\" content=\"Picadura de Flores CBD | Ready to Roll 30gr\" \/>\n<meta property=\"og:description\" content=\"Formato Ready To Roll, 30g.  Flores Picadas de CBD de c\u00e1\u00f1amo org\u00e1nico  No es Trim ni Tamizado  CBD: 15% \/ THC: &lt; 0,3%  Pouch transportable anti-olor listo para usar  Dominante Sativa: aroma fuerte - tonos dulces  100% legal en Espa\u00f1a y Europa  Consulta el an\u00e1lisis de calidad\" \/>\n<meta property=\"og:url\" content=\"https:\/\/iguanasmoke.com\/pl\/product-2\/kup-cbd-flower-sting-cbd-ready-to-roll-30gr\/\" \/>\n<meta property=\"og:site_name\" content=\"Iguana Smoke\" \/>\n<meta property=\"article:publisher\" content=\"https:\/\/www.facebook.com\/iguanasmoke\" \/>\n<meta property=\"article:modified_time\" content=\"2026-03-15T21:23:25+00:00\" \/>\n<meta property=\"og:image\" content=\"https:\/\/iguanasmoke.com\/wp-content\/uploads\/2024\/04\/parte-atras-2-con-monton-scaled.webp\" \/>\n\t<meta property=\"og:image:width\" content=\"2560\" \/>\n\t<meta property=\"og:image:height\" content=\"2560\" \/>\n\t<meta property=\"og:image:type\" content=\"image\/webp\" \/>\n<meta name=\"twitter:card\" content=\"summary_large_image\" \/>\n<meta name=\"twitter:label1\" content=\"Cena\" \/>\n\t<meta name=\"twitter:data1\" content=\"25,00&nbsp;&euro;\" \/>\n\t<meta name=\"twitter:label2\" content=\"Dost\u0119pno\u015b\u0107\" \/>\n\t<meta name=\"twitter:data2\" content=\"Dost\u0119pny\" \/>\n<meta property=\"product:brand\" content=\"simple\" \/>\n<meta property=\"product:price:amount\" content=\"25.00\" \/>\n<meta property=\"product:price:currency\" content=\"EUR\" \/>\n<meta property=\"og:availability\" content=\"instock\" \/>\n<meta property=\"product:availability\" content=\"instock\" \/>\n<meta property=\"product:retailer_item_id\" content=\"IS-READYTOPOUCH-30G\" \/>\n<meta property=\"product:condition\" content=\"new\" \/>\n<!-- \/ Yoast SEO Premium plugin. -->","yoast_head_json":{"title":"CBD Flower Sting 30g bez przycinania | Iguana Smoke","description":"Upro\u015b\u0107 swoj\u0105 rutyn\u0119 dzi\u0119ki Ready to Roll: CBD Flower Sting 30g bez CBD Trim. Nasz gotowy do zrolowania wyselekcjonowany zapas konopi.","robots":{"index":"index","follow":"follow","max-snippet":"max-snippet:-1","max-image-preview":"max-image-preview:large","max-video-preview":"max-video-preview:-1"},"canonical":"https:\/\/iguanasmoke.com\/pl\/product-2\/kup-cbd-flower-sting-cbd-ready-to-roll-30gr\/","og_locale":"pl_PL","og_type":"article","og_title":"Picadura de Flores CBD | Ready to Roll 30gr","og_description":"Formato Ready To Roll, 30g.  Flores Picadas de CBD de c\u00e1\u00f1amo org\u00e1nico  No es Trim ni Tamizado  CBD: 15% \/ THC: &lt; 0,3%  Pouch transportable anti-olor listo para usar  Dominante Sativa: aroma fuerte - tonos dulces  100% legal en Espa\u00f1a y Europa  Consulta el an\u00e1lisis de calidad","og_url":"https:\/\/iguanasmoke.com\/pl\/product-2\/kup-cbd-flower-sting-cbd-ready-to-roll-30gr\/","og_site_name":"Iguana Smoke","article_publisher":"https:\/\/www.facebook.com\/iguanasmoke","article_modified_time":"2026-03-15T21:23:25+00:00","og_image":[{"width":2560,"height":2560,"url":"https:\/\/iguanasmoke.com\/wp-content\/uploads\/2024\/04\/parte-atras-2-con-monton-scaled.webp","type":"image\/webp"}],"twitter_card":"summary_large_image","twitter_misc":{"Cena":"25,00&nbsp;&euro;","Dost\u0119pno\u015b\u0107":"Dost\u0119pny"},"schema":{"@context":"https:\/\/schema.org","@graph":[{"@type":"WebPage","@id":"https:\/\/iguanasmoke.com\/producto\/comprar-cbd-picadura-flores-cbd-ready-to-roll-30gr\/","url":"https:\/\/iguanasmoke.com\/producto\/comprar-cbd-picadura-flores-cbd-ready-to-roll-30gr\/","name":"CBD Flower Sting 30g bez przycinania | Iguana Smoke","isPartOf":{"@id":"https:\/\/iguanasmoke.com\/#website"},"primaryImageOfPage":{"@id":"https:\/\/iguanasmoke.com\/producto\/comprar-cbd-picadura-flores-cbd-ready-to-roll-30gr\/#primaryimage"},"image":{"@id":"https:\/\/iguanasmoke.com\/producto\/comprar-cbd-picadura-flores-cbd-ready-to-roll-30gr\/#primaryimage"},"thumbnailUrl":"https:\/\/iguanasmoke.com\/wp-content\/uploads\/2024\/04\/parte-atras-2-con-monton-scaled.webp","datePublished":"2024-04-08T18:51:13+00:00","dateModified":"2026-03-15T21:23:25+00:00","description":"Upro\u015b\u0107 swoj\u0105 rutyn\u0119 dzi\u0119ki Ready to Roll: CBD Flower Sting 30g bez CBD Trim. Nasz gotowy do zrolowania wyselekcjonowany zapas konopi.","breadcrumb":{"@id":"https:\/\/iguanasmoke.com\/producto\/comprar-cbd-picadura-flores-cbd-ready-to-roll-30gr\/#breadcrumb"},"inLanguage":"pl-PL","potentialAction":[{"@type":"ReadAction","target":["https:\/\/iguanasmoke.com\/producto\/comprar-cbd-picadura-flores-cbd-ready-to-roll-30gr\/"]}]},{"@type":"ImageObject","inLanguage":"pl-PL","@id":"https:\/\/iguanasmoke.com\/producto\/comprar-cbd-picadura-flores-cbd-ready-to-roll-30gr\/#primaryimage","url":"https:\/\/iguanasmoke.com\/wp-content\/uploads\/2024\/04\/parte-atras-2-con-monton-scaled.webp","contentUrl":"https:\/\/iguanasmoke.com\/wp-content\/uploads\/2024\/04\/parte-atras-2-con-monton-scaled.webp","width":2560,"height":2560,"caption":"Picadura de flores CBD sin trim cbd"},{"@type":"BreadcrumbList","@id":"https:\/\/iguanasmoke.com\/producto\/comprar-cbd-picadura-flores-cbd-ready-to-roll-30gr\/#breadcrumb","itemListElement":[{"@type":"ListItem","position":1,"name":"home","item":"https:\/\/iguanasmoke.com\/"},{"@type":"ListItem","position":2,"name":"Tienda","item":"https:\/\/iguanasmoke.com\/tienda\/"},{"@type":"ListItem","position":3,"name":"Ready to Roll","item":"https:\/\/iguanasmoke.com\/categoria\/ready-to-roll\/"},{"@type":"ListItem","position":4,"name":"Picadura de Flores CBD | Ready to Roll 30gr"}]},{"@type":"WebSite","@id":"https:\/\/iguanasmoke.com\/#website","url":"https:\/\/iguanasmoke.com\/","name":"Iguana Smoke","description":"Kup CBD online w najlepszej cenie","publisher":{"@id":"https:\/\/iguanasmoke.com\/#organization"},"potentialAction":[{"@type":"SearchAction","target":{"@type":"EntryPoint","urlTemplate":"https:\/\/iguanasmoke.com\/?s={search_term_string}"},"query-input":{"@type":"PropertyValueSpecification","valueRequired":true,"valueName":"search_term_string"}}],"inLanguage":"pl-PL"},{"@type":"Organization","@id":"https:\/\/iguanasmoke.com\/#organization","name":"Iguana Smoke","url":"https:\/\/iguanasmoke.com\/","logo":{"@type":"ImageObject","inLanguage":"pl-PL","@id":"https:\/\/iguanasmoke.com\/#\/schema\/logo\/image\/","url":"https:\/\/iguanasmoke.com\/wp-content\/uploads\/2025\/01\/logoiguana-favi-1.png","contentUrl":"https:\/\/iguanasmoke.com\/wp-content\/uploads\/2025\/01\/logoiguana-favi-1.png","width":512,"height":512,"caption":"Iguana Smoke"},"image":{"@id":"https:\/\/iguanasmoke.com\/#\/schema\/logo\/image\/"},"sameAs":["https:\/\/www.facebook.com\/iguanasmoke","https:\/\/www.instagram.com\/iguanasmoke\/"]}]},"product_brand":"simple","product_price_amount":"25.00","product_price_currency":"EUR","og_availability":"instock","product_availability":"instock","product_retailer_item_id":"IS-READYTOPOUCH-30G","product_condition":"new"},"_links":{"self":[{"href":"https:\/\/iguanasmoke.com\/pl\/wp-json\/wp\/v2\/product\/32459","targetHints":{"allow":["GET"]}}],"collection":[{"href":"https:\/\/iguanasmoke.com\/pl\/wp-json\/wp\/v2\/product"}],"about":[{"href":"https:\/\/iguanasmoke.com\/pl\/wp-json\/wp\/v2\/types\/product"}],"replies":[{"embeddable":true,"href":"https:\/\/iguanasmoke.com\/pl\/wp-json\/wp\/v2\/comments?post=32459"}],"wp:featuredmedia":[{"embeddable":true,"href":"https:\/\/iguanasmoke.com\/pl\/wp-json\/wp\/v2\/media\/59477"}],"wp:attachment":[{"href":"https:\/\/iguanasmoke.com\/pl\/wp-json\/wp\/v2\/media?parent=32459"}],"wp:term":[{"taxonomy":"product_brand","embeddable":true,"href":"https:\/\/iguanasmoke.com\/pl\/wp-json\/wp\/v2\/product_brand?post=32459"},{"taxonomy":"product_cat","embeddable":true,"href":"https:\/\/iguanasmoke.com\/pl\/wp-json\/wp\/v2\/product_cat?post=32459"},{"taxonomy":"product_tag","embeddable":true,"href":"https:\/\/iguanasmoke.com\/pl\/wp-json\/wp\/v2\/product_tag?post=32459"}],"curies":[{"name":"wp","href":"https:\/\/api.w.org\/{rel}","templated":true}]}}