{"id":34552,"date":"2024-05-30T19:42:14","date_gmt":"2024-05-30T17:42:14","guid":{"rendered":"https:\/\/iguanasmoke.com\/?post_type=product&#038;p=34552"},"modified":"2024-05-30T19:42:15","modified_gmt":"2024-05-30T17:42:15","slug":"cbd-wzmacniacz-doznan-lubets","status":"publish","type":"product","link":"https:\/\/iguanasmoke.com\/pl\/producto\/potenciador-de-sensaciones-cbd-lubets\/","title":{"rendered":"CBD Sensation Enhancer Lubets"},"content":{"rendered":"<p>Organiczny wzmacniacz dozna\u0144 CBD wzbogacony olejem i ekstraktem z konopi indyjskich, aloesem, mentolem i kannabidiolem. Nie ma lepszego po\u0142\u0105czenia ni\u017c zjednoczenie dw\u00f3ch \u015bwiat\u00f3w ekstremalnej przyjemno\u015bci. B\u0119d\u0119 twoj\u0105 najwi\u0119ksz\u0105 znan\u0105 wad\u0105. B\u0119d\u0119 twoim hajem w \u0142\u00f3\u017cku, na s\u0142upie lub gdziekolwiek z\u0142api\u0119 ci\u0119 pierwszy.<\/p>","protected":false},"excerpt":{"rendered":"<ul class=\"caracteristicasproducto\">\n<li>Wzbogacony olejem i ekstraktem z konopi indyjskich, aloesem, mentolem i kannabidiolem.<\/li>\n<li>\u017belowa konsystencja, jedwabista w dotyku.<\/li>\n<li>Izoosmolarny zwi\u0105zek o naturalnych w\u0142a\u015bciwo\u015bciach smaruj\u0105cych.<\/li>\n<li>Zio\u0142owy zapach.<\/li>\n<li>Testowany dermatologicznie.<\/li>\n<li>Certyfikowany organiczny, wega\u0144ski i naturalny.<\/li>\n<li>Kompatybilny z prezerwatywami i zabawkami.<\/li>\n<li>Brak ryzyka kontaktu z jam\u0105 ustn\u0105.<\/li>\n<li>Wyprodukowano w Hiszpanii.<\/li>\n<li>Bez okrucie\u0144stwa.<\/li>\n<\/ul>","protected":false},"featured_media":34556,"comment_status":"open","ping_status":"closed","template":"","meta":{"_acf_changed":false,"site-sidebar-layout":"default","site-content-layout":"","ast-site-content-layout":"default","site-content-style":"default","site-sidebar-style":"default","ast-global-header-display":"","ast-banner-title-visibility":"","ast-main-header-display":"","ast-hfb-above-header-display":"","ast-hfb-below-header-display":"","ast-hfb-mobile-header-display":"","site-post-title":"","ast-breadcrumbs-content":"","ast-featured-img":"","footer-sml-layout":"","theme-transparent-header-meta":"default","adv-header-id-meta":"","stick-header-meta":"","header-above-stick-meta":"","header-main-stick-meta":"","header-below-stick-meta":"","astra-migrate-meta-layouts":"set","ast-page-background-enabled":"default","ast-page-background-meta":{"desktop":{"background-color":"var(--ast-global-color-4)","background-image":"","background-repeat":"repeat","background-position":"center center","background-size":"auto","background-attachment":"scroll","background-type":"","background-media":"","overlay-type":"","overlay-color":"","overlay-opacity":"","overlay-gradient":""},"tablet":{"background-color":"","background-image":"","background-repeat":"repeat","background-position":"center center","background-size":"auto","background-attachment":"scroll","background-type":"","background-media":"","overlay-type":"","overlay-color":"","overlay-opacity":"","overlay-gradient":""},"mobile":{"background-color":"","background-image":"","background-repeat":"repeat","background-position":"center center","background-size":"auto","background-attachment":"scroll","background-type":"","background-media":"","overlay-type":"","overlay-color":"","overlay-opacity":"","overlay-gradient":""}},"ast-content-background-meta":{"desktop":{"background-color":"var(--ast-global-color-5)","background-image":"","background-repeat":"repeat","background-position":"center center","background-size":"auto","background-attachment":"scroll","background-type":"","background-media":"","overlay-type":"","overlay-color":"","overlay-opacity":"","overlay-gradient":""},"tablet":{"background-color":"var(--ast-global-color-5)","background-image":"","background-repeat":"repeat","background-position":"center center","background-size":"auto","background-attachment":"scroll","background-type":"","background-media":"","overlay-type":"","overlay-color":"","overlay-opacity":"","overlay-gradient":""},"mobile":{"background-color":"var(--ast-global-color-5)","background-image":"","background-repeat":"repeat","background-position":"center center","background-size":"auto","background-attachment":"scroll","background-type":"","background-media":"","overlay-type":"","overlay-color":"","overlay-opacity":"","overlay-gradient":""}}},"product_brand":[],"product_cat":[458],"product_tag":[],"class_list":{"0":"post-34552","1":"product","2":"type-product","3":"status-publish","4":"has-post-thumbnail","6":"product_cat-marios-market","7":"desktop-align-center","8":"tablet-align-center","9":"mobile-align-center","11":"first","12":"instock","13":"taxable","14":"shipping-taxable","15":"purchasable","16":"product-type-simple"},"acf":[],"yoast_head":"<!-- This site is optimized with the Yoast SEO Premium plugin v27.3 (Yoast SEO v27.3) - https:\/\/yoast.com\/product\/yoast-seo-premium-wordpress\/ -->\n<title>Potenciador de sensaciones CBD Lubets | Iguana Smoke<\/title>\n<meta name=\"robots\" content=\"index, follow, max-snippet:-1, max-image-preview:large, max-video-preview:-1\" \/>\n<link rel=\"canonical\" href=\"https:\/\/iguanasmoke.com\/pl\/product-2\/cbd-wzmacniacz-doznan-lubets\/\" \/>\n<meta property=\"og:locale\" content=\"pl_PL\" \/>\n<meta property=\"og:type\" content=\"article\" \/>\n<meta property=\"og:title\" content=\"Potenciador de sensaciones CBD Lubets\" \/>\n<meta property=\"og:description\" content=\"Enriquecido con Aceite y extracto de cannabis, Aloe Vera, Mentol y Cannabidiol.  Textura gel, tacto sedoso.  Compuesto Isoosmolar, con propiedades favorecedoras de la lubricaci\u00f3n natural.  Aroma a Herbal.  Dermatol\u00f3gicamente probado.  Certificado ecol\u00f3gico, vegano y natural.  Compatible con preservativos y juguetes.  Sin riesgo de contacto oral.  Fabricado en Espa\u00f1a.  Cruelty free.\" \/>\n<meta property=\"og:url\" content=\"https:\/\/iguanasmoke.com\/pl\/product-2\/cbd-wzmacniacz-doznan-lubets\/\" \/>\n<meta property=\"og:site_name\" content=\"Iguana Smoke\" \/>\n<meta property=\"article:publisher\" content=\"https:\/\/www.facebook.com\/iguanasmoke\" \/>\n<meta property=\"article:modified_time\" content=\"2024-05-30T17:42:15+00:00\" \/>\n<meta property=\"og:image\" content=\"https:\/\/i0.wp.com\/iguanasmoke.com\/wp-content\/uploads\/2024\/05\/Lubricante-Lubets-webp.webp?fit=500%2C500&ssl=1\" \/>\n\t<meta property=\"og:image:width\" content=\"500\" \/>\n\t<meta property=\"og:image:height\" content=\"500\" \/>\n\t<meta property=\"og:image:type\" content=\"image\/webp\" \/>\n<meta name=\"twitter:card\" content=\"summary_large_image\" \/>\n<meta name=\"twitter:label1\" content=\"Cena\" \/>\n\t<meta name=\"twitter:data1\" content=\"12,90&nbsp;&euro;\" \/>\n\t<meta name=\"twitter:label2\" content=\"Dost\u0119pno\u015b\u0107\" \/>\n\t<meta name=\"twitter:data2\" content=\"Dost\u0119pny\" \/>\n<meta property=\"product:brand\" content=\"simple\" \/>\n<meta property=\"product:price:amount\" content=\"12.90\" \/>\n<meta property=\"product:price:currency\" content=\"EUR\" \/>\n<meta property=\"og:availability\" content=\"instock\" \/>\n<meta property=\"product:availability\" content=\"instock\" \/>\n<meta property=\"product:condition\" content=\"new\" \/>\n<!-- \/ Yoast SEO Premium plugin. -->","yoast_head_json":{"title":"Wzmacniacz dozna\u0144 CBD Lubets - Iguana Smoke","robots":{"index":"index","follow":"follow","max-snippet":"max-snippet:-1","max-image-preview":"max-image-preview:large","max-video-preview":"max-video-preview:-1"},"canonical":"https:\/\/iguanasmoke.com\/pl\/product-2\/cbd-wzmacniacz-doznan-lubets\/","og_locale":"pl_PL","og_type":"article","og_title":"Potenciador de sensaciones CBD Lubets","og_description":"Enriquecido con Aceite y extracto de cannabis, Aloe Vera, Mentol y Cannabidiol.  Textura gel, tacto sedoso.  Compuesto Isoosmolar, con propiedades favorecedoras de la lubricaci\u00f3n natural.  Aroma a Herbal.  Dermatol\u00f3gicamente probado.  Certificado ecol\u00f3gico, vegano y natural.  Compatible con preservativos y juguetes.  Sin riesgo de contacto oral.  Fabricado en Espa\u00f1a.  Cruelty free.","og_url":"https:\/\/iguanasmoke.com\/pl\/product-2\/cbd-wzmacniacz-doznan-lubets\/","og_site_name":"Iguana Smoke","article_publisher":"https:\/\/www.facebook.com\/iguanasmoke","article_modified_time":"2024-05-30T17:42:15+00:00","og_image":[{"width":500,"height":500,"url":"https:\/\/i0.wp.com\/iguanasmoke.com\/wp-content\/uploads\/2024\/05\/Lubricante-Lubets-webp.webp?fit=500%2C500&ssl=1","type":"image\/webp"}],"twitter_card":"summary_large_image","twitter_misc":{"Cena":"12,90&nbsp;&euro;","Dost\u0119pno\u015b\u0107":"Dost\u0119pny"},"schema":{"@context":"https:\/\/schema.org","@graph":[{"@type":"WebPage","@id":"https:\/\/iguanasmoke.com\/producto\/potenciador-de-sensaciones-cbd-lubets\/","url":"https:\/\/iguanasmoke.com\/producto\/potenciador-de-sensaciones-cbd-lubets\/","name":"Wzmacniacz dozna\u0144 CBD Lubets - Iguana Smoke","isPartOf":{"@id":"https:\/\/iguanasmoke.com\/#website"},"primaryImageOfPage":{"@id":"https:\/\/iguanasmoke.com\/producto\/potenciador-de-sensaciones-cbd-lubets\/#primaryimage"},"image":{"@id":"https:\/\/iguanasmoke.com\/producto\/potenciador-de-sensaciones-cbd-lubets\/#primaryimage"},"thumbnailUrl":"https:\/\/iguanasmoke.com\/wp-content\/uploads\/2024\/05\/Lubricante-Lubets-webp.webp","datePublished":"2024-05-30T17:42:14+00:00","dateModified":"2024-05-30T17:42:15+00:00","breadcrumb":{"@id":"https:\/\/iguanasmoke.com\/producto\/potenciador-de-sensaciones-cbd-lubets\/#breadcrumb"},"inLanguage":"pl-PL","potentialAction":[{"@type":"ReadAction","target":["https:\/\/iguanasmoke.com\/producto\/potenciador-de-sensaciones-cbd-lubets\/"]}]},{"@type":"ImageObject","inLanguage":"pl-PL","@id":"https:\/\/iguanasmoke.com\/producto\/potenciador-de-sensaciones-cbd-lubets\/#primaryimage","url":"https:\/\/iguanasmoke.com\/wp-content\/uploads\/2024\/05\/Lubricante-Lubets-webp.webp","contentUrl":"https:\/\/iguanasmoke.com\/wp-content\/uploads\/2024\/05\/Lubricante-Lubets-webp.webp","width":500,"height":500,"caption":"potenciador de sensaciones lubets"},{"@type":"BreadcrumbList","@id":"https:\/\/iguanasmoke.com\/producto\/potenciador-de-sensaciones-cbd-lubets\/#breadcrumb","itemListElement":[{"@type":"ListItem","position":1,"name":"home","item":"https:\/\/iguanasmoke.com\/"},{"@type":"ListItem","position":2,"name":"Tienda","item":"https:\/\/iguanasmoke.com\/tienda\/"},{"@type":"ListItem","position":3,"name":"Mario's Market","item":"https:\/\/iguanasmoke.com\/categoria\/marios-market\/"},{"@type":"ListItem","position":4,"name":"Potenciador de sensaciones CBD Lubets"}]},{"@type":"WebSite","@id":"https:\/\/iguanasmoke.com\/#website","url":"https:\/\/iguanasmoke.com\/","name":"Iguana Smoke","description":"Kup CBD online w najlepszej cenie","publisher":{"@id":"https:\/\/iguanasmoke.com\/#organization"},"potentialAction":[{"@type":"SearchAction","target":{"@type":"EntryPoint","urlTemplate":"https:\/\/iguanasmoke.com\/?s={search_term_string}"},"query-input":{"@type":"PropertyValueSpecification","valueRequired":true,"valueName":"search_term_string"}}],"inLanguage":"pl-PL"},{"@type":"Organization","@id":"https:\/\/iguanasmoke.com\/#organization","name":"Iguana Smoke","url":"https:\/\/iguanasmoke.com\/","logo":{"@type":"ImageObject","inLanguage":"pl-PL","@id":"https:\/\/iguanasmoke.com\/#\/schema\/logo\/image\/","url":"https:\/\/iguanasmoke.com\/wp-content\/uploads\/2025\/01\/logoiguana-favi-1.png","contentUrl":"https:\/\/iguanasmoke.com\/wp-content\/uploads\/2025\/01\/logoiguana-favi-1.png","width":512,"height":512,"caption":"Iguana Smoke"},"image":{"@id":"https:\/\/iguanasmoke.com\/#\/schema\/logo\/image\/"},"sameAs":["https:\/\/www.facebook.com\/iguanasmoke","https:\/\/www.instagram.com\/iguanasmoke\/"]}]},"product_brand":"simple","product_price_amount":"12.90","product_price_currency":"EUR","og_availability":"instock","product_availability":"instock","product_condition":"new"},"_links":{"self":[{"href":"https:\/\/iguanasmoke.com\/pl\/wp-json\/wp\/v2\/product\/34552","targetHints":{"allow":["GET"]}}],"collection":[{"href":"https:\/\/iguanasmoke.com\/pl\/wp-json\/wp\/v2\/product"}],"about":[{"href":"https:\/\/iguanasmoke.com\/pl\/wp-json\/wp\/v2\/types\/product"}],"replies":[{"embeddable":true,"href":"https:\/\/iguanasmoke.com\/pl\/wp-json\/wp\/v2\/comments?post=34552"}],"wp:featuredmedia":[{"embeddable":true,"href":"https:\/\/iguanasmoke.com\/pl\/wp-json\/wp\/v2\/media\/34556"}],"wp:attachment":[{"href":"https:\/\/iguanasmoke.com\/pl\/wp-json\/wp\/v2\/media?parent=34552"}],"wp:term":[{"taxonomy":"product_brand","embeddable":true,"href":"https:\/\/iguanasmoke.com\/pl\/wp-json\/wp\/v2\/product_brand?post=34552"},{"taxonomy":"product_cat","embeddable":true,"href":"https:\/\/iguanasmoke.com\/pl\/wp-json\/wp\/v2\/product_cat?post=34552"},{"taxonomy":"product_tag","embeddable":true,"href":"https:\/\/iguanasmoke.com\/pl\/wp-json\/wp\/v2\/product_tag?post=34552"}],"curies":[{"name":"wp","href":"https:\/\/api.w.org\/{rel}","templated":true}]}}