{"id":35475,"date":"2024-06-12T19:02:28","date_gmt":"2024-06-12T17:02:28","guid":{"rendered":"https:\/\/iguanasmoke.com\/?post_type=product&#038;p=35475"},"modified":"2026-03-15T21:29:48","modified_gmt":"2026-03-15T20:29:48","slug":"astra-konopna-guma-do-zucia-cannabis-mieta-pieprzowa","status":"publish","type":"product","link":"https:\/\/iguanasmoke.com\/pl\/producto\/astra-hemp-chicle-cannabis-peppermint\/","title":{"rendered":"Guma do \u017cucia Astra Hemp Cannabis Peppermint"},"content":{"rendered":"<p>Ciesz si\u0119 t\u0105 pyszn\u0105 gum\u0105 do \u017cucia bez dodatk\u00f3w w Iguana Smoke!<\/p>","protected":false},"excerpt":{"rendered":"<p>Sk\u0142adniki:<\/p>\n<ul>\n<li>100% Legalne do u\u017cytku w Unii Europejskiej (UE)<\/li>\n<li>BEZ THC (0 % THC) - brak efekt\u00f3w narkotycznych<\/li>\n<li>Wyprodukowano w UE<\/li>\n<li>Zawarto\u015b\u0107: pude\u0142ko 17 sztuk (24 g)<\/li>\n<li>Bez cukru<\/li>\n<li>Sk\u0142adniki: Substancje s\u0142odz\u0105ce: sorbitol (E420), izomalt (E953), syrop maltitolowy (E965), acesulfam K (E950), sukraloza (E955); baza gumowa (zawiera lecytyn\u0119 sojow\u0105), aromaty, substancja utrzymuj\u0105ca wilgo\u0107: glicerol (E422); substancja zag\u0119szczaj\u0105ca: guma arabska (E414); olej konopny (0,21%), skrobia ry\u017cowa, barwnik (E141ii), substancja glazuruj\u0105ca: wosk carnauba (E903), przeciwutleniacz (E321).<\/li>\n<\/ul>","protected":false},"featured_media":35477,"comment_status":"open","ping_status":"closed","template":"","meta":{"_acf_changed":false,"site-sidebar-layout":"default","site-content-layout":"","ast-site-content-layout":"default","site-content-style":"default","site-sidebar-style":"default","ast-global-header-display":"","ast-banner-title-visibility":"","ast-main-header-display":"","ast-hfb-above-header-display":"","ast-hfb-below-header-display":"","ast-hfb-mobile-header-display":"","site-post-title":"","ast-breadcrumbs-content":"","ast-featured-img":"","footer-sml-layout":"","theme-transparent-header-meta":"default","adv-header-id-meta":"","stick-header-meta":"","header-above-stick-meta":"","header-main-stick-meta":"","header-below-stick-meta":"","astra-migrate-meta-layouts":"set","ast-page-background-enabled":"default","ast-page-background-meta":{"desktop":{"background-color":"var(--ast-global-color-4)","background-image":"","background-repeat":"repeat","background-position":"center center","background-size":"auto","background-attachment":"scroll","background-type":"","background-media":"","overlay-type":"","overlay-color":"","overlay-opacity":"","overlay-gradient":""},"tablet":{"background-color":"","background-image":"","background-repeat":"repeat","background-position":"center center","background-size":"auto","background-attachment":"scroll","background-type":"","background-media":"","overlay-type":"","overlay-color":"","overlay-opacity":"","overlay-gradient":""},"mobile":{"background-color":"","background-image":"","background-repeat":"repeat","background-position":"center center","background-size":"auto","background-attachment":"scroll","background-type":"","background-media":"","overlay-type":"","overlay-color":"","overlay-opacity":"","overlay-gradient":""}},"ast-content-background-meta":{"desktop":{"background-color":"var(--ast-global-color-5)","background-image":"","background-repeat":"repeat","background-position":"center center","background-size":"auto","background-attachment":"scroll","background-type":"","background-media":"","overlay-type":"","overlay-color":"","overlay-opacity":"","overlay-gradient":""},"tablet":{"background-color":"var(--ast-global-color-5)","background-image":"","background-repeat":"repeat","background-position":"center center","background-size":"auto","background-attachment":"scroll","background-type":"","background-media":"","overlay-type":"","overlay-color":"","overlay-opacity":"","overlay-gradient":""},"mobile":{"background-color":"var(--ast-global-color-5)","background-image":"","background-repeat":"repeat","background-position":"center center","background-size":"auto","background-attachment":"scroll","background-type":"","background-media":"","overlay-type":"","overlay-color":"","overlay-opacity":"","overlay-gradient":""}}},"product_brand":[],"product_cat":[458],"product_tag":[],"class_list":{"0":"post-35475","1":"product","2":"type-product","3":"status-publish","4":"has-post-thumbnail","6":"product_cat-marios-market","7":"desktop-align-center","8":"tablet-align-center","9":"mobile-align-center","11":"first","12":"instock","13":"taxable","14":"shipping-taxable","15":"purchasable","16":"product-type-simple"},"acf":[],"yoast_head":"<!-- This site is optimized with the Yoast SEO Premium plugin v27.3 (Yoast SEO v27.3) - https:\/\/yoast.com\/product\/yoast-seo-premium-wordpress\/ -->\n<title>Astra Hemp Chicle Cannabis Peppermint | Iguana Smoke<\/title>\n<meta name=\"description\" content=\"Compra chicle de Cannabis Peppermint sin aditivos y descubre productos de CBD en nuestra web Iguana Smoke. Env\u00edo r\u00e1pido y gratuito a partir de 40\u20ac.\" \/>\n<meta name=\"robots\" content=\"index, follow, max-snippet:-1, max-image-preview:large, max-video-preview:-1\" \/>\n<link rel=\"canonical\" href=\"https:\/\/iguanasmoke.com\/pl\/product-2\/astra-konopna-guma-do-zucia-cannabis-mieta-pieprzowa\/\" \/>\n<meta property=\"og:locale\" content=\"pl_PL\" \/>\n<meta property=\"og:type\" content=\"article\" \/>\n<meta property=\"og:title\" content=\"Astra Hemp Chicle Cannabis Peppermint\" \/>\n<meta property=\"og:description\" content=\"Ingredientes:   100% Legal para el consumo en la Uni\u00f3n Europea (UE)  SIN THC (0 % THC) - Sin efectos narc\u00f3ticos  Fabricado en la UE  Contenido: Caja de 17 piezas (24 g)  Sin az\u00facar  Ingredientes: Edulcorantes: sorbitol (E420), isomalt (E953), jarabe de maltitol (E965), acesulfamo K (E950), sucralosa (E955); goma base (contiene lecitina de soja), aromas, humectante: glicerol (E422); espesante: goma ar\u00e1biga (E414); aceite de c\u00e1\u00f1amo (0,21%), almid\u00f3n de arroz, colorante (E141ii), agente de recubrimiento: cera carnauba (E903), antioxidante (E321)\" \/>\n<meta property=\"og:url\" content=\"https:\/\/iguanasmoke.com\/pl\/product-2\/astra-konopna-guma-do-zucia-cannabis-mieta-pieprzowa\/\" \/>\n<meta property=\"og:site_name\" content=\"Iguana Smoke\" \/>\n<meta property=\"article:publisher\" content=\"https:\/\/www.facebook.com\/iguanasmoke\" \/>\n<meta property=\"article:modified_time\" content=\"2026-03-15T20:29:48+00:00\" \/>\n<meta property=\"og:image\" content=\"https:\/\/i0.wp.com\/iguanasmoke.com\/wp-content\/uploads\/2024\/06\/chicle-pepper-webp.webp?fit=500%2C500&ssl=1\" \/>\n\t<meta property=\"og:image:width\" content=\"500\" \/>\n\t<meta property=\"og:image:height\" content=\"500\" \/>\n\t<meta property=\"og:image:type\" content=\"image\/webp\" \/>\n<meta name=\"twitter:card\" content=\"summary_large_image\" \/>\n<meta name=\"twitter:label1\" content=\"Cena\" \/>\n\t<meta name=\"twitter:data1\" content=\"3,95&nbsp;&euro;\" \/>\n\t<meta name=\"twitter:label2\" content=\"Dost\u0119pno\u015b\u0107\" \/>\n\t<meta name=\"twitter:data2\" content=\"Dost\u0119pny\" \/>\n<meta property=\"product:brand\" content=\"simple\" \/>\n<meta property=\"product:price:amount\" content=\"3.95\" \/>\n<meta property=\"product:price:currency\" content=\"EUR\" \/>\n<meta property=\"og:availability\" content=\"instock\" \/>\n<meta property=\"product:availability\" content=\"instock\" \/>\n<meta property=\"product:retailer_item_id\" content=\"AH-GUM-PEP\" \/>\n<meta property=\"product:condition\" content=\"new\" \/>\n<!-- \/ Yoast SEO Premium plugin. -->","yoast_head_json":{"title":"Guma do \u017cucia Astra Hemp Cannabis Peppermint | Iguana Smoke","description":"Kup gum\u0119 Cannabis Peppermint bez dodatk\u00f3w i odkryj produkty CBD na naszej stronie internetowej Iguana Smoke. Szybka i bezp\u0142atna wysy\u0142ka od 40 \u20ac.","robots":{"index":"index","follow":"follow","max-snippet":"max-snippet:-1","max-image-preview":"max-image-preview:large","max-video-preview":"max-video-preview:-1"},"canonical":"https:\/\/iguanasmoke.com\/pl\/product-2\/astra-konopna-guma-do-zucia-cannabis-mieta-pieprzowa\/","og_locale":"pl_PL","og_type":"article","og_title":"Astra Hemp Chicle Cannabis Peppermint","og_description":"Ingredientes:   100% Legal para el consumo en la Uni\u00f3n Europea (UE)  SIN THC (0 % THC) - Sin efectos narc\u00f3ticos  Fabricado en la UE  Contenido: Caja de 17 piezas (24 g)  Sin az\u00facar  Ingredientes: Edulcorantes: sorbitol (E420), isomalt (E953), jarabe de maltitol (E965), acesulfamo K (E950), sucralosa (E955); goma base (contiene lecitina de soja), aromas, humectante: glicerol (E422); espesante: goma ar\u00e1biga (E414); aceite de c\u00e1\u00f1amo (0,21%), almid\u00f3n de arroz, colorante (E141ii), agente de recubrimiento: cera carnauba (E903), antioxidante (E321)","og_url":"https:\/\/iguanasmoke.com\/pl\/product-2\/astra-konopna-guma-do-zucia-cannabis-mieta-pieprzowa\/","og_site_name":"Iguana Smoke","article_publisher":"https:\/\/www.facebook.com\/iguanasmoke","article_modified_time":"2026-03-15T20:29:48+00:00","og_image":[{"width":500,"height":500,"url":"https:\/\/i0.wp.com\/iguanasmoke.com\/wp-content\/uploads\/2024\/06\/chicle-pepper-webp.webp?fit=500%2C500&ssl=1","type":"image\/webp"}],"twitter_card":"summary_large_image","twitter_misc":{"Cena":"3,95&nbsp;&euro;","Dost\u0119pno\u015b\u0107":"Dost\u0119pny"},"schema":{"@context":"https:\/\/schema.org","@graph":[{"@type":"WebPage","@id":"https:\/\/iguanasmoke.com\/it\/prodotto\/astra-hemp-chicle-cannabis-peppermint\/","url":"https:\/\/iguanasmoke.com\/it\/prodotto\/astra-hemp-chicle-cannabis-peppermint\/","name":"Guma do \u017cucia Astra Hemp Cannabis Peppermint | Iguana Smoke","isPartOf":{"@id":"https:\/\/iguanasmoke.com\/#website"},"primaryImageOfPage":{"@id":"https:\/\/iguanasmoke.com\/it\/prodotto\/astra-hemp-chicle-cannabis-peppermint\/#primaryimage"},"image":{"@id":"https:\/\/iguanasmoke.com\/it\/prodotto\/astra-hemp-chicle-cannabis-peppermint\/#primaryimage"},"thumbnailUrl":"https:\/\/iguanasmoke.com\/wp-content\/uploads\/2024\/06\/chicle-pepper-webp.webp","datePublished":"2024-06-12T17:02:28+00:00","dateModified":"2026-03-15T20:29:48+00:00","description":"Kup gum\u0119 Cannabis Peppermint bez dodatk\u00f3w i odkryj produkty CBD na naszej stronie internetowej Iguana Smoke. Szybka i bezp\u0142atna wysy\u0142ka od 40 \u20ac.","breadcrumb":{"@id":"https:\/\/iguanasmoke.com\/it\/prodotto\/astra-hemp-chicle-cannabis-peppermint\/#breadcrumb"},"inLanguage":"pl-PL","potentialAction":[{"@type":"ReadAction","target":["https:\/\/iguanasmoke.com\/it\/prodotto\/astra-hemp-chicle-cannabis-peppermint\/"]}]},{"@type":"ImageObject","inLanguage":"pl-PL","@id":"https:\/\/iguanasmoke.com\/it\/prodotto\/astra-hemp-chicle-cannabis-peppermint\/#primaryimage","url":"https:\/\/iguanasmoke.com\/wp-content\/uploads\/2024\/06\/chicle-pepper-webp.webp","contentUrl":"https:\/\/iguanasmoke.com\/wp-content\/uploads\/2024\/06\/chicle-pepper-webp.webp","width":500,"height":500,"caption":"chicles astra hemp peppermint"},{"@type":"BreadcrumbList","@id":"https:\/\/iguanasmoke.com\/it\/prodotto\/astra-hemp-chicle-cannabis-peppermint\/#breadcrumb","itemListElement":[{"@type":"ListItem","position":1,"name":"home","item":"https:\/\/iguanasmoke.com\/"},{"@type":"ListItem","position":2,"name":"Tienda","item":"https:\/\/iguanasmoke.com\/tienda\/"},{"@type":"ListItem","position":3,"name":"Mario's Market","item":"https:\/\/iguanasmoke.com\/categoria\/marios-market\/"},{"@type":"ListItem","position":4,"name":"Astra Hemp Chicle Cannabis Peppermint"}]},{"@type":"WebSite","@id":"https:\/\/iguanasmoke.com\/#website","url":"https:\/\/iguanasmoke.com\/","name":"Iguana Smoke","description":"Kup CBD online w najlepszej cenie","publisher":{"@id":"https:\/\/iguanasmoke.com\/#organization"},"potentialAction":[{"@type":"SearchAction","target":{"@type":"EntryPoint","urlTemplate":"https:\/\/iguanasmoke.com\/?s={search_term_string}"},"query-input":{"@type":"PropertyValueSpecification","valueRequired":true,"valueName":"search_term_string"}}],"inLanguage":"pl-PL"},{"@type":"Organization","@id":"https:\/\/iguanasmoke.com\/#organization","name":"Iguana Smoke","url":"https:\/\/iguanasmoke.com\/","logo":{"@type":"ImageObject","inLanguage":"pl-PL","@id":"https:\/\/iguanasmoke.com\/#\/schema\/logo\/image\/","url":"https:\/\/iguanasmoke.com\/wp-content\/uploads\/2025\/01\/logoiguana-favi-1.png","contentUrl":"https:\/\/iguanasmoke.com\/wp-content\/uploads\/2025\/01\/logoiguana-favi-1.png","width":512,"height":512,"caption":"Iguana Smoke"},"image":{"@id":"https:\/\/iguanasmoke.com\/#\/schema\/logo\/image\/"},"sameAs":["https:\/\/www.facebook.com\/iguanasmoke","https:\/\/www.instagram.com\/iguanasmoke\/"]}]},"product_brand":"simple","product_price_amount":"3.95","product_price_currency":"EUR","og_availability":"instock","product_availability":"instock","product_retailer_item_id":"AH-GUM-PEP","product_condition":"new"},"_links":{"self":[{"href":"https:\/\/iguanasmoke.com\/pl\/wp-json\/wp\/v2\/product\/35475","targetHints":{"allow":["GET"]}}],"collection":[{"href":"https:\/\/iguanasmoke.com\/pl\/wp-json\/wp\/v2\/product"}],"about":[{"href":"https:\/\/iguanasmoke.com\/pl\/wp-json\/wp\/v2\/types\/product"}],"replies":[{"embeddable":true,"href":"https:\/\/iguanasmoke.com\/pl\/wp-json\/wp\/v2\/comments?post=35475"}],"wp:featuredmedia":[{"embeddable":true,"href":"https:\/\/iguanasmoke.com\/pl\/wp-json\/wp\/v2\/media\/35477"}],"wp:attachment":[{"href":"https:\/\/iguanasmoke.com\/pl\/wp-json\/wp\/v2\/media?parent=35475"}],"wp:term":[{"taxonomy":"product_brand","embeddable":true,"href":"https:\/\/iguanasmoke.com\/pl\/wp-json\/wp\/v2\/product_brand?post=35475"},{"taxonomy":"product_cat","embeddable":true,"href":"https:\/\/iguanasmoke.com\/pl\/wp-json\/wp\/v2\/product_cat?post=35475"},{"taxonomy":"product_tag","embeddable":true,"href":"https:\/\/iguanasmoke.com\/pl\/wp-json\/wp\/v2\/product_tag?post=35475"}],"curies":[{"name":"wp","href":"https:\/\/api.w.org\/{rel}","templated":true}]}}