{"id":35737,"date":"2024-06-18T19:56:00","date_gmt":"2024-06-18T17:56:00","guid":{"rendered":"https:\/\/iguanasmoke.com\/?post_type=product&#038;p=35737"},"modified":"2026-03-09T17:24:11","modified_gmt":"2026-03-09T16:24:11","slug":"papel-de-liar-de-canamo-1-1-4-con-filtros-2","status":"publish","type":"product","link":"https:\/\/iguanasmoke.com\/pl\/producto\/papel-de-liar-de-canamo-1-1-4-con-filtros-2\/","title":{"rendered":"Papier do rolowania Hemp Japon Day 1.1\/4 z filtrami"},"content":{"rendered":"<h1><span style=\"font-weight: 400;\">Papel de liar de C\u00e1\u00f1amo &#8211; Japon Day 1.1\/4 con filtros<\/span><\/h1>\n<p>Papel de liar de c\u00e1\u00f1amo Japon Day, natural, fino y resistente, dise\u00f1ado para una combusti\u00f3n uniforme. Este papel es ideal para quienes buscan una experiencia m\u00e1s limpia y sostenible, con un dise\u00f1o de Jap\u00f3n de d\u00eda. Calidad Iguana Smoke: confiable, accesible y pensada para las nuevas generaciones. Cada librito incluye <strong data-start=\"297\" data-end=\"322\" data-is-only-node=\"\">32 niebielone arkusze i 32 filtry<\/strong>.<\/p>\n<p>&nbsp;<\/p>\n<h2><b>\u00bfD\u00f3nde comprar online tu Papel de liar de c\u00e1\u00f1amo Japon Day<\/b><b>?<\/b><\/h2>\n<p><span style=\"font-weight: 400;\">Przy <strong>Iguana Smoke<\/strong>, Naszym priorytetem jest jako\u015b\u0107 i przejrzysto\u015b\u0107 ka\u017cdego produktu.\u00a0<\/span><span style=\"font-weight: 400;\">To bezpieczne miejsce na zakupy <strong>bibu\u0142ka konopna online <\/strong>w Hiszpanii<strong>.<\/strong> Wszystkie nasze produkty s\u0105 zatwierdzone przez UE, co gwarantuje ich legalno\u015b\u0107 i bezpiecze\u0144stwo.\u00a0<\/span><\/p>\n<p><span style=\"font-weight: 400;\">Nie zapomnij wype\u0142ni\u0107 swojego papieru konopnego najlepszymi kwiatami, takimi jak nasze <strong><a href=\"https:\/\/iguanasmoke.com\/pl\/kategoria\/gotowy-do-pracy\/\">Gotowy do pracy<\/a><\/strong>. Odkryj r\u00f3wnie\u017c <\/span><span style=\"font-weight: 400;\">inne <strong>TOP produkty<\/strong> jako <a href=\"https:\/\/iguanasmoke.com\/pl\/kategoria\/pop-corn-cbd-cbd-male-paki-cbd-mini-paki-cbd\/\"><strong>Pop Corn - ma\u0142e p\u0105ki CBD<\/strong><\/a>. <\/span><\/p>\n<p><span style=\"font-weight: 400;\">Zestaw mo\u017cna uzupe\u0142ni\u0107 o<strong> <a href=\"https:\/\/iguanasmoke.com\/pl\/kategoria\/bandejas\/\">taca na k\u00f3\u0142kach<\/a><\/strong> oraz <strong><a href=\"https:\/\/iguanasmoke.com\/pl\/kategoria\/szlifierki\/\">praktyczny m\u0142ynek<\/a><\/strong>, wi\u0119c jeste\u015b gotowy, aby zacz\u0105\u0107 cieszy\u0107 si\u0119 bibu\u0142kami konopnymi. Zapoznaj si\u0119 z nasz\u0105 ofert\u0105 i znajd\u017a swoj\u0105 ulubion\u0105 bibu\u0142k\u0119 ju\u017c teraz.<\/span><span style=\"font-weight: 400;\">\u00a0<\/span><\/p>\n<p>Szybka dostawa, dok\u0142adna uwaga i sklep z dyskretnym i bezpiecznym opakowaniem, kt\u00f3ry idzie naprz\u00f3d, tylko po to, aby\u015b m\u00f3g\u0142 si\u0119 cieszy\u0107!<\/p>\n<p>&nbsp;<\/p>\n<h3><b>Iguana Smoke to synonim jako\u015bci i niezawodno\u015bci.<\/b><\/h3>\n<p><span style=\"font-weight: 400;\">W Iguana Smoke wierzymy, \u017ce korzystanie z CBD powinno by\u0107 bezpiecznym, dost\u0119pnym i przyjemnym do\u015bwiadczeniem. W\u0142a\u015bnie dlatego oferujemy wysokiej jako\u015bci produkty, w tym bibu\u0142ki konopne, kt\u00f3re \u0142\u0105cz\u0105 si\u0119 z nowym pokoleniem: lud\u017ami szukaj\u0105cymi nieskomplikowanego wellness, z autentycznymi i zaufanymi markami.\u00a0<\/span><\/p>\n<p>Innymi s\u0142owy, nasza misja jest jasna: dostarcza\u0107 najlepsze CBD w uczciwej cenie, ze spokojem wiedz\u0105c, \u017ce wybierasz certyfikowany, skuteczny, legalny produkt z konopi i 100%. Jeste\u015bmy w czo\u0142\u00f3wce produkt\u00f3w CBD. Obejmuje to nasze wysokiej jako\u015bci bibu\u0142ki konopne.<\/p>\n<p>Masz jakie\u015b pytania? Napisz do nas, a z przyjemno\u015bci\u0105 pomo\u017cemy Ci znale\u017a\u0107 odpowiedni produkt.<\/p>","protected":false},"excerpt":{"rendered":"<ul>\n<li>Naturalny papier konopny Liar Paper<\/li>\n<li>Dise\u00f1o japones de d\u00eda<\/li>\n<li>Rozmiar 1.1\/4<\/li>\n<li>Powolne i r\u00f3wnomierne spalanie<\/li>\n<li>32 papiery i 32 filtry kartonowe<\/li>\n<li>Kauczuk naturalny<\/li>\n<li>Bez barwnik\u00f3w, niebielone<\/li>\n<\/ul>","protected":false},"featured_media":35740,"comment_status":"open","ping_status":"closed","template":"","meta":{"_acf_changed":false,"site-sidebar-layout":"default","site-content-layout":"default","ast-site-content-layout":"default","site-content-style":"default","site-sidebar-style":"default","ast-global-header-display":"","ast-banner-title-visibility":"","ast-main-header-display":"","ast-hfb-above-header-display":"","ast-hfb-below-header-display":"","ast-hfb-mobile-header-display":"","site-post-title":"","ast-breadcrumbs-content":"","ast-featured-img":"","footer-sml-layout":"","theme-transparent-header-meta":"default","adv-header-id-meta":"","stick-header-meta":"","header-above-stick-meta":"","header-main-stick-meta":"","header-below-stick-meta":"","astra-migrate-meta-layouts":"set","ast-page-background-enabled":"default","ast-page-background-meta":{"desktop":{"background-color":"var(--ast-global-color-4)","background-image":"","background-repeat":"repeat","background-position":"center center","background-size":"auto","background-attachment":"scroll","background-type":"","background-media":"","overlay-type":"","overlay-color":"","overlay-opacity":"","overlay-gradient":""},"tablet":{"background-color":"","background-image":"","background-repeat":"repeat","background-position":"center center","background-size":"auto","background-attachment":"scroll","background-type":"","background-media":"","overlay-type":"","overlay-color":"","overlay-opacity":"","overlay-gradient":""},"mobile":{"background-color":"","background-image":"","background-repeat":"repeat","background-position":"center center","background-size":"auto","background-attachment":"scroll","background-type":"","background-media":"","overlay-type":"","overlay-color":"","overlay-opacity":"","overlay-gradient":""}},"ast-content-background-meta":{"desktop":{"background-color":"var(--ast-global-color-5)","background-image":"","background-repeat":"repeat","background-position":"center center","background-size":"auto","background-attachment":"scroll","background-type":"","background-media":"","overlay-type":"","overlay-color":"","overlay-opacity":"","overlay-gradient":""},"tablet":{"background-color":"var(--ast-global-color-5)","background-image":"","background-repeat":"repeat","background-position":"center center","background-size":"auto","background-attachment":"scroll","background-type":"","background-media":"","overlay-type":"","overlay-color":"","overlay-opacity":"","overlay-gradient":""},"mobile":{"background-color":"var(--ast-global-color-5)","background-image":"","background-repeat":"repeat","background-position":"center center","background-size":"auto","background-attachment":"scroll","background-type":"","background-media":"","overlay-type":"","overlay-color":"","overlay-opacity":"","overlay-gradient":""}}},"product_brand":[],"product_cat":[436,440,405],"product_tag":[],"class_list":{"0":"post-35737","1":"product","2":"type-product","3":"status-publish","4":"has-post-thumbnail","6":"product_cat-merchandise-de-iguana-smoke","7":"product_cat-papel-de-liar","8":"product_cat-ropa-y-accesorios","9":"desktop-align-center","10":"tablet-align-center","11":"mobile-align-center","13":"first","14":"instock","15":"taxable","16":"shipping-taxable","17":"purchasable","18":"product-type-simple"},"acf":[],"yoast_head":"<!-- This site is optimized with the Yoast SEO Premium plugin v27.3 (Yoast SEO v27.3) - https:\/\/yoast.com\/product\/yoast-seo-premium-wordpress\/ -->\n<title>Papel de liar de c\u00e1\u00f1amo Japon Day 1.1\/4 con filtros | Iguana Smoke<\/title>\n<meta name=\"description\" content=\"Compra Papel de liar de c\u00e1\u00f1amo Japon Day 1.1\/4 con filtros al mejor precio y con una calidad inigualable en Iguana Smoke.\" \/>\n<meta name=\"robots\" content=\"index, follow, max-snippet:-1, max-image-preview:large, max-video-preview:-1\" \/>\n<link rel=\"canonical\" href=\"https:\/\/iguanasmoke.com\/pl\/product-2\/papel-de-liar-de-canamo-1-1-4-con-filtros-2\/\" \/>\n<meta property=\"og:locale\" content=\"pl_PL\" \/>\n<meta property=\"og:type\" content=\"article\" \/>\n<meta property=\"og:title\" content=\"Papel de liar de C\u00e1\u00f1amo Japon Day 1.1\/4 con filtros\" \/>\n<meta property=\"og:description\" content=\"Papel de Liar de C\u00e1\u00f1amo Natural  Dise\u00f1o japones de d\u00eda  Tama\u00f1o 1.1\/4  Quemado lento y uniforme  32 papeles y 32 filtros de cart\u00f3n  Goma Natural  Sin colorantes, sin blanquear\" \/>\n<meta property=\"og:url\" content=\"https:\/\/iguanasmoke.com\/pl\/product-2\/papel-de-liar-de-canamo-1-1-4-con-filtros-2\/\" \/>\n<meta property=\"og:site_name\" content=\"Iguana Smoke\" \/>\n<meta property=\"article:publisher\" content=\"https:\/\/www.facebook.com\/iguanasmoke\" \/>\n<meta property=\"article:modified_time\" content=\"2026-03-09T16:24:11+00:00\" \/>\n<meta property=\"og:image\" content=\"https:\/\/iguanasmoke.com\/wp-content\/uploads\/2024\/06\/Papel-de-liar-1-1_4-2-webp-1.webp\" \/>\n\t<meta property=\"og:image:width\" content=\"500\" \/>\n\t<meta property=\"og:image:height\" content=\"500\" \/>\n\t<meta property=\"og:image:type\" content=\"image\/webp\" \/>\n<meta name=\"twitter:card\" content=\"summary_large_image\" \/>\n<meta name=\"twitter:label1\" content=\"Cena\" \/>\n\t<meta name=\"twitter:data1\" content=\"1,50&nbsp;&euro;\" \/>\n\t<meta name=\"twitter:label2\" content=\"Dost\u0119pno\u015b\u0107\" \/>\n\t<meta name=\"twitter:data2\" content=\"Dost\u0119pny\" \/>\n<meta property=\"product:brand\" content=\"simple\" \/>\n<meta property=\"product:price:amount\" content=\"1.50\" \/>\n<meta property=\"product:price:currency\" content=\"EUR\" \/>\n<meta property=\"og:availability\" content=\"instock\" \/>\n<meta property=\"product:availability\" content=\"instock\" \/>\n<meta property=\"product:retailer_item_id\" content=\"IS-PAPELJAPONDAY-32\" \/>\n<meta property=\"product:condition\" content=\"new\" \/>\n<!-- \/ Yoast SEO Premium plugin. -->","yoast_head_json":{"title":"Papel de liar de c\u00e1\u00f1amo Japon Day 1.1\/4 con filtros | Iguana Smoke","description":"Compra Papel de liar de c\u00e1\u00f1amo Japon Day 1.1\/4 con filtros al mejor precio y con una calidad inigualable en Iguana Smoke.","robots":{"index":"index","follow":"follow","max-snippet":"max-snippet:-1","max-image-preview":"max-image-preview:large","max-video-preview":"max-video-preview:-1"},"canonical":"https:\/\/iguanasmoke.com\/pl\/product-2\/papel-de-liar-de-canamo-1-1-4-con-filtros-2\/","og_locale":"pl_PL","og_type":"article","og_title":"Papel de liar de C\u00e1\u00f1amo Japon Day 1.1\/4 con filtros","og_description":"Papel de Liar de C\u00e1\u00f1amo Natural  Dise\u00f1o japones de d\u00eda  Tama\u00f1o 1.1\/4  Quemado lento y uniforme  32 papeles y 32 filtros de cart\u00f3n  Goma Natural  Sin colorantes, sin blanquear","og_url":"https:\/\/iguanasmoke.com\/pl\/product-2\/papel-de-liar-de-canamo-1-1-4-con-filtros-2\/","og_site_name":"Iguana Smoke","article_publisher":"https:\/\/www.facebook.com\/iguanasmoke","article_modified_time":"2026-03-09T16:24:11+00:00","og_image":[{"width":500,"height":500,"url":"https:\/\/iguanasmoke.com\/wp-content\/uploads\/2024\/06\/Papel-de-liar-1-1_4-2-webp-1.webp","type":"image\/webp"}],"twitter_card":"summary_large_image","twitter_misc":{"Cena":"1,50&nbsp;&euro;","Dost\u0119pno\u015b\u0107":"Dost\u0119pny"},"schema":{"@context":"https:\/\/schema.org","@graph":[{"@type":"WebPage","@id":"https:\/\/iguanasmoke.com\/producto\/papel-de-liar-de-canamo-1-1-4-con-filtros-2\/","url":"https:\/\/iguanasmoke.com\/producto\/papel-de-liar-de-canamo-1-1-4-con-filtros-2\/","name":"Papel de liar de c\u00e1\u00f1amo Japon Day 1.1\/4 con filtros | Iguana Smoke","isPartOf":{"@id":"https:\/\/iguanasmoke.com\/#website"},"primaryImageOfPage":{"@id":"https:\/\/iguanasmoke.com\/producto\/papel-de-liar-de-canamo-1-1-4-con-filtros-2\/#primaryimage"},"image":{"@id":"https:\/\/iguanasmoke.com\/producto\/papel-de-liar-de-canamo-1-1-4-con-filtros-2\/#primaryimage"},"thumbnailUrl":"https:\/\/iguanasmoke.com\/wp-content\/uploads\/2024\/06\/Papel-de-liar-1-1_4-2-webp-1.webp","datePublished":"2024-06-18T17:56:00+00:00","dateModified":"2026-03-09T16:24:11+00:00","description":"Compra Papel de liar de c\u00e1\u00f1amo Japon Day 1.1\/4 con filtros al mejor precio y con una calidad inigualable en Iguana Smoke.","breadcrumb":{"@id":"https:\/\/iguanasmoke.com\/producto\/papel-de-liar-de-canamo-1-1-4-con-filtros-2\/#breadcrumb"},"inLanguage":"pl-PL","potentialAction":[{"@type":"ReadAction","target":["https:\/\/iguanasmoke.com\/producto\/papel-de-liar-de-canamo-1-1-4-con-filtros-2\/"]}]},{"@type":"ImageObject","inLanguage":"pl-PL","@id":"https:\/\/iguanasmoke.com\/producto\/papel-de-liar-de-canamo-1-1-4-con-filtros-2\/#primaryimage","url":"https:\/\/iguanasmoke.com\/wp-content\/uploads\/2024\/06\/Papel-de-liar-1-1_4-2-webp-1.webp","contentUrl":"https:\/\/iguanasmoke.com\/wp-content\/uploads\/2024\/06\/Papel-de-liar-1-1_4-2-webp-1.webp","width":500,"height":500,"caption":"papel de japan day 1\/4"},{"@type":"BreadcrumbList","@id":"https:\/\/iguanasmoke.com\/producto\/papel-de-liar-de-canamo-1-1-4-con-filtros-2\/#breadcrumb","itemListElement":[{"@type":"ListItem","position":1,"name":"home","item":"https:\/\/iguanasmoke.com\/"},{"@type":"ListItem","position":2,"name":"Tienda","item":"https:\/\/iguanasmoke.com\/tienda\/"},{"@type":"ListItem","position":3,"name":"Papel de Liar de C\u00e1\u00f1amo","item":"https:\/\/iguanasmoke.com\/categoria\/papel-de-liar\/"},{"@type":"ListItem","position":4,"name":"Papel de liar de C\u00e1\u00f1amo Japon Day 1.1\/4 con filtros"}]},{"@type":"WebSite","@id":"https:\/\/iguanasmoke.com\/#website","url":"https:\/\/iguanasmoke.com\/","name":"Iguana Smoke","description":"Kup CBD online w najlepszej cenie","publisher":{"@id":"https:\/\/iguanasmoke.com\/#organization"},"potentialAction":[{"@type":"SearchAction","target":{"@type":"EntryPoint","urlTemplate":"https:\/\/iguanasmoke.com\/?s={search_term_string}"},"query-input":{"@type":"PropertyValueSpecification","valueRequired":true,"valueName":"search_term_string"}}],"inLanguage":"pl-PL"},{"@type":"Organization","@id":"https:\/\/iguanasmoke.com\/#organization","name":"Iguana Smoke","url":"https:\/\/iguanasmoke.com\/","logo":{"@type":"ImageObject","inLanguage":"pl-PL","@id":"https:\/\/iguanasmoke.com\/#\/schema\/logo\/image\/","url":"https:\/\/iguanasmoke.com\/wp-content\/uploads\/2025\/01\/logoiguana-favi-1.png","contentUrl":"https:\/\/iguanasmoke.com\/wp-content\/uploads\/2025\/01\/logoiguana-favi-1.png","width":512,"height":512,"caption":"Iguana Smoke"},"image":{"@id":"https:\/\/iguanasmoke.com\/#\/schema\/logo\/image\/"},"sameAs":["https:\/\/www.facebook.com\/iguanasmoke","https:\/\/www.instagram.com\/iguanasmoke\/"]}]},"product_brand":"simple","product_price_amount":"1.50","product_price_currency":"EUR","og_availability":"instock","product_availability":"instock","product_retailer_item_id":"IS-PAPELJAPONDAY-32","product_condition":"new"},"_links":{"self":[{"href":"https:\/\/iguanasmoke.com\/pl\/wp-json\/wp\/v2\/product\/35737","targetHints":{"allow":["GET"]}}],"collection":[{"href":"https:\/\/iguanasmoke.com\/pl\/wp-json\/wp\/v2\/product"}],"about":[{"href":"https:\/\/iguanasmoke.com\/pl\/wp-json\/wp\/v2\/types\/product"}],"replies":[{"embeddable":true,"href":"https:\/\/iguanasmoke.com\/pl\/wp-json\/wp\/v2\/comments?post=35737"}],"wp:featuredmedia":[{"embeddable":true,"href":"https:\/\/iguanasmoke.com\/pl\/wp-json\/wp\/v2\/media\/35740"}],"wp:attachment":[{"href":"https:\/\/iguanasmoke.com\/pl\/wp-json\/wp\/v2\/media?parent=35737"}],"wp:term":[{"taxonomy":"product_brand","embeddable":true,"href":"https:\/\/iguanasmoke.com\/pl\/wp-json\/wp\/v2\/product_brand?post=35737"},{"taxonomy":"product_cat","embeddable":true,"href":"https:\/\/iguanasmoke.com\/pl\/wp-json\/wp\/v2\/product_cat?post=35737"},{"taxonomy":"product_tag","embeddable":true,"href":"https:\/\/iguanasmoke.com\/pl\/wp-json\/wp\/v2\/product_tag?post=35737"}],"curies":[{"name":"wp","href":"https:\/\/api.w.org\/{rel}","templated":true}]}}